{"id":406,"date":"2025-11-25T14:18:30","date_gmt":"2025-11-25T14:18:30","guid":{"rendered":"https:\/\/kuuloasi.fi\/?page_id=406"},"modified":"2026-01-21T19:43:13","modified_gmt":"2026-01-21T19:43:13","slug":"tietopankki","status":"publish","type":"page","link":"https:\/\/kuuloasi.fi\/sv\/tietopankki\/","title":{"rendered":"Kunskapsbas"},"content":{"rendered":"<div data-elementor-type=\"wp-page\" data-elementor-id=\"406\" class=\"elementor elementor-406\" data-elementor-post-type=\"page\">\n\t\t\t\t<div data-particle_enable=\"false\" data-particle-mobile-disabled=\"false\" class=\"elementor-element elementor-element-bad67c9 e-con-full e-flex e-con e-parent\" data-id=\"bad67c9\" data-element_type=\"container\" data-e-type=\"container\">\n\t\t\t\t<div class=\"elementor-element elementor-element-d36d217 elementor-widget elementor-widget-heading\" data-id=\"d36d217\" data-element_type=\"widget\" data-e-type=\"widget\" data-widget_type=\"heading.default\">\n\t\t\t\t\t<h2 class=\"elementor-heading-title elementor-size-default\">Kunskapsbas<\/h2>\t\t\t\t<\/div>\n\t\t\t\t<div class=\"elementor-element elementor-element-31733ca elementor-widget__width-initial elementor-widget elementor-widget-text-editor\" data-id=\"31733ca\" data-element_type=\"widget\" data-e-type=\"widget\" data-widget_type=\"text-editor.default\">\n\t\t\t\t\t\t\t\t\t<div class=\"BannerTextContent\"><p>Med noggrann och regelbunden sk\u00f6tsel av din h\u00f6rapparat kommer \u00e4ven den ljusaste sopran och den m\u00f6rkaste tenor att sticka ut! F\u00f6rutom operaf\u00f6rest\u00e4llningar kommer underh\u00e5ll av dina h\u00f6rapparater att f\u00f6rl\u00e4nga h\u00f6rapparatens livsl\u00e4ngd och f\u00f6rb\u00e4ttra din lyssningsupplevelse. P\u00e5 den h\u00e4r sidan hittar du tips om hur du tar hand om och underh\u00e5ller dina h\u00f6rapparater.<\/p><\/div>\t\t\t\t\t\t\t\t<\/div>\n\t\t\t\t<div class=\"elementor-element elementor-element-e151dde elementor-grid-4 elementor-grid-tablet-2 elementor-grid-mobile-1 elementor-posts--thumbnail-top elementor-widget elementor-widget-posts\" data-id=\"e151dde\" data-element_type=\"widget\" data-e-type=\"widget\" data-settings=\"{&quot;classic_row_gap&quot;:{&quot;unit&quot;:&quot;px&quot;,&quot;size&quot;:20,&quot;sizes&quot;:[]},&quot;classic_columns&quot;:&quot;4&quot;,&quot;classic_columns_tablet&quot;:&quot;2&quot;,&quot;classic_columns_mobile&quot;:&quot;1&quot;,&quot;classic_row_gap_laptop&quot;:{&quot;unit&quot;:&quot;px&quot;,&quot;size&quot;:&quot;&quot;,&quot;sizes&quot;:[]},&quot;classic_row_gap_tablet&quot;:{&quot;unit&quot;:&quot;px&quot;,&quot;size&quot;:&quot;&quot;,&quot;sizes&quot;:[]},&quot;classic_row_gap_mobile&quot;:{&quot;unit&quot;:&quot;px&quot;,&quot;size&quot;:&quot;&quot;,&quot;sizes&quot;:[]}}\" data-widget_type=\"posts.classic\">\n\t\t\t\t<div class=\"elementor-widget-container\">\n\t\t\t\t\t\t\t<div class=\"elementor-posts-container elementor-posts elementor-posts--skin-classic elementor-grid\" role=\"list\">\n\t\t\t\t<article class=\"elementor-post elementor-grid-item post-1925 post type-post status-publish format-standard has-post-thumbnail hentry category-tietopankki\" role=\"listitem\">\n\t\t\t\t<a class=\"elementor-post__thumbnail__link\" href=\"https:\/\/kuuloasi.fi\/sv\/2026\/03\/avainlippumerkki\/\" tabindex=\"-1\" >\n\t\t\t<div class=\"elementor-post__thumbnail\"><img fetchpriority=\"high\" decoding=\"async\" width=\"768\" height=\"745\" src=\"https:\/\/kuuloasi.fi\/wp-content\/uploads\/2026\/03\/Avainlippu-768x745.png\" class=\"attachment-medium_large size-medium_large wp-image-1930\" alt=\"\" srcset=\"https:\/\/kuuloasi.fi\/wp-content\/uploads\/2026\/03\/Avainlippu-768x745.png 768w, https:\/\/kuuloasi.fi\/wp-content\/uploads\/2026\/03\/Avainlippu-300x291.png 300w, https:\/\/kuuloasi.fi\/wp-content\/uploads\/2026\/03\/Avainlippu-1024x993.png 1024w, https:\/\/kuuloasi.fi\/wp-content\/uploads\/2026\/03\/Avainlippu-12x12.png 12w, https:\/\/kuuloasi.fi\/wp-content\/uploads\/2026\/03\/Avainlippu-512x497.png 512w, https:\/\/kuuloasi.fi\/wp-content\/uploads\/2026\/03\/Avainlippu.png 1204w\" sizes=\"(max-width: 768px) 100vw, 768px\" \/><\/div>\n\t\t<\/a>\n\t\t\t\t<div class=\"elementor-post__text\">\n\t\t\t\t<h3 class=\"elementor-post__title\">\n\t\t\t<a href=\"https:\/\/kuuloasi.fi\/sv\/2026\/03\/avainlippumerkki\/\" >\n\t\t\t\tKuuloasi.fi och Key Ticket\t\t\t<\/a>\n\t\t<\/h3>\n\t\t\t\t<div class=\"elementor-post__meta-data\">\n\t\t\t\t\t<span class=\"elementor-post-date\">\n\t\t\t2 mars 2026\t\t<\/span>\n\t\t\t\t<\/div>\n\t\t\t\t<div class=\"elementor-post__excerpt\">\n\t\t\t<p>Nyckelflaggan \u00e4r ett finskt registrerat ursprungsvarum\u00e4rke som beviljats av F\u00f6rbundet f\u00f6r Finl\u00e4ndskt Arbete (STL) och som symboliserar finl\u00e4ndsk tillverkning och syssels\u00e4ttning.  Nyckelns flaggm\u00e4rke<\/p>\n\t\t<\/div>\n\t\t\t\t\t<div class=\"elementor-post__read-more-wrapper\">\n\t\t\n\t\t<a class=\"elementor-post__read-more\" href=\"https:\/\/kuuloasi.fi\/sv\/2026\/03\/avainlippumerkki\/\" aria-label=\"L\u00e4s mer om Kuuloasi.fi och Key Ticket\" tabindex=\"-1\" >\n\t\t\t. . . L\u00e4s mer\t\t<\/a>\n\n\t\t\t\t\t<\/div>\n\t\t\t\t<\/div>\n\t\t\t\t<\/article>\n\t\t\t\t<article class=\"elementor-post elementor-grid-item post-387 post type-post status-publish format-standard has-post-thumbnail hentry category-tietopankki tag-apuvalinepalvelu tag-kuulostudio tag-yhteistyokumppani\" role=\"listitem\">\n\t\t\t\t<a class=\"elementor-post__thumbnail__link\" href=\"https:\/\/kuuloasi.fi\/sv\/2025\/11\/yhteistyokumppanimme\/\" tabindex=\"-1\" >\n\t\t\t<div class=\"elementor-post__thumbnail\"><img decoding=\"async\" width=\"512\" height=\"512\" src=\"https:\/\/kuuloasi.fi\/wp-content\/uploads\/2025\/10\/cropped-Kuuloasi_favicon.png\" class=\"attachment-medium_large size-medium_large wp-image-123\" alt=\"\" srcset=\"https:\/\/kuuloasi.fi\/wp-content\/uploads\/2025\/10\/cropped-Kuuloasi_favicon.png 512w, https:\/\/kuuloasi.fi\/wp-content\/uploads\/2025\/10\/cropped-Kuuloasi_favicon-300x300.png 300w, https:\/\/kuuloasi.fi\/wp-content\/uploads\/2025\/10\/cropped-Kuuloasi_favicon-150x150.png 150w, https:\/\/kuuloasi.fi\/wp-content\/uploads\/2025\/10\/cropped-Kuuloasi_favicon-100x100.png 100w, https:\/\/kuuloasi.fi\/wp-content\/uploads\/2025\/10\/cropped-Kuuloasi_favicon-270x270.png 270w, https:\/\/kuuloasi.fi\/wp-content\/uploads\/2025\/10\/cropped-Kuuloasi_favicon-192x192.png 192w, https:\/\/kuuloasi.fi\/wp-content\/uploads\/2025\/10\/cropped-Kuuloasi_favicon-180x180.png 180w, https:\/\/kuuloasi.fi\/wp-content\/uploads\/2025\/10\/cropped-Kuuloasi_favicon-32x32.png 32w\" sizes=\"(max-width: 512px) 100vw, 512px\" \/><\/div>\n\t\t<\/a>\n\t\t\t\t<div class=\"elementor-post__text\">\n\t\t\t\t<h3 class=\"elementor-post__title\">\n\t\t\t<a href=\"https:\/\/kuuloasi.fi\/sv\/2025\/11\/yhteistyokumppanimme\/\" >\n\t\t\t\tV\u00e5ra samarbetspartners\t\t\t<\/a>\n\t\t<\/h3>\n\t\t\t\t<div class=\"elementor-post__meta-data\">\n\t\t\t\t\t<span class=\"elementor-post-date\">\n\t\t\t25 november 2025\t\t<\/span>\n\t\t\t\t<\/div>\n\t\t\t\t<div class=\"elementor-post__excerpt\">\n\t\t\t<p>H\u00f6rsel- och hj\u00e4lpmedelsteknik Vanda Silkkitehtaantie 5 C, 2 v\u00e5ningen, 01300 Vanda Telelin 045 232 7570 Business ID 2235743-0 www.kuulojaapuvalinepalvelu.fi<\/p>\n\t\t<\/div>\n\t\t\t\t\t<div class=\"elementor-post__read-more-wrapper\">\n\t\t\n\t\t<a class=\"elementor-post__read-more\" href=\"https:\/\/kuuloasi.fi\/sv\/2025\/11\/yhteistyokumppanimme\/\" aria-label=\"L\u00e4s mer om v\u00e5ra samarbetspartners\" tabindex=\"-1\" >\n\t\t\t. . . L\u00e4s mer\t\t<\/a>\n\n\t\t\t\t\t<\/div>\n\t\t\t\t<\/div>\n\t\t\t\t<\/article>\n\t\t\t\t<article class=\"elementor-post elementor-grid-item post-384 post type-post status-publish format-standard has-post-thumbnail hentry category-tietopankki tag-kuulokojeen-huoltaminen tag-kuulokojeen-puhdistus tag-kuulolaitteen-huolto\" role=\"listitem\">\n\t\t\t\t<a class=\"elementor-post__thumbnail__link\" href=\"https:\/\/kuuloasi.fi\/sv\/2025\/11\/vinkkeja-kuulolaitteen-puhdistukseen\/\" tabindex=\"-1\" >\n\t\t\t<div class=\"elementor-post__thumbnail\"><img decoding=\"async\" width=\"500\" height=\"500\" src=\"https:\/\/kuuloasi.fi\/wp-content\/uploads\/2025\/11\/82400_eT2-500x500_ml.jpg\" class=\"attachment-medium_large size-medium_large wp-image-385\" alt=\"\" srcset=\"https:\/\/kuuloasi.fi\/wp-content\/uploads\/2025\/11\/82400_eT2-500x500_ml.jpg 500w, https:\/\/kuuloasi.fi\/wp-content\/uploads\/2025\/11\/82400_eT2-500x500_ml-300x300.jpg 300w, https:\/\/kuuloasi.fi\/wp-content\/uploads\/2025\/11\/82400_eT2-500x500_ml-150x150.jpg 150w, https:\/\/kuuloasi.fi\/wp-content\/uploads\/2025\/11\/82400_eT2-500x500_ml-100x100.jpg 100w\" sizes=\"(max-width: 500px) 100vw, 500px\" \/><\/div>\n\t\t<\/a>\n\t\t\t\t<div class=\"elementor-post__text\">\n\t\t\t\t<h3 class=\"elementor-post__title\">\n\t\t\t<a href=\"https:\/\/kuuloasi.fi\/sv\/2025\/11\/vinkkeja-kuulolaitteen-puhdistukseen\/\" >\n\t\t\t\tTips f\u00f6r reng\u00f6ring av din h\u00f6rapparat\t\t\t<\/a>\n\t\t<\/h3>\n\t\t\t\t<div class=\"elementor-post__meta-data\">\n\t\t\t\t\t<span class=\"elementor-post-date\">\n\t\t\t25 november 2025\t\t<\/span>\n\t\t\t\t<\/div>\n\t\t\t\t<div class=\"elementor-post__excerpt\">\n\t\t\t<p>H\u00f6rselhj\u00e4lpmedelsreng\u00f6ring \u00e4r en viktig del av h\u00f6rselhj\u00e4lpmedelsunderh\u00e5ll och sk\u00f6tsel. H\u00f6rselhj\u00e4lpmedelssortimentet inkluderar olika Cedisin-hj\u00e4lpmedel avsedda f\u00f6r reng\u00f6ring av h\u00f6rselhj\u00e4lpmedel, vilka<\/p>\n\t\t<\/div>\n\t\t\t\t\t<div class=\"elementor-post__read-more-wrapper\">\n\t\t\n\t\t<a class=\"elementor-post__read-more\" href=\"https:\/\/kuuloasi.fi\/sv\/2025\/11\/vinkkeja-kuulolaitteen-puhdistukseen\/\" aria-label=\"L\u00e4s mer om Tips f\u00f6r reng\u00f6ring av h\u00f6rapparater\" tabindex=\"-1\" >\n\t\t\t. . . L\u00e4s mer\t\t<\/a>\n\n\t\t\t\t\t<\/div>\n\t\t\t\t<\/div>\n\t\t\t\t<\/article>\n\t\t\t\t<article class=\"elementor-post elementor-grid-item post-382 post type-post status-publish format-standard has-post-thumbnail hentry category-tietopankki tag-avoin-tippi tag-kuulokojeen-tippit tag-kuulolaitteen-huolto tag-suljettu-tippi tag-tippi\" role=\"listitem\">\n\t\t\t\t<a class=\"elementor-post__thumbnail__link\" href=\"https:\/\/kuuloasi.fi\/sv\/2025\/11\/kuulolaitteiden-tipit\/\" tabindex=\"-1\" >\n\t\t\t<div class=\"elementor-post__thumbnail\"><img loading=\"lazy\" decoding=\"async\" width=\"500\" height=\"500\" src=\"https:\/\/kuuloasi.fi\/wp-content\/uploads\/2025\/11\/Marvel-m-power-500x500_ml.png\" class=\"attachment-medium_large size-medium_large wp-image-358\" alt=\"\" srcset=\"https:\/\/kuuloasi.fi\/wp-content\/uploads\/2025\/11\/Marvel-m-power-500x500_ml.png 500w, https:\/\/kuuloasi.fi\/wp-content\/uploads\/2025\/11\/Marvel-m-power-500x500_ml-300x300.png 300w, https:\/\/kuuloasi.fi\/wp-content\/uploads\/2025\/11\/Marvel-m-power-500x500_ml-150x150.png 150w, https:\/\/kuuloasi.fi\/wp-content\/uploads\/2025\/11\/Marvel-m-power-500x500_ml-100x100.png 100w\" sizes=\"(max-width: 500px) 100vw, 500px\" \/><\/div>\n\t\t<\/a>\n\t\t\t\t<div class=\"elementor-post__text\">\n\t\t\t\t<h3 class=\"elementor-post__title\">\n\t\t\t<a href=\"https:\/\/kuuloasi.fi\/sv\/2025\/11\/kuulolaitteiden-tipit\/\" >\n\t\t\t\tTips om h\u00f6rapparater\t\t\t<\/a>\n\t\t<\/h3>\n\t\t\t\t<div class=\"elementor-post__meta-data\">\n\t\t\t\t\t<span class=\"elementor-post-date\">\n\t\t\t25 november 2025\t\t<\/span>\n\t\t\t\t<\/div>\n\t\t\t\t<div class=\"elementor-post__excerpt\">\n\t\t\t<p>H\u00f6rapparatspetsen \u00e4r en eng\u00e5ngsh\u00f6rsn\u00e4cka som hj\u00e4lper h\u00f6rapparaten att sitta bekv\u00e4mt i \u00f6rat. Spetsen s\u00e4tts antingen in i apparatens tunna r\u00f6r eller<\/p>\n\t\t<\/div>\n\t\t\t\t\t<div class=\"elementor-post__read-more-wrapper\">\n\t\t\n\t\t<a class=\"elementor-post__read-more\" href=\"https:\/\/kuuloasi.fi\/sv\/2025\/11\/kuulolaitteiden-tipit\/\" aria-label=\"L\u00e4s mer om Tips om h\u00f6rapparater\" tabindex=\"-1\" >\n\t\t\t. . . L\u00e4s mer\t\t<\/a>\n\n\t\t\t\t\t<\/div>\n\t\t\t\t<\/div>\n\t\t\t\t<\/article>\n\t\t\t\t<article class=\"elementor-post elementor-grid-item post-380 post type-post status-publish format-standard has-post-thumbnail hentry category-tietopankki tag-kuulokojeen-huoltaminen tag-kuulolaitteen-huolto tag-vahasuoja\" role=\"listitem\">\n\t\t\t\t<a class=\"elementor-post__thumbnail__link\" href=\"https:\/\/kuuloasi.fi\/sv\/2025\/11\/kuulolaitteiden-vahasuojat\/\" tabindex=\"-1\" >\n\t\t\t<div class=\"elementor-post__thumbnail\"><img loading=\"lazy\" decoding=\"async\" width=\"300\" height=\"300\" src=\"https:\/\/kuuloasi.fi\/wp-content\/uploads\/2025\/11\/cerustop-wax-guards.jpg\" class=\"attachment-medium_large size-medium_large wp-image-357\" alt=\"\" srcset=\"https:\/\/kuuloasi.fi\/wp-content\/uploads\/2025\/11\/cerustop-wax-guards.jpg 300w, https:\/\/kuuloasi.fi\/wp-content\/uploads\/2025\/11\/cerustop-wax-guards-150x150.jpg 150w, https:\/\/kuuloasi.fi\/wp-content\/uploads\/2025\/11\/cerustop-wax-guards-100x100.jpg 100w\" sizes=\"(max-width: 300px) 100vw, 300px\" \/><\/div>\n\t\t<\/a>\n\t\t\t\t<div class=\"elementor-post__text\">\n\t\t\t\t<h3 class=\"elementor-post__title\">\n\t\t\t<a href=\"https:\/\/kuuloasi.fi\/sv\/2025\/11\/kuulolaitteiden-vahasuojat\/\" >\n\t\t\t\tVaxskydd f\u00f6r h\u00f6rapparater\t\t\t<\/a>\n\t\t<\/h3>\n\t\t\t\t<div class=\"elementor-post__meta-data\">\n\t\t\t\t\t<span class=\"elementor-post-date\">\n\t\t\t25 november 2025\t\t<\/span>\n\t\t\t\t<\/div>\n\t\t\t\t<div class=\"elementor-post__excerpt\">\n\t\t\t<p>H\u00f6rapparatens vaxskydd, som namnet antyder, hj\u00e4lper till att s\u00e4kerst\u00e4lla att enheten inte g\u00e5r s\u00f6nder p\u00e5 grund av vaxuppbyggnad i \u00f6rat. Vaxuppbyggnad i \u00f6rat \u00e4r<\/p>\n\t\t<\/div>\n\t\t\t\t\t<div class=\"elementor-post__read-more-wrapper\">\n\t\t\n\t\t<a class=\"elementor-post__read-more\" href=\"https:\/\/kuuloasi.fi\/sv\/2025\/11\/kuulolaitteiden-vahasuojat\/\" aria-label=\"L\u00e4s mer om vaxskydd f\u00f6r h\u00f6rapparater\" tabindex=\"-1\" >\n\t\t\t. . . L\u00e4s mer\t\t<\/a>\n\n\t\t\t\t\t<\/div>\n\t\t\t\t<\/div>\n\t\t\t\t<\/article>\n\t\t\t\t<article class=\"elementor-post elementor-grid-item post-377 post type-post status-publish format-standard has-post-thumbnail hentry category-tietopankki tag-kuulokoje tag-kuulokojeen-valiletku tag-kuulolaite tag-valiletku\" role=\"listitem\">\n\t\t\t\t<a class=\"elementor-post__thumbnail__link\" href=\"https:\/\/kuuloasi.fi\/sv\/2025\/11\/kuulokojeen-valiletku\/\" tabindex=\"-1\" >\n\t\t\t<div class=\"elementor-post__thumbnail\"><img loading=\"lazy\" decoding=\"async\" width=\"228\" height=\"228\" src=\"https:\/\/kuuloasi.fi\/wp-content\/uploads\/2025\/11\/vaeliletku-228x228-1.jpg\" class=\"attachment-medium_large size-medium_large wp-image-378\" alt=\"\" srcset=\"https:\/\/kuuloasi.fi\/wp-content\/uploads\/2025\/11\/vaeliletku-228x228-1.jpg 228w, https:\/\/kuuloasi.fi\/wp-content\/uploads\/2025\/11\/vaeliletku-228x228-1-150x150.jpg 150w, https:\/\/kuuloasi.fi\/wp-content\/uploads\/2025\/11\/vaeliletku-228x228-1-100x100.jpg 100w\" sizes=\"(max-width: 228px) 100vw, 228px\" \/><\/div>\n\t\t<\/a>\n\t\t\t\t<div class=\"elementor-post__text\">\n\t\t\t\t<h3 class=\"elementor-post__title\">\n\t\t\t<a href=\"https:\/\/kuuloasi.fi\/sv\/2025\/11\/kuulokojeen-valiletku\/\" >\n\t\t\t\tMellanr\u00f6r f\u00f6r h\u00f6rapparat\t\t\t<\/a>\n\t\t<\/h3>\n\t\t\t\t<div class=\"elementor-post__meta-data\">\n\t\t\t\t\t<span class=\"elementor-post-date\">\n\t\t\t25 november 2025\t\t<\/span>\n\t\t\t\t<\/div>\n\t\t\t\t<div class=\"elementor-post__excerpt\">\n\t\t\t<p>Om du regelbundet byter mellanslang till din h\u00f6rapparat h\u00e5ller du h\u00f6rapparaten ren och hygienisk. Vi har en 40 centimeter l\u00e5ng mellanslang som passar alla m\u00e4rken av h\u00f6rapparater.<\/p>\n\t\t<\/div>\n\t\t\t\t\t<div class=\"elementor-post__read-more-wrapper\">\n\t\t\n\t\t<a class=\"elementor-post__read-more\" href=\"https:\/\/kuuloasi.fi\/sv\/2025\/11\/kuulokojeen-valiletku\/\" aria-label=\"L\u00e4s mer om h\u00f6rselhj\u00e4lpmedlets mellanr\u00f6r\" tabindex=\"-1\" >\n\t\t\t. . . L\u00e4s mer\t\t<\/a>\n\n\t\t\t\t\t<\/div>\n\t\t\t\t<\/div>\n\t\t\t\t<\/article>\n\t\t\t\t<article class=\"elementor-post elementor-grid-item post-374 post type-post status-publish format-standard has-post-thumbnail hentry category-tietopankki tag-kuulokojeiden-paristot tag-kuulolaitteen-paristo tag-pariston-koko\" role=\"listitem\">\n\t\t\t\t<a class=\"elementor-post__thumbnail__link\" href=\"https:\/\/kuuloasi.fi\/sv\/2025\/11\/kuulolaitteiden-paristojen-koot\/\" tabindex=\"-1\" >\n\t\t\t<div class=\"elementor-post__thumbnail\"><img loading=\"lazy\" decoding=\"async\" width=\"493\" height=\"202\" src=\"https:\/\/kuuloasi.fi\/wp-content\/uploads\/2025\/11\/Duracell1.png\" class=\"attachment-medium_large size-medium_large wp-image-375\" alt=\"\" srcset=\"https:\/\/kuuloasi.fi\/wp-content\/uploads\/2025\/11\/Duracell1.png 493w, https:\/\/kuuloasi.fi\/wp-content\/uploads\/2025\/11\/Duracell1-300x123.png 300w\" sizes=\"(max-width: 493px) 100vw, 493px\" \/><\/div>\n\t\t<\/a>\n\t\t\t\t<div class=\"elementor-post__text\">\n\t\t\t\t<h3 class=\"elementor-post__title\">\n\t\t\t<a href=\"https:\/\/kuuloasi.fi\/sv\/2025\/11\/kuulolaitteiden-paristojen-koot\/\" >\n\t\t\t\tBatteristorlekar f\u00f6r h\u00f6rapparater\t\t\t<\/a>\n\t\t<\/h3>\n\t\t\t\t<div class=\"elementor-post__meta-data\">\n\t\t\t\t\t<span class=\"elementor-post-date\">\n\t\t\t25 november 2025\t\t<\/span>\n\t\t\t\t<\/div>\n\t\t\t\t<div class=\"elementor-post__excerpt\">\n\t\t\t<p>Det finns fyra olika storlekar p\u00e5 h\u00f6rapparatbatterier. Du kan hitta r\u00e4tt storlek f\u00f6r dig genom att titta p\u00e5 det aktuella batteriet i din h\u00f6rapparat, som har<\/p>\n\t\t<\/div>\n\t\t\t\t\t<div class=\"elementor-post__read-more-wrapper\">\n\t\t\n\t\t<a class=\"elementor-post__read-more\" href=\"https:\/\/kuuloasi.fi\/sv\/2025\/11\/kuulolaitteiden-paristojen-koot\/\" aria-label=\"L\u00e4s mer om h\u00f6rapparaternas batteristorlekar\" tabindex=\"-1\" >\n\t\t\t. . . L\u00e4s mer\t\t<\/a>\n\n\t\t\t\t\t<\/div>\n\t\t\t\t<\/div>\n\t\t\t\t<\/article>\n\t\t\t\t<article class=\"elementor-post elementor-grid-item post-372 post type-post status-publish format-standard has-post-thumbnail hentry category-tietopankki tag-kuulokojeiden-paristot tag-kuulolaitteen-patterit tag-paristot tag-patterit\" role=\"listitem\">\n\t\t\t\t<a class=\"elementor-post__thumbnail__link\" href=\"https:\/\/kuuloasi.fi\/sv\/2025\/11\/kuulokojeiden-paristot\/\" tabindex=\"-1\" >\n\t\t\t<div class=\"elementor-post__thumbnail\"><img loading=\"lazy\" decoding=\"async\" width=\"768\" height=\"768\" src=\"https:\/\/kuuloasi.fi\/wp-content\/uploads\/2025\/11\/Duracell-kuulokojeparisto-768x768.jpg\" class=\"attachment-medium_large size-medium_large wp-image-292\" alt=\"Kuulokojeen paristot\" srcset=\"https:\/\/kuuloasi.fi\/wp-content\/uploads\/2025\/11\/Duracell-kuulokojeparisto-768x768.jpg 768w, https:\/\/kuuloasi.fi\/wp-content\/uploads\/2025\/11\/Duracell-kuulokojeparisto-300x300.jpg 300w, https:\/\/kuuloasi.fi\/wp-content\/uploads\/2025\/11\/Duracell-kuulokojeparisto-150x150.jpg 150w, https:\/\/kuuloasi.fi\/wp-content\/uploads\/2025\/11\/Duracell-kuulokojeparisto-512x512.jpg 512w, https:\/\/kuuloasi.fi\/wp-content\/uploads\/2025\/11\/Duracell-kuulokojeparisto-100x100.jpg 100w, https:\/\/kuuloasi.fi\/wp-content\/uploads\/2025\/11\/Duracell-kuulokojeparisto.jpg 800w\" sizes=\"(max-width: 768px) 100vw, 768px\" \/><\/div>\n\t\t<\/a>\n\t\t\t\t<div class=\"elementor-post__text\">\n\t\t\t\t<h3 class=\"elementor-post__title\">\n\t\t\t<a href=\"https:\/\/kuuloasi.fi\/sv\/2025\/11\/kuulokojeiden-paristot\/\" >\n\t\t\t\tBatterier till h\u00f6rapparater\t\t\t<\/a>\n\t\t<\/h3>\n\t\t\t\t<div class=\"elementor-post__meta-data\">\n\t\t\t\t\t<span class=\"elementor-post-date\">\n\t\t\t25 november 2025\t\t<\/span>\n\t\t\t\t<\/div>\n\t\t\t\t<div class=\"elementor-post__excerpt\">\n\t\t\t<p>Under detta avsnitt hittar du r\u00e5d och tips om hur du anv\u00e4nder batterier till h\u00f6rapparater. I sortimentet ing\u00e5r h\u00f6rapparatbatterier fr\u00e5n tv\u00e5 h\u00f6gkvalitativa och p\u00e5litliga varum\u00e4rken;<\/p>\n\t\t<\/div>\n\t\t\t\t\t<div class=\"elementor-post__read-more-wrapper\">\n\t\t\n\t\t<a class=\"elementor-post__read-more\" href=\"https:\/\/kuuloasi.fi\/sv\/2025\/11\/kuulokojeiden-paristot\/\" aria-label=\"L\u00e4s mer om h\u00f6rapparaternas batterier\" tabindex=\"-1\" >\n\t\t\t. . . L\u00e4s mer\t\t<\/a>\n\n\t\t\t\t\t<\/div>\n\t\t\t\t<\/div>\n\t\t\t\t<\/article>\n\t\t\t\t<\/div>\n\t\t\n\t\t\t\t\t\t<\/div>\n\t\t\t\t<\/div>\n\t\t\t\t<\/div>\n\t\t\t\t<\/div>","protected":false},"excerpt":{"rendered":"<p>Kunskapsbas Med noggrann och regelbunden sk\u00f6tsel av dina h\u00f6rapparater kan du skilja mellan den ljusaste sopranen och den m\u00f6rkaste tenoren! F\u00f6rutom operaf\u00f6rest\u00e4llningar f\u00f6rl\u00e4nger h\u00f6rapparatunderh\u00e5llet h\u00f6rapparatens livsl\u00e4ngd och f\u00f6rb\u00e4ttrar din upplevelse. P\u00e5 den h\u00e4r sidan hittar du tips om hur du tar hand om och underh\u00e5ller dina h\u00f6rapparater.<\/p>","protected":false},"author":2,"featured_media":0,"parent":0,"menu_order":0,"comment_status":"closed","ping_status":"closed","template":"","meta":{"_acf_changed":false,"footnotes":""},"class_list":["post-406","page","type-page","status-publish","hentry"],"acf":[],"yoast_head":"<!-- This site is optimized with the Yoast SEO plugin v27.4 - https:\/\/yoast.com\/product\/yoast-seo-wordpress\/ -->\n<title>Tutustu kuulokojeen tarvikkeisiin tietopankissa - Kuuloasi.fi<\/title>\n<meta name=\"description\" content=\"T\u00e4lt\u00e4 sivulta l\u00f6yd\u00e4t ohjevideoita ja muita oppaita kuulokojeen varaosien k\u00e4ytt\u00f6\u00f6n sek\u00e4 laitteen huoltoon.\" \/>\n<meta name=\"robots\" content=\"index, follow, max-snippet:-1, max-image-preview:large, max-video-preview:-1\" \/>\n<link rel=\"canonical\" href=\"https:\/\/kuuloasi.fi\/sv\/tietopankki\/\" \/>\n<meta property=\"og:locale\" content=\"sv_SE\" \/>\n<meta property=\"og:type\" content=\"article\" \/>\n<meta property=\"og:title\" content=\"Tutustu kuulokojeen tarvikkeisiin tietopankissa - Kuuloasi.fi\" \/>\n<meta property=\"og:description\" content=\"T\u00e4lt\u00e4 sivulta l\u00f6yd\u00e4t ohjevideoita ja muita oppaita kuulokojeen varaosien k\u00e4ytt\u00f6\u00f6n sek\u00e4 laitteen huoltoon.\" \/>\n<meta property=\"og:url\" content=\"https:\/\/kuuloasi.fi\/sv\/tietopankki\/\" \/>\n<meta property=\"og:site_name\" content=\"kuuloasi.fi\" \/>\n<meta property=\"article:modified_time\" content=\"2026-01-21T19:43:13+00:00\" \/>\n<meta name=\"twitter:card\" content=\"summary_large_image\" \/>\n<meta name=\"twitter:label1\" content=\"Ber\u00e4knad l\u00e4stid\" \/>\n\t<meta name=\"twitter:data1\" content=\"1 minut\" \/>\n<script type=\"application\/ld+json\" class=\"yoast-schema-graph\">{\"@context\":\"https:\\\/\\\/schema.org\",\"@graph\":[{\"@type\":\"WebPage\",\"@id\":\"https:\\\/\\\/kuuloasi.fi\\\/tietopankki\\\/\",\"url\":\"https:\\\/\\\/kuuloasi.fi\\\/tietopankki\\\/\",\"name\":\"Tutustu kuulokojeen tarvikkeisiin tietopankissa - Kuuloasi.fi\",\"isPartOf\":{\"@id\":\"https:\\\/\\\/kuuloasi.fi\\\/#website\"},\"datePublished\":\"2025-11-25T14:18:30+00:00\",\"dateModified\":\"2026-01-21T19:43:13+00:00\",\"description\":\"T\u00e4lt\u00e4 sivulta l\u00f6yd\u00e4t ohjevideoita ja muita oppaita kuulokojeen varaosien k\u00e4ytt\u00f6\u00f6n sek\u00e4 laitteen huoltoon.\",\"breadcrumb\":{\"@id\":\"https:\\\/\\\/kuuloasi.fi\\\/tietopankki\\\/#breadcrumb\"},\"inLanguage\":\"sv-SE\",\"potentialAction\":[{\"@type\":\"ReadAction\",\"target\":[\"https:\\\/\\\/kuuloasi.fi\\\/tietopankki\\\/\"]}]},{\"@type\":\"BreadcrumbList\",\"@id\":\"https:\\\/\\\/kuuloasi.fi\\\/tietopankki\\\/#breadcrumb\",\"itemListElement\":[{\"@type\":\"ListItem\",\"position\":1,\"name\":\"Etusivu\",\"item\":\"https:\\\/\\\/kuuloasi.fi\\\/\"},{\"@type\":\"ListItem\",\"position\":2,\"name\":\"Tietopankki\"}]},{\"@type\":\"WebSite\",\"@id\":\"https:\\\/\\\/kuuloasi.fi\\\/#website\",\"url\":\"https:\\\/\\\/kuuloasi.fi\\\/\",\"name\":\"kuuloasi.fi\",\"description\":\"\",\"potentialAction\":[{\"@type\":\"SearchAction\",\"target\":{\"@type\":\"EntryPoint\",\"urlTemplate\":\"https:\\\/\\\/kuuloasi.fi\\\/?s={search_term_string}\"},\"query-input\":{\"@type\":\"PropertyValueSpecification\",\"valueRequired\":true,\"valueName\":\"search_term_string\"}}],\"inLanguage\":\"sv-SE\"}]}<\/script>\n<!-- \/ Yoast SEO plugin. -->","yoast_head_json":{"title":"Utforska h\u00f6rapparattillbeh\u00f6r i kunskapsbanken - H\u00f6rlur.fi","description":"Fr\u00e5n den h\u00e4r sidan hittar du instruktionsvideor och andra guider f\u00f6r anv\u00e4ndning av reservdelar till h\u00f6rapparater samt underh\u00e5ll av apparaten.","robots":{"index":"index","follow":"follow","max-snippet":"max-snippet:-1","max-image-preview":"max-image-preview:large","max-video-preview":"max-video-preview:-1"},"canonical":"https:\/\/kuuloasi.fi\/sv\/tietopankki\/","og_locale":"sv_SE","og_type":"article","og_title":"Tutustu kuulokojeen tarvikkeisiin tietopankissa - Kuuloasi.fi","og_description":"T\u00e4lt\u00e4 sivulta l\u00f6yd\u00e4t ohjevideoita ja muita oppaita kuulokojeen varaosien k\u00e4ytt\u00f6\u00f6n sek\u00e4 laitteen huoltoon.","og_url":"https:\/\/kuuloasi.fi\/sv\/tietopankki\/","og_site_name":"kuuloasi.fi","article_modified_time":"2026-01-21T19:43:13+00:00","twitter_card":"summary_large_image","twitter_misc":{"Ber\u00e4knad l\u00e4stid":"1 minut"},"schema":{"@context":"https:\/\/schema.org","@graph":[{"@type":"WebPage","@id":"https:\/\/kuuloasi.fi\/tietopankki\/","url":"https:\/\/kuuloasi.fi\/tietopankki\/","name":"Utforska h\u00f6rapparattillbeh\u00f6r i kunskapsbanken - H\u00f6rlur.fi","isPartOf":{"@id":"https:\/\/kuuloasi.fi\/#website"},"datePublished":"2025-11-25T14:18:30+00:00","dateModified":"2026-01-21T19:43:13+00:00","description":"Fr\u00e5n den h\u00e4r sidan hittar du instruktionsvideor och andra guider f\u00f6r anv\u00e4ndning av reservdelar till h\u00f6rapparater samt underh\u00e5ll av apparaten.","breadcrumb":{"@id":"https:\/\/kuuloasi.fi\/tietopankki\/#breadcrumb"},"inLanguage":"sv-SE","potentialAction":[{"@type":"ReadAction","target":["https:\/\/kuuloasi.fi\/tietopankki\/"]}]},{"@type":"BreadcrumbList","@id":"https:\/\/kuuloasi.fi\/tietopankki\/#breadcrumb","itemListElement":[{"@type":"ListItem","position":1,"name":"Etusivu","item":"https:\/\/kuuloasi.fi\/"},{"@type":"ListItem","position":2,"name":"Tietopankki"}]},{"@type":"WebSite","@id":"https:\/\/kuuloasi.fi\/#website","url":"https:\/\/kuuloasi.fi\/","name":"h\u00f6rsel.co.uk","description":"","potentialAction":[{"@type":"SearchAction","target":{"@type":"EntryPoint","urlTemplate":"https:\/\/kuuloasi.fi\/?s={search_term_string}"},"query-input":{"@type":"PropertyValueSpecification","valueRequired":true,"valueName":"search_term_string"}}],"inLanguage":"sv-SE"}]}},"_links":{"self":[{"href":"https:\/\/kuuloasi.fi\/sv\/wp-json\/wp\/v2\/pages\/406","targetHints":{"allow":["GET"]}}],"collection":[{"href":"https:\/\/kuuloasi.fi\/sv\/wp-json\/wp\/v2\/pages"}],"about":[{"href":"https:\/\/kuuloasi.fi\/sv\/wp-json\/wp\/v2\/types\/page"}],"author":[{"embeddable":true,"href":"https:\/\/kuuloasi.fi\/sv\/wp-json\/wp\/v2\/users\/2"}],"replies":[{"embeddable":true,"href":"https:\/\/kuuloasi.fi\/sv\/wp-json\/wp\/v2\/comments?post=406"}],"version-history":[{"count":20,"href":"https:\/\/kuuloasi.fi\/sv\/wp-json\/wp\/v2\/pages\/406\/revisions"}],"predecessor-version":[{"id":1065,"href":"https:\/\/kuuloasi.fi\/sv\/wp-json\/wp\/v2\/pages\/406\/revisions\/1065"}],"wp:attachment":[{"href":"https:\/\/kuuloasi.fi\/sv\/wp-json\/wp\/v2\/media?parent=406"}],"curies":[{"name":"wp","href":"https:\/\/api.w.org\/{rel}","templated":true}]}}