{"id":1272,"date":"2026-01-21T08:55:08","date_gmt":"2026-01-21T08:55:08","guid":{"rendered":"https:\/\/kuuloasi.fi\/?page_id=1272"},"modified":"2026-01-21T19:37:18","modified_gmt":"2026-01-21T19:37:18","slug":"ajankohtaista","status":"publish","type":"page","link":"https:\/\/kuuloasi.fi\/sv\/ajankohtaista\/","title":{"rendered":"Nyheter"},"content":{"rendered":"<div data-elementor-type=\"wp-page\" data-elementor-id=\"1272\" class=\"elementor elementor-1272\" data-elementor-post-type=\"page\">\n\t\t\t\t<div data-particle_enable=\"false\" data-particle-mobile-disabled=\"false\" class=\"elementor-element elementor-element-bad67c9 e-con-full e-flex e-con e-parent\" data-id=\"bad67c9\" data-element_type=\"container\" data-e-type=\"container\">\n\t\t\t\t<div class=\"elementor-element elementor-element-d36d217 elementor-widget elementor-widget-heading\" data-id=\"d36d217\" data-element_type=\"widget\" data-e-type=\"widget\" data-widget_type=\"heading.default\">\n\t\t\t\t\t<h2 class=\"elementor-heading-title elementor-size-default\">Nyheter<\/h2>\t\t\t\t<\/div>\n\t\t\t\t<div class=\"elementor-element elementor-element-31733ca elementor-widget__width-initial elementor-widget elementor-widget-text-editor\" data-id=\"31733ca\" data-element_type=\"widget\" data-e-type=\"widget\" data-widget_type=\"text-editor.default\">\n\t\t\t\t\t\t\t\t\t<div class=\"BannerTextContent\"><p>L\u00e4s v\u00e5ra aktuella tips om allt fr\u00e5n prisj\u00e4mf\u00f6relse av h\u00f6rapparater till serviceinstruktioner.\u00a0<\/p><\/div>\t\t\t\t\t\t\t\t<\/div>\n\t\t\t\t<div class=\"elementor-element elementor-element-e151dde elementor-grid-4 elementor-grid-tablet-2 elementor-grid-mobile-1 elementor-posts--thumbnail-top elementor-widget elementor-widget-posts\" data-id=\"e151dde\" data-element_type=\"widget\" data-e-type=\"widget\" data-settings=\"{&quot;classic_row_gap&quot;:{&quot;unit&quot;:&quot;px&quot;,&quot;size&quot;:20,&quot;sizes&quot;:[]},&quot;classic_columns&quot;:&quot;4&quot;,&quot;classic_columns_tablet&quot;:&quot;2&quot;,&quot;classic_columns_mobile&quot;:&quot;1&quot;,&quot;classic_row_gap_laptop&quot;:{&quot;unit&quot;:&quot;px&quot;,&quot;size&quot;:&quot;&quot;,&quot;sizes&quot;:[]},&quot;classic_row_gap_tablet&quot;:{&quot;unit&quot;:&quot;px&quot;,&quot;size&quot;:&quot;&quot;,&quot;sizes&quot;:[]},&quot;classic_row_gap_mobile&quot;:{&quot;unit&quot;:&quot;px&quot;,&quot;size&quot;:&quot;&quot;,&quot;sizes&quot;:[]}}\" data-widget_type=\"posts.classic\">\n\t\t\t\t<div class=\"elementor-widget-container\">\n\t\t\t\t\t\t\t<div class=\"elementor-posts-container elementor-posts elementor-posts--skin-classic elementor-grid\" role=\"list\">\n\t\t\t\t<article class=\"elementor-post elementor-grid-item post-2171 post type-post status-publish format-standard has-post-thumbnail hentry category-ajankohtaista tag-kuulokoje tag-kuulokojeiden-paristot tag-kuulolaite\" role=\"listitem\">\n\t\t\t\t<a class=\"elementor-post__thumbnail__link\" href=\"https:\/\/kuuloasi.fi\/sv\/2026\/03\/kuulokojeen-paristot-13\/\" tabindex=\"-1\" >\n\t\t\t<div class=\"elementor-post__thumbnail\"><img fetchpriority=\"high\" decoding=\"async\" width=\"768\" height=\"768\" src=\"https:\/\/kuuloasi.fi\/wp-content\/uploads\/2025\/11\/Duracell-kuulokojeparisto-2-768x768.jpg\" class=\"attachment-medium_large size-medium_large wp-image-295\" alt=\"Duracell kuulokojeparisto 13 koossa\" srcset=\"https:\/\/kuuloasi.fi\/wp-content\/uploads\/2025\/11\/Duracell-kuulokojeparisto-2-768x768.jpg 768w, https:\/\/kuuloasi.fi\/wp-content\/uploads\/2025\/11\/Duracell-kuulokojeparisto-2-300x300.jpg 300w, https:\/\/kuuloasi.fi\/wp-content\/uploads\/2025\/11\/Duracell-kuulokojeparisto-2-150x150.jpg 150w, https:\/\/kuuloasi.fi\/wp-content\/uploads\/2025\/11\/Duracell-kuulokojeparisto-2-512x512.jpg 512w, https:\/\/kuuloasi.fi\/wp-content\/uploads\/2025\/11\/Duracell-kuulokojeparisto-2-100x100.jpg 100w, https:\/\/kuuloasi.fi\/wp-content\/uploads\/2025\/11\/Duracell-kuulokojeparisto-2.jpg 800w\" sizes=\"(max-width: 768px) 100vw, 768px\" \/><\/div>\n\t\t<\/a>\n\t\t\t\t<div class=\"elementor-post__text\">\n\t\t\t\t<h3 class=\"elementor-post__title\">\n\t\t\t<a href=\"https:\/\/kuuloasi.fi\/sv\/2026\/03\/kuulokojeen-paristot-13\/\" >\n\t\t\t\tH\u00f6rapparatbatterier i storlek 13 - s\u00e4kerst\u00e4ller b\u00e4sta m\u00f6jliga prestanda f\u00f6r dina h\u00f6rapparater\t\t\t<\/a>\n\t\t<\/h3>\n\t\t\t\t<div class=\"elementor-post__meta-data\">\n\t\t\t\t\t<span class=\"elementor-post-date\">\n\t\t\t18 mars 2026\t\t<\/span>\n\t\t\t\t<\/div>\n\t\t\t\t<div class=\"elementor-post__excerpt\">\n\t\t\t<p>F\u00f6r m\u00e5nga h\u00f6rapparatanv\u00e4ndare \u00e4r h\u00f6rapparatbatterier i storlek 13 en av de viktigaste tillbeh\u00f6ren i vardagen. Med ett l\u00e4mpligt h\u00f6rapparatsbatteri av god kvalitet p\u00e5 plats,<\/p>\n\t\t<\/div>\n\t\t\t\t\t<div class=\"elementor-post__read-more-wrapper\">\n\t\t\n\t\t<a class=\"elementor-post__read-more\" href=\"https:\/\/kuuloasi.fi\/sv\/2026\/03\/kuulokojeen-paristot-13\/\" aria-label=\"L\u00e4s mer om Kuulokojeen paristot 13 -koossa \u2013 Varmista kuulokojeesi paras suorituskyky\" tabindex=\"-1\" >\n\t\t\t. . . L\u00e4s mer\t\t<\/a>\n\n\t\t\t\t\t<\/div>\n\t\t\t\t<\/div>\n\t\t\t\t<\/article>\n\t\t\t\t<article class=\"elementor-post elementor-grid-item post-337 post type-post status-publish format-standard has-post-thumbnail hentry category-ajankohtaista tag-kuulokoje tag-kuulolaite tag-kuulon-heikkeneminen tag-kuulonhuolto\" role=\"listitem\">\n\t\t\t\t<a class=\"elementor-post__thumbnail__link\" href=\"https:\/\/kuuloasi.fi\/sv\/2025\/11\/kuulonhuollon-merkitys-ikaantyessa-miksi-kuulokoje-voi-olla-tarkea-apuvaline\/\" tabindex=\"-1\" >\n\t\t\t<div class=\"elementor-post__thumbnail\"><img decoding=\"async\" width=\"768\" height=\"768\" src=\"https:\/\/kuuloasi.fi\/wp-content\/uploads\/2025\/11\/Image-4-768x768.jpg\" class=\"attachment-medium_large size-medium_large wp-image-350\" alt=\"\" srcset=\"https:\/\/kuuloasi.fi\/wp-content\/uploads\/2025\/11\/Image-4-768x768.jpg 768w, https:\/\/kuuloasi.fi\/wp-content\/uploads\/2025\/11\/Image-4-300x300.jpg 300w, https:\/\/kuuloasi.fi\/wp-content\/uploads\/2025\/11\/Image-4-150x150.jpg 150w, https:\/\/kuuloasi.fi\/wp-content\/uploads\/2025\/11\/Image-4-512x512.jpg 512w, https:\/\/kuuloasi.fi\/wp-content\/uploads\/2025\/11\/Image-4-100x100.jpg 100w, https:\/\/kuuloasi.fi\/wp-content\/uploads\/2025\/11\/Image-4.jpg 1000w\" sizes=\"(max-width: 768px) 100vw, 768px\" \/><\/div>\n\t\t<\/a>\n\t\t\t\t<div class=\"elementor-post__text\">\n\t\t\t\t<h3 class=\"elementor-post__title\">\n\t\t\t<a href=\"https:\/\/kuuloasi.fi\/sv\/2025\/11\/kuulonhuollon-merkitys-ikaantyessa-miksi-kuulokoje-voi-olla-tarkea-apuvaline\/\" >\n\t\t\t\tH\u00f6rselv\u00e5rdens betydelse f\u00f6r \u00e5ldrandet: varf\u00f6r h\u00f6rapparater kan vara ett viktigt hj\u00e4lpmedel\t\t\t<\/a>\n\t\t<\/h3>\n\t\t\t\t<div class=\"elementor-post__meta-data\">\n\t\t\t\t\t<span class=\"elementor-post-date\">\n\t\t\t25 november 2025\t\t<\/span>\n\t\t\t\t<\/div>\n\t\t\t\t<div class=\"elementor-post__excerpt\">\n\t\t\t<p>Vilket skulle du v\u00e4lja om du var tvungen att v\u00e4lja: syn eller h\u00f6rsel? B\u00e5da \u00e4r viktiga sinnen som g\u00f6r det m\u00f6jligt f\u00f6r dig att interagera med v\u00e4rlden omkring dig.<\/p>\n\t\t<\/div>\n\t\t\t\t\t<div class=\"elementor-post__read-more-wrapper\">\n\t\t\n\t\t<a class=\"elementor-post__read-more\" href=\"https:\/\/kuuloasi.fi\/sv\/2025\/11\/kuulonhuollon-merkitys-ikaantyessa-miksi-kuulokoje-voi-olla-tarkea-apuvaline\/\" aria-label=\"L\u00e4s mer om H\u00f6rselv\u00e5rdens betydelse f\u00f6r \u00e5ldrandet: varf\u00f6r h\u00f6rapparater kan vara ett viktigt hj\u00e4lpmedel\" tabindex=\"-1\" >\n\t\t\t. . . L\u00e4s mer\t\t<\/a>\n\n\t\t\t\t\t<\/div>\n\t\t\t\t<\/div>\n\t\t\t\t<\/article>\n\t\t\t\t<article class=\"elementor-post elementor-grid-item post-335 post type-post status-publish format-standard has-post-thumbnail hentry category-ajankohtaista tag-kuulokoje tag-kuulokojeen-huoltaminen tag-kuulolaite tag-kuulolaitteen-huolto\" role=\"listitem\">\n\t\t\t\t<a class=\"elementor-post__thumbnail__link\" href=\"https:\/\/kuuloasi.fi\/sv\/2025\/11\/kuulokojeen-huolto-ohjeet-nain-pidat-laitteesi-toimintakunnossa-pitkaan\/\" tabindex=\"-1\" >\n\t\t\t<div class=\"elementor-post__thumbnail\"><img decoding=\"async\" width=\"768\" height=\"768\" src=\"https:\/\/kuuloasi.fi\/wp-content\/uploads\/2025\/11\/Image-7-768x768.jpg\" class=\"attachment-medium_large size-medium_large wp-image-347\" alt=\"\" srcset=\"https:\/\/kuuloasi.fi\/wp-content\/uploads\/2025\/11\/Image-7-768x768.jpg 768w, https:\/\/kuuloasi.fi\/wp-content\/uploads\/2025\/11\/Image-7-300x300.jpg 300w, https:\/\/kuuloasi.fi\/wp-content\/uploads\/2025\/11\/Image-7-150x150.jpg 150w, https:\/\/kuuloasi.fi\/wp-content\/uploads\/2025\/11\/Image-7-512x512.jpg 512w, https:\/\/kuuloasi.fi\/wp-content\/uploads\/2025\/11\/Image-7-100x100.jpg 100w, https:\/\/kuuloasi.fi\/wp-content\/uploads\/2025\/11\/Image-7.jpg 1000w\" sizes=\"(max-width: 768px) 100vw, 768px\" \/><\/div>\n\t\t<\/a>\n\t\t\t\t<div class=\"elementor-post__text\">\n\t\t\t\t<h3 class=\"elementor-post__title\">\n\t\t\t<a href=\"https:\/\/kuuloasi.fi\/sv\/2025\/11\/kuulokojeen-huolto-ohjeet-nain-pidat-laitteesi-toimintakunnossa-pitkaan\/\" >\n\t\t\t\tGuide f\u00f6r underh\u00e5ll av h\u00f6rapparater: hur du h\u00e5ller din h\u00f6rapparat i funktionsdugligt skick under l\u00e5ng tid\t\t\t<\/a>\n\t\t<\/h3>\n\t\t\t\t<div class=\"elementor-post__meta-data\">\n\t\t\t\t\t<span class=\"elementor-post-date\">\n\t\t\t25 november 2025\t\t<\/span>\n\t\t\t\t<\/div>\n\t\t\t\t<div class=\"elementor-post__excerpt\">\n\t\t\t<p>Det \u00e4r viktigt att du reng\u00f6r din h\u00f6rapparat regelbundet. Reng\u00f6ringen f\u00f6rhindrar att \u00f6ronvax, damm och andra f\u00f6roreningar ansamlas inuti apparaten. Du kan anv\u00e4nda en mjuk<\/p>\n\t\t<\/div>\n\t\t\t\t\t<div class=\"elementor-post__read-more-wrapper\">\n\t\t\n\t\t<a class=\"elementor-post__read-more\" href=\"https:\/\/kuuloasi.fi\/sv\/2025\/11\/kuulokojeen-huolto-ohjeet-nain-pidat-laitteesi-toimintakunnossa-pitkaan\/\" aria-label=\"L\u00e4s mer om Guide f\u00f6r underh\u00e5ll av h\u00f6rapparater: hur du h\u00e5ller din h\u00f6rapparat i funktionsdugligt skick under l\u00e5ng tid\" tabindex=\"-1\" >\n\t\t\t. . . L\u00e4s mer\t\t<\/a>\n\n\t\t\t\t\t<\/div>\n\t\t\t\t<\/div>\n\t\t\t\t<\/article>\n\t\t\t\t<article class=\"elementor-post elementor-grid-item post-333 post type-post status-publish format-standard has-post-thumbnail hentry category-ajankohtaista tag-kuulokoje tag-kuulokojeen-hinta tag-kuulolaite tag-kuulolaitteen-hinta\" role=\"listitem\">\n\t\t\t\t<a class=\"elementor-post__thumbnail__link\" href=\"https:\/\/kuuloasi.fi\/sv\/2025\/11\/kuulokojeiden-hintavertailu-miten-loytaa-sopiva-vaihtoehto-budjetillesi\/\" tabindex=\"-1\" >\n\t\t\t<div class=\"elementor-post__thumbnail\"><img loading=\"lazy\" decoding=\"async\" width=\"768\" height=\"768\" src=\"https:\/\/kuuloasi.fi\/wp-content\/uploads\/2025\/11\/Image-5-768x768.jpg\" class=\"attachment-medium_large size-medium_large wp-image-349\" alt=\"\" srcset=\"https:\/\/kuuloasi.fi\/wp-content\/uploads\/2025\/11\/Image-5-768x768.jpg 768w, https:\/\/kuuloasi.fi\/wp-content\/uploads\/2025\/11\/Image-5-300x300.jpg 300w, https:\/\/kuuloasi.fi\/wp-content\/uploads\/2025\/11\/Image-5-150x150.jpg 150w, https:\/\/kuuloasi.fi\/wp-content\/uploads\/2025\/11\/Image-5-512x512.jpg 512w, https:\/\/kuuloasi.fi\/wp-content\/uploads\/2025\/11\/Image-5-100x100.jpg 100w, https:\/\/kuuloasi.fi\/wp-content\/uploads\/2025\/11\/Image-5.jpg 1000w\" sizes=\"(max-width: 768px) 100vw, 768px\" \/><\/div>\n\t\t<\/a>\n\t\t\t\t<div class=\"elementor-post__text\">\n\t\t\t\t<h3 class=\"elementor-post__title\">\n\t\t\t<a href=\"https:\/\/kuuloasi.fi\/sv\/2025\/11\/kuulokojeiden-hintavertailu-miten-loytaa-sopiva-vaihtoehto-budjetillesi\/\" >\n\t\t\t\tPrisj\u00e4mf\u00f6relse f\u00f6r h\u00f6rapparater: hur du hittar r\u00e4tt alternativ f\u00f6r din budget\t\t\t<\/a>\n\t\t<\/h3>\n\t\t\t\t<div class=\"elementor-post__meta-data\">\n\t\t\t\t\t<span class=\"elementor-post-date\">\n\t\t\t25 november 2025\t\t<\/span>\n\t\t\t\t<\/div>\n\t\t\t\t<div class=\"elementor-post__excerpt\">\n\t\t\t<p>H\u00f6rselneds\u00e4ttning \u00e4r en vanlig \u00e5ldersrelaterad utmaning som kan ha en betydande inverkan p\u00e5 livskvaliteten. Lyckligtvis finns det m\u00e5nga olika typer av h\u00f6rapparater tillg\u00e4ngliga idag<\/p>\n\t\t<\/div>\n\t\t\t\t\t<div class=\"elementor-post__read-more-wrapper\">\n\t\t\n\t\t<a class=\"elementor-post__read-more\" href=\"https:\/\/kuuloasi.fi\/sv\/2025\/11\/kuulokojeiden-hintavertailu-miten-loytaa-sopiva-vaihtoehto-budjetillesi\/\" aria-label=\"L\u00e4s mer om Prisj\u00e4mf\u00f6relse f\u00f6r h\u00f6rapparater: hur du hittar r\u00e4tt alternativ f\u00f6r din budget\" tabindex=\"-1\" >\n\t\t\t. . . L\u00e4s mer\t\t<\/a>\n\n\t\t\t\t\t<\/div>\n\t\t\t\t<\/div>\n\t\t\t\t<\/article>\n\t\t\t\t<article class=\"elementor-post elementor-grid-item post-326 post type-post status-publish format-standard has-post-thumbnail hentry category-ajankohtaista tag-heikentynyt-kuulo tag-kuulokoje tag-kuulolaite\" role=\"listitem\">\n\t\t\t\t<a class=\"elementor-post__thumbnail__link\" href=\"https:\/\/kuuloasi.fi\/sv\/2025\/11\/kuuloni-on-heikentynyt-mita-teen\/\" tabindex=\"-1\" >\n\t\t\t<div class=\"elementor-post__thumbnail\"><img loading=\"lazy\" decoding=\"async\" width=\"768\" height=\"768\" src=\"https:\/\/kuuloasi.fi\/wp-content\/uploads\/2025\/11\/Image-6-768x768.jpg\" class=\"attachment-medium_large size-medium_large wp-image-348\" alt=\"\" srcset=\"https:\/\/kuuloasi.fi\/wp-content\/uploads\/2025\/11\/Image-6-768x768.jpg 768w, https:\/\/kuuloasi.fi\/wp-content\/uploads\/2025\/11\/Image-6-300x300.jpg 300w, https:\/\/kuuloasi.fi\/wp-content\/uploads\/2025\/11\/Image-6-150x150.jpg 150w, https:\/\/kuuloasi.fi\/wp-content\/uploads\/2025\/11\/Image-6-512x512.jpg 512w, https:\/\/kuuloasi.fi\/wp-content\/uploads\/2025\/11\/Image-6-100x100.jpg 100w, https:\/\/kuuloasi.fi\/wp-content\/uploads\/2025\/11\/Image-6.jpg 1000w\" sizes=\"(max-width: 768px) 100vw, 768px\" \/><\/div>\n\t\t<\/a>\n\t\t\t\t<div class=\"elementor-post__text\">\n\t\t\t\t<h3 class=\"elementor-post__title\">\n\t\t\t<a href=\"https:\/\/kuuloasi.fi\/sv\/2025\/11\/kuuloni-on-heikentynyt-mita-teen\/\" >\n\t\t\t\tMin h\u00f6rsel \u00e4r nedsatt. Vad ska jag g\u00f6ra?\t\t\t<\/a>\n\t\t<\/h3>\n\t\t\t\t<div class=\"elementor-post__meta-data\">\n\t\t\t\t\t<span class=\"elementor-post-date\">\n\t\t\t25 november 2025\t\t<\/span>\n\t\t\t\t<\/div>\n\t\t\t\t<div class=\"elementor-post__excerpt\">\n\t\t\t<p>H\u00f6rselneds\u00e4ttning har en betydande inverkan p\u00e5 livskvaliteten. Lyckligtvis finns det nu ett antal hj\u00e4lpmedel, t.ex. h\u00f6rapparater, som kan hj\u00e4lpa till att \u00e5terst\u00e4lla eller<\/p>\n\t\t<\/div>\n\t\t\t\t\t<div class=\"elementor-post__read-more-wrapper\">\n\t\t\n\t\t<a class=\"elementor-post__read-more\" href=\"https:\/\/kuuloasi.fi\/sv\/2025\/11\/kuuloni-on-heikentynyt-mita-teen\/\" aria-label=\"L\u00e4s mer om Kuuloni on heikentynyt. Mit\u00e4 teen?\" tabindex=\"-1\" >\n\t\t\t. . . L\u00e4s mer\t\t<\/a>\n\n\t\t\t\t\t<\/div>\n\t\t\t\t<\/div>\n\t\t\t\t<\/article>\n\t\t\t\t<\/div>\n\t\t\n\t\t\t\t\t\t<\/div>\n\t\t\t\t<\/div>\n\t\t\t\t<\/div>\n\t\t\t\t<\/div>","protected":false},"excerpt":{"rendered":"<p>Ajankohtaista Lue ajankohtaiset vinkkimme liittyen aina kuulokojeen hintavertailusta huolto-ohjeisiin.\u00a0<\/p>","protected":false},"author":2,"featured_media":0,"parent":0,"menu_order":0,"comment_status":"closed","ping_status":"closed","template":"","meta":{"_acf_changed":false,"footnotes":""},"class_list":["post-1272","page","type-page","status-publish","hentry"],"acf":[],"yoast_head":"<!-- This site is optimized with the Yoast SEO plugin v27.4 - https:\/\/yoast.com\/product\/yoast-seo-wordpress\/ -->\n<title>Ajankohtaista - Kuuloasi.fi<\/title>\n<meta name=\"robots\" content=\"index, follow, max-snippet:-1, max-image-preview:large, max-video-preview:-1\" \/>\n<link rel=\"canonical\" href=\"https:\/\/kuuloasi.fi\/sv\/ajankohtaista\/\" \/>\n<meta property=\"og:locale\" content=\"sv_SE\" \/>\n<meta property=\"og:type\" content=\"article\" \/>\n<meta property=\"og:title\" content=\"Ajankohtaista - Kuuloasi.fi\" \/>\n<meta property=\"og:description\" content=\"Ajankohtaista Lue ajankohtaiset vinkkimme liittyen aina kuulokojeen hintavertailusta huolto-ohjeisiin.\u00a0\" \/>\n<meta property=\"og:url\" content=\"https:\/\/kuuloasi.fi\/sv\/ajankohtaista\/\" \/>\n<meta property=\"og:site_name\" content=\"kuuloasi.fi\" \/>\n<meta property=\"article:modified_time\" content=\"2026-01-21T19:37:18+00:00\" \/>\n<meta name=\"twitter:card\" content=\"summary_large_image\" \/>\n<meta name=\"twitter:label1\" content=\"Ber\u00e4knad l\u00e4stid\" \/>\n\t<meta name=\"twitter:data1\" content=\"1 minut\" \/>\n<script type=\"application\/ld+json\" class=\"yoast-schema-graph\">{\"@context\":\"https:\\\/\\\/schema.org\",\"@graph\":[{\"@type\":\"WebPage\",\"@id\":\"https:\\\/\\\/kuuloasi.fi\\\/ajankohtaista\\\/\",\"url\":\"https:\\\/\\\/kuuloasi.fi\\\/ajankohtaista\\\/\",\"name\":\"Ajankohtaista - Kuuloasi.fi\",\"isPartOf\":{\"@id\":\"https:\\\/\\\/kuuloasi.fi\\\/#website\"},\"datePublished\":\"2026-01-21T08:55:08+00:00\",\"dateModified\":\"2026-01-21T19:37:18+00:00\",\"breadcrumb\":{\"@id\":\"https:\\\/\\\/kuuloasi.fi\\\/ajankohtaista\\\/#breadcrumb\"},\"inLanguage\":\"sv-SE\",\"potentialAction\":[{\"@type\":\"ReadAction\",\"target\":[\"https:\\\/\\\/kuuloasi.fi\\\/ajankohtaista\\\/\"]}]},{\"@type\":\"BreadcrumbList\",\"@id\":\"https:\\\/\\\/kuuloasi.fi\\\/ajankohtaista\\\/#breadcrumb\",\"itemListElement\":[{\"@type\":\"ListItem\",\"position\":1,\"name\":\"Etusivu\",\"item\":\"https:\\\/\\\/kuuloasi.fi\\\/\"},{\"@type\":\"ListItem\",\"position\":2,\"name\":\"Ajankohtaista\"}]},{\"@type\":\"WebSite\",\"@id\":\"https:\\\/\\\/kuuloasi.fi\\\/#website\",\"url\":\"https:\\\/\\\/kuuloasi.fi\\\/\",\"name\":\"kuuloasi.fi\",\"description\":\"\",\"potentialAction\":[{\"@type\":\"SearchAction\",\"target\":{\"@type\":\"EntryPoint\",\"urlTemplate\":\"https:\\\/\\\/kuuloasi.fi\\\/?s={search_term_string}\"},\"query-input\":{\"@type\":\"PropertyValueSpecification\",\"valueRequired\":true,\"valueName\":\"search_term_string\"}}],\"inLanguage\":\"sv-SE\"}]}<\/script>\n<!-- \/ Yoast SEO plugin. -->","yoast_head_json":{"title":"Ajankohtaista - Kuuloasi.fi","robots":{"index":"index","follow":"follow","max-snippet":"max-snippet:-1","max-image-preview":"max-image-preview:large","max-video-preview":"max-video-preview:-1"},"canonical":"https:\/\/kuuloasi.fi\/sv\/ajankohtaista\/","og_locale":"sv_SE","og_type":"article","og_title":"Ajankohtaista - Kuuloasi.fi","og_description":"Ajankohtaista Lue ajankohtaiset vinkkimme liittyen aina kuulokojeen hintavertailusta huolto-ohjeisiin.\u00a0","og_url":"https:\/\/kuuloasi.fi\/sv\/ajankohtaista\/","og_site_name":"kuuloasi.fi","article_modified_time":"2026-01-21T19:37:18+00:00","twitter_card":"summary_large_image","twitter_misc":{"Ber\u00e4knad l\u00e4stid":"1 minut"},"schema":{"@context":"https:\/\/schema.org","@graph":[{"@type":"WebPage","@id":"https:\/\/kuuloasi.fi\/ajankohtaista\/","url":"https:\/\/kuuloasi.fi\/ajankohtaista\/","name":"Ajankohtaista - Kuuloasi.fi","isPartOf":{"@id":"https:\/\/kuuloasi.fi\/#website"},"datePublished":"2026-01-21T08:55:08+00:00","dateModified":"2026-01-21T19:37:18+00:00","breadcrumb":{"@id":"https:\/\/kuuloasi.fi\/ajankohtaista\/#breadcrumb"},"inLanguage":"sv-SE","potentialAction":[{"@type":"ReadAction","target":["https:\/\/kuuloasi.fi\/ajankohtaista\/"]}]},{"@type":"BreadcrumbList","@id":"https:\/\/kuuloasi.fi\/ajankohtaista\/#breadcrumb","itemListElement":[{"@type":"ListItem","position":1,"name":"Etusivu","item":"https:\/\/kuuloasi.fi\/"},{"@type":"ListItem","position":2,"name":"Ajankohtaista"}]},{"@type":"WebSite","@id":"https:\/\/kuuloasi.fi\/#website","url":"https:\/\/kuuloasi.fi\/","name":"h\u00f6rsel.co.uk","description":"","potentialAction":[{"@type":"SearchAction","target":{"@type":"EntryPoint","urlTemplate":"https:\/\/kuuloasi.fi\/?s={search_term_string}"},"query-input":{"@type":"PropertyValueSpecification","valueRequired":true,"valueName":"search_term_string"}}],"inLanguage":"sv-SE"}]}},"_links":{"self":[{"href":"https:\/\/kuuloasi.fi\/sv\/wp-json\/wp\/v2\/pages\/1272","targetHints":{"allow":["GET"]}}],"collection":[{"href":"https:\/\/kuuloasi.fi\/sv\/wp-json\/wp\/v2\/pages"}],"about":[{"href":"https:\/\/kuuloasi.fi\/sv\/wp-json\/wp\/v2\/types\/page"}],"author":[{"embeddable":true,"href":"https:\/\/kuuloasi.fi\/sv\/wp-json\/wp\/v2\/users\/2"}],"replies":[{"embeddable":true,"href":"https:\/\/kuuloasi.fi\/sv\/wp-json\/wp\/v2\/comments?post=1272"}],"version-history":[{"count":4,"href":"https:\/\/kuuloasi.fi\/sv\/wp-json\/wp\/v2\/pages\/1272\/revisions"}],"predecessor-version":[{"id":1277,"href":"https:\/\/kuuloasi.fi\/sv\/wp-json\/wp\/v2\/pages\/1272\/revisions\/1277"}],"wp:attachment":[{"href":"https:\/\/kuuloasi.fi\/sv\/wp-json\/wp\/v2\/media?parent=1272"}],"curies":[{"name":"wp","href":"https:\/\/api.w.org\/{rel}","templated":true}]}}