{"id":1154,"date":"2026-01-15T21:56:26","date_gmt":"2026-01-15T21:56:26","guid":{"rendered":"https:\/\/kuuloasi.fi\/?page_id=1154"},"modified":"2026-01-15T22:00:19","modified_gmt":"2026-01-15T22:00:19","slug":"evasteet","status":"publish","type":"page","link":"https:\/\/kuuloasi.fi\/sv\/evasteet\/","title":{"rendered":"Kakor"},"content":{"rendered":"<div data-elementor-type=\"wp-page\" data-elementor-id=\"1154\" class=\"elementor elementor-1154\" data-elementor-post-type=\"page\">\n\t\t\t\t<div data-particle_enable=\"false\" data-particle-mobile-disabled=\"false\" class=\"elementor-element elementor-element-4430dd0 e-con-full e-flex e-con e-parent\" data-id=\"4430dd0\" data-element_type=\"container\" data-e-type=\"container\">\n\t\t\t\t<div class=\"elementor-element elementor-element-aca3599 elementor-widget elementor-widget-heading\" data-id=\"aca3599\" data-element_type=\"widget\" data-e-type=\"widget\" data-widget_type=\"heading.default\">\n\t\t\t\t\t<h1 class=\"elementor-heading-title elementor-size-default\">Policy f\u00f6r cookies<\/h1>\t\t\t\t<\/div>\n\t\t\t\t<\/div>\n\t\t<div data-particle_enable=\"false\" data-particle-mobile-disabled=\"false\" class=\"elementor-element elementor-element-85497c6 e-con-full e-flex e-con e-parent\" data-id=\"85497c6\" data-element_type=\"container\" data-e-type=\"container\">\n\t\t\t\t<div class=\"elementor-element elementor-element-8ab4648 elementor-widget__width-initial elementor-widget elementor-widget-text-editor\" data-id=\"8ab4648\" data-element_type=\"widget\" data-e-type=\"widget\" data-widget_type=\"text-editor.default\">\n\t\t\t\t\t\t\t\t\t<p>Senast uppdaterad: 15.1.2026<\/p><p>V\u00e4lkommen till v\u00e5r onlinebutik! Vi anv\u00e4nder cookies f\u00f6r att f\u00f6rb\u00e4ttra din anv\u00e4ndarupplevelse, analysera webbplatstrafik och rikta reklam. Denna cookiepolicy f\u00f6rklarar hur och varf\u00f6r vi anv\u00e4nder cookies.<\/p><p>\u00a0<\/p><p><strong>Vad \u00e4r cookies?<\/strong><\/p><p>Cookies \u00e4r sm\u00e5 textfiler som en webbplats lagrar p\u00e5 din dator eller mobila enhet n\u00e4r du bes\u00f6ker webbplatsen. De g\u00f6r det m\u00f6jligt f\u00f6r webbplatsen att komma ih\u00e5g din aktivitet och dina inst\u00e4llningar (t.ex. inloggning, spr\u00e5k, teckenstorlek och andra sk\u00e4rminst\u00e4llningar) under en tidsperiod, s\u00e5 att du inte beh\u00f6ver \u00e5terst\u00e4lla dem n\u00e4r du \u00e5terv\u00e4nder till webbplatsen eller bl\u00e4ddrar fr\u00e5n sida till sida.<\/p><p>\u00a0<\/p><p><strong>Hur anv\u00e4nder vi cookies?<\/strong><\/p><p>Den webbutik som du lyssnar p\u00e5 anv\u00e4nder cookies f\u00f6r f\u00f6ljande \u00e4ndam\u00e5l:<\/p><ul><li><strong>N\u00f6dv\u00e4ndiga cookies<\/strong>: Dessa cookies \u00e4r n\u00f6dv\u00e4ndiga f\u00f6r webbplatsens grundl\u00e4ggande funktioner och \u00e4r alltid aktiverade.<\/li><li><strong>Prestanda- och analyscookies<\/strong>: Dessa cookies samlar in information om hur du anv\u00e4nder webbplatsen, t.ex. vilka sidor du bes\u00f6ker mest. Vi anv\u00e4nder denna information f\u00f6r att f\u00f6rb\u00e4ttra webbplatsen.<\/li><li><strong>Funktionella cookies<\/strong>Dessa g\u00f6r det m\u00f6jligt f\u00f6r webbplatsen att komma ih\u00e5g de val du g\u00f6r (t.ex. anv\u00e4ndarnamn, spr\u00e5k eller region) och tillhandah\u00e5lla b\u00e4ttre och mer personliga funktioner.<\/li><li><strong>Cookies f\u00f6r annonsering och m\u00e5lgruppsanpassning<\/strong>: Dessa cookies samlar in information om dina surfvanor f\u00f6r att kunna visa dig skr\u00e4ddarsydd reklam.<\/li><\/ul><p>\u00a0<\/p><p><strong>Vilka cookies anv\u00e4nder vi?<\/strong><\/p><p>Vi anv\u00e4nder Google-cookies p\u00e5 v\u00e5r webbplats.<\/p><p>Vi anv\u00e4nder Google Analytics, Googles analysverktyg, f\u00f6r att hj\u00e4lpa oss att f\u00f6rst\u00e5 hur bes\u00f6kare anv\u00e4nder v\u00e5r webbplats och d\u00e4rmed f\u00f6rb\u00e4ttra v\u00e5r webbplats. Google Analytics anv\u00e4nder cookies f\u00f6r att samla in och analysera denna information.\u00a0\u00a0<\/p><p>\u00a0<\/p><p><strong>Hantera dina cookiepreferenser<\/strong><\/p><p>Det st\u00e5r dig fritt att hantera och\/eller radera cookies. Du kan radera alla cookies som lagras p\u00e5 din dator och st\u00e4lla in de flesta webbl\u00e4sare s\u00e5 att de blockerar dem. Observera att om du g\u00f6r detta kan du beh\u00f6va justera vissa inst\u00e4llningar manuellt varje g\u00e5ng du bes\u00f6ker webbplatsen, och vissa tj\u00e4nster och funktioner kanske inte fungerar.<\/p><p>Du kan direkt hantera dina egna cookie-inst\u00e4llningar med hj\u00e4lp av CookieBot-ikonen i det nedre v\u00e4nstra h\u00f6rnet p\u00e5 v\u00e5r webbplats och st\u00e4lla in dina \u00f6nskade cookies.<\/p><p>\u00a0<\/p><p><strong>Kontakt<\/strong><\/p><p>Om du har n\u00e5gra fr\u00e5gor om v\u00e5r cookiepolicy, v\u00e4nligen kontakta oss p\u00e5: info@kuuloasi.fi<\/p><p>\u00a0<\/p><p><strong>Information om cookies:<\/strong><\/p>\t\t\t\t\t\t\t\t<\/div>\n\t\t\t\t<\/div>\n\t\t\t\t<\/div>","protected":false},"excerpt":{"rendered":"<p>Ev\u00e4stek\u00e4yt\u00e4nt\u00f6 Viimeksi p\u00e4ivitetty: 15.1.2026 Tervetuloa Kuuloasi verkkokauppaan! K\u00e4yt\u00e4mme ev\u00e4steit\u00e4 parantaaksemme k\u00e4ytt\u00f6kokemustasi, analysoidaksemme verkkosivuston liikennett\u00e4 ja kohdentaaksemme mainontaa. T\u00e4m\u00e4 ev\u00e4stek\u00e4yt\u00e4nt\u00f6 selitt\u00e4\u00e4, miten ja miksi k\u00e4yt\u00e4mme ev\u00e4steit\u00e4. \u00a0 Mit\u00e4 ev\u00e4steet ovat? Ev\u00e4steet ovat pieni\u00e4 tekstitiedostoja, jotka verkkosivusto tallentaa tietokoneellesi tai mobiililaitteellesi, kun vierailet sivustolla. Ne mahdollistavat verkkosivuston muistamaan toimintasi ja asetuksesi (kuten kirjautumisen, kielen, fonttikoon ja muita [&hellip;]<\/p>\n","protected":false},"author":2,"featured_media":0,"parent":0,"menu_order":0,"comment_status":"closed","ping_status":"closed","template":"","meta":{"_acf_changed":false,"footnotes":""},"class_list":["post-1154","page","type-page","status-publish","hentry"],"acf":[],"yoast_head":"<!-- This site is optimized with the Yoast SEO plugin v27.4 - https:\/\/yoast.com\/product\/yoast-seo-wordpress\/ -->\n<title>Ev\u00e4steet - kuuloasi.fi<\/title>\n<meta name=\"robots\" content=\"index, follow, max-snippet:-1, max-image-preview:large, max-video-preview:-1\" \/>\n<link rel=\"canonical\" href=\"https:\/\/kuuloasi.fi\/sv\/evasteet\/\" \/>\n<meta property=\"og:locale\" content=\"sv_SE\" \/>\n<meta property=\"og:type\" content=\"article\" \/>\n<meta property=\"og:title\" content=\"Ev\u00e4steet - kuuloasi.fi\" \/>\n<meta property=\"og:description\" content=\"Ev\u00e4stek\u00e4yt\u00e4nt\u00f6 Viimeksi p\u00e4ivitetty: 15.1.2026 Tervetuloa Kuuloasi verkkokauppaan! K\u00e4yt\u00e4mme ev\u00e4steit\u00e4 parantaaksemme k\u00e4ytt\u00f6kokemustasi, analysoidaksemme verkkosivuston liikennett\u00e4 ja kohdentaaksemme mainontaa. T\u00e4m\u00e4 ev\u00e4stek\u00e4yt\u00e4nt\u00f6 selitt\u00e4\u00e4, miten ja miksi k\u00e4yt\u00e4mme ev\u00e4steit\u00e4. \u00a0 Mit\u00e4 ev\u00e4steet ovat? Ev\u00e4steet ovat pieni\u00e4 tekstitiedostoja, jotka verkkosivusto tallentaa tietokoneellesi tai mobiililaitteellesi, kun vierailet sivustolla. Ne mahdollistavat verkkosivuston muistamaan toimintasi ja asetuksesi (kuten kirjautumisen, kielen, fonttikoon ja muita [&hellip;]\" \/>\n<meta property=\"og:url\" content=\"https:\/\/kuuloasi.fi\/sv\/evasteet\/\" \/>\n<meta property=\"og:site_name\" content=\"kuuloasi.fi\" \/>\n<meta property=\"article:modified_time\" content=\"2026-01-15T22:00:19+00:00\" \/>\n<meta name=\"twitter:card\" content=\"summary_large_image\" \/>\n<meta name=\"twitter:label1\" content=\"Ber\u00e4knad l\u00e4stid\" \/>\n\t<meta name=\"twitter:data1\" content=\"2 minuter\" \/>\n<script type=\"application\/ld+json\" class=\"yoast-schema-graph\">{\"@context\":\"https:\\\/\\\/schema.org\",\"@graph\":[{\"@type\":\"WebPage\",\"@id\":\"https:\\\/\\\/kuuloasi.fi\\\/evasteet\\\/\",\"url\":\"https:\\\/\\\/kuuloasi.fi\\\/evasteet\\\/\",\"name\":\"Ev\u00e4steet - kuuloasi.fi\",\"isPartOf\":{\"@id\":\"https:\\\/\\\/kuuloasi.fi\\\/#website\"},\"datePublished\":\"2026-01-15T21:56:26+00:00\",\"dateModified\":\"2026-01-15T22:00:19+00:00\",\"breadcrumb\":{\"@id\":\"https:\\\/\\\/kuuloasi.fi\\\/evasteet\\\/#breadcrumb\"},\"inLanguage\":\"sv-SE\",\"potentialAction\":[{\"@type\":\"ReadAction\",\"target\":[\"https:\\\/\\\/kuuloasi.fi\\\/evasteet\\\/\"]}]},{\"@type\":\"BreadcrumbList\",\"@id\":\"https:\\\/\\\/kuuloasi.fi\\\/evasteet\\\/#breadcrumb\",\"itemListElement\":[{\"@type\":\"ListItem\",\"position\":1,\"name\":\"Etusivu\",\"item\":\"https:\\\/\\\/kuuloasi.fi\\\/\"},{\"@type\":\"ListItem\",\"position\":2,\"name\":\"Ev\u00e4steet\"}]},{\"@type\":\"WebSite\",\"@id\":\"https:\\\/\\\/kuuloasi.fi\\\/#website\",\"url\":\"https:\\\/\\\/kuuloasi.fi\\\/\",\"name\":\"kuuloasi.fi\",\"description\":\"\",\"potentialAction\":[{\"@type\":\"SearchAction\",\"target\":{\"@type\":\"EntryPoint\",\"urlTemplate\":\"https:\\\/\\\/kuuloasi.fi\\\/?s={search_term_string}\"},\"query-input\":{\"@type\":\"PropertyValueSpecification\",\"valueRequired\":true,\"valueName\":\"search_term_string\"}}],\"inLanguage\":\"sv-SE\"}]}<\/script>\n<!-- \/ Yoast SEO plugin. -->","yoast_head_json":{"title":"Ev\u00e4steet - kuuloasi.fi","robots":{"index":"index","follow":"follow","max-snippet":"max-snippet:-1","max-image-preview":"max-image-preview:large","max-video-preview":"max-video-preview:-1"},"canonical":"https:\/\/kuuloasi.fi\/sv\/evasteet\/","og_locale":"sv_SE","og_type":"article","og_title":"Ev\u00e4steet - kuuloasi.fi","og_description":"Ev\u00e4stek\u00e4yt\u00e4nt\u00f6 Viimeksi p\u00e4ivitetty: 15.1.2026 Tervetuloa Kuuloasi verkkokauppaan! K\u00e4yt\u00e4mme ev\u00e4steit\u00e4 parantaaksemme k\u00e4ytt\u00f6kokemustasi, analysoidaksemme verkkosivuston liikennett\u00e4 ja kohdentaaksemme mainontaa. T\u00e4m\u00e4 ev\u00e4stek\u00e4yt\u00e4nt\u00f6 selitt\u00e4\u00e4, miten ja miksi k\u00e4yt\u00e4mme ev\u00e4steit\u00e4. \u00a0 Mit\u00e4 ev\u00e4steet ovat? Ev\u00e4steet ovat pieni\u00e4 tekstitiedostoja, jotka verkkosivusto tallentaa tietokoneellesi tai mobiililaitteellesi, kun vierailet sivustolla. Ne mahdollistavat verkkosivuston muistamaan toimintasi ja asetuksesi (kuten kirjautumisen, kielen, fonttikoon ja muita [&hellip;]","og_url":"https:\/\/kuuloasi.fi\/sv\/evasteet\/","og_site_name":"kuuloasi.fi","article_modified_time":"2026-01-15T22:00:19+00:00","twitter_card":"summary_large_image","twitter_misc":{"Ber\u00e4knad l\u00e4stid":"2 minuter"},"schema":{"@context":"https:\/\/schema.org","@graph":[{"@type":"WebPage","@id":"https:\/\/kuuloasi.fi\/evasteet\/","url":"https:\/\/kuuloasi.fi\/evasteet\/","name":"Ev\u00e4steet - kuuloasi.fi","isPartOf":{"@id":"https:\/\/kuuloasi.fi\/#website"},"datePublished":"2026-01-15T21:56:26+00:00","dateModified":"2026-01-15T22:00:19+00:00","breadcrumb":{"@id":"https:\/\/kuuloasi.fi\/evasteet\/#breadcrumb"},"inLanguage":"sv-SE","potentialAction":[{"@type":"ReadAction","target":["https:\/\/kuuloasi.fi\/evasteet\/"]}]},{"@type":"BreadcrumbList","@id":"https:\/\/kuuloasi.fi\/evasteet\/#breadcrumb","itemListElement":[{"@type":"ListItem","position":1,"name":"Etusivu","item":"https:\/\/kuuloasi.fi\/"},{"@type":"ListItem","position":2,"name":"Ev\u00e4steet"}]},{"@type":"WebSite","@id":"https:\/\/kuuloasi.fi\/#website","url":"https:\/\/kuuloasi.fi\/","name":"h\u00f6rsel.co.uk","description":"","potentialAction":[{"@type":"SearchAction","target":{"@type":"EntryPoint","urlTemplate":"https:\/\/kuuloasi.fi\/?s={search_term_string}"},"query-input":{"@type":"PropertyValueSpecification","valueRequired":true,"valueName":"search_term_string"}}],"inLanguage":"sv-SE"}]}},"_links":{"self":[{"href":"https:\/\/kuuloasi.fi\/sv\/wp-json\/wp\/v2\/pages\/1154","targetHints":{"allow":["GET"]}}],"collection":[{"href":"https:\/\/kuuloasi.fi\/sv\/wp-json\/wp\/v2\/pages"}],"about":[{"href":"https:\/\/kuuloasi.fi\/sv\/wp-json\/wp\/v2\/types\/page"}],"author":[{"embeddable":true,"href":"https:\/\/kuuloasi.fi\/sv\/wp-json\/wp\/v2\/users\/2"}],"replies":[{"embeddable":true,"href":"https:\/\/kuuloasi.fi\/sv\/wp-json\/wp\/v2\/comments?post=1154"}],"version-history":[{"count":7,"href":"https:\/\/kuuloasi.fi\/sv\/wp-json\/wp\/v2\/pages\/1154\/revisions"}],"predecessor-version":[{"id":1161,"href":"https:\/\/kuuloasi.fi\/sv\/wp-json\/wp\/v2\/pages\/1154\/revisions\/1161"}],"wp:attachment":[{"href":"https:\/\/kuuloasi.fi\/sv\/wp-json\/wp\/v2\/media?parent=1154"}],"curies":[{"name":"wp","href":"https:\/\/api.w.org\/{rel}","templated":true}]}}