{"id":1141,"date":"2026-01-15T21:50:32","date_gmt":"2026-01-15T21:50:32","guid":{"rendered":"https:\/\/kuuloasi.fi\/?page_id=1141"},"modified":"2026-01-15T21:54:46","modified_gmt":"2026-01-15T21:54:46","slug":"tietosuoja-ja-rekisteriseloste","status":"publish","type":"page","link":"https:\/\/kuuloasi.fi\/sv\/tietosuoja-ja-rekisteriseloste\/","title":{"rendered":"Dataskydd och registerbeskrivning"},"content":{"rendered":"<div data-elementor-type=\"wp-page\" data-elementor-id=\"1141\" class=\"elementor elementor-1141\" data-elementor-post-type=\"page\">\n\t\t\t\t<div data-particle_enable=\"false\" data-particle-mobile-disabled=\"false\" class=\"elementor-element elementor-element-c0ea800 e-con-full e-flex e-con e-parent\" data-id=\"c0ea800\" data-element_type=\"container\" data-e-type=\"container\">\n\t\t\t\t<div class=\"elementor-element elementor-element-ae5cb64 elementor-widget elementor-widget-heading\" data-id=\"ae5cb64\" data-element_type=\"widget\" data-e-type=\"widget\" data-widget_type=\"heading.default\">\n\t\t\t\t\t<h1 class=\"elementor-heading-title elementor-size-default\">Dataskydd och registerbeskrivning<\/h1>\t\t\t\t<\/div>\n\t\t\t\t<\/div>\n\t\t<div data-particle_enable=\"false\" data-particle-mobile-disabled=\"false\" class=\"elementor-element elementor-element-a9f9aa0 e-con-full e-flex e-con e-parent\" data-id=\"a9f9aa0\" data-element_type=\"container\" data-e-type=\"container\">\n\t\t\t\t<div class=\"elementor-element elementor-element-6122f1a elementor-widget__width-initial elementor-widget elementor-widget-text-editor\" data-id=\"6122f1a\" data-element_type=\"widget\" data-e-type=\"widget\" data-widget_type=\"text-editor.default\">\n\t\t\t\t\t\t\t\t\t<p><strong>Personuppgiftsansvarig:<\/strong><br \/>Riku Eerikkil\u00e4 Housing Investment Oy<br \/>Kunnaantie 7 B 9, 01370 Vantaa<br \/>FI28681928<br \/>+358 458750588<br \/>riku.e@outlook.com<\/p><p>\u00a0<\/p><p>Kontaktperson f\u00f6r fr\u00e5gor som r\u00f6r registret:<br \/>Riku Eerikkil\u00e4<br \/>Kunnaantie 7 B 9, 01370 Vantaa<br \/>+358 458750588<br \/>riku.e@outlook.com<\/p><p>\u00a0<\/p><p><strong>Registrets namn:<\/strong><br \/>Riku Eerikkil\u00e4 asuntosijoitus Oy kundregister f\u00f6r e-handel.<\/p><p>\u00a0<\/p><p><strong>\u00c4ndam\u00e5let med behandlingen av personuppgifterna:<\/strong><br \/>Personuppgifter behandlas f\u00f6r att uppr\u00e4tth\u00e5lla och hantera kundrelationer med v\u00e5ra e-handelskunder, s\u00e5som att kontakta dem enligt vad som kr\u00e4vs f\u00f6r kundrelationen och direktmarknadsf\u00f6ring. Kunder har r\u00e4tt att inv\u00e4nda mot att deras personuppgifter anv\u00e4nds f\u00f6r direktmarknadsf\u00f6ring.<\/p><p>\u00a0<\/p><p><strong>Datainneh\u00e5ll i registret:<\/strong><br \/>F\u00f6ljande uppgifter lagras i registret: kundens f\u00f6r- och efternamn, kundnummer, adress, telefonnummer, k\u00f6n, e-post, webbadress, spr\u00e5k, information om tillst\u00e5nd och f\u00f6rbud mot marknadsf\u00f6ring, information om kundens k\u00f6p, leveranser och rabatter samt eventuella anv\u00e4ndar-ID och l\u00f6senord.<\/p><p>\u00a0<\/p><p><strong>Regelbundna informationsk\u00e4llor:<\/strong><br \/>Fr\u00e5n kunden sj\u00e4lv f\u00f6r best\u00e4llningar som g\u00f6rs i webbutiken, genom retur och andra formul\u00e4r, via telefon, e-post eller liknande.<\/p><p>\u00a0<\/p><p><strong>Regelbundna offentligg\u00f6randen av uppgifter:<\/strong><br \/>Uppgifterna anv\u00e4nds endast f\u00f6r att hantera kundrelationer och l\u00e4mnas inte regelbundet ut till tredje part. Uppgifterna kan dock komma att l\u00e4mnas ut i samband med aktiviteter som r\u00f6r den tekniska hanteringen av webbutiken (t.ex. hantering av servern eller e-handelsplattformen), f\u00f6r leverans av best\u00e4llningar, f\u00f6r indrivning av utest\u00e5ende fakturor samt till offentliga myndigheter om de s\u00e5 kr\u00e4ver och om det \u00e4r till\u00e5tet enligt lag.<\/p><p>\u00a0<\/p><p><strong>\u00d6verf\u00f6ring av uppgifter utanf\u00f6r EU eller Europeiska ekonomiska samarbetsomr\u00e5det<\/strong><br \/>Uppgifterna kommer inte att \u00f6verf\u00f6ras utanf\u00f6r EU eller det Europeiska ekonomiska samarbetsomr\u00e5det.<\/p><p>\u00a0<\/p><p><strong>Lagring och f\u00f6rst\u00f6ring av data<\/strong><br \/>Uppgifterna i kundregistret sparas under den tid som kundrelationen varar. Order-, fakturerings- och betalningsuppgifter bevaras dock p\u00e5 samma s\u00e4tt som andra bokf\u00f6ringsuppgifter. Uppgifter som blir inaktuella f\u00f6rst\u00f6rs p\u00e5 ett s\u00e4kert s\u00e4tt.<\/p><p>\u00a0<\/p><p><strong>Anv\u00e4ndning av cookies<\/strong><br \/>Vi kan anv\u00e4nda cookies f\u00f6r att sp\u00e5ra bes\u00f6kstrafik och f\u00f6rb\u00e4ttra kvaliteten p\u00e5 tj\u00e4nsten, som lagras p\u00e5 din dator. Kakorna har en begr\u00e4nsad livsl\u00e4ngd och orsakar inte n\u00e5gon skada p\u00e5 anv\u00e4ndarens dator.<\/p><p>\u00a0<\/p><p><strong>Principer f\u00f6r skydd av registret<\/strong><br \/>Kundregistret behandlas konfidentiellt. Registret skyddas p\u00e5 ett adekvat s\u00e4tt av externa brandv\u00e4ggar och andra tekniska skydds\u00e5tg\u00e4rder. Registret bevaras endast i elektronisk form och tillf\u00e4lliga papperskopior f\u00f6rst\u00f6rs omedelbart och p\u00e5 l\u00e4mpligt s\u00e4tt.<\/p><p>Registret f\u00e5r endast anv\u00e4ndas av personer som har till uppgift att anv\u00e4nda det och som har tystnadsplikt. Varje anv\u00e4ndare av registret har ett personligt anv\u00e4ndarnamn och l\u00f6senord.<\/p><p><br \/><strong>R\u00e4tt till tillg\u00e5ng<\/strong><br \/>Enligt personuppgiftslagen har var och en r\u00e4tt att kontrollera vilka uppgifter om honom eller henne som finns lagrade i ett personregister. En beg\u00e4ran om insyn ska skickas i en egenh\u00e4ndigt undertecknad eller p\u00e5 motsvarande s\u00e4tt bestyrkt handling eller l\u00e4mnas personligen till v\u00e5rt kontor. Beg\u00e4ran skickas till ovan n\u00e4mnda kontaktperson, som ocks\u00e5 svarar p\u00e5 eventuella f\u00f6rfr\u00e5gningar om ytterligare information.<\/p><p><br \/><strong>Uppdatering av data<\/strong><br \/>Kunden kan uppdatera sina namn- och adressuppgifter i sin e-handelsprofil. Dessutom kan kunden kontakta v\u00e5r kontaktperson som n\u00e4mns ovan f\u00f6r att uppdatera sin information.<\/p><p><br \/><strong>Andra r\u00e4ttigheter i samband med behandling av personuppgifter<\/strong><br \/>Du har r\u00e4tt att inv\u00e4nda mot behandlingen av dina uppgifter f\u00f6r marknadsf\u00f6rings\u00e4ndam\u00e5l. Beg\u00e4ran om att begr\u00e4nsa behandlingen av uppgifter ska g\u00f6ras via e-post till registrets kontaktperson.<\/p>\t\t\t\t\t\t\t\t<\/div>\n\t\t\t\t<\/div>\n\t\t\t\t<\/div>","protected":false},"excerpt":{"rendered":"<p>Tietosuoja- ja rekisteriseloste Rekisterinpit\u00e4j\u00e4:Riku Eerikkil\u00e4 asuntosijoitus OyKunnaantie 7 B 9, 01370 VantaaFI28681928+358 458750588riku.e@outlook.com \u00a0 Yhteyshenkil\u00f6 rekisteri\u00e4 koskevissa asioissa:Riku Eerikkil\u00e4Kunnaantie 7 B 9, 01370 Vantaa+358 458750588riku.e@outlook.com \u00a0 Rekisterin nimi:Riku Eerikkil\u00e4 asuntosijoitus Oy verkkokaupan asiakasrekisteri. \u00a0 Henkil\u00f6tietojen k\u00e4sittelyn tarkoitus:Henkil\u00f6tietoja k\u00e4sitell\u00e4\u00e4n verkkokaupan asiakkaidemme asiakassuhteiden yll\u00e4pit\u00e4miseen ja hoitoon kuten asiakassuhteen edellytt\u00e4miin yhteydenottoihin ja suoramarkkinointiin. Asiakkaalla on oikeus kielt\u00e4\u00e4 itse\u00e4\u00e4n [&hellip;]<\/p>\n","protected":false},"author":2,"featured_media":0,"parent":0,"menu_order":0,"comment_status":"closed","ping_status":"closed","template":"","meta":{"_acf_changed":false,"footnotes":""},"class_list":["post-1141","page","type-page","status-publish","hentry"],"acf":[],"yoast_head":"<!-- This site is optimized with the Yoast SEO plugin v27.4 - https:\/\/yoast.com\/product\/yoast-seo-wordpress\/ -->\n<title>Tietosuoja- ja rekisteriseloste - kuuloasi.fi<\/title>\n<meta name=\"robots\" content=\"index, follow, max-snippet:-1, max-image-preview:large, max-video-preview:-1\" \/>\n<link rel=\"canonical\" href=\"https:\/\/kuuloasi.fi\/sv\/tietosuoja-ja-rekisteriseloste\/\" \/>\n<meta property=\"og:locale\" content=\"sv_SE\" \/>\n<meta property=\"og:type\" content=\"article\" \/>\n<meta property=\"og:title\" content=\"Tietosuoja- ja rekisteriseloste - kuuloasi.fi\" \/>\n<meta property=\"og:description\" content=\"Tietosuoja- ja rekisteriseloste Rekisterinpit\u00e4j\u00e4:Riku Eerikkil\u00e4 asuntosijoitus OyKunnaantie 7 B 9, 01370 VantaaFI28681928+358 458750588riku.e@outlook.com \u00a0 Yhteyshenkil\u00f6 rekisteri\u00e4 koskevissa asioissa:Riku Eerikkil\u00e4Kunnaantie 7 B 9, 01370 Vantaa+358 458750588riku.e@outlook.com \u00a0 Rekisterin nimi:Riku Eerikkil\u00e4 asuntosijoitus Oy verkkokaupan asiakasrekisteri. \u00a0 Henkil\u00f6tietojen k\u00e4sittelyn tarkoitus:Henkil\u00f6tietoja k\u00e4sitell\u00e4\u00e4n verkkokaupan asiakkaidemme asiakassuhteiden yll\u00e4pit\u00e4miseen ja hoitoon kuten asiakassuhteen edellytt\u00e4miin yhteydenottoihin ja suoramarkkinointiin. Asiakkaalla on oikeus kielt\u00e4\u00e4 itse\u00e4\u00e4n [&hellip;]\" \/>\n<meta property=\"og:url\" content=\"https:\/\/kuuloasi.fi\/sv\/tietosuoja-ja-rekisteriseloste\/\" \/>\n<meta property=\"og:site_name\" content=\"kuuloasi.fi\" \/>\n<meta property=\"article:modified_time\" content=\"2026-01-15T21:54:46+00:00\" \/>\n<meta name=\"twitter:card\" content=\"summary_large_image\" \/>\n<meta name=\"twitter:label1\" content=\"Ber\u00e4knad l\u00e4stid\" \/>\n\t<meta name=\"twitter:data1\" content=\"3 minuter\" \/>\n<script type=\"application\/ld+json\" class=\"yoast-schema-graph\">{\"@context\":\"https:\\\/\\\/schema.org\",\"@graph\":[{\"@type\":\"WebPage\",\"@id\":\"https:\\\/\\\/kuuloasi.fi\\\/tietosuoja-ja-rekisteriseloste\\\/\",\"url\":\"https:\\\/\\\/kuuloasi.fi\\\/tietosuoja-ja-rekisteriseloste\\\/\",\"name\":\"Tietosuoja- ja rekisteriseloste - kuuloasi.fi\",\"isPartOf\":{\"@id\":\"https:\\\/\\\/kuuloasi.fi\\\/#website\"},\"datePublished\":\"2026-01-15T21:50:32+00:00\",\"dateModified\":\"2026-01-15T21:54:46+00:00\",\"breadcrumb\":{\"@id\":\"https:\\\/\\\/kuuloasi.fi\\\/tietosuoja-ja-rekisteriseloste\\\/#breadcrumb\"},\"inLanguage\":\"sv-SE\",\"potentialAction\":[{\"@type\":\"ReadAction\",\"target\":[\"https:\\\/\\\/kuuloasi.fi\\\/tietosuoja-ja-rekisteriseloste\\\/\"]}]},{\"@type\":\"BreadcrumbList\",\"@id\":\"https:\\\/\\\/kuuloasi.fi\\\/tietosuoja-ja-rekisteriseloste\\\/#breadcrumb\",\"itemListElement\":[{\"@type\":\"ListItem\",\"position\":1,\"name\":\"Etusivu\",\"item\":\"https:\\\/\\\/kuuloasi.fi\\\/\"},{\"@type\":\"ListItem\",\"position\":2,\"name\":\"Tietosuoja- ja rekisteriseloste\"}]},{\"@type\":\"WebSite\",\"@id\":\"https:\\\/\\\/kuuloasi.fi\\\/#website\",\"url\":\"https:\\\/\\\/kuuloasi.fi\\\/\",\"name\":\"kuuloasi.fi\",\"description\":\"\",\"potentialAction\":[{\"@type\":\"SearchAction\",\"target\":{\"@type\":\"EntryPoint\",\"urlTemplate\":\"https:\\\/\\\/kuuloasi.fi\\\/?s={search_term_string}\"},\"query-input\":{\"@type\":\"PropertyValueSpecification\",\"valueRequired\":true,\"valueName\":\"search_term_string\"}}],\"inLanguage\":\"sv-SE\"}]}<\/script>\n<!-- \/ Yoast SEO plugin. -->","yoast_head_json":{"title":"Tietosuoja- ja rekisteriseloste - kuuloasi.fi","robots":{"index":"index","follow":"follow","max-snippet":"max-snippet:-1","max-image-preview":"max-image-preview:large","max-video-preview":"max-video-preview:-1"},"canonical":"https:\/\/kuuloasi.fi\/sv\/tietosuoja-ja-rekisteriseloste\/","og_locale":"sv_SE","og_type":"article","og_title":"Tietosuoja- ja rekisteriseloste - kuuloasi.fi","og_description":"Tietosuoja- ja rekisteriseloste Rekisterinpit\u00e4j\u00e4:Riku Eerikkil\u00e4 asuntosijoitus OyKunnaantie 7 B 9, 01370 VantaaFI28681928+358 458750588riku.e@outlook.com \u00a0 Yhteyshenkil\u00f6 rekisteri\u00e4 koskevissa asioissa:Riku Eerikkil\u00e4Kunnaantie 7 B 9, 01370 Vantaa+358 458750588riku.e@outlook.com \u00a0 Rekisterin nimi:Riku Eerikkil\u00e4 asuntosijoitus Oy verkkokaupan asiakasrekisteri. \u00a0 Henkil\u00f6tietojen k\u00e4sittelyn tarkoitus:Henkil\u00f6tietoja k\u00e4sitell\u00e4\u00e4n verkkokaupan asiakkaidemme asiakassuhteiden yll\u00e4pit\u00e4miseen ja hoitoon kuten asiakassuhteen edellytt\u00e4miin yhteydenottoihin ja suoramarkkinointiin. Asiakkaalla on oikeus kielt\u00e4\u00e4 itse\u00e4\u00e4n [&hellip;]","og_url":"https:\/\/kuuloasi.fi\/sv\/tietosuoja-ja-rekisteriseloste\/","og_site_name":"kuuloasi.fi","article_modified_time":"2026-01-15T21:54:46+00:00","twitter_card":"summary_large_image","twitter_misc":{"Ber\u00e4knad l\u00e4stid":"3 minuter"},"schema":{"@context":"https:\/\/schema.org","@graph":[{"@type":"WebPage","@id":"https:\/\/kuuloasi.fi\/tietosuoja-ja-rekisteriseloste\/","url":"https:\/\/kuuloasi.fi\/tietosuoja-ja-rekisteriseloste\/","name":"Tietosuoja- ja rekisteriseloste - kuuloasi.fi","isPartOf":{"@id":"https:\/\/kuuloasi.fi\/#website"},"datePublished":"2026-01-15T21:50:32+00:00","dateModified":"2026-01-15T21:54:46+00:00","breadcrumb":{"@id":"https:\/\/kuuloasi.fi\/tietosuoja-ja-rekisteriseloste\/#breadcrumb"},"inLanguage":"sv-SE","potentialAction":[{"@type":"ReadAction","target":["https:\/\/kuuloasi.fi\/tietosuoja-ja-rekisteriseloste\/"]}]},{"@type":"BreadcrumbList","@id":"https:\/\/kuuloasi.fi\/tietosuoja-ja-rekisteriseloste\/#breadcrumb","itemListElement":[{"@type":"ListItem","position":1,"name":"Etusivu","item":"https:\/\/kuuloasi.fi\/"},{"@type":"ListItem","position":2,"name":"Tietosuoja- ja rekisteriseloste"}]},{"@type":"WebSite","@id":"https:\/\/kuuloasi.fi\/#website","url":"https:\/\/kuuloasi.fi\/","name":"h\u00f6rsel.co.uk","description":"","potentialAction":[{"@type":"SearchAction","target":{"@type":"EntryPoint","urlTemplate":"https:\/\/kuuloasi.fi\/?s={search_term_string}"},"query-input":{"@type":"PropertyValueSpecification","valueRequired":true,"valueName":"search_term_string"}}],"inLanguage":"sv-SE"}]}},"_links":{"self":[{"href":"https:\/\/kuuloasi.fi\/sv\/wp-json\/wp\/v2\/pages\/1141","targetHints":{"allow":["GET"]}}],"collection":[{"href":"https:\/\/kuuloasi.fi\/sv\/wp-json\/wp\/v2\/pages"}],"about":[{"href":"https:\/\/kuuloasi.fi\/sv\/wp-json\/wp\/v2\/types\/page"}],"author":[{"embeddable":true,"href":"https:\/\/kuuloasi.fi\/sv\/wp-json\/wp\/v2\/users\/2"}],"replies":[{"embeddable":true,"href":"https:\/\/kuuloasi.fi\/sv\/wp-json\/wp\/v2\/comments?post=1141"}],"version-history":[{"count":4,"href":"https:\/\/kuuloasi.fi\/sv\/wp-json\/wp\/v2\/pages\/1141\/revisions"}],"predecessor-version":[{"id":1146,"href":"https:\/\/kuuloasi.fi\/sv\/wp-json\/wp\/v2\/pages\/1141\/revisions\/1146"}],"wp:attachment":[{"href":"https:\/\/kuuloasi.fi\/sv\/wp-json\/wp\/v2\/media?parent=1141"}],"curies":[{"name":"wp","href":"https:\/\/api.w.org\/{rel}","templated":true}]}}