{"id":1127,"date":"2026-01-15T21:41:36","date_gmt":"2026-01-15T21:41:36","guid":{"rendered":"https:\/\/kuuloasi.fi\/?page_id=1127"},"modified":"2026-01-21T19:44:16","modified_gmt":"2026-01-21T19:44:16","slug":"toimitus-ja-maksutapatiedot","status":"publish","type":"page","link":"https:\/\/kuuloasi.fi\/sv\/toimitus-ja-maksutapatiedot\/","title":{"rendered":"Leverans- och betalningsinformation"},"content":{"rendered":"\t\t<div data-elementor-type=\"wp-page\" data-elementor-id=\"1127\" class=\"elementor elementor-1127\" data-elementor-post-type=\"page\">\n\t\t\t\t<div data-particle_enable=\"false\" data-particle-mobile-disabled=\"false\" class=\"elementor-element elementor-element-a23f40c e-con-full e-flex e-con e-parent\" data-id=\"a23f40c\" data-element_type=\"container\" data-e-type=\"container\">\n\t\t\t\t<div class=\"elementor-element elementor-element-dbb5999 elementor-widget elementor-widget-heading\" data-id=\"dbb5999\" data-element_type=\"widget\" data-e-type=\"widget\" data-widget_type=\"heading.default\">\n\t\t\t\t\t<h1 class=\"elementor-heading-title elementor-size-default\">Toimitus- ja maksutavat<\/h1>\t\t\t\t<\/div>\n\t\t\t\t<\/div>\n\t\t<div data-particle_enable=\"false\" data-particle-mobile-disabled=\"false\" class=\"elementor-element elementor-element-c6021d4 e-con-full e-flex e-con e-parent\" data-id=\"c6021d4\" data-element_type=\"container\" data-e-type=\"container\">\n\t\t\t\t<div class=\"elementor-element elementor-element-b79a1a0 elementor-widget__width-initial elementor-widget elementor-widget-text-editor\" data-id=\"b79a1a0\" data-element_type=\"widget\" data-e-type=\"widget\" data-widget_type=\"text-editor.default\">\n\t\t\t\t\t\t\t\t\t<p><strong>Maksutavat<\/strong><\/p><p>Tuotteet ja niiden postikulut maksetaan tilauksen yhteydess\u00e4. Verkkokaupassa voidaan maksaa seuraavilla maksutavoilla: Nordea, Osuuspankki, Danske Bank, \u00c5landsbanken, Handelsbanken, S-Pankki, Aktia, S\u00e4\u00e4st\u00f6pankki, POP Pankki, Oma S\u00e4\u00e4st\u00f6pankki, Visa, MasterCard, American Express, Diners Club, JCB, Collector lasku- ja osamaksutavat, Jousto lasku- ja osamaksutavat, Paytrail-tili. Maksaminen tapahtuu Paytrail Oyj:n sivuston kautta.<\/p><p>\u2014\u2014\u2014\u2014\u2014\u2014\u2013<\/p><p><strong>Maksupalveluntarjoaja<\/strong><\/p><p>Maksunv\u00e4lityspalvelun toteuttajana ja maksupalveluntarjoajana toimii Paytrail Oyj\u00a0<em>[<a href=\"https:\/\/www.paytrail.com\/\">www.paytrail.com<\/a>]<\/em>\u00a0(2122839-7) yhteisty\u00f6ss\u00e4 suomalaisten pankkien ja luottolaitosten kanssa. Paytrail Oyj n\u00e4kyy maksun saajana tiliotteella tai korttilaskulla ja v\u00e4litt\u00e4\u00e4 maksun kauppiaalle. Paytrail Oyj:ll\u00e4 on maksulaitoksen toimilupa. Reklamaatiotapauksissa pyyd\u00e4mme ottamaan ensisijaisesti yhteytt\u00e4 tuotteen toimittajaan.<\/p><p>Paytrail Oyj, y-tunnus: 2122839-7<\/p><p>Innova 2<\/p><p>Lutakonaukio 7<\/p><p>40100 Jyv\u00e4skyl\u00e4<\/p><p>Puhelin: 0207 181830<\/p><p>www.paytrail.com<\/p><p>\u2014\u2014\u2014\u2014\u2014\u2014\u2013<\/p><p><strong>Toimitustavat ja -aika<\/strong><\/p><p>Postitamme tuotteita jokaisena arkip\u00e4iv\u00e4n\u00e4. Pyrimme toimittamaan tuotteet seuraavana arkip\u00e4iv\u00e4n\u00e4 tilauksen tekemisen j\u00e4lkeen. Tilaus toimitetaan aina suoraan asiakkaan postilaatikkoon. Postikulut normaalisti 5,9\u20ac ja yli 45\u20ac tilauksiin tarjotaan ilmainen toimitus.\u00a0<\/p><p>Toimitustapana meill\u00e4 toimii Postin pikkupaketti (toimitetaan suoraan asiakkaan postilaatikkoon).<\/p><p>Voit seurata l\u00e4hetyst\u00e4 tilausseurantakoodin avulla, joka toimitetaan tilauksen l\u00e4hetysvahvistuksessa.<\/p><p>Kuljetusyrityksen toimitusaika tilauksesta riippuu toimitusp\u00e4iv\u00e4st\u00e4 ja toimitustavasta. Tilaukset saapuvat asiakkaille keskim\u00e4\u00e4rin 2- 5 arkip\u00e4iv\u00e4n kuluessa l\u00e4hetyksest\u00e4.\u00a0<\/p>\t\t\t\t\t\t\t\t<\/div>\n\t\t\t\t<\/div>\n\t\t\t\t<\/div>\n\t\t","protected":false},"excerpt":{"rendered":"<p>Toimitus- ja maksutavat Maksutavat Tuotteet ja niiden postikulut maksetaan tilauksen yhteydess\u00e4. Verkkokaupassa voidaan maksaa seuraavilla maksutavoilla: Nordea, Osuuspankki, Danske Bank, \u00c5landsbanken, Handelsbanken, S-Pankki, Aktia, S\u00e4\u00e4st\u00f6pankki, POP Pankki, Oma S\u00e4\u00e4st\u00f6pankki, Visa, MasterCard, American Express, Diners Club, JCB, Collector lasku- ja osamaksutavat, Jousto lasku- ja osamaksutavat, Paytrail-tili. Maksaminen tapahtuu Paytrail Oyj:n sivuston kautta. \u2014\u2014\u2014\u2014\u2014\u2014\u2013 Maksupalveluntarjoaja Maksunv\u00e4lityspalvelun toteuttajana [&hellip;]<\/p>\n","protected":false},"author":2,"featured_media":0,"parent":0,"menu_order":0,"comment_status":"closed","ping_status":"closed","template":"","meta":{"_acf_changed":false,"footnotes":""},"class_list":["post-1127","page","type-page","status-publish","hentry"],"acf":[],"yoast_head":"<!-- This site is optimized with the Yoast SEO plugin v27.4 - https:\/\/yoast.com\/product\/yoast-seo-wordpress\/ -->\n<title>Toimitus- ja maksutapatiedot - Kuuloasi.fi<\/title>\n<meta name=\"description\" content=\"Lis\u00e4\u00e4 toimitus- ja maksutapatiedot tilaukseesi ja siirry kassalle.\" \/>\n<meta name=\"robots\" content=\"index, follow, max-snippet:-1, max-image-preview:large, max-video-preview:-1\" \/>\n<link rel=\"canonical\" href=\"https:\/\/kuuloasi.fi\/sv\/toimitus-ja-maksutapatiedot\/\" \/>\n<meta property=\"og:locale\" content=\"sv_SE\" \/>\n<meta property=\"og:type\" content=\"article\" \/>\n<meta property=\"og:title\" content=\"Toimitus- ja maksutapatiedot - Kuuloasi.fi\" \/>\n<meta property=\"og:description\" content=\"Lis\u00e4\u00e4 toimitus- ja maksutapatiedot tilaukseesi ja siirry kassalle.\" \/>\n<meta property=\"og:url\" content=\"https:\/\/kuuloasi.fi\/sv\/toimitus-ja-maksutapatiedot\/\" \/>\n<meta property=\"og:site_name\" content=\"kuuloasi.fi\" \/>\n<meta property=\"article:modified_time\" content=\"2026-01-21T19:44:16+00:00\" \/>\n<meta name=\"twitter:card\" content=\"summary_large_image\" \/>\n<meta name=\"twitter:label1\" content=\"Ber\u00e4knad l\u00e4stid\" \/>\n\t<meta name=\"twitter:data1\" content=\"2 minuter\" \/>\n<script type=\"application\/ld+json\" class=\"yoast-schema-graph\">{\"@context\":\"https:\\\/\\\/schema.org\",\"@graph\":[{\"@type\":\"WebPage\",\"@id\":\"https:\\\/\\\/kuuloasi.fi\\\/toimitus-ja-maksutapatiedot\\\/\",\"url\":\"https:\\\/\\\/kuuloasi.fi\\\/toimitus-ja-maksutapatiedot\\\/\",\"name\":\"Toimitus- ja maksutapatiedot - Kuuloasi.fi\",\"isPartOf\":{\"@id\":\"https:\\\/\\\/kuuloasi.fi\\\/#website\"},\"datePublished\":\"2026-01-15T21:41:36+00:00\",\"dateModified\":\"2026-01-21T19:44:16+00:00\",\"description\":\"Lis\u00e4\u00e4 toimitus- ja maksutapatiedot tilaukseesi ja siirry kassalle.\",\"breadcrumb\":{\"@id\":\"https:\\\/\\\/kuuloasi.fi\\\/toimitus-ja-maksutapatiedot\\\/#breadcrumb\"},\"inLanguage\":\"sv-SE\",\"potentialAction\":[{\"@type\":\"ReadAction\",\"target\":[\"https:\\\/\\\/kuuloasi.fi\\\/toimitus-ja-maksutapatiedot\\\/\"]}]},{\"@type\":\"BreadcrumbList\",\"@id\":\"https:\\\/\\\/kuuloasi.fi\\\/toimitus-ja-maksutapatiedot\\\/#breadcrumb\",\"itemListElement\":[{\"@type\":\"ListItem\",\"position\":1,\"name\":\"Etusivu\",\"item\":\"https:\\\/\\\/kuuloasi.fi\\\/\"},{\"@type\":\"ListItem\",\"position\":2,\"name\":\"Toimitus- ja maksutapatiedot\"}]},{\"@type\":\"WebSite\",\"@id\":\"https:\\\/\\\/kuuloasi.fi\\\/#website\",\"url\":\"https:\\\/\\\/kuuloasi.fi\\\/\",\"name\":\"kuuloasi.fi\",\"description\":\"\",\"potentialAction\":[{\"@type\":\"SearchAction\",\"target\":{\"@type\":\"EntryPoint\",\"urlTemplate\":\"https:\\\/\\\/kuuloasi.fi\\\/?s={search_term_string}\"},\"query-input\":{\"@type\":\"PropertyValueSpecification\",\"valueRequired\":true,\"valueName\":\"search_term_string\"}}],\"inLanguage\":\"sv-SE\"}]}<\/script>\n<!-- \/ Yoast SEO plugin. -->","yoast_head_json":{"title":"Toimitus- ja maksutapatiedot - Kuuloasi.fi","description":"Lis\u00e4\u00e4 toimitus- ja maksutapatiedot tilaukseesi ja siirry kassalle.","robots":{"index":"index","follow":"follow","max-snippet":"max-snippet:-1","max-image-preview":"max-image-preview:large","max-video-preview":"max-video-preview:-1"},"canonical":"https:\/\/kuuloasi.fi\/sv\/toimitus-ja-maksutapatiedot\/","og_locale":"sv_SE","og_type":"article","og_title":"Toimitus- ja maksutapatiedot - Kuuloasi.fi","og_description":"Lis\u00e4\u00e4 toimitus- ja maksutapatiedot tilaukseesi ja siirry kassalle.","og_url":"https:\/\/kuuloasi.fi\/sv\/toimitus-ja-maksutapatiedot\/","og_site_name":"kuuloasi.fi","article_modified_time":"2026-01-21T19:44:16+00:00","twitter_card":"summary_large_image","twitter_misc":{"Ber\u00e4knad l\u00e4stid":"2 minuter"},"schema":{"@context":"https:\/\/schema.org","@graph":[{"@type":"WebPage","@id":"https:\/\/kuuloasi.fi\/toimitus-ja-maksutapatiedot\/","url":"https:\/\/kuuloasi.fi\/toimitus-ja-maksutapatiedot\/","name":"Toimitus- ja maksutapatiedot - Kuuloasi.fi","isPartOf":{"@id":"https:\/\/kuuloasi.fi\/#website"},"datePublished":"2026-01-15T21:41:36+00:00","dateModified":"2026-01-21T19:44:16+00:00","description":"Lis\u00e4\u00e4 toimitus- ja maksutapatiedot tilaukseesi ja siirry kassalle.","breadcrumb":{"@id":"https:\/\/kuuloasi.fi\/toimitus-ja-maksutapatiedot\/#breadcrumb"},"inLanguage":"sv-SE","potentialAction":[{"@type":"ReadAction","target":["https:\/\/kuuloasi.fi\/toimitus-ja-maksutapatiedot\/"]}]},{"@type":"BreadcrumbList","@id":"https:\/\/kuuloasi.fi\/toimitus-ja-maksutapatiedot\/#breadcrumb","itemListElement":[{"@type":"ListItem","position":1,"name":"Etusivu","item":"https:\/\/kuuloasi.fi\/"},{"@type":"ListItem","position":2,"name":"Toimitus- ja maksutapatiedot"}]},{"@type":"WebSite","@id":"https:\/\/kuuloasi.fi\/#website","url":"https:\/\/kuuloasi.fi\/","name":"h\u00f6rsel.co.uk","description":"","potentialAction":[{"@type":"SearchAction","target":{"@type":"EntryPoint","urlTemplate":"https:\/\/kuuloasi.fi\/?s={search_term_string}"},"query-input":{"@type":"PropertyValueSpecification","valueRequired":true,"valueName":"search_term_string"}}],"inLanguage":"sv-SE"}]}},"_links":{"self":[{"href":"https:\/\/kuuloasi.fi\/sv\/wp-json\/wp\/v2\/pages\/1127","targetHints":{"allow":["GET"]}}],"collection":[{"href":"https:\/\/kuuloasi.fi\/sv\/wp-json\/wp\/v2\/pages"}],"about":[{"href":"https:\/\/kuuloasi.fi\/sv\/wp-json\/wp\/v2\/types\/page"}],"author":[{"embeddable":true,"href":"https:\/\/kuuloasi.fi\/sv\/wp-json\/wp\/v2\/users\/2"}],"replies":[{"embeddable":true,"href":"https:\/\/kuuloasi.fi\/sv\/wp-json\/wp\/v2\/comments?post=1127"}],"version-history":[{"count":16,"href":"https:\/\/kuuloasi.fi\/sv\/wp-json\/wp\/v2\/pages\/1127\/revisions"}],"predecessor-version":[{"id":1149,"href":"https:\/\/kuuloasi.fi\/sv\/wp-json\/wp\/v2\/pages\/1127\/revisions\/1149"}],"wp:attachment":[{"href":"https:\/\/kuuloasi.fi\/sv\/wp-json\/wp\/v2\/media?parent=1127"}],"curies":[{"name":"wp","href":"https:\/\/api.w.org\/{rel}","templated":true}]}}