{"id":854,"date":"2025-12-04T11:48:46","date_gmt":"2025-12-04T11:48:46","guid":{"rendered":"https:\/\/kuuloasi.fi\/?post_type=product&#038;p=854"},"modified":"2026-04-15T13:02:16","modified_gmt":"2026-04-15T13:02:16","slug":"puhdistusharja","status":"publish","type":"product","link":"https:\/\/kuuloasi.fi\/en\/product\/puhdistusharja\/","title":{"rendered":"Cleaning brush"},"content":{"rendered":"<p><iframe title=\"Kuulokojeen puhdistusharjan k\u00e4ytt\u00f6\" width=\"800\" height=\"450\" src=\"https:\/\/www.youtube.com\/embed\/4CEQV7QJ1Jw?feature=oembed\" frameborder=\"0\" allow=\"accelerometer; autoplay; clipboard-write; encrypted-media; gyroscope; picture-in-picture; web-share\" referrerpolicy=\"strict-origin-when-cross-origin\" allowfullscreen><\/iframe><\/p>\n<h2 tabindex=\"0\" data-end=\"441\" data-start=\"406\">Miksi k\u00e4ytt\u00e4\u00e4 puhdistusharjaa s\u00e4\u00e4nn\u00f6llisesti?<\/h2>\n<ul data-end=\"683\" data-start=\"443\">\n<li data-end=\"523\" data-start=\"443\">\n<p data-end=\"523\" data-start=\"445\"><span class=\"relative -mx-px my-[-0.2rem] rounded px-px py-[0.2rem] transition-colors duration-100 ease-in-out\"><strong data-end=\"22\" data-is-only-node=\"\" data-start=\"0\">Parempi \u00e4\u00e4nenlaatu<\/strong>: Puhdas korvakappale takaa selke\u00e4mm\u00e4n ja kirkkaamman \u00e4\u00e4nen.<\/span><\/p>\n<\/li>\n<li data-end=\"604\" data-start=\"524\">\n<p data-end=\"604\" data-start=\"526\"><span class=\"relative -mx-px my-[-0.2rem] rounded px-px py-[0.2rem] transition-colors duration-100 ease-in-out\"><strong data-end=\"24\" data-is-only-node=\"\" data-start=\"0\">Terveellisempi korva<\/strong>: Likainen koja ker\u00e4\u00e4 bakteereja, mik\u00e4 lis\u00e4\u00e4 korvatulehduksen riski\u00e4.<\/span><\/p>\n<\/li>\n<li data-end=\"683\" data-start=\"605\">\n<p data-end=\"683\" data-start=\"607\"><span class=\"relative -mx-px my-[-0.2rem] rounded px-px py-[0.2rem] transition-colors duration-100 ease-in-out\"><strong data-end=\"21\" data-is-only-node=\"\" data-start=\"0\">Pidempi k\u00e4ytt\u00f6ik\u00e4<\/strong>: S\u00e4\u00e4nn\u00f6llinen puhdistus est\u00e4\u00e4 lian ja vahan kertymisen, mik\u00e4 voi aiheuttaa tukoksia tai laitevikoja.<\/span><\/p>\n<\/li>\n<\/ul>\n<hr data-end=\"688\" data-start=\"685\" \/>\n<h3 tabindex=\"0\" data-end=\"704\" data-start=\"690\">Puhdistusharjan k\u00e4ytt\u00f6ohje<\/h3>\n<ol data-end=\"1333\" data-start=\"706\">\n<li data-end=\"809\" data-start=\"706\">\n<p data-end=\"809\" data-start=\"709\"><strong data-end=\"723\" data-start=\"709\">Valmistelu<\/strong><br data-end=\"726\" data-start=\"723\" \/><span class=\"relative -mx-px my-[-0.2rem] rounded px-px py-[0.2rem] transition-colors duration-100 ease-in-out\">Varmista hyv\u00e4 valaistus ja puhdas ty\u00f6skentelyala. Ota esiin oikeankokoinen puhdistusharja ja korvakappale.<\/span><\/p>\n<\/li>\n<li data-end=\"911\" data-start=\"811\">\n<p data-end=\"911\" data-start=\"814\"><strong data-end=\"825\" data-start=\"814\">Irrotus<\/strong><br data-end=\"828\" data-start=\"825\" \/><span class=\"relative -mx-px my-[-0.2rem] rounded px-px py-[0.2rem] transition-colors duration-100 ease-in-out\">Irrota korvakappale varovasti kuulokojeesta irrotettavaa v\u00e4liletkua apuna k\u00e4ytt\u00e4en.<\/span><\/p>\n<\/li>\n<li data-end=\"1017\" data-start=\"913\">\n<p data-end=\"1017\" data-start=\"916\"><strong data-end=\"929\" data-start=\"916\">Puhdistus<\/strong><br data-end=\"932\" data-start=\"929\" \/><span class=\"relative -mx-px my-[-0.2rem] rounded px-px py-[0.2rem] transition-colors duration-100 ease-in-out\">Vie puhdistusharjan p\u00e4\u00e4 ilmastointikanavaan ja liikuta edestakaisin poistaaksesi vahan, liat ja muut kertym\u00e4t.<\/span><\/p>\n<\/li>\n<li data-end=\"1121\" data-start=\"1019\">\n<p data-end=\"1121\" data-start=\"1022\"><strong data-end=\"1035\" data-start=\"1022\">Tarkistus<\/strong><br data-end=\"1038\" data-start=\"1035\" \/><span class=\"relative -mx-px my-[-0.2rem] rounded px-px py-[0.2rem] transition-colors duration-100 ease-in-out\">Varmista, ett\u00e4 kanava on puhdas ja toista tarvittaessa, kunnes kaikki lika on poistunut.<\/span><\/p>\n<\/li>\n<li data-end=\"1225\" data-start=\"1123\">\n<p data-end=\"1225\" data-start=\"1126\"><strong data-end=\"1139\" data-start=\"1126\">Kiinnitys<\/strong><br data-end=\"1142\" data-start=\"1139\" \/><span class=\"relative -mx-px my-[-0.2rem] rounded px-px py-[0.2rem] transition-colors duration-100 ease-in-out\">Aseta korvakappale takaisin kuulokojeeseen valmistajan ohjeiden mukaan.<\/span><\/p>\n<\/li>\n<li data-end=\"1333\" data-start=\"1227\">\n<p data-end=\"1333\" data-start=\"1230\"><strong data-end=\"1247\" data-start=\"1230\">Toimintatesti<\/strong><br data-end=\"1250\" data-start=\"1247\" \/><span class=\"relative -mx-px my-[-0.2rem] rounded px-px py-[0.2rem] transition-colors duration-100 ease-in-out\">Kytke kuulokoje p\u00e4\u00e4lle varmistaaksesi, ett\u00e4 \u00e4\u00e4ni kulkee puhtaasti ja selke\u00e4sti.<\/span><\/p>\n<\/li>\n<\/ol>\n<hr data-end=\"1338\" data-start=\"1335\" \/>\n<h3 tabindex=\"0\" data-end=\"1370\" data-start=\"1340\">Vinkki: laajempi puhdistus<\/h3>\n<p data-end=\"1452\" data-start=\"1372\"><span class=\"relative -mx-px my-[-0.2rem] rounded px-px py-[0.2rem] transition-colors duration-100 ease-in-out\">Joskus on hyv\u00e4 hy\u00f6dynt\u00e4\u00e4 my\u00f6s puhdistustabletteja, esimerkiksi <a href=\"https:\/\/kuuloasi.fi\/tuote\/cedis-puhdistustabletti-20kpl\/\">Cedis-puhdistustabletit (20\u202fkpl)<\/a> \u2013 ne desinfioivat ja puhdistavat korvakappaleet perusteellisesti, erityisesti kertymien j\u00e4lkeen.<\/span><\/p>\n<hr data-end=\"1457\" data-start=\"1454\" \/>\n<h3 tabindex=\"0\" data-end=\"1483\" data-start=\"1459\">Puhdistusharjan tuotetiedot lyhyesti<\/h3>\n<div class=\"_tableContainer_16hzy_1\">\n<div class=\"_tableWrapper_16hzy_14 group flex w-fit flex-col-reverse\" tabindex=\"-1\">\n<table class=\"w-fit min-w-(--thread-content-width)\" data-end=\"1874\" data-start=\"1485\">\n<thead data-end=\"1516\" data-start=\"1485\">\n<tr data-end=\"1516\" data-start=\"1485\">\n<th data-col-size=\"sm\" data-end=\"1506\" data-start=\"1485\">Ominaisuus<\/th>\n<th data-col-size=\"sm\" data-end=\"1516\" data-start=\"1506\">Kuvaus<\/th>\n<\/tr>\n<\/thead>\n<tbody data-end=\"1874\" data-start=\"1549\">\n<tr data-end=\"1613\" data-start=\"1549\">\n<td data-col-size=\"sm\" data-end=\"1570\" data-start=\"1549\"><strong data-end=\"1559\" data-start=\"1551\">Koot<\/strong><\/td>\n<td data-col-size=\"sm\" data-end=\"1613\" data-start=\"1570\"><span class=\"relative -mx-px my-[-0.2rem] rounded px-px py-[0.2rem] transition-colors duration-100 ease-in-out\">2,5\u202fmm (sininen), 5\u202fmm (vihre\u00e4)<\/span><\/td>\n<\/tr>\n<tr data-end=\"1678\" data-start=\"1614\">\n<td data-col-size=\"sm\" data-end=\"1635\" data-start=\"1614\"><strong data-end=\"1627\" data-start=\"1616\">Pakkaus<\/strong><\/td>\n<td data-col-size=\"sm\" data-end=\"1678\" data-start=\"1635\"><span class=\"relative -mx-px my-[-0.2rem] rounded px-px py-[0.2rem] transition-colors duration-100 ease-in-out\">10 kpl per pakkaus<\/span><\/td>\n<\/tr>\n<tr data-end=\"1744\" data-start=\"1679\">\n<td data-col-size=\"sm\" data-end=\"1701\" data-start=\"1679\"><strong data-end=\"1695\" data-start=\"1681\">Materiaali<\/strong><\/td>\n<td data-col-size=\"sm\" data-end=\"1744\" data-start=\"1701\"><span class=\"relative -mx-px my-[-0.2rem] rounded px-px py-[0.2rem] transition-colors duration-100 ease-in-out\">metalli varsi, pehme\u00e4t harjakset<\/span><\/td>\n<\/tr>\n<tr data-end=\"1809\" data-start=\"1745\">\n<td data-col-size=\"sm\" data-end=\"1766\" data-start=\"1745\"><strong data-end=\"1766\" data-start=\"1747\">K\u00e4ytt\u00f6tarkoitus<\/strong><\/td>\n<td data-col-size=\"sm\" data-end=\"1809\" data-start=\"1766\"><span class=\"relative -mx-px my-[-0.2rem] rounded px-px py-[0.2rem] transition-colors duration-100 ease-in-out\">Ilmastointikanavan puhdistus, ei \u00e4\u00e4nikanavaan<\/span><\/td>\n<\/tr>\n<tr data-end=\"1874\" data-start=\"1810\">\n<td data-col-size=\"sm\" data-end=\"1831\" data-start=\"1810\"><strong data-end=\"1830\" data-start=\"1812\">Lis\u00e4tarvikkeet<\/strong><\/td>\n<td data-col-size=\"sm\" data-end=\"1874\" data-start=\"1831\"><span class=\"relative -mx-px my-[-0.2rem] rounded px-px py-[0.2rem] transition-colors duration-100 ease-in-out\">Suositellaan yhdistett\u00e4v\u00e4ksi puhdistustablettien tai -liinojen kanssa<\/span><\/td>\n<\/tr>\n<\/tbody>\n<\/table>\n<p>&nbsp;<\/p>\n<\/div>\n<\/div>\n<p data-end=\"2310\" data-start=\"2006\">Cedis-puhdistusharja on helppo, edullinen ja tehokas lis\u00e4 kuulokojeiden huoltoon. Se kannattaa yhdist\u00e4\u00e4 s\u00e4\u00e4nn\u00f6lliseen puhdistusrutiiniin \u2013 esimerkiksi <a href=\"https:\/\/kuuloasi.fi\/tuote\/cedis-puhdistustabletti-20kpl\/\">puhdistustablettien<\/a>, <a href=\"https:\/\/kuuloasi.fi\/tuote\/cedis-puhdistusliina-25kpl\/\">liinojen<\/a> ja <a href=\"https:\/\/kuuloasi.fi\/tuote\/kuivauspumppu\/\">kuivauspumpun<\/a> kanssa. T\u00e4m\u00e4 yhdistelm\u00e4 auttaa yll\u00e4pit\u00e4m\u00e4\u00e4n kuulokojeesi \u00e4\u00e4nenlaatua, puhtautta ja toimivuuden kest\u00e4v\u00e4sti.<\/p>\n","protected":false},"excerpt":{"rendered":"<p data-end=\"215\" data-start=\"139\"><span class=\"relative -mx-px my-[-0.2rem] rounded px-px py-[0.2rem] transition-colors duration-100 ease-in-out\">Kest\u00e4v\u00e4\u00a0<strong data-end=\"32\" data-start=\"8\">Cedis-puhdistusharja<\/strong> on suunniteltu erityisesti kuulokojeiden korvakappaleiden ja korvak\u00e4yt\u00e4v\u00e4kojeiden ilmastointikanavien puhdistamiseen. Saatavana kahdessa koossa: 2,5\u202fmm (sininen) ja 5\u202fmm (vihre\u00e4) \u2013 valitse sopiva koko alasvetovalikosta. Puhdistusharja myyd\u00e4\u00e4n 10 kappaleen pakkauksissa.<\/span><\/p>\n<p data-end=\"399\" data-start=\"217\"><strong data-end=\"226\" data-start=\"217\">HUOM:<\/strong> T\u00e4t\u00e4 puhdistusharjaa ei tule k\u00e4ytt\u00e4\u00e4 \u00e4\u00e4nikanavan puhdistukseen, sill\u00e4 se voi ty\u00f6nt\u00e4\u00e4 vahaa syvemm\u00e4lle ja tukkia korvakappaleen tai kuulokojeen .<\/p>\n","protected":false},"featured_media":857,"comment_status":"closed","ping_status":"closed","template":"","meta":{"_acf_changed":false},"product_brand":[],"product_cat":[24],"product_tag":[142,143],"class_list":{"0":"post-854","1":"product","2":"type-product","3":"status-publish","4":"has-post-thumbnail","6":"product_cat-kuulokojeen-puhdistus","7":"product_tag-harja","8":"product_tag-puhdistusharja","10":"first","11":"instock","12":"taxable","13":"shipping-taxable","14":"purchasable","15":"product-type-variable"},"acf":[],"yoast_head":"<!-- This site is optimized with the Yoast SEO plugin v27.4 - https:\/\/yoast.com\/product\/yoast-seo-wordpress\/ -->\n<title>Puhdistusharja - kuuloasi.fi<\/title>\n<meta name=\"description\" content=\"Puhdistusharja kuulokojeeseen Kuuloasi.fi verkkokaupasta! Tilaa puhdistusharja helposti kotiin toimitettuna suomalaisesta myym\u00e4l\u00e4st\u00e4.\" \/>\n<meta name=\"robots\" content=\"index, follow, max-snippet:-1, max-image-preview:large, max-video-preview:-1\" \/>\n<link rel=\"canonical\" href=\"https:\/\/kuuloasi.fi\/en\/product\/puhdistusharja\/\" \/>\n<meta property=\"og:locale\" content=\"en_GB\" \/>\n<meta property=\"og:type\" content=\"article\" \/>\n<meta property=\"og:title\" content=\"Puhdistusharja - kuuloasi.fi\" \/>\n<meta property=\"og:description\" content=\"Puhdistusharja kuulokojeeseen Kuuloasi.fi verkkokaupasta! Tilaa puhdistusharja helposti kotiin toimitettuna suomalaisesta myym\u00e4l\u00e4st\u00e4.\" \/>\n<meta property=\"og:url\" content=\"https:\/\/kuuloasi.fi\/en\/product\/puhdistusharja\/\" \/>\n<meta property=\"og:site_name\" content=\"kuuloasi.fi\" \/>\n<meta property=\"article:modified_time\" content=\"2026-04-15T13:02:16+00:00\" \/>\n<meta property=\"og:image\" content=\"https:\/\/kuuloasi.fi\/wp-content\/uploads\/2025\/12\/78025_eT3-500x500-1.jpg\" \/>\n\t<meta property=\"og:image:width\" content=\"500\" \/>\n\t<meta property=\"og:image:height\" content=\"500\" \/>\n\t<meta property=\"og:image:type\" content=\"image\/jpeg\" \/>\n<meta name=\"twitter:card\" content=\"summary_large_image\" \/>\n<meta name=\"twitter:label1\" content=\"Estimated reading time\" \/>\n\t<meta name=\"twitter:data1\" content=\"2 minutes\" \/>\n<script type=\"application\/ld+json\" class=\"yoast-schema-graph\">{\"@context\":\"https:\\\/\\\/schema.org\",\"@graph\":[{\"@type\":\"WebPage\",\"@id\":\"https:\\\/\\\/kuuloasi.fi\\\/tuote\\\/puhdistusharja\\\/\",\"url\":\"https:\\\/\\\/kuuloasi.fi\\\/tuote\\\/puhdistusharja\\\/\",\"name\":\"Puhdistusharja - kuuloasi.fi\",\"isPartOf\":{\"@id\":\"https:\\\/\\\/kuuloasi.fi\\\/#website\"},\"primaryImageOfPage\":{\"@id\":\"https:\\\/\\\/kuuloasi.fi\\\/tuote\\\/puhdistusharja\\\/#primaryimage\"},\"image\":{\"@id\":\"https:\\\/\\\/kuuloasi.fi\\\/tuote\\\/puhdistusharja\\\/#primaryimage\"},\"thumbnailUrl\":\"https:\\\/\\\/kuuloasi.fi\\\/wp-content\\\/uploads\\\/2025\\\/12\\\/78025_eT3-500x500-1.jpg\",\"datePublished\":\"2025-12-04T11:48:46+00:00\",\"dateModified\":\"2026-04-15T13:02:16+00:00\",\"description\":\"Puhdistusharja kuulokojeeseen Kuuloasi.fi verkkokaupasta! Tilaa puhdistusharja helposti kotiin toimitettuna suomalaisesta myym\u00e4l\u00e4st\u00e4.\",\"breadcrumb\":{\"@id\":\"https:\\\/\\\/kuuloasi.fi\\\/tuote\\\/puhdistusharja\\\/#breadcrumb\"},\"inLanguage\":\"en-GB\",\"potentialAction\":[{\"@type\":\"ReadAction\",\"target\":[\"https:\\\/\\\/kuuloasi.fi\\\/tuote\\\/puhdistusharja\\\/\"]}]},{\"@type\":\"ImageObject\",\"inLanguage\":\"en-GB\",\"@id\":\"https:\\\/\\\/kuuloasi.fi\\\/tuote\\\/puhdistusharja\\\/#primaryimage\",\"url\":\"https:\\\/\\\/kuuloasi.fi\\\/wp-content\\\/uploads\\\/2025\\\/12\\\/78025_eT3-500x500-1.jpg\",\"contentUrl\":\"https:\\\/\\\/kuuloasi.fi\\\/wp-content\\\/uploads\\\/2025\\\/12\\\/78025_eT3-500x500-1.jpg\",\"width\":500,\"height\":500,\"caption\":\"Cedis puhdistusharja\"},{\"@type\":\"BreadcrumbList\",\"@id\":\"https:\\\/\\\/kuuloasi.fi\\\/tuote\\\/puhdistusharja\\\/#breadcrumb\",\"itemListElement\":[{\"@type\":\"ListItem\",\"position\":1,\"name\":\"Etusivu\",\"item\":\"https:\\\/\\\/kuuloasi.fi\\\/\"},{\"@type\":\"ListItem\",\"position\":2,\"name\":\"Kauppa\",\"item\":\"https:\\\/\\\/kuuloasi.fi\\\/kauppa\\\/\"},{\"@type\":\"ListItem\",\"position\":3,\"name\":\"Puhdistusharja\"}]},{\"@type\":\"WebSite\",\"@id\":\"https:\\\/\\\/kuuloasi.fi\\\/#website\",\"url\":\"https:\\\/\\\/kuuloasi.fi\\\/\",\"name\":\"kuuloasi.fi\",\"description\":\"\",\"potentialAction\":[{\"@type\":\"SearchAction\",\"target\":{\"@type\":\"EntryPoint\",\"urlTemplate\":\"https:\\\/\\\/kuuloasi.fi\\\/?s={search_term_string}\"},\"query-input\":{\"@type\":\"PropertyValueSpecification\",\"valueRequired\":true,\"valueName\":\"search_term_string\"}}],\"inLanguage\":\"en-GB\"}]}<\/script>\n<!-- \/ Yoast SEO plugin. -->","yoast_head_json":{"title":"Puhdistusharja - kuuloasi.fi","description":"Puhdistusharja kuulokojeeseen Kuuloasi.fi verkkokaupasta! Tilaa puhdistusharja helposti kotiin toimitettuna suomalaisesta myym\u00e4l\u00e4st\u00e4.","robots":{"index":"index","follow":"follow","max-snippet":"max-snippet:-1","max-image-preview":"max-image-preview:large","max-video-preview":"max-video-preview:-1"},"canonical":"https:\/\/kuuloasi.fi\/en\/product\/puhdistusharja\/","og_locale":"en_GB","og_type":"article","og_title":"Puhdistusharja - kuuloasi.fi","og_description":"Puhdistusharja kuulokojeeseen Kuuloasi.fi verkkokaupasta! Tilaa puhdistusharja helposti kotiin toimitettuna suomalaisesta myym\u00e4l\u00e4st\u00e4.","og_url":"https:\/\/kuuloasi.fi\/en\/product\/puhdistusharja\/","og_site_name":"kuuloasi.fi","article_modified_time":"2026-04-15T13:02:16+00:00","og_image":[{"width":500,"height":500,"url":"https:\/\/kuuloasi.fi\/wp-content\/uploads\/2025\/12\/78025_eT3-500x500-1.jpg","type":"image\/jpeg"}],"twitter_card":"summary_large_image","twitter_misc":{"Estimated reading time":"2 minutes"},"schema":{"@context":"https:\/\/schema.org","@graph":[{"@type":"WebPage","@id":"https:\/\/kuuloasi.fi\/tuote\/puhdistusharja\/","url":"https:\/\/kuuloasi.fi\/tuote\/puhdistusharja\/","name":"Puhdistusharja - kuuloasi.fi","isPartOf":{"@id":"https:\/\/kuuloasi.fi\/#website"},"primaryImageOfPage":{"@id":"https:\/\/kuuloasi.fi\/tuote\/puhdistusharja\/#primaryimage"},"image":{"@id":"https:\/\/kuuloasi.fi\/tuote\/puhdistusharja\/#primaryimage"},"thumbnailUrl":"https:\/\/kuuloasi.fi\/wp-content\/uploads\/2025\/12\/78025_eT3-500x500-1.jpg","datePublished":"2025-12-04T11:48:46+00:00","dateModified":"2026-04-15T13:02:16+00:00","description":"Puhdistusharja kuulokojeeseen Kuuloasi.fi verkkokaupasta! Tilaa puhdistusharja helposti kotiin toimitettuna suomalaisesta myym\u00e4l\u00e4st\u00e4.","breadcrumb":{"@id":"https:\/\/kuuloasi.fi\/tuote\/puhdistusharja\/#breadcrumb"},"inLanguage":"en-GB","potentialAction":[{"@type":"ReadAction","target":["https:\/\/kuuloasi.fi\/tuote\/puhdistusharja\/"]}]},{"@type":"ImageObject","inLanguage":"en-GB","@id":"https:\/\/kuuloasi.fi\/tuote\/puhdistusharja\/#primaryimage","url":"https:\/\/kuuloasi.fi\/wp-content\/uploads\/2025\/12\/78025_eT3-500x500-1.jpg","contentUrl":"https:\/\/kuuloasi.fi\/wp-content\/uploads\/2025\/12\/78025_eT3-500x500-1.jpg","width":500,"height":500,"caption":"Cedis puhdistusharja"},{"@type":"BreadcrumbList","@id":"https:\/\/kuuloasi.fi\/tuote\/puhdistusharja\/#breadcrumb","itemListElement":[{"@type":"ListItem","position":1,"name":"Etusivu","item":"https:\/\/kuuloasi.fi\/"},{"@type":"ListItem","position":2,"name":"Kauppa","item":"https:\/\/kuuloasi.fi\/kauppa\/"},{"@type":"ListItem","position":3,"name":"Puhdistusharja"}]},{"@type":"WebSite","@id":"https:\/\/kuuloasi.fi\/#website","url":"https:\/\/kuuloasi.fi\/","name":"hearing.co.uk","description":"","potentialAction":[{"@type":"SearchAction","target":{"@type":"EntryPoint","urlTemplate":"https:\/\/kuuloasi.fi\/?s={search_term_string}"},"query-input":{"@type":"PropertyValueSpecification","valueRequired":true,"valueName":"search_term_string"}}],"inLanguage":"en-GB"}]}},"_links":{"self":[{"href":"https:\/\/kuuloasi.fi\/en\/wp-json\/wp\/v2\/product\/854","targetHints":{"allow":["GET"]}}],"collection":[{"href":"https:\/\/kuuloasi.fi\/en\/wp-json\/wp\/v2\/product"}],"about":[{"href":"https:\/\/kuuloasi.fi\/en\/wp-json\/wp\/v2\/types\/product"}],"replies":[{"embeddable":true,"href":"https:\/\/kuuloasi.fi\/en\/wp-json\/wp\/v2\/comments?post=854"}],"wp:featuredmedia":[{"embeddable":true,"href":"https:\/\/kuuloasi.fi\/en\/wp-json\/wp\/v2\/media\/857"}],"wp:attachment":[{"href":"https:\/\/kuuloasi.fi\/en\/wp-json\/wp\/v2\/media?parent=854"}],"wp:term":[{"taxonomy":"product_brand","embeddable":true,"href":"https:\/\/kuuloasi.fi\/en\/wp-json\/wp\/v2\/product_brand?post=854"},{"taxonomy":"product_cat","embeddable":true,"href":"https:\/\/kuuloasi.fi\/en\/wp-json\/wp\/v2\/product_cat?post=854"},{"taxonomy":"product_tag","embeddable":true,"href":"https:\/\/kuuloasi.fi\/en\/wp-json\/wp\/v2\/product_tag?post=854"}],"curies":[{"name":"wp","href":"https:\/\/api.w.org\/{rel}","templated":true}]}}