{"id":851,"date":"2025-12-04T11:45:55","date_gmt":"2025-12-04T11:45:55","guid":{"rendered":"https:\/\/kuuloasi.fi\/?post_type=product&#038;p=851"},"modified":"2026-04-15T10:24:06","modified_gmt":"2026-04-15T10:24:06","slug":"cedis-puhdistustabletti-20kpl","status":"publish","type":"product","link":"https:\/\/kuuloasi.fi\/en\/product\/cedis-puhdistustabletti-20kpl\/","title":{"rendered":"Cedis cleaning tablet 20pcs"},"content":{"rendered":"<p><iframe title=\"Washing the earpiece of the hearing aid with Cedis cleaning tablet.\" width=\"800\" height=\"450\" src=\"https:\/\/www.youtube.com\/embed\/T0hC0srQmAo?feature=oembed\" frameborder=\"0\" allow=\"accelerometer; autoplay; clipboard-write; encrypted-media; gyroscope; picture-in-picture; web-share\" referrerpolicy=\"strict-origin-when-cross-origin\" allowfullscreen><\/iframe><\/p>\n<h3 tabindex=\"0\" data-end=\"687\" data-start=\"644\">Why is it important to clean your hearing aids?<\/h3>\n<p data-end=\"1086\" data-start=\"689\">Regular cleaning of the hearing aid earpiece improves sound quality, prevents blockages and prolongs the life of the device. If wax or dirt builds up on the earpiece, the sound canal of the hearing aid can become completely blocked. This can reduce the quality of the sound or block it altogether. A clean earpiece also reduces the growth of bacteria and fungi, which can cause ear infections and other hygiene risks.<\/p>\n<h3 tabindex=\"0\" data-end=\"1120\" data-start=\"1088\">Easy and safe to use<\/h3>\n<p data-end=\"1412\" data-start=\"1122\">Cedis cleaning tablets are dissolved in water, where they form an effective cleaning solution. The tablet gently but effectively removes impurities and disinfects the earpiece. After cleaning, the earpiece is thoroughly rinsed and dried before reinsertion.<\/p>\n<p data-end=\"1532\" data-start=\"1414\">Cleaning tablets are only intended for washing ear pieces. Under no circumstances should the hearing aid be immersed in water.<\/p>\n<h3 tabindex=\"0\" data-end=\"1548\" data-start=\"1534\">Instructions for use<\/h3>\n<ol data-end=\"2065\" data-start=\"1550\">\n<li data-end=\"1585\" data-start=\"1550\">\n<p data-end=\"1585\" data-start=\"1553\">Fill the glass or jar with water.<\/p>\n<\/li>\n<li data-end=\"1654\" data-start=\"1586\">\n<p data-end=\"1654\" data-start=\"1589\">Add one Cedis cleaning tablet and allow it to dissolve completely.<\/p>\n<\/li>\n<li data-end=\"1706\" data-start=\"1655\">\n<p data-end=\"1706\" data-start=\"1658\">Remove the earpiece from the hearing aid and the tube.<\/p>\n<\/li>\n<li data-end=\"1797\" data-start=\"1707\">\n<p data-end=\"1797\" data-start=\"1710\">Place the earpiece in the solution and leave to soak for at least 15 minutes, up to a maximum of 8 hours.<\/p>\n<\/li>\n<li data-end=\"1903\" data-start=\"1798\">\n<p data-end=\"1903\" data-start=\"1801\">Remove the earpiece, rinse it with clean water and dry it thoroughly with a Cedis drying pump.<\/p>\n<\/li>\n<li data-end=\"1975\" data-start=\"1904\">\n<p data-end=\"1975\" data-start=\"1907\">Check that the sound passage and the ventilation opening are completely dry.<\/p>\n<\/li>\n<li data-end=\"2065\" data-start=\"1976\">\n<p data-end=\"2065\" data-start=\"1979\">We recommend cleaning in the evening to allow the earpiece to dry overnight.<\/p>\n<\/li>\n<\/ol>\n<h3 tabindex=\"0\" data-end=\"2123\" data-start=\"2067\">Regular maintenance improves hearing aid performance<\/h3>\n<p data-end=\"2494\" data-start=\"2125\">Cedis cleaning tablets are particularly suitable for users who tend to have a high earwax excretion rate or who are exposed to dust and moisture. It is recommended to clean the earpiece once a month or more often, as needed. When cleaning, it is also advisable to replace the intermediate tubing of the hearing aid to keep the hearing aid in good condition and ready for use.<\/p>\n<h3 tabindex=\"0\" data-end=\"2511\" data-start=\"2496\">Product information<\/h3>\n<ul data-end=\"2702\" data-start=\"2513\">\n<li data-end=\"2542\" data-start=\"2513\">\n<p data-end=\"2542\" data-start=\"2515\">20 tablets per pack<\/p>\n<\/li>\n<li data-end=\"2606\" data-start=\"2543\">\n<p data-end=\"2606\" data-start=\"2545\">Suitable for most earmolds of most earmoulds<\/p>\n<\/li>\n<li data-end=\"2651\" data-start=\"2607\">\n<p data-end=\"2651\" data-start=\"2609\">A safe and effective cleaning solution<\/p>\n<\/li>\n<li data-end=\"2702\" data-start=\"2652\">\n<p data-end=\"2702\" data-start=\"2654\">An essential hearing aid for the hearing aid user<\/p>\n<\/li>\n<\/ul>\n<h3 tabindex=\"0\" data-end=\"2741\" data-start=\"2704\">Order now from the Hear Your Voice online store<\/h3>\n<p data-end=\"3000\" data-is-last-node=\"\" data-is-only-node=\"\" data-start=\"2743\">Subscribe at\u00a0<strong data-end=\"2776\" data-start=\"2749\">Cedis cleaning tablets<\/strong>\u00a0easily from the online Hearing Aid Shop and ensure the hygienic and trouble-free operation of your hearing aids. This easy-to-use and effective\u00a0<strong data-end=\"2919\" data-start=\"2903\">Hearing aids<\/strong>\u00a0makes hearing aid cleaning part of everyday life - simply and reliably.<\/p>","protected":false},"excerpt":{"rendered":"<p><strong data-end=\"312\" data-start=\"285\">Cedis cleaning tablets<\/strong>\u00a0offer an efficient and effortless way to clean the earpieces of your hearing aid. They are specifically designed for hearing aid cleaning and are an important part of regular hearing aid maintenance. Cleaning tablets effectively remove earwax, grease, dirt and bacteria that can impair hearing aid function and sound quality.<\/p>","protected":false},"featured_media":852,"comment_status":"closed","ping_status":"closed","template":"","meta":{"_acf_changed":false},"product_brand":[],"product_cat":[24],"product_tag":[135,141,140],"class_list":{"0":"post-851","1":"product","2":"type-product","3":"status-publish","4":"has-post-thumbnail","6":"product_cat-kuulokojeen-puhdistus","7":"product_tag-cedis","8":"product_tag-puhdistustabletti","9":"product_tag-tabletti","11":"first","12":"instock","13":"taxable","14":"shipping-taxable","15":"purchasable","16":"product-type-simple"},"acf":[],"yoast_head":"<!-- This site is optimized with the Yoast SEO plugin v27.4 - https:\/\/yoast.com\/product\/yoast-seo-wordpress\/ -->\n<title>Cedis puhdistustabletti 20kpl - kuuloasi.fi<\/title>\n<meta name=\"robots\" content=\"index, follow, max-snippet:-1, max-image-preview:large, max-video-preview:-1\" \/>\n<link rel=\"canonical\" href=\"https:\/\/kuuloasi.fi\/en\/product\/cedis-puhdistustabletti-20kpl\/\" \/>\n<meta property=\"og:locale\" content=\"en_GB\" \/>\n<meta property=\"og:type\" content=\"article\" \/>\n<meta property=\"og:title\" content=\"Cedis puhdistustabletti 20kpl - kuuloasi.fi\" \/>\n<meta property=\"og:description\" content=\"Cedis-puhdistustabletit\u00a0tarjoavat tehokkaan ja vaivattoman tavan puhdistaa kuulokojeen korvakappaleet. Ne on suunniteltu erityisesti kuulokojeen puhdistukseen ja ovat t\u00e4rke\u00e4 osa kuulokojeen s\u00e4\u00e4nn\u00f6llist\u00e4 huoltoa. Puhdistustabletit poistavat tehokkaasti korvavahaa, rasvaa, likaa ja bakteereja, jotka voivat heikent\u00e4\u00e4 kuulokojeen toimintaa ja \u00e4\u00e4nenlaatua.\" \/>\n<meta property=\"og:url\" content=\"https:\/\/kuuloasi.fi\/en\/product\/cedis-puhdistustabletti-20kpl\/\" \/>\n<meta property=\"og:site_name\" content=\"kuuloasi.fi\" \/>\n<meta property=\"article:modified_time\" content=\"2026-04-15T10:24:06+00:00\" \/>\n<meta property=\"og:image\" content=\"https:\/\/kuuloasi.fi\/wp-content\/uploads\/2025\/12\/Cedis-tablets-web.jpg\" \/>\n\t<meta property=\"og:image:width\" content=\"1080\" \/>\n\t<meta property=\"og:image:height\" content=\"1080\" \/>\n\t<meta property=\"og:image:type\" content=\"image\/jpeg\" \/>\n<meta name=\"twitter:card\" content=\"summary_large_image\" \/>\n<meta name=\"twitter:label1\" content=\"Estimated reading time\" \/>\n\t<meta name=\"twitter:data1\" content=\"1 minute\" \/>\n<script type=\"application\/ld+json\" class=\"yoast-schema-graph\">{\"@context\":\"https:\\\/\\\/schema.org\",\"@graph\":[{\"@type\":\"WebPage\",\"@id\":\"https:\\\/\\\/kuuloasi.fi\\\/tuote\\\/cedis-puhdistustabletti-20kpl\\\/\",\"url\":\"https:\\\/\\\/kuuloasi.fi\\\/tuote\\\/cedis-puhdistustabletti-20kpl\\\/\",\"name\":\"Cedis puhdistustabletti 20kpl - kuuloasi.fi\",\"isPartOf\":{\"@id\":\"https:\\\/\\\/kuuloasi.fi\\\/#website\"},\"primaryImageOfPage\":{\"@id\":\"https:\\\/\\\/kuuloasi.fi\\\/tuote\\\/cedis-puhdistustabletti-20kpl\\\/#primaryimage\"},\"image\":{\"@id\":\"https:\\\/\\\/kuuloasi.fi\\\/tuote\\\/cedis-puhdistustabletti-20kpl\\\/#primaryimage\"},\"thumbnailUrl\":\"https:\\\/\\\/kuuloasi.fi\\\/wp-content\\\/uploads\\\/2025\\\/12\\\/Cedis-tablets-web.jpg\",\"datePublished\":\"2025-12-04T11:45:55+00:00\",\"dateModified\":\"2026-04-15T10:24:06+00:00\",\"breadcrumb\":{\"@id\":\"https:\\\/\\\/kuuloasi.fi\\\/tuote\\\/cedis-puhdistustabletti-20kpl\\\/#breadcrumb\"},\"inLanguage\":\"en-GB\",\"potentialAction\":[{\"@type\":\"ReadAction\",\"target\":[\"https:\\\/\\\/kuuloasi.fi\\\/tuote\\\/cedis-puhdistustabletti-20kpl\\\/\"]}]},{\"@type\":\"ImageObject\",\"inLanguage\":\"en-GB\",\"@id\":\"https:\\\/\\\/kuuloasi.fi\\\/tuote\\\/cedis-puhdistustabletti-20kpl\\\/#primaryimage\",\"url\":\"https:\\\/\\\/kuuloasi.fi\\\/wp-content\\\/uploads\\\/2025\\\/12\\\/Cedis-tablets-web.jpg\",\"contentUrl\":\"https:\\\/\\\/kuuloasi.fi\\\/wp-content\\\/uploads\\\/2025\\\/12\\\/Cedis-tablets-web.jpg\",\"width\":1080,\"height\":1080},{\"@type\":\"BreadcrumbList\",\"@id\":\"https:\\\/\\\/kuuloasi.fi\\\/tuote\\\/cedis-puhdistustabletti-20kpl\\\/#breadcrumb\",\"itemListElement\":[{\"@type\":\"ListItem\",\"position\":1,\"name\":\"Etusivu\",\"item\":\"https:\\\/\\\/kuuloasi.fi\\\/\"},{\"@type\":\"ListItem\",\"position\":2,\"name\":\"Kauppa\",\"item\":\"https:\\\/\\\/kuuloasi.fi\\\/kauppa\\\/\"},{\"@type\":\"ListItem\",\"position\":3,\"name\":\"Cedis puhdistustabletti 20kpl\"}]},{\"@type\":\"WebSite\",\"@id\":\"https:\\\/\\\/kuuloasi.fi\\\/#website\",\"url\":\"https:\\\/\\\/kuuloasi.fi\\\/\",\"name\":\"kuuloasi.fi\",\"description\":\"\",\"potentialAction\":[{\"@type\":\"SearchAction\",\"target\":{\"@type\":\"EntryPoint\",\"urlTemplate\":\"https:\\\/\\\/kuuloasi.fi\\\/?s={search_term_string}\"},\"query-input\":{\"@type\":\"PropertyValueSpecification\",\"valueRequired\":true,\"valueName\":\"search_term_string\"}}],\"inLanguage\":\"en-GB\"}]}<\/script>\n<!-- \/ Yoast SEO plugin. -->","yoast_head_json":{"title":"Cedis puhdistustabletti 20kpl - kuuloasi.fi","robots":{"index":"index","follow":"follow","max-snippet":"max-snippet:-1","max-image-preview":"max-image-preview:large","max-video-preview":"max-video-preview:-1"},"canonical":"https:\/\/kuuloasi.fi\/en\/product\/cedis-puhdistustabletti-20kpl\/","og_locale":"en_GB","og_type":"article","og_title":"Cedis puhdistustabletti 20kpl - kuuloasi.fi","og_description":"Cedis-puhdistustabletit\u00a0tarjoavat tehokkaan ja vaivattoman tavan puhdistaa kuulokojeen korvakappaleet. Ne on suunniteltu erityisesti kuulokojeen puhdistukseen ja ovat t\u00e4rke\u00e4 osa kuulokojeen s\u00e4\u00e4nn\u00f6llist\u00e4 huoltoa. Puhdistustabletit poistavat tehokkaasti korvavahaa, rasvaa, likaa ja bakteereja, jotka voivat heikent\u00e4\u00e4 kuulokojeen toimintaa ja \u00e4\u00e4nenlaatua.","og_url":"https:\/\/kuuloasi.fi\/en\/product\/cedis-puhdistustabletti-20kpl\/","og_site_name":"kuuloasi.fi","article_modified_time":"2026-04-15T10:24:06+00:00","og_image":[{"width":1080,"height":1080,"url":"https:\/\/kuuloasi.fi\/wp-content\/uploads\/2025\/12\/Cedis-tablets-web.jpg","type":"image\/jpeg"}],"twitter_card":"summary_large_image","twitter_misc":{"Estimated reading time":"1 minute"},"schema":{"@context":"https:\/\/schema.org","@graph":[{"@type":"WebPage","@id":"https:\/\/kuuloasi.fi\/tuote\/cedis-puhdistustabletti-20kpl\/","url":"https:\/\/kuuloasi.fi\/tuote\/cedis-puhdistustabletti-20kpl\/","name":"Cedis puhdistustabletti 20kpl - kuuloasi.fi","isPartOf":{"@id":"https:\/\/kuuloasi.fi\/#website"},"primaryImageOfPage":{"@id":"https:\/\/kuuloasi.fi\/tuote\/cedis-puhdistustabletti-20kpl\/#primaryimage"},"image":{"@id":"https:\/\/kuuloasi.fi\/tuote\/cedis-puhdistustabletti-20kpl\/#primaryimage"},"thumbnailUrl":"https:\/\/kuuloasi.fi\/wp-content\/uploads\/2025\/12\/Cedis-tablets-web.jpg","datePublished":"2025-12-04T11:45:55+00:00","dateModified":"2026-04-15T10:24:06+00:00","breadcrumb":{"@id":"https:\/\/kuuloasi.fi\/tuote\/cedis-puhdistustabletti-20kpl\/#breadcrumb"},"inLanguage":"en-GB","potentialAction":[{"@type":"ReadAction","target":["https:\/\/kuuloasi.fi\/tuote\/cedis-puhdistustabletti-20kpl\/"]}]},{"@type":"ImageObject","inLanguage":"en-GB","@id":"https:\/\/kuuloasi.fi\/tuote\/cedis-puhdistustabletti-20kpl\/#primaryimage","url":"https:\/\/kuuloasi.fi\/wp-content\/uploads\/2025\/12\/Cedis-tablets-web.jpg","contentUrl":"https:\/\/kuuloasi.fi\/wp-content\/uploads\/2025\/12\/Cedis-tablets-web.jpg","width":1080,"height":1080},{"@type":"BreadcrumbList","@id":"https:\/\/kuuloasi.fi\/tuote\/cedis-puhdistustabletti-20kpl\/#breadcrumb","itemListElement":[{"@type":"ListItem","position":1,"name":"Etusivu","item":"https:\/\/kuuloasi.fi\/"},{"@type":"ListItem","position":2,"name":"Kauppa","item":"https:\/\/kuuloasi.fi\/kauppa\/"},{"@type":"ListItem","position":3,"name":"Cedis puhdistustabletti 20kpl"}]},{"@type":"WebSite","@id":"https:\/\/kuuloasi.fi\/#website","url":"https:\/\/kuuloasi.fi\/","name":"hearing.co.uk","description":"","potentialAction":[{"@type":"SearchAction","target":{"@type":"EntryPoint","urlTemplate":"https:\/\/kuuloasi.fi\/?s={search_term_string}"},"query-input":{"@type":"PropertyValueSpecification","valueRequired":true,"valueName":"search_term_string"}}],"inLanguage":"en-GB"}]}},"_links":{"self":[{"href":"https:\/\/kuuloasi.fi\/en\/wp-json\/wp\/v2\/product\/851","targetHints":{"allow":["GET"]}}],"collection":[{"href":"https:\/\/kuuloasi.fi\/en\/wp-json\/wp\/v2\/product"}],"about":[{"href":"https:\/\/kuuloasi.fi\/en\/wp-json\/wp\/v2\/types\/product"}],"replies":[{"embeddable":true,"href":"https:\/\/kuuloasi.fi\/en\/wp-json\/wp\/v2\/comments?post=851"}],"wp:featuredmedia":[{"embeddable":true,"href":"https:\/\/kuuloasi.fi\/en\/wp-json\/wp\/v2\/media\/852"}],"wp:attachment":[{"href":"https:\/\/kuuloasi.fi\/en\/wp-json\/wp\/v2\/media?parent=851"}],"wp:term":[{"taxonomy":"product_brand","embeddable":true,"href":"https:\/\/kuuloasi.fi\/en\/wp-json\/wp\/v2\/product_brand?post=851"},{"taxonomy":"product_cat","embeddable":true,"href":"https:\/\/kuuloasi.fi\/en\/wp-json\/wp\/v2\/product_cat?post=851"},{"taxonomy":"product_tag","embeddable":true,"href":"https:\/\/kuuloasi.fi\/en\/wp-json\/wp\/v2\/product_tag?post=851"}],"curies":[{"name":"wp","href":"https:\/\/api.w.org\/{rel}","templated":true}]}}