{"id":843,"date":"2025-12-04T11:39:13","date_gmt":"2025-12-04T11:39:13","guid":{"rendered":"https:\/\/kuuloasi.fi\/?post_type=product&#038;p=843"},"modified":"2026-03-30T10:54:41","modified_gmt":"2026-03-30T10:54:41","slug":"cedis-hoitogeeli","status":"publish","type":"product","link":"https:\/\/kuuloasi.fi\/en\/product\/cedis-hoitogeeli\/","title":{"rendered":"Cedis treatment gel"},"content":{"rendered":"","protected":false},"excerpt":{"rendered":"<p>Ear skin treatment gel. Cedis treatment gel is a cosmetic skin care product for hearing aid users. It contains a plant-based combination of Aloe Vera active ingredients.<\/p>\n<p>The gel treats and protects the skin in the ear and ear canal. Prevents irritation and skin problems and reduces the sensation of a foreign object in the ear. Makes cleaning and care of the earpiece easier as the gel prevents the ear wax from hardening. Makes it easier to insert and remove the earpiece.<\/p>\n<p>Apply Cedis treatment gel to clean skin every morning and evening, more often if necessary. You can also apply Cedis Treatment Gel directly to the shell of the earpiece or individual hearing aid. Avoid getting the treatment gel into the air and sound openings of the microphone and headphones.<\/p>","protected":false},"featured_media":844,"comment_status":"closed","ping_status":"closed","template":"","meta":{"_acf_changed":false},"product_brand":[],"product_cat":[24,25],"product_tag":[135,131,133,132,134],"class_list":{"0":"post-843","1":"product","2":"type-product","3":"status-publish","4":"has-post-thumbnail","6":"product_cat-kuulokojeen-puhdistus","7":"product_cat-muut-tuotteet","8":"product_tag-cedis","9":"product_tag-geeli","10":"product_tag-hoitogeeli","11":"product_tag-korvageeli","12":"product_tag-korvan-iho","14":"first","15":"instock","16":"taxable","17":"shipping-taxable","18":"purchasable","19":"product-type-simple"},"acf":[],"yoast_head":"<!-- This site is optimized with the Yoast SEO plugin v27.4 - https:\/\/yoast.com\/product\/yoast-seo-wordpress\/ -->\n<title>Cedis hoitogeeli - kuuloasi.fi<\/title>\n<meta name=\"robots\" content=\"index, follow, max-snippet:-1, max-image-preview:large, max-video-preview:-1\" \/>\n<link rel=\"canonical\" href=\"https:\/\/kuuloasi.fi\/en\/product\/cedis-hoitogeeli\/\" \/>\n<meta property=\"og:locale\" content=\"en_GB\" \/>\n<meta property=\"og:type\" content=\"article\" \/>\n<meta property=\"og:title\" content=\"Cedis hoitogeeli - kuuloasi.fi\" \/>\n<meta property=\"og:description\" content=\"Korvanihon hoitogeeli. Cedis hoitogeeli on kosmeettinen ihonhoitotuote kuulokojeiden k\u00e4ytt\u00e4jille. Se sis\u00e4lt\u00e4\u00e4 kasvipohjaista Aloe Veran vaikutusaineyhdistelm\u00e4\u00e4.  Geeli hoitaa ja suojaa ihoa korvassa ja korvak\u00e4yt\u00e4v\u00e4ss\u00e4. Ennaltaehk\u00e4isee \u00e4rsytyst\u00e4 ja iho-ongelmia sek\u00e4 v\u00e4hent\u00e4\u00e4 tunnetta vieraasta esineest\u00e4 korvassa. Helpottaa korvakappaleen puhdistusta ja hoitoa, sill\u00e4 geeli est\u00e4\u00e4 korvavahan kovettumisen. Helpottaa korvakappaleen laittoa korvaan ja pois ottamista.  Levit\u00e4 Cedis hoitogeeli\u00e4 aamuin illoin puhtaalle iholle, tarvittaessa useammin. Voit my\u00f6s levitt\u00e4\u00e4 Cedis hoitogeeli\u00e4 suoraan korvakappaleen tai yksil\u00f6llisen kuulokojeen kuorelle. V\u00e4lt\u00e4 hoitogeelin joutumista mikrofonin ja kuulokkeen ilma- ja \u00e4\u00e4niaukkoihin.\" \/>\n<meta property=\"og:url\" content=\"https:\/\/kuuloasi.fi\/en\/product\/cedis-hoitogeeli\/\" \/>\n<meta property=\"og:site_name\" content=\"kuuloasi.fi\" \/>\n<meta property=\"article:modified_time\" content=\"2026-03-30T10:54:41+00:00\" \/>\n<meta property=\"og:image\" content=\"https:\/\/kuuloasi.fi\/wp-content\/uploads\/2025\/12\/Korvageeli_1000X1000.png\" \/>\n\t<meta property=\"og:image:width\" content=\"1000\" \/>\n\t<meta property=\"og:image:height\" content=\"1000\" \/>\n\t<meta property=\"og:image:type\" content=\"image\/png\" \/>\n<meta name=\"twitter:card\" content=\"summary_large_image\" \/>\n<script type=\"application\/ld+json\" class=\"yoast-schema-graph\">{\"@context\":\"https:\\\/\\\/schema.org\",\"@graph\":[{\"@type\":\"WebPage\",\"@id\":\"https:\\\/\\\/kuuloasi.fi\\\/tuote\\\/cedis-hoitogeeli\\\/\",\"url\":\"https:\\\/\\\/kuuloasi.fi\\\/tuote\\\/cedis-hoitogeeli\\\/\",\"name\":\"Cedis hoitogeeli - kuuloasi.fi\",\"isPartOf\":{\"@id\":\"https:\\\/\\\/kuuloasi.fi\\\/#website\"},\"primaryImageOfPage\":{\"@id\":\"https:\\\/\\\/kuuloasi.fi\\\/tuote\\\/cedis-hoitogeeli\\\/#primaryimage\"},\"image\":{\"@id\":\"https:\\\/\\\/kuuloasi.fi\\\/tuote\\\/cedis-hoitogeeli\\\/#primaryimage\"},\"thumbnailUrl\":\"https:\\\/\\\/kuuloasi.fi\\\/wp-content\\\/uploads\\\/2025\\\/12\\\/Korvageeli_1000X1000.png\",\"datePublished\":\"2025-12-04T11:39:13+00:00\",\"dateModified\":\"2026-03-30T10:54:41+00:00\",\"breadcrumb\":{\"@id\":\"https:\\\/\\\/kuuloasi.fi\\\/tuote\\\/cedis-hoitogeeli\\\/#breadcrumb\"},\"inLanguage\":\"en-GB\",\"potentialAction\":[{\"@type\":\"ReadAction\",\"target\":[\"https:\\\/\\\/kuuloasi.fi\\\/tuote\\\/cedis-hoitogeeli\\\/\"]}]},{\"@type\":\"ImageObject\",\"inLanguage\":\"en-GB\",\"@id\":\"https:\\\/\\\/kuuloasi.fi\\\/tuote\\\/cedis-hoitogeeli\\\/#primaryimage\",\"url\":\"https:\\\/\\\/kuuloasi.fi\\\/wp-content\\\/uploads\\\/2025\\\/12\\\/Korvageeli_1000X1000.png\",\"contentUrl\":\"https:\\\/\\\/kuuloasi.fi\\\/wp-content\\\/uploads\\\/2025\\\/12\\\/Korvageeli_1000X1000.png\",\"width\":1000,\"height\":1000},{\"@type\":\"BreadcrumbList\",\"@id\":\"https:\\\/\\\/kuuloasi.fi\\\/tuote\\\/cedis-hoitogeeli\\\/#breadcrumb\",\"itemListElement\":[{\"@type\":\"ListItem\",\"position\":1,\"name\":\"Etusivu\",\"item\":\"https:\\\/\\\/kuuloasi.fi\\\/\"},{\"@type\":\"ListItem\",\"position\":2,\"name\":\"Kauppa\",\"item\":\"https:\\\/\\\/kuuloasi.fi\\\/kauppa\\\/\"},{\"@type\":\"ListItem\",\"position\":3,\"name\":\"Cedis hoitogeeli\"}]},{\"@type\":\"WebSite\",\"@id\":\"https:\\\/\\\/kuuloasi.fi\\\/#website\",\"url\":\"https:\\\/\\\/kuuloasi.fi\\\/\",\"name\":\"kuuloasi.fi\",\"description\":\"\",\"potentialAction\":[{\"@type\":\"SearchAction\",\"target\":{\"@type\":\"EntryPoint\",\"urlTemplate\":\"https:\\\/\\\/kuuloasi.fi\\\/?s={search_term_string}\"},\"query-input\":{\"@type\":\"PropertyValueSpecification\",\"valueRequired\":true,\"valueName\":\"search_term_string\"}}],\"inLanguage\":\"en-GB\"}]}<\/script>\n<!-- \/ Yoast SEO plugin. -->","yoast_head_json":{"title":"Cedis hoitogeeli - kuuloasi.fi","robots":{"index":"index","follow":"follow","max-snippet":"max-snippet:-1","max-image-preview":"max-image-preview:large","max-video-preview":"max-video-preview:-1"},"canonical":"https:\/\/kuuloasi.fi\/en\/product\/cedis-hoitogeeli\/","og_locale":"en_GB","og_type":"article","og_title":"Cedis hoitogeeli - kuuloasi.fi","og_description":"Korvanihon hoitogeeli. Cedis hoitogeeli on kosmeettinen ihonhoitotuote kuulokojeiden k\u00e4ytt\u00e4jille. Se sis\u00e4lt\u00e4\u00e4 kasvipohjaista Aloe Veran vaikutusaineyhdistelm\u00e4\u00e4.  Geeli hoitaa ja suojaa ihoa korvassa ja korvak\u00e4yt\u00e4v\u00e4ss\u00e4. Ennaltaehk\u00e4isee \u00e4rsytyst\u00e4 ja iho-ongelmia sek\u00e4 v\u00e4hent\u00e4\u00e4 tunnetta vieraasta esineest\u00e4 korvassa. Helpottaa korvakappaleen puhdistusta ja hoitoa, sill\u00e4 geeli est\u00e4\u00e4 korvavahan kovettumisen. Helpottaa korvakappaleen laittoa korvaan ja pois ottamista.  Levit\u00e4 Cedis hoitogeeli\u00e4 aamuin illoin puhtaalle iholle, tarvittaessa useammin. Voit my\u00f6s levitt\u00e4\u00e4 Cedis hoitogeeli\u00e4 suoraan korvakappaleen tai yksil\u00f6llisen kuulokojeen kuorelle. V\u00e4lt\u00e4 hoitogeelin joutumista mikrofonin ja kuulokkeen ilma- ja \u00e4\u00e4niaukkoihin.","og_url":"https:\/\/kuuloasi.fi\/en\/product\/cedis-hoitogeeli\/","og_site_name":"kuuloasi.fi","article_modified_time":"2026-03-30T10:54:41+00:00","og_image":[{"width":1000,"height":1000,"url":"https:\/\/kuuloasi.fi\/wp-content\/uploads\/2025\/12\/Korvageeli_1000X1000.png","type":"image\/png"}],"twitter_card":"summary_large_image","schema":{"@context":"https:\/\/schema.org","@graph":[{"@type":"WebPage","@id":"https:\/\/kuuloasi.fi\/tuote\/cedis-hoitogeeli\/","url":"https:\/\/kuuloasi.fi\/tuote\/cedis-hoitogeeli\/","name":"Cedis hoitogeeli - kuuloasi.fi","isPartOf":{"@id":"https:\/\/kuuloasi.fi\/#website"},"primaryImageOfPage":{"@id":"https:\/\/kuuloasi.fi\/tuote\/cedis-hoitogeeli\/#primaryimage"},"image":{"@id":"https:\/\/kuuloasi.fi\/tuote\/cedis-hoitogeeli\/#primaryimage"},"thumbnailUrl":"https:\/\/kuuloasi.fi\/wp-content\/uploads\/2025\/12\/Korvageeli_1000X1000.png","datePublished":"2025-12-04T11:39:13+00:00","dateModified":"2026-03-30T10:54:41+00:00","breadcrumb":{"@id":"https:\/\/kuuloasi.fi\/tuote\/cedis-hoitogeeli\/#breadcrumb"},"inLanguage":"en-GB","potentialAction":[{"@type":"ReadAction","target":["https:\/\/kuuloasi.fi\/tuote\/cedis-hoitogeeli\/"]}]},{"@type":"ImageObject","inLanguage":"en-GB","@id":"https:\/\/kuuloasi.fi\/tuote\/cedis-hoitogeeli\/#primaryimage","url":"https:\/\/kuuloasi.fi\/wp-content\/uploads\/2025\/12\/Korvageeli_1000X1000.png","contentUrl":"https:\/\/kuuloasi.fi\/wp-content\/uploads\/2025\/12\/Korvageeli_1000X1000.png","width":1000,"height":1000},{"@type":"BreadcrumbList","@id":"https:\/\/kuuloasi.fi\/tuote\/cedis-hoitogeeli\/#breadcrumb","itemListElement":[{"@type":"ListItem","position":1,"name":"Etusivu","item":"https:\/\/kuuloasi.fi\/"},{"@type":"ListItem","position":2,"name":"Kauppa","item":"https:\/\/kuuloasi.fi\/kauppa\/"},{"@type":"ListItem","position":3,"name":"Cedis hoitogeeli"}]},{"@type":"WebSite","@id":"https:\/\/kuuloasi.fi\/#website","url":"https:\/\/kuuloasi.fi\/","name":"hearing.co.uk","description":"","potentialAction":[{"@type":"SearchAction","target":{"@type":"EntryPoint","urlTemplate":"https:\/\/kuuloasi.fi\/?s={search_term_string}"},"query-input":{"@type":"PropertyValueSpecification","valueRequired":true,"valueName":"search_term_string"}}],"inLanguage":"en-GB"}]}},"_links":{"self":[{"href":"https:\/\/kuuloasi.fi\/en\/wp-json\/wp\/v2\/product\/843","targetHints":{"allow":["GET"]}}],"collection":[{"href":"https:\/\/kuuloasi.fi\/en\/wp-json\/wp\/v2\/product"}],"about":[{"href":"https:\/\/kuuloasi.fi\/en\/wp-json\/wp\/v2\/types\/product"}],"replies":[{"embeddable":true,"href":"https:\/\/kuuloasi.fi\/en\/wp-json\/wp\/v2\/comments?post=843"}],"wp:featuredmedia":[{"embeddable":true,"href":"https:\/\/kuuloasi.fi\/en\/wp-json\/wp\/v2\/media\/844"}],"wp:attachment":[{"href":"https:\/\/kuuloasi.fi\/en\/wp-json\/wp\/v2\/media?parent=843"}],"wp:term":[{"taxonomy":"product_brand","embeddable":true,"href":"https:\/\/kuuloasi.fi\/en\/wp-json\/wp\/v2\/product_brand?post=843"},{"taxonomy":"product_cat","embeddable":true,"href":"https:\/\/kuuloasi.fi\/en\/wp-json\/wp\/v2\/product_cat?post=843"},{"taxonomy":"product_tag","embeddable":true,"href":"https:\/\/kuuloasi.fi\/en\/wp-json\/wp\/v2\/product_tag?post=843"}],"curies":[{"name":"wp","href":"https:\/\/api.w.org\/{rel}","templated":true}]}}