{"id":841,"date":"2025-12-04T11:37:33","date_gmt":"2025-12-04T11:37:33","guid":{"rendered":"https:\/\/kuuloasi.fi\/?post_type=product&#038;p=841"},"modified":"2026-04-15T10:24:06","modified_gmt":"2026-04-15T10:24:06","slug":"cedis-puhdistusnaru-10kpl","status":"publish","type":"product","link":"https:\/\/kuuloasi.fi\/en\/product\/cedis-puhdistusnaru-10kpl\/","title":{"rendered":"Cedis cleaning cord 10pcs"},"content":{"rendered":"","protected":false},"excerpt":{"rendered":"<p>With Cedis cleaning cords, you can finish cleaning and drying the earpiece of your hearing aid. We always recommend washing the earpiece first\u00a0<a href=\"https:\/\/kuuloasi.fi\/en\/epages\/kuuloasi.sf\/fi_FI\/?ObjectPath=\/Shops\/2017112003\/Products\/2121\" data-link-type=\"tree\" data-type=\"linkpicker\">with Cedis cleaning tablets<\/a>. With the cleaning needle, you can finish the cleaning of the soaked earpiece well. Even the last bits of dirt are removed from inside the sound canal, where it is otherwise difficult to reach. The cleaning cord also helps to remove any water trapped in the sound canal by absorbing it and drying the sound canal. Using cleaning nails will remove all the dirt and moisture that would otherwise clog the sound canal. The ear piece should be washed once a month or more often if there is a lot of wax coming out of the ear. When cleaning the earpiece, it is also a good idea to replace the hearing aid hose to keep the hearing aid regularly serviced and in good working order.<\/p>\n<p>&nbsp;<\/p>\n<p>The package contains a total of 10 cleaning cords.<\/p>","protected":false},"featured_media":842,"comment_status":"closed","ping_status":"closed","template":"","meta":{"_acf_changed":false},"product_brand":[],"product_cat":[24],"product_tag":[128,130],"class_list":{"0":"post-841","1":"product","2":"type-product","3":"status-publish","4":"has-post-thumbnail","6":"product_cat-kuulokojeen-puhdistus","7":"product_tag-puhdistus","8":"product_tag-puhdistusnaru","10":"first","11":"instock","12":"taxable","13":"shipping-taxable","14":"purchasable","15":"product-type-simple"},"acf":[],"yoast_head":"<!-- This site is optimized with the Yoast SEO plugin v27.4 - https:\/\/yoast.com\/product\/yoast-seo-wordpress\/ -->\n<title>Cedis puhdistusnaru 10kpl - kuuloasi.fi<\/title>\n<meta name=\"robots\" content=\"index, follow, max-snippet:-1, max-image-preview:large, max-video-preview:-1\" \/>\n<link rel=\"canonical\" href=\"https:\/\/kuuloasi.fi\/en\/product\/cedis-puhdistusnaru-10kpl\/\" \/>\n<meta property=\"og:locale\" content=\"en_GB\" \/>\n<meta property=\"og:type\" content=\"article\" \/>\n<meta property=\"og:title\" content=\"Cedis puhdistusnaru 10kpl - kuuloasi.fi\" \/>\n<meta property=\"og:description\" content=\"Cedis puhdistusnaruilla saat viimeistelty\u00e4 kuulolaitteesi korvakappaleen puhdistuksen ja kuivaamisen. Suosittelemme aina ensiksi pesem\u00e4\u00e4n korvakappaleen\u00a0Cediksen puhdistustableteilla. Puhdistusnarulla saat hyvin viimeistelty\u00e4 liotetun korvakappaleen puhdistuksen. Viimeisetkin liat irtoavat \u00e4\u00e4nikanavan sis\u00e4lt\u00e4 jonne on muuten vaikea p\u00e4\u00e4st\u00e4. Puhdistusnaru auttaa my\u00f6s poistamaan \u00e4\u00e4nikanavaan mahdollisesti j\u00e4\u00e4nytt\u00e4 vett\u00e4 imem\u00e4ll\u00e4 sen itseens\u00e4 ja kuivaamalla \u00e4\u00e4nikanavan. Puhdistusnaruja k\u00e4ytt\u00e4m\u00e4ll\u00e4 saa kaikki liat ja kosteuden pois joka muuten tukkii \u00e4\u00e4nikanavan. Korvakappale olisi hyv\u00e4 pest\u00e4 kerran kuukaudessa tai useammin, mik\u00e4li korvasta erittyy paljon vahaa. Korvakappaleen pesun yhteydss\u00e4 on hyv\u00e4 vaihtaa my\u00f6s kuulokojeen v\u00e4liletku, jotta kuulokojeen huolto pysyy s\u00e4\u00e4nn\u00f6llisen\u00e4 ja kuulokoje toimintakykyisen\u00e4.  &nbsp;  Pakkauksessa on yhteens\u00e4 10 kpl puhdistus naruja.\" \/>\n<meta property=\"og:url\" content=\"https:\/\/kuuloasi.fi\/en\/product\/cedis-puhdistusnaru-10kpl\/\" \/>\n<meta property=\"og:site_name\" content=\"kuuloasi.fi\" \/>\n<meta property=\"article:modified_time\" content=\"2026-04-15T10:24:06+00:00\" \/>\n<meta property=\"og:image\" content=\"https:\/\/kuuloasi.fi\/wp-content\/uploads\/2025\/12\/cedis_otofloss_2.jpg\" \/>\n\t<meta property=\"og:image:width\" content=\"1024\" \/>\n\t<meta property=\"og:image:height\" content=\"1024\" \/>\n\t<meta property=\"og:image:type\" content=\"image\/jpeg\" \/>\n<meta name=\"twitter:card\" content=\"summary_large_image\" \/>\n<script type=\"application\/ld+json\" class=\"yoast-schema-graph\">{\"@context\":\"https:\\\/\\\/schema.org\",\"@graph\":[{\"@type\":\"WebPage\",\"@id\":\"https:\\\/\\\/kuuloasi.fi\\\/tuote\\\/cedis-puhdistusnaru-10kpl\\\/\",\"url\":\"https:\\\/\\\/kuuloasi.fi\\\/tuote\\\/cedis-puhdistusnaru-10kpl\\\/\",\"name\":\"Cedis puhdistusnaru 10kpl - kuuloasi.fi\",\"isPartOf\":{\"@id\":\"https:\\\/\\\/kuuloasi.fi\\\/#website\"},\"primaryImageOfPage\":{\"@id\":\"https:\\\/\\\/kuuloasi.fi\\\/tuote\\\/cedis-puhdistusnaru-10kpl\\\/#primaryimage\"},\"image\":{\"@id\":\"https:\\\/\\\/kuuloasi.fi\\\/tuote\\\/cedis-puhdistusnaru-10kpl\\\/#primaryimage\"},\"thumbnailUrl\":\"https:\\\/\\\/kuuloasi.fi\\\/wp-content\\\/uploads\\\/2025\\\/12\\\/cedis_otofloss_2.jpg\",\"datePublished\":\"2025-12-04T11:37:33+00:00\",\"dateModified\":\"2026-04-15T10:24:06+00:00\",\"breadcrumb\":{\"@id\":\"https:\\\/\\\/kuuloasi.fi\\\/tuote\\\/cedis-puhdistusnaru-10kpl\\\/#breadcrumb\"},\"inLanguage\":\"en-GB\",\"potentialAction\":[{\"@type\":\"ReadAction\",\"target\":[\"https:\\\/\\\/kuuloasi.fi\\\/tuote\\\/cedis-puhdistusnaru-10kpl\\\/\"]}]},{\"@type\":\"ImageObject\",\"inLanguage\":\"en-GB\",\"@id\":\"https:\\\/\\\/kuuloasi.fi\\\/tuote\\\/cedis-puhdistusnaru-10kpl\\\/#primaryimage\",\"url\":\"https:\\\/\\\/kuuloasi.fi\\\/wp-content\\\/uploads\\\/2025\\\/12\\\/cedis_otofloss_2.jpg\",\"contentUrl\":\"https:\\\/\\\/kuuloasi.fi\\\/wp-content\\\/uploads\\\/2025\\\/12\\\/cedis_otofloss_2.jpg\",\"width\":1024,\"height\":1024},{\"@type\":\"BreadcrumbList\",\"@id\":\"https:\\\/\\\/kuuloasi.fi\\\/tuote\\\/cedis-puhdistusnaru-10kpl\\\/#breadcrumb\",\"itemListElement\":[{\"@type\":\"ListItem\",\"position\":1,\"name\":\"Etusivu\",\"item\":\"https:\\\/\\\/kuuloasi.fi\\\/\"},{\"@type\":\"ListItem\",\"position\":2,\"name\":\"Kauppa\",\"item\":\"https:\\\/\\\/kuuloasi.fi\\\/kauppa\\\/\"},{\"@type\":\"ListItem\",\"position\":3,\"name\":\"Cedis puhdistusnaru 10kpl\"}]},{\"@type\":\"WebSite\",\"@id\":\"https:\\\/\\\/kuuloasi.fi\\\/#website\",\"url\":\"https:\\\/\\\/kuuloasi.fi\\\/\",\"name\":\"kuuloasi.fi\",\"description\":\"\",\"potentialAction\":[{\"@type\":\"SearchAction\",\"target\":{\"@type\":\"EntryPoint\",\"urlTemplate\":\"https:\\\/\\\/kuuloasi.fi\\\/?s={search_term_string}\"},\"query-input\":{\"@type\":\"PropertyValueSpecification\",\"valueRequired\":true,\"valueName\":\"search_term_string\"}}],\"inLanguage\":\"en-GB\"}]}<\/script>\n<!-- \/ Yoast SEO plugin. -->","yoast_head_json":{"title":"Cedis puhdistusnaru 10kpl - kuuloasi.fi","robots":{"index":"index","follow":"follow","max-snippet":"max-snippet:-1","max-image-preview":"max-image-preview:large","max-video-preview":"max-video-preview:-1"},"canonical":"https:\/\/kuuloasi.fi\/en\/product\/cedis-puhdistusnaru-10kpl\/","og_locale":"en_GB","og_type":"article","og_title":"Cedis puhdistusnaru 10kpl - kuuloasi.fi","og_description":"Cedis puhdistusnaruilla saat viimeistelty\u00e4 kuulolaitteesi korvakappaleen puhdistuksen ja kuivaamisen. Suosittelemme aina ensiksi pesem\u00e4\u00e4n korvakappaleen\u00a0Cediksen puhdistustableteilla. Puhdistusnarulla saat hyvin viimeistelty\u00e4 liotetun korvakappaleen puhdistuksen. Viimeisetkin liat irtoavat \u00e4\u00e4nikanavan sis\u00e4lt\u00e4 jonne on muuten vaikea p\u00e4\u00e4st\u00e4. Puhdistusnaru auttaa my\u00f6s poistamaan \u00e4\u00e4nikanavaan mahdollisesti j\u00e4\u00e4nytt\u00e4 vett\u00e4 imem\u00e4ll\u00e4 sen itseens\u00e4 ja kuivaamalla \u00e4\u00e4nikanavan. Puhdistusnaruja k\u00e4ytt\u00e4m\u00e4ll\u00e4 saa kaikki liat ja kosteuden pois joka muuten tukkii \u00e4\u00e4nikanavan. Korvakappale olisi hyv\u00e4 pest\u00e4 kerran kuukaudessa tai useammin, mik\u00e4li korvasta erittyy paljon vahaa. Korvakappaleen pesun yhteydss\u00e4 on hyv\u00e4 vaihtaa my\u00f6s kuulokojeen v\u00e4liletku, jotta kuulokojeen huolto pysyy s\u00e4\u00e4nn\u00f6llisen\u00e4 ja kuulokoje toimintakykyisen\u00e4.  &nbsp;  Pakkauksessa on yhteens\u00e4 10 kpl puhdistus naruja.","og_url":"https:\/\/kuuloasi.fi\/en\/product\/cedis-puhdistusnaru-10kpl\/","og_site_name":"kuuloasi.fi","article_modified_time":"2026-04-15T10:24:06+00:00","og_image":[{"width":1024,"height":1024,"url":"https:\/\/kuuloasi.fi\/wp-content\/uploads\/2025\/12\/cedis_otofloss_2.jpg","type":"image\/jpeg"}],"twitter_card":"summary_large_image","schema":{"@context":"https:\/\/schema.org","@graph":[{"@type":"WebPage","@id":"https:\/\/kuuloasi.fi\/tuote\/cedis-puhdistusnaru-10kpl\/","url":"https:\/\/kuuloasi.fi\/tuote\/cedis-puhdistusnaru-10kpl\/","name":"Cedis puhdistusnaru 10kpl - kuuloasi.fi","isPartOf":{"@id":"https:\/\/kuuloasi.fi\/#website"},"primaryImageOfPage":{"@id":"https:\/\/kuuloasi.fi\/tuote\/cedis-puhdistusnaru-10kpl\/#primaryimage"},"image":{"@id":"https:\/\/kuuloasi.fi\/tuote\/cedis-puhdistusnaru-10kpl\/#primaryimage"},"thumbnailUrl":"https:\/\/kuuloasi.fi\/wp-content\/uploads\/2025\/12\/cedis_otofloss_2.jpg","datePublished":"2025-12-04T11:37:33+00:00","dateModified":"2026-04-15T10:24:06+00:00","breadcrumb":{"@id":"https:\/\/kuuloasi.fi\/tuote\/cedis-puhdistusnaru-10kpl\/#breadcrumb"},"inLanguage":"en-GB","potentialAction":[{"@type":"ReadAction","target":["https:\/\/kuuloasi.fi\/tuote\/cedis-puhdistusnaru-10kpl\/"]}]},{"@type":"ImageObject","inLanguage":"en-GB","@id":"https:\/\/kuuloasi.fi\/tuote\/cedis-puhdistusnaru-10kpl\/#primaryimage","url":"https:\/\/kuuloasi.fi\/wp-content\/uploads\/2025\/12\/cedis_otofloss_2.jpg","contentUrl":"https:\/\/kuuloasi.fi\/wp-content\/uploads\/2025\/12\/cedis_otofloss_2.jpg","width":1024,"height":1024},{"@type":"BreadcrumbList","@id":"https:\/\/kuuloasi.fi\/tuote\/cedis-puhdistusnaru-10kpl\/#breadcrumb","itemListElement":[{"@type":"ListItem","position":1,"name":"Etusivu","item":"https:\/\/kuuloasi.fi\/"},{"@type":"ListItem","position":2,"name":"Kauppa","item":"https:\/\/kuuloasi.fi\/kauppa\/"},{"@type":"ListItem","position":3,"name":"Cedis puhdistusnaru 10kpl"}]},{"@type":"WebSite","@id":"https:\/\/kuuloasi.fi\/#website","url":"https:\/\/kuuloasi.fi\/","name":"hearing.co.uk","description":"","potentialAction":[{"@type":"SearchAction","target":{"@type":"EntryPoint","urlTemplate":"https:\/\/kuuloasi.fi\/?s={search_term_string}"},"query-input":{"@type":"PropertyValueSpecification","valueRequired":true,"valueName":"search_term_string"}}],"inLanguage":"en-GB"}]}},"_links":{"self":[{"href":"https:\/\/kuuloasi.fi\/en\/wp-json\/wp\/v2\/product\/841","targetHints":{"allow":["GET"]}}],"collection":[{"href":"https:\/\/kuuloasi.fi\/en\/wp-json\/wp\/v2\/product"}],"about":[{"href":"https:\/\/kuuloasi.fi\/en\/wp-json\/wp\/v2\/types\/product"}],"replies":[{"embeddable":true,"href":"https:\/\/kuuloasi.fi\/en\/wp-json\/wp\/v2\/comments?post=841"}],"wp:featuredmedia":[{"embeddable":true,"href":"https:\/\/kuuloasi.fi\/en\/wp-json\/wp\/v2\/media\/842"}],"wp:attachment":[{"href":"https:\/\/kuuloasi.fi\/en\/wp-json\/wp\/v2\/media?parent=841"}],"wp:term":[{"taxonomy":"product_brand","embeddable":true,"href":"https:\/\/kuuloasi.fi\/en\/wp-json\/wp\/v2\/product_brand?post=841"},{"taxonomy":"product_cat","embeddable":true,"href":"https:\/\/kuuloasi.fi\/en\/wp-json\/wp\/v2\/product_cat?post=841"},{"taxonomy":"product_tag","embeddable":true,"href":"https:\/\/kuuloasi.fi\/en\/wp-json\/wp\/v2\/product_tag?post=841"}],"curies":[{"name":"wp","href":"https:\/\/api.w.org\/{rel}","templated":true}]}}