{"id":829,"date":"2025-12-04T11:34:01","date_gmt":"2025-12-04T11:34:01","guid":{"rendered":"https:\/\/kuuloasi.fi\/?post_type=product&#038;p=829"},"modified":"2026-03-17T20:15:10","modified_gmt":"2026-03-17T20:15:10","slug":"kuivauslaite-ladattaville-kuulokojeille","status":"publish","type":"product","link":"https:\/\/kuuloasi.fi\/en\/product\/kuivauslaite-ladattaville-kuulokojeille\/","title":{"rendered":"Drying device for rechargeable hearing aids"},"content":{"rendered":"<p><strong>Complete Drying and Protection<\/strong><\/p>\n<p>The Flow Med Dry-Cap UV 3.1 utilises an optimised air duct design with air intakes, a powerful fan and a turbo duct to direct the airflow directly to the hearing aids.At 7 000 rpm, the unit moves 4.89 m\u00b3\/h of air over the hearing aids, improving the drying performance 25%. Humid air is exhausted through large side vents without generating heat, making the unit perfect for rechargeable hearing aids, cochlear processors, in-ear monitors and batteries.<\/p>\n<p><strong>Optimal Hygiene<\/strong><\/p>\n<p>Dry-Cap UV 3.1 is equipped with a high-quality UV-C light emitting 253.7 nm<\/p>\n<div><\/div>\n<p>wavelength and 4 900 \u03bcW\/cm\u00b2<\/p>\n<div><\/div>\n<p>intensity, eliminating 99.9% of all viruses, bacteria and fungi in just 2 minutes. The combination of UV-C light with antibacterial blue light (465 nm) ensures the best possible hygiene for your hearing aids, and is certified as a medical device that meets the highest EU (EU) 2017\/745 medical device regulations.<\/p>\n<p>&nbsp;<\/p>\n<p><b>Programmes<\/b><\/p>\n<ul>\n<li><strong>Dry&amp;Clean Mode (2 hours):<\/strong>\u00a0An automatic programme that combines fast drying with a powerful fan and UV-C light for perfect hygiene of your hearing aids.<\/li>\n<li><strong>Clean Mode (2 minutes):<\/strong>\u00a0A short-term hygiene programme that effectively removes 99.9% of bacteria, viruses and fungi in the home.<\/li>\n<\/ul>\n<p><strong>Compatibility and Use<\/strong><\/p>\n<p>Dry-Cap UV 3.1 is compatible with all rechargeable hearing aids. The device is easy to use and highly energy efficient, offering approximately 5 cycles in Dry&amp;Clean mode or 60 cycles in Clean mode on a single charge.<\/p>\n<p><strong>Order Flow Med Dry-Cap UV 3.1 Hearing Aid Drying Device from our Online Store Today!<\/strong><\/p>\n<p>Keep your rechargeable hearing aids in top condition and ensure their long life with the Flow Med Dry-Cap UV 3.1 drying device. This powerful device ensures that your hearing aids stay dry and clean, protecting them from damage and extending their life. Order now and experience the best hearing aid care on the market!<\/p>\n<p>&nbsp;<\/p>\n<p><strong>Flow Med Dry-Cap UV 3.1 Instructions for use<\/strong><\/p>\n<p><strong>Dry&amp;Clean Mode (2 hours)<\/strong><\/p>\n<ol>\n<li><strong>Put the device in place:<\/strong>\n<ul>\n<li>Place the Dry-Cap UV 3.1\u00ae on top of the charger, so that the hearing aids to be charged remain under the hood.<\/li>\n<\/ul>\n<\/li>\n<li><strong>Start the program:<\/strong>\n<ul>\n<li>Press the left button on the appliance to start Dry&amp;Clean mode. The appliance will automatically start the drying and UV-C hygiene function.<\/li>\n<\/ul>\n<\/li>\n<li><strong>The drying process:<\/strong>\n<ul>\n<li>A powerful fan dries hearing aids for 2 hours, driven by a microprocessor. This phase lasts for the entire duration of the programme.<\/li>\n<li>UV-C light with a wavelength of 253.7 nm eliminates 99.9% from bacteria and viruses within the first 2 minutes. The UV-C light is automatically switched off after this time and curing continues as normal.<\/li>\n<li>During the last two minutes, the UV-C hygiene function is reactivated to ensure complete sterility of the hearing aids.<\/li>\n<\/ul>\n<\/li>\n<li><strong>Automatic switch-off:<\/strong>\n<ul>\n<li>After two hours, the appliance automatically goes into standby mode and the drying and sanitising process is complete.<\/li>\n<li>The hearing aids will continue to charge if necessary and can remain under the charging device in the hood of the Dry-Cap UV 3.1\u00ae until charging is complete.<\/li>\n<\/ul>\n<\/li>\n<li><strong>Stop and remove:<\/strong>\n<ul>\n<li>Lift the Dry-Cap UV 3.1\u00ae up and off the charger.<\/li>\n<li>Remove dried and hygienically cleaned hearing aids from the charger.<\/li>\n<\/ul>\n<\/li>\n<\/ol>\n<p><strong>Clean Mode (2 minutes)<\/strong><\/p>\n<ol>\n<li><strong>Put the device in place:<\/strong>\n<ul>\n<li>Place the Dry-Cap UV 3.1\u00ae on top of the charger, so that the hearing aids to be charged remain under the hood.<\/li>\n<\/ul>\n<\/li>\n<li><strong>Start the program:<\/strong>\n<ul>\n<li>Press the button on the right side of the device to start Clean mode. The device will automatically start the UV-C hygiene function.<\/li>\n<\/ul>\n<\/li>\n<li><strong>The hygiene process:<\/strong>\n<ul>\n<li>UV-C light at a wavelength of 253.7 nm eliminates 99.9% from bacteria and viruses in just 2 minutes.<\/li>\n<\/ul>\n<\/li>\n<li><strong>Automatic switch-off:<\/strong>\n<ul>\n<li>After two minutes, the machine automatically goes into standby mode and the hygiene process is complete.<\/li>\n<\/ul>\n<\/li>\n<li><strong>Stop and remove:<\/strong>\n<ul>\n<li>Lift up the Dry-Cap UV 3.1\u00ae and place it next to the charger.<\/li>\n<li>Remove hygienically cleaned hearing aids from the charger.<\/li>\n<\/ul>\n<\/li>\n<\/ol>","protected":false},"excerpt":{"rendered":"<p>Flow Med Dry-Cap UV 3.1 is the market leading drying device specifically designed for rechargeable hearing aids. This innovative device provides complete drying and hygiene for your hearing aids, protecting them from moisture, body secretions and earwax, which can significantly impair hearing aid performance.<\/p>","protected":false},"featured_media":830,"comment_status":"closed","ping_status":"closed","template":"","meta":{"_acf_changed":false},"product_brand":[],"product_cat":[24],"product_tag":[129,128],"class_list":{"0":"post-829","1":"product","2":"type-product","3":"status-publish","4":"has-post-thumbnail","6":"product_cat-kuulokojeen-puhdistus","7":"product_tag-kuivaus","8":"product_tag-puhdistus","10":"first","11":"onbackorder","12":"taxable","13":"shipping-taxable","14":"purchasable","15":"product-type-simple"},"acf":[],"yoast_head":"<!-- This site is optimized with the Yoast SEO plugin v27.4 - https:\/\/yoast.com\/product\/yoast-seo-wordpress\/ -->\n<title>Kuivauslaite ladattaville kuulokojeille - kuuloasi.fi<\/title>\n<meta name=\"robots\" content=\"index, follow, max-snippet:-1, max-image-preview:large, max-video-preview:-1\" \/>\n<link rel=\"canonical\" href=\"https:\/\/kuuloasi.fi\/en\/product\/kuivauslaite-ladattaville-kuulokojeille\/\" \/>\n<meta property=\"og:locale\" content=\"en_GB\" \/>\n<meta property=\"og:type\" content=\"article\" \/>\n<meta property=\"og:title\" content=\"Kuivauslaite ladattaville kuulokojeille - kuuloasi.fi\" \/>\n<meta property=\"og:description\" content=\"Flow Med Dry-Cap UV 3.1 on markkinoiden johtava kuivauslaite, joka on suunniteltu erityisesti ladattaville kuulokojeille. T\u00e4m\u00e4 innovatiivinen laite tarjoaa t\u00e4ydellisen kuivauksen ja hygienian kuulokojeillesi, suojaten niit\u00e4 kosteudelta, kehon eritteilt\u00e4 ja korvavahalta, jotka voivat merkitt\u00e4v\u00e4sti heikent\u00e4\u00e4 kuulokojeiden toimintaa.\" \/>\n<meta property=\"og:url\" content=\"https:\/\/kuuloasi.fi\/en\/product\/kuivauslaite-ladattaville-kuulokojeille\/\" \/>\n<meta property=\"og:site_name\" content=\"kuuloasi.fi\" \/>\n<meta property=\"article:modified_time\" content=\"2026-03-17T20:15:10+00:00\" \/>\n<meta property=\"og:image\" content=\"https:\/\/kuuloasi.fi\/wp-content\/uploads\/2025\/12\/90810100.png\" \/>\n\t<meta property=\"og:image:width\" content=\"1200\" \/>\n\t<meta property=\"og:image:height\" content=\"800\" \/>\n\t<meta property=\"og:image:type\" content=\"image\/png\" \/>\n<meta name=\"twitter:card\" content=\"summary_large_image\" \/>\n<meta name=\"twitter:label1\" content=\"Estimated reading time\" \/>\n\t<meta name=\"twitter:data1\" content=\"2 minutes\" \/>\n<script type=\"application\/ld+json\" class=\"yoast-schema-graph\">{\"@context\":\"https:\\\/\\\/schema.org\",\"@graph\":[{\"@type\":\"WebPage\",\"@id\":\"https:\\\/\\\/kuuloasi.fi\\\/tuote\\\/kuivauslaite-ladattaville-kuulokojeille\\\/\",\"url\":\"https:\\\/\\\/kuuloasi.fi\\\/tuote\\\/kuivauslaite-ladattaville-kuulokojeille\\\/\",\"name\":\"Kuivauslaite ladattaville kuulokojeille - kuuloasi.fi\",\"isPartOf\":{\"@id\":\"https:\\\/\\\/kuuloasi.fi\\\/#website\"},\"primaryImageOfPage\":{\"@id\":\"https:\\\/\\\/kuuloasi.fi\\\/tuote\\\/kuivauslaite-ladattaville-kuulokojeille\\\/#primaryimage\"},\"image\":{\"@id\":\"https:\\\/\\\/kuuloasi.fi\\\/tuote\\\/kuivauslaite-ladattaville-kuulokojeille\\\/#primaryimage\"},\"thumbnailUrl\":\"https:\\\/\\\/kuuloasi.fi\\\/wp-content\\\/uploads\\\/2025\\\/12\\\/90810100.png\",\"datePublished\":\"2025-12-04T11:34:01+00:00\",\"dateModified\":\"2026-03-17T20:15:10+00:00\",\"breadcrumb\":{\"@id\":\"https:\\\/\\\/kuuloasi.fi\\\/tuote\\\/kuivauslaite-ladattaville-kuulokojeille\\\/#breadcrumb\"},\"inLanguage\":\"en-GB\",\"potentialAction\":[{\"@type\":\"ReadAction\",\"target\":[\"https:\\\/\\\/kuuloasi.fi\\\/tuote\\\/kuivauslaite-ladattaville-kuulokojeille\\\/\"]}]},{\"@type\":\"ImageObject\",\"inLanguage\":\"en-GB\",\"@id\":\"https:\\\/\\\/kuuloasi.fi\\\/tuote\\\/kuivauslaite-ladattaville-kuulokojeille\\\/#primaryimage\",\"url\":\"https:\\\/\\\/kuuloasi.fi\\\/wp-content\\\/uploads\\\/2025\\\/12\\\/90810100.png\",\"contentUrl\":\"https:\\\/\\\/kuuloasi.fi\\\/wp-content\\\/uploads\\\/2025\\\/12\\\/90810100.png\",\"width\":1200,\"height\":800},{\"@type\":\"BreadcrumbList\",\"@id\":\"https:\\\/\\\/kuuloasi.fi\\\/tuote\\\/kuivauslaite-ladattaville-kuulokojeille\\\/#breadcrumb\",\"itemListElement\":[{\"@type\":\"ListItem\",\"position\":1,\"name\":\"Etusivu\",\"item\":\"https:\\\/\\\/kuuloasi.fi\\\/\"},{\"@type\":\"ListItem\",\"position\":2,\"name\":\"Kauppa\",\"item\":\"https:\\\/\\\/kuuloasi.fi\\\/kauppa\\\/\"},{\"@type\":\"ListItem\",\"position\":3,\"name\":\"Kuivauslaite ladattaville kuulokojeille\"}]},{\"@type\":\"WebSite\",\"@id\":\"https:\\\/\\\/kuuloasi.fi\\\/#website\",\"url\":\"https:\\\/\\\/kuuloasi.fi\\\/\",\"name\":\"kuuloasi.fi\",\"description\":\"\",\"potentialAction\":[{\"@type\":\"SearchAction\",\"target\":{\"@type\":\"EntryPoint\",\"urlTemplate\":\"https:\\\/\\\/kuuloasi.fi\\\/?s={search_term_string}\"},\"query-input\":{\"@type\":\"PropertyValueSpecification\",\"valueRequired\":true,\"valueName\":\"search_term_string\"}}],\"inLanguage\":\"en-GB\"}]}<\/script>\n<!-- \/ Yoast SEO plugin. -->","yoast_head_json":{"title":"Kuivauslaite ladattaville kuulokojeille - kuuloasi.fi","robots":{"index":"index","follow":"follow","max-snippet":"max-snippet:-1","max-image-preview":"max-image-preview:large","max-video-preview":"max-video-preview:-1"},"canonical":"https:\/\/kuuloasi.fi\/en\/product\/kuivauslaite-ladattaville-kuulokojeille\/","og_locale":"en_GB","og_type":"article","og_title":"Kuivauslaite ladattaville kuulokojeille - kuuloasi.fi","og_description":"Flow Med Dry-Cap UV 3.1 on markkinoiden johtava kuivauslaite, joka on suunniteltu erityisesti ladattaville kuulokojeille. T\u00e4m\u00e4 innovatiivinen laite tarjoaa t\u00e4ydellisen kuivauksen ja hygienian kuulokojeillesi, suojaten niit\u00e4 kosteudelta, kehon eritteilt\u00e4 ja korvavahalta, jotka voivat merkitt\u00e4v\u00e4sti heikent\u00e4\u00e4 kuulokojeiden toimintaa.","og_url":"https:\/\/kuuloasi.fi\/en\/product\/kuivauslaite-ladattaville-kuulokojeille\/","og_site_name":"kuuloasi.fi","article_modified_time":"2026-03-17T20:15:10+00:00","og_image":[{"width":1200,"height":800,"url":"https:\/\/kuuloasi.fi\/wp-content\/uploads\/2025\/12\/90810100.png","type":"image\/png"}],"twitter_card":"summary_large_image","twitter_misc":{"Estimated reading time":"2 minutes"},"schema":{"@context":"https:\/\/schema.org","@graph":[{"@type":"WebPage","@id":"https:\/\/kuuloasi.fi\/tuote\/kuivauslaite-ladattaville-kuulokojeille\/","url":"https:\/\/kuuloasi.fi\/tuote\/kuivauslaite-ladattaville-kuulokojeille\/","name":"Kuivauslaite ladattaville kuulokojeille - kuuloasi.fi","isPartOf":{"@id":"https:\/\/kuuloasi.fi\/#website"},"primaryImageOfPage":{"@id":"https:\/\/kuuloasi.fi\/tuote\/kuivauslaite-ladattaville-kuulokojeille\/#primaryimage"},"image":{"@id":"https:\/\/kuuloasi.fi\/tuote\/kuivauslaite-ladattaville-kuulokojeille\/#primaryimage"},"thumbnailUrl":"https:\/\/kuuloasi.fi\/wp-content\/uploads\/2025\/12\/90810100.png","datePublished":"2025-12-04T11:34:01+00:00","dateModified":"2026-03-17T20:15:10+00:00","breadcrumb":{"@id":"https:\/\/kuuloasi.fi\/tuote\/kuivauslaite-ladattaville-kuulokojeille\/#breadcrumb"},"inLanguage":"en-GB","potentialAction":[{"@type":"ReadAction","target":["https:\/\/kuuloasi.fi\/tuote\/kuivauslaite-ladattaville-kuulokojeille\/"]}]},{"@type":"ImageObject","inLanguage":"en-GB","@id":"https:\/\/kuuloasi.fi\/tuote\/kuivauslaite-ladattaville-kuulokojeille\/#primaryimage","url":"https:\/\/kuuloasi.fi\/wp-content\/uploads\/2025\/12\/90810100.png","contentUrl":"https:\/\/kuuloasi.fi\/wp-content\/uploads\/2025\/12\/90810100.png","width":1200,"height":800},{"@type":"BreadcrumbList","@id":"https:\/\/kuuloasi.fi\/tuote\/kuivauslaite-ladattaville-kuulokojeille\/#breadcrumb","itemListElement":[{"@type":"ListItem","position":1,"name":"Etusivu","item":"https:\/\/kuuloasi.fi\/"},{"@type":"ListItem","position":2,"name":"Kauppa","item":"https:\/\/kuuloasi.fi\/kauppa\/"},{"@type":"ListItem","position":3,"name":"Kuivauslaite ladattaville kuulokojeille"}]},{"@type":"WebSite","@id":"https:\/\/kuuloasi.fi\/#website","url":"https:\/\/kuuloasi.fi\/","name":"hearing.co.uk","description":"","potentialAction":[{"@type":"SearchAction","target":{"@type":"EntryPoint","urlTemplate":"https:\/\/kuuloasi.fi\/?s={search_term_string}"},"query-input":{"@type":"PropertyValueSpecification","valueRequired":true,"valueName":"search_term_string"}}],"inLanguage":"en-GB"}]}},"_links":{"self":[{"href":"https:\/\/kuuloasi.fi\/en\/wp-json\/wp\/v2\/product\/829","targetHints":{"allow":["GET"]}}],"collection":[{"href":"https:\/\/kuuloasi.fi\/en\/wp-json\/wp\/v2\/product"}],"about":[{"href":"https:\/\/kuuloasi.fi\/en\/wp-json\/wp\/v2\/types\/product"}],"replies":[{"embeddable":true,"href":"https:\/\/kuuloasi.fi\/en\/wp-json\/wp\/v2\/comments?post=829"}],"wp:featuredmedia":[{"embeddable":true,"href":"https:\/\/kuuloasi.fi\/en\/wp-json\/wp\/v2\/media\/830"}],"wp:attachment":[{"href":"https:\/\/kuuloasi.fi\/en\/wp-json\/wp\/v2\/media?parent=829"}],"wp:term":[{"taxonomy":"product_brand","embeddable":true,"href":"https:\/\/kuuloasi.fi\/en\/wp-json\/wp\/v2\/product_brand?post=829"},{"taxonomy":"product_cat","embeddable":true,"href":"https:\/\/kuuloasi.fi\/en\/wp-json\/wp\/v2\/product_cat?post=829"},{"taxonomy":"product_tag","embeddable":true,"href":"https:\/\/kuuloasi.fi\/en\/wp-json\/wp\/v2\/product_tag?post=829"}],"curies":[{"name":"wp","href":"https:\/\/api.w.org\/{rel}","templated":true}]}}