{"id":827,"date":"2025-12-04T11:27:34","date_gmt":"2025-12-04T11:27:34","guid":{"rendered":"https:\/\/kuuloasi.fi\/?post_type=product&#038;p=827"},"modified":"2026-04-10T07:01:02","modified_gmt":"2026-04-10T07:01:02","slug":"otocur-korvasuihke-30ml","status":"publish","type":"product","link":"https:\/\/kuuloasi.fi\/en\/product\/otocur-korvasuihke-30ml\/","title":{"rendered":"Otocur ear spray 30ml"},"content":{"rendered":"<h3 tabindex=\"0\" data-end=\"701\" data-start=\"685\">Otocur ear spray efficacy &amp; benefits<\/h3>\n<ul data-end=\"1245\" data-start=\"703\">\n<li data-end=\"819\" data-start=\"703\">\n<p data-end=\"819\" data-start=\"705\">The spray softens the earwax and helps to gently remove the earwax plug.<\/p>\n<\/li>\n<li data-end=\"961\" data-start=\"820\">\n<p data-end=\"961\" data-start=\"822\">Otocur ear spray prevents inflammation and irritation of the ear canal, especially after swimming or water exposure.<\/p>\n<\/li>\n<li data-end=\"1058\" data-start=\"962\">\n<p data-end=\"1058\" data-start=\"964\">Soothes dry, itchy and sensitive ear canals.<\/p>\n<\/li>\n<li data-end=\"1245\" data-start=\"1059\">\n<p data-end=\"1245\" data-start=\"1061\">Suitable for hearing aid and earbud wearers: helps prevent wax plugs, which can muffle sound or cause discomfort.<\/p>\n<\/li>\n<\/ul>\n<h2 tabindex=\"0\" data-end=\"1276\" data-start=\"1252\"><\/h2>\n<h3 tabindex=\"0\" data-end=\"1276\" data-start=\"1252\">Otocur ear spray ingredients &amp; composition<\/h3>\n<ul data-end=\"1710\" data-start=\"1278\">\n<li data-end=\"1407\" data-start=\"1278\">\n<p data-end=\"1407\" data-start=\"1280\"><strong data-end=\"1317\" data-start=\"1280\">Jojoba oil (Simmondsia chinensis)<\/strong>\u00a05 % - softens the wax consistency and protects the skin.<\/p>\n<\/li>\n<li data-end=\"1573\" data-start=\"1408\">\n<p data-end=\"1573\" data-start=\"1410\"><strong data-end=\"1435\" data-start=\"1410\">Liquid paraffin wax<\/strong>\u00a0- forms a protective layer in the ear canal that slows down the action of moisture and bacteria.<\/p>\n<\/li>\n<li data-end=\"1710\" data-start=\"1574\">\n<p data-end=\"1710\" data-start=\"1576\"><strong data-end=\"1600\" data-start=\"1576\">Cyclopentasiloxane<\/strong>\u00a0- helps with application and makes the formula feel pleasant to the touch.<\/p>\n<\/li>\n<\/ul>\n<h2 tabindex=\"0\" data-end=\"1741\" data-start=\"1717\"><\/h2>\n<h3 tabindex=\"0\" data-end=\"1741\" data-start=\"1717\">Instructions for use &amp; dosage<\/h3>\n<ul data-end=\"2580\" data-start=\"1743\">\n<li data-end=\"1831\" data-start=\"1743\">\n<p data-end=\"1831\" data-start=\"1745\"><strong data-end=\"1791\" data-start=\"1745\">Otocur ear spray is suitable for adults and children over 6 months of age.<\/strong><\/p>\n<\/li>\n<li data-end=\"2009\" data-start=\"1832\">\n<p data-end=\"2009\" data-start=\"1834\"><strong data-end=\"1853\" data-start=\"1834\">Evening use<\/strong> recommended to allow the drying and protective effect to take effect - in the morning the hearing aids can be worn as normal.<\/p>\n<\/li>\n<li data-end=\"2191\" data-start=\"2010\">\n<p data-end=\"2191\" data-start=\"2012\"><strong data-end=\"2034\" data-start=\"2012\">Removal of the wax plug:<\/strong> 1-2 squeezes of Otocur ear spray in the ear canal daily for 3-4 days. If the plug does not come out on its own, an ear irrigation is needed.<\/p>\n<\/li>\n<li data-end=\"2306\" data-start=\"2192\">\n<p data-end=\"2306\" data-start=\"2194\"><strong data-end=\"2213\" data-start=\"2194\">Prevention:<\/strong> 1-2 squeezes of Otocur ear spray once a week in both ears.<\/p>\n<\/li>\n<li data-end=\"2460\" data-start=\"2307\">\n<p data-end=\"2460\" data-start=\"2309\"><strong data-end=\"2347\" data-start=\"2309\">Prevention of inflammation and irritation:<\/strong>\u00a0daily for the first 1-2 weeks, then as maintenance once a week.<\/p>\n<\/li>\n<li data-end=\"2580\" data-start=\"2461\">\n<p data-end=\"2580\" data-start=\"2463\"><strong data-end=\"2493\" data-start=\"2463\">Dry\/itchy ears:<\/strong> 1-2 squeezes of Otocur ear spray daily or as needed.<\/p>\n<\/li>\n<\/ul>\n<h2 tabindex=\"0\" data-end=\"2629\" data-start=\"2587\"><\/h2>\n<h3 tabindex=\"0\" data-end=\"2629\" data-start=\"2587\">How can Otocur ear spray be used safely?<\/h3>\n<ul data-end=\"3195\" data-start=\"2631\">\n<li data-end=\"2806\" data-start=\"2631\">\n<p data-end=\"2806\" data-start=\"2633\">Keep the bottle upright. The first few times you use the spray, you may need to press 20-30 times to get the oil to flow normally.<\/p>\n<\/li>\n<li data-end=\"2968\" data-start=\"2807\">\n<p data-end=\"2968\" data-start=\"2809\">Make sure the Otocur ear spray nozzle (fitting) is clean and in place - do not push the nozzle too far into the ear canal.<\/p>\n<\/li>\n<li data-end=\"3087\" data-start=\"2969\">\n<p data-end=\"3087\" data-start=\"2971\">Pull the ear back and outwards and spray 1-2 presses into the ear canal.<\/p>\n<\/li>\n<li data-end=\"3195\" data-start=\"3088\">\n<p data-end=\"3195\" data-start=\"3090\">Wipe off any excess oil from the outside of the ear to avoid staining.<\/p>\n<\/li>\n<\/ul>\n<h2 tabindex=\"0\" data-end=\"3226\" data-start=\"3202\"><\/h2>\n<h3 tabindex=\"0\" data-end=\"3226\" data-start=\"3202\">Safety &amp; Information<\/h3>\n<ul data-end=\"3678\" data-start=\"3228\">\n<li data-end=\"3372\" data-start=\"3228\">\n<p data-end=\"3372\" data-start=\"3230\">CE-marked healthcare device. Manufactured by Galena Pharma Oy, developed and manufactured in Finland.<\/p>\n<\/li>\n<li data-end=\"3522\" data-start=\"3373\">\n<p data-end=\"3522\" data-start=\"3375\">Otocur ear spray does not need to be rinsed out of the ear. The oil mixes with the ear's own wax and forms a protective layer.<\/p>\n<\/li>\n<li data-end=\"3678\" data-start=\"3523\">\n<p data-end=\"3678\" data-start=\"3525\">Consult your doctor if you have had surgery, ear tubes, are sore, or if use causes discomfort.<\/p>\n<\/li>\n<\/ul>\n<h2 tabindex=\"0\" data-end=\"3718\" data-start=\"3685\"><\/h2>\n<h3 tabindex=\"0\" data-end=\"3718\" data-start=\"3685\">Who is Otocur ear spray for?<\/h3>\n<ul data-end=\"4056\" data-start=\"3720\">\n<li data-end=\"3770\" data-start=\"3720\">\n<p data-end=\"3770\" data-start=\"3722\">For hearing aid and earbud users<\/p>\n<\/li>\n<li data-end=\"3833\" data-start=\"3771\">\n<p data-end=\"3833\" data-start=\"3773\">For swimmers or people who are frequently exposed to water<\/p>\n<\/li>\n<li data-end=\"3875\" data-start=\"3834\">\n<p data-end=\"3875\" data-start=\"3836\">For children over 6 months of age<\/p>\n<\/li>\n<li data-end=\"3948\" data-start=\"3876\">\n<p data-end=\"3948\" data-start=\"3878\">For people with dry, itchy or irritated ear canals<\/p>\n<\/li>\n<li data-end=\"4056\" data-start=\"3949\">\n<p data-end=\"4056\" data-start=\"3951\">Those who want to prevent earwax plugs or gently treat an existing plug<\/p>\n<\/li>\n<\/ul>\n<p data-end=\"4332\" data-start=\"4078\">Otocur ear spray offers a versatile and reliable solution for treating your ears. It softens wax, prevents inflammation, protects against water and relieves itching. Choose Otocur ear spray if you want to keep your ears healthy, your voice clear and your hearing aids working.<\/p>","protected":false},"excerpt":{"rendered":"<div class=\"InfoArea New\">\n<div id=\"ProductInfoTabs\" class=\"ui-tabs ui-widget ui-widget-content ui-corner-all epProductInfoTabs ep-js\" data-js=\"\">\n<div id=\"tab-product-description\" class=\"ui-tabs-panel ui-widget-content ui-corner-bottom\" role=\"tabpanel\" aria-live=\"polite\" aria-labelledby=\"ui-id-1\" aria-hidden=\"false\">\n<div class=\"description\">\n<h2 tabindex=\"0\" data-end=\"339\" data-start=\"269\"><strong data-end=\"339\" data-start=\"271\">Gentle ear protection and clear sound<\/strong><\/h2>\n<p data-end=\"678\" data-start=\"341\"><strong data-end=\"363\" data-start=\"341\">Otocur Ear Spray<\/strong>\u00a0is a Finnish CE-marked medical ear treatment spray that softens earwax, prevents wax plugs and protects the ear canal from vibration and dryness. It is suitable for the whole family over\u00a0<strong data-end=\"588\" data-start=\"554\">For children from 6 months<\/strong>, ear protection for swimmers and hearing aid users.<\/p>\n<\/div>\n<\/div>\n<\/div>\n<\/div>","protected":false},"featured_media":828,"comment_status":"closed","ping_status":"closed","template":"","meta":{"_acf_changed":false},"product_brand":[],"product_cat":[25],"product_tag":[126,127,125],"class_list":{"0":"post-827","1":"product","2":"type-product","3":"status-publish","4":"has-post-thumbnail","6":"product_cat-muut-tuotteet","7":"product_tag-korvasuihke","8":"product_tag-otocur","9":"product_tag-suihke","11":"first","12":"instock","13":"taxable","14":"shipping-taxable","15":"purchasable","16":"product-type-simple"},"acf":[],"yoast_head":"<!-- This site is optimized with the Yoast SEO plugin v27.4 - https:\/\/yoast.com\/product\/yoast-seo-wordpress\/ -->\n<title>Otocur korvasuihke - Kuuloasi.fi<\/title>\n<meta name=\"description\" content=\"Otocur korvasuihke hell\u00e4varaiseen korvien puhdistukseen. Erinomainen esimerkiksi kuulokojeen k\u00e4ytt\u00e4jille. Tutustu Otocur korvasuihkeeseen!\" \/>\n<meta name=\"robots\" content=\"index, follow, max-snippet:-1, max-image-preview:large, max-video-preview:-1\" \/>\n<link rel=\"canonical\" href=\"https:\/\/kuuloasi.fi\/en\/product\/otocur-korvasuihke-30ml\/\" \/>\n<meta property=\"og:locale\" content=\"en_GB\" \/>\n<meta property=\"og:type\" content=\"article\" \/>\n<meta property=\"og:title\" content=\"Otocur korvasuihke - Kuuloasi.fi\" \/>\n<meta property=\"og:description\" content=\"Otocur korvasuihke hell\u00e4varaiseen korvien puhdistukseen. Erinomainen esimerkiksi kuulokojeen k\u00e4ytt\u00e4jille. Tutustu Otocur korvasuihkeeseen!\" \/>\n<meta property=\"og:url\" content=\"https:\/\/kuuloasi.fi\/en\/product\/otocur-korvasuihke-30ml\/\" \/>\n<meta property=\"og:site_name\" content=\"kuuloasi.fi\" \/>\n<meta property=\"article:modified_time\" content=\"2026-04-10T07:01:02+00:00\" \/>\n<meta property=\"og:image\" content=\"https:\/\/kuuloasi.fi\/wp-content\/uploads\/2025\/12\/otocur-500x500-1.jpg\" \/>\n\t<meta property=\"og:image:width\" content=\"500\" \/>\n\t<meta property=\"og:image:height\" content=\"500\" \/>\n\t<meta property=\"og:image:type\" content=\"image\/jpeg\" \/>\n<meta name=\"twitter:card\" content=\"summary_large_image\" \/>\n<meta name=\"twitter:label1\" content=\"Estimated reading time\" \/>\n\t<meta name=\"twitter:data1\" content=\"3 minutes\" \/>\n<script type=\"application\/ld+json\" class=\"yoast-schema-graph\">{\"@context\":\"https:\\\/\\\/schema.org\",\"@graph\":[{\"@type\":\"WebPage\",\"@id\":\"https:\\\/\\\/kuuloasi.fi\\\/tuote\\\/otocur-korvasuihke-30ml\\\/\",\"url\":\"https:\\\/\\\/kuuloasi.fi\\\/tuote\\\/otocur-korvasuihke-30ml\\\/\",\"name\":\"Otocur korvasuihke - Kuuloasi.fi\",\"isPartOf\":{\"@id\":\"https:\\\/\\\/kuuloasi.fi\\\/#website\"},\"primaryImageOfPage\":{\"@id\":\"https:\\\/\\\/kuuloasi.fi\\\/tuote\\\/otocur-korvasuihke-30ml\\\/#primaryimage\"},\"image\":{\"@id\":\"https:\\\/\\\/kuuloasi.fi\\\/tuote\\\/otocur-korvasuihke-30ml\\\/#primaryimage\"},\"thumbnailUrl\":\"https:\\\/\\\/kuuloasi.fi\\\/wp-content\\\/uploads\\\/2025\\\/12\\\/otocur-500x500-1.jpg\",\"datePublished\":\"2025-12-04T11:27:34+00:00\",\"dateModified\":\"2026-04-10T07:01:02+00:00\",\"description\":\"Otocur korvasuihke hell\u00e4varaiseen korvien puhdistukseen. Erinomainen esimerkiksi kuulokojeen k\u00e4ytt\u00e4jille. Tutustu Otocur korvasuihkeeseen!\",\"breadcrumb\":{\"@id\":\"https:\\\/\\\/kuuloasi.fi\\\/tuote\\\/otocur-korvasuihke-30ml\\\/#breadcrumb\"},\"inLanguage\":\"en-GB\",\"potentialAction\":[{\"@type\":\"ReadAction\",\"target\":[\"https:\\\/\\\/kuuloasi.fi\\\/tuote\\\/otocur-korvasuihke-30ml\\\/\"]}]},{\"@type\":\"ImageObject\",\"inLanguage\":\"en-GB\",\"@id\":\"https:\\\/\\\/kuuloasi.fi\\\/tuote\\\/otocur-korvasuihke-30ml\\\/#primaryimage\",\"url\":\"https:\\\/\\\/kuuloasi.fi\\\/wp-content\\\/uploads\\\/2025\\\/12\\\/otocur-500x500-1.jpg\",\"contentUrl\":\"https:\\\/\\\/kuuloasi.fi\\\/wp-content\\\/uploads\\\/2025\\\/12\\\/otocur-500x500-1.jpg\",\"width\":500,\"height\":500,\"caption\":\"Otocur korvasuihke\"},{\"@type\":\"BreadcrumbList\",\"@id\":\"https:\\\/\\\/kuuloasi.fi\\\/tuote\\\/otocur-korvasuihke-30ml\\\/#breadcrumb\",\"itemListElement\":[{\"@type\":\"ListItem\",\"position\":1,\"name\":\"Etusivu\",\"item\":\"https:\\\/\\\/kuuloasi.fi\\\/\"},{\"@type\":\"ListItem\",\"position\":2,\"name\":\"Kauppa\",\"item\":\"https:\\\/\\\/kuuloasi.fi\\\/kauppa\\\/\"},{\"@type\":\"ListItem\",\"position\":3,\"name\":\"Otocur-korvasuihke 30ml\"}]},{\"@type\":\"WebSite\",\"@id\":\"https:\\\/\\\/kuuloasi.fi\\\/#website\",\"url\":\"https:\\\/\\\/kuuloasi.fi\\\/\",\"name\":\"kuuloasi.fi\",\"description\":\"\",\"potentialAction\":[{\"@type\":\"SearchAction\",\"target\":{\"@type\":\"EntryPoint\",\"urlTemplate\":\"https:\\\/\\\/kuuloasi.fi\\\/?s={search_term_string}\"},\"query-input\":{\"@type\":\"PropertyValueSpecification\",\"valueRequired\":true,\"valueName\":\"search_term_string\"}}],\"inLanguage\":\"en-GB\"}]}<\/script>\n<!-- \/ Yoast SEO plugin. -->","yoast_head_json":{"title":"Otocur korvasuihke - Kuuloasi.fi","description":"Otocur korvasuihke hell\u00e4varaiseen korvien puhdistukseen. Erinomainen esimerkiksi kuulokojeen k\u00e4ytt\u00e4jille. Tutustu Otocur korvasuihkeeseen!","robots":{"index":"index","follow":"follow","max-snippet":"max-snippet:-1","max-image-preview":"max-image-preview:large","max-video-preview":"max-video-preview:-1"},"canonical":"https:\/\/kuuloasi.fi\/en\/product\/otocur-korvasuihke-30ml\/","og_locale":"en_GB","og_type":"article","og_title":"Otocur korvasuihke - Kuuloasi.fi","og_description":"Otocur korvasuihke hell\u00e4varaiseen korvien puhdistukseen. Erinomainen esimerkiksi kuulokojeen k\u00e4ytt\u00e4jille. Tutustu Otocur korvasuihkeeseen!","og_url":"https:\/\/kuuloasi.fi\/en\/product\/otocur-korvasuihke-30ml\/","og_site_name":"kuuloasi.fi","article_modified_time":"2026-04-10T07:01:02+00:00","og_image":[{"width":500,"height":500,"url":"https:\/\/kuuloasi.fi\/wp-content\/uploads\/2025\/12\/otocur-500x500-1.jpg","type":"image\/jpeg"}],"twitter_card":"summary_large_image","twitter_misc":{"Estimated reading time":"3 minutes"},"schema":{"@context":"https:\/\/schema.org","@graph":[{"@type":"WebPage","@id":"https:\/\/kuuloasi.fi\/tuote\/otocur-korvasuihke-30ml\/","url":"https:\/\/kuuloasi.fi\/tuote\/otocur-korvasuihke-30ml\/","name":"Otocur korvasuihke - Kuuloasi.fi","isPartOf":{"@id":"https:\/\/kuuloasi.fi\/#website"},"primaryImageOfPage":{"@id":"https:\/\/kuuloasi.fi\/tuote\/otocur-korvasuihke-30ml\/#primaryimage"},"image":{"@id":"https:\/\/kuuloasi.fi\/tuote\/otocur-korvasuihke-30ml\/#primaryimage"},"thumbnailUrl":"https:\/\/kuuloasi.fi\/wp-content\/uploads\/2025\/12\/otocur-500x500-1.jpg","datePublished":"2025-12-04T11:27:34+00:00","dateModified":"2026-04-10T07:01:02+00:00","description":"Otocur korvasuihke hell\u00e4varaiseen korvien puhdistukseen. Erinomainen esimerkiksi kuulokojeen k\u00e4ytt\u00e4jille. Tutustu Otocur korvasuihkeeseen!","breadcrumb":{"@id":"https:\/\/kuuloasi.fi\/tuote\/otocur-korvasuihke-30ml\/#breadcrumb"},"inLanguage":"en-GB","potentialAction":[{"@type":"ReadAction","target":["https:\/\/kuuloasi.fi\/tuote\/otocur-korvasuihke-30ml\/"]}]},{"@type":"ImageObject","inLanguage":"en-GB","@id":"https:\/\/kuuloasi.fi\/tuote\/otocur-korvasuihke-30ml\/#primaryimage","url":"https:\/\/kuuloasi.fi\/wp-content\/uploads\/2025\/12\/otocur-500x500-1.jpg","contentUrl":"https:\/\/kuuloasi.fi\/wp-content\/uploads\/2025\/12\/otocur-500x500-1.jpg","width":500,"height":500,"caption":"Otocur korvasuihke"},{"@type":"BreadcrumbList","@id":"https:\/\/kuuloasi.fi\/tuote\/otocur-korvasuihke-30ml\/#breadcrumb","itemListElement":[{"@type":"ListItem","position":1,"name":"Etusivu","item":"https:\/\/kuuloasi.fi\/"},{"@type":"ListItem","position":2,"name":"Kauppa","item":"https:\/\/kuuloasi.fi\/kauppa\/"},{"@type":"ListItem","position":3,"name":"Otocur-korvasuihke 30ml"}]},{"@type":"WebSite","@id":"https:\/\/kuuloasi.fi\/#website","url":"https:\/\/kuuloasi.fi\/","name":"hearing.co.uk","description":"","potentialAction":[{"@type":"SearchAction","target":{"@type":"EntryPoint","urlTemplate":"https:\/\/kuuloasi.fi\/?s={search_term_string}"},"query-input":{"@type":"PropertyValueSpecification","valueRequired":true,"valueName":"search_term_string"}}],"inLanguage":"en-GB"}]}},"_links":{"self":[{"href":"https:\/\/kuuloasi.fi\/en\/wp-json\/wp\/v2\/product\/827","targetHints":{"allow":["GET"]}}],"collection":[{"href":"https:\/\/kuuloasi.fi\/en\/wp-json\/wp\/v2\/product"}],"about":[{"href":"https:\/\/kuuloasi.fi\/en\/wp-json\/wp\/v2\/types\/product"}],"replies":[{"embeddable":true,"href":"https:\/\/kuuloasi.fi\/en\/wp-json\/wp\/v2\/comments?post=827"}],"wp:featuredmedia":[{"embeddable":true,"href":"https:\/\/kuuloasi.fi\/en\/wp-json\/wp\/v2\/media\/828"}],"wp:attachment":[{"href":"https:\/\/kuuloasi.fi\/en\/wp-json\/wp\/v2\/media?parent=827"}],"wp:term":[{"taxonomy":"product_brand","embeddable":true,"href":"https:\/\/kuuloasi.fi\/en\/wp-json\/wp\/v2\/product_brand?post=827"},{"taxonomy":"product_cat","embeddable":true,"href":"https:\/\/kuuloasi.fi\/en\/wp-json\/wp\/v2\/product_cat?post=827"},{"taxonomy":"product_tag","embeddable":true,"href":"https:\/\/kuuloasi.fi\/en\/wp-json\/wp\/v2\/product_tag?post=827"}],"curies":[{"name":"wp","href":"https:\/\/api.w.org\/{rel}","templated":true}]}}