{"id":819,"date":"2025-12-04T11:24:56","date_gmt":"2025-12-04T11:24:56","guid":{"rendered":"https:\/\/kuuloasi.fi\/?post_type=product&#038;p=819"},"modified":"2026-04-02T05:27:31","modified_gmt":"2026-04-02T05:27:31","slug":"kuulokojeen-turvanauha","status":"publish","type":"product","link":"https:\/\/kuuloasi.fi\/en\/product\/kuulokojeen-turvanauha\/","title":{"rendered":"Hearing aid safety strap"},"content":{"rendered":"<p>The safety belt is very handy and easy to use. The silicone attachment loops on the strap allow you to attach your hearing aid to the strap, and the handy clip at the other end of the strap allows you to attach the strap to a shirt collar, for example. This prevents the hearing aid from getting lost. The safety strap can also be used with children, whose hearing aids can easily fall out of their ears in the rush of activity. The safety strap ensures that the hearing aid does not fall far away but remains hanging on the collar of the shirt.<\/p>\n<p>&nbsp;<\/p>\n<p>The package contains a clip, an instruction manual and two safety straps of different lengths. You can always change the length of the safety strap according to your needs.<\/p>","protected":false},"excerpt":{"rendered":"<p>Are you worried that your hearing aid will fall off while playing sports or doing other daily activities? Don't worry. With this hearing aid safety strap, you can enjoy your activity in peace, without worrying about your hearing aid falling out along the way.<\/p>","protected":false},"featured_media":820,"comment_status":"closed","ping_status":"closed","template":"","meta":{"_acf_changed":false},"product_brand":[],"product_cat":[25],"product_tag":[124,123],"class_list":{"0":"post-819","1":"product","2":"type-product","3":"status-publish","4":"has-post-thumbnail","6":"product_cat-muut-tuotteet","7":"product_tag-nauha","8":"product_tag-turvanauha","10":"first","11":"instock","12":"taxable","13":"shipping-taxable","14":"purchasable","15":"product-type-simple"},"acf":[],"yoast_head":"<!-- This site is optimized with the Yoast SEO plugin v27.4 - https:\/\/yoast.com\/product\/yoast-seo-wordpress\/ -->\n<title>Kuulokojeen turvanauha - kuuloasi.fi<\/title>\n<meta name=\"robots\" content=\"index, follow, max-snippet:-1, max-image-preview:large, max-video-preview:-1\" \/>\n<link rel=\"canonical\" href=\"https:\/\/kuuloasi.fi\/en\/product\/kuulokojeen-turvanauha\/\" \/>\n<meta property=\"og:locale\" content=\"en_GB\" \/>\n<meta property=\"og:type\" content=\"article\" \/>\n<meta property=\"og:title\" content=\"Kuulokojeen turvanauha - kuuloasi.fi\" \/>\n<meta property=\"og:description\" content=\"Pelk\u00e4\u00e4tk\u00f6, ett\u00e4 kuulokoje putoaa urheillessa tai muuten vain p\u00e4ivitt\u00e4isten askareiden yhteydess\u00e4? Ei h\u00e4t\u00e4\u00e4. T\u00e4ll\u00e4 kuulokojeen turvanauhalla voit rauhassa nauttia kulloisestakin aktiviteetista ilman huolta, ett\u00e4 kuulokoje putoaisi matkan varrelle.\" \/>\n<meta property=\"og:url\" content=\"https:\/\/kuuloasi.fi\/en\/product\/kuulokojeen-turvanauha\/\" \/>\n<meta property=\"og:site_name\" content=\"kuuloasi.fi\" \/>\n<meta property=\"article:modified_time\" content=\"2026-04-02T05:27:31+00:00\" \/>\n<meta property=\"og:image\" content=\"https:\/\/kuuloasi.fi\/wp-content\/uploads\/2025\/12\/safeline-kuulolaitteiden-turvanauha-13_orig_ml.jpg\" \/>\n\t<meta property=\"og:image:width\" content=\"500\" \/>\n\t<meta property=\"og:image:height\" content=\"500\" \/>\n\t<meta property=\"og:image:type\" content=\"image\/jpeg\" \/>\n<meta name=\"twitter:card\" content=\"summary_large_image\" \/>\n<script type=\"application\/ld+json\" class=\"yoast-schema-graph\">{\"@context\":\"https:\\\/\\\/schema.org\",\"@graph\":[{\"@type\":\"WebPage\",\"@id\":\"https:\\\/\\\/kuuloasi.fi\\\/tuote\\\/kuulokojeen-turvanauha\\\/\",\"url\":\"https:\\\/\\\/kuuloasi.fi\\\/tuote\\\/kuulokojeen-turvanauha\\\/\",\"name\":\"Kuulokojeen turvanauha - kuuloasi.fi\",\"isPartOf\":{\"@id\":\"https:\\\/\\\/kuuloasi.fi\\\/#website\"},\"primaryImageOfPage\":{\"@id\":\"https:\\\/\\\/kuuloasi.fi\\\/tuote\\\/kuulokojeen-turvanauha\\\/#primaryimage\"},\"image\":{\"@id\":\"https:\\\/\\\/kuuloasi.fi\\\/tuote\\\/kuulokojeen-turvanauha\\\/#primaryimage\"},\"thumbnailUrl\":\"https:\\\/\\\/kuuloasi.fi\\\/wp-content\\\/uploads\\\/2025\\\/12\\\/safeline-kuulolaitteiden-turvanauha-13_orig_ml.jpg\",\"datePublished\":\"2025-12-04T11:24:56+00:00\",\"dateModified\":\"2026-04-02T05:27:31+00:00\",\"breadcrumb\":{\"@id\":\"https:\\\/\\\/kuuloasi.fi\\\/tuote\\\/kuulokojeen-turvanauha\\\/#breadcrumb\"},\"inLanguage\":\"en-GB\",\"potentialAction\":[{\"@type\":\"ReadAction\",\"target\":[\"https:\\\/\\\/kuuloasi.fi\\\/tuote\\\/kuulokojeen-turvanauha\\\/\"]}]},{\"@type\":\"ImageObject\",\"inLanguage\":\"en-GB\",\"@id\":\"https:\\\/\\\/kuuloasi.fi\\\/tuote\\\/kuulokojeen-turvanauha\\\/#primaryimage\",\"url\":\"https:\\\/\\\/kuuloasi.fi\\\/wp-content\\\/uploads\\\/2025\\\/12\\\/safeline-kuulolaitteiden-turvanauha-13_orig_ml.jpg\",\"contentUrl\":\"https:\\\/\\\/kuuloasi.fi\\\/wp-content\\\/uploads\\\/2025\\\/12\\\/safeline-kuulolaitteiden-turvanauha-13_orig_ml.jpg\",\"width\":500,\"height\":500},{\"@type\":\"BreadcrumbList\",\"@id\":\"https:\\\/\\\/kuuloasi.fi\\\/tuote\\\/kuulokojeen-turvanauha\\\/#breadcrumb\",\"itemListElement\":[{\"@type\":\"ListItem\",\"position\":1,\"name\":\"Etusivu\",\"item\":\"https:\\\/\\\/kuuloasi.fi\\\/\"},{\"@type\":\"ListItem\",\"position\":2,\"name\":\"Kauppa\",\"item\":\"https:\\\/\\\/kuuloasi.fi\\\/kauppa\\\/\"},{\"@type\":\"ListItem\",\"position\":3,\"name\":\"Kuulokojeen turvanauha\"}]},{\"@type\":\"WebSite\",\"@id\":\"https:\\\/\\\/kuuloasi.fi\\\/#website\",\"url\":\"https:\\\/\\\/kuuloasi.fi\\\/\",\"name\":\"kuuloasi.fi\",\"description\":\"\",\"potentialAction\":[{\"@type\":\"SearchAction\",\"target\":{\"@type\":\"EntryPoint\",\"urlTemplate\":\"https:\\\/\\\/kuuloasi.fi\\\/?s={search_term_string}\"},\"query-input\":{\"@type\":\"PropertyValueSpecification\",\"valueRequired\":true,\"valueName\":\"search_term_string\"}}],\"inLanguage\":\"en-GB\"}]}<\/script>\n<!-- \/ Yoast SEO plugin. -->","yoast_head_json":{"title":"Kuulokojeen turvanauha - kuuloasi.fi","robots":{"index":"index","follow":"follow","max-snippet":"max-snippet:-1","max-image-preview":"max-image-preview:large","max-video-preview":"max-video-preview:-1"},"canonical":"https:\/\/kuuloasi.fi\/en\/product\/kuulokojeen-turvanauha\/","og_locale":"en_GB","og_type":"article","og_title":"Kuulokojeen turvanauha - kuuloasi.fi","og_description":"Pelk\u00e4\u00e4tk\u00f6, ett\u00e4 kuulokoje putoaa urheillessa tai muuten vain p\u00e4ivitt\u00e4isten askareiden yhteydess\u00e4? Ei h\u00e4t\u00e4\u00e4. T\u00e4ll\u00e4 kuulokojeen turvanauhalla voit rauhassa nauttia kulloisestakin aktiviteetista ilman huolta, ett\u00e4 kuulokoje putoaisi matkan varrelle.","og_url":"https:\/\/kuuloasi.fi\/en\/product\/kuulokojeen-turvanauha\/","og_site_name":"kuuloasi.fi","article_modified_time":"2026-04-02T05:27:31+00:00","og_image":[{"width":500,"height":500,"url":"https:\/\/kuuloasi.fi\/wp-content\/uploads\/2025\/12\/safeline-kuulolaitteiden-turvanauha-13_orig_ml.jpg","type":"image\/jpeg"}],"twitter_card":"summary_large_image","schema":{"@context":"https:\/\/schema.org","@graph":[{"@type":"WebPage","@id":"https:\/\/kuuloasi.fi\/tuote\/kuulokojeen-turvanauha\/","url":"https:\/\/kuuloasi.fi\/tuote\/kuulokojeen-turvanauha\/","name":"Kuulokojeen turvanauha - kuuloasi.fi","isPartOf":{"@id":"https:\/\/kuuloasi.fi\/#website"},"primaryImageOfPage":{"@id":"https:\/\/kuuloasi.fi\/tuote\/kuulokojeen-turvanauha\/#primaryimage"},"image":{"@id":"https:\/\/kuuloasi.fi\/tuote\/kuulokojeen-turvanauha\/#primaryimage"},"thumbnailUrl":"https:\/\/kuuloasi.fi\/wp-content\/uploads\/2025\/12\/safeline-kuulolaitteiden-turvanauha-13_orig_ml.jpg","datePublished":"2025-12-04T11:24:56+00:00","dateModified":"2026-04-02T05:27:31+00:00","breadcrumb":{"@id":"https:\/\/kuuloasi.fi\/tuote\/kuulokojeen-turvanauha\/#breadcrumb"},"inLanguage":"en-GB","potentialAction":[{"@type":"ReadAction","target":["https:\/\/kuuloasi.fi\/tuote\/kuulokojeen-turvanauha\/"]}]},{"@type":"ImageObject","inLanguage":"en-GB","@id":"https:\/\/kuuloasi.fi\/tuote\/kuulokojeen-turvanauha\/#primaryimage","url":"https:\/\/kuuloasi.fi\/wp-content\/uploads\/2025\/12\/safeline-kuulolaitteiden-turvanauha-13_orig_ml.jpg","contentUrl":"https:\/\/kuuloasi.fi\/wp-content\/uploads\/2025\/12\/safeline-kuulolaitteiden-turvanauha-13_orig_ml.jpg","width":500,"height":500},{"@type":"BreadcrumbList","@id":"https:\/\/kuuloasi.fi\/tuote\/kuulokojeen-turvanauha\/#breadcrumb","itemListElement":[{"@type":"ListItem","position":1,"name":"Etusivu","item":"https:\/\/kuuloasi.fi\/"},{"@type":"ListItem","position":2,"name":"Kauppa","item":"https:\/\/kuuloasi.fi\/kauppa\/"},{"@type":"ListItem","position":3,"name":"Kuulokojeen turvanauha"}]},{"@type":"WebSite","@id":"https:\/\/kuuloasi.fi\/#website","url":"https:\/\/kuuloasi.fi\/","name":"hearing.co.uk","description":"","potentialAction":[{"@type":"SearchAction","target":{"@type":"EntryPoint","urlTemplate":"https:\/\/kuuloasi.fi\/?s={search_term_string}"},"query-input":{"@type":"PropertyValueSpecification","valueRequired":true,"valueName":"search_term_string"}}],"inLanguage":"en-GB"}]}},"_links":{"self":[{"href":"https:\/\/kuuloasi.fi\/en\/wp-json\/wp\/v2\/product\/819","targetHints":{"allow":["GET"]}}],"collection":[{"href":"https:\/\/kuuloasi.fi\/en\/wp-json\/wp\/v2\/product"}],"about":[{"href":"https:\/\/kuuloasi.fi\/en\/wp-json\/wp\/v2\/types\/product"}],"replies":[{"embeddable":true,"href":"https:\/\/kuuloasi.fi\/en\/wp-json\/wp\/v2\/comments?post=819"}],"wp:featuredmedia":[{"embeddable":true,"href":"https:\/\/kuuloasi.fi\/en\/wp-json\/wp\/v2\/media\/820"}],"wp:attachment":[{"href":"https:\/\/kuuloasi.fi\/en\/wp-json\/wp\/v2\/media?parent=819"}],"wp:term":[{"taxonomy":"product_brand","embeddable":true,"href":"https:\/\/kuuloasi.fi\/en\/wp-json\/wp\/v2\/product_brand?post=819"},{"taxonomy":"product_cat","embeddable":true,"href":"https:\/\/kuuloasi.fi\/en\/wp-json\/wp\/v2\/product_cat?post=819"},{"taxonomy":"product_tag","embeddable":true,"href":"https:\/\/kuuloasi.fi\/en\/wp-json\/wp\/v2\/product_tag?post=819"}],"curies":[{"name":"wp","href":"https:\/\/api.w.org\/{rel}","templated":true}]}}