{"id":816,"date":"2025-12-04T11:19:32","date_gmt":"2025-12-04T11:19:32","guid":{"rendered":"https:\/\/kuuloasi.fi\/?post_type=product&#038;p=816"},"modified":"2026-01-14T18:25:56","modified_gmt":"2026-01-14T18:25:56","slug":"yksilolliset-uimatulpat","status":"publish","type":"product","link":"https:\/\/kuuloasi.fi\/en\/product\/yksilolliset-uimatulpat\/","title":{"rendered":"Individual swimming plugs"},"content":{"rendered":"<p>Water contaminated by protozoa entering the ear canal can cause pain or infection. Bacteria and germs can affect children's ears in particular because of the special anatomy of their ears.  Especially after ear tubing, the use of swimming plugs is essential to prevent water from entering the ear. Your eardrum may have a hole in it or your ear canal may otherwise be sensitive to water irritation, in which case these swimming plugs will protect you from water and reduce irritation of the ear canal.<\/p>\n<p>&nbsp;<\/p>\n<p>The custom-made swimming plugs are very comfortable to wear in the ear, as they are made of soft and comfortable silicone. Thanks to the unique manufacturing process, they fit perfectly and stay in the ear even during children's boisterous water games.<\/p>\n<p>&nbsp;<\/p>\n<p>Personalised swimming plugs are available in a range of colours and a few different designs.<\/p>\n<p>&nbsp;<\/p>\n<p>You can get these great individually made swimming plugs for 120\u20ac\/pair. The delivery time is about 3-4 weeks. Book an appointment with one of our partners and ask for more information!<\/p>\n<p>&nbsp;<\/p>\n<p><strong><img decoding=\"async\" src=\"https:\/\/www.kuuloasi.fi\/WebRoot\/vilkasfi03\/Shops\/2017112003\/MediaGallery\/kuulostudio_logo.png\" alt=\"melusuojat\" data-pagespeed-url-hash=\"1306406870\" \/><\/strong><strong>Tel. 050 5355 557<\/strong><strong><img decoding=\"async\" src=\"https:\/\/www.kuuloasi.fi\/WebRoot\/vilkasfi03\/Shops\/2017112003\/MediaGallery\/logo.png\" alt=\"Melusuojat\" data-pagespeed-url-hash=\"3230622059\" \/><\/strong><\/p>\n<p>&nbsp;<\/p>\n<p>&nbsp;<\/p>\n<p>The locations of our partners:<\/p>\n<p>Vantaa, Espoo, Lohja, Tampere, Pori, Sein\u00e4joki.<\/p>","protected":false},"excerpt":{"rendered":"<p>This product cannot be sold online as it requires on-site modelling. Please book an appointment for a modeling session with our partners on the number below:<\/p>\n<p><strong>Tel. 050 5355 557<\/strong><\/p>","protected":false},"featured_media":817,"comment_status":"closed","ping_status":"closed","template":"","meta":{"_acf_changed":false},"product_brand":[],"product_cat":[23],"product_tag":[121,120,122],"class_list":{"0":"post-816","1":"product","2":"type-product","3":"status-publish","4":"has-post-thumbnail","6":"product_cat-kuulonsuojaus","7":"product_tag-korvatulppa","8":"product_tag-kuulonsuojaus","9":"product_tag-uimatulppa","11":"first","12":"instock","13":"taxable","14":"shipping-taxable","15":"product-type-external"},"acf":[],"yoast_head":"<!-- This site is optimized with the Yoast SEO plugin v27.4 - https:\/\/yoast.com\/product\/yoast-seo-wordpress\/ -->\n<title>Yksil\u00f6lliset uimatulpat - kuuloasi.fi<\/title>\n<meta name=\"robots\" content=\"index, follow, max-snippet:-1, max-image-preview:large, max-video-preview:-1\" \/>\n<link rel=\"canonical\" href=\"https:\/\/kuuloasi.fi\/en\/product\/yksilolliset-uimatulpat\/\" \/>\n<meta property=\"og:locale\" content=\"en_GB\" \/>\n<meta property=\"og:type\" content=\"article\" \/>\n<meta property=\"og:title\" content=\"Yksil\u00f6lliset uimatulpat - kuuloasi.fi\" \/>\n<meta property=\"og:description\" content=\"T\u00e4t\u00e4 tuotetta emme voi myyd\u00e4 verkossa sill\u00e4 se vaatii mallinoton paikanp\u00e4\u00e4ll\u00e4. Varaa aika mallinottoon yhteisty\u00f6kumppaneillemme numerosta:  Puh. 050 5355 557\" \/>\n<meta property=\"og:url\" content=\"https:\/\/kuuloasi.fi\/en\/product\/yksilolliset-uimatulpat\/\" \/>\n<meta property=\"og:site_name\" content=\"kuuloasi.fi\" \/>\n<meta property=\"article:modified_time\" content=\"2026-01-14T18:25:56+00:00\" \/>\n<meta property=\"og:image\" content=\"https:\/\/kuuloasi.fi\/wp-content\/uploads\/2025\/12\/OtoSwim-980x400-1.png\" \/>\n\t<meta property=\"og:image:width\" content=\"1000\" \/>\n\t<meta property=\"og:image:height\" content=\"1000\" \/>\n\t<meta property=\"og:image:type\" content=\"image\/png\" \/>\n<meta name=\"twitter:card\" content=\"summary_large_image\" \/>\n<meta name=\"twitter:label1\" content=\"Estimated reading time\" \/>\n\t<meta name=\"twitter:data1\" content=\"1 minute\" \/>\n<script type=\"application\/ld+json\" class=\"yoast-schema-graph\">{\"@context\":\"https:\\\/\\\/schema.org\",\"@graph\":[{\"@type\":\"WebPage\",\"@id\":\"https:\\\/\\\/kuuloasi.fi\\\/tuote\\\/yksilolliset-uimatulpat\\\/\",\"url\":\"https:\\\/\\\/kuuloasi.fi\\\/tuote\\\/yksilolliset-uimatulpat\\\/\",\"name\":\"Yksil\u00f6lliset uimatulpat - kuuloasi.fi\",\"isPartOf\":{\"@id\":\"https:\\\/\\\/kuuloasi.fi\\\/#website\"},\"primaryImageOfPage\":{\"@id\":\"https:\\\/\\\/kuuloasi.fi\\\/tuote\\\/yksilolliset-uimatulpat\\\/#primaryimage\"},\"image\":{\"@id\":\"https:\\\/\\\/kuuloasi.fi\\\/tuote\\\/yksilolliset-uimatulpat\\\/#primaryimage\"},\"thumbnailUrl\":\"https:\\\/\\\/kuuloasi.fi\\\/wp-content\\\/uploads\\\/2025\\\/12\\\/OtoSwim-980x400-1.png\",\"datePublished\":\"2025-12-04T11:19:32+00:00\",\"dateModified\":\"2026-01-14T18:25:56+00:00\",\"breadcrumb\":{\"@id\":\"https:\\\/\\\/kuuloasi.fi\\\/tuote\\\/yksilolliset-uimatulpat\\\/#breadcrumb\"},\"inLanguage\":\"en-GB\",\"potentialAction\":[{\"@type\":\"ReadAction\",\"target\":[\"https:\\\/\\\/kuuloasi.fi\\\/tuote\\\/yksilolliset-uimatulpat\\\/\"]}]},{\"@type\":\"ImageObject\",\"inLanguage\":\"en-GB\",\"@id\":\"https:\\\/\\\/kuuloasi.fi\\\/tuote\\\/yksilolliset-uimatulpat\\\/#primaryimage\",\"url\":\"https:\\\/\\\/kuuloasi.fi\\\/wp-content\\\/uploads\\\/2025\\\/12\\\/OtoSwim-980x400-1.png\",\"contentUrl\":\"https:\\\/\\\/kuuloasi.fi\\\/wp-content\\\/uploads\\\/2025\\\/12\\\/OtoSwim-980x400-1.png\",\"width\":1000,\"height\":1000},{\"@type\":\"BreadcrumbList\",\"@id\":\"https:\\\/\\\/kuuloasi.fi\\\/tuote\\\/yksilolliset-uimatulpat\\\/#breadcrumb\",\"itemListElement\":[{\"@type\":\"ListItem\",\"position\":1,\"name\":\"Etusivu\",\"item\":\"https:\\\/\\\/kuuloasi.fi\\\/\"},{\"@type\":\"ListItem\",\"position\":2,\"name\":\"Kauppa\",\"item\":\"https:\\\/\\\/kuuloasi.fi\\\/kauppa\\\/\"},{\"@type\":\"ListItem\",\"position\":3,\"name\":\"Yksil\u00f6lliset uimatulpat\"}]},{\"@type\":\"WebSite\",\"@id\":\"https:\\\/\\\/kuuloasi.fi\\\/#website\",\"url\":\"https:\\\/\\\/kuuloasi.fi\\\/\",\"name\":\"kuuloasi.fi\",\"description\":\"\",\"potentialAction\":[{\"@type\":\"SearchAction\",\"target\":{\"@type\":\"EntryPoint\",\"urlTemplate\":\"https:\\\/\\\/kuuloasi.fi\\\/?s={search_term_string}\"},\"query-input\":{\"@type\":\"PropertyValueSpecification\",\"valueRequired\":true,\"valueName\":\"search_term_string\"}}],\"inLanguage\":\"en-GB\"}]}<\/script>\n<!-- \/ Yoast SEO plugin. -->","yoast_head_json":{"title":"Yksil\u00f6lliset uimatulpat - kuuloasi.fi","robots":{"index":"index","follow":"follow","max-snippet":"max-snippet:-1","max-image-preview":"max-image-preview:large","max-video-preview":"max-video-preview:-1"},"canonical":"https:\/\/kuuloasi.fi\/en\/product\/yksilolliset-uimatulpat\/","og_locale":"en_GB","og_type":"article","og_title":"Yksil\u00f6lliset uimatulpat - kuuloasi.fi","og_description":"T\u00e4t\u00e4 tuotetta emme voi myyd\u00e4 verkossa sill\u00e4 se vaatii mallinoton paikanp\u00e4\u00e4ll\u00e4. Varaa aika mallinottoon yhteisty\u00f6kumppaneillemme numerosta:  Puh. 050 5355 557","og_url":"https:\/\/kuuloasi.fi\/en\/product\/yksilolliset-uimatulpat\/","og_site_name":"kuuloasi.fi","article_modified_time":"2026-01-14T18:25:56+00:00","og_image":[{"width":1000,"height":1000,"url":"https:\/\/kuuloasi.fi\/wp-content\/uploads\/2025\/12\/OtoSwim-980x400-1.png","type":"image\/png"}],"twitter_card":"summary_large_image","twitter_misc":{"Estimated reading time":"1 minute"},"schema":{"@context":"https:\/\/schema.org","@graph":[{"@type":"WebPage","@id":"https:\/\/kuuloasi.fi\/tuote\/yksilolliset-uimatulpat\/","url":"https:\/\/kuuloasi.fi\/tuote\/yksilolliset-uimatulpat\/","name":"Yksil\u00f6lliset uimatulpat - kuuloasi.fi","isPartOf":{"@id":"https:\/\/kuuloasi.fi\/#website"},"primaryImageOfPage":{"@id":"https:\/\/kuuloasi.fi\/tuote\/yksilolliset-uimatulpat\/#primaryimage"},"image":{"@id":"https:\/\/kuuloasi.fi\/tuote\/yksilolliset-uimatulpat\/#primaryimage"},"thumbnailUrl":"https:\/\/kuuloasi.fi\/wp-content\/uploads\/2025\/12\/OtoSwim-980x400-1.png","datePublished":"2025-12-04T11:19:32+00:00","dateModified":"2026-01-14T18:25:56+00:00","breadcrumb":{"@id":"https:\/\/kuuloasi.fi\/tuote\/yksilolliset-uimatulpat\/#breadcrumb"},"inLanguage":"en-GB","potentialAction":[{"@type":"ReadAction","target":["https:\/\/kuuloasi.fi\/tuote\/yksilolliset-uimatulpat\/"]}]},{"@type":"ImageObject","inLanguage":"en-GB","@id":"https:\/\/kuuloasi.fi\/tuote\/yksilolliset-uimatulpat\/#primaryimage","url":"https:\/\/kuuloasi.fi\/wp-content\/uploads\/2025\/12\/OtoSwim-980x400-1.png","contentUrl":"https:\/\/kuuloasi.fi\/wp-content\/uploads\/2025\/12\/OtoSwim-980x400-1.png","width":1000,"height":1000},{"@type":"BreadcrumbList","@id":"https:\/\/kuuloasi.fi\/tuote\/yksilolliset-uimatulpat\/#breadcrumb","itemListElement":[{"@type":"ListItem","position":1,"name":"Etusivu","item":"https:\/\/kuuloasi.fi\/"},{"@type":"ListItem","position":2,"name":"Kauppa","item":"https:\/\/kuuloasi.fi\/kauppa\/"},{"@type":"ListItem","position":3,"name":"Yksil\u00f6lliset uimatulpat"}]},{"@type":"WebSite","@id":"https:\/\/kuuloasi.fi\/#website","url":"https:\/\/kuuloasi.fi\/","name":"hearing.co.uk","description":"","potentialAction":[{"@type":"SearchAction","target":{"@type":"EntryPoint","urlTemplate":"https:\/\/kuuloasi.fi\/?s={search_term_string}"},"query-input":{"@type":"PropertyValueSpecification","valueRequired":true,"valueName":"search_term_string"}}],"inLanguage":"en-GB"}]}},"_links":{"self":[{"href":"https:\/\/kuuloasi.fi\/en\/wp-json\/wp\/v2\/product\/816","targetHints":{"allow":["GET"]}}],"collection":[{"href":"https:\/\/kuuloasi.fi\/en\/wp-json\/wp\/v2\/product"}],"about":[{"href":"https:\/\/kuuloasi.fi\/en\/wp-json\/wp\/v2\/types\/product"}],"replies":[{"embeddable":true,"href":"https:\/\/kuuloasi.fi\/en\/wp-json\/wp\/v2\/comments?post=816"}],"wp:featuredmedia":[{"embeddable":true,"href":"https:\/\/kuuloasi.fi\/en\/wp-json\/wp\/v2\/media\/817"}],"wp:attachment":[{"href":"https:\/\/kuuloasi.fi\/en\/wp-json\/wp\/v2\/media?parent=816"}],"wp:term":[{"taxonomy":"product_brand","embeddable":true,"href":"https:\/\/kuuloasi.fi\/en\/wp-json\/wp\/v2\/product_brand?post=816"},{"taxonomy":"product_cat","embeddable":true,"href":"https:\/\/kuuloasi.fi\/en\/wp-json\/wp\/v2\/product_cat?post=816"},{"taxonomy":"product_tag","embeddable":true,"href":"https:\/\/kuuloasi.fi\/en\/wp-json\/wp\/v2\/product_tag?post=816"}],"curies":[{"name":"wp","href":"https:\/\/api.w.org\/{rel}","templated":true}]}}