{"id":812,"date":"2025-12-04T11:17:50","date_gmt":"2025-12-04T11:17:50","guid":{"rendered":"https:\/\/kuuloasi.fi\/?post_type=product&#038;p=812"},"modified":"2026-01-14T18:26:03","modified_gmt":"2026-01-14T18:26:03","slug":"yksilolliset-kuulosuojaimet-lentokoneeseen","status":"publish","type":"product","link":"https:\/\/kuuloasi.fi\/en\/product\/yksilolliset-kuulosuojaimet-lentokoneeseen\/","title":{"rendered":"Individual hearing protectors for airplanes"},"content":{"rendered":"<p>These SkyComfort hearing protectors are designed for airplane travel. With their SANOHRA Fly filter, the hearing protectors help your ears to equalize pressure during flight. This is especially helpful during take-off and landing when the air pressure fluctuates the most. The filters also absorb unpleasant loud background noise, such as the sound of engines and turbines. However, the filters still pass through speech, so communication with fellow passengers is smooth, and you can still hear all aircraft announcements. These smart filters allow you to keep your hearing protection in your ears throughout the flight, which is also the best option for pressure equalisation. However, should you wish to remove your hearing protectors during the flight, we recommend that you do so only after the aircraft has reached its cruising altitude. You should put them back on at least an hour before landing, before the aircraft starts to drop significantly in altitude. The tables below show, among other things, how the filters prolong the pressure fluctuation time in your ears. Another table shows how much the earplugs reduce background noise.<\/p>\n<p>&nbsp;<\/p>\n<p><img decoding=\"async\" src=\"https:\/\/www.kuuloasi.fi\/WebRoot\/vilkasfi03\/Shops\/2017112003\/MediaGallery\/2021-01-08_8.png\" alt=\"korvatulpat lentokoneeseen\" data-pagespeed-url-hash=\"1804923176\" \/><\/p>\n<p>&nbsp;<\/p>\n<p><img decoding=\"async\" src=\"https:\/\/www.kuuloasi.fi\/WebRoot\/vilkasfi03\/Shops\/2017112003\/MediaGallery\/2021-01-08_4.png\" alt=\"lentotulpat\" data-pagespeed-url-hash=\"626923492\" \/><\/p>\n<p>&nbsp;<\/p>\n<p>Thanks to their unique construction, these hearing protectors fit your ear perfectly and are very comfortable to wear. The soft silicone won't irritate your ear and won't feel uncomfortable during travel. This allows you to wear your hearing protection throughout your journey. Store-bought earplugs or earplugs for flying are not individually made so they will not fit everyone's ear.<\/p>\n<p>&nbsp;<\/p>\n<p>Treat yourself to a relaxing and comfortable flight without distractions. Get these great hearing protectors for \u20ac210. The delivery time is about 3-4 weeks. Book an appointment for a fitting with one of our partners and ask for more information!<\/p>\n<p>&nbsp;<\/p>\n<p><strong><img decoding=\"async\" src=\"https:\/\/www.kuuloasi.fi\/WebRoot\/vilkasfi03\/Shops\/2017112003\/MediaGallery\/kuulostudio_logo.png\" alt=\"kuulonsuojaimet\" data-pagespeed-url-hash=\"1306406870\" \/><\/strong><strong>Tel. 050 5355 557<\/strong><strong><img decoding=\"async\" src=\"https:\/\/www.kuuloasi.fi\/WebRoot\/vilkasfi03\/Shops\/2017112003\/MediaGallery\/logo.png\" alt=\"kuulonsuojaimet\" data-pagespeed-url-hash=\"3230622059\" \/><\/strong><\/p>\n<p>&nbsp;<\/p>\n<p>&nbsp;<\/p>\n<p>The locations of our partners:<\/p>\n<p>Vantaa, Espoo, Lohja, Tampere, Pori, Sein\u00e4joki.<\/p>","protected":false},"excerpt":{"rendered":"<p>This product cannot be sold online as it requires on-site modelling. Please book an appointment for a modeling session with our partners on the number below:<\/p>\n<p><strong>Tel. 050 5355 557<\/strong><\/p>","protected":false},"featured_media":813,"comment_status":"closed","ping_status":"closed","template":"","meta":{"_acf_changed":false},"product_brand":[],"product_cat":[23],"product_tag":[121,120],"class_list":{"0":"post-812","1":"product","2":"type-product","3":"status-publish","4":"has-post-thumbnail","6":"product_cat-kuulonsuojaus","7":"product_tag-korvatulppa","8":"product_tag-kuulonsuojaus","10":"first","11":"instock","12":"taxable","13":"shipping-taxable","14":"product-type-external"},"acf":[],"yoast_head":"<!-- This site is optimized with the Yoast SEO plugin v27.4 - https:\/\/yoast.com\/product\/yoast-seo-wordpress\/ -->\n<title>Yksil\u00f6lliset kuulosuojaimet lentokoneeseen - kuuloasi.fi<\/title>\n<meta name=\"robots\" content=\"index, follow, max-snippet:-1, max-image-preview:large, max-video-preview:-1\" \/>\n<link rel=\"canonical\" href=\"https:\/\/kuuloasi.fi\/en\/product\/yksilolliset-kuulosuojaimet-lentokoneeseen\/\" \/>\n<meta property=\"og:locale\" content=\"en_GB\" \/>\n<meta property=\"og:type\" content=\"article\" \/>\n<meta property=\"og:title\" content=\"Yksil\u00f6lliset kuulosuojaimet lentokoneeseen - kuuloasi.fi\" \/>\n<meta property=\"og:description\" content=\"T\u00e4t\u00e4 tuotetta emme voi myyd\u00e4 verkossa sill\u00e4 se vaatii mallinoton paikanp\u00e4\u00e4ll\u00e4. Varaa aika mallinottoon yhteisty\u00f6kumppaneillemme numerosta:  Puh. 050 5355 557\" \/>\n<meta property=\"og:url\" content=\"https:\/\/kuuloasi.fi\/en\/product\/yksilolliset-kuulosuojaimet-lentokoneeseen\/\" \/>\n<meta property=\"og:site_name\" content=\"kuuloasi.fi\" \/>\n<meta property=\"article:modified_time\" content=\"2026-01-14T18:26:03+00:00\" \/>\n<meta property=\"og:image\" content=\"https:\/\/kuuloasi.fi\/wp-content\/uploads\/2025\/12\/165-19_ab40da_skycomfort_conchaform.png\" \/>\n\t<meta property=\"og:image:width\" content=\"640\" \/>\n\t<meta property=\"og:image:height\" content=\"360\" \/>\n\t<meta property=\"og:image:type\" content=\"image\/png\" \/>\n<meta name=\"twitter:card\" content=\"summary_large_image\" \/>\n<meta name=\"twitter:label1\" content=\"Estimated reading time\" \/>\n\t<meta name=\"twitter:data1\" content=\"1 minute\" \/>\n<script type=\"application\/ld+json\" class=\"yoast-schema-graph\">{\"@context\":\"https:\\\/\\\/schema.org\",\"@graph\":[{\"@type\":\"WebPage\",\"@id\":\"https:\\\/\\\/kuuloasi.fi\\\/tuote\\\/yksilolliset-kuulosuojaimet-lentokoneeseen\\\/\",\"url\":\"https:\\\/\\\/kuuloasi.fi\\\/tuote\\\/yksilolliset-kuulosuojaimet-lentokoneeseen\\\/\",\"name\":\"Yksil\u00f6lliset kuulosuojaimet lentokoneeseen - kuuloasi.fi\",\"isPartOf\":{\"@id\":\"https:\\\/\\\/kuuloasi.fi\\\/#website\"},\"primaryImageOfPage\":{\"@id\":\"https:\\\/\\\/kuuloasi.fi\\\/tuote\\\/yksilolliset-kuulosuojaimet-lentokoneeseen\\\/#primaryimage\"},\"image\":{\"@id\":\"https:\\\/\\\/kuuloasi.fi\\\/tuote\\\/yksilolliset-kuulosuojaimet-lentokoneeseen\\\/#primaryimage\"},\"thumbnailUrl\":\"https:\\\/\\\/kuuloasi.fi\\\/wp-content\\\/uploads\\\/2025\\\/12\\\/165-19_ab40da_skycomfort_conchaform.png\",\"datePublished\":\"2025-12-04T11:17:50+00:00\",\"dateModified\":\"2026-01-14T18:26:03+00:00\",\"breadcrumb\":{\"@id\":\"https:\\\/\\\/kuuloasi.fi\\\/tuote\\\/yksilolliset-kuulosuojaimet-lentokoneeseen\\\/#breadcrumb\"},\"inLanguage\":\"en-GB\",\"potentialAction\":[{\"@type\":\"ReadAction\",\"target\":[\"https:\\\/\\\/kuuloasi.fi\\\/tuote\\\/yksilolliset-kuulosuojaimet-lentokoneeseen\\\/\"]}]},{\"@type\":\"ImageObject\",\"inLanguage\":\"en-GB\",\"@id\":\"https:\\\/\\\/kuuloasi.fi\\\/tuote\\\/yksilolliset-kuulosuojaimet-lentokoneeseen\\\/#primaryimage\",\"url\":\"https:\\\/\\\/kuuloasi.fi\\\/wp-content\\\/uploads\\\/2025\\\/12\\\/165-19_ab40da_skycomfort_conchaform.png\",\"contentUrl\":\"https:\\\/\\\/kuuloasi.fi\\\/wp-content\\\/uploads\\\/2025\\\/12\\\/165-19_ab40da_skycomfort_conchaform.png\",\"width\":640,\"height\":360},{\"@type\":\"BreadcrumbList\",\"@id\":\"https:\\\/\\\/kuuloasi.fi\\\/tuote\\\/yksilolliset-kuulosuojaimet-lentokoneeseen\\\/#breadcrumb\",\"itemListElement\":[{\"@type\":\"ListItem\",\"position\":1,\"name\":\"Etusivu\",\"item\":\"https:\\\/\\\/kuuloasi.fi\\\/\"},{\"@type\":\"ListItem\",\"position\":2,\"name\":\"Kauppa\",\"item\":\"https:\\\/\\\/kuuloasi.fi\\\/kauppa\\\/\"},{\"@type\":\"ListItem\",\"position\":3,\"name\":\"Yksil\u00f6lliset kuulosuojaimet lentokoneeseen\"}]},{\"@type\":\"WebSite\",\"@id\":\"https:\\\/\\\/kuuloasi.fi\\\/#website\",\"url\":\"https:\\\/\\\/kuuloasi.fi\\\/\",\"name\":\"kuuloasi.fi\",\"description\":\"\",\"potentialAction\":[{\"@type\":\"SearchAction\",\"target\":{\"@type\":\"EntryPoint\",\"urlTemplate\":\"https:\\\/\\\/kuuloasi.fi\\\/?s={search_term_string}\"},\"query-input\":{\"@type\":\"PropertyValueSpecification\",\"valueRequired\":true,\"valueName\":\"search_term_string\"}}],\"inLanguage\":\"en-GB\"}]}<\/script>\n<!-- \/ Yoast SEO plugin. -->","yoast_head_json":{"title":"Yksil\u00f6lliset kuulosuojaimet lentokoneeseen - kuuloasi.fi","robots":{"index":"index","follow":"follow","max-snippet":"max-snippet:-1","max-image-preview":"max-image-preview:large","max-video-preview":"max-video-preview:-1"},"canonical":"https:\/\/kuuloasi.fi\/en\/product\/yksilolliset-kuulosuojaimet-lentokoneeseen\/","og_locale":"en_GB","og_type":"article","og_title":"Yksil\u00f6lliset kuulosuojaimet lentokoneeseen - kuuloasi.fi","og_description":"T\u00e4t\u00e4 tuotetta emme voi myyd\u00e4 verkossa sill\u00e4 se vaatii mallinoton paikanp\u00e4\u00e4ll\u00e4. Varaa aika mallinottoon yhteisty\u00f6kumppaneillemme numerosta:  Puh. 050 5355 557","og_url":"https:\/\/kuuloasi.fi\/en\/product\/yksilolliset-kuulosuojaimet-lentokoneeseen\/","og_site_name":"kuuloasi.fi","article_modified_time":"2026-01-14T18:26:03+00:00","og_image":[{"width":640,"height":360,"url":"https:\/\/kuuloasi.fi\/wp-content\/uploads\/2025\/12\/165-19_ab40da_skycomfort_conchaform.png","type":"image\/png"}],"twitter_card":"summary_large_image","twitter_misc":{"Estimated reading time":"1 minute"},"schema":{"@context":"https:\/\/schema.org","@graph":[{"@type":"WebPage","@id":"https:\/\/kuuloasi.fi\/tuote\/yksilolliset-kuulosuojaimet-lentokoneeseen\/","url":"https:\/\/kuuloasi.fi\/tuote\/yksilolliset-kuulosuojaimet-lentokoneeseen\/","name":"Yksil\u00f6lliset kuulosuojaimet lentokoneeseen - kuuloasi.fi","isPartOf":{"@id":"https:\/\/kuuloasi.fi\/#website"},"primaryImageOfPage":{"@id":"https:\/\/kuuloasi.fi\/tuote\/yksilolliset-kuulosuojaimet-lentokoneeseen\/#primaryimage"},"image":{"@id":"https:\/\/kuuloasi.fi\/tuote\/yksilolliset-kuulosuojaimet-lentokoneeseen\/#primaryimage"},"thumbnailUrl":"https:\/\/kuuloasi.fi\/wp-content\/uploads\/2025\/12\/165-19_ab40da_skycomfort_conchaform.png","datePublished":"2025-12-04T11:17:50+00:00","dateModified":"2026-01-14T18:26:03+00:00","breadcrumb":{"@id":"https:\/\/kuuloasi.fi\/tuote\/yksilolliset-kuulosuojaimet-lentokoneeseen\/#breadcrumb"},"inLanguage":"en-GB","potentialAction":[{"@type":"ReadAction","target":["https:\/\/kuuloasi.fi\/tuote\/yksilolliset-kuulosuojaimet-lentokoneeseen\/"]}]},{"@type":"ImageObject","inLanguage":"en-GB","@id":"https:\/\/kuuloasi.fi\/tuote\/yksilolliset-kuulosuojaimet-lentokoneeseen\/#primaryimage","url":"https:\/\/kuuloasi.fi\/wp-content\/uploads\/2025\/12\/165-19_ab40da_skycomfort_conchaform.png","contentUrl":"https:\/\/kuuloasi.fi\/wp-content\/uploads\/2025\/12\/165-19_ab40da_skycomfort_conchaform.png","width":640,"height":360},{"@type":"BreadcrumbList","@id":"https:\/\/kuuloasi.fi\/tuote\/yksilolliset-kuulosuojaimet-lentokoneeseen\/#breadcrumb","itemListElement":[{"@type":"ListItem","position":1,"name":"Etusivu","item":"https:\/\/kuuloasi.fi\/"},{"@type":"ListItem","position":2,"name":"Kauppa","item":"https:\/\/kuuloasi.fi\/kauppa\/"},{"@type":"ListItem","position":3,"name":"Yksil\u00f6lliset kuulosuojaimet lentokoneeseen"}]},{"@type":"WebSite","@id":"https:\/\/kuuloasi.fi\/#website","url":"https:\/\/kuuloasi.fi\/","name":"hearing.co.uk","description":"","potentialAction":[{"@type":"SearchAction","target":{"@type":"EntryPoint","urlTemplate":"https:\/\/kuuloasi.fi\/?s={search_term_string}"},"query-input":{"@type":"PropertyValueSpecification","valueRequired":true,"valueName":"search_term_string"}}],"inLanguage":"en-GB"}]}},"_links":{"self":[{"href":"https:\/\/kuuloasi.fi\/en\/wp-json\/wp\/v2\/product\/812","targetHints":{"allow":["GET"]}}],"collection":[{"href":"https:\/\/kuuloasi.fi\/en\/wp-json\/wp\/v2\/product"}],"about":[{"href":"https:\/\/kuuloasi.fi\/en\/wp-json\/wp\/v2\/types\/product"}],"replies":[{"embeddable":true,"href":"https:\/\/kuuloasi.fi\/en\/wp-json\/wp\/v2\/comments?post=812"}],"wp:featuredmedia":[{"embeddable":true,"href":"https:\/\/kuuloasi.fi\/en\/wp-json\/wp\/v2\/media\/813"}],"wp:attachment":[{"href":"https:\/\/kuuloasi.fi\/en\/wp-json\/wp\/v2\/media?parent=812"}],"wp:term":[{"taxonomy":"product_brand","embeddable":true,"href":"https:\/\/kuuloasi.fi\/en\/wp-json\/wp\/v2\/product_brand?post=812"},{"taxonomy":"product_cat","embeddable":true,"href":"https:\/\/kuuloasi.fi\/en\/wp-json\/wp\/v2\/product_cat?post=812"},{"taxonomy":"product_tag","embeddable":true,"href":"https:\/\/kuuloasi.fi\/en\/wp-json\/wp\/v2\/product_tag?post=812"}],"curies":[{"name":"wp","href":"https:\/\/api.w.org\/{rel}","templated":true}]}}