{"id":803,"date":"2025-12-04T11:13:40","date_gmt":"2025-12-04T11:13:40","guid":{"rendered":"https:\/\/kuuloasi.fi\/?post_type=product&#038;p=803"},"modified":"2026-01-14T18:25:35","modified_gmt":"2026-01-14T18:25:35","slug":"yksilolliset-kuulosuojaimet-teollisuuteen","status":"publish","type":"product","link":"https:\/\/kuuloasi.fi\/en\/product\/yksilolliset-kuulosuojaimet-teollisuuteen\/","title":{"rendered":"Individual hearing protectors for industry"},"content":{"rendered":"<p>At work, we are usually exposed to a variety of sounds that can damage our hearing in the long term. If the average continuous noise level of 80 dB is exceeded, employers must provide workers with suitable noise protection. With our professional hearing protectors, we offer you the best solution to minimise and avoid possible discomfort such as tinnitus, stress, high blood pressure or headaches.<\/p>\n<p>&nbsp;<\/p>\n<p>Hearing protectors protect you from noise and therefore from serious hearing damage. They are particularly suitable for noisy working environments and motorcycling, for example. The soft and flexible hearing protectors are custom-made to fit the wearer perfectly. You can choose the colour of your choice from a wide range of options. The hearing protectors are available in two different materials; acrylic, which is hard and rigid in the ear, and silicone, which is a soft and flexible material. Silicone is very comfortable to wear due to its flexibility.<\/p>\n<p>&nbsp;<\/p>\n<p>The hearing protectors include one set of Dm brand filters. The attenuation options for the filters are 15dB, 20dB or 25dB. The table below shows the attenuation levels for the 20dB and 25dB filters. These two filters are recommended for industrial applications. As an option, the hearing protectors are also available separately with interchangeable filters and headphones or neckband to attach to the protectors.<\/p>\n<p><img decoding=\"async\" src=\"https:\/\/www.kuuloasi.fi\/WebRoot\/vilkasfi03\/Shops\/2017112003\/MediaGallery\/Melusuoja_kaeyraet.png\" alt=\"yksil\u00f6lliset melusuojat\" data-pagespeed-url-hash=\"4237233639\" \/><\/p>\n<p>&nbsp;<\/p>\n<p>You can get these great hearing protectors for \u20ac250. The delivery time is about 3-4 weeks. Book an appointment with one of our partners and ask for more information!<\/p>\n<p>&nbsp;<\/p>\n<p><strong><img decoding=\"async\" src=\"https:\/\/www.kuuloasi.fi\/WebRoot\/vilkasfi03\/Shops\/2017112003\/MediaGallery\/kuulostudio_logo.png\" alt=\"melusuojat\" data-pagespeed-url-hash=\"2628586393\" \/><\/strong><strong>Tel. 050 5355 557<\/strong><strong><img decoding=\"async\" src=\"https:\/\/www.kuuloasi.fi\/WebRoot\/vilkasfi03\/Shops\/2017112003\/MediaGallery\/logo.png\" alt=\"Melusuojat\" data-pagespeed-url-hash=\"4041192030\" \/><\/strong><\/p>\n<p>&nbsp;<\/p>\n<p>&nbsp;<\/p>\n<p>The locations of our partners:<\/p>\n<p>Vantaa, Espoo, Lohja, Tampere, Pori, Sein\u00e4joki.<\/p>","protected":false},"excerpt":{"rendered":"<p>This product cannot be sold online as it requires on-site modelling. Please book an appointment for a modeling session with our partners on the number below:<\/p>\n<p><strong>Tel. 050 5355 557<\/strong><\/p>","protected":false},"featured_media":804,"comment_status":"closed","ping_status":"closed","template":"","meta":{"_acf_changed":false},"product_brand":[],"product_cat":[23],"product_tag":[121,120],"class_list":{"0":"post-803","1":"product","2":"type-product","3":"status-publish","4":"has-post-thumbnail","6":"product_cat-kuulonsuojaus","7":"product_tag-korvatulppa","8":"product_tag-kuulonsuojaus","10":"first","11":"instock","12":"taxable","13":"shipping-taxable","14":"product-type-external"},"acf":[],"yoast_head":"<!-- This site is optimized with the Yoast SEO plugin v27.4 - https:\/\/yoast.com\/product\/yoast-seo-wordpress\/ -->\n<title>Yksil\u00f6lliset kuulosuojaimet teollisuuteen - kuuloasi.fi<\/title>\n<meta name=\"robots\" content=\"index, follow, max-snippet:-1, max-image-preview:large, max-video-preview:-1\" \/>\n<link rel=\"canonical\" href=\"https:\/\/kuuloasi.fi\/en\/product\/yksilolliset-kuulosuojaimet-teollisuuteen\/\" \/>\n<meta property=\"og:locale\" content=\"en_GB\" \/>\n<meta property=\"og:type\" content=\"article\" \/>\n<meta property=\"og:title\" content=\"Yksil\u00f6lliset kuulosuojaimet teollisuuteen - kuuloasi.fi\" \/>\n<meta property=\"og:description\" content=\"T\u00e4t\u00e4 tuotetta emme voi myyd\u00e4 verkossa sill\u00e4 se vaatii mallinoton paikanp\u00e4\u00e4ll\u00e4. Varaa aika mallinottoon yhteisty\u00f6kumppaneillemme numerosta:  Puh. 050 5355 557\" \/>\n<meta property=\"og:url\" content=\"https:\/\/kuuloasi.fi\/en\/product\/yksilolliset-kuulosuojaimet-teollisuuteen\/\" \/>\n<meta property=\"og:site_name\" content=\"kuuloasi.fi\" \/>\n<meta property=\"article:modified_time\" content=\"2026-01-14T18:25:35+00:00\" \/>\n<meta property=\"og:image\" content=\"https:\/\/kuuloasi.fi\/wp-content\/uploads\/2025\/12\/biopor_ab_x_track_conchaform_mit_griff_schwarz.png\" \/>\n\t<meta property=\"og:image:width\" content=\"1000\" \/>\n\t<meta property=\"og:image:height\" content=\"1000\" \/>\n\t<meta property=\"og:image:type\" content=\"image\/png\" \/>\n<meta name=\"twitter:card\" content=\"summary_large_image\" \/>\n<meta name=\"twitter:label1\" content=\"Estimated reading time\" \/>\n\t<meta name=\"twitter:data1\" content=\"1 minute\" \/>\n<script type=\"application\/ld+json\" class=\"yoast-schema-graph\">{\"@context\":\"https:\\\/\\\/schema.org\",\"@graph\":[{\"@type\":\"WebPage\",\"@id\":\"https:\\\/\\\/kuuloasi.fi\\\/tuote\\\/yksilolliset-kuulosuojaimet-teollisuuteen\\\/\",\"url\":\"https:\\\/\\\/kuuloasi.fi\\\/tuote\\\/yksilolliset-kuulosuojaimet-teollisuuteen\\\/\",\"name\":\"Yksil\u00f6lliset kuulosuojaimet teollisuuteen - kuuloasi.fi\",\"isPartOf\":{\"@id\":\"https:\\\/\\\/kuuloasi.fi\\\/#website\"},\"primaryImageOfPage\":{\"@id\":\"https:\\\/\\\/kuuloasi.fi\\\/tuote\\\/yksilolliset-kuulosuojaimet-teollisuuteen\\\/#primaryimage\"},\"image\":{\"@id\":\"https:\\\/\\\/kuuloasi.fi\\\/tuote\\\/yksilolliset-kuulosuojaimet-teollisuuteen\\\/#primaryimage\"},\"thumbnailUrl\":\"https:\\\/\\\/kuuloasi.fi\\\/wp-content\\\/uploads\\\/2025\\\/12\\\/biopor_ab_x_track_conchaform_mit_griff_schwarz.png\",\"datePublished\":\"2025-12-04T11:13:40+00:00\",\"dateModified\":\"2026-01-14T18:25:35+00:00\",\"breadcrumb\":{\"@id\":\"https:\\\/\\\/kuuloasi.fi\\\/tuote\\\/yksilolliset-kuulosuojaimet-teollisuuteen\\\/#breadcrumb\"},\"inLanguage\":\"en-GB\",\"potentialAction\":[{\"@type\":\"ReadAction\",\"target\":[\"https:\\\/\\\/kuuloasi.fi\\\/tuote\\\/yksilolliset-kuulosuojaimet-teollisuuteen\\\/\"]}]},{\"@type\":\"ImageObject\",\"inLanguage\":\"en-GB\",\"@id\":\"https:\\\/\\\/kuuloasi.fi\\\/tuote\\\/yksilolliset-kuulosuojaimet-teollisuuteen\\\/#primaryimage\",\"url\":\"https:\\\/\\\/kuuloasi.fi\\\/wp-content\\\/uploads\\\/2025\\\/12\\\/biopor_ab_x_track_conchaform_mit_griff_schwarz.png\",\"contentUrl\":\"https:\\\/\\\/kuuloasi.fi\\\/wp-content\\\/uploads\\\/2025\\\/12\\\/biopor_ab_x_track_conchaform_mit_griff_schwarz.png\",\"width\":1000,\"height\":1000,\"caption\":\"Kuulosuojaimet ja korvatulpat\"},{\"@type\":\"BreadcrumbList\",\"@id\":\"https:\\\/\\\/kuuloasi.fi\\\/tuote\\\/yksilolliset-kuulosuojaimet-teollisuuteen\\\/#breadcrumb\",\"itemListElement\":[{\"@type\":\"ListItem\",\"position\":1,\"name\":\"Etusivu\",\"item\":\"https:\\\/\\\/kuuloasi.fi\\\/\"},{\"@type\":\"ListItem\",\"position\":2,\"name\":\"Kauppa\",\"item\":\"https:\\\/\\\/kuuloasi.fi\\\/kauppa\\\/\"},{\"@type\":\"ListItem\",\"position\":3,\"name\":\"Yksil\u00f6lliset kuulosuojaimet teollisuuteen\"}]},{\"@type\":\"WebSite\",\"@id\":\"https:\\\/\\\/kuuloasi.fi\\\/#website\",\"url\":\"https:\\\/\\\/kuuloasi.fi\\\/\",\"name\":\"kuuloasi.fi\",\"description\":\"\",\"potentialAction\":[{\"@type\":\"SearchAction\",\"target\":{\"@type\":\"EntryPoint\",\"urlTemplate\":\"https:\\\/\\\/kuuloasi.fi\\\/?s={search_term_string}\"},\"query-input\":{\"@type\":\"PropertyValueSpecification\",\"valueRequired\":true,\"valueName\":\"search_term_string\"}}],\"inLanguage\":\"en-GB\"}]}<\/script>\n<!-- \/ Yoast SEO plugin. -->","yoast_head_json":{"title":"Yksil\u00f6lliset kuulosuojaimet teollisuuteen - kuuloasi.fi","robots":{"index":"index","follow":"follow","max-snippet":"max-snippet:-1","max-image-preview":"max-image-preview:large","max-video-preview":"max-video-preview:-1"},"canonical":"https:\/\/kuuloasi.fi\/en\/product\/yksilolliset-kuulosuojaimet-teollisuuteen\/","og_locale":"en_GB","og_type":"article","og_title":"Yksil\u00f6lliset kuulosuojaimet teollisuuteen - kuuloasi.fi","og_description":"T\u00e4t\u00e4 tuotetta emme voi myyd\u00e4 verkossa sill\u00e4 se vaatii mallinoton paikanp\u00e4\u00e4ll\u00e4. Varaa aika mallinottoon yhteisty\u00f6kumppaneillemme numerosta:  Puh. 050 5355 557","og_url":"https:\/\/kuuloasi.fi\/en\/product\/yksilolliset-kuulosuojaimet-teollisuuteen\/","og_site_name":"kuuloasi.fi","article_modified_time":"2026-01-14T18:25:35+00:00","og_image":[{"width":1000,"height":1000,"url":"https:\/\/kuuloasi.fi\/wp-content\/uploads\/2025\/12\/biopor_ab_x_track_conchaform_mit_griff_schwarz.png","type":"image\/png"}],"twitter_card":"summary_large_image","twitter_misc":{"Estimated reading time":"1 minute"},"schema":{"@context":"https:\/\/schema.org","@graph":[{"@type":"WebPage","@id":"https:\/\/kuuloasi.fi\/tuote\/yksilolliset-kuulosuojaimet-teollisuuteen\/","url":"https:\/\/kuuloasi.fi\/tuote\/yksilolliset-kuulosuojaimet-teollisuuteen\/","name":"Yksil\u00f6lliset kuulosuojaimet teollisuuteen - kuuloasi.fi","isPartOf":{"@id":"https:\/\/kuuloasi.fi\/#website"},"primaryImageOfPage":{"@id":"https:\/\/kuuloasi.fi\/tuote\/yksilolliset-kuulosuojaimet-teollisuuteen\/#primaryimage"},"image":{"@id":"https:\/\/kuuloasi.fi\/tuote\/yksilolliset-kuulosuojaimet-teollisuuteen\/#primaryimage"},"thumbnailUrl":"https:\/\/kuuloasi.fi\/wp-content\/uploads\/2025\/12\/biopor_ab_x_track_conchaform_mit_griff_schwarz.png","datePublished":"2025-12-04T11:13:40+00:00","dateModified":"2026-01-14T18:25:35+00:00","breadcrumb":{"@id":"https:\/\/kuuloasi.fi\/tuote\/yksilolliset-kuulosuojaimet-teollisuuteen\/#breadcrumb"},"inLanguage":"en-GB","potentialAction":[{"@type":"ReadAction","target":["https:\/\/kuuloasi.fi\/tuote\/yksilolliset-kuulosuojaimet-teollisuuteen\/"]}]},{"@type":"ImageObject","inLanguage":"en-GB","@id":"https:\/\/kuuloasi.fi\/tuote\/yksilolliset-kuulosuojaimet-teollisuuteen\/#primaryimage","url":"https:\/\/kuuloasi.fi\/wp-content\/uploads\/2025\/12\/biopor_ab_x_track_conchaform_mit_griff_schwarz.png","contentUrl":"https:\/\/kuuloasi.fi\/wp-content\/uploads\/2025\/12\/biopor_ab_x_track_conchaform_mit_griff_schwarz.png","width":1000,"height":1000,"caption":"Kuulosuojaimet ja korvatulpat"},{"@type":"BreadcrumbList","@id":"https:\/\/kuuloasi.fi\/tuote\/yksilolliset-kuulosuojaimet-teollisuuteen\/#breadcrumb","itemListElement":[{"@type":"ListItem","position":1,"name":"Etusivu","item":"https:\/\/kuuloasi.fi\/"},{"@type":"ListItem","position":2,"name":"Kauppa","item":"https:\/\/kuuloasi.fi\/kauppa\/"},{"@type":"ListItem","position":3,"name":"Yksil\u00f6lliset kuulosuojaimet teollisuuteen"}]},{"@type":"WebSite","@id":"https:\/\/kuuloasi.fi\/#website","url":"https:\/\/kuuloasi.fi\/","name":"hearing.co.uk","description":"","potentialAction":[{"@type":"SearchAction","target":{"@type":"EntryPoint","urlTemplate":"https:\/\/kuuloasi.fi\/?s={search_term_string}"},"query-input":{"@type":"PropertyValueSpecification","valueRequired":true,"valueName":"search_term_string"}}],"inLanguage":"en-GB"}]}},"_links":{"self":[{"href":"https:\/\/kuuloasi.fi\/en\/wp-json\/wp\/v2\/product\/803","targetHints":{"allow":["GET"]}}],"collection":[{"href":"https:\/\/kuuloasi.fi\/en\/wp-json\/wp\/v2\/product"}],"about":[{"href":"https:\/\/kuuloasi.fi\/en\/wp-json\/wp\/v2\/types\/product"}],"replies":[{"embeddable":true,"href":"https:\/\/kuuloasi.fi\/en\/wp-json\/wp\/v2\/comments?post=803"}],"wp:featuredmedia":[{"embeddable":true,"href":"https:\/\/kuuloasi.fi\/en\/wp-json\/wp\/v2\/media\/804"}],"wp:attachment":[{"href":"https:\/\/kuuloasi.fi\/en\/wp-json\/wp\/v2\/media?parent=803"}],"wp:term":[{"taxonomy":"product_brand","embeddable":true,"href":"https:\/\/kuuloasi.fi\/en\/wp-json\/wp\/v2\/product_brand?post=803"},{"taxonomy":"product_cat","embeddable":true,"href":"https:\/\/kuuloasi.fi\/en\/wp-json\/wp\/v2\/product_cat?post=803"},{"taxonomy":"product_tag","embeddable":true,"href":"https:\/\/kuuloasi.fi\/en\/wp-json\/wp\/v2\/product_tag?post=803"}],"curies":[{"name":"wp","href":"https:\/\/api.w.org\/{rel}","templated":true}]}}