{"id":796,"date":"2025-12-04T09:34:27","date_gmt":"2025-12-04T09:34:27","guid":{"rendered":"https:\/\/kuuloasi.fi\/?post_type=product&#038;p=796"},"modified":"2026-03-24T09:20:43","modified_gmt":"2026-03-24T09:20:43","slug":"widex-sleeve-power-tippi","status":"publish","type":"product","link":"https:\/\/kuuloasi.fi\/en\/product\/widex-sleeve-power-tippi\/","title":{"rendered":"Widex Sleeve power dome"},"content":{"rendered":"<p><strong>Why choose Widex Sleeve Power Drip?<\/strong><\/p>\n<p><strong>- Improved sound quality:<\/strong>\u00a0Sleeve Power drops use the latest technology to ensure the purity and clarity of your voice. Every sound wave is transmitted crystal clear to your ears so you don't miss a single detail.<\/p>\n<p><strong>- Efficient Performance:<\/strong>\u00a0Widex is renowned for its quality, and the Sleeve Power drip is no exception. It lasts a long time and delivers consistent performance in demanding situations.<\/p>\n<p><strong>- Comfort in daily use:<\/strong>\u00a0Easy to fit and use, this hearing aid gives you the feeling that the headphones are not even in your ears. Say goodbye to discomfort!<\/p>\n<p>&nbsp;<\/p>\n<p><strong>Instructions for use Widex Sleeve Power tip<\/strong><\/p>\n<p>1. Wash your hands thoroughly before use.<br \/>\n2. Remove the old drop from your hearing aid.<br \/>\n3. Choose the right size Sleeve Power Tip to fit your ear canal.<br \/>\n4. Gently push the Sleeve Power tip into the tip of your headset.<br \/>\n5. Press it into place, making sure it fits snugly.<br \/>\n6. Check that your hearing aid is on and ready to give you the best listening experience.<\/p>\n<p>&nbsp;<\/p>\n<p>Order your own Widex Sleeve Power Drip in our online store and hear the world in a new way. Quality, performance and comfort - all in one package. Try it today and make your hearing better than ever!<\/p>\n<p>&nbsp;<\/p>\n<p>The products are sold in packs of 10.<\/p>","protected":false},"excerpt":{"rendered":"<p><strong>Widex Sleeve Power Drip - Performance and Comfort Combined<\/strong><\/p>\n<p>The Widex Sleeve Power Tip is designed to give you top sound quality and comfort. This innovative hearing accessory is the solution that makes your hearing experience effortless and enjoyable.<\/p>","protected":false},"featured_media":801,"comment_status":"closed","ping_status":"closed","template":"","meta":{"_acf_changed":false},"product_brand":[],"product_cat":[22,73],"product_tag":[77,116],"class_list":{"0":"post-796","1":"product","2":"type-product","3":"status-publish","4":"has-post-thumbnail","6":"product_cat-varaosat","7":"product_cat-widex","8":"product_tag-tippi","9":"product_tag-widex","11":"first","12":"instock","13":"taxable","14":"shipping-taxable","15":"purchasable","16":"product-type-variable"},"acf":[],"yoast_head":"<!-- This site is optimized with the Yoast SEO plugin v27.4 - https:\/\/yoast.com\/product\/yoast-seo-wordpress\/ -->\n<title>Widex Sleeve power tippi - kuuloasi.fi<\/title>\n<meta name=\"robots\" content=\"index, follow, max-snippet:-1, max-image-preview:large, max-video-preview:-1\" \/>\n<link rel=\"canonical\" href=\"https:\/\/kuuloasi.fi\/en\/product\/widex-sleeve-power-tippi\/\" \/>\n<meta property=\"og:locale\" content=\"en_GB\" \/>\n<meta property=\"og:type\" content=\"article\" \/>\n<meta property=\"og:title\" content=\"Widex Sleeve power tippi - kuuloasi.fi\" \/>\n<meta property=\"og:description\" content=\"Widex Sleeve Power tippi - Tehokkuus ja Mukavuus Yhdistettyn\u00e4  Widex Sleeve Power tippi on suunniteltu tarjoamaan sinulle huippuluokan \u00e4\u00e4nenlaatua ja k\u00e4ytt\u00f6mukavuutta. T\u00e4m\u00e4 innovatiivinen kuulotarvike on ratkaisu, joka tekee kuulemisestasi vaivatonta ja nautinnollista.\" \/>\n<meta property=\"og:url\" content=\"https:\/\/kuuloasi.fi\/en\/product\/widex-sleeve-power-tippi\/\" \/>\n<meta property=\"og:site_name\" content=\"kuuloasi.fi\" \/>\n<meta property=\"article:modified_time\" content=\"2026-03-24T09:20:43+00:00\" \/>\n<meta property=\"og:image\" content=\"https:\/\/kuuloasi.fi\/wp-content\/uploads\/2025\/12\/Widex_power_tippi.jpg\" \/>\n\t<meta property=\"og:image:width\" content=\"1000\" \/>\n\t<meta property=\"og:image:height\" content=\"1000\" \/>\n\t<meta property=\"og:image:type\" content=\"image\/jpeg\" \/>\n<meta name=\"twitter:card\" content=\"summary_large_image\" \/>\n<meta name=\"twitter:label1\" content=\"Estimated reading time\" \/>\n\t<meta name=\"twitter:data1\" content=\"1 minute\" \/>\n<script type=\"application\/ld+json\" class=\"yoast-schema-graph\">{\"@context\":\"https:\\\/\\\/schema.org\",\"@graph\":[{\"@type\":\"WebPage\",\"@id\":\"https:\\\/\\\/kuuloasi.fi\\\/tuote\\\/widex-sleeve-power-tippi\\\/\",\"url\":\"https:\\\/\\\/kuuloasi.fi\\\/tuote\\\/widex-sleeve-power-tippi\\\/\",\"name\":\"Widex Sleeve power tippi - kuuloasi.fi\",\"isPartOf\":{\"@id\":\"https:\\\/\\\/kuuloasi.fi\\\/#website\"},\"primaryImageOfPage\":{\"@id\":\"https:\\\/\\\/kuuloasi.fi\\\/tuote\\\/widex-sleeve-power-tippi\\\/#primaryimage\"},\"image\":{\"@id\":\"https:\\\/\\\/kuuloasi.fi\\\/tuote\\\/widex-sleeve-power-tippi\\\/#primaryimage\"},\"thumbnailUrl\":\"https:\\\/\\\/kuuloasi.fi\\\/wp-content\\\/uploads\\\/2025\\\/12\\\/Widex_power_tippi.jpg\",\"datePublished\":\"2025-12-04T09:34:27+00:00\",\"dateModified\":\"2026-03-24T09:20:43+00:00\",\"breadcrumb\":{\"@id\":\"https:\\\/\\\/kuuloasi.fi\\\/tuote\\\/widex-sleeve-power-tippi\\\/#breadcrumb\"},\"inLanguage\":\"en-GB\",\"potentialAction\":[{\"@type\":\"ReadAction\",\"target\":[\"https:\\\/\\\/kuuloasi.fi\\\/tuote\\\/widex-sleeve-power-tippi\\\/\"]}]},{\"@type\":\"ImageObject\",\"inLanguage\":\"en-GB\",\"@id\":\"https:\\\/\\\/kuuloasi.fi\\\/tuote\\\/widex-sleeve-power-tippi\\\/#primaryimage\",\"url\":\"https:\\\/\\\/kuuloasi.fi\\\/wp-content\\\/uploads\\\/2025\\\/12\\\/Widex_power_tippi.jpg\",\"contentUrl\":\"https:\\\/\\\/kuuloasi.fi\\\/wp-content\\\/uploads\\\/2025\\\/12\\\/Widex_power_tippi.jpg\",\"width\":1000,\"height\":1000},{\"@type\":\"BreadcrumbList\",\"@id\":\"https:\\\/\\\/kuuloasi.fi\\\/tuote\\\/widex-sleeve-power-tippi\\\/#breadcrumb\",\"itemListElement\":[{\"@type\":\"ListItem\",\"position\":1,\"name\":\"Etusivu\",\"item\":\"https:\\\/\\\/kuuloasi.fi\\\/\"},{\"@type\":\"ListItem\",\"position\":2,\"name\":\"Kauppa\",\"item\":\"https:\\\/\\\/kuuloasi.fi\\\/kauppa\\\/\"},{\"@type\":\"ListItem\",\"position\":3,\"name\":\"Widex Sleeve power tippi\"}]},{\"@type\":\"WebSite\",\"@id\":\"https:\\\/\\\/kuuloasi.fi\\\/#website\",\"url\":\"https:\\\/\\\/kuuloasi.fi\\\/\",\"name\":\"kuuloasi.fi\",\"description\":\"\",\"potentialAction\":[{\"@type\":\"SearchAction\",\"target\":{\"@type\":\"EntryPoint\",\"urlTemplate\":\"https:\\\/\\\/kuuloasi.fi\\\/?s={search_term_string}\"},\"query-input\":{\"@type\":\"PropertyValueSpecification\",\"valueRequired\":true,\"valueName\":\"search_term_string\"}}],\"inLanguage\":\"en-GB\"}]}<\/script>\n<!-- \/ Yoast SEO plugin. -->","yoast_head_json":{"title":"Widex Sleeve power tippi - kuuloasi.fi","robots":{"index":"index","follow":"follow","max-snippet":"max-snippet:-1","max-image-preview":"max-image-preview:large","max-video-preview":"max-video-preview:-1"},"canonical":"https:\/\/kuuloasi.fi\/en\/product\/widex-sleeve-power-tippi\/","og_locale":"en_GB","og_type":"article","og_title":"Widex Sleeve power tippi - kuuloasi.fi","og_description":"Widex Sleeve Power tippi - Tehokkuus ja Mukavuus Yhdistettyn\u00e4  Widex Sleeve Power tippi on suunniteltu tarjoamaan sinulle huippuluokan \u00e4\u00e4nenlaatua ja k\u00e4ytt\u00f6mukavuutta. T\u00e4m\u00e4 innovatiivinen kuulotarvike on ratkaisu, joka tekee kuulemisestasi vaivatonta ja nautinnollista.","og_url":"https:\/\/kuuloasi.fi\/en\/product\/widex-sleeve-power-tippi\/","og_site_name":"kuuloasi.fi","article_modified_time":"2026-03-24T09:20:43+00:00","og_image":[{"width":1000,"height":1000,"url":"https:\/\/kuuloasi.fi\/wp-content\/uploads\/2025\/12\/Widex_power_tippi.jpg","type":"image\/jpeg"}],"twitter_card":"summary_large_image","twitter_misc":{"Estimated reading time":"1 minute"},"schema":{"@context":"https:\/\/schema.org","@graph":[{"@type":"WebPage","@id":"https:\/\/kuuloasi.fi\/tuote\/widex-sleeve-power-tippi\/","url":"https:\/\/kuuloasi.fi\/tuote\/widex-sleeve-power-tippi\/","name":"Widex Sleeve power tippi - kuuloasi.fi","isPartOf":{"@id":"https:\/\/kuuloasi.fi\/#website"},"primaryImageOfPage":{"@id":"https:\/\/kuuloasi.fi\/tuote\/widex-sleeve-power-tippi\/#primaryimage"},"image":{"@id":"https:\/\/kuuloasi.fi\/tuote\/widex-sleeve-power-tippi\/#primaryimage"},"thumbnailUrl":"https:\/\/kuuloasi.fi\/wp-content\/uploads\/2025\/12\/Widex_power_tippi.jpg","datePublished":"2025-12-04T09:34:27+00:00","dateModified":"2026-03-24T09:20:43+00:00","breadcrumb":{"@id":"https:\/\/kuuloasi.fi\/tuote\/widex-sleeve-power-tippi\/#breadcrumb"},"inLanguage":"en-GB","potentialAction":[{"@type":"ReadAction","target":["https:\/\/kuuloasi.fi\/tuote\/widex-sleeve-power-tippi\/"]}]},{"@type":"ImageObject","inLanguage":"en-GB","@id":"https:\/\/kuuloasi.fi\/tuote\/widex-sleeve-power-tippi\/#primaryimage","url":"https:\/\/kuuloasi.fi\/wp-content\/uploads\/2025\/12\/Widex_power_tippi.jpg","contentUrl":"https:\/\/kuuloasi.fi\/wp-content\/uploads\/2025\/12\/Widex_power_tippi.jpg","width":1000,"height":1000},{"@type":"BreadcrumbList","@id":"https:\/\/kuuloasi.fi\/tuote\/widex-sleeve-power-tippi\/#breadcrumb","itemListElement":[{"@type":"ListItem","position":1,"name":"Etusivu","item":"https:\/\/kuuloasi.fi\/"},{"@type":"ListItem","position":2,"name":"Kauppa","item":"https:\/\/kuuloasi.fi\/kauppa\/"},{"@type":"ListItem","position":3,"name":"Widex Sleeve power tippi"}]},{"@type":"WebSite","@id":"https:\/\/kuuloasi.fi\/#website","url":"https:\/\/kuuloasi.fi\/","name":"hearing.co.uk","description":"","potentialAction":[{"@type":"SearchAction","target":{"@type":"EntryPoint","urlTemplate":"https:\/\/kuuloasi.fi\/?s={search_term_string}"},"query-input":{"@type":"PropertyValueSpecification","valueRequired":true,"valueName":"search_term_string"}}],"inLanguage":"en-GB"}]}},"_links":{"self":[{"href":"https:\/\/kuuloasi.fi\/en\/wp-json\/wp\/v2\/product\/796","targetHints":{"allow":["GET"]}}],"collection":[{"href":"https:\/\/kuuloasi.fi\/en\/wp-json\/wp\/v2\/product"}],"about":[{"href":"https:\/\/kuuloasi.fi\/en\/wp-json\/wp\/v2\/types\/product"}],"replies":[{"embeddable":true,"href":"https:\/\/kuuloasi.fi\/en\/wp-json\/wp\/v2\/comments?post=796"}],"wp:featuredmedia":[{"embeddable":true,"href":"https:\/\/kuuloasi.fi\/en\/wp-json\/wp\/v2\/media\/801"}],"wp:attachment":[{"href":"https:\/\/kuuloasi.fi\/en\/wp-json\/wp\/v2\/media?parent=796"}],"wp:term":[{"taxonomy":"product_brand","embeddable":true,"href":"https:\/\/kuuloasi.fi\/en\/wp-json\/wp\/v2\/product_brand?post=796"},{"taxonomy":"product_cat","embeddable":true,"href":"https:\/\/kuuloasi.fi\/en\/wp-json\/wp\/v2\/product_cat?post=796"},{"taxonomy":"product_tag","embeddable":true,"href":"https:\/\/kuuloasi.fi\/en\/wp-json\/wp\/v2\/product_tag?post=796"}],"curies":[{"name":"wp","href":"https:\/\/api.w.org\/{rel}","templated":true}]}}