{"id":778,"date":"2025-12-04T09:31:47","date_gmt":"2025-12-04T09:31:47","guid":{"rendered":"https:\/\/kuuloasi.fi\/?post_type=product&#038;p=778"},"modified":"2026-04-06T10:38:23","modified_gmt":"2026-04-06T10:38:23","slug":"widex-sleeve-vented-tippi","status":"publish","type":"product","link":"https:\/\/kuuloasi.fi\/en\/product\/widex-sleeve-vented-tippi\/","title":{"rendered":"Widex sleeve vented dome"},"content":{"rendered":"<p><iframe title=\"Hearing aid tip replacement\" width=\"800\" height=\"450\" src=\"https:\/\/www.youtube.com\/embed\/9MKWhWD0MN4?feature=oembed\" frameborder=\"0\" allow=\"accelerometer; autoplay; clipboard-write; encrypted-media; gyroscope; picture-in-picture; web-share\" referrerpolicy=\"strict-origin-when-cross-origin\" allowfullscreen><\/iframe><\/p>\n<p data-end=\"927\" data-start=\"771\">This tip is suitable for\u00a0<strong data-end=\"812\" data-start=\"788\">Widex hearing aids<\/strong>, which use\u00a0<strong data-end=\"855\" data-start=\"831\">Sleeve-type adaptor<\/strong>, and is easy to attach and detach from the headset without tools.<\/p>\n<h2 tabindex=\"0\" data-end=\"974\" data-start=\"929\"><strong data-end=\"974\" data-start=\"932\">Why choose Widex Sleeve Vented Drip<\/strong><\/h2>\n<p data-end=\"1180\" data-start=\"976\"><strong data-end=\"1010\" data-start=\"976\">1. Natural and clear sound<\/strong><br data-end=\"1013\" data-start=\"1010\" \/>The vented design reduces the feeling of a closed ear and ensures a clearer, more open sound quality. This makes listening comfortable for both speech and music.<\/p>\n<p data-end=\"1423\" data-start=\"1182\"><strong data-end=\"1215\" data-start=\"1182\">2. Excellent user-friendliness<\/strong><br data-end=\"1218\" data-start=\"1215\" \/>The soft, skin-friendly material moulds to the shape of the ear canal and stays firmly in place all day long. The tip is lightweight and breathable, so it won't cause pressure or irritation in the ear.<\/p>\n<p data-end=\"1720\" data-start=\"1425\"><strong data-end=\"1464\" data-start=\"1425\">3. Long life and easy maintenance<\/strong><br data-end=\"1467\" data-start=\"1464\" \/>The Widex Sleeve Vented drip is made of a durable silicone material that retains its shape and tightness for a long time. The tips can be cleaned regularly and replaced with new ones if necessary to keep the sound quality of your hearing aid at its best.<\/p>\n<h2 tabindex=\"0\" data-end=\"1750\" data-start=\"1722\"><strong data-end=\"1750\" data-start=\"1725\">Sizes and selection guidelines<\/strong><\/h2>\n<p data-end=\"1892\" data-start=\"1752\">Widex Sleeve Vented tees are available in\u00a0<strong data-end=\"1814\" data-start=\"1795\">four different sizes<\/strong>\u00a0- XS, S, M and L - so you can find the one that fits you best.<\/p>\n<ul data-end=\"2052\" data-start=\"1893\">\n<li data-end=\"1937\" data-start=\"1893\">\n<p data-end=\"1937\" data-start=\"1895\"><strong data-end=\"1901\" data-start=\"1895\">XS<\/strong>\u00a0- for a very narrow ear canal<\/p>\n<\/li>\n<li data-end=\"1972\" data-start=\"1938\">\n<p data-end=\"1972\" data-start=\"1940\"><strong data-end=\"1945\" data-start=\"1940\">S<\/strong>\u00a0- in the small ear canal<\/p>\n<\/li>\n<li data-end=\"2014\" data-start=\"1973\">\n<p data-end=\"2014\" data-start=\"1975\"><strong data-end=\"1980\" data-start=\"1975\">M<\/strong>\u00a0- in the middle ear canal<\/p>\n<\/li>\n<li data-end=\"2052\" data-start=\"2015\">\n<p data-end=\"2052\" data-start=\"2017\"><strong data-end=\"2022\" data-start=\"2017\">L<\/strong>\u00a0- a larger ear canal<\/p>\n<\/li>\n<\/ul>\n<p data-end=\"2182\" data-start=\"2054\">Select the appropriate size from the drop-down menu before ordering. The right size ensures the best possible sound quality and comfort of use. Sold in packs of 10.<\/p>\n<h2 tabindex=\"0\" data-end=\"2214\" data-start=\"2184\"><strong data-end=\"2214\" data-start=\"2187\">Easy replacement and maintenance<\/strong><\/h2>\n<p data-end=\"2260\" data-start=\"2216\">Changing the tip is quick and easy:<\/p>\n<ol data-end=\"2485\" data-start=\"2261\">\n<li data-end=\"2309\" data-start=\"2261\">\n<p data-end=\"2309\" data-start=\"2264\">Carefully remove the old drop from the hearing aid.<\/p>\n<\/li>\n<li data-end=\"2414\" data-start=\"2310\">\n<p data-end=\"2414\" data-start=\"2313\">Press new\u00a0<strong data-end=\"2353\" data-start=\"2324\">Widex Sleeve Vented tip<\/strong>\u00a0the hearing aid into the earpiece until it clicks into place.<\/p>\n<\/li>\n<li data-end=\"2485\" data-start=\"2415\">\n<p data-end=\"2485\" data-start=\"2418\">Check that the drop is firmly attached and clean before use.<\/p>\n<\/li>\n<\/ol>\n<p data-end=\"2611\" data-start=\"2487\">Regular replacement about every 1-2 months or as needed will keep your hearing aid sound clear and your device hygienic.<\/p>\n<h2 tabindex=\"0\" data-end=\"2657\" data-start=\"2613\"><strong data-end=\"2657\" data-start=\"2616\">Hear more - hear more naturally<\/strong><\/h2>\n<p data-end=\"2916\" data-start=\"2659\"><strong data-end=\"2688\" data-start=\"2659\">Widex Sleeve Vented tip<\/strong>\u00a0is the perfect choice for those who value natural sound quality, breathable construction and comfort. It makes hearing aid use more comfortable and helps maintain speech clarity in all situations.<\/p>\n<p data-end=\"3075\" data-start=\"2918\">Subscribe at\u00a0<strong data-end=\"2953\" data-start=\"2924\">Widex Sleeve Vented tip<\/strong>\u00a0Shop your hearing aids online today and experience the difference - more sound, less congestion and a perfect fit every day.<\/p>","protected":false},"excerpt":{"rendered":"<h2 tabindex=\"0\" data-end=\"406\" data-start=\"351\"><strong data-end=\"406\" data-start=\"354\">Comfortable and breathable fit for Widex hearing aids<\/strong><\/h2>\n<p data-end=\"769\" data-start=\"408\"><strong data-end=\"437\" data-start=\"408\">Widex Sleeve Vented tip<\/strong>\u00a0is a high-quality and innovative hearing aid accessory designed to provide the most natural and comfortable listening experience possible. The vented design allows air and sound to flow freely in the ear canal, making the sound more open and natural without the feeling of congestion.<\/p>","protected":false},"featured_media":795,"comment_status":"closed","ping_status":"closed","template":"","meta":{"_acf_changed":false},"product_brand":[],"product_cat":[22,73],"product_tag":[77,116],"class_list":{"0":"post-778","1":"product","2":"type-product","3":"status-publish","4":"has-post-thumbnail","6":"product_cat-varaosat","7":"product_cat-widex","8":"product_tag-tippi","9":"product_tag-widex","11":"first","12":"instock","13":"taxable","14":"shipping-taxable","15":"purchasable","16":"product-type-variable"},"acf":[],"yoast_head":"<!-- This site is optimized with the Yoast SEO plugin v27.4 - https:\/\/yoast.com\/product\/yoast-seo-wordpress\/ -->\n<title>Widex sleeve vented tippi - kuuloasi.fi<\/title>\n<meta name=\"robots\" content=\"index, follow, max-snippet:-1, max-image-preview:large, max-video-preview:-1\" \/>\n<link rel=\"canonical\" href=\"https:\/\/kuuloasi.fi\/en\/product\/widex-sleeve-vented-tippi\/\" \/>\n<meta property=\"og:locale\" content=\"en_GB\" \/>\n<meta property=\"og:type\" content=\"article\" \/>\n<meta property=\"og:title\" content=\"Widex sleeve vented tippi - kuuloasi.fi\" \/>\n<meta property=\"og:description\" content=\"Mukava ja hengitt\u00e4v\u00e4 sovite Widex-kuulokojeisiin Widex Sleeve Vented tippi\u00a0on korkealaatuinen ja innovatiivinen kuulokojeen lis\u00e4varuste, joka on suunniteltu tarjoamaan mahdollisimman luonnollinen ja miellytt\u00e4v\u00e4 kuuntelukokemus. Ilmastoitu (vented) rakenne mahdollistaa ilman ja \u00e4\u00e4nen vapaan virtauksen korvak\u00e4yt\u00e4v\u00e4ss\u00e4, jolloin \u00e4\u00e4ni kuulostaa avoimemmalta ja luonnollisemmalta ilman tukkoisuuden tunnetta.\" \/>\n<meta property=\"og:url\" content=\"https:\/\/kuuloasi.fi\/en\/product\/widex-sleeve-vented-tippi\/\" \/>\n<meta property=\"og:site_name\" content=\"kuuloasi.fi\" \/>\n<meta property=\"article:modified_time\" content=\"2026-04-06T10:38:23+00:00\" \/>\n<meta property=\"og:image\" content=\"https:\/\/kuuloasi.fi\/wp-content\/uploads\/2025\/12\/Widex_sleeve_vented.png\" \/>\n\t<meta property=\"og:image:width\" content=\"600\" \/>\n\t<meta property=\"og:image:height\" content=\"1000\" \/>\n\t<meta property=\"og:image:type\" content=\"image\/png\" \/>\n<meta name=\"twitter:card\" content=\"summary_large_image\" \/>\n<meta name=\"twitter:label1\" content=\"Estimated reading time\" \/>\n\t<meta name=\"twitter:data1\" content=\"2 minutes\" \/>\n<script type=\"application\/ld+json\" class=\"yoast-schema-graph\">{\"@context\":\"https:\\\/\\\/schema.org\",\"@graph\":[{\"@type\":\"WebPage\",\"@id\":\"https:\\\/\\\/kuuloasi.fi\\\/tuote\\\/widex-sleeve-vented-tippi\\\/\",\"url\":\"https:\\\/\\\/kuuloasi.fi\\\/tuote\\\/widex-sleeve-vented-tippi\\\/\",\"name\":\"Widex sleeve vented tippi - kuuloasi.fi\",\"isPartOf\":{\"@id\":\"https:\\\/\\\/kuuloasi.fi\\\/#website\"},\"primaryImageOfPage\":{\"@id\":\"https:\\\/\\\/kuuloasi.fi\\\/tuote\\\/widex-sleeve-vented-tippi\\\/#primaryimage\"},\"image\":{\"@id\":\"https:\\\/\\\/kuuloasi.fi\\\/tuote\\\/widex-sleeve-vented-tippi\\\/#primaryimage\"},\"thumbnailUrl\":\"https:\\\/\\\/kuuloasi.fi\\\/wp-content\\\/uploads\\\/2025\\\/12\\\/Widex_sleeve_vented.png\",\"datePublished\":\"2025-12-04T09:31:47+00:00\",\"dateModified\":\"2026-04-06T10:38:23+00:00\",\"breadcrumb\":{\"@id\":\"https:\\\/\\\/kuuloasi.fi\\\/tuote\\\/widex-sleeve-vented-tippi\\\/#breadcrumb\"},\"inLanguage\":\"en-GB\",\"potentialAction\":[{\"@type\":\"ReadAction\",\"target\":[\"https:\\\/\\\/kuuloasi.fi\\\/tuote\\\/widex-sleeve-vented-tippi\\\/\"]}]},{\"@type\":\"ImageObject\",\"inLanguage\":\"en-GB\",\"@id\":\"https:\\\/\\\/kuuloasi.fi\\\/tuote\\\/widex-sleeve-vented-tippi\\\/#primaryimage\",\"url\":\"https:\\\/\\\/kuuloasi.fi\\\/wp-content\\\/uploads\\\/2025\\\/12\\\/Widex_sleeve_vented.png\",\"contentUrl\":\"https:\\\/\\\/kuuloasi.fi\\\/wp-content\\\/uploads\\\/2025\\\/12\\\/Widex_sleeve_vented.png\",\"width\":600,\"height\":1000},{\"@type\":\"BreadcrumbList\",\"@id\":\"https:\\\/\\\/kuuloasi.fi\\\/tuote\\\/widex-sleeve-vented-tippi\\\/#breadcrumb\",\"itemListElement\":[{\"@type\":\"ListItem\",\"position\":1,\"name\":\"Etusivu\",\"item\":\"https:\\\/\\\/kuuloasi.fi\\\/\"},{\"@type\":\"ListItem\",\"position\":2,\"name\":\"Kauppa\",\"item\":\"https:\\\/\\\/kuuloasi.fi\\\/kauppa\\\/\"},{\"@type\":\"ListItem\",\"position\":3,\"name\":\"Widex sleeve vented tippi\"}]},{\"@type\":\"WebSite\",\"@id\":\"https:\\\/\\\/kuuloasi.fi\\\/#website\",\"url\":\"https:\\\/\\\/kuuloasi.fi\\\/\",\"name\":\"kuuloasi.fi\",\"description\":\"\",\"potentialAction\":[{\"@type\":\"SearchAction\",\"target\":{\"@type\":\"EntryPoint\",\"urlTemplate\":\"https:\\\/\\\/kuuloasi.fi\\\/?s={search_term_string}\"},\"query-input\":{\"@type\":\"PropertyValueSpecification\",\"valueRequired\":true,\"valueName\":\"search_term_string\"}}],\"inLanguage\":\"en-GB\"}]}<\/script>\n<!-- \/ Yoast SEO plugin. -->","yoast_head_json":{"title":"Widex sleeve vented tippi - kuuloasi.fi","robots":{"index":"index","follow":"follow","max-snippet":"max-snippet:-1","max-image-preview":"max-image-preview:large","max-video-preview":"max-video-preview:-1"},"canonical":"https:\/\/kuuloasi.fi\/en\/product\/widex-sleeve-vented-tippi\/","og_locale":"en_GB","og_type":"article","og_title":"Widex sleeve vented tippi - kuuloasi.fi","og_description":"Mukava ja hengitt\u00e4v\u00e4 sovite Widex-kuulokojeisiin Widex Sleeve Vented tippi\u00a0on korkealaatuinen ja innovatiivinen kuulokojeen lis\u00e4varuste, joka on suunniteltu tarjoamaan mahdollisimman luonnollinen ja miellytt\u00e4v\u00e4 kuuntelukokemus. Ilmastoitu (vented) rakenne mahdollistaa ilman ja \u00e4\u00e4nen vapaan virtauksen korvak\u00e4yt\u00e4v\u00e4ss\u00e4, jolloin \u00e4\u00e4ni kuulostaa avoimemmalta ja luonnollisemmalta ilman tukkoisuuden tunnetta.","og_url":"https:\/\/kuuloasi.fi\/en\/product\/widex-sleeve-vented-tippi\/","og_site_name":"kuuloasi.fi","article_modified_time":"2026-04-06T10:38:23+00:00","og_image":[{"width":600,"height":1000,"url":"https:\/\/kuuloasi.fi\/wp-content\/uploads\/2025\/12\/Widex_sleeve_vented.png","type":"image\/png"}],"twitter_card":"summary_large_image","twitter_misc":{"Estimated reading time":"2 minutes"},"schema":{"@context":"https:\/\/schema.org","@graph":[{"@type":"WebPage","@id":"https:\/\/kuuloasi.fi\/tuote\/widex-sleeve-vented-tippi\/","url":"https:\/\/kuuloasi.fi\/tuote\/widex-sleeve-vented-tippi\/","name":"Widex sleeve vented tippi - kuuloasi.fi","isPartOf":{"@id":"https:\/\/kuuloasi.fi\/#website"},"primaryImageOfPage":{"@id":"https:\/\/kuuloasi.fi\/tuote\/widex-sleeve-vented-tippi\/#primaryimage"},"image":{"@id":"https:\/\/kuuloasi.fi\/tuote\/widex-sleeve-vented-tippi\/#primaryimage"},"thumbnailUrl":"https:\/\/kuuloasi.fi\/wp-content\/uploads\/2025\/12\/Widex_sleeve_vented.png","datePublished":"2025-12-04T09:31:47+00:00","dateModified":"2026-04-06T10:38:23+00:00","breadcrumb":{"@id":"https:\/\/kuuloasi.fi\/tuote\/widex-sleeve-vented-tippi\/#breadcrumb"},"inLanguage":"en-GB","potentialAction":[{"@type":"ReadAction","target":["https:\/\/kuuloasi.fi\/tuote\/widex-sleeve-vented-tippi\/"]}]},{"@type":"ImageObject","inLanguage":"en-GB","@id":"https:\/\/kuuloasi.fi\/tuote\/widex-sleeve-vented-tippi\/#primaryimage","url":"https:\/\/kuuloasi.fi\/wp-content\/uploads\/2025\/12\/Widex_sleeve_vented.png","contentUrl":"https:\/\/kuuloasi.fi\/wp-content\/uploads\/2025\/12\/Widex_sleeve_vented.png","width":600,"height":1000},{"@type":"BreadcrumbList","@id":"https:\/\/kuuloasi.fi\/tuote\/widex-sleeve-vented-tippi\/#breadcrumb","itemListElement":[{"@type":"ListItem","position":1,"name":"Etusivu","item":"https:\/\/kuuloasi.fi\/"},{"@type":"ListItem","position":2,"name":"Kauppa","item":"https:\/\/kuuloasi.fi\/kauppa\/"},{"@type":"ListItem","position":3,"name":"Widex sleeve vented tippi"}]},{"@type":"WebSite","@id":"https:\/\/kuuloasi.fi\/#website","url":"https:\/\/kuuloasi.fi\/","name":"hearing.co.uk","description":"","potentialAction":[{"@type":"SearchAction","target":{"@type":"EntryPoint","urlTemplate":"https:\/\/kuuloasi.fi\/?s={search_term_string}"},"query-input":{"@type":"PropertyValueSpecification","valueRequired":true,"valueName":"search_term_string"}}],"inLanguage":"en-GB"}]}},"_links":{"self":[{"href":"https:\/\/kuuloasi.fi\/en\/wp-json\/wp\/v2\/product\/778","targetHints":{"allow":["GET"]}}],"collection":[{"href":"https:\/\/kuuloasi.fi\/en\/wp-json\/wp\/v2\/product"}],"about":[{"href":"https:\/\/kuuloasi.fi\/en\/wp-json\/wp\/v2\/types\/product"}],"replies":[{"embeddable":true,"href":"https:\/\/kuuloasi.fi\/en\/wp-json\/wp\/v2\/comments?post=778"}],"wp:featuredmedia":[{"embeddable":true,"href":"https:\/\/kuuloasi.fi\/en\/wp-json\/wp\/v2\/media\/795"}],"wp:attachment":[{"href":"https:\/\/kuuloasi.fi\/en\/wp-json\/wp\/v2\/media?parent=778"}],"wp:term":[{"taxonomy":"product_brand","embeddable":true,"href":"https:\/\/kuuloasi.fi\/en\/wp-json\/wp\/v2\/product_brand?post=778"},{"taxonomy":"product_cat","embeddable":true,"href":"https:\/\/kuuloasi.fi\/en\/wp-json\/wp\/v2\/product_cat?post=778"},{"taxonomy":"product_tag","embeddable":true,"href":"https:\/\/kuuloasi.fi\/en\/wp-json\/wp\/v2\/product_tag?post=778"}],"curies":[{"name":"wp","href":"https:\/\/api.w.org\/{rel}","templated":true}]}}