{"id":761,"date":"2025-12-04T09:22:26","date_gmt":"2025-12-04T09:22:26","guid":{"rendered":"https:\/\/kuuloasi.fi\/?post_type=product&#038;p=761"},"modified":"2026-04-13T10:03:14","modified_gmt":"2026-04-13T10:03:14","slug":"widex-instant-ric-tippi-pallo","status":"publish","type":"product","link":"https:\/\/kuuloasi.fi\/en\/product\/widex-instant-ric-tippi-pallo\/","title":{"rendered":"Widex Instant RIC dome, round"},"content":{"rendered":"<p><strong>Stronger Low Sounds and Less Squeaking<\/strong><\/p>\n<p>The ball tip has the same characteristics as many other closed tip designs. This tighter in-ear tip design is less likely to cause squeaking than an open tip design. It also amplifies more low frequencies, giving you a clear and powerful hearing experience.<\/p>\n<p>&nbsp;<\/p>\n<p><strong>Freedom of Choice - One or Two Valves?<\/strong><\/p>\n<p>There are several different options available for the Widex Ball tip. You can choose a single vent tip with only one vent hole, or a double vent tip with two vent holes. The choice is up to the user, and some may prefer the more \u201dopen\u201d two-valve tip, while others may prefer the \u201dtighter\u201d one-valve tip for better amplification.<\/p>\n<p>&nbsp;<\/p>\n<p><strong>Sizes for everyone - S, M, L<\/strong><\/p>\n<p>Both models are available in three different sizes: S (8mm), M (10mm) and L (12mm), so you can choose the size that suits you best.<\/p>\n<p>&nbsp;<\/p>\n<p><strong>Complete Equipment Kit - 10 Piece Package<\/strong><\/p>\n<p>Widex Ball tip packs contain 10 tips, so you can equip your headphones with a sufficient number of tips for long-term use. Quality and versatility in one from your online hearing aid store.<\/p>\n<p>&nbsp;<\/p>\n<p><strong>Hear the World in a New Way<\/strong><\/p>\n<p>Try the Widex Ball Tip model and hear the world in a new, more powerful way. Get yours now!<\/p>","protected":false},"excerpt":{"rendered":"<p>Introducing the Widex Instant RIC balloon tip! This tip is specially designed for users of Widex RIC S and M hearing aids, with the aim of providing a perfect fit in the ear, allowing for a comfortable and discreet hearing experience.<\/p>","protected":false},"featured_media":777,"comment_status":"closed","ping_status":"closed","template":"","meta":{"_acf_changed":false},"product_brand":[],"product_cat":[22,73],"product_tag":[119,77,116],"class_list":{"0":"post-761","1":"product","2":"type-product","3":"status-publish","4":"has-post-thumbnail","6":"product_cat-varaosat","7":"product_cat-widex","8":"product_tag-pallo","9":"product_tag-tippi","10":"product_tag-widex","12":"first","13":"instock","14":"taxable","15":"shipping-taxable","16":"purchasable","17":"product-type-variable"},"acf":[],"yoast_head":"<!-- This site is optimized with the Yoast SEO plugin v27.4 - https:\/\/yoast.com\/product\/yoast-seo-wordpress\/ -->\n<title>Widex Instant RIC-tippi, pallo - kuuloasi.fi<\/title>\n<meta name=\"robots\" content=\"index, follow, max-snippet:-1, max-image-preview:large, max-video-preview:-1\" \/>\n<link rel=\"canonical\" href=\"https:\/\/kuuloasi.fi\/en\/product\/widex-instant-ric-tippi-pallo\/\" \/>\n<meta property=\"og:locale\" content=\"en_GB\" \/>\n<meta property=\"og:type\" content=\"article\" \/>\n<meta property=\"og:title\" content=\"Widex Instant RIC-tippi, pallo - kuuloasi.fi\" \/>\n<meta property=\"og:description\" content=\"Esittelemme Widexin Instant RIC -pallo tipin! T\u00e4m\u00e4 tippi on suunniteltu erityisesti Widex-kuulokojeiden RIC S- ja M-kuulokkeiden k\u00e4ytt\u00e4jille, tavoitteena tarjota t\u00e4ydellinen istuvuus korvassa, mik\u00e4 mahdollistaa miellytt\u00e4v\u00e4n ja huomaamattoman kuulokokemuksen.\" \/>\n<meta property=\"og:url\" content=\"https:\/\/kuuloasi.fi\/en\/product\/widex-instant-ric-tippi-pallo\/\" \/>\n<meta property=\"og:site_name\" content=\"kuuloasi.fi\" \/>\n<meta property=\"article:modified_time\" content=\"2026-04-13T10:03:14+00:00\" \/>\n<meta property=\"og:image\" content=\"https:\/\/kuuloasi.fi\/wp-content\/uploads\/2025\/12\/Easywear-eartips-round-sizes.png\" \/>\n\t<meta property=\"og:image:width\" content=\"600\" \/>\n\t<meta property=\"og:image:height\" content=\"600\" \/>\n\t<meta property=\"og:image:type\" content=\"image\/png\" \/>\n<meta name=\"twitter:card\" content=\"summary_large_image\" \/>\n<meta name=\"twitter:label1\" content=\"Estimated reading time\" \/>\n\t<meta name=\"twitter:data1\" content=\"1 minute\" \/>\n<script type=\"application\/ld+json\" class=\"yoast-schema-graph\">{\"@context\":\"https:\\\/\\\/schema.org\",\"@graph\":[{\"@type\":\"WebPage\",\"@id\":\"https:\\\/\\\/kuuloasi.fi\\\/tuote\\\/widex-instant-ric-tippi-pallo\\\/\",\"url\":\"https:\\\/\\\/kuuloasi.fi\\\/tuote\\\/widex-instant-ric-tippi-pallo\\\/\",\"name\":\"Widex Instant RIC-tippi, pallo - kuuloasi.fi\",\"isPartOf\":{\"@id\":\"https:\\\/\\\/kuuloasi.fi\\\/#website\"},\"primaryImageOfPage\":{\"@id\":\"https:\\\/\\\/kuuloasi.fi\\\/tuote\\\/widex-instant-ric-tippi-pallo\\\/#primaryimage\"},\"image\":{\"@id\":\"https:\\\/\\\/kuuloasi.fi\\\/tuote\\\/widex-instant-ric-tippi-pallo\\\/#primaryimage\"},\"thumbnailUrl\":\"https:\\\/\\\/kuuloasi.fi\\\/wp-content\\\/uploads\\\/2025\\\/12\\\/Easywear-eartips-round-sizes.png\",\"datePublished\":\"2025-12-04T09:22:26+00:00\",\"dateModified\":\"2026-04-13T10:03:14+00:00\",\"breadcrumb\":{\"@id\":\"https:\\\/\\\/kuuloasi.fi\\\/tuote\\\/widex-instant-ric-tippi-pallo\\\/#breadcrumb\"},\"inLanguage\":\"en-GB\",\"potentialAction\":[{\"@type\":\"ReadAction\",\"target\":[\"https:\\\/\\\/kuuloasi.fi\\\/tuote\\\/widex-instant-ric-tippi-pallo\\\/\"]}]},{\"@type\":\"ImageObject\",\"inLanguage\":\"en-GB\",\"@id\":\"https:\\\/\\\/kuuloasi.fi\\\/tuote\\\/widex-instant-ric-tippi-pallo\\\/#primaryimage\",\"url\":\"https:\\\/\\\/kuuloasi.fi\\\/wp-content\\\/uploads\\\/2025\\\/12\\\/Easywear-eartips-round-sizes.png\",\"contentUrl\":\"https:\\\/\\\/kuuloasi.fi\\\/wp-content\\\/uploads\\\/2025\\\/12\\\/Easywear-eartips-round-sizes.png\",\"width\":600,\"height\":600},{\"@type\":\"BreadcrumbList\",\"@id\":\"https:\\\/\\\/kuuloasi.fi\\\/tuote\\\/widex-instant-ric-tippi-pallo\\\/#breadcrumb\",\"itemListElement\":[{\"@type\":\"ListItem\",\"position\":1,\"name\":\"Etusivu\",\"item\":\"https:\\\/\\\/kuuloasi.fi\\\/\"},{\"@type\":\"ListItem\",\"position\":2,\"name\":\"Kauppa\",\"item\":\"https:\\\/\\\/kuuloasi.fi\\\/kauppa\\\/\"},{\"@type\":\"ListItem\",\"position\":3,\"name\":\"Widex Instant RIC-tippi, pallo\"}]},{\"@type\":\"WebSite\",\"@id\":\"https:\\\/\\\/kuuloasi.fi\\\/#website\",\"url\":\"https:\\\/\\\/kuuloasi.fi\\\/\",\"name\":\"kuuloasi.fi\",\"description\":\"\",\"potentialAction\":[{\"@type\":\"SearchAction\",\"target\":{\"@type\":\"EntryPoint\",\"urlTemplate\":\"https:\\\/\\\/kuuloasi.fi\\\/?s={search_term_string}\"},\"query-input\":{\"@type\":\"PropertyValueSpecification\",\"valueRequired\":true,\"valueName\":\"search_term_string\"}}],\"inLanguage\":\"en-GB\"}]}<\/script>\n<!-- \/ Yoast SEO plugin. -->","yoast_head_json":{"title":"Widex Instant RIC-tippi, pallo - kuuloasi.fi","robots":{"index":"index","follow":"follow","max-snippet":"max-snippet:-1","max-image-preview":"max-image-preview:large","max-video-preview":"max-video-preview:-1"},"canonical":"https:\/\/kuuloasi.fi\/en\/product\/widex-instant-ric-tippi-pallo\/","og_locale":"en_GB","og_type":"article","og_title":"Widex Instant RIC-tippi, pallo - kuuloasi.fi","og_description":"Esittelemme Widexin Instant RIC -pallo tipin! T\u00e4m\u00e4 tippi on suunniteltu erityisesti Widex-kuulokojeiden RIC S- ja M-kuulokkeiden k\u00e4ytt\u00e4jille, tavoitteena tarjota t\u00e4ydellinen istuvuus korvassa, mik\u00e4 mahdollistaa miellytt\u00e4v\u00e4n ja huomaamattoman kuulokokemuksen.","og_url":"https:\/\/kuuloasi.fi\/en\/product\/widex-instant-ric-tippi-pallo\/","og_site_name":"kuuloasi.fi","article_modified_time":"2026-04-13T10:03:14+00:00","og_image":[{"width":600,"height":600,"url":"https:\/\/kuuloasi.fi\/wp-content\/uploads\/2025\/12\/Easywear-eartips-round-sizes.png","type":"image\/png"}],"twitter_card":"summary_large_image","twitter_misc":{"Estimated reading time":"1 minute"},"schema":{"@context":"https:\/\/schema.org","@graph":[{"@type":"WebPage","@id":"https:\/\/kuuloasi.fi\/tuote\/widex-instant-ric-tippi-pallo\/","url":"https:\/\/kuuloasi.fi\/tuote\/widex-instant-ric-tippi-pallo\/","name":"Widex Instant RIC-tippi, pallo - kuuloasi.fi","isPartOf":{"@id":"https:\/\/kuuloasi.fi\/#website"},"primaryImageOfPage":{"@id":"https:\/\/kuuloasi.fi\/tuote\/widex-instant-ric-tippi-pallo\/#primaryimage"},"image":{"@id":"https:\/\/kuuloasi.fi\/tuote\/widex-instant-ric-tippi-pallo\/#primaryimage"},"thumbnailUrl":"https:\/\/kuuloasi.fi\/wp-content\/uploads\/2025\/12\/Easywear-eartips-round-sizes.png","datePublished":"2025-12-04T09:22:26+00:00","dateModified":"2026-04-13T10:03:14+00:00","breadcrumb":{"@id":"https:\/\/kuuloasi.fi\/tuote\/widex-instant-ric-tippi-pallo\/#breadcrumb"},"inLanguage":"en-GB","potentialAction":[{"@type":"ReadAction","target":["https:\/\/kuuloasi.fi\/tuote\/widex-instant-ric-tippi-pallo\/"]}]},{"@type":"ImageObject","inLanguage":"en-GB","@id":"https:\/\/kuuloasi.fi\/tuote\/widex-instant-ric-tippi-pallo\/#primaryimage","url":"https:\/\/kuuloasi.fi\/wp-content\/uploads\/2025\/12\/Easywear-eartips-round-sizes.png","contentUrl":"https:\/\/kuuloasi.fi\/wp-content\/uploads\/2025\/12\/Easywear-eartips-round-sizes.png","width":600,"height":600},{"@type":"BreadcrumbList","@id":"https:\/\/kuuloasi.fi\/tuote\/widex-instant-ric-tippi-pallo\/#breadcrumb","itemListElement":[{"@type":"ListItem","position":1,"name":"Etusivu","item":"https:\/\/kuuloasi.fi\/"},{"@type":"ListItem","position":2,"name":"Kauppa","item":"https:\/\/kuuloasi.fi\/kauppa\/"},{"@type":"ListItem","position":3,"name":"Widex Instant RIC-tippi, pallo"}]},{"@type":"WebSite","@id":"https:\/\/kuuloasi.fi\/#website","url":"https:\/\/kuuloasi.fi\/","name":"hearing.co.uk","description":"","potentialAction":[{"@type":"SearchAction","target":{"@type":"EntryPoint","urlTemplate":"https:\/\/kuuloasi.fi\/?s={search_term_string}"},"query-input":{"@type":"PropertyValueSpecification","valueRequired":true,"valueName":"search_term_string"}}],"inLanguage":"en-GB"}]}},"_links":{"self":[{"href":"https:\/\/kuuloasi.fi\/en\/wp-json\/wp\/v2\/product\/761","targetHints":{"allow":["GET"]}}],"collection":[{"href":"https:\/\/kuuloasi.fi\/en\/wp-json\/wp\/v2\/product"}],"about":[{"href":"https:\/\/kuuloasi.fi\/en\/wp-json\/wp\/v2\/types\/product"}],"replies":[{"embeddable":true,"href":"https:\/\/kuuloasi.fi\/en\/wp-json\/wp\/v2\/comments?post=761"}],"wp:featuredmedia":[{"embeddable":true,"href":"https:\/\/kuuloasi.fi\/en\/wp-json\/wp\/v2\/media\/777"}],"wp:attachment":[{"href":"https:\/\/kuuloasi.fi\/en\/wp-json\/wp\/v2\/media?parent=761"}],"wp:term":[{"taxonomy":"product_brand","embeddable":true,"href":"https:\/\/kuuloasi.fi\/en\/wp-json\/wp\/v2\/product_brand?post=761"},{"taxonomy":"product_cat","embeddable":true,"href":"https:\/\/kuuloasi.fi\/en\/wp-json\/wp\/v2\/product_cat?post=761"},{"taxonomy":"product_tag","embeddable":true,"href":"https:\/\/kuuloasi.fi\/en\/wp-json\/wp\/v2\/product_tag?post=761"}],"curies":[{"name":"wp","href":"https:\/\/api.w.org\/{rel}","templated":true}]}}