{"id":755,"date":"2025-12-04T09:15:09","date_gmt":"2025-12-04T09:15:09","guid":{"rendered":"https:\/\/kuuloasi.fi\/?post_type=product&#038;p=755"},"modified":"2026-04-06T07:32:07","modified_gmt":"2026-04-06T07:32:07","slug":"widex-tulppaani-tippi","status":"publish","type":"product","link":"https:\/\/kuuloasi.fi\/en\/product\/widex-tulppaani-tippi\/","title":{"rendered":"Widex Tulip dome"},"content":{"rendered":"<p><strong>Discreet and Flawless Hearing Experience - Why Choose a Tulip Tip?<\/strong><\/p>\n<p>The tulip plug is tighter than the open drip model and is less prone to squeaking. It is also known as a cone tip and is an alternative to the closed tip design. However, all these models share the same essential characteristics, the most important of which is better amplification of low frequencies compared to the open drip model. We always recommend that you talk to your Audionom before changing to a different model, as the right model will depend on your individual hearing.<\/p>\n<p>&nbsp;<\/p>\n<p><strong>Choose the Right Size - M or L?<\/strong><\/p>\n<p>The Widex Tulip Tape is available in two sizes, M and L. Choose the appropriate size from the drop-down menu.<\/p>\n<p>&nbsp;<\/p>\n<p><strong>Durability and Ease of Use - 10 Piece Packs<\/strong><\/p>\n<p>Tulip tapes are sold in convenient packs of 10. This way you can equip your headphones with enough drops for long-term use. Quality and comfort in one from the Your Hearing online store.<\/p>\n<p>&nbsp;<\/p>\n<p><strong>Get your Widex Tulip Wig now<\/strong><\/p>\n<p>With the Widex Tulip Tip, you can enjoy a perfect hearing experience without any worries. Click on the shopping cart and make sure you get the best possible sound quality and comfort with your Widex headphones. Hear the world in a new way!<\/p>","protected":false},"excerpt":{"rendered":"<p>Looking for the perfect accessory for your Widex hearing aids? Try the Widex Instant RIC stopper! Designed specifically for users of Widex RIC S and M headsets, this tip provides a perfect fit in the ear. With the tulip tip, you can enjoy a comfortable and discreet hearing experience.<\/p>","protected":false},"featured_media":760,"comment_status":"closed","ping_status":"closed","template":"","meta":{"_acf_changed":false},"product_brand":[],"product_cat":[22,73],"product_tag":[77,116],"class_list":{"0":"post-755","1":"product","2":"type-product","3":"status-publish","4":"has-post-thumbnail","6":"product_cat-varaosat","7":"product_cat-widex","8":"product_tag-tippi","9":"product_tag-widex","11":"first","12":"instock","13":"taxable","14":"shipping-taxable","15":"purchasable","16":"product-type-variable"},"acf":[],"yoast_head":"<!-- This site is optimized with the Yoast SEO plugin v27.4 - https:\/\/yoast.com\/product\/yoast-seo-wordpress\/ -->\n<title>Widex tulppaani tippi - kuuloasi.fi<\/title>\n<meta name=\"robots\" content=\"index, follow, max-snippet:-1, max-image-preview:large, max-video-preview:-1\" \/>\n<link rel=\"canonical\" href=\"https:\/\/kuuloasi.fi\/en\/product\/widex-tulppaani-tippi\/\" \/>\n<meta property=\"og:locale\" content=\"en_GB\" \/>\n<meta property=\"og:type\" content=\"article\" \/>\n<meta property=\"og:title\" content=\"Widex tulppaani tippi - kuuloasi.fi\" \/>\n<meta property=\"og:description\" content=\"Etsitk\u00f6 t\u00e4ydellist\u00e4 lis\u00e4varustetta Widex-kuulokojeillesi? Kokeile Widexin Instant RIC -tulppaanitippi\u00e4! T\u00e4m\u00e4 tippi on suunniteltu erityisesti Widex-merkkisten RIC S- ja M-kuulokkeiden k\u00e4ytt\u00e4jille, ja se tarjoaa t\u00e4ydellisen istuvuuden korvassa. Tulppaanitipin avulla voit nauttia mukavasta ja huomaamattomasta kuulokokemuksesta.\" \/>\n<meta property=\"og:url\" content=\"https:\/\/kuuloasi.fi\/en\/product\/widex-tulppaani-tippi\/\" \/>\n<meta property=\"og:site_name\" content=\"kuuloasi.fi\" \/>\n<meta property=\"article:modified_time\" content=\"2026-04-06T07:32:07+00:00\" \/>\n<meta property=\"og:image\" content=\"https:\/\/kuuloasi.fi\/wp-content\/uploads\/2025\/12\/widextulppaani-228x228-1.jpg\" \/>\n\t<meta property=\"og:image:width\" content=\"228\" \/>\n\t<meta property=\"og:image:height\" content=\"228\" \/>\n\t<meta property=\"og:image:type\" content=\"image\/jpeg\" \/>\n<meta name=\"twitter:card\" content=\"summary_large_image\" \/>\n<meta name=\"twitter:label1\" content=\"Estimated reading time\" \/>\n\t<meta name=\"twitter:data1\" content=\"1 minute\" \/>\n<script type=\"application\/ld+json\" class=\"yoast-schema-graph\">{\"@context\":\"https:\\\/\\\/schema.org\",\"@graph\":[{\"@type\":\"WebPage\",\"@id\":\"https:\\\/\\\/kuuloasi.fi\\\/tuote\\\/widex-tulppaani-tippi\\\/\",\"url\":\"https:\\\/\\\/kuuloasi.fi\\\/tuote\\\/widex-tulppaani-tippi\\\/\",\"name\":\"Widex tulppaani tippi - kuuloasi.fi\",\"isPartOf\":{\"@id\":\"https:\\\/\\\/kuuloasi.fi\\\/#website\"},\"primaryImageOfPage\":{\"@id\":\"https:\\\/\\\/kuuloasi.fi\\\/tuote\\\/widex-tulppaani-tippi\\\/#primaryimage\"},\"image\":{\"@id\":\"https:\\\/\\\/kuuloasi.fi\\\/tuote\\\/widex-tulppaani-tippi\\\/#primaryimage\"},\"thumbnailUrl\":\"https:\\\/\\\/kuuloasi.fi\\\/wp-content\\\/uploads\\\/2025\\\/12\\\/widextulppaani-228x228-1.jpg\",\"datePublished\":\"2025-12-04T09:15:09+00:00\",\"dateModified\":\"2026-04-06T07:32:07+00:00\",\"breadcrumb\":{\"@id\":\"https:\\\/\\\/kuuloasi.fi\\\/tuote\\\/widex-tulppaani-tippi\\\/#breadcrumb\"},\"inLanguage\":\"en-GB\",\"potentialAction\":[{\"@type\":\"ReadAction\",\"target\":[\"https:\\\/\\\/kuuloasi.fi\\\/tuote\\\/widex-tulppaani-tippi\\\/\"]}]},{\"@type\":\"ImageObject\",\"inLanguage\":\"en-GB\",\"@id\":\"https:\\\/\\\/kuuloasi.fi\\\/tuote\\\/widex-tulppaani-tippi\\\/#primaryimage\",\"url\":\"https:\\\/\\\/kuuloasi.fi\\\/wp-content\\\/uploads\\\/2025\\\/12\\\/widextulppaani-228x228-1.jpg\",\"contentUrl\":\"https:\\\/\\\/kuuloasi.fi\\\/wp-content\\\/uploads\\\/2025\\\/12\\\/widextulppaani-228x228-1.jpg\",\"width\":228,\"height\":228},{\"@type\":\"BreadcrumbList\",\"@id\":\"https:\\\/\\\/kuuloasi.fi\\\/tuote\\\/widex-tulppaani-tippi\\\/#breadcrumb\",\"itemListElement\":[{\"@type\":\"ListItem\",\"position\":1,\"name\":\"Etusivu\",\"item\":\"https:\\\/\\\/kuuloasi.fi\\\/\"},{\"@type\":\"ListItem\",\"position\":2,\"name\":\"Kauppa\",\"item\":\"https:\\\/\\\/kuuloasi.fi\\\/kauppa\\\/\"},{\"@type\":\"ListItem\",\"position\":3,\"name\":\"Widex tulppaani tippi\"}]},{\"@type\":\"WebSite\",\"@id\":\"https:\\\/\\\/kuuloasi.fi\\\/#website\",\"url\":\"https:\\\/\\\/kuuloasi.fi\\\/\",\"name\":\"kuuloasi.fi\",\"description\":\"\",\"potentialAction\":[{\"@type\":\"SearchAction\",\"target\":{\"@type\":\"EntryPoint\",\"urlTemplate\":\"https:\\\/\\\/kuuloasi.fi\\\/?s={search_term_string}\"},\"query-input\":{\"@type\":\"PropertyValueSpecification\",\"valueRequired\":true,\"valueName\":\"search_term_string\"}}],\"inLanguage\":\"en-GB\"}]}<\/script>\n<!-- \/ Yoast SEO plugin. -->","yoast_head_json":{"title":"Widex tulppaani tippi - kuuloasi.fi","robots":{"index":"index","follow":"follow","max-snippet":"max-snippet:-1","max-image-preview":"max-image-preview:large","max-video-preview":"max-video-preview:-1"},"canonical":"https:\/\/kuuloasi.fi\/en\/product\/widex-tulppaani-tippi\/","og_locale":"en_GB","og_type":"article","og_title":"Widex tulppaani tippi - kuuloasi.fi","og_description":"Etsitk\u00f6 t\u00e4ydellist\u00e4 lis\u00e4varustetta Widex-kuulokojeillesi? Kokeile Widexin Instant RIC -tulppaanitippi\u00e4! T\u00e4m\u00e4 tippi on suunniteltu erityisesti Widex-merkkisten RIC S- ja M-kuulokkeiden k\u00e4ytt\u00e4jille, ja se tarjoaa t\u00e4ydellisen istuvuuden korvassa. Tulppaanitipin avulla voit nauttia mukavasta ja huomaamattomasta kuulokokemuksesta.","og_url":"https:\/\/kuuloasi.fi\/en\/product\/widex-tulppaani-tippi\/","og_site_name":"kuuloasi.fi","article_modified_time":"2026-04-06T07:32:07+00:00","og_image":[{"width":228,"height":228,"url":"https:\/\/kuuloasi.fi\/wp-content\/uploads\/2025\/12\/widextulppaani-228x228-1.jpg","type":"image\/jpeg"}],"twitter_card":"summary_large_image","twitter_misc":{"Estimated reading time":"1 minute"},"schema":{"@context":"https:\/\/schema.org","@graph":[{"@type":"WebPage","@id":"https:\/\/kuuloasi.fi\/tuote\/widex-tulppaani-tippi\/","url":"https:\/\/kuuloasi.fi\/tuote\/widex-tulppaani-tippi\/","name":"Widex tulppaani tippi - kuuloasi.fi","isPartOf":{"@id":"https:\/\/kuuloasi.fi\/#website"},"primaryImageOfPage":{"@id":"https:\/\/kuuloasi.fi\/tuote\/widex-tulppaani-tippi\/#primaryimage"},"image":{"@id":"https:\/\/kuuloasi.fi\/tuote\/widex-tulppaani-tippi\/#primaryimage"},"thumbnailUrl":"https:\/\/kuuloasi.fi\/wp-content\/uploads\/2025\/12\/widextulppaani-228x228-1.jpg","datePublished":"2025-12-04T09:15:09+00:00","dateModified":"2026-04-06T07:32:07+00:00","breadcrumb":{"@id":"https:\/\/kuuloasi.fi\/tuote\/widex-tulppaani-tippi\/#breadcrumb"},"inLanguage":"en-GB","potentialAction":[{"@type":"ReadAction","target":["https:\/\/kuuloasi.fi\/tuote\/widex-tulppaani-tippi\/"]}]},{"@type":"ImageObject","inLanguage":"en-GB","@id":"https:\/\/kuuloasi.fi\/tuote\/widex-tulppaani-tippi\/#primaryimage","url":"https:\/\/kuuloasi.fi\/wp-content\/uploads\/2025\/12\/widextulppaani-228x228-1.jpg","contentUrl":"https:\/\/kuuloasi.fi\/wp-content\/uploads\/2025\/12\/widextulppaani-228x228-1.jpg","width":228,"height":228},{"@type":"BreadcrumbList","@id":"https:\/\/kuuloasi.fi\/tuote\/widex-tulppaani-tippi\/#breadcrumb","itemListElement":[{"@type":"ListItem","position":1,"name":"Etusivu","item":"https:\/\/kuuloasi.fi\/"},{"@type":"ListItem","position":2,"name":"Kauppa","item":"https:\/\/kuuloasi.fi\/kauppa\/"},{"@type":"ListItem","position":3,"name":"Widex tulppaani tippi"}]},{"@type":"WebSite","@id":"https:\/\/kuuloasi.fi\/#website","url":"https:\/\/kuuloasi.fi\/","name":"hearing.co.uk","description":"","potentialAction":[{"@type":"SearchAction","target":{"@type":"EntryPoint","urlTemplate":"https:\/\/kuuloasi.fi\/?s={search_term_string}"},"query-input":{"@type":"PropertyValueSpecification","valueRequired":true,"valueName":"search_term_string"}}],"inLanguage":"en-GB"}]}},"_links":{"self":[{"href":"https:\/\/kuuloasi.fi\/en\/wp-json\/wp\/v2\/product\/755","targetHints":{"allow":["GET"]}}],"collection":[{"href":"https:\/\/kuuloasi.fi\/en\/wp-json\/wp\/v2\/product"}],"about":[{"href":"https:\/\/kuuloasi.fi\/en\/wp-json\/wp\/v2\/types\/product"}],"replies":[{"embeddable":true,"href":"https:\/\/kuuloasi.fi\/en\/wp-json\/wp\/v2\/comments?post=755"}],"wp:featuredmedia":[{"embeddable":true,"href":"https:\/\/kuuloasi.fi\/en\/wp-json\/wp\/v2\/media\/760"}],"wp:attachment":[{"href":"https:\/\/kuuloasi.fi\/en\/wp-json\/wp\/v2\/media?parent=755"}],"wp:term":[{"taxonomy":"product_brand","embeddable":true,"href":"https:\/\/kuuloasi.fi\/en\/wp-json\/wp\/v2\/product_brand?post=755"},{"taxonomy":"product_cat","embeddable":true,"href":"https:\/\/kuuloasi.fi\/en\/wp-json\/wp\/v2\/product_cat?post=755"},{"taxonomy":"product_tag","embeddable":true,"href":"https:\/\/kuuloasi.fi\/en\/wp-json\/wp\/v2\/product_tag?post=755"}],"curies":[{"name":"wp","href":"https:\/\/api.w.org\/{rel}","templated":true}]}}