{"id":749,"date":"2025-12-04T09:13:11","date_gmt":"2025-12-04T09:13:11","guid":{"rendered":"https:\/\/kuuloasi.fi\/?post_type=product&#038;p=749"},"modified":"2026-03-17T20:02:21","modified_gmt":"2026-03-17T20:02:21","slug":"widex-tupla-tippi","status":"publish","type":"product","link":"https:\/\/kuuloasi.fi\/en\/product\/widex-tupla-tippi\/","title":{"rendered":"Widex double dome"},"content":{"rendered":"<p><strong>A more powerful hearing experience with Widex Double Tip<\/strong><\/p>\n<p>&nbsp;<\/p>\n<p>Welcome to Your Hearing online shop, where you can find the perfect accessory for your Widex hearing aids. Check out the Widex Instant RIC doppler! This tip has been specially designed for users of Widex RIC S and M headphones, providing an extra comfortable fit in the ear for a discreet wearing experience.<\/p>\n<p>&nbsp;<\/p>\n<p>**<strong>Powerful Power model - All Sounds with Maximum Gain<\/strong><\/p>\n<p>The Widex Double Tip, also known as the \u201dPower Tip\u201d, is designed for those who need maximum sound amplification. This ultra-dense in-ear design allows for maximum amplification of all sounds. A change to this tip design should always be discussed with your audiologist, as the appropriate tip design will depend on your individual hearing.<\/p>\n<p>&nbsp;<\/p>\n<p><strong>Three different sizes - XS, S, M and L<\/strong><\/p>\n<p>The Widex Double Zip is available in four sizes (XS, S, M and L), so you can choose the size that suits you from the drop-down menu. No more compromising on the right size!<\/p>\n<p>&nbsp;<\/p>\n<p><strong>Quality and Quantity - 10 Piece Packs<\/strong><\/p>\n<p>Double-tips are sold in convenient packs of 10, so you can equip your headphones with enough tips for long-term use. Choose quality and get maximum amplification at the same time.<\/p>\n<p>&nbsp;<\/p>\n<p><strong>Get your Widex Double Tap Now<\/strong><\/p>\n<p>With Widex Double Tip, you can experience your hearing experience on a new and more powerful level. Click on the shopping cart and make sure you get the best possible sound quality and comfort with your Widex headphones. Hear the world in a new way!<\/p>","protected":false},"excerpt":{"rendered":"<p>Welcome to Your Hearing online shop, where you can find the perfect accessory for your Widex hearing aids. Check out the Widex Instant RIC doppler! This tip has been specially designed for users of Widex RIC S and M headphones, providing an extra comfortable fit in the ear for a discreet wearing experience.<\/p>","protected":false},"featured_media":753,"comment_status":"closed","ping_status":"closed","template":"","meta":{"_acf_changed":false},"product_brand":[],"product_cat":[22,73],"product_tag":[77,116],"class_list":{"0":"post-749","1":"product","2":"type-product","3":"status-publish","4":"has-post-thumbnail","6":"product_cat-varaosat","7":"product_cat-widex","8":"product_tag-tippi","9":"product_tag-widex","11":"first","12":"instock","13":"taxable","14":"shipping-taxable","15":"purchasable","16":"product-type-variable"},"acf":[],"yoast_head":"<!-- This site is optimized with the Yoast SEO plugin v27.4 - https:\/\/yoast.com\/product\/yoast-seo-wordpress\/ -->\n<title>Widex tupla tippi - kuuloasi.fi<\/title>\n<meta name=\"robots\" content=\"index, follow, max-snippet:-1, max-image-preview:large, max-video-preview:-1\" \/>\n<link rel=\"canonical\" href=\"https:\/\/kuuloasi.fi\/en\/product\/widex-tupla-tippi\/\" \/>\n<meta property=\"og:locale\" content=\"en_GB\" \/>\n<meta property=\"og:type\" content=\"article\" \/>\n<meta property=\"og:title\" content=\"Widex tupla tippi - kuuloasi.fi\" \/>\n<meta property=\"og:description\" content=\"Tervetuloa Kuuloasi verkkokauppaan, miss\u00e4 voit l\u00f6yt\u00e4\u00e4 t\u00e4ydellisen lis\u00e4varusteen Widex-kuulokojeillesi. Tutustu Widexin Instant RIC -tuplatippiin! T\u00e4m\u00e4 tippi on suunniteltu erityisesti Widex-merkkisten RIC S- ja M-kuulokkeiden k\u00e4ytt\u00e4jille, tarjoten erityisen mukavan istuvuuden korvassa, jolloin kuulokojeen k\u00e4ytt\u00f6 on huomaamatonta.\" \/>\n<meta property=\"og:url\" content=\"https:\/\/kuuloasi.fi\/en\/product\/widex-tupla-tippi\/\" \/>\n<meta property=\"og:site_name\" content=\"kuuloasi.fi\" \/>\n<meta property=\"article:modified_time\" content=\"2026-03-17T20:02:21+00:00\" \/>\n<meta property=\"og:image\" content=\"https:\/\/kuuloasi.fi\/wp-content\/uploads\/2025\/12\/Tupla-228x228-1.jpg\" \/>\n\t<meta property=\"og:image:width\" content=\"228\" \/>\n\t<meta property=\"og:image:height\" content=\"228\" \/>\n\t<meta property=\"og:image:type\" content=\"image\/jpeg\" \/>\n<meta name=\"twitter:card\" content=\"summary_large_image\" \/>\n<meta name=\"twitter:label1\" content=\"Estimated reading time\" \/>\n\t<meta name=\"twitter:data1\" content=\"1 minute\" \/>\n<script type=\"application\/ld+json\" class=\"yoast-schema-graph\">{\"@context\":\"https:\\\/\\\/schema.org\",\"@graph\":[{\"@type\":\"WebPage\",\"@id\":\"https:\\\/\\\/kuuloasi.fi\\\/tuote\\\/widex-tupla-tippi\\\/\",\"url\":\"https:\\\/\\\/kuuloasi.fi\\\/tuote\\\/widex-tupla-tippi\\\/\",\"name\":\"Widex tupla tippi - kuuloasi.fi\",\"isPartOf\":{\"@id\":\"https:\\\/\\\/kuuloasi.fi\\\/#website\"},\"primaryImageOfPage\":{\"@id\":\"https:\\\/\\\/kuuloasi.fi\\\/tuote\\\/widex-tupla-tippi\\\/#primaryimage\"},\"image\":{\"@id\":\"https:\\\/\\\/kuuloasi.fi\\\/tuote\\\/widex-tupla-tippi\\\/#primaryimage\"},\"thumbnailUrl\":\"https:\\\/\\\/kuuloasi.fi\\\/wp-content\\\/uploads\\\/2025\\\/12\\\/Tupla-228x228-1.jpg\",\"datePublished\":\"2025-12-04T09:13:11+00:00\",\"dateModified\":\"2026-03-17T20:02:21+00:00\",\"breadcrumb\":{\"@id\":\"https:\\\/\\\/kuuloasi.fi\\\/tuote\\\/widex-tupla-tippi\\\/#breadcrumb\"},\"inLanguage\":\"en-GB\",\"potentialAction\":[{\"@type\":\"ReadAction\",\"target\":[\"https:\\\/\\\/kuuloasi.fi\\\/tuote\\\/widex-tupla-tippi\\\/\"]}]},{\"@type\":\"ImageObject\",\"inLanguage\":\"en-GB\",\"@id\":\"https:\\\/\\\/kuuloasi.fi\\\/tuote\\\/widex-tupla-tippi\\\/#primaryimage\",\"url\":\"https:\\\/\\\/kuuloasi.fi\\\/wp-content\\\/uploads\\\/2025\\\/12\\\/Tupla-228x228-1.jpg\",\"contentUrl\":\"https:\\\/\\\/kuuloasi.fi\\\/wp-content\\\/uploads\\\/2025\\\/12\\\/Tupla-228x228-1.jpg\",\"width\":228,\"height\":228},{\"@type\":\"BreadcrumbList\",\"@id\":\"https:\\\/\\\/kuuloasi.fi\\\/tuote\\\/widex-tupla-tippi\\\/#breadcrumb\",\"itemListElement\":[{\"@type\":\"ListItem\",\"position\":1,\"name\":\"Etusivu\",\"item\":\"https:\\\/\\\/kuuloasi.fi\\\/\"},{\"@type\":\"ListItem\",\"position\":2,\"name\":\"Kauppa\",\"item\":\"https:\\\/\\\/kuuloasi.fi\\\/kauppa\\\/\"},{\"@type\":\"ListItem\",\"position\":3,\"name\":\"Widex tupla tippi\"}]},{\"@type\":\"WebSite\",\"@id\":\"https:\\\/\\\/kuuloasi.fi\\\/#website\",\"url\":\"https:\\\/\\\/kuuloasi.fi\\\/\",\"name\":\"kuuloasi.fi\",\"description\":\"\",\"potentialAction\":[{\"@type\":\"SearchAction\",\"target\":{\"@type\":\"EntryPoint\",\"urlTemplate\":\"https:\\\/\\\/kuuloasi.fi\\\/?s={search_term_string}\"},\"query-input\":{\"@type\":\"PropertyValueSpecification\",\"valueRequired\":true,\"valueName\":\"search_term_string\"}}],\"inLanguage\":\"en-GB\"}]}<\/script>\n<!-- \/ Yoast SEO plugin. -->","yoast_head_json":{"title":"Widex tupla tippi - kuuloasi.fi","robots":{"index":"index","follow":"follow","max-snippet":"max-snippet:-1","max-image-preview":"max-image-preview:large","max-video-preview":"max-video-preview:-1"},"canonical":"https:\/\/kuuloasi.fi\/en\/product\/widex-tupla-tippi\/","og_locale":"en_GB","og_type":"article","og_title":"Widex tupla tippi - kuuloasi.fi","og_description":"Tervetuloa Kuuloasi verkkokauppaan, miss\u00e4 voit l\u00f6yt\u00e4\u00e4 t\u00e4ydellisen lis\u00e4varusteen Widex-kuulokojeillesi. Tutustu Widexin Instant RIC -tuplatippiin! T\u00e4m\u00e4 tippi on suunniteltu erityisesti Widex-merkkisten RIC S- ja M-kuulokkeiden k\u00e4ytt\u00e4jille, tarjoten erityisen mukavan istuvuuden korvassa, jolloin kuulokojeen k\u00e4ytt\u00f6 on huomaamatonta.","og_url":"https:\/\/kuuloasi.fi\/en\/product\/widex-tupla-tippi\/","og_site_name":"kuuloasi.fi","article_modified_time":"2026-03-17T20:02:21+00:00","og_image":[{"width":228,"height":228,"url":"https:\/\/kuuloasi.fi\/wp-content\/uploads\/2025\/12\/Tupla-228x228-1.jpg","type":"image\/jpeg"}],"twitter_card":"summary_large_image","twitter_misc":{"Estimated reading time":"1 minute"},"schema":{"@context":"https:\/\/schema.org","@graph":[{"@type":"WebPage","@id":"https:\/\/kuuloasi.fi\/tuote\/widex-tupla-tippi\/","url":"https:\/\/kuuloasi.fi\/tuote\/widex-tupla-tippi\/","name":"Widex tupla tippi - kuuloasi.fi","isPartOf":{"@id":"https:\/\/kuuloasi.fi\/#website"},"primaryImageOfPage":{"@id":"https:\/\/kuuloasi.fi\/tuote\/widex-tupla-tippi\/#primaryimage"},"image":{"@id":"https:\/\/kuuloasi.fi\/tuote\/widex-tupla-tippi\/#primaryimage"},"thumbnailUrl":"https:\/\/kuuloasi.fi\/wp-content\/uploads\/2025\/12\/Tupla-228x228-1.jpg","datePublished":"2025-12-04T09:13:11+00:00","dateModified":"2026-03-17T20:02:21+00:00","breadcrumb":{"@id":"https:\/\/kuuloasi.fi\/tuote\/widex-tupla-tippi\/#breadcrumb"},"inLanguage":"en-GB","potentialAction":[{"@type":"ReadAction","target":["https:\/\/kuuloasi.fi\/tuote\/widex-tupla-tippi\/"]}]},{"@type":"ImageObject","inLanguage":"en-GB","@id":"https:\/\/kuuloasi.fi\/tuote\/widex-tupla-tippi\/#primaryimage","url":"https:\/\/kuuloasi.fi\/wp-content\/uploads\/2025\/12\/Tupla-228x228-1.jpg","contentUrl":"https:\/\/kuuloasi.fi\/wp-content\/uploads\/2025\/12\/Tupla-228x228-1.jpg","width":228,"height":228},{"@type":"BreadcrumbList","@id":"https:\/\/kuuloasi.fi\/tuote\/widex-tupla-tippi\/#breadcrumb","itemListElement":[{"@type":"ListItem","position":1,"name":"Etusivu","item":"https:\/\/kuuloasi.fi\/"},{"@type":"ListItem","position":2,"name":"Kauppa","item":"https:\/\/kuuloasi.fi\/kauppa\/"},{"@type":"ListItem","position":3,"name":"Widex tupla tippi"}]},{"@type":"WebSite","@id":"https:\/\/kuuloasi.fi\/#website","url":"https:\/\/kuuloasi.fi\/","name":"hearing.co.uk","description":"","potentialAction":[{"@type":"SearchAction","target":{"@type":"EntryPoint","urlTemplate":"https:\/\/kuuloasi.fi\/?s={search_term_string}"},"query-input":{"@type":"PropertyValueSpecification","valueRequired":true,"valueName":"search_term_string"}}],"inLanguage":"en-GB"}]}},"_links":{"self":[{"href":"https:\/\/kuuloasi.fi\/en\/wp-json\/wp\/v2\/product\/749","targetHints":{"allow":["GET"]}}],"collection":[{"href":"https:\/\/kuuloasi.fi\/en\/wp-json\/wp\/v2\/product"}],"about":[{"href":"https:\/\/kuuloasi.fi\/en\/wp-json\/wp\/v2\/types\/product"}],"replies":[{"embeddable":true,"href":"https:\/\/kuuloasi.fi\/en\/wp-json\/wp\/v2\/comments?post=749"}],"wp:featuredmedia":[{"embeddable":true,"href":"https:\/\/kuuloasi.fi\/en\/wp-json\/wp\/v2\/media\/753"}],"wp:attachment":[{"href":"https:\/\/kuuloasi.fi\/en\/wp-json\/wp\/v2\/media?parent=749"}],"wp:term":[{"taxonomy":"product_brand","embeddable":true,"href":"https:\/\/kuuloasi.fi\/en\/wp-json\/wp\/v2\/product_brand?post=749"},{"taxonomy":"product_cat","embeddable":true,"href":"https:\/\/kuuloasi.fi\/en\/wp-json\/wp\/v2\/product_cat?post=749"},{"taxonomy":"product_tag","embeddable":true,"href":"https:\/\/kuuloasi.fi\/en\/wp-json\/wp\/v2\/product_tag?post=749"}],"curies":[{"name":"wp","href":"https:\/\/api.w.org\/{rel}","templated":true}]}}