{"id":744,"date":"2025-12-04T09:12:57","date_gmt":"2025-12-04T09:12:57","guid":{"rendered":"https:\/\/kuuloasi.fi\/?post_type=product&#038;p=744"},"modified":"2026-04-12T15:21:21","modified_gmt":"2026-04-12T15:21:21","slug":"widex-avoin-tippi","status":"publish","type":"product","link":"https:\/\/kuuloasi.fi\/en\/product\/widex-avoin-tippi\/","title":{"rendered":"Widex open dome"},"content":{"rendered":"<p><strong>Why choose Widex Instant open drop?<\/strong><\/p>\n<p>The open fit allows air to flow freely around the headphones, making them particularly comfortable and discreet to wear. This means you can enjoy clear sound without unwanted echo or a blocked feeling in your ears. For more information on changing the drip pattern, we recommend you speak to your audiologist, as the drip pattern will depend on your individual hearing.<\/p>\n<p>&nbsp;<\/p>\n<p><strong>Choose the Right Size - Three Choices of Widex Tweezers<\/strong><\/p>\n<p>Widex tees are available in three sizes (XS, S and L), so you can choose the size that's right for you. No more need to wear the wrong size, we offer you options.<\/p>\n<p>&nbsp;<\/p>\n<p><strong>Longevity and Ease of Use - 10 Piece Packs<\/strong><\/p>\n<p>In addition, Widex Instant RIC pegs are sold in convenient packs of 10. This means that you can equip your headphones with a sufficient number of tips for long-term use. Forget regular purchases - choose quality and comfort for your hearing through our online store.<\/p>\n<p>&nbsp;<\/p>\n<p><strong>Get your Widex Instant RIC now<\/strong><\/p>\n<p>With the Widex Instant RIC plug, you can take your hearing experience to the next level. Click on the shopping cart and make sure you get the best possible sound quality and comfort with your Widex headphones. Join the thousands of our satisfied customers who have already discovered this top quality drop solution.<strong>\u00a0<\/strong>Get your own Widex Instant RIC now and hear the world in a new way!<\/p>","protected":false},"excerpt":{"rendered":"<p>Looking for the perfect accessory for your Widex hearing aid? Here it is - the Instant RIC plug for Widex hearing aids. Designed specifically for users of Widex RIC S and M headsets, this tip provides a great hearing experience. With this open tip design, you get the best possible sound quality and comfort.<\/p>","protected":false},"featured_media":748,"comment_status":"closed","ping_status":"closed","template":"","meta":{"_acf_changed":false},"product_brand":[],"product_cat":[22,73],"product_tag":[77,116],"class_list":{"0":"post-744","1":"product","2":"type-product","3":"status-publish","4":"has-post-thumbnail","6":"product_cat-varaosat","7":"product_cat-widex","8":"product_tag-tippi","9":"product_tag-widex","11":"first","12":"instock","13":"taxable","14":"shipping-taxable","15":"purchasable","16":"product-type-variable"},"acf":[],"yoast_head":"<!-- This site is optimized with the Yoast SEO plugin v27.4 - https:\/\/yoast.com\/product\/yoast-seo-wordpress\/ -->\n<title>Widex avoin tippi - kuuloasi.fi<\/title>\n<meta name=\"robots\" content=\"index, follow, max-snippet:-1, max-image-preview:large, max-video-preview:-1\" \/>\n<link rel=\"canonical\" href=\"https:\/\/kuuloasi.fi\/en\/product\/widex-avoin-tippi\/\" \/>\n<meta property=\"og:locale\" content=\"en_GB\" \/>\n<meta property=\"og:type\" content=\"article\" \/>\n<meta property=\"og:title\" content=\"Widex avoin tippi - kuuloasi.fi\" \/>\n<meta property=\"og:description\" content=\"Etsitk\u00f6 t\u00e4ydellist\u00e4 lis\u00e4varustetta Widex-kuulokojeellesi? Etsim\u00e4si on t\u00e4ss\u00e4 \u2013 Widexin kuulokojeiden Instant RIC-tippi. T\u00e4m\u00e4 tippi on suunniteltu erityisesti Widex-merkkisten RIC S- ja M-kuulokkeiden k\u00e4ytt\u00e4jille, ja se tarjoaa loistavan kuulokokemuksen. T\u00e4m\u00e4n avoimen tippimallin ansiosta saat parhaan mahdollisen \u00e4\u00e4nentoiston ja mukavuuden.\" \/>\n<meta property=\"og:url\" content=\"https:\/\/kuuloasi.fi\/en\/product\/widex-avoin-tippi\/\" \/>\n<meta property=\"og:site_name\" content=\"kuuloasi.fi\" \/>\n<meta property=\"article:modified_time\" content=\"2026-04-12T15:21:21+00:00\" \/>\n<meta property=\"og:image\" content=\"https:\/\/kuuloasi.fi\/wp-content\/uploads\/2025\/12\/InstantOpen_comp-228x228-1.jpg\" \/>\n\t<meta property=\"og:image:width\" content=\"228\" \/>\n\t<meta property=\"og:image:height\" content=\"228\" \/>\n\t<meta property=\"og:image:type\" content=\"image\/jpeg\" \/>\n<meta name=\"twitter:card\" content=\"summary_large_image\" \/>\n<meta name=\"twitter:label1\" content=\"Estimated reading time\" \/>\n\t<meta name=\"twitter:data1\" content=\"1 minute\" \/>\n<script type=\"application\/ld+json\" class=\"yoast-schema-graph\">{\"@context\":\"https:\\\/\\\/schema.org\",\"@graph\":[{\"@type\":\"WebPage\",\"@id\":\"https:\\\/\\\/kuuloasi.fi\\\/tuote\\\/widex-avoin-tippi\\\/\",\"url\":\"https:\\\/\\\/kuuloasi.fi\\\/tuote\\\/widex-avoin-tippi\\\/\",\"name\":\"Widex avoin tippi - kuuloasi.fi\",\"isPartOf\":{\"@id\":\"https:\\\/\\\/kuuloasi.fi\\\/#website\"},\"primaryImageOfPage\":{\"@id\":\"https:\\\/\\\/kuuloasi.fi\\\/tuote\\\/widex-avoin-tippi\\\/#primaryimage\"},\"image\":{\"@id\":\"https:\\\/\\\/kuuloasi.fi\\\/tuote\\\/widex-avoin-tippi\\\/#primaryimage\"},\"thumbnailUrl\":\"https:\\\/\\\/kuuloasi.fi\\\/wp-content\\\/uploads\\\/2025\\\/12\\\/InstantOpen_comp-228x228-1.jpg\",\"datePublished\":\"2025-12-04T09:12:57+00:00\",\"dateModified\":\"2026-04-12T15:21:21+00:00\",\"breadcrumb\":{\"@id\":\"https:\\\/\\\/kuuloasi.fi\\\/tuote\\\/widex-avoin-tippi\\\/#breadcrumb\"},\"inLanguage\":\"en-GB\",\"potentialAction\":[{\"@type\":\"ReadAction\",\"target\":[\"https:\\\/\\\/kuuloasi.fi\\\/tuote\\\/widex-avoin-tippi\\\/\"]}]},{\"@type\":\"ImageObject\",\"inLanguage\":\"en-GB\",\"@id\":\"https:\\\/\\\/kuuloasi.fi\\\/tuote\\\/widex-avoin-tippi\\\/#primaryimage\",\"url\":\"https:\\\/\\\/kuuloasi.fi\\\/wp-content\\\/uploads\\\/2025\\\/12\\\/InstantOpen_comp-228x228-1.jpg\",\"contentUrl\":\"https:\\\/\\\/kuuloasi.fi\\\/wp-content\\\/uploads\\\/2025\\\/12\\\/InstantOpen_comp-228x228-1.jpg\",\"width\":228,\"height\":228},{\"@type\":\"BreadcrumbList\",\"@id\":\"https:\\\/\\\/kuuloasi.fi\\\/tuote\\\/widex-avoin-tippi\\\/#breadcrumb\",\"itemListElement\":[{\"@type\":\"ListItem\",\"position\":1,\"name\":\"Etusivu\",\"item\":\"https:\\\/\\\/kuuloasi.fi\\\/\"},{\"@type\":\"ListItem\",\"position\":2,\"name\":\"Kauppa\",\"item\":\"https:\\\/\\\/kuuloasi.fi\\\/kauppa\\\/\"},{\"@type\":\"ListItem\",\"position\":3,\"name\":\"Widex avoin tippi\"}]},{\"@type\":\"WebSite\",\"@id\":\"https:\\\/\\\/kuuloasi.fi\\\/#website\",\"url\":\"https:\\\/\\\/kuuloasi.fi\\\/\",\"name\":\"kuuloasi.fi\",\"description\":\"\",\"potentialAction\":[{\"@type\":\"SearchAction\",\"target\":{\"@type\":\"EntryPoint\",\"urlTemplate\":\"https:\\\/\\\/kuuloasi.fi\\\/?s={search_term_string}\"},\"query-input\":{\"@type\":\"PropertyValueSpecification\",\"valueRequired\":true,\"valueName\":\"search_term_string\"}}],\"inLanguage\":\"en-GB\"}]}<\/script>\n<!-- \/ Yoast SEO plugin. -->","yoast_head_json":{"title":"Widex avoin tippi - kuuloasi.fi","robots":{"index":"index","follow":"follow","max-snippet":"max-snippet:-1","max-image-preview":"max-image-preview:large","max-video-preview":"max-video-preview:-1"},"canonical":"https:\/\/kuuloasi.fi\/en\/product\/widex-avoin-tippi\/","og_locale":"en_GB","og_type":"article","og_title":"Widex avoin tippi - kuuloasi.fi","og_description":"Etsitk\u00f6 t\u00e4ydellist\u00e4 lis\u00e4varustetta Widex-kuulokojeellesi? Etsim\u00e4si on t\u00e4ss\u00e4 \u2013 Widexin kuulokojeiden Instant RIC-tippi. T\u00e4m\u00e4 tippi on suunniteltu erityisesti Widex-merkkisten RIC S- ja M-kuulokkeiden k\u00e4ytt\u00e4jille, ja se tarjoaa loistavan kuulokokemuksen. T\u00e4m\u00e4n avoimen tippimallin ansiosta saat parhaan mahdollisen \u00e4\u00e4nentoiston ja mukavuuden.","og_url":"https:\/\/kuuloasi.fi\/en\/product\/widex-avoin-tippi\/","og_site_name":"kuuloasi.fi","article_modified_time":"2026-04-12T15:21:21+00:00","og_image":[{"width":228,"height":228,"url":"https:\/\/kuuloasi.fi\/wp-content\/uploads\/2025\/12\/InstantOpen_comp-228x228-1.jpg","type":"image\/jpeg"}],"twitter_card":"summary_large_image","twitter_misc":{"Estimated reading time":"1 minute"},"schema":{"@context":"https:\/\/schema.org","@graph":[{"@type":"WebPage","@id":"https:\/\/kuuloasi.fi\/tuote\/widex-avoin-tippi\/","url":"https:\/\/kuuloasi.fi\/tuote\/widex-avoin-tippi\/","name":"Widex avoin tippi - kuuloasi.fi","isPartOf":{"@id":"https:\/\/kuuloasi.fi\/#website"},"primaryImageOfPage":{"@id":"https:\/\/kuuloasi.fi\/tuote\/widex-avoin-tippi\/#primaryimage"},"image":{"@id":"https:\/\/kuuloasi.fi\/tuote\/widex-avoin-tippi\/#primaryimage"},"thumbnailUrl":"https:\/\/kuuloasi.fi\/wp-content\/uploads\/2025\/12\/InstantOpen_comp-228x228-1.jpg","datePublished":"2025-12-04T09:12:57+00:00","dateModified":"2026-04-12T15:21:21+00:00","breadcrumb":{"@id":"https:\/\/kuuloasi.fi\/tuote\/widex-avoin-tippi\/#breadcrumb"},"inLanguage":"en-GB","potentialAction":[{"@type":"ReadAction","target":["https:\/\/kuuloasi.fi\/tuote\/widex-avoin-tippi\/"]}]},{"@type":"ImageObject","inLanguage":"en-GB","@id":"https:\/\/kuuloasi.fi\/tuote\/widex-avoin-tippi\/#primaryimage","url":"https:\/\/kuuloasi.fi\/wp-content\/uploads\/2025\/12\/InstantOpen_comp-228x228-1.jpg","contentUrl":"https:\/\/kuuloasi.fi\/wp-content\/uploads\/2025\/12\/InstantOpen_comp-228x228-1.jpg","width":228,"height":228},{"@type":"BreadcrumbList","@id":"https:\/\/kuuloasi.fi\/tuote\/widex-avoin-tippi\/#breadcrumb","itemListElement":[{"@type":"ListItem","position":1,"name":"Etusivu","item":"https:\/\/kuuloasi.fi\/"},{"@type":"ListItem","position":2,"name":"Kauppa","item":"https:\/\/kuuloasi.fi\/kauppa\/"},{"@type":"ListItem","position":3,"name":"Widex avoin tippi"}]},{"@type":"WebSite","@id":"https:\/\/kuuloasi.fi\/#website","url":"https:\/\/kuuloasi.fi\/","name":"hearing.co.uk","description":"","potentialAction":[{"@type":"SearchAction","target":{"@type":"EntryPoint","urlTemplate":"https:\/\/kuuloasi.fi\/?s={search_term_string}"},"query-input":{"@type":"PropertyValueSpecification","valueRequired":true,"valueName":"search_term_string"}}],"inLanguage":"en-GB"}]}},"_links":{"self":[{"href":"https:\/\/kuuloasi.fi\/en\/wp-json\/wp\/v2\/product\/744","targetHints":{"allow":["GET"]}}],"collection":[{"href":"https:\/\/kuuloasi.fi\/en\/wp-json\/wp\/v2\/product"}],"about":[{"href":"https:\/\/kuuloasi.fi\/en\/wp-json\/wp\/v2\/types\/product"}],"replies":[{"embeddable":true,"href":"https:\/\/kuuloasi.fi\/en\/wp-json\/wp\/v2\/comments?post=744"}],"wp:featuredmedia":[{"embeddable":true,"href":"https:\/\/kuuloasi.fi\/en\/wp-json\/wp\/v2\/media\/748"}],"wp:attachment":[{"href":"https:\/\/kuuloasi.fi\/en\/wp-json\/wp\/v2\/media?parent=744"}],"wp:term":[{"taxonomy":"product_brand","embeddable":true,"href":"https:\/\/kuuloasi.fi\/en\/wp-json\/wp\/v2\/product_brand?post=744"},{"taxonomy":"product_cat","embeddable":true,"href":"https:\/\/kuuloasi.fi\/en\/wp-json\/wp\/v2\/product_cat?post=744"},{"taxonomy":"product_tag","embeddable":true,"href":"https:\/\/kuuloasi.fi\/en\/wp-json\/wp\/v2\/product_tag?post=744"}],"curies":[{"name":"wp","href":"https:\/\/api.w.org\/{rel}","templated":true}]}}