{"id":740,"date":"2025-12-04T08:47:47","date_gmt":"2025-12-04T08:47:47","guid":{"rendered":"https:\/\/kuuloasi.fi\/?post_type=product&#038;p=740"},"modified":"2026-03-17T19:55:15","modified_gmt":"2026-03-17T19:55:15","slug":"siemens-click-dome-tulppaani-tippi","status":"publish","type":"product","link":"https:\/\/kuuloasi.fi\/en\/product\/siemens-click-dome-tulppaani-tippi\/","title":{"rendered":"Siemens Click Dome tulip"},"content":{"rendered":"<p>Siemens Click Dome series tulip drip fitting. The plug fits the headphones of Siemens, Signia and Rextone hearing aids. The adapter is attached to the earpiece by pressing on the earpiece. The tip is soft and makes wearing the hearing aid comfortable and discreet. Replacing the tip is part of the maintenance of the hearing aid and the tip should be replaced when necessary.<\/p>\n<p>&nbsp;<\/p>\n<p>The characteristics of a tulip tip are very similar to those of a closed tip. It is tighter in the ear and better at amplifying low frequencies. Always consult an audiologist before changing the drip model.<\/p>\n<p>&nbsp;<\/p>\n<p>Click tulip tip is available in one size only. The tulip tip is soft and flexible. The shape of the tip makes it suitable for more than one ear<\/p>\n<p>&nbsp;<\/p>\n<p>The drops are sold in packs of 6.<\/p>","protected":false},"excerpt":{"rendered":"<p>The characteristics of a tulip tip are very similar to those of a closed tip. It is tighter in the ear and better at amplifying low frequencies. Always consult an audiologist before changing the drip model.<\/p>","protected":false},"featured_media":739,"comment_status":"closed","ping_status":"closed","template":"","meta":{"_acf_changed":false},"product_brand":[],"product_cat":[72,22],"product_tag":[113,111,77],"class_list":{"0":"post-740","1":"product","2":"type-product","3":"status-publish","4":"has-post-thumbnail","6":"product_cat-signia","7":"product_cat-varaosat","8":"product_tag-siemens","9":"product_tag-signia","10":"product_tag-tippi","12":"first","13":"instock","14":"taxable","15":"shipping-taxable","16":"purchasable","17":"product-type-simple"},"acf":[],"yoast_head":"<!-- This site is optimized with the Yoast SEO plugin v27.4 - https:\/\/yoast.com\/product\/yoast-seo-wordpress\/ -->\n<title>Siemens Click Dome tulppaani tippi - kuuloasi.fi<\/title>\n<meta name=\"robots\" content=\"index, follow, max-snippet:-1, max-image-preview:large, max-video-preview:-1\" \/>\n<link rel=\"canonical\" href=\"https:\/\/kuuloasi.fi\/en\/product\/siemens-click-dome-tulppaani-tippi\/\" \/>\n<meta property=\"og:locale\" content=\"en_GB\" \/>\n<meta property=\"og:type\" content=\"article\" \/>\n<meta property=\"og:title\" content=\"Siemens Click Dome tulppaani tippi - kuuloasi.fi\" \/>\n<meta property=\"og:description\" content=\"Tulppaani tipin ominaisuudet ovat hyvin samanlaiset kuin suljetun tipin ominaisuudet. Se on tiiviimpi korvassa ja voimistaa matalia \u00e4\u00e4ni\u00e4 paremmin. Keskustelkaa aina audionomin kanssa ennen kuin vaihdatte tippi mallia.\" \/>\n<meta property=\"og:url\" content=\"https:\/\/kuuloasi.fi\/en\/product\/siemens-click-dome-tulppaani-tippi\/\" \/>\n<meta property=\"og:site_name\" content=\"kuuloasi.fi\" \/>\n<meta property=\"article:modified_time\" content=\"2026-03-17T19:55:15+00:00\" \/>\n<meta property=\"og:image\" content=\"https:\/\/kuuloasi.fi\/wp-content\/uploads\/2025\/12\/3SA426027.jpg\" \/>\n\t<meta property=\"og:image:width\" content=\"1042\" \/>\n\t<meta property=\"og:image:height\" content=\"1042\" \/>\n\t<meta property=\"og:image:type\" content=\"image\/jpeg\" \/>\n<meta name=\"twitter:card\" content=\"summary_large_image\" \/>\n<meta name=\"twitter:label1\" content=\"Estimated reading time\" \/>\n\t<meta name=\"twitter:data1\" content=\"1 minute\" \/>\n<script type=\"application\/ld+json\" class=\"yoast-schema-graph\">{\"@context\":\"https:\\\/\\\/schema.org\",\"@graph\":[{\"@type\":\"WebPage\",\"@id\":\"https:\\\/\\\/kuuloasi.fi\\\/tuote\\\/siemens-click-dome-tulppaani-tippi\\\/\",\"url\":\"https:\\\/\\\/kuuloasi.fi\\\/tuote\\\/siemens-click-dome-tulppaani-tippi\\\/\",\"name\":\"Siemens Click Dome tulppaani tippi - kuuloasi.fi\",\"isPartOf\":{\"@id\":\"https:\\\/\\\/kuuloasi.fi\\\/#website\"},\"primaryImageOfPage\":{\"@id\":\"https:\\\/\\\/kuuloasi.fi\\\/tuote\\\/siemens-click-dome-tulppaani-tippi\\\/#primaryimage\"},\"image\":{\"@id\":\"https:\\\/\\\/kuuloasi.fi\\\/tuote\\\/siemens-click-dome-tulppaani-tippi\\\/#primaryimage\"},\"thumbnailUrl\":\"https:\\\/\\\/kuuloasi.fi\\\/wp-content\\\/uploads\\\/2025\\\/12\\\/3SA426027.jpg\",\"datePublished\":\"2025-12-04T08:47:47+00:00\",\"dateModified\":\"2026-03-17T19:55:15+00:00\",\"breadcrumb\":{\"@id\":\"https:\\\/\\\/kuuloasi.fi\\\/tuote\\\/siemens-click-dome-tulppaani-tippi\\\/#breadcrumb\"},\"inLanguage\":\"en-GB\",\"potentialAction\":[{\"@type\":\"ReadAction\",\"target\":[\"https:\\\/\\\/kuuloasi.fi\\\/tuote\\\/siemens-click-dome-tulppaani-tippi\\\/\"]}]},{\"@type\":\"ImageObject\",\"inLanguage\":\"en-GB\",\"@id\":\"https:\\\/\\\/kuuloasi.fi\\\/tuote\\\/siemens-click-dome-tulppaani-tippi\\\/#primaryimage\",\"url\":\"https:\\\/\\\/kuuloasi.fi\\\/wp-content\\\/uploads\\\/2025\\\/12\\\/3SA426027.jpg\",\"contentUrl\":\"https:\\\/\\\/kuuloasi.fi\\\/wp-content\\\/uploads\\\/2025\\\/12\\\/3SA426027.jpg\",\"width\":1042,\"height\":1042},{\"@type\":\"BreadcrumbList\",\"@id\":\"https:\\\/\\\/kuuloasi.fi\\\/tuote\\\/siemens-click-dome-tulppaani-tippi\\\/#breadcrumb\",\"itemListElement\":[{\"@type\":\"ListItem\",\"position\":1,\"name\":\"Etusivu\",\"item\":\"https:\\\/\\\/kuuloasi.fi\\\/\"},{\"@type\":\"ListItem\",\"position\":2,\"name\":\"Kauppa\",\"item\":\"https:\\\/\\\/kuuloasi.fi\\\/kauppa\\\/\"},{\"@type\":\"ListItem\",\"position\":3,\"name\":\"Siemens Click Dome tulppaani tippi\"}]},{\"@type\":\"WebSite\",\"@id\":\"https:\\\/\\\/kuuloasi.fi\\\/#website\",\"url\":\"https:\\\/\\\/kuuloasi.fi\\\/\",\"name\":\"kuuloasi.fi\",\"description\":\"\",\"potentialAction\":[{\"@type\":\"SearchAction\",\"target\":{\"@type\":\"EntryPoint\",\"urlTemplate\":\"https:\\\/\\\/kuuloasi.fi\\\/?s={search_term_string}\"},\"query-input\":{\"@type\":\"PropertyValueSpecification\",\"valueRequired\":true,\"valueName\":\"search_term_string\"}}],\"inLanguage\":\"en-GB\"}]}<\/script>\n<!-- \/ Yoast SEO plugin. -->","yoast_head_json":{"title":"Siemens Click Dome tulppaani tippi - kuuloasi.fi","robots":{"index":"index","follow":"follow","max-snippet":"max-snippet:-1","max-image-preview":"max-image-preview:large","max-video-preview":"max-video-preview:-1"},"canonical":"https:\/\/kuuloasi.fi\/en\/product\/siemens-click-dome-tulppaani-tippi\/","og_locale":"en_GB","og_type":"article","og_title":"Siemens Click Dome tulppaani tippi - kuuloasi.fi","og_description":"Tulppaani tipin ominaisuudet ovat hyvin samanlaiset kuin suljetun tipin ominaisuudet. Se on tiiviimpi korvassa ja voimistaa matalia \u00e4\u00e4ni\u00e4 paremmin. Keskustelkaa aina audionomin kanssa ennen kuin vaihdatte tippi mallia.","og_url":"https:\/\/kuuloasi.fi\/en\/product\/siemens-click-dome-tulppaani-tippi\/","og_site_name":"kuuloasi.fi","article_modified_time":"2026-03-17T19:55:15+00:00","og_image":[{"width":1042,"height":1042,"url":"https:\/\/kuuloasi.fi\/wp-content\/uploads\/2025\/12\/3SA426027.jpg","type":"image\/jpeg"}],"twitter_card":"summary_large_image","twitter_misc":{"Estimated reading time":"1 minute"},"schema":{"@context":"https:\/\/schema.org","@graph":[{"@type":"WebPage","@id":"https:\/\/kuuloasi.fi\/tuote\/siemens-click-dome-tulppaani-tippi\/","url":"https:\/\/kuuloasi.fi\/tuote\/siemens-click-dome-tulppaani-tippi\/","name":"Siemens Click Dome tulppaani tippi - kuuloasi.fi","isPartOf":{"@id":"https:\/\/kuuloasi.fi\/#website"},"primaryImageOfPage":{"@id":"https:\/\/kuuloasi.fi\/tuote\/siemens-click-dome-tulppaani-tippi\/#primaryimage"},"image":{"@id":"https:\/\/kuuloasi.fi\/tuote\/siemens-click-dome-tulppaani-tippi\/#primaryimage"},"thumbnailUrl":"https:\/\/kuuloasi.fi\/wp-content\/uploads\/2025\/12\/3SA426027.jpg","datePublished":"2025-12-04T08:47:47+00:00","dateModified":"2026-03-17T19:55:15+00:00","breadcrumb":{"@id":"https:\/\/kuuloasi.fi\/tuote\/siemens-click-dome-tulppaani-tippi\/#breadcrumb"},"inLanguage":"en-GB","potentialAction":[{"@type":"ReadAction","target":["https:\/\/kuuloasi.fi\/tuote\/siemens-click-dome-tulppaani-tippi\/"]}]},{"@type":"ImageObject","inLanguage":"en-GB","@id":"https:\/\/kuuloasi.fi\/tuote\/siemens-click-dome-tulppaani-tippi\/#primaryimage","url":"https:\/\/kuuloasi.fi\/wp-content\/uploads\/2025\/12\/3SA426027.jpg","contentUrl":"https:\/\/kuuloasi.fi\/wp-content\/uploads\/2025\/12\/3SA426027.jpg","width":1042,"height":1042},{"@type":"BreadcrumbList","@id":"https:\/\/kuuloasi.fi\/tuote\/siemens-click-dome-tulppaani-tippi\/#breadcrumb","itemListElement":[{"@type":"ListItem","position":1,"name":"Etusivu","item":"https:\/\/kuuloasi.fi\/"},{"@type":"ListItem","position":2,"name":"Kauppa","item":"https:\/\/kuuloasi.fi\/kauppa\/"},{"@type":"ListItem","position":3,"name":"Siemens Click Dome tulppaani tippi"}]},{"@type":"WebSite","@id":"https:\/\/kuuloasi.fi\/#website","url":"https:\/\/kuuloasi.fi\/","name":"hearing.co.uk","description":"","potentialAction":[{"@type":"SearchAction","target":{"@type":"EntryPoint","urlTemplate":"https:\/\/kuuloasi.fi\/?s={search_term_string}"},"query-input":{"@type":"PropertyValueSpecification","valueRequired":true,"valueName":"search_term_string"}}],"inLanguage":"en-GB"}]}},"_links":{"self":[{"href":"https:\/\/kuuloasi.fi\/en\/wp-json\/wp\/v2\/product\/740","targetHints":{"allow":["GET"]}}],"collection":[{"href":"https:\/\/kuuloasi.fi\/en\/wp-json\/wp\/v2\/product"}],"about":[{"href":"https:\/\/kuuloasi.fi\/en\/wp-json\/wp\/v2\/types\/product"}],"replies":[{"embeddable":true,"href":"https:\/\/kuuloasi.fi\/en\/wp-json\/wp\/v2\/comments?post=740"}],"wp:featuredmedia":[{"embeddable":true,"href":"https:\/\/kuuloasi.fi\/en\/wp-json\/wp\/v2\/media\/739"}],"wp:attachment":[{"href":"https:\/\/kuuloasi.fi\/en\/wp-json\/wp\/v2\/media?parent=740"}],"wp:term":[{"taxonomy":"product_brand","embeddable":true,"href":"https:\/\/kuuloasi.fi\/en\/wp-json\/wp\/v2\/product_brand?post=740"},{"taxonomy":"product_cat","embeddable":true,"href":"https:\/\/kuuloasi.fi\/en\/wp-json\/wp\/v2\/product_cat?post=740"},{"taxonomy":"product_tag","embeddable":true,"href":"https:\/\/kuuloasi.fi\/en\/wp-json\/wp\/v2\/product_tag?post=740"}],"curies":[{"name":"wp","href":"https:\/\/api.w.org\/{rel}","templated":true}]}}