{"id":720,"date":"2025-12-04T08:34:45","date_gmt":"2025-12-04T08:34:45","guid":{"rendered":"https:\/\/kuuloasi.fi\/?post_type=product&#038;p=720"},"modified":"2026-03-17T19:52:17","modified_gmt":"2026-03-17T19:52:17","slug":"siemens-click-dome-avoin-tippi","status":"publish","type":"product","link":"https:\/\/kuuloasi.fi\/en\/product\/siemens-click-dome-avoin-tippi\/","title":{"rendered":"Siemens Click Dome open dome"},"content":{"rendered":"<p><strong>Siemens Click Dome open dome fitting<\/strong><\/p>\n<p>&nbsp;<\/p>\n<p>Siemens click Dome series open tip adapter for use with Siemens, Signia and Rextone brand hearing aids. The adapter is attached to the earpiece by pressing on the earpiece. It is soft and comfortable to wear on the ear. Replacing the adaptor is part of the maintenance of the hearing aid and the adaptor should be replaced when necessary.<\/p>\n<p>&nbsp;<\/p>\n<p>The open fit is breathable in the ear and therefore very comfortable to wear. The open design also reduces the echo of your own voice compared to, for example, a closed tip. We recommend that you always discuss with your audiologist before changing the model, as the model depends very much on the person's hearing.<\/p>\n<p>&nbsp;<\/p>\n<p>The Click tip is available in three different sizes (4mm, 8mm, 10mm). Select the drop-down menu to choose the size that suits you.<\/p>\n<p>&nbsp;<\/p>\n<p>The drops are sold in packs of 6.<\/p>","protected":false},"excerpt":{"rendered":"<p>Siemens click Dome series open tip adapter for use with Siemens, Signia and Rextone brand hearing aids. The adapter is attached to the earpiece by pressing on the earpiece. It is soft and comfortable to wear on the ear. Replacing the adaptor is part of the maintenance of the hearing aid and the adaptor should be replaced when necessary.<\/p>","protected":false},"featured_media":722,"comment_status":"closed","ping_status":"closed","template":"","meta":{"_acf_changed":false},"product_brand":[],"product_cat":[72,22],"product_tag":[113,111,77],"class_list":{"0":"post-720","1":"product","2":"type-product","3":"status-publish","4":"has-post-thumbnail","6":"product_cat-signia","7":"product_cat-varaosat","8":"product_tag-siemens","9":"product_tag-signia","10":"product_tag-tippi","12":"first","13":"instock","14":"taxable","15":"shipping-taxable","16":"purchasable","17":"product-type-variable"},"acf":[],"yoast_head":"<!-- This site is optimized with the Yoast SEO plugin v27.4 - https:\/\/yoast.com\/product\/yoast-seo-wordpress\/ -->\n<title>Siemens Click Dome avoin tippi - kuuloasi.fi<\/title>\n<meta name=\"robots\" content=\"index, follow, max-snippet:-1, max-image-preview:large, max-video-preview:-1\" \/>\n<link rel=\"canonical\" href=\"https:\/\/kuuloasi.fi\/en\/product\/siemens-click-dome-avoin-tippi\/\" \/>\n<meta property=\"og:locale\" content=\"en_GB\" \/>\n<meta property=\"og:type\" content=\"article\" \/>\n<meta property=\"og:title\" content=\"Siemens Click Dome avoin tippi - kuuloasi.fi\" \/>\n<meta property=\"og:description\" content=\"Siemens click Dome sarjan avoin tippi sovite joka k\u00e4y Siemens, Signia ja Rextone merkkisten kuulolaitteiden kuulokkeihin. Sovite kiinnitet\u00e4\u00e4n kuulokkeen p\u00e4h\u00e4n painamalla. Sovite on pehme\u00e4 ja mukava k\u00e4ytt\u00e4\u00e4 korvassa. Sovitteen vaihtaminen on osa kuulokojeen huoltamista ja sovite tulee vaihtaa tarvittaessa.\" \/>\n<meta property=\"og:url\" content=\"https:\/\/kuuloasi.fi\/en\/product\/siemens-click-dome-avoin-tippi\/\" \/>\n<meta property=\"og:site_name\" content=\"kuuloasi.fi\" \/>\n<meta property=\"article:modified_time\" content=\"2026-03-17T19:52:17+00:00\" \/>\n<meta property=\"og:image\" content=\"https:\/\/kuuloasi.fi\/wp-content\/uploads\/2025\/12\/Connexx_Click-dome-o-10mm-open.jpg\" \/>\n\t<meta property=\"og:image:width\" content=\"886\" \/>\n\t<meta property=\"og:image:height\" content=\"661\" \/>\n\t<meta property=\"og:image:type\" content=\"image\/jpeg\" \/>\n<meta name=\"twitter:card\" content=\"summary_large_image\" \/>\n<meta name=\"twitter:label1\" content=\"Estimated reading time\" \/>\n\t<meta name=\"twitter:data1\" content=\"1 minute\" \/>\n<script type=\"application\/ld+json\" class=\"yoast-schema-graph\">{\"@context\":\"https:\\\/\\\/schema.org\",\"@graph\":[{\"@type\":\"WebPage\",\"@id\":\"https:\\\/\\\/kuuloasi.fi\\\/tuote\\\/siemens-click-dome-avoin-tippi\\\/\",\"url\":\"https:\\\/\\\/kuuloasi.fi\\\/tuote\\\/siemens-click-dome-avoin-tippi\\\/\",\"name\":\"Siemens Click Dome avoin tippi - kuuloasi.fi\",\"isPartOf\":{\"@id\":\"https:\\\/\\\/kuuloasi.fi\\\/#website\"},\"primaryImageOfPage\":{\"@id\":\"https:\\\/\\\/kuuloasi.fi\\\/tuote\\\/siemens-click-dome-avoin-tippi\\\/#primaryimage\"},\"image\":{\"@id\":\"https:\\\/\\\/kuuloasi.fi\\\/tuote\\\/siemens-click-dome-avoin-tippi\\\/#primaryimage\"},\"thumbnailUrl\":\"https:\\\/\\\/kuuloasi.fi\\\/wp-content\\\/uploads\\\/2025\\\/12\\\/Connexx_Click-dome-o-10mm-open.jpg\",\"datePublished\":\"2025-12-04T08:34:45+00:00\",\"dateModified\":\"2026-03-17T19:52:17+00:00\",\"breadcrumb\":{\"@id\":\"https:\\\/\\\/kuuloasi.fi\\\/tuote\\\/siemens-click-dome-avoin-tippi\\\/#breadcrumb\"},\"inLanguage\":\"en-GB\",\"potentialAction\":[{\"@type\":\"ReadAction\",\"target\":[\"https:\\\/\\\/kuuloasi.fi\\\/tuote\\\/siemens-click-dome-avoin-tippi\\\/\"]}]},{\"@type\":\"ImageObject\",\"inLanguage\":\"en-GB\",\"@id\":\"https:\\\/\\\/kuuloasi.fi\\\/tuote\\\/siemens-click-dome-avoin-tippi\\\/#primaryimage\",\"url\":\"https:\\\/\\\/kuuloasi.fi\\\/wp-content\\\/uploads\\\/2025\\\/12\\\/Connexx_Click-dome-o-10mm-open.jpg\",\"contentUrl\":\"https:\\\/\\\/kuuloasi.fi\\\/wp-content\\\/uploads\\\/2025\\\/12\\\/Connexx_Click-dome-o-10mm-open.jpg\",\"width\":886,\"height\":661},{\"@type\":\"BreadcrumbList\",\"@id\":\"https:\\\/\\\/kuuloasi.fi\\\/tuote\\\/siemens-click-dome-avoin-tippi\\\/#breadcrumb\",\"itemListElement\":[{\"@type\":\"ListItem\",\"position\":1,\"name\":\"Etusivu\",\"item\":\"https:\\\/\\\/kuuloasi.fi\\\/\"},{\"@type\":\"ListItem\",\"position\":2,\"name\":\"Kauppa\",\"item\":\"https:\\\/\\\/kuuloasi.fi\\\/kauppa\\\/\"},{\"@type\":\"ListItem\",\"position\":3,\"name\":\"Siemens Click Dome avoin tippi\"}]},{\"@type\":\"WebSite\",\"@id\":\"https:\\\/\\\/kuuloasi.fi\\\/#website\",\"url\":\"https:\\\/\\\/kuuloasi.fi\\\/\",\"name\":\"kuuloasi.fi\",\"description\":\"\",\"potentialAction\":[{\"@type\":\"SearchAction\",\"target\":{\"@type\":\"EntryPoint\",\"urlTemplate\":\"https:\\\/\\\/kuuloasi.fi\\\/?s={search_term_string}\"},\"query-input\":{\"@type\":\"PropertyValueSpecification\",\"valueRequired\":true,\"valueName\":\"search_term_string\"}}],\"inLanguage\":\"en-GB\"}]}<\/script>\n<!-- \/ Yoast SEO plugin. -->","yoast_head_json":{"title":"Siemens Click Dome avoin tippi - kuuloasi.fi","robots":{"index":"index","follow":"follow","max-snippet":"max-snippet:-1","max-image-preview":"max-image-preview:large","max-video-preview":"max-video-preview:-1"},"canonical":"https:\/\/kuuloasi.fi\/en\/product\/siemens-click-dome-avoin-tippi\/","og_locale":"en_GB","og_type":"article","og_title":"Siemens Click Dome avoin tippi - kuuloasi.fi","og_description":"Siemens click Dome sarjan avoin tippi sovite joka k\u00e4y Siemens, Signia ja Rextone merkkisten kuulolaitteiden kuulokkeihin. Sovite kiinnitet\u00e4\u00e4n kuulokkeen p\u00e4h\u00e4n painamalla. Sovite on pehme\u00e4 ja mukava k\u00e4ytt\u00e4\u00e4 korvassa. Sovitteen vaihtaminen on osa kuulokojeen huoltamista ja sovite tulee vaihtaa tarvittaessa.","og_url":"https:\/\/kuuloasi.fi\/en\/product\/siemens-click-dome-avoin-tippi\/","og_site_name":"kuuloasi.fi","article_modified_time":"2026-03-17T19:52:17+00:00","og_image":[{"width":886,"height":661,"url":"https:\/\/kuuloasi.fi\/wp-content\/uploads\/2025\/12\/Connexx_Click-dome-o-10mm-open.jpg","type":"image\/jpeg"}],"twitter_card":"summary_large_image","twitter_misc":{"Estimated reading time":"1 minute"},"schema":{"@context":"https:\/\/schema.org","@graph":[{"@type":"WebPage","@id":"https:\/\/kuuloasi.fi\/tuote\/siemens-click-dome-avoin-tippi\/","url":"https:\/\/kuuloasi.fi\/tuote\/siemens-click-dome-avoin-tippi\/","name":"Siemens Click Dome avoin tippi - kuuloasi.fi","isPartOf":{"@id":"https:\/\/kuuloasi.fi\/#website"},"primaryImageOfPage":{"@id":"https:\/\/kuuloasi.fi\/tuote\/siemens-click-dome-avoin-tippi\/#primaryimage"},"image":{"@id":"https:\/\/kuuloasi.fi\/tuote\/siemens-click-dome-avoin-tippi\/#primaryimage"},"thumbnailUrl":"https:\/\/kuuloasi.fi\/wp-content\/uploads\/2025\/12\/Connexx_Click-dome-o-10mm-open.jpg","datePublished":"2025-12-04T08:34:45+00:00","dateModified":"2026-03-17T19:52:17+00:00","breadcrumb":{"@id":"https:\/\/kuuloasi.fi\/tuote\/siemens-click-dome-avoin-tippi\/#breadcrumb"},"inLanguage":"en-GB","potentialAction":[{"@type":"ReadAction","target":["https:\/\/kuuloasi.fi\/tuote\/siemens-click-dome-avoin-tippi\/"]}]},{"@type":"ImageObject","inLanguage":"en-GB","@id":"https:\/\/kuuloasi.fi\/tuote\/siemens-click-dome-avoin-tippi\/#primaryimage","url":"https:\/\/kuuloasi.fi\/wp-content\/uploads\/2025\/12\/Connexx_Click-dome-o-10mm-open.jpg","contentUrl":"https:\/\/kuuloasi.fi\/wp-content\/uploads\/2025\/12\/Connexx_Click-dome-o-10mm-open.jpg","width":886,"height":661},{"@type":"BreadcrumbList","@id":"https:\/\/kuuloasi.fi\/tuote\/siemens-click-dome-avoin-tippi\/#breadcrumb","itemListElement":[{"@type":"ListItem","position":1,"name":"Etusivu","item":"https:\/\/kuuloasi.fi\/"},{"@type":"ListItem","position":2,"name":"Kauppa","item":"https:\/\/kuuloasi.fi\/kauppa\/"},{"@type":"ListItem","position":3,"name":"Siemens Click Dome avoin tippi"}]},{"@type":"WebSite","@id":"https:\/\/kuuloasi.fi\/#website","url":"https:\/\/kuuloasi.fi\/","name":"hearing.co.uk","description":"","potentialAction":[{"@type":"SearchAction","target":{"@type":"EntryPoint","urlTemplate":"https:\/\/kuuloasi.fi\/?s={search_term_string}"},"query-input":{"@type":"PropertyValueSpecification","valueRequired":true,"valueName":"search_term_string"}}],"inLanguage":"en-GB"}]}},"_links":{"self":[{"href":"https:\/\/kuuloasi.fi\/en\/wp-json\/wp\/v2\/product\/720","targetHints":{"allow":["GET"]}}],"collection":[{"href":"https:\/\/kuuloasi.fi\/en\/wp-json\/wp\/v2\/product"}],"about":[{"href":"https:\/\/kuuloasi.fi\/en\/wp-json\/wp\/v2\/types\/product"}],"replies":[{"embeddable":true,"href":"https:\/\/kuuloasi.fi\/en\/wp-json\/wp\/v2\/comments?post=720"}],"wp:featuredmedia":[{"embeddable":true,"href":"https:\/\/kuuloasi.fi\/en\/wp-json\/wp\/v2\/media\/722"}],"wp:attachment":[{"href":"https:\/\/kuuloasi.fi\/en\/wp-json\/wp\/v2\/media?parent=720"}],"wp:term":[{"taxonomy":"product_brand","embeddable":true,"href":"https:\/\/kuuloasi.fi\/en\/wp-json\/wp\/v2\/product_brand?post=720"},{"taxonomy":"product_cat","embeddable":true,"href":"https:\/\/kuuloasi.fi\/en\/wp-json\/wp\/v2\/product_cat?post=720"},{"taxonomy":"product_tag","embeddable":true,"href":"https:\/\/kuuloasi.fi\/en\/wp-json\/wp\/v2\/product_tag?post=720"}],"curies":[{"name":"wp","href":"https:\/\/api.w.org\/{rel}","templated":true}]}}