{"id":717,"date":"2025-12-03T16:43:46","date_gmt":"2025-12-03T16:43:46","guid":{"rendered":"https:\/\/kuuloasi.fi\/?post_type=product&#038;p=717"},"modified":"2026-03-17T19:45:46","modified_gmt":"2026-03-17T19:45:46","slug":"signia-minireceiver-vahasuoja","status":"publish","type":"product","link":"https:\/\/kuuloasi.fi\/en\/product\/signia-minireceiver-vahasuoja\/","title":{"rendered":"Signia miniReceiver wax guard"},"content":{"rendered":"<p><iframe title=\"Cerustop wax protector replacement for hearing aids\" width=\"800\" height=\"450\" src=\"https:\/\/www.youtube.com\/embed\/v93oyweIpB4?feature=oembed\" frameborder=\"0\" allow=\"accelerometer; autoplay; clipboard-write; encrypted-media; gyroscope; picture-in-picture; web-share\" referrerpolicy=\"strict-origin-when-cross-origin\" allowfullscreen><\/iframe><\/p>\n<h2 tabindex=\"0\" data-end=\"672\" data-start=\"648\">Product features<\/h2>\n<ul data-end=\"974\" data-start=\"674\">\n<li data-end=\"779\" data-start=\"674\">\n<p data-end=\"779\" data-start=\"676\">Compatible with\u00a0<strong data-end=\"699\" data-start=\"689\">Signia<\/strong>,\u00a0<strong data-end=\"712\" data-start=\"701\">Siemens<\/strong>\u00a0and\u00a0<strong data-end=\"770\" data-start=\"716\">Rexton RIC hearing aids miniReceiver hearing aids<\/strong>\u00a0with<\/p>\n<\/li>\n<li data-end=\"833\" data-start=\"780\">\n<p data-end=\"833\" data-start=\"782\">Prevents earwax from entering the hearing aid earpiece<\/p>\n<\/li>\n<li data-end=\"895\" data-start=\"834\">\n<p data-end=\"895\" data-start=\"836\">Extends the life of your equipment and reduces the need for maintenance<\/p>\n<\/li>\n<li data-end=\"949\" data-start=\"896\">\n<p data-end=\"949\" data-start=\"898\">Easy to change with the included wax protectors<\/p>\n<\/li>\n<li data-end=\"974\" data-start=\"950\">\n<p data-end=\"974\" data-start=\"952\">Convenient pack of 8<\/p>\n<\/li>\n<\/ul>\n<h2 tabindex=\"0\" data-end=\"1009\" data-start=\"981\"><\/h2>\n<h2 tabindex=\"0\" data-end=\"1009\" data-start=\"981\">Compatible hearing aids<\/h2>\n<ul data-end=\"1161\" data-start=\"1011\">\n<li data-end=\"1106\" data-start=\"1011\">\n<p data-end=\"1106\" data-start=\"1013\">Signia hearing aids (including Pure, Styletto and other models with miniReceiver)<\/p>\n<\/li>\n<li data-end=\"1134\" data-start=\"1107\">\n<p data-end=\"1134\" data-start=\"1109\">Siemens RIC hearing aids<\/p>\n<\/li>\n<li data-end=\"1161\" data-start=\"1135\">\n<p data-end=\"1161\" data-start=\"1137\">Rexton RIC hearing aids<\/p>\n<\/li>\n<\/ul>\n<h2 tabindex=\"0\" data-end=\"1206\" data-start=\"1168\"><\/h2>\n<h2 tabindex=\"0\" data-end=\"1206\" data-start=\"1168\">Why is it important to replace the wax guard?<\/h2>\n<p data-end=\"1256\" data-start=\"1208\">Earwax can block the hearing aid and cause:<\/p>\n<ul data-end=\"1337\" data-start=\"1257\">\n<li data-end=\"1280\" data-start=\"1257\">\n<p data-end=\"1280\" data-start=\"1259\">silencing of the voice<\/p>\n<\/li>\n<li data-end=\"1304\" data-start=\"1281\">\n<p data-end=\"1304\" data-start=\"1283\">sound distortion<\/p>\n<\/li>\n<li data-end=\"1337\" data-start=\"1305\">\n<p data-end=\"1337\" data-start=\"1307\">complete loss of sound<\/p>\n<\/li>\n<\/ul>\n<p data-end=\"1378\" data-start=\"1339\">Regularly replaced wax guard:<\/p>\n<ul data-end=\"1491\" data-start=\"1379\">\n<li data-end=\"1421\" data-start=\"1379\">\n<p data-end=\"1421\" data-start=\"1381\">keeps the sound clear and natural<\/p>\n<\/li>\n<li data-end=\"1456\" data-start=\"1422\">\n<p data-end=\"1456\" data-start=\"1424\">protects the hearing aid from damage<\/p>\n<\/li>\n<li data-end=\"1491\" data-start=\"1457\">\n<p data-end=\"1491\" data-start=\"1459\">reduce unnecessary maintenance visits<\/p>\n<\/li>\n<\/ul>\n<h2 tabindex=\"0\" data-end=\"1512\" data-start=\"1498\"><\/h2>\n<h2 tabindex=\"0\" data-end=\"1512\" data-start=\"1498\">Exchange guide<\/h2>\n<ol data-end=\"1803\" data-start=\"1514\">\n<li data-end=\"1552\" data-start=\"1514\">\n<p data-end=\"1552\" data-start=\"1517\">Take one wax stick from the box.<\/p>\n<\/li>\n<li data-end=\"1626\" data-start=\"1553\">\n<p data-end=\"1626\" data-start=\"1556\">Press the stick\u00a0<strong data-end=\"1581\" data-start=\"1568\">empty head<\/strong>\u00a0the old wax guard in the hearing aid.<\/p>\n<\/li>\n<li data-end=\"1671\" data-start=\"1627\">\n<p data-end=\"1671\" data-start=\"1630\">Use a stick to pull out the old wax guard.<\/p>\n<\/li>\n<li data-end=\"1733\" data-start=\"1672\">\n<p data-end=\"1733\" data-start=\"1675\">Turn the stick and insert\u00a0<strong data-end=\"1715\" data-start=\"1697\">new wax guard<\/strong>\u00a0to a hearing aid.<\/p>\n<\/li>\n<li data-end=\"1803\" data-start=\"1734\">\n<p data-end=\"1803\" data-start=\"1737\">Pull out the stick and make sure the new wax guard is in place.<\/p>\n<\/li>\n<\/ol>\n<h2 tabindex=\"0\" data-end=\"1900\" data-start=\"1859\">How often should the wax guard be replaced?<\/h2>\n<ul data-end=\"2079\" data-start=\"1902\">\n<li data-end=\"1952\" data-start=\"1902\">\n<p data-end=\"1952\" data-start=\"1904\">The recommended replacement interval is\u00a0<strong data-end=\"1950\" data-start=\"1929\">Every 4-8 weeks<\/strong><\/p>\n<\/li>\n<li data-end=\"2010\" data-start=\"1953\">\n<p data-end=\"2010\" data-start=\"1955\">Replace immediately if the sound becomes weaker, distorted or disappears<\/p>\n<\/li>\n<li data-end=\"2079\" data-start=\"2011\">\n<p data-end=\"2079\" data-start=\"2013\">Also replace if the wax guard looks dirty or clogged<\/p>\n<\/li>\n<\/ul>\n<h2 tabindex=\"0\" data-end=\"2099\" data-start=\"2086\"><\/h2>\n<h2 tabindex=\"0\" data-end=\"2099\" data-start=\"2086\">Summary<\/h2>\n<p data-end=\"2307\" data-start=\"2101\"><strong data-end=\"2134\" data-start=\"2101\">Signia miniReceiver wax guard<\/strong>\u00a0is an easy-to-use and reliable solution for protecting your hearing aids. It keeps your device reliable, extends its life and ensures the best possible sound quality.<\/p>","protected":false},"excerpt":{"rendered":"<p data-end=\"556\" data-start=\"335\"><strong data-end=\"368\" data-start=\"335\">Signia miniReceiver wax guard<\/strong>\u00a0protects the hearing aid from clogging caused by earwax, moisture and dirt. It helps to keep the hearing aid sound clear and the device reliable in daily use.<\/p>\n<p data-end=\"641\" data-start=\"558\">This pack contains\u00a0<strong data-end=\"602\" data-start=\"580\">8 wax sticks<\/strong>, which make replacement quick and easy.<\/p>","protected":false},"featured_media":718,"comment_status":"closed","ping_status":"closed","template":"","meta":{"_acf_changed":false},"product_brand":[],"product_cat":[72,22],"product_tag":[111,79],"class_list":{"0":"post-717","1":"product","2":"type-product","3":"status-publish","4":"has-post-thumbnail","6":"product_cat-signia","7":"product_cat-varaosat","8":"product_tag-signia","9":"product_tag-vahasuoja","11":"first","12":"instock","13":"taxable","14":"shipping-taxable","15":"purchasable","16":"product-type-simple"},"acf":[],"yoast_head":"<!-- This site is optimized with the Yoast SEO plugin v27.4 - https:\/\/yoast.com\/product\/yoast-seo-wordpress\/ -->\n<title>Signia miniReceiver vahasuoja - kuuloasi.fi<\/title>\n<meta name=\"robots\" content=\"index, follow, max-snippet:-1, max-image-preview:large, max-video-preview:-1\" \/>\n<link rel=\"canonical\" href=\"https:\/\/kuuloasi.fi\/en\/product\/signia-minireceiver-vahasuoja\/\" \/>\n<meta property=\"og:locale\" content=\"en_GB\" \/>\n<meta property=\"og:type\" content=\"article\" \/>\n<meta property=\"og:title\" content=\"Signia miniReceiver vahasuoja - kuuloasi.fi\" \/>\n<meta property=\"og:description\" content=\"Signia miniReceiver vahasuoja\u00a0suojaa kuulokojetta korvavahan, kosteuden ja lian aiheuttamilta tukkeutumisilta. Se auttaa s\u00e4ilytt\u00e4m\u00e4\u00e4n kuulokojeen \u00e4\u00e4nen selke\u00e4n\u00e4 ja laitteen toimintavarmuuden p\u00e4ivitt\u00e4isess\u00e4 k\u00e4yt\u00f6ss\u00e4. T\u00e4m\u00e4 pakkaus sis\u00e4lt\u00e4\u00e4\u00a08 vahasuojatikkuja, joilla vaihto on helppoa ja nopeaa.\" \/>\n<meta property=\"og:url\" content=\"https:\/\/kuuloasi.fi\/en\/product\/signia-minireceiver-vahasuoja\/\" \/>\n<meta property=\"og:site_name\" content=\"kuuloasi.fi\" \/>\n<meta property=\"article:modified_time\" content=\"2026-03-17T19:45:46+00:00\" \/>\n<meta property=\"og:image\" content=\"https:\/\/kuuloasi.fi\/wp-content\/uploads\/2025\/12\/736118-miniReceiver-wax-guard-8-768x768-1.jpg\" \/>\n\t<meta property=\"og:image:width\" content=\"768\" \/>\n\t<meta property=\"og:image:height\" content=\"768\" \/>\n\t<meta property=\"og:image:type\" content=\"image\/jpeg\" \/>\n<meta name=\"twitter:card\" content=\"summary_large_image\" \/>\n<meta name=\"twitter:label1\" content=\"Estimated reading time\" \/>\n\t<meta name=\"twitter:data1\" content=\"1 minute\" \/>\n<script type=\"application\/ld+json\" class=\"yoast-schema-graph\">{\"@context\":\"https:\\\/\\\/schema.org\",\"@graph\":[{\"@type\":\"WebPage\",\"@id\":\"https:\\\/\\\/kuuloasi.fi\\\/tuote\\\/signia-minireceiver-vahasuoja\\\/\",\"url\":\"https:\\\/\\\/kuuloasi.fi\\\/tuote\\\/signia-minireceiver-vahasuoja\\\/\",\"name\":\"Signia miniReceiver vahasuoja - kuuloasi.fi\",\"isPartOf\":{\"@id\":\"https:\\\/\\\/kuuloasi.fi\\\/#website\"},\"primaryImageOfPage\":{\"@id\":\"https:\\\/\\\/kuuloasi.fi\\\/tuote\\\/signia-minireceiver-vahasuoja\\\/#primaryimage\"},\"image\":{\"@id\":\"https:\\\/\\\/kuuloasi.fi\\\/tuote\\\/signia-minireceiver-vahasuoja\\\/#primaryimage\"},\"thumbnailUrl\":\"https:\\\/\\\/kuuloasi.fi\\\/wp-content\\\/uploads\\\/2025\\\/12\\\/736118-miniReceiver-wax-guard-8-768x768-1.jpg\",\"datePublished\":\"2025-12-03T16:43:46+00:00\",\"dateModified\":\"2026-03-17T19:45:46+00:00\",\"breadcrumb\":{\"@id\":\"https:\\\/\\\/kuuloasi.fi\\\/tuote\\\/signia-minireceiver-vahasuoja\\\/#breadcrumb\"},\"inLanguage\":\"en-GB\",\"potentialAction\":[{\"@type\":\"ReadAction\",\"target\":[\"https:\\\/\\\/kuuloasi.fi\\\/tuote\\\/signia-minireceiver-vahasuoja\\\/\"]}]},{\"@type\":\"ImageObject\",\"inLanguage\":\"en-GB\",\"@id\":\"https:\\\/\\\/kuuloasi.fi\\\/tuote\\\/signia-minireceiver-vahasuoja\\\/#primaryimage\",\"url\":\"https:\\\/\\\/kuuloasi.fi\\\/wp-content\\\/uploads\\\/2025\\\/12\\\/736118-miniReceiver-wax-guard-8-768x768-1.jpg\",\"contentUrl\":\"https:\\\/\\\/kuuloasi.fi\\\/wp-content\\\/uploads\\\/2025\\\/12\\\/736118-miniReceiver-wax-guard-8-768x768-1.jpg\",\"width\":768,\"height\":768},{\"@type\":\"BreadcrumbList\",\"@id\":\"https:\\\/\\\/kuuloasi.fi\\\/tuote\\\/signia-minireceiver-vahasuoja\\\/#breadcrumb\",\"itemListElement\":[{\"@type\":\"ListItem\",\"position\":1,\"name\":\"Etusivu\",\"item\":\"https:\\\/\\\/kuuloasi.fi\\\/\"},{\"@type\":\"ListItem\",\"position\":2,\"name\":\"Kauppa\",\"item\":\"https:\\\/\\\/kuuloasi.fi\\\/kauppa\\\/\"},{\"@type\":\"ListItem\",\"position\":3,\"name\":\"Signia miniReceiver vahasuoja\"}]},{\"@type\":\"WebSite\",\"@id\":\"https:\\\/\\\/kuuloasi.fi\\\/#website\",\"url\":\"https:\\\/\\\/kuuloasi.fi\\\/\",\"name\":\"kuuloasi.fi\",\"description\":\"\",\"potentialAction\":[{\"@type\":\"SearchAction\",\"target\":{\"@type\":\"EntryPoint\",\"urlTemplate\":\"https:\\\/\\\/kuuloasi.fi\\\/?s={search_term_string}\"},\"query-input\":{\"@type\":\"PropertyValueSpecification\",\"valueRequired\":true,\"valueName\":\"search_term_string\"}}],\"inLanguage\":\"en-GB\"}]}<\/script>\n<!-- \/ Yoast SEO plugin. -->","yoast_head_json":{"title":"Signia miniReceiver vahasuoja - kuuloasi.fi","robots":{"index":"index","follow":"follow","max-snippet":"max-snippet:-1","max-image-preview":"max-image-preview:large","max-video-preview":"max-video-preview:-1"},"canonical":"https:\/\/kuuloasi.fi\/en\/product\/signia-minireceiver-vahasuoja\/","og_locale":"en_GB","og_type":"article","og_title":"Signia miniReceiver vahasuoja - kuuloasi.fi","og_description":"Signia miniReceiver vahasuoja\u00a0suojaa kuulokojetta korvavahan, kosteuden ja lian aiheuttamilta tukkeutumisilta. Se auttaa s\u00e4ilytt\u00e4m\u00e4\u00e4n kuulokojeen \u00e4\u00e4nen selke\u00e4n\u00e4 ja laitteen toimintavarmuuden p\u00e4ivitt\u00e4isess\u00e4 k\u00e4yt\u00f6ss\u00e4. T\u00e4m\u00e4 pakkaus sis\u00e4lt\u00e4\u00e4\u00a08 vahasuojatikkuja, joilla vaihto on helppoa ja nopeaa.","og_url":"https:\/\/kuuloasi.fi\/en\/product\/signia-minireceiver-vahasuoja\/","og_site_name":"kuuloasi.fi","article_modified_time":"2026-03-17T19:45:46+00:00","og_image":[{"width":768,"height":768,"url":"https:\/\/kuuloasi.fi\/wp-content\/uploads\/2025\/12\/736118-miniReceiver-wax-guard-8-768x768-1.jpg","type":"image\/jpeg"}],"twitter_card":"summary_large_image","twitter_misc":{"Estimated reading time":"1 minute"},"schema":{"@context":"https:\/\/schema.org","@graph":[{"@type":"WebPage","@id":"https:\/\/kuuloasi.fi\/tuote\/signia-minireceiver-vahasuoja\/","url":"https:\/\/kuuloasi.fi\/tuote\/signia-minireceiver-vahasuoja\/","name":"Signia miniReceiver vahasuoja - kuuloasi.fi","isPartOf":{"@id":"https:\/\/kuuloasi.fi\/#website"},"primaryImageOfPage":{"@id":"https:\/\/kuuloasi.fi\/tuote\/signia-minireceiver-vahasuoja\/#primaryimage"},"image":{"@id":"https:\/\/kuuloasi.fi\/tuote\/signia-minireceiver-vahasuoja\/#primaryimage"},"thumbnailUrl":"https:\/\/kuuloasi.fi\/wp-content\/uploads\/2025\/12\/736118-miniReceiver-wax-guard-8-768x768-1.jpg","datePublished":"2025-12-03T16:43:46+00:00","dateModified":"2026-03-17T19:45:46+00:00","breadcrumb":{"@id":"https:\/\/kuuloasi.fi\/tuote\/signia-minireceiver-vahasuoja\/#breadcrumb"},"inLanguage":"en-GB","potentialAction":[{"@type":"ReadAction","target":["https:\/\/kuuloasi.fi\/tuote\/signia-minireceiver-vahasuoja\/"]}]},{"@type":"ImageObject","inLanguage":"en-GB","@id":"https:\/\/kuuloasi.fi\/tuote\/signia-minireceiver-vahasuoja\/#primaryimage","url":"https:\/\/kuuloasi.fi\/wp-content\/uploads\/2025\/12\/736118-miniReceiver-wax-guard-8-768x768-1.jpg","contentUrl":"https:\/\/kuuloasi.fi\/wp-content\/uploads\/2025\/12\/736118-miniReceiver-wax-guard-8-768x768-1.jpg","width":768,"height":768},{"@type":"BreadcrumbList","@id":"https:\/\/kuuloasi.fi\/tuote\/signia-minireceiver-vahasuoja\/#breadcrumb","itemListElement":[{"@type":"ListItem","position":1,"name":"Etusivu","item":"https:\/\/kuuloasi.fi\/"},{"@type":"ListItem","position":2,"name":"Kauppa","item":"https:\/\/kuuloasi.fi\/kauppa\/"},{"@type":"ListItem","position":3,"name":"Signia miniReceiver vahasuoja"}]},{"@type":"WebSite","@id":"https:\/\/kuuloasi.fi\/#website","url":"https:\/\/kuuloasi.fi\/","name":"hearing.co.uk","description":"","potentialAction":[{"@type":"SearchAction","target":{"@type":"EntryPoint","urlTemplate":"https:\/\/kuuloasi.fi\/?s={search_term_string}"},"query-input":{"@type":"PropertyValueSpecification","valueRequired":true,"valueName":"search_term_string"}}],"inLanguage":"en-GB"}]}},"_links":{"self":[{"href":"https:\/\/kuuloasi.fi\/en\/wp-json\/wp\/v2\/product\/717","targetHints":{"allow":["GET"]}}],"collection":[{"href":"https:\/\/kuuloasi.fi\/en\/wp-json\/wp\/v2\/product"}],"about":[{"href":"https:\/\/kuuloasi.fi\/en\/wp-json\/wp\/v2\/types\/product"}],"replies":[{"embeddable":true,"href":"https:\/\/kuuloasi.fi\/en\/wp-json\/wp\/v2\/comments?post=717"}],"wp:featuredmedia":[{"embeddable":true,"href":"https:\/\/kuuloasi.fi\/en\/wp-json\/wp\/v2\/media\/718"}],"wp:attachment":[{"href":"https:\/\/kuuloasi.fi\/en\/wp-json\/wp\/v2\/media?parent=717"}],"wp:term":[{"taxonomy":"product_brand","embeddable":true,"href":"https:\/\/kuuloasi.fi\/en\/wp-json\/wp\/v2\/product_brand?post=717"},{"taxonomy":"product_cat","embeddable":true,"href":"https:\/\/kuuloasi.fi\/en\/wp-json\/wp\/v2\/product_cat?post=717"},{"taxonomy":"product_tag","embeddable":true,"href":"https:\/\/kuuloasi.fi\/en\/wp-json\/wp\/v2\/product_tag?post=717"}],"curies":[{"name":"wp","href":"https:\/\/api.w.org\/{rel}","templated":true}]}}