{"id":714,"date":"2025-12-03T16:43:38","date_gmt":"2025-12-03T16:43:38","guid":{"rendered":"https:\/\/kuuloasi.fi\/?post_type=product&#038;p=714"},"modified":"2026-04-15T16:27:14","modified_gmt":"2026-04-15T16:27:14","slug":"signia-quickguard-vahasuoja","status":"publish","type":"product","link":"https:\/\/kuuloasi.fi\/en\/product\/signia-quickguard-vahasuoja\/","title":{"rendered":"Signia QuickGuard wax guard"},"content":{"rendered":"<p><iframe title=\"Cerustop wax protector replacement for hearing aids\" width=\"800\" height=\"450\" src=\"https:\/\/www.youtube.com\/embed\/v93oyweIpB4?feature=oembed\" frameborder=\"0\" allow=\"accelerometer; autoplay; clipboard-write; encrypted-media; gyroscope; picture-in-picture; web-share\" referrerpolicy=\"strict-origin-when-cross-origin\" allowfullscreen><\/iframe><\/p>\n<h2 tabindex=\"0\" data-end=\"717\" data-start=\"693\">Product features<\/h2>\n<ul data-end=\"977\" data-start=\"719\">\n<li data-end=\"785\" data-start=\"719\">\n<p data-end=\"785\" data-start=\"721\">Prevents earwax and moisture from entering the hearing aid earpiece<\/p>\n<\/li>\n<li data-end=\"845\" data-start=\"786\">\n<p data-end=\"845\" data-start=\"788\">Reduces the need for maintenance and extends the life of the equipment<\/p>\n<\/li>\n<li data-end=\"948\" data-start=\"846\">\n<p data-end=\"948\" data-start=\"848\">Easy-to-use replacement sticks - one end with an empty branch for removing the old one, the other with a new wax guard<\/p>\n<\/li>\n<li data-end=\"977\" data-start=\"949\">\n<p data-end=\"977\" data-start=\"951\">Convenient\u00a0<strong data-end=\"975\" data-start=\"958\">Pack of 8<\/strong><\/p>\n<\/li>\n<\/ul>\n<h2 tabindex=\"0\" data-end=\"1001\" data-start=\"984\"><\/h2>\n<h2 tabindex=\"0\" data-end=\"1001\" data-start=\"984\">Compatibility<\/h2>\n<ul data-end=\"1198\" data-start=\"1003\">\n<li data-end=\"1056\" data-start=\"1003\">\n<p data-end=\"1056\" data-start=\"1005\"><strong data-end=\"1015\" data-start=\"1005\">Signia<\/strong>,\u00a0<strong data-end=\"1028\" data-start=\"1017\">Siemens<\/strong>\u00a0and\u00a0<strong data-end=\"1042\" data-start=\"1032\">Rexton<\/strong>\u00a0hearing aids<\/p>\n<\/li>\n<li data-end=\"1133\" data-start=\"1057\">\n<p data-end=\"1133\" data-start=\"1059\">Also suitable for many hearing aids with HF-3 or HF-4 wax protectors<\/p>\n<\/li>\n<\/ul>\n<h2 tabindex=\"0\" data-end=\"1243\" data-start=\"1205\"><\/h2>\n<h2 tabindex=\"0\" data-end=\"1243\" data-start=\"1205\">Why is it important to replace the wax guard?<\/h2>\n<p data-end=\"1345\" data-start=\"1245\">A blocked wax seal is the most common cause of hearing aid malfunction. Replacing the wax protector is preventive:<\/p>\n<ul data-end=\"1431\" data-start=\"1346\">\n<li data-end=\"1369\" data-start=\"1346\">\n<p data-end=\"1369\" data-start=\"1348\">loss of sound<\/p>\n<\/li>\n<li data-end=\"1393\" data-start=\"1370\">\n<p data-end=\"1393\" data-start=\"1372\">sound distortion<\/p>\n<\/li>\n<li data-end=\"1431\" data-start=\"1394\">\n<p data-end=\"1431\" data-start=\"1396\">complete silencing of the device<\/p>\n<\/li>\n<\/ul>\n<p data-end=\"1522\" data-start=\"1433\">A regularly replaced wax protector will keep the sound clear and the hearing aid working reliably.<\/p>\n<h2 tabindex=\"0\" data-end=\"1543\" data-start=\"1529\"><\/h2>\n<h2 tabindex=\"0\" data-end=\"1543\" data-start=\"1529\">Exchange guide<\/h2>\n<ol data-end=\"1830\" data-start=\"1545\">\n<li data-end=\"1587\" data-start=\"1545\">\n<p data-end=\"1587\" data-start=\"1548\">Take one wax stick from the package.<\/p>\n<\/li>\n<li data-end=\"1677\" data-start=\"1588\">\n<p data-end=\"1677\" data-start=\"1591\">Press the stick\u00a0<strong data-end=\"1616\" data-start=\"1603\">empty head<\/strong>\u00a0the old wax protector in the hearing aid and pull it out.<\/p>\n<\/li>\n<li data-end=\"1739\" data-start=\"1678\">\n<p data-end=\"1739\" data-start=\"1681\">Turn the stick and insert\u00a0<strong data-end=\"1721\" data-start=\"1703\">new wax guard<\/strong>\u00a0to a hearing aid.<\/p>\n<\/li>\n<li data-end=\"1830\" data-start=\"1740\">\n<p data-end=\"1830\" data-start=\"1743\">Carefully pull out the stick and make sure that the new wax guard is firmly in place.<\/p>\n<\/li>\n<\/ol>\n<p data-end=\"1879\" data-start=\"1832\">How often should the wax guard be replaced?<\/p>\n<ul data-end=\"2141\" data-start=\"1929\">\n<li data-end=\"1979\" data-start=\"1929\">\n<p data-end=\"1979\" data-start=\"1931\">The recommended replacement interval is\u00a0<strong data-end=\"1977\" data-start=\"1956\">Every 4-8 weeks<\/strong><\/p>\n<\/li>\n<li data-end=\"2070\" data-start=\"1980\">\n<p data-end=\"2070\" data-start=\"1982\">Replace immediately if the hearing aid sound becomes muffled, distorted or disappears completely<\/p>\n<\/li>\n<li data-end=\"2141\" data-start=\"2071\">\n<p data-end=\"2141\" data-start=\"2073\">Also replace if the wax guard looks dirty or clogged<\/p>\n<\/li>\n<\/ul>\n<h2 tabindex=\"0\" data-end=\"2161\" data-start=\"2148\"><\/h2>\n<h2 tabindex=\"0\" data-end=\"2161\" data-start=\"2148\">Summary<\/h2>\n<p data-end=\"2369\" data-start=\"2163\"><strong data-end=\"2194\" data-start=\"2163\">Signia QuickGuard wax guard<\/strong>\u00a0keep your hearing aids clean and in good working order. It is easy to replace, compatible with a wide range of hearing aids and designed to replace the old HF-3 and HF-4 wax protectors.<\/p>\n<p>&nbsp;<\/p>","protected":false},"excerpt":{"rendered":"<p data-end=\"577\" data-start=\"342\"><strong data-end=\"373\" data-start=\"342\">Signia QuickGuard wax guard<\/strong>\u00a0is a reliable solution for protecting your hearing aid from earwax and dirt blockages. A small but important accessory that helps maintain clear sound quality and reliability.<\/p>\n<p data-end=\"686\" data-start=\"579\">This pack contains\u00a0<strong data-end=\"623\" data-start=\"601\">8 wax sticks<\/strong>, which allow easy replacement at home without a service visit.<\/p>\n<h2 tabindex=\"0\" data-end=\"717\" data-start=\"693\"><\/h2>","protected":false},"featured_media":715,"comment_status":"closed","ping_status":"closed","template":"","meta":{"_acf_changed":false},"product_brand":[],"product_cat":[72,22],"product_tag":[111,79],"class_list":{"0":"post-714","1":"product","2":"type-product","3":"status-publish","4":"has-post-thumbnail","6":"product_cat-signia","7":"product_cat-varaosat","8":"product_tag-signia","9":"product_tag-vahasuoja","11":"first","12":"instock","13":"taxable","14":"shipping-taxable","15":"purchasable","16":"product-type-simple"},"acf":[],"yoast_head":"<!-- This site is optimized with the Yoast SEO plugin v27.4 - https:\/\/yoast.com\/product\/yoast-seo-wordpress\/ -->\n<title>Signia QuickGuard vahasuoja - kuuloasi.fi<\/title>\n<meta name=\"robots\" content=\"index, follow, max-snippet:-1, max-image-preview:large, max-video-preview:-1\" \/>\n<link rel=\"canonical\" href=\"https:\/\/kuuloasi.fi\/en\/product\/signia-quickguard-vahasuoja\/\" \/>\n<meta property=\"og:locale\" content=\"en_GB\" \/>\n<meta property=\"og:type\" content=\"article\" \/>\n<meta property=\"og:title\" content=\"Signia QuickGuard vahasuoja - kuuloasi.fi\" \/>\n<meta property=\"og:description\" content=\"Signia QuickGuard vahasuoja\u00a0on luotettava ratkaisu kuulokojeen suojaamiseen korvavahan ja lian aiheuttamilta tukkeutumisilta. Pieni mutta t\u00e4rke\u00e4 lis\u00e4varuste auttaa s\u00e4ilytt\u00e4m\u00e4\u00e4n \u00e4\u00e4nenlaadun kirkkaana ja laitteen toimintavarmuuden. T\u00e4m\u00e4 pakkaus sis\u00e4lt\u00e4\u00e4\u00a08 vahasuojatikkuja, joilla vaihto onnistuu helposti kotona ilman huoltok\u00e4ynti\u00e4.\" \/>\n<meta property=\"og:url\" content=\"https:\/\/kuuloasi.fi\/en\/product\/signia-quickguard-vahasuoja\/\" \/>\n<meta property=\"og:site_name\" content=\"kuuloasi.fi\" \/>\n<meta property=\"article:modified_time\" content=\"2026-04-15T16:27:14+00:00\" \/>\n<meta property=\"og:image\" content=\"https:\/\/kuuloasi.fi\/wp-content\/uploads\/2025\/12\/quickguards.jpg\" \/>\n\t<meta property=\"og:image:width\" content=\"300\" \/>\n\t<meta property=\"og:image:height\" content=\"300\" \/>\n\t<meta property=\"og:image:type\" content=\"image\/jpeg\" \/>\n<meta name=\"twitter:card\" content=\"summary_large_image\" \/>\n<meta name=\"twitter:label1\" content=\"Estimated reading time\" \/>\n\t<meta name=\"twitter:data1\" content=\"1 minute\" \/>\n<script type=\"application\/ld+json\" class=\"yoast-schema-graph\">{\"@context\":\"https:\\\/\\\/schema.org\",\"@graph\":[{\"@type\":\"WebPage\",\"@id\":\"https:\\\/\\\/kuuloasi.fi\\\/tuote\\\/signia-quickguard-vahasuoja\\\/\",\"url\":\"https:\\\/\\\/kuuloasi.fi\\\/tuote\\\/signia-quickguard-vahasuoja\\\/\",\"name\":\"Signia QuickGuard vahasuoja - kuuloasi.fi\",\"isPartOf\":{\"@id\":\"https:\\\/\\\/kuuloasi.fi\\\/#website\"},\"primaryImageOfPage\":{\"@id\":\"https:\\\/\\\/kuuloasi.fi\\\/tuote\\\/signia-quickguard-vahasuoja\\\/#primaryimage\"},\"image\":{\"@id\":\"https:\\\/\\\/kuuloasi.fi\\\/tuote\\\/signia-quickguard-vahasuoja\\\/#primaryimage\"},\"thumbnailUrl\":\"https:\\\/\\\/kuuloasi.fi\\\/wp-content\\\/uploads\\\/2025\\\/12\\\/quickguards.jpg\",\"datePublished\":\"2025-12-03T16:43:38+00:00\",\"dateModified\":\"2026-04-15T16:27:14+00:00\",\"breadcrumb\":{\"@id\":\"https:\\\/\\\/kuuloasi.fi\\\/tuote\\\/signia-quickguard-vahasuoja\\\/#breadcrumb\"},\"inLanguage\":\"en-GB\",\"potentialAction\":[{\"@type\":\"ReadAction\",\"target\":[\"https:\\\/\\\/kuuloasi.fi\\\/tuote\\\/signia-quickguard-vahasuoja\\\/\"]}]},{\"@type\":\"ImageObject\",\"inLanguage\":\"en-GB\",\"@id\":\"https:\\\/\\\/kuuloasi.fi\\\/tuote\\\/signia-quickguard-vahasuoja\\\/#primaryimage\",\"url\":\"https:\\\/\\\/kuuloasi.fi\\\/wp-content\\\/uploads\\\/2025\\\/12\\\/quickguards.jpg\",\"contentUrl\":\"https:\\\/\\\/kuuloasi.fi\\\/wp-content\\\/uploads\\\/2025\\\/12\\\/quickguards.jpg\",\"width\":300,\"height\":300},{\"@type\":\"BreadcrumbList\",\"@id\":\"https:\\\/\\\/kuuloasi.fi\\\/tuote\\\/signia-quickguard-vahasuoja\\\/#breadcrumb\",\"itemListElement\":[{\"@type\":\"ListItem\",\"position\":1,\"name\":\"Etusivu\",\"item\":\"https:\\\/\\\/kuuloasi.fi\\\/\"},{\"@type\":\"ListItem\",\"position\":2,\"name\":\"Kauppa\",\"item\":\"https:\\\/\\\/kuuloasi.fi\\\/kauppa\\\/\"},{\"@type\":\"ListItem\",\"position\":3,\"name\":\"Signia QuickGuard vahasuoja\"}]},{\"@type\":\"WebSite\",\"@id\":\"https:\\\/\\\/kuuloasi.fi\\\/#website\",\"url\":\"https:\\\/\\\/kuuloasi.fi\\\/\",\"name\":\"kuuloasi.fi\",\"description\":\"\",\"potentialAction\":[{\"@type\":\"SearchAction\",\"target\":{\"@type\":\"EntryPoint\",\"urlTemplate\":\"https:\\\/\\\/kuuloasi.fi\\\/?s={search_term_string}\"},\"query-input\":{\"@type\":\"PropertyValueSpecification\",\"valueRequired\":true,\"valueName\":\"search_term_string\"}}],\"inLanguage\":\"en-GB\"}]}<\/script>\n<!-- \/ Yoast SEO plugin. -->","yoast_head_json":{"title":"Signia QuickGuard vahasuoja - kuuloasi.fi","robots":{"index":"index","follow":"follow","max-snippet":"max-snippet:-1","max-image-preview":"max-image-preview:large","max-video-preview":"max-video-preview:-1"},"canonical":"https:\/\/kuuloasi.fi\/en\/product\/signia-quickguard-vahasuoja\/","og_locale":"en_GB","og_type":"article","og_title":"Signia QuickGuard vahasuoja - kuuloasi.fi","og_description":"Signia QuickGuard vahasuoja\u00a0on luotettava ratkaisu kuulokojeen suojaamiseen korvavahan ja lian aiheuttamilta tukkeutumisilta. Pieni mutta t\u00e4rke\u00e4 lis\u00e4varuste auttaa s\u00e4ilytt\u00e4m\u00e4\u00e4n \u00e4\u00e4nenlaadun kirkkaana ja laitteen toimintavarmuuden. T\u00e4m\u00e4 pakkaus sis\u00e4lt\u00e4\u00e4\u00a08 vahasuojatikkuja, joilla vaihto onnistuu helposti kotona ilman huoltok\u00e4ynti\u00e4.","og_url":"https:\/\/kuuloasi.fi\/en\/product\/signia-quickguard-vahasuoja\/","og_site_name":"kuuloasi.fi","article_modified_time":"2026-04-15T16:27:14+00:00","og_image":[{"width":300,"height":300,"url":"https:\/\/kuuloasi.fi\/wp-content\/uploads\/2025\/12\/quickguards.jpg","type":"image\/jpeg"}],"twitter_card":"summary_large_image","twitter_misc":{"Estimated reading time":"1 minute"},"schema":{"@context":"https:\/\/schema.org","@graph":[{"@type":"WebPage","@id":"https:\/\/kuuloasi.fi\/tuote\/signia-quickguard-vahasuoja\/","url":"https:\/\/kuuloasi.fi\/tuote\/signia-quickguard-vahasuoja\/","name":"Signia QuickGuard vahasuoja - kuuloasi.fi","isPartOf":{"@id":"https:\/\/kuuloasi.fi\/#website"},"primaryImageOfPage":{"@id":"https:\/\/kuuloasi.fi\/tuote\/signia-quickguard-vahasuoja\/#primaryimage"},"image":{"@id":"https:\/\/kuuloasi.fi\/tuote\/signia-quickguard-vahasuoja\/#primaryimage"},"thumbnailUrl":"https:\/\/kuuloasi.fi\/wp-content\/uploads\/2025\/12\/quickguards.jpg","datePublished":"2025-12-03T16:43:38+00:00","dateModified":"2026-04-15T16:27:14+00:00","breadcrumb":{"@id":"https:\/\/kuuloasi.fi\/tuote\/signia-quickguard-vahasuoja\/#breadcrumb"},"inLanguage":"en-GB","potentialAction":[{"@type":"ReadAction","target":["https:\/\/kuuloasi.fi\/tuote\/signia-quickguard-vahasuoja\/"]}]},{"@type":"ImageObject","inLanguage":"en-GB","@id":"https:\/\/kuuloasi.fi\/tuote\/signia-quickguard-vahasuoja\/#primaryimage","url":"https:\/\/kuuloasi.fi\/wp-content\/uploads\/2025\/12\/quickguards.jpg","contentUrl":"https:\/\/kuuloasi.fi\/wp-content\/uploads\/2025\/12\/quickguards.jpg","width":300,"height":300},{"@type":"BreadcrumbList","@id":"https:\/\/kuuloasi.fi\/tuote\/signia-quickguard-vahasuoja\/#breadcrumb","itemListElement":[{"@type":"ListItem","position":1,"name":"Etusivu","item":"https:\/\/kuuloasi.fi\/"},{"@type":"ListItem","position":2,"name":"Kauppa","item":"https:\/\/kuuloasi.fi\/kauppa\/"},{"@type":"ListItem","position":3,"name":"Signia QuickGuard vahasuoja"}]},{"@type":"WebSite","@id":"https:\/\/kuuloasi.fi\/#website","url":"https:\/\/kuuloasi.fi\/","name":"hearing.co.uk","description":"","potentialAction":[{"@type":"SearchAction","target":{"@type":"EntryPoint","urlTemplate":"https:\/\/kuuloasi.fi\/?s={search_term_string}"},"query-input":{"@type":"PropertyValueSpecification","valueRequired":true,"valueName":"search_term_string"}}],"inLanguage":"en-GB"}]}},"_links":{"self":[{"href":"https:\/\/kuuloasi.fi\/en\/wp-json\/wp\/v2\/product\/714","targetHints":{"allow":["GET"]}}],"collection":[{"href":"https:\/\/kuuloasi.fi\/en\/wp-json\/wp\/v2\/product"}],"about":[{"href":"https:\/\/kuuloasi.fi\/en\/wp-json\/wp\/v2\/types\/product"}],"replies":[{"embeddable":true,"href":"https:\/\/kuuloasi.fi\/en\/wp-json\/wp\/v2\/comments?post=714"}],"wp:featuredmedia":[{"embeddable":true,"href":"https:\/\/kuuloasi.fi\/en\/wp-json\/wp\/v2\/media\/715"}],"wp:attachment":[{"href":"https:\/\/kuuloasi.fi\/en\/wp-json\/wp\/v2\/media?parent=714"}],"wp:term":[{"taxonomy":"product_brand","embeddable":true,"href":"https:\/\/kuuloasi.fi\/en\/wp-json\/wp\/v2\/product_brand?post=714"},{"taxonomy":"product_cat","embeddable":true,"href":"https:\/\/kuuloasi.fi\/en\/wp-json\/wp\/v2\/product_cat?post=714"},{"taxonomy":"product_tag","embeddable":true,"href":"https:\/\/kuuloasi.fi\/en\/wp-json\/wp\/v2\/product_tag?post=714"}],"curies":[{"name":"wp","href":"https:\/\/api.w.org\/{rel}","templated":true}]}}