{"id":704,"date":"2025-12-03T16:36:43","date_gmt":"2025-12-03T16:36:43","guid":{"rendered":"https:\/\/kuuloasi.fi\/?post_type=product&#038;p=704"},"modified":"2026-04-16T09:55:10","modified_gmt":"2026-04-16T09:55:10","slug":"signia-click-sleeve-2-0-suljettu-tippi","status":"publish","type":"product","link":"https:\/\/kuuloasi.fi\/en\/product\/signia-click-sleeve-2-0-suljettu-tippi\/","title":{"rendered":"Signia Click Sleeve 2.0 closed dome"},"content":{"rendered":"<p><iframe title=\"Hearing aid tip replacement\" width=\"800\" height=\"450\" src=\"https:\/\/www.youtube.com\/embed\/9MKWhWD0MN4?feature=oembed\" frameborder=\"0\" allow=\"accelerometer; autoplay; clipboard-write; encrypted-media; gyroscope; picture-in-picture; web-share\" referrerpolicy=\"strict-origin-when-cross-origin\" allowfullscreen><\/iframe><\/p>\n<h2 tabindex=\"0\" data-end=\"1049\" data-start=\"1025\">Product features<\/h2>\n<ul data-end=\"1592\" data-start=\"1051\">\n<li data-end=\"1171\" data-start=\"1051\">\n<p data-end=\"1171\" data-start=\"1053\"><strong data-end=\"1072\" data-start=\"1053\">Compatibility:<\/strong>\u00a0Suitable for all\u00a0<strong data-end=\"1098\" data-start=\"1088\">Signia<\/strong>,\u00a0<strong data-end=\"1111\" data-start=\"1100\">Siemens<\/strong>\u00a0and\u00a0<strong data-end=\"1125\" data-start=\"1115\">Rexton<\/strong>\u00a0hearing aids with the Click system<\/p>\n<\/li>\n<li data-end=\"1261\" data-start=\"1172\">\n<p data-end=\"1261\" data-start=\"1174\"><strong data-end=\"1197\" data-start=\"1174\">Adaptable design:<\/strong>\u00a0Follows the shape of the ear canal and stays firmly in place<\/p>\n<\/li>\n<li data-end=\"1395\" data-start=\"1262\">\n<p data-end=\"1395\" data-start=\"1264\"><strong data-end=\"1295\" data-start=\"1264\">Excellent comfort of use:<\/strong>\u00a0The soft material and discreet shape make the tip comfortable even for long-term use<\/p>\n<\/li>\n<li data-end=\"1486\" data-start=\"1396\">\n<p data-end=\"1486\" data-start=\"1398\"><strong data-end=\"1419\" data-start=\"1398\">Closed structure:<\/strong>\u00a0Enables better sound amplification and reduces sound leakage<\/p>\n<\/li>\n<li data-end=\"1592\" data-start=\"1487\">\n<p data-end=\"1592\" data-start=\"1489\"><strong data-end=\"1527\" data-start=\"1489\">Improved audiological performance:<\/strong>\u00a0Provides smooth and clear sound reproduction at all frequencies<\/p>\n<\/li>\n<\/ul>\n<h2 tabindex=\"0\" data-end=\"1620\" data-start=\"1599\"><\/h2>\n<h2 tabindex=\"0\" data-end=\"1620\" data-start=\"1599\">Sizes and colour codes<\/h2>\n<p data-end=\"1753\" data-start=\"1622\">Signia Click Sleeve 2.0 sealed tees are available in four sizes, so you can choose the one that's right for you:<\/p>\n<div class=\"_tableContainer_1rjym_1\">\n<div class=\"group _tableWrapper_1rjym_13 flex w-fit flex-col-reverse\" tabindex=\"-1\">\n<table class=\"w-fit min-w-(--thread-content-width)\" data-end=\"1973\" data-start=\"1755\">\n<thead data-end=\"1779\" data-start=\"1755\">\n<tr data-end=\"1779\" data-start=\"1755\">\n<th data-col-size=\"sm\" data-end=\"1762\" data-start=\"1755\">Size<\/th>\n<th data-col-size=\"sm\" data-end=\"1769\" data-start=\"1762\">Colour<\/th>\n<th data-col-size=\"sm\" data-end=\"1779\" data-start=\"1769\">Description<\/th>\n<\/tr>\n<\/thead>\n<tbody data-end=\"1973\" data-start=\"1805\">\n<tr data-end=\"1851\" data-start=\"1805\">\n<td data-col-size=\"sm\" data-end=\"1810\" data-start=\"1805\">XS<\/td>\n<td data-col-size=\"sm\" data-end=\"1820\" data-start=\"1810\">Orange<\/td>\n<td data-col-size=\"sm\" data-end=\"1851\" data-start=\"1820\">Very small ear canal<\/td>\n<\/tr>\n<tr data-end=\"1887\" data-start=\"1852\">\n<td data-col-size=\"sm\" data-end=\"1856\" data-start=\"1852\">S<\/td>\n<td data-col-size=\"sm\" data-end=\"1865\" data-start=\"1856\">Green<\/td>\n<td data-col-size=\"sm\" data-end=\"1887\" data-start=\"1865\">Small ear canal<\/td>\n<\/tr>\n<tr data-end=\"1932\" data-start=\"1888\">\n<td data-col-size=\"sm\" data-end=\"1892\" data-start=\"1888\">M<\/td>\n<td data-col-size=\"sm\" data-end=\"1902\" data-start=\"1892\">Blue<\/td>\n<td data-col-size=\"sm\" data-end=\"1932\" data-start=\"1902\">Medium size ear canal<\/td>\n<\/tr>\n<tr data-end=\"1973\" data-start=\"1933\">\n<td data-col-size=\"sm\" data-end=\"1937\" data-start=\"1933\">L<\/td>\n<td data-col-size=\"sm\" data-end=\"1948\" data-start=\"1937\">Purple<\/td>\n<td data-col-size=\"sm\" data-end=\"1973\" data-start=\"1948\">Larger ear canal<\/td>\n<\/tr>\n<\/tbody>\n<\/table>\n<\/div>\n<\/div>\n<p data-end=\"2023\" data-start=\"1975\">Select a size from the drop-down menu before ordering.<\/p>\n<p data-end=\"2067\" data-start=\"2025\"><strong data-end=\"2041\" data-start=\"2025\">Package size:<\/strong>\u00a06 pieces (3 pairs).<\/p>\n<h2 tabindex=\"0\" data-end=\"2114\" data-start=\"2074\"><\/h2>\n<h2 tabindex=\"0\" data-end=\"2114\" data-start=\"2074\">Why choose Signia Click Sleeve 2.0?<\/h2>\n<p data-end=\"2537\" data-start=\"2116\">\u00a0<strong data-end=\"2143\" data-start=\"2118\">Perfect fit:<\/strong>\u00a0shaped to follow the structure of the ear canal<br data-end=\"2192\" data-start=\"2189\" \/>\u00a0<strong data-end=\"2207\" data-start=\"2194\">Comfort:<\/strong>\u00a0soft material does not irritate the skin<br data-end=\"2243\" data-start=\"2240\" \/>\u00a0<strong data-end=\"2267\" data-start=\"2245\">A natural sound:<\/strong>\u00a0a compact, yet balanced acoustic response<br data-end=\"2320\" data-start=\"2317\" \/>\u00a0<strong data-end=\"2356\" data-start=\"2322\">Easy to attach and detach:<\/strong>\u00a0\u201cClick\u201d fastening system ensures a secure grip on the headset<br data-end=\"2426\" data-start=\"2423\" \/>\u00a0<strong data-end=\"2474\" data-start=\"2428\">Compatible with a wide range of hearing aids:<\/strong>\u00a0works with all Signia, Siemens and Rexton Click headsets<\/p>\n<h2 tabindex=\"0\" data-end=\"2559\" data-start=\"2544\"><\/h2>\n<h2 tabindex=\"0\" data-end=\"2559\" data-start=\"2544\">How to use<\/h2>\n<p data-end=\"2728\" data-start=\"2561\">The tip should be placed in the ear so that it\u00a0<strong data-end=\"2634\" data-start=\"2604\">\u201dstanding\u201d upwards in the ear<\/strong>. This position ensures the best tightness, comfort of use and an almost invisible finish.<\/p>\n<h2 tabindex=\"0\" data-end=\"2763\" data-start=\"2735\"><\/h2>\n<h2 tabindex=\"0\" data-end=\"2763\" data-start=\"2735\">Who is this tip suitable for?<\/h2>\n<ul data-end=\"2992\" data-start=\"2765\">\n<li data-end=\"2838\" data-start=\"2765\">\n<p data-end=\"2838\" data-start=\"2767\">For users who have\u00a0<strong data-end=\"2836\" data-start=\"2790\">Signia, Siemens or Rexton RIC hearing aids<\/strong><\/p>\n<\/li>\n<li data-end=\"2904\" data-start=\"2839\">\n<p data-end=\"2904\" data-start=\"2841\">For people who need\u00a0<strong data-end=\"2902\" data-start=\"2872\">stronger sound amplification<\/strong><\/p>\n<\/li>\n<li data-end=\"2992\" data-start=\"2905\">\n<p data-end=\"2992\" data-start=\"2907\">For users who want to\u00a0<strong data-end=\"2969\" data-start=\"2935\">good fit and comfort<\/strong>\u00a0all-day use<\/p>\n<\/li>\n<\/ul>\n<h2 tabindex=\"0\" data-end=\"3012\" data-start=\"2999\"><\/h2>\n<h2 tabindex=\"0\" data-end=\"3012\" data-start=\"2999\">Summary<\/h2>\n<p data-end=\"3267\" data-start=\"3014\"><strong data-end=\"3056\" data-start=\"3014\">Signia Click Sleeve 2.0 closed dome<\/strong>\u00a0offers the optimum combination of comfort, compactness and excellent sound quality. It's easy to replace, compatible with a wide range of hearing aids and ensures you hear everything clearly - without interference.<\/p>","protected":false},"excerpt":{"rendered":"<p><strong data-end=\"579\" data-start=\"488\">Perfect fit and excellent sound quality<\/strong><\/p>\n<p data-end=\"852\" data-start=\"581\"><strong data-end=\"608\" data-start=\"581\">Signia Click Sleeve 2.0<\/strong>\u00a0is a high-end hearing aid tip designed to provide excellent comfort and balanced sound reproduction. The redesigned tip fits perfectly in the ear and maintains the hearing aid's performance at its best.<\/p>\n<p data-end=\"1018\" data-start=\"854\">The closed model is more compact than the open drop, making it particularly suitable for situations where\u00a0<strong data-end=\"1015\" data-start=\"958\">stronger amplification and more effective sound isolation<\/strong>.<\/p>","protected":false},"featured_media":699,"comment_status":"closed","ping_status":"closed","template":"","meta":{"_acf_changed":false},"product_brand":[],"product_cat":[72,22],"product_tag":[111,77],"class_list":{"0":"post-704","1":"product","2":"type-product","3":"status-publish","4":"has-post-thumbnail","6":"product_cat-signia","7":"product_cat-varaosat","8":"product_tag-signia","9":"product_tag-tippi","11":"first","12":"instock","13":"taxable","14":"shipping-taxable","15":"purchasable","16":"product-type-variable"},"acf":[],"yoast_head":"<!-- This site is optimized with the Yoast SEO plugin v27.4 - https:\/\/yoast.com\/product\/yoast-seo-wordpress\/ -->\n<title>Signia Click Sleeve 2.0 suljettu tippi - kuuloasi.fi<\/title>\n<meta name=\"robots\" content=\"index, follow, max-snippet:-1, max-image-preview:large, max-video-preview:-1\" \/>\n<link rel=\"canonical\" href=\"https:\/\/kuuloasi.fi\/en\/product\/signia-click-sleeve-2-0-suljettu-tippi\/\" \/>\n<meta property=\"og:locale\" content=\"en_GB\" \/>\n<meta property=\"og:type\" content=\"article\" \/>\n<meta property=\"og:title\" content=\"Signia Click Sleeve 2.0 suljettu tippi - kuuloasi.fi\" \/>\n<meta property=\"og:description\" content=\"T\u00e4ydellinen istuvuus ja erinomainen \u00e4\u00e4nenlaatu Signia Click Sleeve 2.0\u00a0on huippuluokan kuulokojeen tippi, joka on suunniteltu tarjoamaan erinomainen k\u00e4ytt\u00f6mukavuus ja tasapainoinen \u00e4\u00e4nentoisto. Uudistetun muotoilun ansiosta tippi istuu korvaan t\u00e4ydellisesti ja s\u00e4ilytt\u00e4\u00e4 kuulokojeen suorituskyvyn parhaimmillaan. Suljettu malli on tiiviimpi kuin avoin tippi, joten se sopii erityisesti tilanteisiin, joissa tarvitaan\u00a0vahvempaa vahvistusta ja tehokkaampaa \u00e4\u00e4nen eristyst\u00e4.\" \/>\n<meta property=\"og:url\" content=\"https:\/\/kuuloasi.fi\/en\/product\/signia-click-sleeve-2-0-suljettu-tippi\/\" \/>\n<meta property=\"og:site_name\" content=\"kuuloasi.fi\" \/>\n<meta property=\"article:modified_time\" content=\"2026-04-16T09:55:10+00:00\" \/>\n<meta property=\"og:image\" content=\"https:\/\/kuuloasi.fi\/wp-content\/uploads\/2025\/12\/Click-Sleeves-20_vented_900x900.jpg\" \/>\n\t<meta property=\"og:image:width\" content=\"900\" \/>\n\t<meta property=\"og:image:height\" content=\"900\" \/>\n\t<meta property=\"og:image:type\" content=\"image\/jpeg\" \/>\n<meta name=\"twitter:card\" content=\"summary_large_image\" \/>\n<meta name=\"twitter:label1\" content=\"Estimated reading time\" \/>\n\t<meta name=\"twitter:data1\" content=\"1 minute\" \/>\n<script type=\"application\/ld+json\" class=\"yoast-schema-graph\">{\"@context\":\"https:\\\/\\\/schema.org\",\"@graph\":[{\"@type\":\"WebPage\",\"@id\":\"https:\\\/\\\/kuuloasi.fi\\\/tuote\\\/signia-click-sleeve-2-0-suljettu-tippi\\\/\",\"url\":\"https:\\\/\\\/kuuloasi.fi\\\/tuote\\\/signia-click-sleeve-2-0-suljettu-tippi\\\/\",\"name\":\"Signia Click Sleeve 2.0 suljettu tippi - kuuloasi.fi\",\"isPartOf\":{\"@id\":\"https:\\\/\\\/kuuloasi.fi\\\/#website\"},\"primaryImageOfPage\":{\"@id\":\"https:\\\/\\\/kuuloasi.fi\\\/tuote\\\/signia-click-sleeve-2-0-suljettu-tippi\\\/#primaryimage\"},\"image\":{\"@id\":\"https:\\\/\\\/kuuloasi.fi\\\/tuote\\\/signia-click-sleeve-2-0-suljettu-tippi\\\/#primaryimage\"},\"thumbnailUrl\":\"https:\\\/\\\/kuuloasi.fi\\\/wp-content\\\/uploads\\\/2025\\\/12\\\/Click-Sleeves-20_vented_900x900.jpg\",\"datePublished\":\"2025-12-03T16:36:43+00:00\",\"dateModified\":\"2026-04-16T09:55:10+00:00\",\"breadcrumb\":{\"@id\":\"https:\\\/\\\/kuuloasi.fi\\\/tuote\\\/signia-click-sleeve-2-0-suljettu-tippi\\\/#breadcrumb\"},\"inLanguage\":\"en-GB\",\"potentialAction\":[{\"@type\":\"ReadAction\",\"target\":[\"https:\\\/\\\/kuuloasi.fi\\\/tuote\\\/signia-click-sleeve-2-0-suljettu-tippi\\\/\"]}]},{\"@type\":\"ImageObject\",\"inLanguage\":\"en-GB\",\"@id\":\"https:\\\/\\\/kuuloasi.fi\\\/tuote\\\/signia-click-sleeve-2-0-suljettu-tippi\\\/#primaryimage\",\"url\":\"https:\\\/\\\/kuuloasi.fi\\\/wp-content\\\/uploads\\\/2025\\\/12\\\/Click-Sleeves-20_vented_900x900.jpg\",\"contentUrl\":\"https:\\\/\\\/kuuloasi.fi\\\/wp-content\\\/uploads\\\/2025\\\/12\\\/Click-Sleeves-20_vented_900x900.jpg\",\"width\":900,\"height\":900},{\"@type\":\"BreadcrumbList\",\"@id\":\"https:\\\/\\\/kuuloasi.fi\\\/tuote\\\/signia-click-sleeve-2-0-suljettu-tippi\\\/#breadcrumb\",\"itemListElement\":[{\"@type\":\"ListItem\",\"position\":1,\"name\":\"Etusivu\",\"item\":\"https:\\\/\\\/kuuloasi.fi\\\/\"},{\"@type\":\"ListItem\",\"position\":2,\"name\":\"Kauppa\",\"item\":\"https:\\\/\\\/kuuloasi.fi\\\/kauppa\\\/\"},{\"@type\":\"ListItem\",\"position\":3,\"name\":\"Signia Click Sleeve 2.0 suljettu tippi\"}]},{\"@type\":\"WebSite\",\"@id\":\"https:\\\/\\\/kuuloasi.fi\\\/#website\",\"url\":\"https:\\\/\\\/kuuloasi.fi\\\/\",\"name\":\"kuuloasi.fi\",\"description\":\"\",\"potentialAction\":[{\"@type\":\"SearchAction\",\"target\":{\"@type\":\"EntryPoint\",\"urlTemplate\":\"https:\\\/\\\/kuuloasi.fi\\\/?s={search_term_string}\"},\"query-input\":{\"@type\":\"PropertyValueSpecification\",\"valueRequired\":true,\"valueName\":\"search_term_string\"}}],\"inLanguage\":\"en-GB\"}]}<\/script>\n<!-- \/ Yoast SEO plugin. -->","yoast_head_json":{"title":"Signia Click Sleeve 2.0 suljettu tippi - kuuloasi.fi","robots":{"index":"index","follow":"follow","max-snippet":"max-snippet:-1","max-image-preview":"max-image-preview:large","max-video-preview":"max-video-preview:-1"},"canonical":"https:\/\/kuuloasi.fi\/en\/product\/signia-click-sleeve-2-0-suljettu-tippi\/","og_locale":"en_GB","og_type":"article","og_title":"Signia Click Sleeve 2.0 suljettu tippi - kuuloasi.fi","og_description":"T\u00e4ydellinen istuvuus ja erinomainen \u00e4\u00e4nenlaatu Signia Click Sleeve 2.0\u00a0on huippuluokan kuulokojeen tippi, joka on suunniteltu tarjoamaan erinomainen k\u00e4ytt\u00f6mukavuus ja tasapainoinen \u00e4\u00e4nentoisto. Uudistetun muotoilun ansiosta tippi istuu korvaan t\u00e4ydellisesti ja s\u00e4ilytt\u00e4\u00e4 kuulokojeen suorituskyvyn parhaimmillaan. Suljettu malli on tiiviimpi kuin avoin tippi, joten se sopii erityisesti tilanteisiin, joissa tarvitaan\u00a0vahvempaa vahvistusta ja tehokkaampaa \u00e4\u00e4nen eristyst\u00e4.","og_url":"https:\/\/kuuloasi.fi\/en\/product\/signia-click-sleeve-2-0-suljettu-tippi\/","og_site_name":"kuuloasi.fi","article_modified_time":"2026-04-16T09:55:10+00:00","og_image":[{"width":900,"height":900,"url":"https:\/\/kuuloasi.fi\/wp-content\/uploads\/2025\/12\/Click-Sleeves-20_vented_900x900.jpg","type":"image\/jpeg"}],"twitter_card":"summary_large_image","twitter_misc":{"Estimated reading time":"1 minute"},"schema":{"@context":"https:\/\/schema.org","@graph":[{"@type":"WebPage","@id":"https:\/\/kuuloasi.fi\/tuote\/signia-click-sleeve-2-0-suljettu-tippi\/","url":"https:\/\/kuuloasi.fi\/tuote\/signia-click-sleeve-2-0-suljettu-tippi\/","name":"Signia Click Sleeve 2.0 suljettu tippi - kuuloasi.fi","isPartOf":{"@id":"https:\/\/kuuloasi.fi\/#website"},"primaryImageOfPage":{"@id":"https:\/\/kuuloasi.fi\/tuote\/signia-click-sleeve-2-0-suljettu-tippi\/#primaryimage"},"image":{"@id":"https:\/\/kuuloasi.fi\/tuote\/signia-click-sleeve-2-0-suljettu-tippi\/#primaryimage"},"thumbnailUrl":"https:\/\/kuuloasi.fi\/wp-content\/uploads\/2025\/12\/Click-Sleeves-20_vented_900x900.jpg","datePublished":"2025-12-03T16:36:43+00:00","dateModified":"2026-04-16T09:55:10+00:00","breadcrumb":{"@id":"https:\/\/kuuloasi.fi\/tuote\/signia-click-sleeve-2-0-suljettu-tippi\/#breadcrumb"},"inLanguage":"en-GB","potentialAction":[{"@type":"ReadAction","target":["https:\/\/kuuloasi.fi\/tuote\/signia-click-sleeve-2-0-suljettu-tippi\/"]}]},{"@type":"ImageObject","inLanguage":"en-GB","@id":"https:\/\/kuuloasi.fi\/tuote\/signia-click-sleeve-2-0-suljettu-tippi\/#primaryimage","url":"https:\/\/kuuloasi.fi\/wp-content\/uploads\/2025\/12\/Click-Sleeves-20_vented_900x900.jpg","contentUrl":"https:\/\/kuuloasi.fi\/wp-content\/uploads\/2025\/12\/Click-Sleeves-20_vented_900x900.jpg","width":900,"height":900},{"@type":"BreadcrumbList","@id":"https:\/\/kuuloasi.fi\/tuote\/signia-click-sleeve-2-0-suljettu-tippi\/#breadcrumb","itemListElement":[{"@type":"ListItem","position":1,"name":"Etusivu","item":"https:\/\/kuuloasi.fi\/"},{"@type":"ListItem","position":2,"name":"Kauppa","item":"https:\/\/kuuloasi.fi\/kauppa\/"},{"@type":"ListItem","position":3,"name":"Signia Click Sleeve 2.0 suljettu tippi"}]},{"@type":"WebSite","@id":"https:\/\/kuuloasi.fi\/#website","url":"https:\/\/kuuloasi.fi\/","name":"hearing.co.uk","description":"","potentialAction":[{"@type":"SearchAction","target":{"@type":"EntryPoint","urlTemplate":"https:\/\/kuuloasi.fi\/?s={search_term_string}"},"query-input":{"@type":"PropertyValueSpecification","valueRequired":true,"valueName":"search_term_string"}}],"inLanguage":"en-GB"}]}},"_links":{"self":[{"href":"https:\/\/kuuloasi.fi\/en\/wp-json\/wp\/v2\/product\/704","targetHints":{"allow":["GET"]}}],"collection":[{"href":"https:\/\/kuuloasi.fi\/en\/wp-json\/wp\/v2\/product"}],"about":[{"href":"https:\/\/kuuloasi.fi\/en\/wp-json\/wp\/v2\/types\/product"}],"replies":[{"embeddable":true,"href":"https:\/\/kuuloasi.fi\/en\/wp-json\/wp\/v2\/comments?post=704"}],"wp:featuredmedia":[{"embeddable":true,"href":"https:\/\/kuuloasi.fi\/en\/wp-json\/wp\/v2\/media\/699"}],"wp:attachment":[{"href":"https:\/\/kuuloasi.fi\/en\/wp-json\/wp\/v2\/media?parent=704"}],"wp:term":[{"taxonomy":"product_brand","embeddable":true,"href":"https:\/\/kuuloasi.fi\/en\/wp-json\/wp\/v2\/product_brand?post=704"},{"taxonomy":"product_cat","embeddable":true,"href":"https:\/\/kuuloasi.fi\/en\/wp-json\/wp\/v2\/product_cat?post=704"},{"taxonomy":"product_tag","embeddable":true,"href":"https:\/\/kuuloasi.fi\/en\/wp-json\/wp\/v2\/product_tag?post=704"}],"curies":[{"name":"wp","href":"https:\/\/api.w.org\/{rel}","templated":true}]}}