{"id":694,"date":"2025-12-03T16:10:01","date_gmt":"2025-12-03T16:10:01","guid":{"rendered":"https:\/\/kuuloasi.fi\/?post_type=product&#038;p=694"},"modified":"2026-04-14T15:26:51","modified_gmt":"2026-04-14T15:26:51","slug":"signia-click-sleeve-2-0-ventillinen-tippi","status":"publish","type":"product","link":"https:\/\/kuuloasi.fi\/en\/product\/signia-click-sleeve-2-0-ventillinen-tippi\/","title":{"rendered":"Signia Click Sleeve 2.0 vented dome"},"content":{"rendered":"<p><iframe title=\"Hearing aid tip replacement\" width=\"800\" height=\"450\" src=\"https:\/\/www.youtube.com\/embed\/9MKWhWD0MN4?feature=oembed\" frameborder=\"0\" allow=\"accelerometer; autoplay; clipboard-write; encrypted-media; gyroscope; picture-in-picture; web-share\" referrerpolicy=\"strict-origin-when-cross-origin\" allowfullscreen><\/iframe><\/p>\n<h2 tabindex=\"0\" data-end=\"738\" data-start=\"714\">Product features<\/h2>\n<ul data-end=\"1321\" data-start=\"740\">\n<li data-end=\"859\" data-start=\"740\">\n<p data-end=\"859\" data-start=\"742\"><strong data-end=\"761\" data-start=\"742\">Compatibility:<\/strong>\u00a0Suitable for\u00a0<strong data-end=\"778\" data-start=\"768\">Signia<\/strong>,\u00a0<strong data-end=\"791\" data-start=\"780\">Siemens<\/strong>\u00a0and\u00a0<strong data-end=\"805\" data-start=\"795\">Rexton<\/strong>\u00a0for hearing aids using the Click system<\/p>\n<\/li>\n<li data-end=\"988\" data-start=\"860\">\n<p data-end=\"988\" data-start=\"862\"><strong data-end=\"887\" data-start=\"862\">Valved design:<\/strong>\u00a0Allows air to circulate in the ear canal, reducing self-echo and increasing comfort<\/p>\n<\/li>\n<li data-end=\"1092\" data-start=\"989\">\n<p data-end=\"1092\" data-start=\"991\"><strong data-end=\"1014\" data-start=\"991\">Adaptive fit:<\/strong>\u00a0Soft material moulds to the ear canal and stays in place well<\/p>\n<\/li>\n<li data-end=\"1181\" data-start=\"1093\">\n<p data-end=\"1181\" data-start=\"1095\"><strong data-end=\"1117\" data-start=\"1095\">A natural sound:<\/strong>\u00a0The open structure makes for a balanced and natural listening experience<\/p>\n<\/li>\n<li data-end=\"1288\" data-start=\"1182\">\n<p data-end=\"1288\" data-start=\"1184\"><strong data-end=\"1202\" data-start=\"1184\">Easy replacement:<\/strong>\u00a0The tip snaps into place with the Click mechanism - quick and secure attachment<\/p>\n<\/li>\n<li data-end=\"1321\" data-start=\"1289\">\n<p data-end=\"1321\" data-start=\"1291\"><strong data-end=\"1303\" data-start=\"1291\">Packaging:<\/strong>\u00a06 pieces (3 pairs)<\/p>\n<\/li>\n<\/ul>\n<h2 tabindex=\"0\" data-end=\"1349\" data-start=\"1328\"><\/h2>\n<h2 tabindex=\"0\" data-end=\"1349\" data-start=\"1328\">Sizes and colour codes<\/h2>\n<p data-end=\"1431\" data-start=\"1351\">Choose the right size for your ear canal. The size is indicated by the colour of the packaging:<\/p>\n<div class=\"_tableContainer_1rjym_1\">\n<div class=\"group _tableWrapper_1rjym_13 flex w-fit flex-col-reverse\" tabindex=\"-1\">\n<table class=\"w-fit min-w-(--thread-content-width)\" data-end=\"1651\" data-start=\"1433\">\n<thead data-end=\"1457\" data-start=\"1433\">\n<tr data-end=\"1457\" data-start=\"1433\">\n<th data-col-size=\"sm\" data-end=\"1440\" data-start=\"1433\">Size<\/th>\n<th data-col-size=\"sm\" data-end=\"1447\" data-start=\"1440\">Colour<\/th>\n<th data-col-size=\"sm\" data-end=\"1457\" data-start=\"1447\">\u00a0 \u00a0 \u00a0 \u00a0 Description<\/th>\n<\/tr>\n<\/thead>\n<tbody data-end=\"1651\" data-start=\"1483\">\n<tr data-end=\"1529\" data-start=\"1483\">\n<td data-col-size=\"sm\" data-end=\"1488\" data-start=\"1483\">XS<\/td>\n<td data-col-size=\"sm\" data-end=\"1498\" data-start=\"1488\">Orange<\/td>\n<td data-col-size=\"sm\" data-end=\"1529\" data-start=\"1498\">\u00a0 \u00a0 \u00a0 \u00a0 Very small ear canal<\/td>\n<\/tr>\n<tr data-end=\"1565\" data-start=\"1530\">\n<td data-col-size=\"sm\" data-end=\"1534\" data-start=\"1530\">S<\/td>\n<td data-col-size=\"sm\" data-end=\"1543\" data-start=\"1534\">Green<\/td>\n<td data-col-size=\"sm\" data-end=\"1565\" data-start=\"1543\">\u00a0 \u00a0 \u00a0 \u00a0 Small ear canal<\/td>\n<\/tr>\n<tr data-end=\"1610\" data-start=\"1566\">\n<td data-col-size=\"sm\" data-end=\"1570\" data-start=\"1566\">M<\/td>\n<td data-col-size=\"sm\" data-end=\"1580\" data-start=\"1570\">Blue<\/td>\n<td data-col-size=\"sm\" data-end=\"1610\" data-start=\"1580\">\u00a0 \u00a0 \u00a0 \u00a0 Medium size ear canal<\/td>\n<\/tr>\n<tr data-end=\"1651\" data-start=\"1611\">\n<td data-col-size=\"sm\" data-end=\"1615\" data-start=\"1611\">L<\/td>\n<td data-col-size=\"sm\" data-end=\"1626\" data-start=\"1615\">Purple<\/td>\n<td data-col-size=\"sm\" data-end=\"1651\" data-start=\"1626\">\u00a0 \u00a0 \u00a0 \u00a0 Larger ear canal<\/td>\n<\/tr>\n<\/tbody>\n<\/table>\n<\/div>\n<\/div>\n<p data-end=\"1701\" data-start=\"1653\">Select a size from the drop-down menu before ordering.<\/p>\n<h2 tabindex=\"0\" data-end=\"1742\" data-start=\"1708\"><\/h2>\n<h2 tabindex=\"0\" data-end=\"1742\" data-start=\"1708\">Why choose a valved drop?<\/h2>\n<p data-end=\"1817\" data-start=\"1744\">The ventilated (conditioned) drip is an excellent option for those who:<\/p>\n<ul data-end=\"2016\" data-start=\"1818\">\n<li data-end=\"1878\" data-start=\"1818\">\n<p data-end=\"1878\" data-start=\"1820\">experience\u00a0<strong data-end=\"1855\" data-start=\"1828\">the echo of their own voice<\/strong>\u00a0with closed tees<\/p>\n<\/li>\n<li data-end=\"1937\" data-start=\"1879\">\n<p data-end=\"1937\" data-start=\"1881\">want\u00a0<strong data-end=\"1926\" data-start=\"1890\">a lighter and airier feel<\/strong>\u00a0In your ear<\/p>\n<\/li>\n<li data-end=\"2016\" data-start=\"1938\">\n<p data-end=\"2016\" data-start=\"1940\">appreciate\u00a0<strong data-end=\"1993\" data-start=\"1951\">natural sound quality and comfort<\/strong>\u00a0after prolonged use<\/p>\n<\/li>\n<\/ul>\n<p data-end=\"2186\" data-start=\"2018\">The intravenous drip is particularly popular among those who have\u00a0<strong data-end=\"2102\" data-start=\"2076\">milder hearing loss<\/strong>, or who want to minimise the sensation of pressure in the ear caused by a closed tip.<\/p>\n<h2 tabindex=\"0\" data-end=\"2208\" data-start=\"2193\"><\/h2>\n<h2 tabindex=\"0\" data-end=\"2208\" data-start=\"2193\">How to use<\/h2>\n<p data-end=\"2374\" data-start=\"2210\">The tip should be placed in the ear so that it\u00a0<strong data-end=\"2283\" data-start=\"2253\">\u201dstanding\u201d upwards in the ear<\/strong>. This ensures the best tightness, ease of use and a virtually invisible finish.<\/p>\n<p data-end=\"2550\" data-start=\"2376\"><strong data-end=\"2390\" data-start=\"2379\">Tip:<\/strong>\u00a0If you are considering a change in drip pattern (e.g. from closed to valved), always consult an audiologist or hearing care professional to ensure the best outcome.<\/p>\n<h2 tabindex=\"0\" data-end=\"2570\" data-start=\"2557\"><\/h2>\n<h2 tabindex=\"0\" data-end=\"2570\" data-start=\"2557\">Summary<\/h2>\n<p data-end=\"2820\" data-start=\"2572\"><strong data-end=\"2617\" data-start=\"2572\">Signia Click Sleeve 2.0 vented dome<\/strong>\u00a0provides a light, airy and natural listening experience without the feeling of congestion. It is easy to install, comfortable to use and compatible with most Signia, Siemens and Rexton hearing aids.<\/p>","protected":false},"excerpt":{"rendered":"<p><strong data-end=\"402\" data-start=\"312\">a breathable and natural listening experience<\/strong><\/p>\n<p data-end=\"707\" data-start=\"404\"><strong data-end=\"449\" data-start=\"404\">Signia Click Sleeve 2.0 vented dome<\/strong>\u00a0is a high-quality hearing aid fitting that combines comfort with natural sound quality. The vented, vented design makes this tip an excellent choice for those who want a lighter, more open listening experience without congestion.<\/p>","protected":false},"featured_media":699,"comment_status":"closed","ping_status":"closed","template":"","meta":{"_acf_changed":false},"product_brand":[],"product_cat":[72,22],"product_tag":[111,77],"class_list":{"0":"post-694","1":"product","2":"type-product","3":"status-publish","4":"has-post-thumbnail","6":"product_cat-signia","7":"product_cat-varaosat","8":"product_tag-signia","9":"product_tag-tippi","11":"first","12":"instock","13":"taxable","14":"shipping-taxable","15":"purchasable","16":"product-type-variable"},"acf":[],"yoast_head":"<!-- This site is optimized with the Yoast SEO plugin v27.4 - https:\/\/yoast.com\/product\/yoast-seo-wordpress\/ -->\n<title>Signia Click Sleeve 2.0 ventillinen tippi - kuuloasi.fi<\/title>\n<meta name=\"robots\" content=\"index, follow, max-snippet:-1, max-image-preview:large, max-video-preview:-1\" \/>\n<link rel=\"canonical\" href=\"https:\/\/kuuloasi.fi\/en\/product\/signia-click-sleeve-2-0-ventillinen-tippi\/\" \/>\n<meta property=\"og:locale\" content=\"en_GB\" \/>\n<meta property=\"og:type\" content=\"article\" \/>\n<meta property=\"og:title\" content=\"Signia Click Sleeve 2.0 ventillinen tippi - kuuloasi.fi\" \/>\n<meta property=\"og:description\" content=\"hengitt\u00e4v\u00e4 ja luonnollinen kuuntelukokemus Signia Click Sleeve 2.0 ventillinen tippi\u00a0on korkealaatuinen kuulokojeen sovite, joka yhdist\u00e4\u00e4 k\u00e4ytt\u00f6mukavuuden ja luonnollisen \u00e4\u00e4nenlaadun. Ilmastoitu, ventillinen rakenne tekee t\u00e4st\u00e4 tipist\u00e4 erinomaisen valinnan niille, jotka haluavat kevyemm\u00e4n ja avoimemman kuuntelutuntuman ilman tukkoisuutta.\" \/>\n<meta property=\"og:url\" content=\"https:\/\/kuuloasi.fi\/en\/product\/signia-click-sleeve-2-0-ventillinen-tippi\/\" \/>\n<meta property=\"og:site_name\" content=\"kuuloasi.fi\" \/>\n<meta property=\"article:modified_time\" content=\"2026-04-14T15:26:51+00:00\" \/>\n<meta property=\"og:image\" content=\"https:\/\/kuuloasi.fi\/wp-content\/uploads\/2025\/12\/Click-Sleeves-20_vented_900x900.jpg\" \/>\n\t<meta property=\"og:image:width\" content=\"900\" \/>\n\t<meta property=\"og:image:height\" content=\"900\" \/>\n\t<meta property=\"og:image:type\" content=\"image\/jpeg\" \/>\n<meta name=\"twitter:card\" content=\"summary_large_image\" \/>\n<meta name=\"twitter:label1\" content=\"Estimated reading time\" \/>\n\t<meta name=\"twitter:data1\" content=\"1 minute\" \/>\n<script type=\"application\/ld+json\" class=\"yoast-schema-graph\">{\"@context\":\"https:\\\/\\\/schema.org\",\"@graph\":[{\"@type\":\"WebPage\",\"@id\":\"https:\\\/\\\/kuuloasi.fi\\\/tuote\\\/signia-click-sleeve-2-0-ventillinen-tippi\\\/\",\"url\":\"https:\\\/\\\/kuuloasi.fi\\\/tuote\\\/signia-click-sleeve-2-0-ventillinen-tippi\\\/\",\"name\":\"Signia Click Sleeve 2.0 ventillinen tippi - kuuloasi.fi\",\"isPartOf\":{\"@id\":\"https:\\\/\\\/kuuloasi.fi\\\/#website\"},\"primaryImageOfPage\":{\"@id\":\"https:\\\/\\\/kuuloasi.fi\\\/tuote\\\/signia-click-sleeve-2-0-ventillinen-tippi\\\/#primaryimage\"},\"image\":{\"@id\":\"https:\\\/\\\/kuuloasi.fi\\\/tuote\\\/signia-click-sleeve-2-0-ventillinen-tippi\\\/#primaryimage\"},\"thumbnailUrl\":\"https:\\\/\\\/kuuloasi.fi\\\/wp-content\\\/uploads\\\/2025\\\/12\\\/Click-Sleeves-20_vented_900x900.jpg\",\"datePublished\":\"2025-12-03T16:10:01+00:00\",\"dateModified\":\"2026-04-14T15:26:51+00:00\",\"breadcrumb\":{\"@id\":\"https:\\\/\\\/kuuloasi.fi\\\/tuote\\\/signia-click-sleeve-2-0-ventillinen-tippi\\\/#breadcrumb\"},\"inLanguage\":\"en-GB\",\"potentialAction\":[{\"@type\":\"ReadAction\",\"target\":[\"https:\\\/\\\/kuuloasi.fi\\\/tuote\\\/signia-click-sleeve-2-0-ventillinen-tippi\\\/\"]}]},{\"@type\":\"ImageObject\",\"inLanguage\":\"en-GB\",\"@id\":\"https:\\\/\\\/kuuloasi.fi\\\/tuote\\\/signia-click-sleeve-2-0-ventillinen-tippi\\\/#primaryimage\",\"url\":\"https:\\\/\\\/kuuloasi.fi\\\/wp-content\\\/uploads\\\/2025\\\/12\\\/Click-Sleeves-20_vented_900x900.jpg\",\"contentUrl\":\"https:\\\/\\\/kuuloasi.fi\\\/wp-content\\\/uploads\\\/2025\\\/12\\\/Click-Sleeves-20_vented_900x900.jpg\",\"width\":900,\"height\":900},{\"@type\":\"BreadcrumbList\",\"@id\":\"https:\\\/\\\/kuuloasi.fi\\\/tuote\\\/signia-click-sleeve-2-0-ventillinen-tippi\\\/#breadcrumb\",\"itemListElement\":[{\"@type\":\"ListItem\",\"position\":1,\"name\":\"Etusivu\",\"item\":\"https:\\\/\\\/kuuloasi.fi\\\/\"},{\"@type\":\"ListItem\",\"position\":2,\"name\":\"Kauppa\",\"item\":\"https:\\\/\\\/kuuloasi.fi\\\/kauppa\\\/\"},{\"@type\":\"ListItem\",\"position\":3,\"name\":\"Signia Click Sleeve 2.0 ventillinen tippi\"}]},{\"@type\":\"WebSite\",\"@id\":\"https:\\\/\\\/kuuloasi.fi\\\/#website\",\"url\":\"https:\\\/\\\/kuuloasi.fi\\\/\",\"name\":\"kuuloasi.fi\",\"description\":\"\",\"potentialAction\":[{\"@type\":\"SearchAction\",\"target\":{\"@type\":\"EntryPoint\",\"urlTemplate\":\"https:\\\/\\\/kuuloasi.fi\\\/?s={search_term_string}\"},\"query-input\":{\"@type\":\"PropertyValueSpecification\",\"valueRequired\":true,\"valueName\":\"search_term_string\"}}],\"inLanguage\":\"en-GB\"}]}<\/script>\n<!-- \/ Yoast SEO plugin. -->","yoast_head_json":{"title":"Signia Click Sleeve 2.0 ventillinen tippi - kuuloasi.fi","robots":{"index":"index","follow":"follow","max-snippet":"max-snippet:-1","max-image-preview":"max-image-preview:large","max-video-preview":"max-video-preview:-1"},"canonical":"https:\/\/kuuloasi.fi\/en\/product\/signia-click-sleeve-2-0-ventillinen-tippi\/","og_locale":"en_GB","og_type":"article","og_title":"Signia Click Sleeve 2.0 ventillinen tippi - kuuloasi.fi","og_description":"hengitt\u00e4v\u00e4 ja luonnollinen kuuntelukokemus Signia Click Sleeve 2.0 ventillinen tippi\u00a0on korkealaatuinen kuulokojeen sovite, joka yhdist\u00e4\u00e4 k\u00e4ytt\u00f6mukavuuden ja luonnollisen \u00e4\u00e4nenlaadun. Ilmastoitu, ventillinen rakenne tekee t\u00e4st\u00e4 tipist\u00e4 erinomaisen valinnan niille, jotka haluavat kevyemm\u00e4n ja avoimemman kuuntelutuntuman ilman tukkoisuutta.","og_url":"https:\/\/kuuloasi.fi\/en\/product\/signia-click-sleeve-2-0-ventillinen-tippi\/","og_site_name":"kuuloasi.fi","article_modified_time":"2026-04-14T15:26:51+00:00","og_image":[{"width":900,"height":900,"url":"https:\/\/kuuloasi.fi\/wp-content\/uploads\/2025\/12\/Click-Sleeves-20_vented_900x900.jpg","type":"image\/jpeg"}],"twitter_card":"summary_large_image","twitter_misc":{"Estimated reading time":"1 minute"},"schema":{"@context":"https:\/\/schema.org","@graph":[{"@type":"WebPage","@id":"https:\/\/kuuloasi.fi\/tuote\/signia-click-sleeve-2-0-ventillinen-tippi\/","url":"https:\/\/kuuloasi.fi\/tuote\/signia-click-sleeve-2-0-ventillinen-tippi\/","name":"Signia Click Sleeve 2.0 ventillinen tippi - kuuloasi.fi","isPartOf":{"@id":"https:\/\/kuuloasi.fi\/#website"},"primaryImageOfPage":{"@id":"https:\/\/kuuloasi.fi\/tuote\/signia-click-sleeve-2-0-ventillinen-tippi\/#primaryimage"},"image":{"@id":"https:\/\/kuuloasi.fi\/tuote\/signia-click-sleeve-2-0-ventillinen-tippi\/#primaryimage"},"thumbnailUrl":"https:\/\/kuuloasi.fi\/wp-content\/uploads\/2025\/12\/Click-Sleeves-20_vented_900x900.jpg","datePublished":"2025-12-03T16:10:01+00:00","dateModified":"2026-04-14T15:26:51+00:00","breadcrumb":{"@id":"https:\/\/kuuloasi.fi\/tuote\/signia-click-sleeve-2-0-ventillinen-tippi\/#breadcrumb"},"inLanguage":"en-GB","potentialAction":[{"@type":"ReadAction","target":["https:\/\/kuuloasi.fi\/tuote\/signia-click-sleeve-2-0-ventillinen-tippi\/"]}]},{"@type":"ImageObject","inLanguage":"en-GB","@id":"https:\/\/kuuloasi.fi\/tuote\/signia-click-sleeve-2-0-ventillinen-tippi\/#primaryimage","url":"https:\/\/kuuloasi.fi\/wp-content\/uploads\/2025\/12\/Click-Sleeves-20_vented_900x900.jpg","contentUrl":"https:\/\/kuuloasi.fi\/wp-content\/uploads\/2025\/12\/Click-Sleeves-20_vented_900x900.jpg","width":900,"height":900},{"@type":"BreadcrumbList","@id":"https:\/\/kuuloasi.fi\/tuote\/signia-click-sleeve-2-0-ventillinen-tippi\/#breadcrumb","itemListElement":[{"@type":"ListItem","position":1,"name":"Etusivu","item":"https:\/\/kuuloasi.fi\/"},{"@type":"ListItem","position":2,"name":"Kauppa","item":"https:\/\/kuuloasi.fi\/kauppa\/"},{"@type":"ListItem","position":3,"name":"Signia Click Sleeve 2.0 ventillinen tippi"}]},{"@type":"WebSite","@id":"https:\/\/kuuloasi.fi\/#website","url":"https:\/\/kuuloasi.fi\/","name":"hearing.co.uk","description":"","potentialAction":[{"@type":"SearchAction","target":{"@type":"EntryPoint","urlTemplate":"https:\/\/kuuloasi.fi\/?s={search_term_string}"},"query-input":{"@type":"PropertyValueSpecification","valueRequired":true,"valueName":"search_term_string"}}],"inLanguage":"en-GB"}]}},"_links":{"self":[{"href":"https:\/\/kuuloasi.fi\/en\/wp-json\/wp\/v2\/product\/694","targetHints":{"allow":["GET"]}}],"collection":[{"href":"https:\/\/kuuloasi.fi\/en\/wp-json\/wp\/v2\/product"}],"about":[{"href":"https:\/\/kuuloasi.fi\/en\/wp-json\/wp\/v2\/types\/product"}],"replies":[{"embeddable":true,"href":"https:\/\/kuuloasi.fi\/en\/wp-json\/wp\/v2\/comments?post=694"}],"wp:featuredmedia":[{"embeddable":true,"href":"https:\/\/kuuloasi.fi\/en\/wp-json\/wp\/v2\/media\/699"}],"wp:attachment":[{"href":"https:\/\/kuuloasi.fi\/en\/wp-json\/wp\/v2\/media?parent=694"}],"wp:term":[{"taxonomy":"product_brand","embeddable":true,"href":"https:\/\/kuuloasi.fi\/en\/wp-json\/wp\/v2\/product_brand?post=694"},{"taxonomy":"product_cat","embeddable":true,"href":"https:\/\/kuuloasi.fi\/en\/wp-json\/wp\/v2\/product_cat?post=694"},{"taxonomy":"product_tag","embeddable":true,"href":"https:\/\/kuuloasi.fi\/en\/wp-json\/wp\/v2\/product_tag?post=694"}],"curies":[{"name":"wp","href":"https:\/\/api.w.org\/{rel}","templated":true}]}}