{"id":690,"date":"2025-12-03T16:04:22","date_gmt":"2025-12-03T16:04:22","guid":{"rendered":"https:\/\/kuuloasi.fi\/?post_type=product&#038;p=690"},"modified":"2025-12-03T16:04:23","modified_gmt":"2025-12-03T16:04:23","slug":"phonak-mikrofonisuoja","status":"publish","type":"product","link":"https:\/\/kuuloasi.fi\/en\/product\/phonak-mikrofonisuoja\/","title":{"rendered":"Phonak microphone protection"},"content":{"rendered":"<p>Compatible Phonak hearing aid models:<\/p>\n<p>long (one part);<\/p>\n<ul>\n<li>Certena<\/li>\n<li>Certena Art<\/li>\n<li>Una<\/li>\n<li>Extra<\/li>\n<li>Eleva<\/li>\n<li>Claro<\/li>\n<li>Perseo<\/li>\n<li>excluding micro models<\/li>\n<\/ul>\n<p>Short (two parts);<\/p>\n<ul>\n<li>Exelia<\/li>\n<li>Exelia Art<\/li>\n<li>Versata<\/li>\n<li>Versata Art<\/li>\n<li>Savia<\/li>\n<li>Savia Art<\/li>\n<li>Na\u00edda SP and UP<\/li>\n<li>Na\u00edda S, SP and UP<\/li>\n<li>Na\u00edda Q, SP and UP<\/li>\n<li>Sky Q, SP and UP<\/li>\n<li>excluding micro models.<\/li>\n<\/ul>\n<p>10 pairs per package.<\/p>","protected":false},"excerpt":{"rendered":"<p>Microphone windscreen suitable for Phonak earbuds. Two different sizes, short (two-piece) and long (one-piece). Choose the size that fits your hearing aids from the drop-down menu.<\/p>\n<p>The microphone protector protects the hearing aid microphone from dirt and reduces wind noise in the hearing aid.<\/p>\n<div class=\"InfoArea New\">\n<div id=\"ProductInfoTabs\" class=\"ui-tabs ui-widget ui-widget-content ui-corner-all epProductInfoTabs ep-js\" data-js=\"\">\n<div id=\"tab-product-description\" class=\"ui-tabs-panel ui-widget-content ui-corner-bottom\" role=\"tabpanel\" aria-live=\"polite\" aria-labelledby=\"ui-id-1\" aria-hidden=\"false\">\n<div class=\"description\">\n<p>10 pairs per package.<\/p>\n<\/div>\n<\/div>\n<\/div>\n<\/div>\n<div class=\"ProductImage\" role=\"group\">\n<div id=\"ProductSlideshow\" tabindex=\"0\">\n<div class=\"custom-card-icons\"><\/div>\n<div class=\"ep-uiMagnifier\">\n<div class=\"ep-uiMagnifier-box\" title=\"Expand\"><\/div>\n<\/div>\n<\/div>\n<\/div>","protected":false},"featured_media":693,"comment_status":"closed","ping_status":"closed","template":"","meta":{"_acf_changed":false},"product_brand":[],"product_cat":[71,22],"product_tag":[105,106,95],"class_list":{"0":"post-690","1":"product","2":"type-product","3":"status-publish","4":"has-post-thumbnail","6":"product_cat-phonak","7":"product_cat-varaosat","8":"product_tag-mikrofoni","9":"product_tag-mikrofonisuoja","10":"product_tag-phonak","12":"first","13":"instock","14":"taxable","15":"shipping-taxable","16":"purchasable","17":"product-type-variable"},"acf":[],"yoast_head":"<!-- This site is optimized with the Yoast SEO plugin v27.4 - https:\/\/yoast.com\/product\/yoast-seo-wordpress\/ -->\n<title>Phonak mikrofonisuoja - kuuloasi.fi<\/title>\n<meta name=\"robots\" content=\"index, follow, max-snippet:-1, max-image-preview:large, max-video-preview:-1\" \/>\n<link rel=\"canonical\" href=\"https:\/\/kuuloasi.fi\/en\/product\/phonak-mikrofonisuoja\/\" \/>\n<meta property=\"og:locale\" content=\"en_GB\" \/>\n<meta property=\"og:type\" content=\"article\" \/>\n<meta property=\"og:title\" content=\"Phonak mikrofonisuoja - kuuloasi.fi\" \/>\n<meta property=\"og:description\" content=\"Phonak korvantauskojeisiin sopiva mikrofonin tuulisuoja. Kaksi eri kokoa, lyhyt (kaksiosainen) sek\u00e4 pitk\u00e4 (yksiosainen). Valitse pudotusvalikosta kuulokojeisiisi sopiva koko.  Mikrofonin suoja suojaa kuulokojeen mikrofonia lialta sek\u00e4 v\u00e4hent\u00e4\u00e4 tuulen kohinaa kuulokojeessa.      paketissa 10 paria.\" \/>\n<meta property=\"og:url\" content=\"https:\/\/kuuloasi.fi\/en\/product\/phonak-mikrofonisuoja\/\" \/>\n<meta property=\"og:site_name\" content=\"kuuloasi.fi\" \/>\n<meta property=\"article:modified_time\" content=\"2025-12-03T16:04:23+00:00\" \/>\n<meta property=\"og:image\" content=\"https:\/\/kuuloasi.fi\/wp-content\/uploads\/2025\/12\/054-0312-228x228-1.jpg\" \/>\n\t<meta property=\"og:image:width\" content=\"228\" \/>\n\t<meta property=\"og:image:height\" content=\"228\" \/>\n\t<meta property=\"og:image:type\" content=\"image\/jpeg\" \/>\n<meta name=\"twitter:card\" content=\"summary_large_image\" \/>\n<script type=\"application\/ld+json\" class=\"yoast-schema-graph\">{\"@context\":\"https:\\\/\\\/schema.org\",\"@graph\":[{\"@type\":\"WebPage\",\"@id\":\"https:\\\/\\\/kuuloasi.fi\\\/tuote\\\/phonak-mikrofonisuoja\\\/\",\"url\":\"https:\\\/\\\/kuuloasi.fi\\\/tuote\\\/phonak-mikrofonisuoja\\\/\",\"name\":\"Phonak mikrofonisuoja - kuuloasi.fi\",\"isPartOf\":{\"@id\":\"https:\\\/\\\/kuuloasi.fi\\\/#website\"},\"primaryImageOfPage\":{\"@id\":\"https:\\\/\\\/kuuloasi.fi\\\/tuote\\\/phonak-mikrofonisuoja\\\/#primaryimage\"},\"image\":{\"@id\":\"https:\\\/\\\/kuuloasi.fi\\\/tuote\\\/phonak-mikrofonisuoja\\\/#primaryimage\"},\"thumbnailUrl\":\"https:\\\/\\\/kuuloasi.fi\\\/wp-content\\\/uploads\\\/2025\\\/12\\\/054-0312-228x228-1.jpg\",\"datePublished\":\"2025-12-03T16:04:22+00:00\",\"dateModified\":\"2025-12-03T16:04:23+00:00\",\"breadcrumb\":{\"@id\":\"https:\\\/\\\/kuuloasi.fi\\\/tuote\\\/phonak-mikrofonisuoja\\\/#breadcrumb\"},\"inLanguage\":\"en-GB\",\"potentialAction\":[{\"@type\":\"ReadAction\",\"target\":[\"https:\\\/\\\/kuuloasi.fi\\\/tuote\\\/phonak-mikrofonisuoja\\\/\"]}]},{\"@type\":\"ImageObject\",\"inLanguage\":\"en-GB\",\"@id\":\"https:\\\/\\\/kuuloasi.fi\\\/tuote\\\/phonak-mikrofonisuoja\\\/#primaryimage\",\"url\":\"https:\\\/\\\/kuuloasi.fi\\\/wp-content\\\/uploads\\\/2025\\\/12\\\/054-0312-228x228-1.jpg\",\"contentUrl\":\"https:\\\/\\\/kuuloasi.fi\\\/wp-content\\\/uploads\\\/2025\\\/12\\\/054-0312-228x228-1.jpg\",\"width\":228,\"height\":228},{\"@type\":\"BreadcrumbList\",\"@id\":\"https:\\\/\\\/kuuloasi.fi\\\/tuote\\\/phonak-mikrofonisuoja\\\/#breadcrumb\",\"itemListElement\":[{\"@type\":\"ListItem\",\"position\":1,\"name\":\"Etusivu\",\"item\":\"https:\\\/\\\/kuuloasi.fi\\\/\"},{\"@type\":\"ListItem\",\"position\":2,\"name\":\"Kauppa\",\"item\":\"https:\\\/\\\/kuuloasi.fi\\\/kauppa\\\/\"},{\"@type\":\"ListItem\",\"position\":3,\"name\":\"Phonak mikrofonisuoja\"}]},{\"@type\":\"WebSite\",\"@id\":\"https:\\\/\\\/kuuloasi.fi\\\/#website\",\"url\":\"https:\\\/\\\/kuuloasi.fi\\\/\",\"name\":\"kuuloasi.fi\",\"description\":\"\",\"potentialAction\":[{\"@type\":\"SearchAction\",\"target\":{\"@type\":\"EntryPoint\",\"urlTemplate\":\"https:\\\/\\\/kuuloasi.fi\\\/?s={search_term_string}\"},\"query-input\":{\"@type\":\"PropertyValueSpecification\",\"valueRequired\":true,\"valueName\":\"search_term_string\"}}],\"inLanguage\":\"en-GB\"}]}<\/script>\n<!-- \/ Yoast SEO plugin. -->","yoast_head_json":{"title":"Phonak mikrofonisuoja - kuuloasi.fi","robots":{"index":"index","follow":"follow","max-snippet":"max-snippet:-1","max-image-preview":"max-image-preview:large","max-video-preview":"max-video-preview:-1"},"canonical":"https:\/\/kuuloasi.fi\/en\/product\/phonak-mikrofonisuoja\/","og_locale":"en_GB","og_type":"article","og_title":"Phonak mikrofonisuoja - kuuloasi.fi","og_description":"Phonak korvantauskojeisiin sopiva mikrofonin tuulisuoja. Kaksi eri kokoa, lyhyt (kaksiosainen) sek\u00e4 pitk\u00e4 (yksiosainen). Valitse pudotusvalikosta kuulokojeisiisi sopiva koko.  Mikrofonin suoja suojaa kuulokojeen mikrofonia lialta sek\u00e4 v\u00e4hent\u00e4\u00e4 tuulen kohinaa kuulokojeessa.      paketissa 10 paria.","og_url":"https:\/\/kuuloasi.fi\/en\/product\/phonak-mikrofonisuoja\/","og_site_name":"kuuloasi.fi","article_modified_time":"2025-12-03T16:04:23+00:00","og_image":[{"width":228,"height":228,"url":"https:\/\/kuuloasi.fi\/wp-content\/uploads\/2025\/12\/054-0312-228x228-1.jpg","type":"image\/jpeg"}],"twitter_card":"summary_large_image","schema":{"@context":"https:\/\/schema.org","@graph":[{"@type":"WebPage","@id":"https:\/\/kuuloasi.fi\/tuote\/phonak-mikrofonisuoja\/","url":"https:\/\/kuuloasi.fi\/tuote\/phonak-mikrofonisuoja\/","name":"Phonak mikrofonisuoja - kuuloasi.fi","isPartOf":{"@id":"https:\/\/kuuloasi.fi\/#website"},"primaryImageOfPage":{"@id":"https:\/\/kuuloasi.fi\/tuote\/phonak-mikrofonisuoja\/#primaryimage"},"image":{"@id":"https:\/\/kuuloasi.fi\/tuote\/phonak-mikrofonisuoja\/#primaryimage"},"thumbnailUrl":"https:\/\/kuuloasi.fi\/wp-content\/uploads\/2025\/12\/054-0312-228x228-1.jpg","datePublished":"2025-12-03T16:04:22+00:00","dateModified":"2025-12-03T16:04:23+00:00","breadcrumb":{"@id":"https:\/\/kuuloasi.fi\/tuote\/phonak-mikrofonisuoja\/#breadcrumb"},"inLanguage":"en-GB","potentialAction":[{"@type":"ReadAction","target":["https:\/\/kuuloasi.fi\/tuote\/phonak-mikrofonisuoja\/"]}]},{"@type":"ImageObject","inLanguage":"en-GB","@id":"https:\/\/kuuloasi.fi\/tuote\/phonak-mikrofonisuoja\/#primaryimage","url":"https:\/\/kuuloasi.fi\/wp-content\/uploads\/2025\/12\/054-0312-228x228-1.jpg","contentUrl":"https:\/\/kuuloasi.fi\/wp-content\/uploads\/2025\/12\/054-0312-228x228-1.jpg","width":228,"height":228},{"@type":"BreadcrumbList","@id":"https:\/\/kuuloasi.fi\/tuote\/phonak-mikrofonisuoja\/#breadcrumb","itemListElement":[{"@type":"ListItem","position":1,"name":"Etusivu","item":"https:\/\/kuuloasi.fi\/"},{"@type":"ListItem","position":2,"name":"Kauppa","item":"https:\/\/kuuloasi.fi\/kauppa\/"},{"@type":"ListItem","position":3,"name":"Phonak mikrofonisuoja"}]},{"@type":"WebSite","@id":"https:\/\/kuuloasi.fi\/#website","url":"https:\/\/kuuloasi.fi\/","name":"hearing.co.uk","description":"","potentialAction":[{"@type":"SearchAction","target":{"@type":"EntryPoint","urlTemplate":"https:\/\/kuuloasi.fi\/?s={search_term_string}"},"query-input":{"@type":"PropertyValueSpecification","valueRequired":true,"valueName":"search_term_string"}}],"inLanguage":"en-GB"}]}},"_links":{"self":[{"href":"https:\/\/kuuloasi.fi\/en\/wp-json\/wp\/v2\/product\/690","targetHints":{"allow":["GET"]}}],"collection":[{"href":"https:\/\/kuuloasi.fi\/en\/wp-json\/wp\/v2\/product"}],"about":[{"href":"https:\/\/kuuloasi.fi\/en\/wp-json\/wp\/v2\/types\/product"}],"replies":[{"embeddable":true,"href":"https:\/\/kuuloasi.fi\/en\/wp-json\/wp\/v2\/comments?post=690"}],"wp:featuredmedia":[{"embeddable":true,"href":"https:\/\/kuuloasi.fi\/en\/wp-json\/wp\/v2\/media\/693"}],"wp:attachment":[{"href":"https:\/\/kuuloasi.fi\/en\/wp-json\/wp\/v2\/media?parent=690"}],"wp:term":[{"taxonomy":"product_brand","embeddable":true,"href":"https:\/\/kuuloasi.fi\/en\/wp-json\/wp\/v2\/product_brand?post=690"},{"taxonomy":"product_cat","embeddable":true,"href":"https:\/\/kuuloasi.fi\/en\/wp-json\/wp\/v2\/product_cat?post=690"},{"taxonomy":"product_tag","embeddable":true,"href":"https:\/\/kuuloasi.fi\/en\/wp-json\/wp\/v2\/product_tag?post=690"}],"curies":[{"name":"wp","href":"https:\/\/api.w.org\/{rel}","templated":true}]}}