{"id":650,"date":"2025-12-03T15:43:55","date_gmt":"2025-12-03T15:43:55","guid":{"rendered":"https:\/\/kuuloasi.fi\/?post_type=product&#038;p=650"},"modified":"2026-04-13T07:08:08","modified_gmt":"2026-04-13T07:08:08","slug":"phonak-micro-sarja-avoin-tippi","status":"publish","type":"product","link":"https:\/\/kuuloasi.fi\/en\/product\/phonak-micro-sarja-avoin-tippi\/","title":{"rendered":"Phonak smoked dome open"},"content":{"rendered":"<p><iframe title=\"Hearing aid tip replacement\" width=\"800\" height=\"450\" src=\"https:\/\/www.youtube.com\/embed\/9MKWhWD0MN4?feature=oembed\" frameborder=\"0\" allow=\"accelerometer; autoplay; clipboard-write; encrypted-media; gyroscope; picture-in-picture; web-share\" referrerpolicy=\"strict-origin-when-cross-origin\" allowfullscreen><\/iframe><\/p>\n<p>Looking for a high-quality solution for your Phonak hearing aids? Your Hearing online store offers Phonak Micro series open headset adapters that will make your listening experience even better.<\/p>\n<p>&nbsp;<\/p>\n<p><strong>Why choose a Phonak Micro series open drip?<\/strong><\/p>\n<p>- The adapter easily attaches to your headphones and fits comfortably in your ear.<br \/>\n- The open design allows your ear to breathe freely, making it extremely comfortable to wear.<br \/>\n- In addition, an open drip tray reduces the echo of your own voice when compared to closed models.<br \/>\n- Important note: We always recommend that you speak to an audiologist before changing your drip device, as the right model will depend on your individual hearing needs.<\/p>\n<p>&nbsp;<\/p>\n<p><strong>Three different sizes are available:<\/strong><\/p>\n<p>- S (5 mm) - 054-1987<br \/>\n- M (7 mm) - 054-1988<br \/>\n- L (10 mm) - 054-1989<\/p>\n<p>Choose your size from the handy drop-down menu. All sizes are accurately measured to the diameter of the widest part of the fitting to ensure a perfect fit.<\/p>\n<p>&nbsp;<\/p>\n<p><strong>Attention:<\/strong><\/p>\n<p>The Phonak Micro series is not compatible with Phonak-Marvel hearing aids.<\/p>\n<p>&nbsp;<\/p>\n<p><strong>10 Piece Package:<\/strong><\/p>\n<p>This high-quality Phonak Micro Series open drip adapter comes in a pack of 10, providing a durable solution to your listening needs.<\/p>\n<p>&nbsp;<\/p>\n<p>Buy your Hearing online now and enhance your listening experience with comfort and quality! We'll work with you to ensure you choose the right model for your needs. Welcome to the online store where customer satisfaction and quality come first.<\/p>","protected":false},"excerpt":{"rendered":"<p><strong>10 Piece Package:<\/strong><\/p>\n<p>This high-quality Phonak Micro Series open drip adapter comes in a pack of 10, providing a durable solution to your listening needs.<\/p>","protected":false},"featured_media":654,"comment_status":"closed","ping_status":"closed","template":"","meta":{"_acf_changed":false},"product_brand":[],"product_cat":[71,22],"product_tag":[95,77],"class_list":{"0":"post-650","1":"product","2":"type-product","3":"status-publish","4":"has-post-thumbnail","6":"product_cat-phonak","7":"product_cat-varaosat","8":"product_tag-phonak","9":"product_tag-tippi","11":"first","12":"instock","13":"taxable","14":"shipping-taxable","15":"purchasable","16":"product-type-variable"},"acf":[],"yoast_head":"<!-- This site is optimized with the Yoast SEO plugin v27.4 - https:\/\/yoast.com\/product\/yoast-seo-wordpress\/ -->\n<title>Phonak micro-sarja avoin tippi - kuuloasi.fi<\/title>\n<meta name=\"robots\" content=\"index, follow, max-snippet:-1, max-image-preview:large, max-video-preview:-1\" \/>\n<link rel=\"canonical\" href=\"https:\/\/kuuloasi.fi\/en\/product\/phonak-micro-sarja-avoin-tippi\/\" \/>\n<meta property=\"og:locale\" content=\"en_GB\" \/>\n<meta property=\"og:type\" content=\"article\" \/>\n<meta property=\"og:title\" content=\"Phonak micro-sarja avoin tippi - kuuloasi.fi\" \/>\n<meta property=\"og:description\" content=\"10 Kappaleen Paketti:  Saat t\u00e4m\u00e4n korkealaatuisen Phonak Micro-sarjan avoimen tippisovitteen 10 kappaleen pakkauksessa, joka tarjoaa kest\u00e4v\u00e4n ratkaisun kuuntelutarpeisiisi.\" \/>\n<meta property=\"og:url\" content=\"https:\/\/kuuloasi.fi\/en\/product\/phonak-micro-sarja-avoin-tippi\/\" \/>\n<meta property=\"og:site_name\" content=\"kuuloasi.fi\" \/>\n<meta property=\"article:modified_time\" content=\"2026-04-13T07:08:08+00:00\" \/>\n<meta property=\"og:image\" content=\"https:\/\/kuuloasi.fi\/wp-content\/uploads\/2025\/12\/054-1988_Open_Dome_M-228x228_ml.jpg\" \/>\n\t<meta property=\"og:image:width\" content=\"228\" \/>\n\t<meta property=\"og:image:height\" content=\"228\" \/>\n\t<meta property=\"og:image:type\" content=\"image\/jpeg\" \/>\n<meta name=\"twitter:card\" content=\"summary_large_image\" \/>\n<meta name=\"twitter:label1\" content=\"Estimated reading time\" \/>\n\t<meta name=\"twitter:data1\" content=\"1 minute\" \/>\n<script type=\"application\/ld+json\" class=\"yoast-schema-graph\">{\"@context\":\"https:\\\/\\\/schema.org\",\"@graph\":[{\"@type\":\"WebPage\",\"@id\":\"https:\\\/\\\/kuuloasi.fi\\\/tuote\\\/phonak-micro-sarja-avoin-tippi\\\/\",\"url\":\"https:\\\/\\\/kuuloasi.fi\\\/tuote\\\/phonak-micro-sarja-avoin-tippi\\\/\",\"name\":\"Phonak micro-sarja avoin tippi - kuuloasi.fi\",\"isPartOf\":{\"@id\":\"https:\\\/\\\/kuuloasi.fi\\\/#website\"},\"primaryImageOfPage\":{\"@id\":\"https:\\\/\\\/kuuloasi.fi\\\/tuote\\\/phonak-micro-sarja-avoin-tippi\\\/#primaryimage\"},\"image\":{\"@id\":\"https:\\\/\\\/kuuloasi.fi\\\/tuote\\\/phonak-micro-sarja-avoin-tippi\\\/#primaryimage\"},\"thumbnailUrl\":\"https:\\\/\\\/kuuloasi.fi\\\/wp-content\\\/uploads\\\/2025\\\/12\\\/054-1988_Open_Dome_M-228x228_ml.jpg\",\"datePublished\":\"2025-12-03T15:43:55+00:00\",\"dateModified\":\"2026-04-13T07:08:08+00:00\",\"breadcrumb\":{\"@id\":\"https:\\\/\\\/kuuloasi.fi\\\/tuote\\\/phonak-micro-sarja-avoin-tippi\\\/#breadcrumb\"},\"inLanguage\":\"en-GB\",\"potentialAction\":[{\"@type\":\"ReadAction\",\"target\":[\"https:\\\/\\\/kuuloasi.fi\\\/tuote\\\/phonak-micro-sarja-avoin-tippi\\\/\"]}]},{\"@type\":\"ImageObject\",\"inLanguage\":\"en-GB\",\"@id\":\"https:\\\/\\\/kuuloasi.fi\\\/tuote\\\/phonak-micro-sarja-avoin-tippi\\\/#primaryimage\",\"url\":\"https:\\\/\\\/kuuloasi.fi\\\/wp-content\\\/uploads\\\/2025\\\/12\\\/054-1988_Open_Dome_M-228x228_ml.jpg\",\"contentUrl\":\"https:\\\/\\\/kuuloasi.fi\\\/wp-content\\\/uploads\\\/2025\\\/12\\\/054-1988_Open_Dome_M-228x228_ml.jpg\",\"width\":228,\"height\":228},{\"@type\":\"BreadcrumbList\",\"@id\":\"https:\\\/\\\/kuuloasi.fi\\\/tuote\\\/phonak-micro-sarja-avoin-tippi\\\/#breadcrumb\",\"itemListElement\":[{\"@type\":\"ListItem\",\"position\":1,\"name\":\"Etusivu\",\"item\":\"https:\\\/\\\/kuuloasi.fi\\\/\"},{\"@type\":\"ListItem\",\"position\":2,\"name\":\"Kauppa\",\"item\":\"https:\\\/\\\/kuuloasi.fi\\\/kauppa\\\/\"},{\"@type\":\"ListItem\",\"position\":3,\"name\":\"Phonak micro-sarja avoin tippi\"}]},{\"@type\":\"WebSite\",\"@id\":\"https:\\\/\\\/kuuloasi.fi\\\/#website\",\"url\":\"https:\\\/\\\/kuuloasi.fi\\\/\",\"name\":\"kuuloasi.fi\",\"description\":\"\",\"potentialAction\":[{\"@type\":\"SearchAction\",\"target\":{\"@type\":\"EntryPoint\",\"urlTemplate\":\"https:\\\/\\\/kuuloasi.fi\\\/?s={search_term_string}\"},\"query-input\":{\"@type\":\"PropertyValueSpecification\",\"valueRequired\":true,\"valueName\":\"search_term_string\"}}],\"inLanguage\":\"en-GB\"}]}<\/script>\n<!-- \/ Yoast SEO plugin. -->","yoast_head_json":{"title":"Phonak micro-sarja avoin tippi - kuuloasi.fi","robots":{"index":"index","follow":"follow","max-snippet":"max-snippet:-1","max-image-preview":"max-image-preview:large","max-video-preview":"max-video-preview:-1"},"canonical":"https:\/\/kuuloasi.fi\/en\/product\/phonak-micro-sarja-avoin-tippi\/","og_locale":"en_GB","og_type":"article","og_title":"Phonak micro-sarja avoin tippi - kuuloasi.fi","og_description":"10 Kappaleen Paketti:  Saat t\u00e4m\u00e4n korkealaatuisen Phonak Micro-sarjan avoimen tippisovitteen 10 kappaleen pakkauksessa, joka tarjoaa kest\u00e4v\u00e4n ratkaisun kuuntelutarpeisiisi.","og_url":"https:\/\/kuuloasi.fi\/en\/product\/phonak-micro-sarja-avoin-tippi\/","og_site_name":"kuuloasi.fi","article_modified_time":"2026-04-13T07:08:08+00:00","og_image":[{"width":228,"height":228,"url":"https:\/\/kuuloasi.fi\/wp-content\/uploads\/2025\/12\/054-1988_Open_Dome_M-228x228_ml.jpg","type":"image\/jpeg"}],"twitter_card":"summary_large_image","twitter_misc":{"Estimated reading time":"1 minute"},"schema":{"@context":"https:\/\/schema.org","@graph":[{"@type":"WebPage","@id":"https:\/\/kuuloasi.fi\/tuote\/phonak-micro-sarja-avoin-tippi\/","url":"https:\/\/kuuloasi.fi\/tuote\/phonak-micro-sarja-avoin-tippi\/","name":"Phonak micro-sarja avoin tippi - kuuloasi.fi","isPartOf":{"@id":"https:\/\/kuuloasi.fi\/#website"},"primaryImageOfPage":{"@id":"https:\/\/kuuloasi.fi\/tuote\/phonak-micro-sarja-avoin-tippi\/#primaryimage"},"image":{"@id":"https:\/\/kuuloasi.fi\/tuote\/phonak-micro-sarja-avoin-tippi\/#primaryimage"},"thumbnailUrl":"https:\/\/kuuloasi.fi\/wp-content\/uploads\/2025\/12\/054-1988_Open_Dome_M-228x228_ml.jpg","datePublished":"2025-12-03T15:43:55+00:00","dateModified":"2026-04-13T07:08:08+00:00","breadcrumb":{"@id":"https:\/\/kuuloasi.fi\/tuote\/phonak-micro-sarja-avoin-tippi\/#breadcrumb"},"inLanguage":"en-GB","potentialAction":[{"@type":"ReadAction","target":["https:\/\/kuuloasi.fi\/tuote\/phonak-micro-sarja-avoin-tippi\/"]}]},{"@type":"ImageObject","inLanguage":"en-GB","@id":"https:\/\/kuuloasi.fi\/tuote\/phonak-micro-sarja-avoin-tippi\/#primaryimage","url":"https:\/\/kuuloasi.fi\/wp-content\/uploads\/2025\/12\/054-1988_Open_Dome_M-228x228_ml.jpg","contentUrl":"https:\/\/kuuloasi.fi\/wp-content\/uploads\/2025\/12\/054-1988_Open_Dome_M-228x228_ml.jpg","width":228,"height":228},{"@type":"BreadcrumbList","@id":"https:\/\/kuuloasi.fi\/tuote\/phonak-micro-sarja-avoin-tippi\/#breadcrumb","itemListElement":[{"@type":"ListItem","position":1,"name":"Etusivu","item":"https:\/\/kuuloasi.fi\/"},{"@type":"ListItem","position":2,"name":"Kauppa","item":"https:\/\/kuuloasi.fi\/kauppa\/"},{"@type":"ListItem","position":3,"name":"Phonak micro-sarja avoin tippi"}]},{"@type":"WebSite","@id":"https:\/\/kuuloasi.fi\/#website","url":"https:\/\/kuuloasi.fi\/","name":"hearing.co.uk","description":"","potentialAction":[{"@type":"SearchAction","target":{"@type":"EntryPoint","urlTemplate":"https:\/\/kuuloasi.fi\/?s={search_term_string}"},"query-input":{"@type":"PropertyValueSpecification","valueRequired":true,"valueName":"search_term_string"}}],"inLanguage":"en-GB"}]}},"_links":{"self":[{"href":"https:\/\/kuuloasi.fi\/en\/wp-json\/wp\/v2\/product\/650","targetHints":{"allow":["GET"]}}],"collection":[{"href":"https:\/\/kuuloasi.fi\/en\/wp-json\/wp\/v2\/product"}],"about":[{"href":"https:\/\/kuuloasi.fi\/en\/wp-json\/wp\/v2\/types\/product"}],"replies":[{"embeddable":true,"href":"https:\/\/kuuloasi.fi\/en\/wp-json\/wp\/v2\/comments?post=650"}],"wp:featuredmedia":[{"embeddable":true,"href":"https:\/\/kuuloasi.fi\/en\/wp-json\/wp\/v2\/media\/654"}],"wp:attachment":[{"href":"https:\/\/kuuloasi.fi\/en\/wp-json\/wp\/v2\/media?parent=650"}],"wp:term":[{"taxonomy":"product_brand","embeddable":true,"href":"https:\/\/kuuloasi.fi\/en\/wp-json\/wp\/v2\/product_brand?post=650"},{"taxonomy":"product_cat","embeddable":true,"href":"https:\/\/kuuloasi.fi\/en\/wp-json\/wp\/v2\/product_cat?post=650"},{"taxonomy":"product_tag","embeddable":true,"href":"https:\/\/kuuloasi.fi\/en\/wp-json\/wp\/v2\/product_tag?post=650"}],"curies":[{"name":"wp","href":"https:\/\/api.w.org\/{rel}","templated":true}]}}