{"id":602,"date":"2025-12-03T14:19:03","date_gmt":"2025-12-03T14:19:03","guid":{"rendered":"https:\/\/kuuloasi.fi\/?post_type=product&#038;p=602"},"modified":"2026-04-02T12:21:54","modified_gmt":"2026-04-02T12:21:54","slug":"no-wax-vahasuoja","status":"publish","type":"product","link":"https:\/\/kuuloasi.fi\/en\/product\/no-wax-vahasuoja\/","title":{"rendered":"No-Wax wax guard"},"content":{"rendered":"<p><iframe title=\"Prowax wax protector replacement for hearing aids\" width=\"800\" height=\"450\" src=\"https:\/\/www.youtube.com\/embed\/WHBGzkKjkc4?feature=oembed\" frameborder=\"0\" allow=\"accelerometer; autoplay; clipboard-write; encrypted-media; gyroscope; picture-in-picture; web-share\" referrerpolicy=\"strict-origin-when-cross-origin\" allowfullscreen><\/iframe><\/p>\n<h2 tabindex=\"0\" data-end=\"963\" data-start=\"934\">Why is wax protection important?<\/h2>\n<p data-end=\"1211\" data-start=\"965\">The ear always secretes some wax, but the amount varies from person to person. Earwax can clog the hearing aid, resulting in reduced, distorted or no sound. This is the most common cause of hearing aid malfunction. With the NoWax earwax protector:<\/p>\n<ul data-end=\"1368\" data-start=\"1212\">\n<li data-end=\"1255\" data-start=\"1212\">\n<p data-end=\"1255\" data-start=\"1214\">Hearing aid sound quality remains clear<\/p>\n<\/li>\n<li data-end=\"1298\" data-start=\"1256\">\n<p data-end=\"1298\" data-start=\"1258\">The risk of blockages is significantly reduced<\/p>\n<\/li>\n<li data-end=\"1368\" data-start=\"1299\">\n<p data-end=\"1368\" data-start=\"1301\">Reduced need for service visits, as you can replace the wax guard yourself<\/p>\n<\/li>\n<\/ul>\n<h2 tabindex=\"0\" data-end=\"1386\" data-start=\"1375\"><\/h2>\n<h2 tabindex=\"0\" data-end=\"1386\" data-start=\"1375\">Compatibility<\/h2>\n<ul data-end=\"1531\" data-start=\"1388\">\n<li data-end=\"1458\" data-start=\"1388\">\n<p data-end=\"1458\" data-start=\"1390\"><strong data-end=\"1412\" data-start=\"1390\">Oticon hearing aids<\/strong>\u00a0(ear canal devices and RIC\/RIE\/RITE models)<\/p>\n<\/li>\n<li data-end=\"1531\" data-start=\"1459\">\n<p data-end=\"1531\" data-start=\"1461\"><strong data-end=\"1485\" data-start=\"1461\">Bernafon hearing aids<\/strong>\u00a0(ear canal devices and RIC\/RIE\/RITE models)<\/p>\n<\/li>\n<\/ul>\n<p data-end=\"1650\" data-start=\"1533\">Always check your hearing aid's manual or labelling to ensure that the Oticon NoWax wax protector is the correct model.<\/p>\n<h2 tabindex=\"0\" data-end=\"1678\" data-start=\"1657\"><\/h2>\n<h2 tabindex=\"0\" data-end=\"1678\" data-start=\"1657\">Packaging and contents<\/h2>\n<ul data-end=\"1912\" data-start=\"1680\">\n<li data-end=\"1721\" data-start=\"1680\">\n<p data-end=\"1721\" data-start=\"1682\">6 disposable wax filters<\/p>\n<\/li>\n<li data-end=\"1768\" data-start=\"1722\">\n<p data-end=\"1768\" data-start=\"1724\">6 wax guard replacement tools (on a disc)<\/p>\n<\/li>\n<li data-end=\"1912\" data-start=\"1769\">\n<p data-end=\"1806\" data-start=\"1771\">The replacement tool has two branches:<\/p>\n<ul data-end=\"1912\" data-start=\"1809\">\n<li data-end=\"1857\" data-start=\"1809\">\n<p data-end=\"1857\" data-start=\"1811\"><strong data-end=\"1824\" data-start=\"1811\">Empty head<\/strong>\u00a0for removing old wax protection<\/p>\n<\/li>\n<li data-end=\"1912\" data-start=\"1860\">\n<p data-end=\"1912\" data-start=\"1862\"><strong data-end=\"1880\" data-start=\"1862\">New wax guard<\/strong>\u00a0for fitting to a hearing aid<\/p>\n<\/li>\n<\/ul>\n<\/li>\n<\/ul>\n<p data-end=\"2107\" data-start=\"1914\">Note! The layout of the packaging has changed, but the contents and use have remained the same. The date shown on the packaging is the date of manufacture and the wax protectors can be used for several years after manufacture.<\/p>\n<h2 tabindex=\"0\" data-end=\"2149\" data-start=\"2114\"><\/h2>\n<h2 tabindex=\"0\" data-end=\"2149\" data-start=\"2114\">When should the wax guard be replaced?<\/h2>\n<ul data-end=\"2322\" data-start=\"2151\">\n<li data-end=\"2225\" data-start=\"2151\">\n<p data-end=\"2225\" data-start=\"2153\">When the hearing aid sound is weakened, distorted or completely lost<\/p>\n<\/li>\n<li data-end=\"2277\" data-start=\"2226\">\n<p data-end=\"2277\" data-start=\"2228\">When the wax guard is clogged with wax or dirt<\/p>\n<\/li>\n<li data-end=\"2322\" data-start=\"2278\">\n<p data-end=\"2322\" data-start=\"2280\">Regularly as part of hearing aid maintenance<\/p>\n<\/li>\n<\/ul>\n<p data-end=\"2416\" data-start=\"2324\"><strong data-end=\"2337\" data-start=\"2324\">Recommendation:<\/strong>\u00a0At least\u00a0<strong data-end=\"2372\" data-start=\"2348\">every four weeks<\/strong>, but more often if there is a lot of wax build-up.<\/p>\n<h2 tabindex=\"0\" data-end=\"2437\" data-start=\"2423\"><\/h2>\n<h2 tabindex=\"0\" data-end=\"2437\" data-start=\"2423\">Exchange guide<\/h2>\n<ol data-end=\"2880\" data-start=\"2439\">\n<li data-end=\"2482\" data-start=\"2439\">\n<p data-end=\"2482\" data-start=\"2442\">Remove one tool from the wax guard disc.<\/p>\n<\/li>\n<li data-end=\"2553\" data-start=\"2483\">\n<p data-end=\"2553\" data-start=\"2486\">The tool has two ends: one empty, the other with a new wax guard.<\/p>\n<\/li>\n<li data-end=\"2633\" data-start=\"2554\">\n<p data-end=\"2633\" data-start=\"2557\">Press the empty end into the old wax protector in the hearing aid and pull it out.<\/p>\n<\/li>\n<li data-end=\"2708\" data-start=\"2634\">\n<p data-end=\"2708\" data-start=\"2637\">Press the other end of the tool (the new wax guard) into the earpiece of the hearing aid.<\/p>\n<\/li>\n<li data-end=\"2800\" data-start=\"2709\">\n<p data-end=\"2800\" data-start=\"2712\">Carefully remove the tool and make sure the new wax guard is in place.<\/p>\n<\/li>\n<li data-end=\"2880\" data-start=\"2801\">\n<p data-end=\"2880\" data-start=\"2804\">Dispose of the used tool so that it does not get mixed up with the unused ones.<\/p>\n<\/li>\n<\/ol>\n<p data-end=\"2975\" data-start=\"2882\">Tip: be careful when removing the tools from the reel, as the wax guard can easily come off the tool.<\/p>\n<h2 tabindex=\"0\" data-end=\"2999\" data-start=\"2982\"><\/h2>\n<h2 tabindex=\"0\" data-end=\"2999\" data-start=\"2982\">Usage tips<\/h2>\n<ul data-end=\"3354\" data-start=\"3001\">\n<li data-end=\"3167\" data-start=\"3001\">\n<p data-end=\"3167\" data-start=\"3003\">It is usually not worth cleaning the wax guard. If loose dirt accumulates on the surface, it can be gently swept off with a cleaning brush (e.g. Multitool or Cedis cleaning brush).<\/p>\n<\/li>\n<li data-end=\"3279\" data-start=\"3168\">\n<p data-end=\"3279\" data-start=\"3170\">If you are not sure about the appropriate wax protector for your hearing aid, contact your hearing aid supplier or service centre.<\/p>\n<\/li>\n<li data-end=\"3354\" data-start=\"3280\">\n<p data-end=\"3354\" data-start=\"3282\">Replace the wax protector immediately if you notice an abnormal sound quality.<\/p>\n<\/li>\n<\/ul>\n<h2 tabindex=\"0\" data-end=\"3374\" data-start=\"3361\"><\/h2>\n<h2 tabindex=\"0\" data-end=\"3374\" data-start=\"3361\">Summary<\/h2>\n<p data-end=\"3596\" data-start=\"3376\">Otico's NoWax wax protector is a reliable and easy-to-use solution for protecting your hearing aids from wax and dirt. Regular replacement will extend the life of your hearing aid and ensure the best possible listening experience.<\/p>","protected":false},"excerpt":{"rendered":"<p><strong data-end=\"426\" data-start=\"348\">protect your hearing aids from wax and preserve sound quality<\/strong><\/p>\n<p data-end=\"705\" data-start=\"428\"><strong data-end=\"454\" data-start=\"428\">Oticon NoWax wax protector<\/strong>\u00a0is a small white disposable filter that prevents ear canal wax and dirt from entering the hearing aid's earpiece. Regular replacement of the wax filter keeps the hearing aid clean, prevents sound degradation and reduces unnecessary service visits.<\/p>\n<p data-end=\"927\" data-start=\"707\">This pack contains\u00a0<strong data-end=\"760\" data-start=\"729\">6 pcs NoWax wax filters<\/strong>\u00a0and the replacement tools for them. Wax protectors are suitable for\u00a0<strong data-end=\"927\" data-start=\"821\">Oticon and Bernafon in-the-ear and in-the-ear models (RIC, RIE, RITE).<\/strong><\/p>","protected":false},"featured_media":603,"comment_status":"closed","ping_status":"closed","template":"","meta":{"_acf_changed":false},"product_brand":[],"product_cat":[70,22],"product_tag":[90,79],"class_list":{"0":"post-602","1":"product","2":"type-product","3":"status-publish","4":"has-post-thumbnail","6":"product_cat-oticon","7":"product_cat-varaosat","8":"product_tag-oticon","9":"product_tag-vahasuoja","11":"first","12":"instock","13":"taxable","14":"shipping-taxable","15":"purchasable","16":"product-type-simple"},"acf":[],"yoast_head":"<!-- This site is optimized with the Yoast SEO plugin v27.4 - https:\/\/yoast.com\/product\/yoast-seo-wordpress\/ -->\n<title>No-Wax vahasuoja - kuuloasi.fi<\/title>\n<meta name=\"robots\" content=\"index, follow, max-snippet:-1, max-image-preview:large, max-video-preview:-1\" \/>\n<link rel=\"canonical\" href=\"https:\/\/kuuloasi.fi\/en\/product\/no-wax-vahasuoja\/\" \/>\n<meta property=\"og:locale\" content=\"en_GB\" \/>\n<meta property=\"og:type\" content=\"article\" \/>\n<meta property=\"og:title\" content=\"No-Wax vahasuoja - kuuloasi.fi\" \/>\n<meta property=\"og:description\" content=\"suojaa kuulokojeesi vahalta ja s\u00e4ilyt\u00e4 \u00e4\u00e4nenlaatu Oticon NoWax vahasuoja\u00a0on pieni valkoinen kertak\u00e4ytt\u00f6inen suodatin, joka est\u00e4\u00e4 korvak\u00e4yt\u00e4v\u00e4n vahaa ja likaa p\u00e4\u00e4sem\u00e4st\u00e4 kuulokojeen kuulokkeeseen. S\u00e4\u00e4nn\u00f6llinen vahasuojan vaihto pit\u00e4\u00e4 kuulokojeen puhtaana, est\u00e4\u00e4 \u00e4\u00e4nen heikentymist\u00e4 ja v\u00e4hent\u00e4\u00e4 tarpeettomia huoltok\u00e4yntej\u00e4. T\u00e4m\u00e4 pakkaus sis\u00e4lt\u00e4\u00e4\u00a06 kpl NoWax-vahasuodattimia\u00a0sek\u00e4 niihin tarkoitetut vaihto-ty\u00f6kalut. Vahasuojat sopivat\u00a0Oticonin ja Bernafonin korvak\u00e4yt\u00e4v\u00e4kojeisiin sek\u00e4 kuuloke korvassa oleviin malleihin (RIC, RIE, RITE).\" \/>\n<meta property=\"og:url\" content=\"https:\/\/kuuloasi.fi\/en\/product\/no-wax-vahasuoja\/\" \/>\n<meta property=\"og:site_name\" content=\"kuuloasi.fi\" \/>\n<meta property=\"article:modified_time\" content=\"2026-04-02T12:21:54+00:00\" \/>\n<meta property=\"og:image\" content=\"https:\/\/kuuloasi.fi\/wp-content\/uploads\/2025\/12\/Nowax-228x228-1.jpg\" \/>\n\t<meta property=\"og:image:width\" content=\"228\" \/>\n\t<meta property=\"og:image:height\" content=\"228\" \/>\n\t<meta property=\"og:image:type\" content=\"image\/jpeg\" \/>\n<meta name=\"twitter:card\" content=\"summary_large_image\" \/>\n<meta name=\"twitter:label1\" content=\"Estimated reading time\" \/>\n\t<meta name=\"twitter:data1\" content=\"2 minutes\" \/>\n<script type=\"application\/ld+json\" class=\"yoast-schema-graph\">{\"@context\":\"https:\\\/\\\/schema.org\",\"@graph\":[{\"@type\":\"WebPage\",\"@id\":\"https:\\\/\\\/kuuloasi.fi\\\/tuote\\\/no-wax-vahasuoja\\\/\",\"url\":\"https:\\\/\\\/kuuloasi.fi\\\/tuote\\\/no-wax-vahasuoja\\\/\",\"name\":\"No-Wax vahasuoja - kuuloasi.fi\",\"isPartOf\":{\"@id\":\"https:\\\/\\\/kuuloasi.fi\\\/#website\"},\"primaryImageOfPage\":{\"@id\":\"https:\\\/\\\/kuuloasi.fi\\\/tuote\\\/no-wax-vahasuoja\\\/#primaryimage\"},\"image\":{\"@id\":\"https:\\\/\\\/kuuloasi.fi\\\/tuote\\\/no-wax-vahasuoja\\\/#primaryimage\"},\"thumbnailUrl\":\"https:\\\/\\\/kuuloasi.fi\\\/wp-content\\\/uploads\\\/2025\\\/12\\\/Nowax-228x228-1.jpg\",\"datePublished\":\"2025-12-03T14:19:03+00:00\",\"dateModified\":\"2026-04-02T12:21:54+00:00\",\"breadcrumb\":{\"@id\":\"https:\\\/\\\/kuuloasi.fi\\\/tuote\\\/no-wax-vahasuoja\\\/#breadcrumb\"},\"inLanguage\":\"en-GB\",\"potentialAction\":[{\"@type\":\"ReadAction\",\"target\":[\"https:\\\/\\\/kuuloasi.fi\\\/tuote\\\/no-wax-vahasuoja\\\/\"]}]},{\"@type\":\"ImageObject\",\"inLanguage\":\"en-GB\",\"@id\":\"https:\\\/\\\/kuuloasi.fi\\\/tuote\\\/no-wax-vahasuoja\\\/#primaryimage\",\"url\":\"https:\\\/\\\/kuuloasi.fi\\\/wp-content\\\/uploads\\\/2025\\\/12\\\/Nowax-228x228-1.jpg\",\"contentUrl\":\"https:\\\/\\\/kuuloasi.fi\\\/wp-content\\\/uploads\\\/2025\\\/12\\\/Nowax-228x228-1.jpg\",\"width\":228,\"height\":228},{\"@type\":\"BreadcrumbList\",\"@id\":\"https:\\\/\\\/kuuloasi.fi\\\/tuote\\\/no-wax-vahasuoja\\\/#breadcrumb\",\"itemListElement\":[{\"@type\":\"ListItem\",\"position\":1,\"name\":\"Etusivu\",\"item\":\"https:\\\/\\\/kuuloasi.fi\\\/\"},{\"@type\":\"ListItem\",\"position\":2,\"name\":\"Kauppa\",\"item\":\"https:\\\/\\\/kuuloasi.fi\\\/kauppa\\\/\"},{\"@type\":\"ListItem\",\"position\":3,\"name\":\"No-Wax vahasuoja\"}]},{\"@type\":\"WebSite\",\"@id\":\"https:\\\/\\\/kuuloasi.fi\\\/#website\",\"url\":\"https:\\\/\\\/kuuloasi.fi\\\/\",\"name\":\"kuuloasi.fi\",\"description\":\"\",\"potentialAction\":[{\"@type\":\"SearchAction\",\"target\":{\"@type\":\"EntryPoint\",\"urlTemplate\":\"https:\\\/\\\/kuuloasi.fi\\\/?s={search_term_string}\"},\"query-input\":{\"@type\":\"PropertyValueSpecification\",\"valueRequired\":true,\"valueName\":\"search_term_string\"}}],\"inLanguage\":\"en-GB\"}]}<\/script>\n<!-- \/ Yoast SEO plugin. -->","yoast_head_json":{"title":"No-Wax vahasuoja - kuuloasi.fi","robots":{"index":"index","follow":"follow","max-snippet":"max-snippet:-1","max-image-preview":"max-image-preview:large","max-video-preview":"max-video-preview:-1"},"canonical":"https:\/\/kuuloasi.fi\/en\/product\/no-wax-vahasuoja\/","og_locale":"en_GB","og_type":"article","og_title":"No-Wax vahasuoja - kuuloasi.fi","og_description":"suojaa kuulokojeesi vahalta ja s\u00e4ilyt\u00e4 \u00e4\u00e4nenlaatu Oticon NoWax vahasuoja\u00a0on pieni valkoinen kertak\u00e4ytt\u00f6inen suodatin, joka est\u00e4\u00e4 korvak\u00e4yt\u00e4v\u00e4n vahaa ja likaa p\u00e4\u00e4sem\u00e4st\u00e4 kuulokojeen kuulokkeeseen. S\u00e4\u00e4nn\u00f6llinen vahasuojan vaihto pit\u00e4\u00e4 kuulokojeen puhtaana, est\u00e4\u00e4 \u00e4\u00e4nen heikentymist\u00e4 ja v\u00e4hent\u00e4\u00e4 tarpeettomia huoltok\u00e4yntej\u00e4. T\u00e4m\u00e4 pakkaus sis\u00e4lt\u00e4\u00e4\u00a06 kpl NoWax-vahasuodattimia\u00a0sek\u00e4 niihin tarkoitetut vaihto-ty\u00f6kalut. Vahasuojat sopivat\u00a0Oticonin ja Bernafonin korvak\u00e4yt\u00e4v\u00e4kojeisiin sek\u00e4 kuuloke korvassa oleviin malleihin (RIC, RIE, RITE).","og_url":"https:\/\/kuuloasi.fi\/en\/product\/no-wax-vahasuoja\/","og_site_name":"kuuloasi.fi","article_modified_time":"2026-04-02T12:21:54+00:00","og_image":[{"width":228,"height":228,"url":"https:\/\/kuuloasi.fi\/wp-content\/uploads\/2025\/12\/Nowax-228x228-1.jpg","type":"image\/jpeg"}],"twitter_card":"summary_large_image","twitter_misc":{"Estimated reading time":"2 minutes"},"schema":{"@context":"https:\/\/schema.org","@graph":[{"@type":"WebPage","@id":"https:\/\/kuuloasi.fi\/tuote\/no-wax-vahasuoja\/","url":"https:\/\/kuuloasi.fi\/tuote\/no-wax-vahasuoja\/","name":"No-Wax vahasuoja - kuuloasi.fi","isPartOf":{"@id":"https:\/\/kuuloasi.fi\/#website"},"primaryImageOfPage":{"@id":"https:\/\/kuuloasi.fi\/tuote\/no-wax-vahasuoja\/#primaryimage"},"image":{"@id":"https:\/\/kuuloasi.fi\/tuote\/no-wax-vahasuoja\/#primaryimage"},"thumbnailUrl":"https:\/\/kuuloasi.fi\/wp-content\/uploads\/2025\/12\/Nowax-228x228-1.jpg","datePublished":"2025-12-03T14:19:03+00:00","dateModified":"2026-04-02T12:21:54+00:00","breadcrumb":{"@id":"https:\/\/kuuloasi.fi\/tuote\/no-wax-vahasuoja\/#breadcrumb"},"inLanguage":"en-GB","potentialAction":[{"@type":"ReadAction","target":["https:\/\/kuuloasi.fi\/tuote\/no-wax-vahasuoja\/"]}]},{"@type":"ImageObject","inLanguage":"en-GB","@id":"https:\/\/kuuloasi.fi\/tuote\/no-wax-vahasuoja\/#primaryimage","url":"https:\/\/kuuloasi.fi\/wp-content\/uploads\/2025\/12\/Nowax-228x228-1.jpg","contentUrl":"https:\/\/kuuloasi.fi\/wp-content\/uploads\/2025\/12\/Nowax-228x228-1.jpg","width":228,"height":228},{"@type":"BreadcrumbList","@id":"https:\/\/kuuloasi.fi\/tuote\/no-wax-vahasuoja\/#breadcrumb","itemListElement":[{"@type":"ListItem","position":1,"name":"Etusivu","item":"https:\/\/kuuloasi.fi\/"},{"@type":"ListItem","position":2,"name":"Kauppa","item":"https:\/\/kuuloasi.fi\/kauppa\/"},{"@type":"ListItem","position":3,"name":"No-Wax vahasuoja"}]},{"@type":"WebSite","@id":"https:\/\/kuuloasi.fi\/#website","url":"https:\/\/kuuloasi.fi\/","name":"hearing.co.uk","description":"","potentialAction":[{"@type":"SearchAction","target":{"@type":"EntryPoint","urlTemplate":"https:\/\/kuuloasi.fi\/?s={search_term_string}"},"query-input":{"@type":"PropertyValueSpecification","valueRequired":true,"valueName":"search_term_string"}}],"inLanguage":"en-GB"}]}},"_links":{"self":[{"href":"https:\/\/kuuloasi.fi\/en\/wp-json\/wp\/v2\/product\/602","targetHints":{"allow":["GET"]}}],"collection":[{"href":"https:\/\/kuuloasi.fi\/en\/wp-json\/wp\/v2\/product"}],"about":[{"href":"https:\/\/kuuloasi.fi\/en\/wp-json\/wp\/v2\/types\/product"}],"replies":[{"embeddable":true,"href":"https:\/\/kuuloasi.fi\/en\/wp-json\/wp\/v2\/comments?post=602"}],"wp:featuredmedia":[{"embeddable":true,"href":"https:\/\/kuuloasi.fi\/en\/wp-json\/wp\/v2\/media\/603"}],"wp:attachment":[{"href":"https:\/\/kuuloasi.fi\/en\/wp-json\/wp\/v2\/media?parent=602"}],"wp:term":[{"taxonomy":"product_brand","embeddable":true,"href":"https:\/\/kuuloasi.fi\/en\/wp-json\/wp\/v2\/product_brand?post=602"},{"taxonomy":"product_cat","embeddable":true,"href":"https:\/\/kuuloasi.fi\/en\/wp-json\/wp\/v2\/product_cat?post=602"},{"taxonomy":"product_tag","embeddable":true,"href":"https:\/\/kuuloasi.fi\/en\/wp-json\/wp\/v2\/product_tag?post=602"}],"curies":[{"name":"wp","href":"https:\/\/api.w.org\/{rel}","templated":true}]}}