{"id":601,"date":"2025-12-03T14:18:57","date_gmt":"2025-12-03T14:18:57","guid":{"rendered":"https:\/\/kuuloasi.fi\/?post_type=product&#038;p=601"},"modified":"2026-04-14T09:11:43","modified_gmt":"2026-04-14T09:11:43","slug":"prowax-minifit-vahasuoja","status":"publish","type":"product","link":"https:\/\/kuuloasi.fi\/en\/product\/prowax-minifit-vahasuoja\/","title":{"rendered":"ProWax miniFit wax guard"},"content":{"rendered":"<p><iframe title=\"Prowax wax protector replacement for hearing aids\" width=\"800\" height=\"450\" src=\"https:\/\/www.youtube.com\/embed\/WHBGzkKjkc4?feature=oembed\" frameborder=\"0\" allow=\"accelerometer; autoplay; clipboard-write; encrypted-media; gyroscope; picture-in-picture; web-share\" referrerpolicy=\"strict-origin-when-cross-origin\" allowfullscreen><\/iframe><\/p>\n<h2 tabindex=\"0\" data-end=\"701\" data-start=\"677\">Product features<\/h2>\n<ul data-end=\"1157\" data-start=\"703\">\n<li data-end=\"765\" data-start=\"703\">\n<p data-end=\"765\" data-start=\"705\">Prevents earwax and dirt from entering the sensitive parts of the hearing aid<\/p>\n<\/li>\n<li data-end=\"828\" data-start=\"766\">\n<p data-end=\"828\" data-start=\"768\">Extends the life of your hearing aid and reduces the need for maintenance<\/p>\n<\/li>\n<li data-end=\"923\" data-start=\"829\">\n<p data-end=\"923\" data-start=\"831\">Suitable for both\u00a0<strong data-end=\"867\" data-start=\"842\">for ear canal devices<\/strong>\u00a0to\u00a0<strong data-end=\"921\" data-start=\"873\">Earphone in the ear models (RIC, RIE, RITE)<\/strong><\/p>\n<\/li>\n<li data-end=\"981\" data-start=\"924\">\n<p data-end=\"981\" data-start=\"926\">Compatible with Oticon and Bernafon hearing aids<\/p>\n<\/li>\n<li data-end=\"1104\" data-start=\"982\">\n<p data-end=\"1104\" data-start=\"984\">Convenient 6-pack: each tool has a new wax guard at one end and an empty branch for removing the old one<\/p>\n<\/li>\n<li data-end=\"1157\" data-start=\"1105\">\n<p data-end=\"1157\" data-start=\"1107\">Quick and easy to replace yourself without a service visit<\/p>\n<\/li>\n<\/ul>\n<h2 tabindex=\"0\" data-end=\"1181\" data-start=\"1164\"><\/h2>\n<h2 tabindex=\"0\" data-end=\"1181\" data-start=\"1164\">Compatibility<\/h2>\n<ul data-end=\"1304\" data-start=\"1183\">\n<li data-end=\"1242\" data-start=\"1183\">\n<p data-end=\"1242\" data-start=\"1185\"><strong data-end=\"1195\" data-start=\"1185\">Oticon<\/strong>\u00a0hearing aids (with miniFit ProWax system)<\/p>\n<\/li>\n<li data-end=\"1304\" data-start=\"1243\">\n<p data-end=\"1304\" data-start=\"1245\"><strong data-end=\"1257\" data-start=\"1245\">Bernafon<\/strong>\u00a0hearing aids (with miniFit ProWax system)<\/p>\n<\/li>\n<\/ul>\n<h2 tabindex=\"0\" data-end=\"1332\" data-start=\"1311\"><\/h2>\n<h2 tabindex=\"0\" data-end=\"1332\" data-start=\"1311\">Revamped packaging<\/h2>\n<p data-end=\"1572\" data-start=\"1334\">From March 2025, the Oticon ProWax miniFit kit will be replaced with a more environmentally friendly design and replacement tool.\u00a0<strong data-end=\"1527\" data-start=\"1467\">The wax guards themselves are identical and compatible<\/strong>\u00a0- only the packaging and the tool have changed.<\/p>\n<p data-end=\"1746\" data-start=\"1574\">The date shown on the packaging indicates the date of manufacture. Wax protectors can be used for several years after manufacture as long as they are stored in their own sealed packaging.<\/p>\n<h2 tabindex=\"0\" data-end=\"1786\" data-start=\"1753\"><\/h2>\n<h2 tabindex=\"0\" data-end=\"1786\" data-start=\"1753\">Why should the wax guard be replaced?<\/h2>\n<p data-end=\"2066\" data-start=\"1788\">The ear canal always secretes wax, which can clog the hearing aid over time. This leads to sound degradation, distortion or complete mute.\u00a0<strong data-end=\"2002\" data-start=\"1944\">Clogged wax protector is the most common problem with hearing aids<\/strong>, but this can be easily prevented by replacing the wax guard yourself.<\/p>\n<h2 tabindex=\"0\" data-end=\"2087\" data-start=\"2073\"><\/h2>\n<h2 tabindex=\"0\" data-end=\"2087\" data-start=\"2073\">Exchange guide<\/h2>\n<ol data-end=\"2502\" data-start=\"2089\">\n<li data-end=\"2127\" data-start=\"2089\">\n<p data-end=\"2127\" data-start=\"2092\">Remove one tool from the packaging.<\/p>\n<\/li>\n<li data-end=\"2246\" data-start=\"2128\">\n<p data-end=\"2246\" data-start=\"2131\">The tool has two branches:\u00a0<strong data-end=\"2174\" data-start=\"2159\">empty branch<\/strong>\u00a0removing the old wax guard, and\u00a0<strong data-end=\"2227\" data-start=\"2209\">new wax guard<\/strong>\u00a0at the other end.<\/p>\n<\/li>\n<li data-end=\"2328\" data-start=\"2247\">\n<p data-end=\"2328\" data-start=\"2250\">Press the empty branch into the old wax protector in the hearing aid and pull it out.<\/p>\n<\/li>\n<li data-end=\"2412\" data-start=\"2329\">\n<p data-end=\"2412\" data-start=\"2332\">Insert the new wax protector into the hearing aid by pressing the other end of the tool into place.<\/p>\n<\/li>\n<li data-end=\"2502\" data-start=\"2413\">\n<p data-end=\"2502\" data-start=\"2416\">Remove the tool and dispose of it so that used and new wax protectors do not get mixed up.<\/p>\n<\/li>\n<\/ol>\n<h2 tabindex=\"0\" data-end=\"2550\" data-start=\"2509\"><\/h2>\n<h2 tabindex=\"0\" data-end=\"2550\" data-start=\"2509\">How often should the wax guard be replaced?<\/h2>\n<ul data-end=\"2868\" data-start=\"2552\">\n<li data-end=\"2649\" data-start=\"2552\">\n<p data-end=\"2649\" data-start=\"2554\">We recommend replacement\u00a0<strong data-end=\"2608\" data-start=\"2576\">at least once a month<\/strong>\u00a0or more often if there is a lot of wax build-up.<\/p>\n<\/li>\n<li data-end=\"2752\" data-start=\"2650\">\n<p data-end=\"2752\" data-start=\"2652\">Replace the wax protector immediately if the hearing aid's sound becomes weaker, abnormal or disappears.<\/p>\n<\/li>\n<li data-end=\"2868\" data-start=\"2753\">\n<p data-end=\"2868\" data-start=\"2755\">The wax guard does not need to be cleaned, but you can gently brush the loose foil, for example with a Multitool cleaning brush.<\/p>\n<\/li>\n<\/ul>\n<h2 tabindex=\"0\" data-end=\"2888\" data-start=\"2875\"><\/h2>\n<h2 tabindex=\"0\" data-end=\"2888\" data-start=\"2875\">Summary<\/h2>\n<p data-end=\"3119\" data-start=\"2890\"><strong data-end=\"2925\" data-start=\"2890\">Oticon ProWax miniFit wax protector<\/strong>\u00a0is an easy-to-use and reliable solution for protecting your hearing aids from earwax. It keeps your hearing aids in good working order, reduces the need for maintenance and ensures the best possible sound quality.<\/p>","protected":false},"excerpt":{"rendered":"<p><strong data-end=\"316\" data-start=\"237\">protect your hearing aids and preserve sound quality<\/strong><\/p>\n<p data-end=\"576\" data-start=\"318\"><strong data-end=\"353\" data-start=\"318\">Oticon ProWax miniFit wax protector<\/strong>\u00a0is a small but important hearing aid that protects the ear canal from earwax and dirt blockages. Regularly replaced, it ensures that your hearing aids work reliably and sound quality remains clear.<\/p>\n<p data-end=\"670\" data-start=\"578\">The package contains\u00a0<strong data-end=\"632\" data-start=\"595\">6 disposable wax filters<\/strong>\u00a0and easy-to-use replacement tools.<\/p>","protected":false},"featured_media":598,"comment_status":"closed","ping_status":"closed","template":"","meta":{"_acf_changed":false},"product_brand":[],"product_cat":[70,22],"product_tag":[90,79],"class_list":{"0":"post-601","1":"product","2":"type-product","3":"status-publish","4":"has-post-thumbnail","6":"product_cat-oticon","7":"product_cat-varaosat","8":"product_tag-oticon","9":"product_tag-vahasuoja","11":"first","12":"instock","13":"taxable","14":"shipping-taxable","15":"purchasable","16":"product-type-simple"},"acf":[],"yoast_head":"<!-- This site is optimized with the Yoast SEO plugin v27.4 - https:\/\/yoast.com\/product\/yoast-seo-wordpress\/ -->\n<title>ProWax miniFit-vahasuoja - kuuloasi.fi<\/title>\n<meta name=\"robots\" content=\"index, follow, max-snippet:-1, max-image-preview:large, max-video-preview:-1\" \/>\n<link rel=\"canonical\" href=\"https:\/\/kuuloasi.fi\/en\/product\/prowax-minifit-vahasuoja\/\" \/>\n<meta property=\"og:locale\" content=\"en_GB\" \/>\n<meta property=\"og:type\" content=\"article\" \/>\n<meta property=\"og:title\" content=\"ProWax miniFit-vahasuoja - kuuloasi.fi\" \/>\n<meta property=\"og:description\" content=\"suojaa kuulokojeesi ja s\u00e4ilyt\u00e4 \u00e4\u00e4nenlaatu Oticon ProWax miniFit vahasuoja\u00a0on pieni mutta t\u00e4rke\u00e4 kuulotarvike, joka suojaa kuulokojetta korvavahan ja lian aiheuttamilta tukkeutumisilta. S\u00e4\u00e4nn\u00f6llisesti vaihdettuna se varmistaa, ett\u00e4 kuulokojeesi toimii luotettavasti ja \u00e4\u00e4nenlaatu pysyy selke\u00e4n\u00e4. Pakkaus sis\u00e4lt\u00e4\u00e4\u00a06 kertak\u00e4ytt\u00f6ist\u00e4 vahasuodattinta\u00a0ja helppok\u00e4ytt\u00f6iset vaihtoty\u00f6kalut.\" \/>\n<meta property=\"og:url\" content=\"https:\/\/kuuloasi.fi\/en\/product\/prowax-minifit-vahasuoja\/\" \/>\n<meta property=\"og:site_name\" content=\"kuuloasi.fi\" \/>\n<meta property=\"article:modified_time\" content=\"2026-04-14T09:11:43+00:00\" \/>\n<meta property=\"og:image\" content=\"https:\/\/kuuloasi.fi\/wp-content\/uploads\/2025\/12\/Oticon-ProWax-Minifit.jpg\" \/>\n\t<meta property=\"og:image:width\" content=\"750\" \/>\n\t<meta property=\"og:image:height\" content=\"750\" \/>\n\t<meta property=\"og:image:type\" content=\"image\/jpeg\" \/>\n<meta name=\"twitter:card\" content=\"summary_large_image\" \/>\n<meta name=\"twitter:label1\" content=\"Estimated reading time\" \/>\n\t<meta name=\"twitter:data1\" content=\"2 minutes\" \/>\n<script type=\"application\/ld+json\" class=\"yoast-schema-graph\">{\"@context\":\"https:\\\/\\\/schema.org\",\"@graph\":[{\"@type\":\"WebPage\",\"@id\":\"https:\\\/\\\/kuuloasi.fi\\\/tuote\\\/prowax-minifit-vahasuoja\\\/\",\"url\":\"https:\\\/\\\/kuuloasi.fi\\\/tuote\\\/prowax-minifit-vahasuoja\\\/\",\"name\":\"ProWax miniFit-vahasuoja - kuuloasi.fi\",\"isPartOf\":{\"@id\":\"https:\\\/\\\/kuuloasi.fi\\\/#website\"},\"primaryImageOfPage\":{\"@id\":\"https:\\\/\\\/kuuloasi.fi\\\/tuote\\\/prowax-minifit-vahasuoja\\\/#primaryimage\"},\"image\":{\"@id\":\"https:\\\/\\\/kuuloasi.fi\\\/tuote\\\/prowax-minifit-vahasuoja\\\/#primaryimage\"},\"thumbnailUrl\":\"https:\\\/\\\/kuuloasi.fi\\\/wp-content\\\/uploads\\\/2025\\\/12\\\/Oticon-ProWax-Minifit.jpg\",\"datePublished\":\"2025-12-03T14:18:57+00:00\",\"dateModified\":\"2026-04-14T09:11:43+00:00\",\"breadcrumb\":{\"@id\":\"https:\\\/\\\/kuuloasi.fi\\\/tuote\\\/prowax-minifit-vahasuoja\\\/#breadcrumb\"},\"inLanguage\":\"en-GB\",\"potentialAction\":[{\"@type\":\"ReadAction\",\"target\":[\"https:\\\/\\\/kuuloasi.fi\\\/tuote\\\/prowax-minifit-vahasuoja\\\/\"]}]},{\"@type\":\"ImageObject\",\"inLanguage\":\"en-GB\",\"@id\":\"https:\\\/\\\/kuuloasi.fi\\\/tuote\\\/prowax-minifit-vahasuoja\\\/#primaryimage\",\"url\":\"https:\\\/\\\/kuuloasi.fi\\\/wp-content\\\/uploads\\\/2025\\\/12\\\/Oticon-ProWax-Minifit.jpg\",\"contentUrl\":\"https:\\\/\\\/kuuloasi.fi\\\/wp-content\\\/uploads\\\/2025\\\/12\\\/Oticon-ProWax-Minifit.jpg\",\"width\":750,\"height\":750},{\"@type\":\"BreadcrumbList\",\"@id\":\"https:\\\/\\\/kuuloasi.fi\\\/tuote\\\/prowax-minifit-vahasuoja\\\/#breadcrumb\",\"itemListElement\":[{\"@type\":\"ListItem\",\"position\":1,\"name\":\"Etusivu\",\"item\":\"https:\\\/\\\/kuuloasi.fi\\\/\"},{\"@type\":\"ListItem\",\"position\":2,\"name\":\"Kauppa\",\"item\":\"https:\\\/\\\/kuuloasi.fi\\\/kauppa\\\/\"},{\"@type\":\"ListItem\",\"position\":3,\"name\":\"ProWax miniFit-vahasuoja\"}]},{\"@type\":\"WebSite\",\"@id\":\"https:\\\/\\\/kuuloasi.fi\\\/#website\",\"url\":\"https:\\\/\\\/kuuloasi.fi\\\/\",\"name\":\"kuuloasi.fi\",\"description\":\"\",\"potentialAction\":[{\"@type\":\"SearchAction\",\"target\":{\"@type\":\"EntryPoint\",\"urlTemplate\":\"https:\\\/\\\/kuuloasi.fi\\\/?s={search_term_string}\"},\"query-input\":{\"@type\":\"PropertyValueSpecification\",\"valueRequired\":true,\"valueName\":\"search_term_string\"}}],\"inLanguage\":\"en-GB\"}]}<\/script>\n<!-- \/ Yoast SEO plugin. -->","yoast_head_json":{"title":"ProWax miniFit-vahasuoja - kuuloasi.fi","robots":{"index":"index","follow":"follow","max-snippet":"max-snippet:-1","max-image-preview":"max-image-preview:large","max-video-preview":"max-video-preview:-1"},"canonical":"https:\/\/kuuloasi.fi\/en\/product\/prowax-minifit-vahasuoja\/","og_locale":"en_GB","og_type":"article","og_title":"ProWax miniFit-vahasuoja - kuuloasi.fi","og_description":"suojaa kuulokojeesi ja s\u00e4ilyt\u00e4 \u00e4\u00e4nenlaatu Oticon ProWax miniFit vahasuoja\u00a0on pieni mutta t\u00e4rke\u00e4 kuulotarvike, joka suojaa kuulokojetta korvavahan ja lian aiheuttamilta tukkeutumisilta. S\u00e4\u00e4nn\u00f6llisesti vaihdettuna se varmistaa, ett\u00e4 kuulokojeesi toimii luotettavasti ja \u00e4\u00e4nenlaatu pysyy selke\u00e4n\u00e4. Pakkaus sis\u00e4lt\u00e4\u00e4\u00a06 kertak\u00e4ytt\u00f6ist\u00e4 vahasuodattinta\u00a0ja helppok\u00e4ytt\u00f6iset vaihtoty\u00f6kalut.","og_url":"https:\/\/kuuloasi.fi\/en\/product\/prowax-minifit-vahasuoja\/","og_site_name":"kuuloasi.fi","article_modified_time":"2026-04-14T09:11:43+00:00","og_image":[{"width":750,"height":750,"url":"https:\/\/kuuloasi.fi\/wp-content\/uploads\/2025\/12\/Oticon-ProWax-Minifit.jpg","type":"image\/jpeg"}],"twitter_card":"summary_large_image","twitter_misc":{"Estimated reading time":"2 minutes"},"schema":{"@context":"https:\/\/schema.org","@graph":[{"@type":"WebPage","@id":"https:\/\/kuuloasi.fi\/tuote\/prowax-minifit-vahasuoja\/","url":"https:\/\/kuuloasi.fi\/tuote\/prowax-minifit-vahasuoja\/","name":"ProWax miniFit-vahasuoja - kuuloasi.fi","isPartOf":{"@id":"https:\/\/kuuloasi.fi\/#website"},"primaryImageOfPage":{"@id":"https:\/\/kuuloasi.fi\/tuote\/prowax-minifit-vahasuoja\/#primaryimage"},"image":{"@id":"https:\/\/kuuloasi.fi\/tuote\/prowax-minifit-vahasuoja\/#primaryimage"},"thumbnailUrl":"https:\/\/kuuloasi.fi\/wp-content\/uploads\/2025\/12\/Oticon-ProWax-Minifit.jpg","datePublished":"2025-12-03T14:18:57+00:00","dateModified":"2026-04-14T09:11:43+00:00","breadcrumb":{"@id":"https:\/\/kuuloasi.fi\/tuote\/prowax-minifit-vahasuoja\/#breadcrumb"},"inLanguage":"en-GB","potentialAction":[{"@type":"ReadAction","target":["https:\/\/kuuloasi.fi\/tuote\/prowax-minifit-vahasuoja\/"]}]},{"@type":"ImageObject","inLanguage":"en-GB","@id":"https:\/\/kuuloasi.fi\/tuote\/prowax-minifit-vahasuoja\/#primaryimage","url":"https:\/\/kuuloasi.fi\/wp-content\/uploads\/2025\/12\/Oticon-ProWax-Minifit.jpg","contentUrl":"https:\/\/kuuloasi.fi\/wp-content\/uploads\/2025\/12\/Oticon-ProWax-Minifit.jpg","width":750,"height":750},{"@type":"BreadcrumbList","@id":"https:\/\/kuuloasi.fi\/tuote\/prowax-minifit-vahasuoja\/#breadcrumb","itemListElement":[{"@type":"ListItem","position":1,"name":"Etusivu","item":"https:\/\/kuuloasi.fi\/"},{"@type":"ListItem","position":2,"name":"Kauppa","item":"https:\/\/kuuloasi.fi\/kauppa\/"},{"@type":"ListItem","position":3,"name":"ProWax miniFit-vahasuoja"}]},{"@type":"WebSite","@id":"https:\/\/kuuloasi.fi\/#website","url":"https:\/\/kuuloasi.fi\/","name":"hearing.co.uk","description":"","potentialAction":[{"@type":"SearchAction","target":{"@type":"EntryPoint","urlTemplate":"https:\/\/kuuloasi.fi\/?s={search_term_string}"},"query-input":{"@type":"PropertyValueSpecification","valueRequired":true,"valueName":"search_term_string"}}],"inLanguage":"en-GB"}]}},"_links":{"self":[{"href":"https:\/\/kuuloasi.fi\/en\/wp-json\/wp\/v2\/product\/601","targetHints":{"allow":["GET"]}}],"collection":[{"href":"https:\/\/kuuloasi.fi\/en\/wp-json\/wp\/v2\/product"}],"about":[{"href":"https:\/\/kuuloasi.fi\/en\/wp-json\/wp\/v2\/types\/product"}],"replies":[{"embeddable":true,"href":"https:\/\/kuuloasi.fi\/en\/wp-json\/wp\/v2\/comments?post=601"}],"wp:featuredmedia":[{"embeddable":true,"href":"https:\/\/kuuloasi.fi\/en\/wp-json\/wp\/v2\/media\/598"}],"wp:attachment":[{"href":"https:\/\/kuuloasi.fi\/en\/wp-json\/wp\/v2\/media?parent=601"}],"wp:term":[{"taxonomy":"product_brand","embeddable":true,"href":"https:\/\/kuuloasi.fi\/en\/wp-json\/wp\/v2\/product_brand?post=601"},{"taxonomy":"product_cat","embeddable":true,"href":"https:\/\/kuuloasi.fi\/en\/wp-json\/wp\/v2\/product_cat?post=601"},{"taxonomy":"product_tag","embeddable":true,"href":"https:\/\/kuuloasi.fi\/en\/wp-json\/wp\/v2\/product_tag?post=601"}],"curies":[{"name":"wp","href":"https:\/\/api.w.org\/{rel}","templated":true}]}}