{"id":587,"date":"2025-12-03T13:55:52","date_gmt":"2025-12-03T13:55:52","guid":{"rendered":"https:\/\/kuuloasi.fi\/?post_type=product&#038;p=587"},"modified":"2026-04-07T10:22:14","modified_gmt":"2026-04-07T10:22:14","slug":"oticon-power-tippi","status":"publish","type":"product","link":"https:\/\/kuuloasi.fi\/en\/product\/oticon-power-tippi\/","title":{"rendered":"Oticon miniFit power dome"},"content":{"rendered":"<p><iframe title=\"Hearing aid tip replacement\" width=\"800\" height=\"450\" src=\"https:\/\/www.youtube.com\/embed\/9MKWhWD0MN4?feature=oembed\" frameborder=\"0\" allow=\"accelerometer; autoplay; clipboard-write; encrypted-media; gyroscope; picture-in-picture; web-share\" referrerpolicy=\"strict-origin-when-cross-origin\" allowfullscreen><\/iframe><\/p>\n<h2 tabindex=\"0\" data-end=\"723\" data-start=\"693\">Why choose Power-tip?<\/h2>\n<p data-end=\"1040\" data-start=\"724\">The Power model offers a sealed, dual-layer design that minimises sound travel and allows the hearing aid to be\u00a0<strong data-end=\"871\" data-start=\"848\">more confirmation<\/strong>. This makes the tip an excellent option for users who need a higher volume or tighter fit than an open or valve tip offers.<\/p>\n<h2 tabindex=\"0\" data-end=\"1075\" data-start=\"1042\">Material and comfort of use<\/h2>\n<p data-end=\"1343\" data-start=\"1076\">The tips are made of soft, skin-friendly silicone material that adapts to the shape of the ear canal and feels comfortable even after prolonged use. The soft material helps ensure a snug but comfortable fit.<\/p>\n<h2 tabindex=\"0\" data-end=\"1365\" data-start=\"1345\">Sizes and choice<\/h2>\n<p data-end=\"1660\" data-start=\"1366\">Choose from four sizes: 6 mm, 8 mm, 10 mm or 12 mm. Select your size from the drop-down menu before ordering - the right size is important for optimal fit and sound quality.<\/p>\n<h2 tabindex=\"0\" data-end=\"1687\" data-start=\"1662\">Maintenance and replacement intervals<\/h2>\n<p data-end=\"1955\" data-start=\"1688\">The recommended replacement interval is at least once a month, or as soon as the tip surface appears dirty, loose or the sound quality is degraded or distorted.<br data-end=\"1853\" data-start=\"1850\" \/>Clean the surface of the tip daily, for example with a cleaning cloth, to keep it working optimally.<\/p>\n<h2 tabindex=\"0\" data-end=\"1972\" data-start=\"1957\">Summary<\/h2>\n<p data-end=\"2259\" data-start=\"1973\">The Oticon miniFit Power tip combines a tight sealed design, soft fit and compatibility with a wide range of Oticon and Bernafon hearing aids. It is an excellent choice when you want to maximise the performance of your hearing aids -\u00a0<strong data-end=\"2258\" data-start=\"2212\">hear more, more clearly and reliably<\/strong>.<\/p>","protected":false},"excerpt":{"rendered":"<h1 tabindex=\"0\" data-end=\"266\" data-start=\"189\">maximum gain with closed fitting<\/h1>\n<h2 tabindex=\"0\" data-end=\"306\" data-start=\"268\">Compatibility<\/h2>\n<p data-end=\"691\" data-start=\"307\">The Oticon miniFit Power Tip is suitable for use with Oticon hearing aids (e.g. Intent, Real, More, Opn S, Opn Play, Ruby, CROS, Opn, Siya, Alta, Alta2, Nera, Nera2, Ria, Ria2) and Bernafon (Encanta, Alpha XT, Alpha, Zerena, Viron) thin tube (RITE\/RIE) systems. The package contains 10 pieces of tips.<\/p>","protected":false},"featured_media":592,"comment_status":"closed","ping_status":"closed","template":"","meta":{"_acf_changed":false},"product_brand":[],"product_cat":[70,22],"product_tag":[89,90,77],"class_list":{"0":"post-587","1":"product","2":"type-product","3":"status-publish","4":"has-post-thumbnail","6":"product_cat-oticon","7":"product_cat-varaosat","8":"product_tag-minifit","9":"product_tag-oticon","10":"product_tag-tippi","12":"first","13":"instock","14":"taxable","15":"shipping-taxable","16":"purchasable","17":"product-type-variable"},"acf":[],"yoast_head":"<!-- This site is optimized with the Yoast SEO plugin v27.4 - https:\/\/yoast.com\/product\/yoast-seo-wordpress\/ -->\n<title>Oticon miniFit power tippi - kuuloasi.fi<\/title>\n<meta name=\"robots\" content=\"index, follow, max-snippet:-1, max-image-preview:large, max-video-preview:-1\" \/>\n<link rel=\"canonical\" href=\"https:\/\/kuuloasi.fi\/en\/product\/oticon-power-tippi\/\" \/>\n<meta property=\"og:locale\" content=\"en_GB\" \/>\n<meta property=\"og:type\" content=\"article\" \/>\n<meta property=\"og:title\" content=\"Oticon miniFit power tippi - kuuloasi.fi\" \/>\n<meta property=\"og:description\" content=\"maksimaalinen vahvistus suljetulla sovitteella Yhteensopivuus Oticon miniFit Power tippi sopii k\u00e4ytett\u00e4v\u00e4ksi Oticon-kuulokojeiden (esim. Intent, Real, More, Opn S, Opn Play, Ruby, CROS, Opn, Siya, Alta, Alta2, Nera, Nera2, Ria, Ria2) sek\u00e4 Bernafonin (Encanta, Alpha XT, Alpha, Zerena, Viron) ohutletku- (RITE\/RIE)-j\u00e4rjestelmiin. Paketissa on 10 kappaletta tippej\u00e4.\" \/>\n<meta property=\"og:url\" content=\"https:\/\/kuuloasi.fi\/en\/product\/oticon-power-tippi\/\" \/>\n<meta property=\"og:site_name\" content=\"kuuloasi.fi\" \/>\n<meta property=\"article:modified_time\" content=\"2026-04-07T10:22:14+00:00\" \/>\n<meta property=\"og:image\" content=\"https:\/\/kuuloasi.fi\/wp-content\/uploads\/2025\/12\/oticon-tippi-6mm-power-minifit_orig.jpg\" \/>\n\t<meta property=\"og:image:width\" content=\"800\" \/>\n\t<meta property=\"og:image:height\" content=\"800\" \/>\n\t<meta property=\"og:image:type\" content=\"image\/jpeg\" \/>\n<meta name=\"twitter:card\" content=\"summary_large_image\" \/>\n<meta name=\"twitter:label1\" content=\"Estimated reading time\" \/>\n\t<meta name=\"twitter:data1\" content=\"1 minute\" \/>\n<script type=\"application\/ld+json\" class=\"yoast-schema-graph\">{\"@context\":\"https:\\\/\\\/schema.org\",\"@graph\":[{\"@type\":\"WebPage\",\"@id\":\"https:\\\/\\\/kuuloasi.fi\\\/tuote\\\/oticon-power-tippi\\\/\",\"url\":\"https:\\\/\\\/kuuloasi.fi\\\/tuote\\\/oticon-power-tippi\\\/\",\"name\":\"Oticon miniFit power tippi - kuuloasi.fi\",\"isPartOf\":{\"@id\":\"https:\\\/\\\/kuuloasi.fi\\\/#website\"},\"primaryImageOfPage\":{\"@id\":\"https:\\\/\\\/kuuloasi.fi\\\/tuote\\\/oticon-power-tippi\\\/#primaryimage\"},\"image\":{\"@id\":\"https:\\\/\\\/kuuloasi.fi\\\/tuote\\\/oticon-power-tippi\\\/#primaryimage\"},\"thumbnailUrl\":\"https:\\\/\\\/kuuloasi.fi\\\/wp-content\\\/uploads\\\/2025\\\/12\\\/oticon-tippi-6mm-power-minifit_orig.jpg\",\"datePublished\":\"2025-12-03T13:55:52+00:00\",\"dateModified\":\"2026-04-07T10:22:14+00:00\",\"breadcrumb\":{\"@id\":\"https:\\\/\\\/kuuloasi.fi\\\/tuote\\\/oticon-power-tippi\\\/#breadcrumb\"},\"inLanguage\":\"en-GB\",\"potentialAction\":[{\"@type\":\"ReadAction\",\"target\":[\"https:\\\/\\\/kuuloasi.fi\\\/tuote\\\/oticon-power-tippi\\\/\"]}]},{\"@type\":\"ImageObject\",\"inLanguage\":\"en-GB\",\"@id\":\"https:\\\/\\\/kuuloasi.fi\\\/tuote\\\/oticon-power-tippi\\\/#primaryimage\",\"url\":\"https:\\\/\\\/kuuloasi.fi\\\/wp-content\\\/uploads\\\/2025\\\/12\\\/oticon-tippi-6mm-power-minifit_orig.jpg\",\"contentUrl\":\"https:\\\/\\\/kuuloasi.fi\\\/wp-content\\\/uploads\\\/2025\\\/12\\\/oticon-tippi-6mm-power-minifit_orig.jpg\",\"width\":800,\"height\":800},{\"@type\":\"BreadcrumbList\",\"@id\":\"https:\\\/\\\/kuuloasi.fi\\\/tuote\\\/oticon-power-tippi\\\/#breadcrumb\",\"itemListElement\":[{\"@type\":\"ListItem\",\"position\":1,\"name\":\"Etusivu\",\"item\":\"https:\\\/\\\/kuuloasi.fi\\\/\"},{\"@type\":\"ListItem\",\"position\":2,\"name\":\"Kauppa\",\"item\":\"https:\\\/\\\/kuuloasi.fi\\\/kauppa\\\/\"},{\"@type\":\"ListItem\",\"position\":3,\"name\":\"Oticon miniFit power tippi\"}]},{\"@type\":\"WebSite\",\"@id\":\"https:\\\/\\\/kuuloasi.fi\\\/#website\",\"url\":\"https:\\\/\\\/kuuloasi.fi\\\/\",\"name\":\"kuuloasi.fi\",\"description\":\"\",\"potentialAction\":[{\"@type\":\"SearchAction\",\"target\":{\"@type\":\"EntryPoint\",\"urlTemplate\":\"https:\\\/\\\/kuuloasi.fi\\\/?s={search_term_string}\"},\"query-input\":{\"@type\":\"PropertyValueSpecification\",\"valueRequired\":true,\"valueName\":\"search_term_string\"}}],\"inLanguage\":\"en-GB\"}]}<\/script>\n<!-- \/ Yoast SEO plugin. -->","yoast_head_json":{"title":"Oticon miniFit power tippi - kuuloasi.fi","robots":{"index":"index","follow":"follow","max-snippet":"max-snippet:-1","max-image-preview":"max-image-preview:large","max-video-preview":"max-video-preview:-1"},"canonical":"https:\/\/kuuloasi.fi\/en\/product\/oticon-power-tippi\/","og_locale":"en_GB","og_type":"article","og_title":"Oticon miniFit power tippi - kuuloasi.fi","og_description":"maksimaalinen vahvistus suljetulla sovitteella Yhteensopivuus Oticon miniFit Power tippi sopii k\u00e4ytett\u00e4v\u00e4ksi Oticon-kuulokojeiden (esim. Intent, Real, More, Opn S, Opn Play, Ruby, CROS, Opn, Siya, Alta, Alta2, Nera, Nera2, Ria, Ria2) sek\u00e4 Bernafonin (Encanta, Alpha XT, Alpha, Zerena, Viron) ohutletku- (RITE\/RIE)-j\u00e4rjestelmiin. Paketissa on 10 kappaletta tippej\u00e4.","og_url":"https:\/\/kuuloasi.fi\/en\/product\/oticon-power-tippi\/","og_site_name":"kuuloasi.fi","article_modified_time":"2026-04-07T10:22:14+00:00","og_image":[{"width":800,"height":800,"url":"https:\/\/kuuloasi.fi\/wp-content\/uploads\/2025\/12\/oticon-tippi-6mm-power-minifit_orig.jpg","type":"image\/jpeg"}],"twitter_card":"summary_large_image","twitter_misc":{"Estimated reading time":"1 minute"},"schema":{"@context":"https:\/\/schema.org","@graph":[{"@type":"WebPage","@id":"https:\/\/kuuloasi.fi\/tuote\/oticon-power-tippi\/","url":"https:\/\/kuuloasi.fi\/tuote\/oticon-power-tippi\/","name":"Oticon miniFit power tippi - kuuloasi.fi","isPartOf":{"@id":"https:\/\/kuuloasi.fi\/#website"},"primaryImageOfPage":{"@id":"https:\/\/kuuloasi.fi\/tuote\/oticon-power-tippi\/#primaryimage"},"image":{"@id":"https:\/\/kuuloasi.fi\/tuote\/oticon-power-tippi\/#primaryimage"},"thumbnailUrl":"https:\/\/kuuloasi.fi\/wp-content\/uploads\/2025\/12\/oticon-tippi-6mm-power-minifit_orig.jpg","datePublished":"2025-12-03T13:55:52+00:00","dateModified":"2026-04-07T10:22:14+00:00","breadcrumb":{"@id":"https:\/\/kuuloasi.fi\/tuote\/oticon-power-tippi\/#breadcrumb"},"inLanguage":"en-GB","potentialAction":[{"@type":"ReadAction","target":["https:\/\/kuuloasi.fi\/tuote\/oticon-power-tippi\/"]}]},{"@type":"ImageObject","inLanguage":"en-GB","@id":"https:\/\/kuuloasi.fi\/tuote\/oticon-power-tippi\/#primaryimage","url":"https:\/\/kuuloasi.fi\/wp-content\/uploads\/2025\/12\/oticon-tippi-6mm-power-minifit_orig.jpg","contentUrl":"https:\/\/kuuloasi.fi\/wp-content\/uploads\/2025\/12\/oticon-tippi-6mm-power-minifit_orig.jpg","width":800,"height":800},{"@type":"BreadcrumbList","@id":"https:\/\/kuuloasi.fi\/tuote\/oticon-power-tippi\/#breadcrumb","itemListElement":[{"@type":"ListItem","position":1,"name":"Etusivu","item":"https:\/\/kuuloasi.fi\/"},{"@type":"ListItem","position":2,"name":"Kauppa","item":"https:\/\/kuuloasi.fi\/kauppa\/"},{"@type":"ListItem","position":3,"name":"Oticon miniFit power tippi"}]},{"@type":"WebSite","@id":"https:\/\/kuuloasi.fi\/#website","url":"https:\/\/kuuloasi.fi\/","name":"hearing.co.uk","description":"","potentialAction":[{"@type":"SearchAction","target":{"@type":"EntryPoint","urlTemplate":"https:\/\/kuuloasi.fi\/?s={search_term_string}"},"query-input":{"@type":"PropertyValueSpecification","valueRequired":true,"valueName":"search_term_string"}}],"inLanguage":"en-GB"}]}},"_links":{"self":[{"href":"https:\/\/kuuloasi.fi\/en\/wp-json\/wp\/v2\/product\/587","targetHints":{"allow":["GET"]}}],"collection":[{"href":"https:\/\/kuuloasi.fi\/en\/wp-json\/wp\/v2\/product"}],"about":[{"href":"https:\/\/kuuloasi.fi\/en\/wp-json\/wp\/v2\/types\/product"}],"replies":[{"embeddable":true,"href":"https:\/\/kuuloasi.fi\/en\/wp-json\/wp\/v2\/comments?post=587"}],"wp:featuredmedia":[{"embeddable":true,"href":"https:\/\/kuuloasi.fi\/en\/wp-json\/wp\/v2\/media\/592"}],"wp:attachment":[{"href":"https:\/\/kuuloasi.fi\/en\/wp-json\/wp\/v2\/media?parent=587"}],"wp:term":[{"taxonomy":"product_brand","embeddable":true,"href":"https:\/\/kuuloasi.fi\/en\/wp-json\/wp\/v2\/product_brand?post=587"},{"taxonomy":"product_cat","embeddable":true,"href":"https:\/\/kuuloasi.fi\/en\/wp-json\/wp\/v2\/product_cat?post=587"},{"taxonomy":"product_tag","embeddable":true,"href":"https:\/\/kuuloasi.fi\/en\/wp-json\/wp\/v2\/product_tag?post=587"}],"curies":[{"name":"wp","href":"https:\/\/api.w.org\/{rel}","templated":true}]}}