{"id":581,"date":"2025-12-03T13:54:29","date_gmt":"2025-12-03T13:54:29","guid":{"rendered":"https:\/\/kuuloasi.fi\/?post_type=product&#038;p=581"},"modified":"2026-04-14T09:11:44","modified_gmt":"2026-04-14T09:11:44","slug":"oticon-minifit-bassotippi-2venttia","status":"publish","type":"product","link":"https:\/\/kuuloasi.fi\/en\/product\/oticon-minifit-bassotippi-2venttia\/","title":{"rendered":"Oticon minifit Bass dome, 2 vent"},"content":{"rendered":"<div class=\"InfoArea New\">\n<div id=\"ProductInfoTabs\" class=\"ui-tabs ui-widget ui-widget-content ui-corner-all epProductInfoTabs ep-js\" data-js=\"\">\n<div id=\"tab-product-description\" class=\"ui-tabs-panel ui-widget-content ui-corner-bottom\" role=\"tabpanel\" aria-live=\"polite\" aria-labelledby=\"ui-id-1\" aria-hidden=\"false\">\n<div class=\"description\">\n<p><iframe title=\"Hearing aid tip replacement\" width=\"800\" height=\"450\" src=\"https:\/\/www.youtube.com\/embed\/9MKWhWD0MN4?feature=oembed\" frameborder=\"0\" allow=\"accelerometer; autoplay; clipboard-write; encrypted-media; gyroscope; picture-in-picture; web-share\" referrerpolicy=\"strict-origin-when-cross-origin\" allowfullscreen><\/iframe><\/p>\n<h2 tabindex=\"0\" data-end=\"702\" data-start=\"678\">Product features<\/h2>\n<ul data-end=\"1034\" data-start=\"704\">\n<li data-end=\"747\" data-start=\"704\">\n<p data-end=\"747\" data-start=\"706\">Double-valve bass tee<\/p>\n<\/li>\n<li data-end=\"796\" data-start=\"748\">\n<p data-end=\"796\" data-start=\"750\">Offers more confirmation than an open tip<\/p>\n<\/li>\n<li data-end=\"872\" data-start=\"797\">\n<p data-end=\"872\" data-start=\"799\">Soft and skin-friendly material moulds to the ear canal<\/p>\n<\/li>\n<li data-end=\"937\" data-start=\"873\">\n<p data-end=\"937\" data-start=\"875\">Discreet, clear and transparent - almost invisible in use<\/p>\n<\/li>\n<li data-end=\"985\" data-start=\"938\">\n<p data-end=\"985\" data-start=\"940\">Easy to attach and detach from the hearing aid<\/p>\n<\/li>\n<li data-end=\"1034\" data-start=\"986\">\n<p data-end=\"1034\" data-start=\"988\">Fits well in many different ear canals<\/p>\n<\/li>\n<\/ul>\n<h2 tabindex=\"0\" data-end=\"1058\" data-start=\"1041\"><\/h2>\n<h2 tabindex=\"0\" data-end=\"1058\" data-start=\"1041\">Compatibility<\/h2>\n<p data-end=\"1186\" data-start=\"1060\"><strong data-end=\"1071\" data-start=\"1060\">Oticon:<\/strong>\u00a0Intent, Real, More, Zircon, Play PX, Opn S, Opn Play, Ruby, CROS, Opn, Siya, Alta, Alta2, Nera, Nera2, Ria, Ria2<\/p>\n<p data-end=\"1243\" data-start=\"1188\"><strong data-end=\"1201\" data-start=\"1188\">Bernafon:<\/strong>\u00a0Encanta, Alpha XT, Alpha, Zerena, Viron<\/p>\n<h2 tabindex=\"0\" data-end=\"1268\" data-start=\"1250\"><\/h2>\n<h2 tabindex=\"0\" data-end=\"1268\" data-start=\"1250\">Sizes and packaging<\/h2>\n<ul data-end=\"1443\" data-start=\"1270\">\n<li data-end=\"1321\" data-start=\"1270\">\n<p data-end=\"1321\" data-start=\"1272\">Four different sizes:\u00a0<strong data-end=\"1319\" data-start=\"1289\">6 mm, 8 mm, 10 mm and 12 mm<\/strong><\/p>\n<\/li>\n<li data-end=\"1377\" data-start=\"1322\">\n<p data-end=\"1377\" data-start=\"1324\">Choose the right size from the drop-down menu before ordering<\/p>\n<\/li>\n<li data-end=\"1443\" data-start=\"1378\">\n<p data-end=\"1443\" data-start=\"1380\"><strong data-end=\"1404\" data-start=\"1380\">Pack of 10 pieces<\/strong>\u00a0(disposable tips\/adapters)<\/p>\n<\/li>\n<\/ul>\n<p data-end=\"1606\" data-start=\"1445\">Note! The date of manufacture may be visible on the packaging. The drops can be used for several years after manufacture, as long as they are stored in their own sealed packaging.<\/p>\n<h2 tabindex=\"0\" data-end=\"1638\" data-start=\"1613\"><\/h2>\n<h2 tabindex=\"0\" data-end=\"1638\" data-start=\"1613\">Why is a tip important?<\/h2>\n<p data-end=\"1719\" data-start=\"1640\">The right type of fitting, or drop, makes all the difference to the performance of your hearing aid:<\/p>\n<ul data-end=\"1892\" data-start=\"1720\">\n<li data-end=\"1766\" data-start=\"1720\">\n<p data-end=\"1766\" data-start=\"1722\">Improves sound quality and hearing comfort<\/p>\n<\/li>\n<li data-end=\"1812\" data-start=\"1767\">\n<p data-end=\"1812\" data-start=\"1769\">Enables a better fit in the ear<\/p>\n<\/li>\n<li data-end=\"1855\" data-start=\"1813\">\n<p data-end=\"1855\" data-start=\"1815\">Reduces sound distortion and leakage<\/p>\n<\/li>\n<li data-end=\"1892\" data-start=\"1856\">\n<p data-end=\"1892\" data-start=\"1858\">More reinforcement as needed<\/p>\n<\/li>\n<\/ul>\n<p data-end=\"2142\" data-start=\"1894\">The size and model of the tip is determined by the type of hearing aid, the size of the ear canal and the hearing loss. The hearing care professional usually determines the correct fit at the time of fitting, and this information is often found in the user manual or fitting papers.<\/p>\n<h2 tabindex=\"0\" data-end=\"2168\" data-start=\"2149\"><\/h2>\n<h2 tabindex=\"0\" data-end=\"2168\" data-start=\"2149\">Use and maintenance<\/h2>\n<ul data-end=\"2335\" data-start=\"2170\">\n<li data-end=\"2269\" data-start=\"2170\">\n<p data-end=\"2269\" data-start=\"2172\"><strong data-end=\"2187\" data-start=\"2172\">Interchange interval:<\/strong>\u00a0at least once a month, or more often if the drip becomes dirty or the sound changes<\/p>\n<\/li>\n<li data-end=\"2335\" data-start=\"2270\">\n<p data-end=\"2335\" data-start=\"2272\"><strong data-end=\"2286\" data-start=\"2272\">Cleaning:<\/strong>\u00a0wipe daily, for example with a cleaning cloth<\/p>\n<\/li>\n<\/ul>\n<p data-end=\"2355\" data-start=\"2337\"><strong data-end=\"2353\" data-start=\"2337\">Replacement instructions:<\/strong><\/p>\n<ol data-end=\"2582\" data-start=\"2356\">\n<li data-end=\"2442\" data-start=\"2356\">\n<p data-end=\"2442\" data-start=\"2359\">Hold the earpiece and gently pull the old tip away from the edge to remove it.<\/p>\n<\/li>\n<li data-end=\"2502\" data-start=\"2443\">\n<p data-end=\"2502\" data-start=\"2446\">Insert the new drop into the earpiece from the middle to the base.<\/p>\n<\/li>\n<li data-end=\"2582\" data-start=\"2503\">\n<p data-end=\"2582\" data-start=\"2506\">Press firmly to ensure that the drop is firmly in place.<\/p>\n<\/li>\n<\/ol>\n<p data-end=\"2635\" data-start=\"2584\">If necessary, see the instruction video on how to change the tip.<\/p>\n<h2 tabindex=\"0\" data-end=\"2655\" data-start=\"2642\"><\/h2>\n<h2 tabindex=\"0\" data-end=\"2655\" data-start=\"2642\">Summary<\/h2>\n<p data-end=\"2898\" data-start=\"2657\"><strong data-end=\"2697\" data-start=\"2657\">Oticon MiniFit Bass Tip with 2 valves<\/strong> is an excellent choice when you want more amplification but still want a natural listening experience. It's easy to use, discreet and compatible with most Oticon and Bernafon hearing aids.<\/p>\n<\/div>\n<\/div>\n<\/div>\n<\/div>","protected":false},"excerpt":{"rendered":"<p><strong data-end=\"374\" data-start=\"280\">Oticon MiniFit Bass Tip with 2 valves - more gain and a natural listening experience<\/strong><\/p>\n<p data-end=\"671\" data-start=\"376\"><strong data-end=\"416\" data-start=\"376\">Oticon MiniFit Bass Tip with 2 valves<\/strong>\u00a0is a high quality, discreet fit that offers a more closed fit than an open drop. Thanks to the two vents, it lets some natural sounds through, while providing more amplification, especially in low frequencies and speech frequencies.<\/p>","protected":false},"featured_media":586,"comment_status":"closed","ping_status":"closed","template":"","meta":{"_acf_changed":false},"product_brand":[],"product_cat":[70,22],"product_tag":[89,90,77],"class_list":{"0":"post-581","1":"product","2":"type-product","3":"status-publish","4":"has-post-thumbnail","6":"product_cat-oticon","7":"product_cat-varaosat","8":"product_tag-minifit","9":"product_tag-oticon","10":"product_tag-tippi","12":"first","13":"instock","14":"taxable","15":"shipping-taxable","16":"purchasable","17":"product-type-variable"},"acf":[],"yoast_head":"<!-- This site is optimized with the Yoast SEO plugin v27.4 - https:\/\/yoast.com\/product\/yoast-seo-wordpress\/ -->\n<title>Oticon minifit Bassotippi, 2 ventti\u00e4 - kuuloasi.fi<\/title>\n<meta name=\"robots\" content=\"index, follow, max-snippet:-1, max-image-preview:large, max-video-preview:-1\" \/>\n<link rel=\"canonical\" href=\"https:\/\/kuuloasi.fi\/en\/product\/oticon-minifit-bassotippi-2venttia\/\" \/>\n<meta property=\"og:locale\" content=\"en_GB\" \/>\n<meta property=\"og:type\" content=\"article\" \/>\n<meta property=\"og:title\" content=\"Oticon minifit Bassotippi, 2 ventti\u00e4 - kuuloasi.fi\" \/>\n<meta property=\"og:description\" content=\"Oticon MiniFit Bassotippi 2 ventill\u00e4 \u2013 enemm\u00e4n vahvistusta ja luonnollinen kuulemiskokemus Oticon MiniFit Bassotippi 2 ventill\u00e4\u00a0on laadukas ja huomaamaton sovite, joka tarjoaa suljetumpaa istuvuutta kuin avoin tippi. Kahden ventin ansiosta se p\u00e4\u00e4st\u00e4\u00e4 osan luonnollisista \u00e4\u00e4nist\u00e4 l\u00e4pi, mutta antaa samalla enemm\u00e4n vahvistusta erityisesti matalilla taajuuksilla ja puhetaajuuksissa.\" \/>\n<meta property=\"og:url\" content=\"https:\/\/kuuloasi.fi\/en\/product\/oticon-minifit-bassotippi-2venttia\/\" \/>\n<meta property=\"og:site_name\" content=\"kuuloasi.fi\" \/>\n<meta property=\"article:modified_time\" content=\"2026-04-14T09:11:44+00:00\" \/>\n<meta property=\"og:image\" content=\"https:\/\/kuuloasi.fi\/wp-content\/uploads\/2025\/12\/oticon-6mm-bassotippi-2-ventti-minifit_orig.jpg\" \/>\n\t<meta property=\"og:image:width\" content=\"1000\" \/>\n\t<meta property=\"og:image:height\" content=\"1000\" \/>\n\t<meta property=\"og:image:type\" content=\"image\/jpeg\" \/>\n<meta name=\"twitter:card\" content=\"summary_large_image\" \/>\n<meta name=\"twitter:label1\" content=\"Estimated reading time\" \/>\n\t<meta name=\"twitter:data1\" content=\"1 minute\" \/>\n<script type=\"application\/ld+json\" class=\"yoast-schema-graph\">{\"@context\":\"https:\\\/\\\/schema.org\",\"@graph\":[{\"@type\":\"WebPage\",\"@id\":\"https:\\\/\\\/kuuloasi.fi\\\/tuote\\\/oticon-minifit-bassotippi-2venttia\\\/\",\"url\":\"https:\\\/\\\/kuuloasi.fi\\\/tuote\\\/oticon-minifit-bassotippi-2venttia\\\/\",\"name\":\"Oticon minifit Bassotippi, 2 ventti\u00e4 - kuuloasi.fi\",\"isPartOf\":{\"@id\":\"https:\\\/\\\/kuuloasi.fi\\\/#website\"},\"primaryImageOfPage\":{\"@id\":\"https:\\\/\\\/kuuloasi.fi\\\/tuote\\\/oticon-minifit-bassotippi-2venttia\\\/#primaryimage\"},\"image\":{\"@id\":\"https:\\\/\\\/kuuloasi.fi\\\/tuote\\\/oticon-minifit-bassotippi-2venttia\\\/#primaryimage\"},\"thumbnailUrl\":\"https:\\\/\\\/kuuloasi.fi\\\/wp-content\\\/uploads\\\/2025\\\/12\\\/oticon-6mm-bassotippi-2-ventti-minifit_orig.jpg\",\"datePublished\":\"2025-12-03T13:54:29+00:00\",\"dateModified\":\"2026-04-14T09:11:44+00:00\",\"breadcrumb\":{\"@id\":\"https:\\\/\\\/kuuloasi.fi\\\/tuote\\\/oticon-minifit-bassotippi-2venttia\\\/#breadcrumb\"},\"inLanguage\":\"en-GB\",\"potentialAction\":[{\"@type\":\"ReadAction\",\"target\":[\"https:\\\/\\\/kuuloasi.fi\\\/tuote\\\/oticon-minifit-bassotippi-2venttia\\\/\"]}]},{\"@type\":\"ImageObject\",\"inLanguage\":\"en-GB\",\"@id\":\"https:\\\/\\\/kuuloasi.fi\\\/tuote\\\/oticon-minifit-bassotippi-2venttia\\\/#primaryimage\",\"url\":\"https:\\\/\\\/kuuloasi.fi\\\/wp-content\\\/uploads\\\/2025\\\/12\\\/oticon-6mm-bassotippi-2-ventti-minifit_orig.jpg\",\"contentUrl\":\"https:\\\/\\\/kuuloasi.fi\\\/wp-content\\\/uploads\\\/2025\\\/12\\\/oticon-6mm-bassotippi-2-ventti-minifit_orig.jpg\",\"width\":1000,\"height\":1000},{\"@type\":\"BreadcrumbList\",\"@id\":\"https:\\\/\\\/kuuloasi.fi\\\/tuote\\\/oticon-minifit-bassotippi-2venttia\\\/#breadcrumb\",\"itemListElement\":[{\"@type\":\"ListItem\",\"position\":1,\"name\":\"Etusivu\",\"item\":\"https:\\\/\\\/kuuloasi.fi\\\/\"},{\"@type\":\"ListItem\",\"position\":2,\"name\":\"Kauppa\",\"item\":\"https:\\\/\\\/kuuloasi.fi\\\/kauppa\\\/\"},{\"@type\":\"ListItem\",\"position\":3,\"name\":\"Oticon minifit Bassotippi, 2 ventti\u00e4\"}]},{\"@type\":\"WebSite\",\"@id\":\"https:\\\/\\\/kuuloasi.fi\\\/#website\",\"url\":\"https:\\\/\\\/kuuloasi.fi\\\/\",\"name\":\"kuuloasi.fi\",\"description\":\"\",\"potentialAction\":[{\"@type\":\"SearchAction\",\"target\":{\"@type\":\"EntryPoint\",\"urlTemplate\":\"https:\\\/\\\/kuuloasi.fi\\\/?s={search_term_string}\"},\"query-input\":{\"@type\":\"PropertyValueSpecification\",\"valueRequired\":true,\"valueName\":\"search_term_string\"}}],\"inLanguage\":\"en-GB\"}]}<\/script>\n<!-- \/ Yoast SEO plugin. -->","yoast_head_json":{"title":"Oticon minifit Bassotippi, 2 ventti\u00e4 - kuuloasi.fi","robots":{"index":"index","follow":"follow","max-snippet":"max-snippet:-1","max-image-preview":"max-image-preview:large","max-video-preview":"max-video-preview:-1"},"canonical":"https:\/\/kuuloasi.fi\/en\/product\/oticon-minifit-bassotippi-2venttia\/","og_locale":"en_GB","og_type":"article","og_title":"Oticon minifit Bassotippi, 2 ventti\u00e4 - kuuloasi.fi","og_description":"Oticon MiniFit Bassotippi 2 ventill\u00e4 \u2013 enemm\u00e4n vahvistusta ja luonnollinen kuulemiskokemus Oticon MiniFit Bassotippi 2 ventill\u00e4\u00a0on laadukas ja huomaamaton sovite, joka tarjoaa suljetumpaa istuvuutta kuin avoin tippi. Kahden ventin ansiosta se p\u00e4\u00e4st\u00e4\u00e4 osan luonnollisista \u00e4\u00e4nist\u00e4 l\u00e4pi, mutta antaa samalla enemm\u00e4n vahvistusta erityisesti matalilla taajuuksilla ja puhetaajuuksissa.","og_url":"https:\/\/kuuloasi.fi\/en\/product\/oticon-minifit-bassotippi-2venttia\/","og_site_name":"kuuloasi.fi","article_modified_time":"2026-04-14T09:11:44+00:00","og_image":[{"width":1000,"height":1000,"url":"https:\/\/kuuloasi.fi\/wp-content\/uploads\/2025\/12\/oticon-6mm-bassotippi-2-ventti-minifit_orig.jpg","type":"image\/jpeg"}],"twitter_card":"summary_large_image","twitter_misc":{"Estimated reading time":"1 minute"},"schema":{"@context":"https:\/\/schema.org","@graph":[{"@type":"WebPage","@id":"https:\/\/kuuloasi.fi\/tuote\/oticon-minifit-bassotippi-2venttia\/","url":"https:\/\/kuuloasi.fi\/tuote\/oticon-minifit-bassotippi-2venttia\/","name":"Oticon minifit Bassotippi, 2 ventti\u00e4 - kuuloasi.fi","isPartOf":{"@id":"https:\/\/kuuloasi.fi\/#website"},"primaryImageOfPage":{"@id":"https:\/\/kuuloasi.fi\/tuote\/oticon-minifit-bassotippi-2venttia\/#primaryimage"},"image":{"@id":"https:\/\/kuuloasi.fi\/tuote\/oticon-minifit-bassotippi-2venttia\/#primaryimage"},"thumbnailUrl":"https:\/\/kuuloasi.fi\/wp-content\/uploads\/2025\/12\/oticon-6mm-bassotippi-2-ventti-minifit_orig.jpg","datePublished":"2025-12-03T13:54:29+00:00","dateModified":"2026-04-14T09:11:44+00:00","breadcrumb":{"@id":"https:\/\/kuuloasi.fi\/tuote\/oticon-minifit-bassotippi-2venttia\/#breadcrumb"},"inLanguage":"en-GB","potentialAction":[{"@type":"ReadAction","target":["https:\/\/kuuloasi.fi\/tuote\/oticon-minifit-bassotippi-2venttia\/"]}]},{"@type":"ImageObject","inLanguage":"en-GB","@id":"https:\/\/kuuloasi.fi\/tuote\/oticon-minifit-bassotippi-2venttia\/#primaryimage","url":"https:\/\/kuuloasi.fi\/wp-content\/uploads\/2025\/12\/oticon-6mm-bassotippi-2-ventti-minifit_orig.jpg","contentUrl":"https:\/\/kuuloasi.fi\/wp-content\/uploads\/2025\/12\/oticon-6mm-bassotippi-2-ventti-minifit_orig.jpg","width":1000,"height":1000},{"@type":"BreadcrumbList","@id":"https:\/\/kuuloasi.fi\/tuote\/oticon-minifit-bassotippi-2venttia\/#breadcrumb","itemListElement":[{"@type":"ListItem","position":1,"name":"Etusivu","item":"https:\/\/kuuloasi.fi\/"},{"@type":"ListItem","position":2,"name":"Kauppa","item":"https:\/\/kuuloasi.fi\/kauppa\/"},{"@type":"ListItem","position":3,"name":"Oticon minifit Bassotippi, 2 ventti\u00e4"}]},{"@type":"WebSite","@id":"https:\/\/kuuloasi.fi\/#website","url":"https:\/\/kuuloasi.fi\/","name":"hearing.co.uk","description":"","potentialAction":[{"@type":"SearchAction","target":{"@type":"EntryPoint","urlTemplate":"https:\/\/kuuloasi.fi\/?s={search_term_string}"},"query-input":{"@type":"PropertyValueSpecification","valueRequired":true,"valueName":"search_term_string"}}],"inLanguage":"en-GB"}]}},"_links":{"self":[{"href":"https:\/\/kuuloasi.fi\/en\/wp-json\/wp\/v2\/product\/581","targetHints":{"allow":["GET"]}}],"collection":[{"href":"https:\/\/kuuloasi.fi\/en\/wp-json\/wp\/v2\/product"}],"about":[{"href":"https:\/\/kuuloasi.fi\/en\/wp-json\/wp\/v2\/types\/product"}],"replies":[{"embeddable":true,"href":"https:\/\/kuuloasi.fi\/en\/wp-json\/wp\/v2\/comments?post=581"}],"wp:featuredmedia":[{"embeddable":true,"href":"https:\/\/kuuloasi.fi\/en\/wp-json\/wp\/v2\/media\/586"}],"wp:attachment":[{"href":"https:\/\/kuuloasi.fi\/en\/wp-json\/wp\/v2\/media?parent=581"}],"wp:term":[{"taxonomy":"product_brand","embeddable":true,"href":"https:\/\/kuuloasi.fi\/en\/wp-json\/wp\/v2\/product_brand?post=581"},{"taxonomy":"product_cat","embeddable":true,"href":"https:\/\/kuuloasi.fi\/en\/wp-json\/wp\/v2\/product_cat?post=581"},{"taxonomy":"product_tag","embeddable":true,"href":"https:\/\/kuuloasi.fi\/en\/wp-json\/wp\/v2\/product_tag?post=581"}],"curies":[{"name":"wp","href":"https:\/\/api.w.org\/{rel}","templated":true}]}}