{"id":565,"date":"2025-12-03T13:33:57","date_gmt":"2025-12-03T13:33:57","guid":{"rendered":"https:\/\/kuuloasi.fi\/?post_type=product&#038;p=565"},"modified":"2026-04-13T07:18:41","modified_gmt":"2026-04-13T07:18:41","slug":"oticon-minifit-avoin-tippi","status":"publish","type":"product","link":"https:\/\/kuuloasi.fi\/en\/product\/oticon-minifit-avoin-tippi\/","title":{"rendered":"Oticon miniFit open dome"},"content":{"rendered":"<p><iframe title=\"Hearing aid tip replacement\" width=\"800\" height=\"450\" src=\"https:\/\/www.youtube.com\/embed\/9MKWhWD0MN4?feature=oembed\" frameborder=\"0\" allow=\"accelerometer; autoplay; clipboard-write; encrypted-media; gyroscope; picture-in-picture; web-share\" referrerpolicy=\"strict-origin-when-cross-origin\" allowfullscreen><\/iframe><\/p>\n<h2 tabindex=\"0\" data-end=\"745\" data-start=\"721\">Product features<\/h2>\n<ul data-end=\"1016\" data-start=\"747\">\n<li data-end=\"804\" data-start=\"747\">\n<p data-end=\"804\" data-start=\"749\">The open structure provides a natural listening experience<\/p>\n<\/li>\n<li data-end=\"847\" data-start=\"805\">\n<p data-end=\"847\" data-start=\"807\">Reduces the feeling of ear congestion<\/p>\n<\/li>\n<li data-end=\"921\" data-start=\"848\">\n<p data-end=\"921\" data-start=\"850\">Soft, skin-friendly material moulds to the ear canal<\/p>\n<\/li>\n<li data-end=\"968\" data-start=\"922\">\n<p data-end=\"968\" data-start=\"924\">Unobtrusive, clear and transparent appearance<\/p>\n<\/li>\n<li data-end=\"1016\" data-start=\"969\">\n<p data-end=\"1016\" data-start=\"971\">Easy to attach and detach from the hearing aid<\/p>\n<\/li>\n<\/ul>\n<h2 tabindex=\"0\" data-end=\"1040\" data-start=\"1023\"><\/h2>\n<h2 tabindex=\"0\" data-end=\"1040\" data-start=\"1023\">Compatibility<\/h2>\n<p data-end=\"1161\" data-start=\"1042\"><strong data-end=\"1053\" data-start=\"1042\">Oticon:<\/strong>\u00a0Opn S, Opn Play, Ruby, CROS, Opn, Siya, Alta, Alta2, Nera, Nera2, Ria, Ria2<br data-end=\"1132\" data-start=\"1129\" \/><strong data-end=\"1145\" data-start=\"1132\">Bernafon:<\/strong>\u00a0Zerena, Viron<\/p>\n<h2 tabindex=\"0\" data-end=\"1186\" data-start=\"1168\"><\/h2>\n<h2 tabindex=\"0\" data-end=\"1186\" data-start=\"1168\">Sizes and packaging<\/h2>\n<ul data-end=\"1312\" data-start=\"1188\">\n<li data-end=\"1227\" data-start=\"1188\">\n<p data-end=\"1227\" data-start=\"1190\">Sizes:<strong data-end=\"1225\" data-start=\"1196\">\u00a06 mm, 8 mm and 10 mm<\/strong><\/p>\n<\/li>\n<li data-end=\"1283\" data-start=\"1228\">\n<p data-end=\"1283\" data-start=\"1230\">Choose the right size from the drop-down menu before ordering<\/p>\n<\/li>\n<li data-end=\"1312\" data-start=\"1284\">\n<p data-end=\"1312\" data-start=\"1286\"><strong data-end=\"1310\" data-start=\"1286\">Pack of 10 pieces<\/strong><\/p>\n<\/li>\n<\/ul>\n<p data-end=\"1466\" data-start=\"1314\">Note! The date of manufacture may appear on the packaging. The drops can be used for several years after manufacture, as long as they are stored in their own sealed packaging.<\/p>\n<h2 tabindex=\"0\" data-end=\"1504\" data-start=\"1473\"><\/h2>\n<h2 tabindex=\"0\" data-end=\"1504\" data-start=\"1473\">Why is the right tip important?<\/h2>\n<p data-end=\"1531\" data-start=\"1506\">Ensure the right fit:<\/p>\n<ul data-end=\"1646\" data-start=\"1532\">\n<li data-end=\"1567\" data-start=\"1532\">\n<p data-end=\"1567\" data-start=\"1534\">For the best possible sound quality<\/p>\n<\/li>\n<li data-end=\"1605\" data-start=\"1568\">\n<p data-end=\"1605\" data-start=\"1570\">A comfortable and secure fit<\/p>\n<\/li>\n<li data-end=\"1646\" data-start=\"1606\">\n<p data-end=\"1646\" data-start=\"1608\">Hearing aid operation without interference<\/p>\n<\/li>\n<\/ul>\n<p data-end=\"1808\" data-start=\"1648\">The size and model of the tip depends on the hearing aid, the ear canal and the level of hearing loss. Your hearing care professional will determine the appropriate model and size at the time of fitting.<\/p>\n<h2 tabindex=\"0\" data-end=\"1834\" data-start=\"1815\"><\/h2>\n<h2 tabindex=\"0\" data-end=\"1834\" data-start=\"1815\">Use and maintenance<\/h2>\n<ul data-end=\"2001\" data-start=\"1836\">\n<li data-end=\"1935\" data-start=\"1836\">\n<p data-end=\"1935\" data-start=\"1838\"><strong data-end=\"1853\" data-start=\"1838\">Interchange interval:<\/strong>\u00a0at least once a month, or more often if the drip becomes dirty or the sound changes<\/p>\n<\/li>\n<li data-end=\"2001\" data-start=\"1936\">\n<p data-end=\"2001\" data-start=\"1938\"><strong data-end=\"1952\" data-start=\"1938\">Cleaning:<\/strong>\u00a0wipe daily, for example with a cleaning cloth<\/p>\n<\/li>\n<\/ul>\n<p data-end=\"2021\" data-start=\"2003\"><strong data-end=\"2019\" data-start=\"2003\">Replacement instructions:<\/strong><\/p>\n<ol data-end=\"2222\" data-start=\"2022\">\n<li data-end=\"2094\" data-start=\"2022\">\n<p data-end=\"2094\" data-start=\"2025\">Hold the earpiece and gently pull out the old tip.<\/p>\n<\/li>\n<li data-end=\"2154\" data-start=\"2095\">\n<p data-end=\"2154\" data-start=\"2098\">Insert the new drop into the earpiece from the middle to the base.<\/p>\n<\/li>\n<li data-end=\"2222\" data-start=\"2155\">\n<p data-end=\"2222\" data-start=\"2158\">Press firmly to ensure that the drop is firmly attached.<\/p>\n<\/li>\n<\/ol>\n<h2 tabindex=\"0\" data-end=\"2242\" data-start=\"2229\"><\/h2>\n<h2 tabindex=\"0\" data-end=\"2242\" data-start=\"2229\">Summary<\/h2>\n<p data-end=\"2464\" data-start=\"2244\"><strong data-end=\"2274\" data-start=\"2244\">Oticon MiniFit open tip<\/strong>\u00a0offers natural sound, a comfortable fit and easy use. It's an excellent choice when you want to reduce congestion and keep your hearing as natural as possible.<\/p>","protected":false},"excerpt":{"rendered":"<p><strong data-end=\"374\" data-start=\"300\">natural sound and discreet fit<\/strong><\/p>\n<p data-end=\"616\" data-start=\"376\"><strong data-end=\"406\" data-start=\"376\">Oticon MiniFit open tip<\/strong>\u00a0is a discreet and comfortable fit that provides the most natural listening experience possible. The open design reduces ear canal occlusion, making sound clearer and less congested.<\/p>\n<p data-end=\"714\" data-start=\"618\">This pack contains\u00a0<strong data-end=\"673\" data-start=\"640\">10 pieces of open tips<\/strong>\u00a0Oticon and Bernafon hearing aids.<\/p>","protected":false},"featured_media":569,"comment_status":"closed","ping_status":"closed","template":"","meta":{"_acf_changed":false},"product_brand":[],"product_cat":[70,22],"product_tag":[89,90,77],"class_list":{"0":"post-565","1":"product","2":"type-product","3":"status-publish","4":"has-post-thumbnail","6":"product_cat-oticon","7":"product_cat-varaosat","8":"product_tag-minifit","9":"product_tag-oticon","10":"product_tag-tippi","12":"first","13":"instock","14":"taxable","15":"shipping-taxable","16":"purchasable","17":"product-type-variable"},"acf":[],"yoast_head":"<!-- This site is optimized with the Yoast SEO plugin v27.4 - https:\/\/yoast.com\/product\/yoast-seo-wordpress\/ -->\n<title>Oticon miniFit avoin tippi - kuuloasi.fi<\/title>\n<meta name=\"robots\" content=\"index, follow, max-snippet:-1, max-image-preview:large, max-video-preview:-1\" \/>\n<link rel=\"canonical\" href=\"https:\/\/kuuloasi.fi\/en\/product\/oticon-minifit-avoin-tippi\/\" \/>\n<meta property=\"og:locale\" content=\"en_GB\" \/>\n<meta property=\"og:type\" content=\"article\" \/>\n<meta property=\"og:title\" content=\"Oticon miniFit avoin tippi - kuuloasi.fi\" \/>\n<meta property=\"og:description\" content=\"luonnollinen \u00e4\u00e4ni ja huomaamaton istuvuus Oticon MiniFit avoin tippi\u00a0on huomaamaton ja mukava sovite, joka tarjoaa mahdollisimman luonnollisen kuuntelukokemuksen. Avoin muotoilu v\u00e4hent\u00e4\u00e4 korvak\u00e4yt\u00e4v\u00e4n sulkeutumista, jolloin \u00e4\u00e4ni kuulostaa selke\u00e4mm\u00e4lt\u00e4 ja v\u00e4hemm\u00e4n tukkoiselta. T\u00e4m\u00e4 pakkaus sis\u00e4lt\u00e4\u00e4\u00a010 kappaletta avoimia tippej\u00e4\u00a0Oticonin ja Bernafonin kuulokojeisiin.\" \/>\n<meta property=\"og:url\" content=\"https:\/\/kuuloasi.fi\/en\/product\/oticon-minifit-avoin-tippi\/\" \/>\n<meta property=\"og:site_name\" content=\"kuuloasi.fi\" \/>\n<meta property=\"article:modified_time\" content=\"2026-04-13T07:18:41+00:00\" \/>\n<meta property=\"og:image\" content=\"https:\/\/kuuloasi.fi\/wp-content\/uploads\/2025\/12\/oticon-tippi-6mm-open-minifit_orig_ml.jpg\" \/>\n\t<meta property=\"og:image:width\" content=\"1000\" \/>\n\t<meta property=\"og:image:height\" content=\"1000\" \/>\n\t<meta property=\"og:image:type\" content=\"image\/jpeg\" \/>\n<meta name=\"twitter:card\" content=\"summary_large_image\" \/>\n<meta name=\"twitter:label1\" content=\"Estimated reading time\" \/>\n\t<meta name=\"twitter:data1\" content=\"1 minute\" \/>\n<script type=\"application\/ld+json\" class=\"yoast-schema-graph\">{\"@context\":\"https:\\\/\\\/schema.org\",\"@graph\":[{\"@type\":\"WebPage\",\"@id\":\"https:\\\/\\\/kuuloasi.fi\\\/tuote\\\/oticon-minifit-avoin-tippi\\\/\",\"url\":\"https:\\\/\\\/kuuloasi.fi\\\/tuote\\\/oticon-minifit-avoin-tippi\\\/\",\"name\":\"Oticon miniFit avoin tippi - kuuloasi.fi\",\"isPartOf\":{\"@id\":\"https:\\\/\\\/kuuloasi.fi\\\/#website\"},\"primaryImageOfPage\":{\"@id\":\"https:\\\/\\\/kuuloasi.fi\\\/tuote\\\/oticon-minifit-avoin-tippi\\\/#primaryimage\"},\"image\":{\"@id\":\"https:\\\/\\\/kuuloasi.fi\\\/tuote\\\/oticon-minifit-avoin-tippi\\\/#primaryimage\"},\"thumbnailUrl\":\"https:\\\/\\\/kuuloasi.fi\\\/wp-content\\\/uploads\\\/2025\\\/12\\\/oticon-tippi-6mm-open-minifit_orig_ml.jpg\",\"datePublished\":\"2025-12-03T13:33:57+00:00\",\"dateModified\":\"2026-04-13T07:18:41+00:00\",\"breadcrumb\":{\"@id\":\"https:\\\/\\\/kuuloasi.fi\\\/tuote\\\/oticon-minifit-avoin-tippi\\\/#breadcrumb\"},\"inLanguage\":\"en-GB\",\"potentialAction\":[{\"@type\":\"ReadAction\",\"target\":[\"https:\\\/\\\/kuuloasi.fi\\\/tuote\\\/oticon-minifit-avoin-tippi\\\/\"]}]},{\"@type\":\"ImageObject\",\"inLanguage\":\"en-GB\",\"@id\":\"https:\\\/\\\/kuuloasi.fi\\\/tuote\\\/oticon-minifit-avoin-tippi\\\/#primaryimage\",\"url\":\"https:\\\/\\\/kuuloasi.fi\\\/wp-content\\\/uploads\\\/2025\\\/12\\\/oticon-tippi-6mm-open-minifit_orig_ml.jpg\",\"contentUrl\":\"https:\\\/\\\/kuuloasi.fi\\\/wp-content\\\/uploads\\\/2025\\\/12\\\/oticon-tippi-6mm-open-minifit_orig_ml.jpg\",\"width\":1000,\"height\":1000},{\"@type\":\"BreadcrumbList\",\"@id\":\"https:\\\/\\\/kuuloasi.fi\\\/tuote\\\/oticon-minifit-avoin-tippi\\\/#breadcrumb\",\"itemListElement\":[{\"@type\":\"ListItem\",\"position\":1,\"name\":\"Etusivu\",\"item\":\"https:\\\/\\\/kuuloasi.fi\\\/\"},{\"@type\":\"ListItem\",\"position\":2,\"name\":\"Kauppa\",\"item\":\"https:\\\/\\\/kuuloasi.fi\\\/kauppa\\\/\"},{\"@type\":\"ListItem\",\"position\":3,\"name\":\"Oticon miniFit avoin tippi\"}]},{\"@type\":\"WebSite\",\"@id\":\"https:\\\/\\\/kuuloasi.fi\\\/#website\",\"url\":\"https:\\\/\\\/kuuloasi.fi\\\/\",\"name\":\"kuuloasi.fi\",\"description\":\"\",\"potentialAction\":[{\"@type\":\"SearchAction\",\"target\":{\"@type\":\"EntryPoint\",\"urlTemplate\":\"https:\\\/\\\/kuuloasi.fi\\\/?s={search_term_string}\"},\"query-input\":{\"@type\":\"PropertyValueSpecification\",\"valueRequired\":true,\"valueName\":\"search_term_string\"}}],\"inLanguage\":\"en-GB\"}]}<\/script>\n<!-- \/ Yoast SEO plugin. -->","yoast_head_json":{"title":"Oticon miniFit avoin tippi - kuuloasi.fi","robots":{"index":"index","follow":"follow","max-snippet":"max-snippet:-1","max-image-preview":"max-image-preview:large","max-video-preview":"max-video-preview:-1"},"canonical":"https:\/\/kuuloasi.fi\/en\/product\/oticon-minifit-avoin-tippi\/","og_locale":"en_GB","og_type":"article","og_title":"Oticon miniFit avoin tippi - kuuloasi.fi","og_description":"luonnollinen \u00e4\u00e4ni ja huomaamaton istuvuus Oticon MiniFit avoin tippi\u00a0on huomaamaton ja mukava sovite, joka tarjoaa mahdollisimman luonnollisen kuuntelukokemuksen. Avoin muotoilu v\u00e4hent\u00e4\u00e4 korvak\u00e4yt\u00e4v\u00e4n sulkeutumista, jolloin \u00e4\u00e4ni kuulostaa selke\u00e4mm\u00e4lt\u00e4 ja v\u00e4hemm\u00e4n tukkoiselta. T\u00e4m\u00e4 pakkaus sis\u00e4lt\u00e4\u00e4\u00a010 kappaletta avoimia tippej\u00e4\u00a0Oticonin ja Bernafonin kuulokojeisiin.","og_url":"https:\/\/kuuloasi.fi\/en\/product\/oticon-minifit-avoin-tippi\/","og_site_name":"kuuloasi.fi","article_modified_time":"2026-04-13T07:18:41+00:00","og_image":[{"width":1000,"height":1000,"url":"https:\/\/kuuloasi.fi\/wp-content\/uploads\/2025\/12\/oticon-tippi-6mm-open-minifit_orig_ml.jpg","type":"image\/jpeg"}],"twitter_card":"summary_large_image","twitter_misc":{"Estimated reading time":"1 minute"},"schema":{"@context":"https:\/\/schema.org","@graph":[{"@type":"WebPage","@id":"https:\/\/kuuloasi.fi\/tuote\/oticon-minifit-avoin-tippi\/","url":"https:\/\/kuuloasi.fi\/tuote\/oticon-minifit-avoin-tippi\/","name":"Oticon miniFit avoin tippi - kuuloasi.fi","isPartOf":{"@id":"https:\/\/kuuloasi.fi\/#website"},"primaryImageOfPage":{"@id":"https:\/\/kuuloasi.fi\/tuote\/oticon-minifit-avoin-tippi\/#primaryimage"},"image":{"@id":"https:\/\/kuuloasi.fi\/tuote\/oticon-minifit-avoin-tippi\/#primaryimage"},"thumbnailUrl":"https:\/\/kuuloasi.fi\/wp-content\/uploads\/2025\/12\/oticon-tippi-6mm-open-minifit_orig_ml.jpg","datePublished":"2025-12-03T13:33:57+00:00","dateModified":"2026-04-13T07:18:41+00:00","breadcrumb":{"@id":"https:\/\/kuuloasi.fi\/tuote\/oticon-minifit-avoin-tippi\/#breadcrumb"},"inLanguage":"en-GB","potentialAction":[{"@type":"ReadAction","target":["https:\/\/kuuloasi.fi\/tuote\/oticon-minifit-avoin-tippi\/"]}]},{"@type":"ImageObject","inLanguage":"en-GB","@id":"https:\/\/kuuloasi.fi\/tuote\/oticon-minifit-avoin-tippi\/#primaryimage","url":"https:\/\/kuuloasi.fi\/wp-content\/uploads\/2025\/12\/oticon-tippi-6mm-open-minifit_orig_ml.jpg","contentUrl":"https:\/\/kuuloasi.fi\/wp-content\/uploads\/2025\/12\/oticon-tippi-6mm-open-minifit_orig_ml.jpg","width":1000,"height":1000},{"@type":"BreadcrumbList","@id":"https:\/\/kuuloasi.fi\/tuote\/oticon-minifit-avoin-tippi\/#breadcrumb","itemListElement":[{"@type":"ListItem","position":1,"name":"Etusivu","item":"https:\/\/kuuloasi.fi\/"},{"@type":"ListItem","position":2,"name":"Kauppa","item":"https:\/\/kuuloasi.fi\/kauppa\/"},{"@type":"ListItem","position":3,"name":"Oticon miniFit avoin tippi"}]},{"@type":"WebSite","@id":"https:\/\/kuuloasi.fi\/#website","url":"https:\/\/kuuloasi.fi\/","name":"hearing.co.uk","description":"","potentialAction":[{"@type":"SearchAction","target":{"@type":"EntryPoint","urlTemplate":"https:\/\/kuuloasi.fi\/?s={search_term_string}"},"query-input":{"@type":"PropertyValueSpecification","valueRequired":true,"valueName":"search_term_string"}}],"inLanguage":"en-GB"}]}},"_links":{"self":[{"href":"https:\/\/kuuloasi.fi\/en\/wp-json\/wp\/v2\/product\/565","targetHints":{"allow":["GET"]}}],"collection":[{"href":"https:\/\/kuuloasi.fi\/en\/wp-json\/wp\/v2\/product"}],"about":[{"href":"https:\/\/kuuloasi.fi\/en\/wp-json\/wp\/v2\/types\/product"}],"replies":[{"embeddable":true,"href":"https:\/\/kuuloasi.fi\/en\/wp-json\/wp\/v2\/comments?post=565"}],"wp:featuredmedia":[{"embeddable":true,"href":"https:\/\/kuuloasi.fi\/en\/wp-json\/wp\/v2\/media\/569"}],"wp:attachment":[{"href":"https:\/\/kuuloasi.fi\/en\/wp-json\/wp\/v2\/media?parent=565"}],"wp:term":[{"taxonomy":"product_brand","embeddable":true,"href":"https:\/\/kuuloasi.fi\/en\/wp-json\/wp\/v2\/product_brand?post=565"},{"taxonomy":"product_cat","embeddable":true,"href":"https:\/\/kuuloasi.fi\/en\/wp-json\/wp\/v2\/product_cat?post=565"},{"taxonomy":"product_tag","embeddable":true,"href":"https:\/\/kuuloasi.fi\/en\/wp-json\/wp\/v2\/product_tag?post=565"}],"curies":[{"name":"wp","href":"https:\/\/api.w.org\/{rel}","templated":true}]}}