{"id":561,"date":"2025-12-03T12:43:53","date_gmt":"2025-12-03T12:43:53","guid":{"rendered":"https:\/\/kuuloasi.fi\/?post_type=product&#038;p=561"},"modified":"2026-04-16T09:39:52","modified_gmt":"2026-04-16T09:39:52","slug":"kuulokojeen-valiletku-40cm","status":"publish","type":"product","link":"https:\/\/kuuloasi.fi\/en\/product\/kuulokojeen-valiletku-40cm\/","title":{"rendered":"Hearing aid tube 40cm"},"content":{"rendered":"<p><iframe title=\"Hearing aid intermediate tube replacement\" width=\"800\" height=\"450\" src=\"https:\/\/www.youtube.com\/embed\/_bcwL-e_B4k?feature=oembed\" frameborder=\"0\" allow=\"accelerometer; autoplay; clipboard-write; encrypted-media; gyroscope; picture-in-picture; web-share\" referrerpolicy=\"strict-origin-when-cross-origin\" allowfullscreen><\/iframe><\/p>\n<p><strong>Replacing the hose<\/strong><\/p>\n<p>It is recommended to change the intermediate tube every month or so, as a hardened intermediate tube can damage the hook of the hearing aid or earpiece. In addition, hardening impairs sound conduction, which affects the functioning of the hearing aid. Regular replacement ensures the best possible sound quality and durability of the hearing aid.<\/p>\n<p><strong>Find More Hearing Aids<\/strong><\/p>\n<p>Check out our wide range of hearing aids online and make sure your hearing aids are always working at their best. We have all the hearing accessories you need, whether it's a replacement hose, batteries or other spare parts.<\/p>","protected":false},"excerpt":{"rendered":"<p>The hearing aid intermediate tube is an essential hearing accessory that connects the hearing aid to the individual earpiece. This discreet, transparent intermediate tube fits all hearing aids that use a personalised earpiece. It is 40 cm long and can be easily cut to the exact size of the old tube to keep the length just right.<\/p>","protected":false},"featured_media":562,"comment_status":"closed","ping_status":"closed","template":"","meta":{"_acf_changed":false},"product_brand":[],"product_cat":[25,70,71,69,72,22,73],"product_tag":[84,83],"class_list":{"0":"post-561","1":"product","2":"type-product","3":"status-publish","4":"has-post-thumbnail","6":"product_cat-muut-tuotteet","7":"product_cat-oticon","8":"product_cat-phonak","9":"product_cat-resound","10":"product_cat-signia","11":"product_cat-varaosat","12":"product_cat-widex","13":"product_tag-letku","14":"product_tag-valiletku","16":"first","17":"instock","18":"taxable","19":"shipping-taxable","20":"purchasable","21":"product-type-simple"},"acf":[],"yoast_head":"<!-- This site is optimized with the Yoast SEO plugin v27.4 - https:\/\/yoast.com\/product\/yoast-seo-wordpress\/ -->\n<title>Kuulokojeen v\u00e4liletku 40cm - kuuloasi.fi<\/title>\n<meta name=\"robots\" content=\"index, follow, max-snippet:-1, max-image-preview:large, max-video-preview:-1\" \/>\n<link rel=\"canonical\" href=\"https:\/\/kuuloasi.fi\/en\/product\/kuulokojeen-valiletku-40cm\/\" \/>\n<meta property=\"og:locale\" content=\"en_GB\" \/>\n<meta property=\"og:type\" content=\"article\" \/>\n<meta property=\"og:title\" content=\"Kuulokojeen v\u00e4liletku 40cm - kuuloasi.fi\" \/>\n<meta property=\"og:description\" content=\"Kuulokojeen v\u00e4liletku on olennainen kuulotarvike, joka yhdist\u00e4\u00e4 kuulolaitteen ja yksil\u00f6llisen korvakappaleen. T\u00e4m\u00e4 huomaamaton, l\u00e4pin\u00e4kyv\u00e4 v\u00e4liletku sopii kaikkiin kuulokojeisiin, joissa k\u00e4ytet\u00e4\u00e4n yksil\u00f6llist\u00e4 korvakappaletta. V\u00e4liletku on 40 cm pitk\u00e4, ja sen voi leikata helposti juuri sopivan kokoiseksi vanhan letkun mukaan, jotta pituus pysyy oikeana.\" \/>\n<meta property=\"og:url\" content=\"https:\/\/kuuloasi.fi\/en\/product\/kuulokojeen-valiletku-40cm\/\" \/>\n<meta property=\"og:site_name\" content=\"kuuloasi.fi\" \/>\n<meta property=\"article:modified_time\" content=\"2026-04-16T09:39:52+00:00\" \/>\n<meta property=\"og:image\" content=\"https:\/\/kuuloasi.fi\/wp-content\/uploads\/2025\/12\/vaeliletku-228x228-1.jpg\" \/>\n\t<meta property=\"og:image:width\" content=\"228\" \/>\n\t<meta property=\"og:image:height\" content=\"228\" \/>\n\t<meta property=\"og:image:type\" content=\"image\/jpeg\" \/>\n<meta name=\"twitter:card\" content=\"summary_large_image\" \/>\n<script type=\"application\/ld+json\" class=\"yoast-schema-graph\">{\"@context\":\"https:\\\/\\\/schema.org\",\"@graph\":[{\"@type\":\"WebPage\",\"@id\":\"https:\\\/\\\/kuuloasi.fi\\\/tuote\\\/kuulokojeen-valiletku-40cm\\\/\",\"url\":\"https:\\\/\\\/kuuloasi.fi\\\/tuote\\\/kuulokojeen-valiletku-40cm\\\/\",\"name\":\"Kuulokojeen v\u00e4liletku 40cm - kuuloasi.fi\",\"isPartOf\":{\"@id\":\"https:\\\/\\\/kuuloasi.fi\\\/#website\"},\"primaryImageOfPage\":{\"@id\":\"https:\\\/\\\/kuuloasi.fi\\\/tuote\\\/kuulokojeen-valiletku-40cm\\\/#primaryimage\"},\"image\":{\"@id\":\"https:\\\/\\\/kuuloasi.fi\\\/tuote\\\/kuulokojeen-valiletku-40cm\\\/#primaryimage\"},\"thumbnailUrl\":\"https:\\\/\\\/kuuloasi.fi\\\/wp-content\\\/uploads\\\/2025\\\/12\\\/vaeliletku-228x228-1.jpg\",\"datePublished\":\"2025-12-03T12:43:53+00:00\",\"dateModified\":\"2026-04-16T09:39:52+00:00\",\"breadcrumb\":{\"@id\":\"https:\\\/\\\/kuuloasi.fi\\\/tuote\\\/kuulokojeen-valiletku-40cm\\\/#breadcrumb\"},\"inLanguage\":\"en-GB\",\"potentialAction\":[{\"@type\":\"ReadAction\",\"target\":[\"https:\\\/\\\/kuuloasi.fi\\\/tuote\\\/kuulokojeen-valiletku-40cm\\\/\"]}]},{\"@type\":\"ImageObject\",\"inLanguage\":\"en-GB\",\"@id\":\"https:\\\/\\\/kuuloasi.fi\\\/tuote\\\/kuulokojeen-valiletku-40cm\\\/#primaryimage\",\"url\":\"https:\\\/\\\/kuuloasi.fi\\\/wp-content\\\/uploads\\\/2025\\\/12\\\/vaeliletku-228x228-1.jpg\",\"contentUrl\":\"https:\\\/\\\/kuuloasi.fi\\\/wp-content\\\/uploads\\\/2025\\\/12\\\/vaeliletku-228x228-1.jpg\",\"width\":228,\"height\":228},{\"@type\":\"BreadcrumbList\",\"@id\":\"https:\\\/\\\/kuuloasi.fi\\\/tuote\\\/kuulokojeen-valiletku-40cm\\\/#breadcrumb\",\"itemListElement\":[{\"@type\":\"ListItem\",\"position\":1,\"name\":\"Etusivu\",\"item\":\"https:\\\/\\\/kuuloasi.fi\\\/\"},{\"@type\":\"ListItem\",\"position\":2,\"name\":\"Kauppa\",\"item\":\"https:\\\/\\\/kuuloasi.fi\\\/kauppa\\\/\"},{\"@type\":\"ListItem\",\"position\":3,\"name\":\"Kuulokojeen v\u00e4liletku 40cm\"}]},{\"@type\":\"WebSite\",\"@id\":\"https:\\\/\\\/kuuloasi.fi\\\/#website\",\"url\":\"https:\\\/\\\/kuuloasi.fi\\\/\",\"name\":\"kuuloasi.fi\",\"description\":\"\",\"potentialAction\":[{\"@type\":\"SearchAction\",\"target\":{\"@type\":\"EntryPoint\",\"urlTemplate\":\"https:\\\/\\\/kuuloasi.fi\\\/?s={search_term_string}\"},\"query-input\":{\"@type\":\"PropertyValueSpecification\",\"valueRequired\":true,\"valueName\":\"search_term_string\"}}],\"inLanguage\":\"en-GB\"}]}<\/script>\n<!-- \/ Yoast SEO plugin. -->","yoast_head_json":{"title":"Kuulokojeen v\u00e4liletku 40cm - kuuloasi.fi","robots":{"index":"index","follow":"follow","max-snippet":"max-snippet:-1","max-image-preview":"max-image-preview:large","max-video-preview":"max-video-preview:-1"},"canonical":"https:\/\/kuuloasi.fi\/en\/product\/kuulokojeen-valiletku-40cm\/","og_locale":"en_GB","og_type":"article","og_title":"Kuulokojeen v\u00e4liletku 40cm - kuuloasi.fi","og_description":"Kuulokojeen v\u00e4liletku on olennainen kuulotarvike, joka yhdist\u00e4\u00e4 kuulolaitteen ja yksil\u00f6llisen korvakappaleen. T\u00e4m\u00e4 huomaamaton, l\u00e4pin\u00e4kyv\u00e4 v\u00e4liletku sopii kaikkiin kuulokojeisiin, joissa k\u00e4ytet\u00e4\u00e4n yksil\u00f6llist\u00e4 korvakappaletta. V\u00e4liletku on 40 cm pitk\u00e4, ja sen voi leikata helposti juuri sopivan kokoiseksi vanhan letkun mukaan, jotta pituus pysyy oikeana.","og_url":"https:\/\/kuuloasi.fi\/en\/product\/kuulokojeen-valiletku-40cm\/","og_site_name":"kuuloasi.fi","article_modified_time":"2026-04-16T09:39:52+00:00","og_image":[{"width":228,"height":228,"url":"https:\/\/kuuloasi.fi\/wp-content\/uploads\/2025\/12\/vaeliletku-228x228-1.jpg","type":"image\/jpeg"}],"twitter_card":"summary_large_image","schema":{"@context":"https:\/\/schema.org","@graph":[{"@type":"WebPage","@id":"https:\/\/kuuloasi.fi\/tuote\/kuulokojeen-valiletku-40cm\/","url":"https:\/\/kuuloasi.fi\/tuote\/kuulokojeen-valiletku-40cm\/","name":"Kuulokojeen v\u00e4liletku 40cm - kuuloasi.fi","isPartOf":{"@id":"https:\/\/kuuloasi.fi\/#website"},"primaryImageOfPage":{"@id":"https:\/\/kuuloasi.fi\/tuote\/kuulokojeen-valiletku-40cm\/#primaryimage"},"image":{"@id":"https:\/\/kuuloasi.fi\/tuote\/kuulokojeen-valiletku-40cm\/#primaryimage"},"thumbnailUrl":"https:\/\/kuuloasi.fi\/wp-content\/uploads\/2025\/12\/vaeliletku-228x228-1.jpg","datePublished":"2025-12-03T12:43:53+00:00","dateModified":"2026-04-16T09:39:52+00:00","breadcrumb":{"@id":"https:\/\/kuuloasi.fi\/tuote\/kuulokojeen-valiletku-40cm\/#breadcrumb"},"inLanguage":"en-GB","potentialAction":[{"@type":"ReadAction","target":["https:\/\/kuuloasi.fi\/tuote\/kuulokojeen-valiletku-40cm\/"]}]},{"@type":"ImageObject","inLanguage":"en-GB","@id":"https:\/\/kuuloasi.fi\/tuote\/kuulokojeen-valiletku-40cm\/#primaryimage","url":"https:\/\/kuuloasi.fi\/wp-content\/uploads\/2025\/12\/vaeliletku-228x228-1.jpg","contentUrl":"https:\/\/kuuloasi.fi\/wp-content\/uploads\/2025\/12\/vaeliletku-228x228-1.jpg","width":228,"height":228},{"@type":"BreadcrumbList","@id":"https:\/\/kuuloasi.fi\/tuote\/kuulokojeen-valiletku-40cm\/#breadcrumb","itemListElement":[{"@type":"ListItem","position":1,"name":"Etusivu","item":"https:\/\/kuuloasi.fi\/"},{"@type":"ListItem","position":2,"name":"Kauppa","item":"https:\/\/kuuloasi.fi\/kauppa\/"},{"@type":"ListItem","position":3,"name":"Kuulokojeen v\u00e4liletku 40cm"}]},{"@type":"WebSite","@id":"https:\/\/kuuloasi.fi\/#website","url":"https:\/\/kuuloasi.fi\/","name":"hearing.co.uk","description":"","potentialAction":[{"@type":"SearchAction","target":{"@type":"EntryPoint","urlTemplate":"https:\/\/kuuloasi.fi\/?s={search_term_string}"},"query-input":{"@type":"PropertyValueSpecification","valueRequired":true,"valueName":"search_term_string"}}],"inLanguage":"en-GB"}]}},"_links":{"self":[{"href":"https:\/\/kuuloasi.fi\/en\/wp-json\/wp\/v2\/product\/561","targetHints":{"allow":["GET"]}}],"collection":[{"href":"https:\/\/kuuloasi.fi\/en\/wp-json\/wp\/v2\/product"}],"about":[{"href":"https:\/\/kuuloasi.fi\/en\/wp-json\/wp\/v2\/types\/product"}],"replies":[{"embeddable":true,"href":"https:\/\/kuuloasi.fi\/en\/wp-json\/wp\/v2\/comments?post=561"}],"wp:featuredmedia":[{"embeddable":true,"href":"https:\/\/kuuloasi.fi\/en\/wp-json\/wp\/v2\/media\/562"}],"wp:attachment":[{"href":"https:\/\/kuuloasi.fi\/en\/wp-json\/wp\/v2\/media?parent=561"}],"wp:term":[{"taxonomy":"product_brand","embeddable":true,"href":"https:\/\/kuuloasi.fi\/en\/wp-json\/wp\/v2\/product_brand?post=561"},{"taxonomy":"product_cat","embeddable":true,"href":"https:\/\/kuuloasi.fi\/en\/wp-json\/wp\/v2\/product_cat?post=561"},{"taxonomy":"product_tag","embeddable":true,"href":"https:\/\/kuuloasi.fi\/en\/wp-json\/wp\/v2\/product_tag?post=561"}],"curies":[{"name":"wp","href":"https:\/\/api.w.org\/{rel}","templated":true}]}}