{"id":559,"date":"2025-12-03T12:41:12","date_gmt":"2025-12-03T12:41:12","guid":{"rendered":"https:\/\/kuuloasi.fi\/?post_type=product&#038;p=559"},"modified":"2026-01-28T08:40:31","modified_gmt":"2026-01-28T08:40:31","slug":"resound-tulppanitippi","status":"publish","type":"product","link":"https:\/\/kuuloasi.fi\/en\/product\/resound-tulppanitippi\/","title":{"rendered":"Resound tulip dome"},"content":{"rendered":"<p style=\"text-align: left;\" align=\"center\">A tulip plug is tighter in the ear than an open plug and is less likely to cause squeaking. The tulip tip is also known as a cone tip and on some brands it is replaced by a closed tip. However, they all have the same features, the most important of which is better amplification of low frequencies than an open tip. We always recommend that you discuss with your audiologist before changing the model of the drip, as the model depends very much on the person's hearing.<\/p>\n<p style=\"text-align: left;\" align=\"center\">ReSound tulip plugs are only available in one size. Thanks to its flexible design, it fits most ears well, eliminating the need for different sizes.<\/p>\n<p style=\"text-align: left;\" align=\"center\">The drops are sold in packs of 10.<\/p>","protected":false},"excerpt":{"rendered":"<p>ReSound tulip plug adapter to fit older ReSound hearing aids (up to ReSound LiNX2). For newer hearing aids, only the black surefit tip will fit. The adaptors come on the head of the headset, which makes wearing the hearing aid as comfortable as possible. The adapter should be replaced when necessary.<\/p>","protected":false},"featured_media":560,"comment_status":"closed","ping_status":"closed","template":"","meta":{"_acf_changed":false},"product_brand":[],"product_cat":[69,22],"product_tag":[78,77],"class_list":{"0":"post-559","1":"product","2":"type-product","3":"status-publish","4":"has-post-thumbnail","6":"product_cat-resound","7":"product_cat-varaosat","8":"product_tag-resound","9":"product_tag-tippi","11":"first","12":"instock","13":"taxable","14":"shipping-taxable","15":"purchasable","16":"product-type-simple"},"acf":[],"yoast_head":"<!-- This site is optimized with the Yoast SEO plugin v27.4 - https:\/\/yoast.com\/product\/yoast-seo-wordpress\/ -->\n<title>Resound tulppanitippi - kuuloasi.fi<\/title>\n<meta name=\"robots\" content=\"index, follow, max-snippet:-1, max-image-preview:large, max-video-preview:-1\" \/>\n<link rel=\"canonical\" href=\"https:\/\/kuuloasi.fi\/en\/product\/resound-tulppanitippi\/\" \/>\n<meta property=\"og:locale\" content=\"en_GB\" \/>\n<meta property=\"og:type\" content=\"article\" \/>\n<meta property=\"og:title\" content=\"Resound tulppanitippi - kuuloasi.fi\" \/>\n<meta property=\"og:description\" content=\"ReSoundin tulppaanitippi sovite, joka sopii vanhempiin ReSound kuulokojeisiin (ReSound LiNX2 asti). Uudempiin kuulokojeihin sopii vain musta surefit tippi. Sovitteet tulevat kuulokkeen p\u00e4\u00e4h\u00e4n, joka tekee kuulokojeen k\u00e4ytt\u00e4misest\u00e4 mahdollisimman mukavaa. Sovitetta tulee vaihtaa tarvittaessa.\" \/>\n<meta property=\"og:url\" content=\"https:\/\/kuuloasi.fi\/en\/product\/resound-tulppanitippi\/\" \/>\n<meta property=\"og:site_name\" content=\"kuuloasi.fi\" \/>\n<meta property=\"article:modified_time\" content=\"2026-01-28T08:40:31+00:00\" \/>\n<meta property=\"og:image\" content=\"https:\/\/kuuloasi.fi\/wp-content\/uploads\/2025\/12\/ReSoundReceiverTulipDome-228x228-transparent_ml.png\" \/>\n\t<meta property=\"og:image:width\" content=\"500\" \/>\n\t<meta property=\"og:image:height\" content=\"500\" \/>\n\t<meta property=\"og:image:type\" content=\"image\/png\" \/>\n<meta name=\"twitter:card\" content=\"summary_large_image\" \/>\n<script type=\"application\/ld+json\" class=\"yoast-schema-graph\">{\"@context\":\"https:\\\/\\\/schema.org\",\"@graph\":[{\"@type\":\"WebPage\",\"@id\":\"https:\\\/\\\/kuuloasi.fi\\\/tuote\\\/resound-tulppanitippi\\\/\",\"url\":\"https:\\\/\\\/kuuloasi.fi\\\/tuote\\\/resound-tulppanitippi\\\/\",\"name\":\"Resound tulppanitippi - kuuloasi.fi\",\"isPartOf\":{\"@id\":\"https:\\\/\\\/kuuloasi.fi\\\/#website\"},\"primaryImageOfPage\":{\"@id\":\"https:\\\/\\\/kuuloasi.fi\\\/tuote\\\/resound-tulppanitippi\\\/#primaryimage\"},\"image\":{\"@id\":\"https:\\\/\\\/kuuloasi.fi\\\/tuote\\\/resound-tulppanitippi\\\/#primaryimage\"},\"thumbnailUrl\":\"https:\\\/\\\/kuuloasi.fi\\\/wp-content\\\/uploads\\\/2025\\\/12\\\/ReSoundReceiverTulipDome-228x228-transparent_ml.png\",\"datePublished\":\"2025-12-03T12:41:12+00:00\",\"dateModified\":\"2026-01-28T08:40:31+00:00\",\"breadcrumb\":{\"@id\":\"https:\\\/\\\/kuuloasi.fi\\\/tuote\\\/resound-tulppanitippi\\\/#breadcrumb\"},\"inLanguage\":\"en-GB\",\"potentialAction\":[{\"@type\":\"ReadAction\",\"target\":[\"https:\\\/\\\/kuuloasi.fi\\\/tuote\\\/resound-tulppanitippi\\\/\"]}]},{\"@type\":\"ImageObject\",\"inLanguage\":\"en-GB\",\"@id\":\"https:\\\/\\\/kuuloasi.fi\\\/tuote\\\/resound-tulppanitippi\\\/#primaryimage\",\"url\":\"https:\\\/\\\/kuuloasi.fi\\\/wp-content\\\/uploads\\\/2025\\\/12\\\/ReSoundReceiverTulipDome-228x228-transparent_ml.png\",\"contentUrl\":\"https:\\\/\\\/kuuloasi.fi\\\/wp-content\\\/uploads\\\/2025\\\/12\\\/ReSoundReceiverTulipDome-228x228-transparent_ml.png\",\"width\":500,\"height\":500},{\"@type\":\"BreadcrumbList\",\"@id\":\"https:\\\/\\\/kuuloasi.fi\\\/tuote\\\/resound-tulppanitippi\\\/#breadcrumb\",\"itemListElement\":[{\"@type\":\"ListItem\",\"position\":1,\"name\":\"Etusivu\",\"item\":\"https:\\\/\\\/kuuloasi.fi\\\/\"},{\"@type\":\"ListItem\",\"position\":2,\"name\":\"Kauppa\",\"item\":\"https:\\\/\\\/kuuloasi.fi\\\/kauppa\\\/\"},{\"@type\":\"ListItem\",\"position\":3,\"name\":\"Resound tulppanitippi\"}]},{\"@type\":\"WebSite\",\"@id\":\"https:\\\/\\\/kuuloasi.fi\\\/#website\",\"url\":\"https:\\\/\\\/kuuloasi.fi\\\/\",\"name\":\"kuuloasi.fi\",\"description\":\"\",\"potentialAction\":[{\"@type\":\"SearchAction\",\"target\":{\"@type\":\"EntryPoint\",\"urlTemplate\":\"https:\\\/\\\/kuuloasi.fi\\\/?s={search_term_string}\"},\"query-input\":{\"@type\":\"PropertyValueSpecification\",\"valueRequired\":true,\"valueName\":\"search_term_string\"}}],\"inLanguage\":\"en-GB\"}]}<\/script>\n<!-- \/ Yoast SEO plugin. -->","yoast_head_json":{"title":"Resound tulppanitippi - kuuloasi.fi","robots":{"index":"index","follow":"follow","max-snippet":"max-snippet:-1","max-image-preview":"max-image-preview:large","max-video-preview":"max-video-preview:-1"},"canonical":"https:\/\/kuuloasi.fi\/en\/product\/resound-tulppanitippi\/","og_locale":"en_GB","og_type":"article","og_title":"Resound tulppanitippi - kuuloasi.fi","og_description":"ReSoundin tulppaanitippi sovite, joka sopii vanhempiin ReSound kuulokojeisiin (ReSound LiNX2 asti). Uudempiin kuulokojeihin sopii vain musta surefit tippi. Sovitteet tulevat kuulokkeen p\u00e4\u00e4h\u00e4n, joka tekee kuulokojeen k\u00e4ytt\u00e4misest\u00e4 mahdollisimman mukavaa. Sovitetta tulee vaihtaa tarvittaessa.","og_url":"https:\/\/kuuloasi.fi\/en\/product\/resound-tulppanitippi\/","og_site_name":"kuuloasi.fi","article_modified_time":"2026-01-28T08:40:31+00:00","og_image":[{"width":500,"height":500,"url":"https:\/\/kuuloasi.fi\/wp-content\/uploads\/2025\/12\/ReSoundReceiverTulipDome-228x228-transparent_ml.png","type":"image\/png"}],"twitter_card":"summary_large_image","schema":{"@context":"https:\/\/schema.org","@graph":[{"@type":"WebPage","@id":"https:\/\/kuuloasi.fi\/tuote\/resound-tulppanitippi\/","url":"https:\/\/kuuloasi.fi\/tuote\/resound-tulppanitippi\/","name":"Resound tulppanitippi - kuuloasi.fi","isPartOf":{"@id":"https:\/\/kuuloasi.fi\/#website"},"primaryImageOfPage":{"@id":"https:\/\/kuuloasi.fi\/tuote\/resound-tulppanitippi\/#primaryimage"},"image":{"@id":"https:\/\/kuuloasi.fi\/tuote\/resound-tulppanitippi\/#primaryimage"},"thumbnailUrl":"https:\/\/kuuloasi.fi\/wp-content\/uploads\/2025\/12\/ReSoundReceiverTulipDome-228x228-transparent_ml.png","datePublished":"2025-12-03T12:41:12+00:00","dateModified":"2026-01-28T08:40:31+00:00","breadcrumb":{"@id":"https:\/\/kuuloasi.fi\/tuote\/resound-tulppanitippi\/#breadcrumb"},"inLanguage":"en-GB","potentialAction":[{"@type":"ReadAction","target":["https:\/\/kuuloasi.fi\/tuote\/resound-tulppanitippi\/"]}]},{"@type":"ImageObject","inLanguage":"en-GB","@id":"https:\/\/kuuloasi.fi\/tuote\/resound-tulppanitippi\/#primaryimage","url":"https:\/\/kuuloasi.fi\/wp-content\/uploads\/2025\/12\/ReSoundReceiverTulipDome-228x228-transparent_ml.png","contentUrl":"https:\/\/kuuloasi.fi\/wp-content\/uploads\/2025\/12\/ReSoundReceiverTulipDome-228x228-transparent_ml.png","width":500,"height":500},{"@type":"BreadcrumbList","@id":"https:\/\/kuuloasi.fi\/tuote\/resound-tulppanitippi\/#breadcrumb","itemListElement":[{"@type":"ListItem","position":1,"name":"Etusivu","item":"https:\/\/kuuloasi.fi\/"},{"@type":"ListItem","position":2,"name":"Kauppa","item":"https:\/\/kuuloasi.fi\/kauppa\/"},{"@type":"ListItem","position":3,"name":"Resound tulppanitippi"}]},{"@type":"WebSite","@id":"https:\/\/kuuloasi.fi\/#website","url":"https:\/\/kuuloasi.fi\/","name":"hearing.co.uk","description":"","potentialAction":[{"@type":"SearchAction","target":{"@type":"EntryPoint","urlTemplate":"https:\/\/kuuloasi.fi\/?s={search_term_string}"},"query-input":{"@type":"PropertyValueSpecification","valueRequired":true,"valueName":"search_term_string"}}],"inLanguage":"en-GB"}]}},"_links":{"self":[{"href":"https:\/\/kuuloasi.fi\/en\/wp-json\/wp\/v2\/product\/559","targetHints":{"allow":["GET"]}}],"collection":[{"href":"https:\/\/kuuloasi.fi\/en\/wp-json\/wp\/v2\/product"}],"about":[{"href":"https:\/\/kuuloasi.fi\/en\/wp-json\/wp\/v2\/types\/product"}],"replies":[{"embeddable":true,"href":"https:\/\/kuuloasi.fi\/en\/wp-json\/wp\/v2\/comments?post=559"}],"wp:featuredmedia":[{"embeddable":true,"href":"https:\/\/kuuloasi.fi\/en\/wp-json\/wp\/v2\/media\/560"}],"wp:attachment":[{"href":"https:\/\/kuuloasi.fi\/en\/wp-json\/wp\/v2\/media?parent=559"}],"wp:term":[{"taxonomy":"product_brand","embeddable":true,"href":"https:\/\/kuuloasi.fi\/en\/wp-json\/wp\/v2\/product_brand?post=559"},{"taxonomy":"product_cat","embeddable":true,"href":"https:\/\/kuuloasi.fi\/en\/wp-json\/wp\/v2\/product_cat?post=559"},{"taxonomy":"product_tag","embeddable":true,"href":"https:\/\/kuuloasi.fi\/en\/wp-json\/wp\/v2\/product_tag?post=559"}],"curies":[{"name":"wp","href":"https:\/\/api.w.org\/{rel}","templated":true}]}}