{"id":554,"date":"2025-12-03T12:40:07","date_gmt":"2025-12-03T12:40:07","guid":{"rendered":"https:\/\/kuuloasi.fi\/?post_type=product&#038;p=554"},"modified":"2026-04-13T08:18:56","modified_gmt":"2026-04-13T08:18:56","slug":"resound-avoin-tippi","status":"publish","type":"product","link":"https:\/\/kuuloasi.fi\/en\/product\/resound-avoin-tippi\/","title":{"rendered":"Resound open dome"},"content":{"rendered":"<div>Thanks to the ventilation holes, the open fitting breathes well in the ear, making it as comfortable as possible to wear. Compared to a closed tip, an open fitting significantly reduces the echo of your own voice. However, we always recommend that you discuss with your Audionom before changing the model of the drip. The model of the tip also depends very much on the hearing.<\/div>\n<p>The ReSound tip is available in three different size options. S (5mm), M(7mm) and L(10mm). Millimetres are measured according to the diameter of the wider mouth of the fitting. The drop-down menu allows you to choose the size of tip that suits you best.<\/p>\n<p>The tips are sold in a bag of 10.<\/p>","protected":false},"excerpt":{"rendered":"<p>An open drip fitting that fits Resound and Beltone NP headphones. This tip fits older models up to ReSound LiNX 2. For newer hearing aids only the black surefit tips will fit. The adapter fits onto the head of the headset and makes the headset fit the ear as snugly as possible.<\/p>","protected":false},"featured_media":555,"comment_status":"closed","ping_status":"closed","template":"","meta":{"_acf_changed":false},"product_brand":[],"product_cat":[69,22],"product_tag":[78,77],"class_list":{"0":"post-554","1":"product","2":"type-product","3":"status-publish","4":"has-post-thumbnail","6":"product_cat-resound","7":"product_cat-varaosat","8":"product_tag-resound","9":"product_tag-tippi","11":"first","12":"instock","13":"taxable","14":"shipping-taxable","15":"purchasable","16":"product-type-variable"},"acf":[],"yoast_head":"<!-- This site is optimized with the Yoast SEO plugin v27.4 - https:\/\/yoast.com\/product\/yoast-seo-wordpress\/ -->\n<title>Resound avoin tippi - kuuloasi.fi<\/title>\n<meta name=\"robots\" content=\"index, follow, max-snippet:-1, max-image-preview:large, max-video-preview:-1\" \/>\n<link rel=\"canonical\" href=\"https:\/\/kuuloasi.fi\/en\/product\/resound-avoin-tippi\/\" \/>\n<meta property=\"og:locale\" content=\"en_GB\" \/>\n<meta property=\"og:type\" content=\"article\" \/>\n<meta property=\"og:title\" content=\"Resound avoin tippi - kuuloasi.fi\" \/>\n<meta property=\"og:description\" content=\"Avoin tippi sovite joka sopii Resound ja Beltone merkkisiin NP-kuulokkeisiin. T\u00e4m\u00e4 tippi sopii vanhemman mallin kojeisiin ReSound LiNX 2 asti. Uudempiin kuulokojeisiin k\u00e4y vain mustat surefit tipit. Sovite tulee kuulokkeen p\u00e4\u00e4h\u00e4n kiinni ja tekee kuulokkeesta mahdollisimman hyvin istuvan korvaan.\" \/>\n<meta property=\"og:url\" content=\"https:\/\/kuuloasi.fi\/en\/product\/resound-avoin-tippi\/\" \/>\n<meta property=\"og:site_name\" content=\"kuuloasi.fi\" \/>\n<meta property=\"article:modified_time\" content=\"2026-04-13T08:18:56+00:00\" \/>\n<meta property=\"og:image\" content=\"https:\/\/kuuloasi.fi\/wp-content\/uploads\/2025\/12\/ReSoundReceiverDomes-228x228-transparent.png\" \/>\n\t<meta property=\"og:image:width\" content=\"500\" \/>\n\t<meta property=\"og:image:height\" content=\"500\" \/>\n\t<meta property=\"og:image:type\" content=\"image\/png\" \/>\n<meta name=\"twitter:card\" content=\"summary_large_image\" \/>\n<script type=\"application\/ld+json\" class=\"yoast-schema-graph\">{\"@context\":\"https:\\\/\\\/schema.org\",\"@graph\":[{\"@type\":\"WebPage\",\"@id\":\"https:\\\/\\\/kuuloasi.fi\\\/tuote\\\/resound-avoin-tippi\\\/\",\"url\":\"https:\\\/\\\/kuuloasi.fi\\\/tuote\\\/resound-avoin-tippi\\\/\",\"name\":\"Resound avoin tippi - kuuloasi.fi\",\"isPartOf\":{\"@id\":\"https:\\\/\\\/kuuloasi.fi\\\/#website\"},\"primaryImageOfPage\":{\"@id\":\"https:\\\/\\\/kuuloasi.fi\\\/tuote\\\/resound-avoin-tippi\\\/#primaryimage\"},\"image\":{\"@id\":\"https:\\\/\\\/kuuloasi.fi\\\/tuote\\\/resound-avoin-tippi\\\/#primaryimage\"},\"thumbnailUrl\":\"https:\\\/\\\/kuuloasi.fi\\\/wp-content\\\/uploads\\\/2025\\\/12\\\/ReSoundReceiverDomes-228x228-transparent.png\",\"datePublished\":\"2025-12-03T12:40:07+00:00\",\"dateModified\":\"2026-04-13T08:18:56+00:00\",\"breadcrumb\":{\"@id\":\"https:\\\/\\\/kuuloasi.fi\\\/tuote\\\/resound-avoin-tippi\\\/#breadcrumb\"},\"inLanguage\":\"en-GB\",\"potentialAction\":[{\"@type\":\"ReadAction\",\"target\":[\"https:\\\/\\\/kuuloasi.fi\\\/tuote\\\/resound-avoin-tippi\\\/\"]}]},{\"@type\":\"ImageObject\",\"inLanguage\":\"en-GB\",\"@id\":\"https:\\\/\\\/kuuloasi.fi\\\/tuote\\\/resound-avoin-tippi\\\/#primaryimage\",\"url\":\"https:\\\/\\\/kuuloasi.fi\\\/wp-content\\\/uploads\\\/2025\\\/12\\\/ReSoundReceiverDomes-228x228-transparent.png\",\"contentUrl\":\"https:\\\/\\\/kuuloasi.fi\\\/wp-content\\\/uploads\\\/2025\\\/12\\\/ReSoundReceiverDomes-228x228-transparent.png\",\"width\":500,\"height\":500},{\"@type\":\"BreadcrumbList\",\"@id\":\"https:\\\/\\\/kuuloasi.fi\\\/tuote\\\/resound-avoin-tippi\\\/#breadcrumb\",\"itemListElement\":[{\"@type\":\"ListItem\",\"position\":1,\"name\":\"Etusivu\",\"item\":\"https:\\\/\\\/kuuloasi.fi\\\/\"},{\"@type\":\"ListItem\",\"position\":2,\"name\":\"Kauppa\",\"item\":\"https:\\\/\\\/kuuloasi.fi\\\/kauppa\\\/\"},{\"@type\":\"ListItem\",\"position\":3,\"name\":\"Resound avoin tippi\"}]},{\"@type\":\"WebSite\",\"@id\":\"https:\\\/\\\/kuuloasi.fi\\\/#website\",\"url\":\"https:\\\/\\\/kuuloasi.fi\\\/\",\"name\":\"kuuloasi.fi\",\"description\":\"\",\"potentialAction\":[{\"@type\":\"SearchAction\",\"target\":{\"@type\":\"EntryPoint\",\"urlTemplate\":\"https:\\\/\\\/kuuloasi.fi\\\/?s={search_term_string}\"},\"query-input\":{\"@type\":\"PropertyValueSpecification\",\"valueRequired\":true,\"valueName\":\"search_term_string\"}}],\"inLanguage\":\"en-GB\"}]}<\/script>\n<!-- \/ Yoast SEO plugin. -->","yoast_head_json":{"title":"Resound avoin tippi - kuuloasi.fi","robots":{"index":"index","follow":"follow","max-snippet":"max-snippet:-1","max-image-preview":"max-image-preview:large","max-video-preview":"max-video-preview:-1"},"canonical":"https:\/\/kuuloasi.fi\/en\/product\/resound-avoin-tippi\/","og_locale":"en_GB","og_type":"article","og_title":"Resound avoin tippi - kuuloasi.fi","og_description":"Avoin tippi sovite joka sopii Resound ja Beltone merkkisiin NP-kuulokkeisiin. T\u00e4m\u00e4 tippi sopii vanhemman mallin kojeisiin ReSound LiNX 2 asti. Uudempiin kuulokojeisiin k\u00e4y vain mustat surefit tipit. Sovite tulee kuulokkeen p\u00e4\u00e4h\u00e4n kiinni ja tekee kuulokkeesta mahdollisimman hyvin istuvan korvaan.","og_url":"https:\/\/kuuloasi.fi\/en\/product\/resound-avoin-tippi\/","og_site_name":"kuuloasi.fi","article_modified_time":"2026-04-13T08:18:56+00:00","og_image":[{"width":500,"height":500,"url":"https:\/\/kuuloasi.fi\/wp-content\/uploads\/2025\/12\/ReSoundReceiverDomes-228x228-transparent.png","type":"image\/png"}],"twitter_card":"summary_large_image","schema":{"@context":"https:\/\/schema.org","@graph":[{"@type":"WebPage","@id":"https:\/\/kuuloasi.fi\/tuote\/resound-avoin-tippi\/","url":"https:\/\/kuuloasi.fi\/tuote\/resound-avoin-tippi\/","name":"Resound avoin tippi - kuuloasi.fi","isPartOf":{"@id":"https:\/\/kuuloasi.fi\/#website"},"primaryImageOfPage":{"@id":"https:\/\/kuuloasi.fi\/tuote\/resound-avoin-tippi\/#primaryimage"},"image":{"@id":"https:\/\/kuuloasi.fi\/tuote\/resound-avoin-tippi\/#primaryimage"},"thumbnailUrl":"https:\/\/kuuloasi.fi\/wp-content\/uploads\/2025\/12\/ReSoundReceiverDomes-228x228-transparent.png","datePublished":"2025-12-03T12:40:07+00:00","dateModified":"2026-04-13T08:18:56+00:00","breadcrumb":{"@id":"https:\/\/kuuloasi.fi\/tuote\/resound-avoin-tippi\/#breadcrumb"},"inLanguage":"en-GB","potentialAction":[{"@type":"ReadAction","target":["https:\/\/kuuloasi.fi\/tuote\/resound-avoin-tippi\/"]}]},{"@type":"ImageObject","inLanguage":"en-GB","@id":"https:\/\/kuuloasi.fi\/tuote\/resound-avoin-tippi\/#primaryimage","url":"https:\/\/kuuloasi.fi\/wp-content\/uploads\/2025\/12\/ReSoundReceiverDomes-228x228-transparent.png","contentUrl":"https:\/\/kuuloasi.fi\/wp-content\/uploads\/2025\/12\/ReSoundReceiverDomes-228x228-transparent.png","width":500,"height":500},{"@type":"BreadcrumbList","@id":"https:\/\/kuuloasi.fi\/tuote\/resound-avoin-tippi\/#breadcrumb","itemListElement":[{"@type":"ListItem","position":1,"name":"Etusivu","item":"https:\/\/kuuloasi.fi\/"},{"@type":"ListItem","position":2,"name":"Kauppa","item":"https:\/\/kuuloasi.fi\/kauppa\/"},{"@type":"ListItem","position":3,"name":"Resound avoin tippi"}]},{"@type":"WebSite","@id":"https:\/\/kuuloasi.fi\/#website","url":"https:\/\/kuuloasi.fi\/","name":"hearing.co.uk","description":"","potentialAction":[{"@type":"SearchAction","target":{"@type":"EntryPoint","urlTemplate":"https:\/\/kuuloasi.fi\/?s={search_term_string}"},"query-input":{"@type":"PropertyValueSpecification","valueRequired":true,"valueName":"search_term_string"}}],"inLanguage":"en-GB"}]}},"_links":{"self":[{"href":"https:\/\/kuuloasi.fi\/en\/wp-json\/wp\/v2\/product\/554","targetHints":{"allow":["GET"]}}],"collection":[{"href":"https:\/\/kuuloasi.fi\/en\/wp-json\/wp\/v2\/product"}],"about":[{"href":"https:\/\/kuuloasi.fi\/en\/wp-json\/wp\/v2\/types\/product"}],"replies":[{"embeddable":true,"href":"https:\/\/kuuloasi.fi\/en\/wp-json\/wp\/v2\/comments?post=554"}],"wp:featuredmedia":[{"embeddable":true,"href":"https:\/\/kuuloasi.fi\/en\/wp-json\/wp\/v2\/media\/555"}],"wp:attachment":[{"href":"https:\/\/kuuloasi.fi\/en\/wp-json\/wp\/v2\/media?parent=554"}],"wp:term":[{"taxonomy":"product_brand","embeddable":true,"href":"https:\/\/kuuloasi.fi\/en\/wp-json\/wp\/v2\/product_brand?post=554"},{"taxonomy":"product_cat","embeddable":true,"href":"https:\/\/kuuloasi.fi\/en\/wp-json\/wp\/v2\/product_cat?post=554"},{"taxonomy":"product_tag","embeddable":true,"href":"https:\/\/kuuloasi.fi\/en\/wp-json\/wp\/v2\/product_tag?post=554"}],"curies":[{"name":"wp","href":"https:\/\/api.w.org\/{rel}","templated":true}]}}