{"id":540,"date":"2025-12-03T12:18:33","date_gmt":"2025-12-03T12:18:33","guid":{"rendered":"https:\/\/kuuloasi.fi\/?post_type=product&#038;p=540"},"modified":"2026-04-16T17:14:35","modified_gmt":"2026-04-16T17:14:35","slug":"5pakettia-cerustop-vahasuojia","status":"publish","type":"product","link":"https:\/\/kuuloasi.fi\/en\/product\/5pakettia-cerustop-vahasuojia\/","title":{"rendered":"5 Packets of Cerustop wax guards"},"content":{"rendered":"<p><iframe title=\"Cerustop wax protector replacement for hearing aids\" width=\"800\" height=\"450\" src=\"https:\/\/www.youtube.com\/embed\/v93oyweIpB4?feature=oembed\" frameborder=\"0\" allow=\"accelerometer; autoplay; clipboard-write; encrypted-media; gyroscope; picture-in-picture; web-share\" referrerpolicy=\"strict-origin-when-cross-origin\" allowfullscreen><\/iframe><\/p>\n<h3 tabindex=\"0\">Why should Cerustop Wax guard be replaced regularly?<\/h3>\n<p>The wax guard acts as a barrier to the build-up of earwax in the sound canal of the hearing aid. If the filter becomes blocked, it can significantly reduce or eliminate the sound. In addition, the hearing aid may malfunction or stop working altogether. Regularly replacing the wax guard will prevent equipment failure and prolong the life of your hearing aid.<\/p>\n<p>Hygiene is also an important factor. The hearing aid is worn directly in the ear, so it is easily exposed to moisture, bacteria and contaminants. The Cerustop wax guard helps maintain the hygiene of the device and the health of the user's ear.<\/p>\n<h3 tabindex=\"0\">Cerustop Wax Guard Features<\/h3>\n<ul data-spread=\"false\">\n<li><strong>Ease of use<\/strong>: The wax guard is quick and easy to replace. The pack contains eight replacement sticks, each with a new wax guard at one end and an empty end for removing the old one at the other.<\/li>\n<li><strong>Compatibility<\/strong>: Fits most in-the-ear hearing aids, especially Phonak models.<\/li>\n<li><strong>Durable construction<\/strong>: The filters are designed to withstand daily use and stay in place well.<\/li>\n<\/ul>\n<h3 tabindex=\"0\">How to replace your Cerustop Wax Guard - Practical Instructions<\/h3>\n<ol start=\"1\" data-spread=\"false\">\n<li>Wash your hands before the procedure.<\/li>\n<li>Take a new wax stick from the package.<\/li>\n<li>Insert the empty end into the old wax protector in the hearing aid.<\/li>\n<li>Pull out the old filter.<\/li>\n<li>Turn the stick over and insert the new wax protector into the hearing aid.<\/li>\n<li>Check that the new wax guard is properly in place and test the sound of the hearing aid.<\/li>\n<\/ol>\n<h3 tabindex=\"0\">When is it time to replace Cerustop?<\/h3>\n<p>If the sound from your hearing aid is muffled or disappears, it is often due to a blocked wax seal. The frequency of replacement varies from person to person, but every 1-2 weeks is recommended, or as advised by your audiologist.<\/p>\n<h3 tabindex=\"0\">Packaging and Storage<\/h3>\n<p>Cerustop wax guards are supplied in a small pack with eight replacement sticks. The filters will remain usable for years when kept in their original packaging in a dry and clean place.<\/p>\n<h3 tabindex=\"0\">Order Cerustop Hearing Aid Wax guards Cheaply from kuuloasi.fi online store<\/h3>\n<p>In the Kuuloasi.fi online store, Cerustop protectors are now on special offer: five packs for only 45 \u20ac! This offer ensures long-term maintenance for your hearing aid and protects your device effectively.<\/p>\n<p>Cerustop is an essential hearing aid accessory for every hearing aid user. It maintains the performance of the device, prevents problems and supports the user's hearing in the best possible way.<\/p>\n<p>The product is suitable for all hearing aids with Nanocare, Oticon waxstop or GN waxfilter<\/p>\n<p><strong>Choose Cerustop and make sure your hearing aids work - order now from the kuuloasi.fi online store.<\/strong><\/p>","protected":false},"excerpt":{"rendered":"<h4 tabindex=\"0\">5 packs of Cerustop wax guards as a bundle at a discounted price! This provides enough replacement filters to last you for months and keep your hearing aids working and clean.<\/h4>\n<h2 tabindex=\"0\">Effective Protection and Clear Sound Quality<\/h2>\n<p>The Cerustop hearing aid wax guard is an essential hearing aid accessory that effectively prevents earwax and other contaminants from entering the hearing aid. It protects the sensitive parts of the device and helps maintain optimal sound quality. Earwax is one of the most common causes of hearing aid malfunction, which is why regular replacement of the wax guard is essential.<\/p>\n<p>Cerustop wax guards are compatible with hearing aids from many well-known manufacturers, including Phonak, Widex, Oticon, Bernafon and ReSound. Their broad compatibility and reliability make them the preferred choice of professionals and users alike.<\/p>","protected":false},"featured_media":541,"comment_status":"closed","ping_status":"closed","template":"","meta":{"_acf_changed":false},"product_brand":[],"product_cat":[70,71,69,26,22,73],"product_tag":[80,78,79],"class_list":{"0":"post-540","1":"product","2":"type-product","3":"status-publish","4":"has-post-thumbnail","6":"product_cat-oticon","7":"product_cat-phonak","8":"product_cat-resound","9":"product_cat-tarjouksessa","10":"product_cat-varaosat","11":"product_cat-widex","12":"product_tag-cerustop","13":"product_tag-resound","14":"product_tag-vahasuoja","16":"first","17":"instock","18":"sale","19":"taxable","20":"shipping-taxable","21":"purchasable","22":"product-type-simple"},"acf":[],"yoast_head":"<!-- This site is optimized with the Yoast SEO plugin v27.4 - https:\/\/yoast.com\/product\/yoast-seo-wordpress\/ -->\n<title>5 Pakettia Cerustop vahasuojia - kuuloasi.fi<\/title>\n<meta name=\"robots\" content=\"index, follow, max-snippet:-1, max-image-preview:large, max-video-preview:-1\" \/>\n<link rel=\"canonical\" href=\"https:\/\/kuuloasi.fi\/en\/product\/5pakettia-cerustop-vahasuojia\/\" \/>\n<meta property=\"og:locale\" content=\"en_GB\" \/>\n<meta property=\"og:type\" content=\"article\" \/>\n<meta property=\"og:title\" content=\"5 Pakettia Cerustop vahasuojia - kuuloasi.fi\" \/>\n<meta property=\"og:description\" content=\"5 pakettia Cerustop-vahasuojia pakettina alennettuun hintaan! T\u00e4m\u00e4 tarjoaa riitt\u00e4v\u00e4sti vaihtosuodattimia kuukausiksi eteenp\u00e4in ja pit\u00e4\u00e4 kuulokojeesi toimivana ja puhtaana. Tehokas Suoja ja Selke\u00e4 \u00c4\u00e4nenlaatu Cerustop kuulokojeen vahasuoja on olennainen kuulotarvike, joka ehk\u00e4isee tehokkaasti korvavahan ja muiden ep\u00e4puhtauksien p\u00e4\u00e4syn kuulokojeeseen. Se suojaa laitteen herkki\u00e4 osia ja auttaa s\u00e4ilytt\u00e4m\u00e4\u00e4n optimaalisen \u00e4\u00e4nenlaadun. Korvavaha on yksi yleisimmist\u00e4 syist\u00e4 kuulokojeen toimintah\u00e4iri\u00f6ihin, mink\u00e4 vuoksi s\u00e4\u00e4nn\u00f6llinen vahasuojan vaihto on eritt\u00e4in t\u00e4rke\u00e4\u00e4.  Cerustop-vahasuojat ovat yhteensopivia monien tunnettujen valmistajien kuulokojeiden kanssa, mukaan lukien Phonak, Widex, Oticon, Bernafon ja ReSound. Niiden laaja yhteensopivuus ja luotettavuus tekev\u00e4t niist\u00e4 suosituimman valinnan sek\u00e4 ammattilaisten ett\u00e4 k\u00e4ytt\u00e4jien keskuudessa.\" \/>\n<meta property=\"og:url\" content=\"https:\/\/kuuloasi.fi\/en\/product\/5pakettia-cerustop-vahasuojia\/\" \/>\n<meta property=\"og:site_name\" content=\"kuuloasi.fi\" \/>\n<meta property=\"article:modified_time\" content=\"2026-04-16T17:14:35+00:00\" \/>\n<meta property=\"og:image\" content=\"https:\/\/kuuloasi.fi\/wp-content\/uploads\/2025\/12\/kuulokojetarvikkeet.png\" \/>\n\t<meta property=\"og:image:width\" content=\"800\" \/>\n\t<meta property=\"og:image:height\" content=\"800\" \/>\n\t<meta property=\"og:image:type\" content=\"image\/png\" \/>\n<meta name=\"twitter:card\" content=\"summary_large_image\" \/>\n<meta name=\"twitter:label1\" content=\"Estimated reading time\" \/>\n\t<meta name=\"twitter:data1\" content=\"2 minutes\" \/>\n<script type=\"application\/ld+json\" class=\"yoast-schema-graph\">{\"@context\":\"https:\\\/\\\/schema.org\",\"@graph\":[{\"@type\":\"WebPage\",\"@id\":\"https:\\\/\\\/kuuloasi.fi\\\/tuote\\\/5pakettia-cerustop-vahasuojia\\\/\",\"url\":\"https:\\\/\\\/kuuloasi.fi\\\/tuote\\\/5pakettia-cerustop-vahasuojia\\\/\",\"name\":\"5 Pakettia Cerustop vahasuojia - kuuloasi.fi\",\"isPartOf\":{\"@id\":\"https:\\\/\\\/kuuloasi.fi\\\/#website\"},\"primaryImageOfPage\":{\"@id\":\"https:\\\/\\\/kuuloasi.fi\\\/tuote\\\/5pakettia-cerustop-vahasuojia\\\/#primaryimage\"},\"image\":{\"@id\":\"https:\\\/\\\/kuuloasi.fi\\\/tuote\\\/5pakettia-cerustop-vahasuojia\\\/#primaryimage\"},\"thumbnailUrl\":\"https:\\\/\\\/kuuloasi.fi\\\/wp-content\\\/uploads\\\/2025\\\/12\\\/kuulokojetarvikkeet.png\",\"datePublished\":\"2025-12-03T12:18:33+00:00\",\"dateModified\":\"2026-04-16T17:14:35+00:00\",\"breadcrumb\":{\"@id\":\"https:\\\/\\\/kuuloasi.fi\\\/tuote\\\/5pakettia-cerustop-vahasuojia\\\/#breadcrumb\"},\"inLanguage\":\"en-GB\",\"potentialAction\":[{\"@type\":\"ReadAction\",\"target\":[\"https:\\\/\\\/kuuloasi.fi\\\/tuote\\\/5pakettia-cerustop-vahasuojia\\\/\"]}]},{\"@type\":\"ImageObject\",\"inLanguage\":\"en-GB\",\"@id\":\"https:\\\/\\\/kuuloasi.fi\\\/tuote\\\/5pakettia-cerustop-vahasuojia\\\/#primaryimage\",\"url\":\"https:\\\/\\\/kuuloasi.fi\\\/wp-content\\\/uploads\\\/2025\\\/12\\\/kuulokojetarvikkeet.png\",\"contentUrl\":\"https:\\\/\\\/kuuloasi.fi\\\/wp-content\\\/uploads\\\/2025\\\/12\\\/kuulokojetarvikkeet.png\",\"width\":800,\"height\":800},{\"@type\":\"BreadcrumbList\",\"@id\":\"https:\\\/\\\/kuuloasi.fi\\\/tuote\\\/5pakettia-cerustop-vahasuojia\\\/#breadcrumb\",\"itemListElement\":[{\"@type\":\"ListItem\",\"position\":1,\"name\":\"Etusivu\",\"item\":\"https:\\\/\\\/kuuloasi.fi\\\/\"},{\"@type\":\"ListItem\",\"position\":2,\"name\":\"Kauppa\",\"item\":\"https:\\\/\\\/kuuloasi.fi\\\/kauppa\\\/\"},{\"@type\":\"ListItem\",\"position\":3,\"name\":\"5 Pakettia Cerustop vahasuojia\"}]},{\"@type\":\"WebSite\",\"@id\":\"https:\\\/\\\/kuuloasi.fi\\\/#website\",\"url\":\"https:\\\/\\\/kuuloasi.fi\\\/\",\"name\":\"kuuloasi.fi\",\"description\":\"\",\"potentialAction\":[{\"@type\":\"SearchAction\",\"target\":{\"@type\":\"EntryPoint\",\"urlTemplate\":\"https:\\\/\\\/kuuloasi.fi\\\/?s={search_term_string}\"},\"query-input\":{\"@type\":\"PropertyValueSpecification\",\"valueRequired\":true,\"valueName\":\"search_term_string\"}}],\"inLanguage\":\"en-GB\"}]}<\/script>\n<!-- \/ Yoast SEO plugin. -->","yoast_head_json":{"title":"5 Pakettia Cerustop vahasuojia - kuuloasi.fi","robots":{"index":"index","follow":"follow","max-snippet":"max-snippet:-1","max-image-preview":"max-image-preview:large","max-video-preview":"max-video-preview:-1"},"canonical":"https:\/\/kuuloasi.fi\/en\/product\/5pakettia-cerustop-vahasuojia\/","og_locale":"en_GB","og_type":"article","og_title":"5 Pakettia Cerustop vahasuojia - kuuloasi.fi","og_description":"5 pakettia Cerustop-vahasuojia pakettina alennettuun hintaan! T\u00e4m\u00e4 tarjoaa riitt\u00e4v\u00e4sti vaihtosuodattimia kuukausiksi eteenp\u00e4in ja pit\u00e4\u00e4 kuulokojeesi toimivana ja puhtaana. Tehokas Suoja ja Selke\u00e4 \u00c4\u00e4nenlaatu Cerustop kuulokojeen vahasuoja on olennainen kuulotarvike, joka ehk\u00e4isee tehokkaasti korvavahan ja muiden ep\u00e4puhtauksien p\u00e4\u00e4syn kuulokojeeseen. Se suojaa laitteen herkki\u00e4 osia ja auttaa s\u00e4ilytt\u00e4m\u00e4\u00e4n optimaalisen \u00e4\u00e4nenlaadun. Korvavaha on yksi yleisimmist\u00e4 syist\u00e4 kuulokojeen toimintah\u00e4iri\u00f6ihin, mink\u00e4 vuoksi s\u00e4\u00e4nn\u00f6llinen vahasuojan vaihto on eritt\u00e4in t\u00e4rke\u00e4\u00e4.  Cerustop-vahasuojat ovat yhteensopivia monien tunnettujen valmistajien kuulokojeiden kanssa, mukaan lukien Phonak, Widex, Oticon, Bernafon ja ReSound. Niiden laaja yhteensopivuus ja luotettavuus tekev\u00e4t niist\u00e4 suosituimman valinnan sek\u00e4 ammattilaisten ett\u00e4 k\u00e4ytt\u00e4jien keskuudessa.","og_url":"https:\/\/kuuloasi.fi\/en\/product\/5pakettia-cerustop-vahasuojia\/","og_site_name":"kuuloasi.fi","article_modified_time":"2026-04-16T17:14:35+00:00","og_image":[{"width":800,"height":800,"url":"https:\/\/kuuloasi.fi\/wp-content\/uploads\/2025\/12\/kuulokojetarvikkeet.png","type":"image\/png"}],"twitter_card":"summary_large_image","twitter_misc":{"Estimated reading time":"2 minutes"},"schema":{"@context":"https:\/\/schema.org","@graph":[{"@type":"WebPage","@id":"https:\/\/kuuloasi.fi\/tuote\/5pakettia-cerustop-vahasuojia\/","url":"https:\/\/kuuloasi.fi\/tuote\/5pakettia-cerustop-vahasuojia\/","name":"5 Pakettia Cerustop vahasuojia - kuuloasi.fi","isPartOf":{"@id":"https:\/\/kuuloasi.fi\/#website"},"primaryImageOfPage":{"@id":"https:\/\/kuuloasi.fi\/tuote\/5pakettia-cerustop-vahasuojia\/#primaryimage"},"image":{"@id":"https:\/\/kuuloasi.fi\/tuote\/5pakettia-cerustop-vahasuojia\/#primaryimage"},"thumbnailUrl":"https:\/\/kuuloasi.fi\/wp-content\/uploads\/2025\/12\/kuulokojetarvikkeet.png","datePublished":"2025-12-03T12:18:33+00:00","dateModified":"2026-04-16T17:14:35+00:00","breadcrumb":{"@id":"https:\/\/kuuloasi.fi\/tuote\/5pakettia-cerustop-vahasuojia\/#breadcrumb"},"inLanguage":"en-GB","potentialAction":[{"@type":"ReadAction","target":["https:\/\/kuuloasi.fi\/tuote\/5pakettia-cerustop-vahasuojia\/"]}]},{"@type":"ImageObject","inLanguage":"en-GB","@id":"https:\/\/kuuloasi.fi\/tuote\/5pakettia-cerustop-vahasuojia\/#primaryimage","url":"https:\/\/kuuloasi.fi\/wp-content\/uploads\/2025\/12\/kuulokojetarvikkeet.png","contentUrl":"https:\/\/kuuloasi.fi\/wp-content\/uploads\/2025\/12\/kuulokojetarvikkeet.png","width":800,"height":800},{"@type":"BreadcrumbList","@id":"https:\/\/kuuloasi.fi\/tuote\/5pakettia-cerustop-vahasuojia\/#breadcrumb","itemListElement":[{"@type":"ListItem","position":1,"name":"Etusivu","item":"https:\/\/kuuloasi.fi\/"},{"@type":"ListItem","position":2,"name":"Kauppa","item":"https:\/\/kuuloasi.fi\/kauppa\/"},{"@type":"ListItem","position":3,"name":"5 Pakettia Cerustop vahasuojia"}]},{"@type":"WebSite","@id":"https:\/\/kuuloasi.fi\/#website","url":"https:\/\/kuuloasi.fi\/","name":"hearing.co.uk","description":"","potentialAction":[{"@type":"SearchAction","target":{"@type":"EntryPoint","urlTemplate":"https:\/\/kuuloasi.fi\/?s={search_term_string}"},"query-input":{"@type":"PropertyValueSpecification","valueRequired":true,"valueName":"search_term_string"}}],"inLanguage":"en-GB"}]}},"_links":{"self":[{"href":"https:\/\/kuuloasi.fi\/en\/wp-json\/wp\/v2\/product\/540","targetHints":{"allow":["GET"]}}],"collection":[{"href":"https:\/\/kuuloasi.fi\/en\/wp-json\/wp\/v2\/product"}],"about":[{"href":"https:\/\/kuuloasi.fi\/en\/wp-json\/wp\/v2\/types\/product"}],"replies":[{"embeddable":true,"href":"https:\/\/kuuloasi.fi\/en\/wp-json\/wp\/v2\/comments?post=540"}],"wp:featuredmedia":[{"embeddable":true,"href":"https:\/\/kuuloasi.fi\/en\/wp-json\/wp\/v2\/media\/541"}],"wp:attachment":[{"href":"https:\/\/kuuloasi.fi\/en\/wp-json\/wp\/v2\/media?parent=540"}],"wp:term":[{"taxonomy":"product_brand","embeddable":true,"href":"https:\/\/kuuloasi.fi\/en\/wp-json\/wp\/v2\/product_brand?post=540"},{"taxonomy":"product_cat","embeddable":true,"href":"https:\/\/kuuloasi.fi\/en\/wp-json\/wp\/v2\/product_cat?post=540"},{"taxonomy":"product_tag","embeddable":true,"href":"https:\/\/kuuloasi.fi\/en\/wp-json\/wp\/v2\/product_tag?post=540"}],"curies":[{"name":"wp","href":"https:\/\/api.w.org\/{rel}","templated":true}]}}