{"id":531,"date":"2025-12-03T12:08:03","date_gmt":"2025-12-03T12:08:03","guid":{"rendered":"https:\/\/kuuloasi.fi\/?post_type=product&#038;p=531"},"modified":"2026-03-17T20:11:49","modified_gmt":"2026-03-17T20:11:49","slug":"resound-surefit-3-power-tippi","status":"publish","type":"product","link":"https:\/\/kuuloasi.fi\/en\/product\/resound-surefit-3-power-tippi\/","title":{"rendered":"ReSound SureFit 3 power dome"},"content":{"rendered":"<p><iframe title=\"Hearing aid tip replacement\" width=\"800\" height=\"450\" src=\"https:\/\/www.youtube.com\/embed\/9MKWhWD0MN4?feature=oembed\" frameborder=\"0\" allow=\"accelerometer; autoplay; clipboard-write; encrypted-media; gyroscope; picture-in-picture; web-share\" referrerpolicy=\"strict-origin-when-cross-origin\" allowfullscreen><\/iframe><\/p>\n<h2 tabindex=\"0\" data-end=\"850\" data-start=\"800\"><strong data-end=\"850\" data-start=\"803\">Comfort and precision for every use<\/strong><\/h2>\n<p data-end=\"1066\" data-start=\"852\">The power plug is made of a soft, skin-friendly material that fits comfortably in the ear canal. It snaps easily onto the hearing aid and can be quickly replaced without tools.<\/p>\n<p data-end=\"1282\" data-start=\"1068\">The ReSound SureFit 3 Power Tip is designed to fit snugly and securely in the ear. The tight design reduces sound leakage and ensures that all sounds are transmitted as efficiently as possible to the hearing aid.<\/p>\n<h2 tabindex=\"0\" data-end=\"1310\" data-start=\"1284\"><\/h2>\n<h2 tabindex=\"0\" data-end=\"1310\" data-start=\"1284\"><strong data-end=\"1310\" data-start=\"1287\">Sizes and product codes<\/strong><\/h2>\n<p data-end=\"1424\" data-start=\"1312\">The ReSound SureFit 3 Power Tip is available in three different sizes to find the perfect fit for your ear:<\/p>\n<ul data-end=\"1663\" data-start=\"1425\">\n<li data-end=\"1500\" data-start=\"1425\">\n<p data-end=\"1500\" data-start=\"1427\"><strong data-end=\"1444\" data-start=\"1427\">Size S (5 mm)<\/strong>\u00a0- product code 21432700, suitable for small ear canals<\/p>\n<\/li>\n<li data-end=\"1583\" data-start=\"1501\">\n<p data-end=\"1583\" data-start=\"1503\"><strong data-end=\"1520\" data-start=\"1503\">Size M (7 mm)<\/strong>\u00a0- product code 21432800, suitable for medium sized ear canals<\/p>\n<\/li>\n<li data-end=\"1663\" data-start=\"1584\">\n<p data-end=\"1663\" data-start=\"1586\"><strong data-end=\"1604\" data-start=\"1586\">Size L (10 mm)<\/strong>\u00a0- product code 21432900, suitable for larger ear canals<\/p>\n<\/li>\n<\/ul>\n<p data-end=\"1818\" data-start=\"1665\">The size is chosen according to your ear canal, and the measurement is based on the diameter of the upper part of the fitting. You can easily find the right size in the drop-down menu before ordering.<\/p>\n<h2 tabindex=\"0\" data-end=\"1866\" data-start=\"1820\"><strong data-end=\"1866\" data-start=\"1823\">Compatibility with the SureFit 2 series<\/strong><\/h2>\n<p data-end=\"2011\" data-start=\"1868\">SureFit 3 Power tips are also compatible with older\u00a0<strong data-end=\"1946\" data-start=\"1925\">SureFit 2 series<\/strong>\u00a0with hearing aids.<br data-end=\"1971\" data-start=\"1968\" \/>The corresponding SureFit 2 product codes are:<\/p>\n<ul data-end=\"2081\" data-start=\"2012\">\n<li data-end=\"2034\" data-start=\"2012\">\n<p data-end=\"2034\" data-start=\"2014\">S (5 mm): 19398600<\/p>\n<\/li>\n<li data-end=\"2057\" data-start=\"2035\">\n<p data-end=\"2057\" data-start=\"2037\">M (7 mm): 19398700<\/p>\n<\/li>\n<li data-end=\"2081\" data-start=\"2058\">\n<p data-end=\"2081\" data-start=\"2060\">L (10 mm): 19398800<\/p>\n<\/li>\n<\/ul>\n<p data-end=\"2126\" data-start=\"2083\"><strong data-end=\"2099\" data-start=\"2083\">Package size:<\/strong>\u00a010 pieces (5 pairs).<\/p>\n<h2 tabindex=\"0\" data-end=\"2160\" data-start=\"2128\"><strong data-end=\"2160\" data-start=\"2131\">Who is a Power Tip for<\/strong><\/h2>\n<p data-end=\"2436\" data-start=\"2162\">The Power Tip is an excellent choice for you if you want maximum sound amplification and a tighter fit than with open or vented tips. It is the best option for users who want to minimize sound leakage and improve hearing aid performance.<\/p>\n<p data-end=\"2617\" data-start=\"2438\">Before changing the type of tip, we recommend that you talk to your audiologist, as the right type of tip and degree of tightness will affect the amplification and comfort of your hearing aid.<\/p>\n<h2 tabindex=\"0\" data-end=\"2651\" data-start=\"2619\"><strong data-end=\"2651\" data-start=\"2622\">Easy to maintain and replace<\/strong><\/h2>\n<p data-end=\"2913\" data-start=\"2653\">The Power Tip is easy to install in the hearing aid and to remove if necessary. Replace the tip when it looks worn or dirty. Clean the tips regularly with a dry cloth or cleaning brush and store the spare tips in a dry, clean place.<\/p>\n<h2 tabindex=\"0\" data-end=\"2932\" data-start=\"2915\"><strong data-end=\"2932\" data-start=\"2918\">Summary<\/strong><\/h2>\n<p data-end=\"3126\" data-start=\"2934\"><strong data-end=\"2967\" data-start=\"2934\">ReSound SureFit 3 Power tips<\/strong>\u00a0offers the perfect combination of power, fit and comfort. It's easy to install, safe to use and designed to withstand daily use.<\/p>\n<p data-end=\"3285\" data-start=\"3128\">Subscribe at\u00a0<strong data-end=\"3167\" data-start=\"3134\">ReSound SureFit 3 Power tips<\/strong>\u00a0Shop your hearing online and make sure your hearing aids are working at full power and your sound stays clear every day<\/p>","protected":false},"excerpt":{"rendered":"<p><strong data-end=\"258\" data-start=\"181\">maximum reinforcement and a secure fit<\/strong><\/p>\n<h2 tabindex=\"0\" data-end=\"306\" data-start=\"260\"><strong data-end=\"306\" data-start=\"263\">Effective and compact fit for hearing aids<\/strong><\/h2>\n<p data-end=\"602\" data-start=\"308\"><strong data-end=\"341\" data-start=\"308\">ReSound SureFit 3 Power tips<\/strong>\u00a0is a compact, high-performance hearing aid fitting from ReSound's popular SureFit range that provides the best possible sound amplification. It is designed for the latest\u00a0<strong data-end=\"534\" data-start=\"508\">For ReSound hearing aids<\/strong>, such as LiNX\u00b2, ENYA, LiNX 3D, LiNX Quattro, Key and ONE.<\/p>\n<p data-end=\"798\" data-start=\"604\">The Power model is compact and amplifies sound to the maximum, making it the perfect choice for users with greater hearing loss or who need stronger volume.<\/p>","protected":false},"featured_media":535,"comment_status":"closed","ping_status":"closed","template":"","meta":{"_acf_changed":false},"product_brand":[],"product_cat":[69,22],"product_tag":[78,77],"class_list":{"0":"post-531","1":"product","2":"type-product","3":"status-publish","4":"has-post-thumbnail","6":"product_cat-resound","7":"product_cat-varaosat","8":"product_tag-resound","9":"product_tag-tippi","11":"first","12":"instock","13":"taxable","14":"shipping-taxable","15":"purchasable","16":"product-type-variable"},"acf":[],"yoast_head":"<!-- This site is optimized with the Yoast SEO plugin v27.4 - https:\/\/yoast.com\/product\/yoast-seo-wordpress\/ -->\n<title>ReSound SureFit 3 power tippi - kuuloasi.fi<\/title>\n<meta name=\"robots\" content=\"index, follow, max-snippet:-1, max-image-preview:large, max-video-preview:-1\" \/>\n<link rel=\"canonical\" href=\"https:\/\/kuuloasi.fi\/en\/product\/resound-surefit-3-power-tippi\/\" \/>\n<meta property=\"og:locale\" content=\"en_GB\" \/>\n<meta property=\"og:type\" content=\"article\" \/>\n<meta property=\"og:title\" content=\"ReSound SureFit 3 power tippi - kuuloasi.fi\" \/>\n<meta property=\"og:description\" content=\"maksimaalinen vahvistus ja varma istuvuus Tehokas ja tiivis sovite kuulokojeeseen ReSound SureFit 3 Power tippi\u00a0on ReSoundin suosittuun SureFit-sarjaan kuuluva tiivis ja tehokas kuulokojeen sovite, joka tarjoaa parhaan mahdollisen \u00e4\u00e4nenvahvistuksen. Se on suunniteltu uusimpiin\u00a0ReSound-kuulokojeisiin, kuten LiNX\u00b2, ENYA, LiNX 3D, LiNX Quattro, Key ja ONE -malleihin. Power-malli on tiivis ja vahvistaa \u00e4\u00e4nt\u00e4 maksimaalisesti, mik\u00e4 tekee siit\u00e4 t\u00e4ydellisen valinnan k\u00e4ytt\u00e4jille, joilla on suurempi kuulonalenema tai jotka tarvitsevat vahvempaa \u00e4\u00e4nenvoimakkuutta.\" \/>\n<meta property=\"og:url\" content=\"https:\/\/kuuloasi.fi\/en\/product\/resound-surefit-3-power-tippi\/\" \/>\n<meta property=\"og:site_name\" content=\"kuuloasi.fi\" \/>\n<meta property=\"article:modified_time\" content=\"2026-03-17T20:11:49+00:00\" \/>\n<meta property=\"og:image\" content=\"https:\/\/kuuloasi.fi\/wp-content\/uploads\/2025\/12\/resound-surefit3-tippi-power-3a5c0cc3_orig.jpg\" \/>\n\t<meta property=\"og:image:width\" content=\"1000\" \/>\n\t<meta property=\"og:image:height\" content=\"1000\" \/>\n\t<meta property=\"og:image:type\" content=\"image\/jpeg\" \/>\n<meta name=\"twitter:card\" content=\"summary_large_image\" \/>\n<meta name=\"twitter:label1\" content=\"Estimated reading time\" \/>\n\t<meta name=\"twitter:data1\" content=\"2 minutes\" \/>\n<script type=\"application\/ld+json\" class=\"yoast-schema-graph\">{\"@context\":\"https:\\\/\\\/schema.org\",\"@graph\":[{\"@type\":\"WebPage\",\"@id\":\"https:\\\/\\\/kuuloasi.fi\\\/tuote\\\/resound-surefit-3-power-tippi\\\/\",\"url\":\"https:\\\/\\\/kuuloasi.fi\\\/tuote\\\/resound-surefit-3-power-tippi\\\/\",\"name\":\"ReSound SureFit 3 power tippi - kuuloasi.fi\",\"isPartOf\":{\"@id\":\"https:\\\/\\\/kuuloasi.fi\\\/#website\"},\"primaryImageOfPage\":{\"@id\":\"https:\\\/\\\/kuuloasi.fi\\\/tuote\\\/resound-surefit-3-power-tippi\\\/#primaryimage\"},\"image\":{\"@id\":\"https:\\\/\\\/kuuloasi.fi\\\/tuote\\\/resound-surefit-3-power-tippi\\\/#primaryimage\"},\"thumbnailUrl\":\"https:\\\/\\\/kuuloasi.fi\\\/wp-content\\\/uploads\\\/2025\\\/12\\\/resound-surefit3-tippi-power-3a5c0cc3_orig.jpg\",\"datePublished\":\"2025-12-03T12:08:03+00:00\",\"dateModified\":\"2026-03-17T20:11:49+00:00\",\"breadcrumb\":{\"@id\":\"https:\\\/\\\/kuuloasi.fi\\\/tuote\\\/resound-surefit-3-power-tippi\\\/#breadcrumb\"},\"inLanguage\":\"en-GB\",\"potentialAction\":[{\"@type\":\"ReadAction\",\"target\":[\"https:\\\/\\\/kuuloasi.fi\\\/tuote\\\/resound-surefit-3-power-tippi\\\/\"]}]},{\"@type\":\"ImageObject\",\"inLanguage\":\"en-GB\",\"@id\":\"https:\\\/\\\/kuuloasi.fi\\\/tuote\\\/resound-surefit-3-power-tippi\\\/#primaryimage\",\"url\":\"https:\\\/\\\/kuuloasi.fi\\\/wp-content\\\/uploads\\\/2025\\\/12\\\/resound-surefit3-tippi-power-3a5c0cc3_orig.jpg\",\"contentUrl\":\"https:\\\/\\\/kuuloasi.fi\\\/wp-content\\\/uploads\\\/2025\\\/12\\\/resound-surefit3-tippi-power-3a5c0cc3_orig.jpg\",\"width\":1000,\"height\":1000},{\"@type\":\"BreadcrumbList\",\"@id\":\"https:\\\/\\\/kuuloasi.fi\\\/tuote\\\/resound-surefit-3-power-tippi\\\/#breadcrumb\",\"itemListElement\":[{\"@type\":\"ListItem\",\"position\":1,\"name\":\"Etusivu\",\"item\":\"https:\\\/\\\/kuuloasi.fi\\\/\"},{\"@type\":\"ListItem\",\"position\":2,\"name\":\"Kauppa\",\"item\":\"https:\\\/\\\/kuuloasi.fi\\\/kauppa\\\/\"},{\"@type\":\"ListItem\",\"position\":3,\"name\":\"ReSound SureFit 3 power tippi\"}]},{\"@type\":\"WebSite\",\"@id\":\"https:\\\/\\\/kuuloasi.fi\\\/#website\",\"url\":\"https:\\\/\\\/kuuloasi.fi\\\/\",\"name\":\"kuuloasi.fi\",\"description\":\"\",\"potentialAction\":[{\"@type\":\"SearchAction\",\"target\":{\"@type\":\"EntryPoint\",\"urlTemplate\":\"https:\\\/\\\/kuuloasi.fi\\\/?s={search_term_string}\"},\"query-input\":{\"@type\":\"PropertyValueSpecification\",\"valueRequired\":true,\"valueName\":\"search_term_string\"}}],\"inLanguage\":\"en-GB\"}]}<\/script>\n<!-- \/ Yoast SEO plugin. -->","yoast_head_json":{"title":"ReSound SureFit 3 power tippi - kuuloasi.fi","robots":{"index":"index","follow":"follow","max-snippet":"max-snippet:-1","max-image-preview":"max-image-preview:large","max-video-preview":"max-video-preview:-1"},"canonical":"https:\/\/kuuloasi.fi\/en\/product\/resound-surefit-3-power-tippi\/","og_locale":"en_GB","og_type":"article","og_title":"ReSound SureFit 3 power tippi - kuuloasi.fi","og_description":"maksimaalinen vahvistus ja varma istuvuus Tehokas ja tiivis sovite kuulokojeeseen ReSound SureFit 3 Power tippi\u00a0on ReSoundin suosittuun SureFit-sarjaan kuuluva tiivis ja tehokas kuulokojeen sovite, joka tarjoaa parhaan mahdollisen \u00e4\u00e4nenvahvistuksen. Se on suunniteltu uusimpiin\u00a0ReSound-kuulokojeisiin, kuten LiNX\u00b2, ENYA, LiNX 3D, LiNX Quattro, Key ja ONE -malleihin. Power-malli on tiivis ja vahvistaa \u00e4\u00e4nt\u00e4 maksimaalisesti, mik\u00e4 tekee siit\u00e4 t\u00e4ydellisen valinnan k\u00e4ytt\u00e4jille, joilla on suurempi kuulonalenema tai jotka tarvitsevat vahvempaa \u00e4\u00e4nenvoimakkuutta.","og_url":"https:\/\/kuuloasi.fi\/en\/product\/resound-surefit-3-power-tippi\/","og_site_name":"kuuloasi.fi","article_modified_time":"2026-03-17T20:11:49+00:00","og_image":[{"width":1000,"height":1000,"url":"https:\/\/kuuloasi.fi\/wp-content\/uploads\/2025\/12\/resound-surefit3-tippi-power-3a5c0cc3_orig.jpg","type":"image\/jpeg"}],"twitter_card":"summary_large_image","twitter_misc":{"Estimated reading time":"2 minutes"},"schema":{"@context":"https:\/\/schema.org","@graph":[{"@type":"WebPage","@id":"https:\/\/kuuloasi.fi\/tuote\/resound-surefit-3-power-tippi\/","url":"https:\/\/kuuloasi.fi\/tuote\/resound-surefit-3-power-tippi\/","name":"ReSound SureFit 3 power tippi - kuuloasi.fi","isPartOf":{"@id":"https:\/\/kuuloasi.fi\/#website"},"primaryImageOfPage":{"@id":"https:\/\/kuuloasi.fi\/tuote\/resound-surefit-3-power-tippi\/#primaryimage"},"image":{"@id":"https:\/\/kuuloasi.fi\/tuote\/resound-surefit-3-power-tippi\/#primaryimage"},"thumbnailUrl":"https:\/\/kuuloasi.fi\/wp-content\/uploads\/2025\/12\/resound-surefit3-tippi-power-3a5c0cc3_orig.jpg","datePublished":"2025-12-03T12:08:03+00:00","dateModified":"2026-03-17T20:11:49+00:00","breadcrumb":{"@id":"https:\/\/kuuloasi.fi\/tuote\/resound-surefit-3-power-tippi\/#breadcrumb"},"inLanguage":"en-GB","potentialAction":[{"@type":"ReadAction","target":["https:\/\/kuuloasi.fi\/tuote\/resound-surefit-3-power-tippi\/"]}]},{"@type":"ImageObject","inLanguage":"en-GB","@id":"https:\/\/kuuloasi.fi\/tuote\/resound-surefit-3-power-tippi\/#primaryimage","url":"https:\/\/kuuloasi.fi\/wp-content\/uploads\/2025\/12\/resound-surefit3-tippi-power-3a5c0cc3_orig.jpg","contentUrl":"https:\/\/kuuloasi.fi\/wp-content\/uploads\/2025\/12\/resound-surefit3-tippi-power-3a5c0cc3_orig.jpg","width":1000,"height":1000},{"@type":"BreadcrumbList","@id":"https:\/\/kuuloasi.fi\/tuote\/resound-surefit-3-power-tippi\/#breadcrumb","itemListElement":[{"@type":"ListItem","position":1,"name":"Etusivu","item":"https:\/\/kuuloasi.fi\/"},{"@type":"ListItem","position":2,"name":"Kauppa","item":"https:\/\/kuuloasi.fi\/kauppa\/"},{"@type":"ListItem","position":3,"name":"ReSound SureFit 3 power tippi"}]},{"@type":"WebSite","@id":"https:\/\/kuuloasi.fi\/#website","url":"https:\/\/kuuloasi.fi\/","name":"hearing.co.uk","description":"","potentialAction":[{"@type":"SearchAction","target":{"@type":"EntryPoint","urlTemplate":"https:\/\/kuuloasi.fi\/?s={search_term_string}"},"query-input":{"@type":"PropertyValueSpecification","valueRequired":true,"valueName":"search_term_string"}}],"inLanguage":"en-GB"}]}},"_links":{"self":[{"href":"https:\/\/kuuloasi.fi\/en\/wp-json\/wp\/v2\/product\/531","targetHints":{"allow":["GET"]}}],"collection":[{"href":"https:\/\/kuuloasi.fi\/en\/wp-json\/wp\/v2\/product"}],"about":[{"href":"https:\/\/kuuloasi.fi\/en\/wp-json\/wp\/v2\/types\/product"}],"replies":[{"embeddable":true,"href":"https:\/\/kuuloasi.fi\/en\/wp-json\/wp\/v2\/comments?post=531"}],"wp:featuredmedia":[{"embeddable":true,"href":"https:\/\/kuuloasi.fi\/en\/wp-json\/wp\/v2\/media\/535"}],"wp:attachment":[{"href":"https:\/\/kuuloasi.fi\/en\/wp-json\/wp\/v2\/media?parent=531"}],"wp:term":[{"taxonomy":"product_brand","embeddable":true,"href":"https:\/\/kuuloasi.fi\/en\/wp-json\/wp\/v2\/product_brand?post=531"},{"taxonomy":"product_cat","embeddable":true,"href":"https:\/\/kuuloasi.fi\/en\/wp-json\/wp\/v2\/product_cat?post=531"},{"taxonomy":"product_tag","embeddable":true,"href":"https:\/\/kuuloasi.fi\/en\/wp-json\/wp\/v2\/product_tag?post=531"}],"curies":[{"name":"wp","href":"https:\/\/api.w.org\/{rel}","templated":true}]}}