{"id":526,"date":"2025-12-03T12:05:41","date_gmt":"2025-12-03T12:05:41","guid":{"rendered":"https:\/\/kuuloasi.fi\/?post_type=product&#038;p=526"},"modified":"2026-03-31T13:25:00","modified_gmt":"2026-03-31T13:25:00","slug":"resound-surefit-3-tulppaani-tippi","status":"publish","type":"product","link":"https:\/\/kuuloasi.fi\/en\/product\/resound-surefit-3-tulppaani-tippi\/","title":{"rendered":"ReSound SureFit 3 tulip dome"},"content":{"rendered":"<p><iframe title=\"Hearing aid tip replacement\" width=\"800\" height=\"450\" src=\"https:\/\/www.youtube.com\/embed\/9MKWhWD0MN4?feature=oembed\" frameborder=\"0\" allow=\"accelerometer; autoplay; clipboard-write; encrypted-media; gyroscope; picture-in-picture; web-share\" referrerpolicy=\"strict-origin-when-cross-origin\" allowfullscreen><\/iframe><\/p>\n<h2 tabindex=\"0\" data-end=\"1003\" data-start=\"917\"><strong data-end=\"1003\" data-start=\"920\">Tulip drip - the perfect balance between open and closed drip<\/strong><\/h2>\n<p data-end=\"1296\" data-start=\"1005\">A tulip (or cone) drip fit provides a tighter fit than an open drip, but is also more comfortable and breathable than a fully closed design. This makes it an excellent choice for users who want a natural sound but need a little more amplification.<\/p>\n<p data-end=\"1546\" data-start=\"1298\">Tulip drops reduce squeaking and improve the reproduction of low sounds, helping you hear speech and ambient sounds more clearly and distinctly. It provides a comfortable listening experience in all situations - at home, outdoors or at work.<\/p>\n<p data-end=\"1704\" data-start=\"1548\">We always recommend that you talk to your audiologist before changing the tip, as the appropriate tip type depends on the hearing aid model and your individual hearing.<\/p>\n<h2 tabindex=\"0\" data-end=\"1745\" data-start=\"1706\"><\/h2>\n<h2 tabindex=\"0\" data-end=\"1745\" data-start=\"1706\"><strong data-end=\"1745\" data-start=\"1709\">Comfortable fit and easy to use<\/strong><\/h2>\n<p data-end=\"1988\" data-start=\"1747\">The ReSound SureFit 3 Tulip Drip is designed to be flexible and adaptable - one size fits most ears. The flexible design allows the plug to stay securely in place, yet feel soft and unobtrusive in the ear.<\/p>\n<p data-end=\"2008\" data-start=\"1990\"><strong data-end=\"2006\" data-start=\"1990\">Replacement instructions:<\/strong><\/p>\n<ol data-end=\"2267\" data-start=\"2009\">\n<li data-end=\"2075\" data-start=\"2009\">\n<p data-end=\"2075\" data-start=\"2012\">Carefully remove the old tip by pulling it out of the hearing aid.<\/p>\n<\/li>\n<li data-end=\"2197\" data-start=\"2076\">\n<p data-end=\"2197\" data-start=\"2079\">Press new<strong data-end=\"2138\" data-start=\"2090\">\u00a0Tip\u00a0<\/strong>on the head of the hearing aid until it snaps on tightly.<\/p>\n<\/li>\n<li data-end=\"2267\" data-start=\"2198\">\n<p data-end=\"2267\" data-start=\"2201\">Make sure the drop is clean and correctly inserted before use.<\/p>\n<\/li>\n<\/ol>\n<p data-end=\"2410\" data-start=\"2269\">The tip is easy to remove and replace, and should be checked regularly - the recommendation is to replace it about once a month or as needed.<\/p>\n<h2 tabindex=\"0\" data-end=\"2459\" data-start=\"2412\"><\/h2>\n<h2 tabindex=\"0\" data-end=\"2459\" data-start=\"2412\"><strong data-end=\"2459\" data-start=\"2415\">Compatibility also with SureFit 2 drops<\/strong><\/h2>\n<p data-end=\"2706\" data-start=\"2461\">ReSound SureFit 3 Tulip tips are also suitable for hearing aids that have used older\u00a0<strong data-end=\"2575\" data-start=\"2553\">SureFit 2 drops<\/strong>\u00a0(product code: 19398500). This makes the transition to the new model easy and ensures compatibility with old equipment.<\/p>\n<h2 tabindex=\"0\" data-end=\"2734\" data-start=\"2708\"><\/h2>\n<h2 tabindex=\"0\" data-end=\"2734\" data-start=\"2708\"><strong data-end=\"2734\" data-start=\"2711\">Packaging and storage<\/strong><\/h2>\n<p data-end=\"2952\" data-start=\"2736\"><strong data-end=\"2752\" data-start=\"2736\">Package size:<\/strong>\u00a010 pieces (5 pairs).<br data-end=\"2780\" data-start=\"2777\" \/>The tips are hygienically packaged and easy to take out one by one. Store the tips in a dry and clean place to keep them ready for use and long-lasting.<\/p>\n<h2 tabindex=\"0\" data-end=\"2994\" data-start=\"2954\"><\/h2>\n<h2 tabindex=\"0\" data-end=\"2994\" data-start=\"2954\"><strong data-end=\"2994\" data-start=\"2957\">Easily improve your hearing experience<\/strong><\/h2>\n<p data-end=\"3200\" data-start=\"2996\">ReSound SureFit 3 Tulip drop combine\u00a0<strong data-end=\"3086\" data-start=\"3039\">comfort, efficiency and high quality sound<\/strong>. It provides a natural listening experience, reduces squeaking and makes hearing aid use more comfortable.<\/p>\n<p data-end=\"3467\" data-start=\"3202\">Subscribe at\u00a0<strong data-end=\"3262\" data-start=\"3208\">ReSound SureFit 3 Tulip tip attachment (21432300)<\/strong>\u00a0now\u00a0<strong data-end=\"3294\" data-start=\"3267\">From the online store<\/strong>\u00a0and ensure optimal performance of your hearing aids. We offer\u00a0<strong data-end=\"3375\" data-start=\"3353\">fast deliveries<\/strong>,\u00a0<strong data-end=\"3409\" data-start=\"3377\">reliable expertise<\/strong>\u00a0and\u00a0<strong data-end=\"3443\" data-start=\"3413\">quality hearing aids<\/strong>\u00a0for all users.<\/p>","protected":false},"excerpt":{"rendered":"<h2 tabindex=\"0\" data-end=\"264\" data-start=\"219\"><strong data-end=\"264\" data-start=\"222\">High quality fitting for ReSound hearing aids<\/strong><\/h2>\n<p data-end=\"641\" data-start=\"266\"><strong data-end=\"326\" data-start=\"266\">ReSound SureFit 3 Tulip Drip (product code: 21432300)<\/strong>\u00a0is a closer fitting hearing aid developed by ReSound that offers the perfect balance between comfort and sound quality. This drip fitting is part of ReSound's new\u00a0<strong data-end=\"515\" data-start=\"493\">SureFit 3 series<\/strong>, and it fits in with the latest\u00a0<strong data-end=\"565\" data-start=\"539\">For ReSound hearing aids<\/strong>, such as\u00a0<strong data-end=\"616\" data-start=\"573\">LiNX\u00b2, ENYA, LiNX 3D, LiNX Quattro, Key<\/strong>\u00a0and\u00a0<strong data-end=\"627\" data-start=\"620\">ONE<\/strong>\u00a0-models.<\/p>\n<p data-end=\"915\" data-start=\"643\">The Tulip Drip Fitting attaches easily to the head of the hearing aid with a snap, and is made of a soft, skin-friendly material that conforms to the ear canal for an excellent fit.<\/p>","protected":false},"featured_media":530,"comment_status":"closed","ping_status":"closed","template":"","meta":{"_acf_changed":false},"product_brand":[],"product_cat":[69,22],"product_tag":[78,77],"class_list":{"0":"post-526","1":"product","2":"type-product","3":"status-publish","4":"has-post-thumbnail","6":"product_cat-resound","7":"product_cat-varaosat","8":"product_tag-resound","9":"product_tag-tippi","11":"first","12":"instock","13":"taxable","14":"shipping-taxable","15":"purchasable","16":"product-type-simple"},"acf":[],"yoast_head":"<!-- This site is optimized with the Yoast SEO plugin v27.4 - https:\/\/yoast.com\/product\/yoast-seo-wordpress\/ -->\n<title>ReSound SureFit 3 tulppaani tippi - kuuloasi.fi<\/title>\n<meta name=\"robots\" content=\"index, follow, max-snippet:-1, max-image-preview:large, max-video-preview:-1\" \/>\n<link rel=\"canonical\" href=\"https:\/\/kuuloasi.fi\/en\/product\/resound-surefit-3-tulppaani-tippi\/\" \/>\n<meta property=\"og:locale\" content=\"en_GB\" \/>\n<meta property=\"og:type\" content=\"article\" \/>\n<meta property=\"og:title\" content=\"ReSound SureFit 3 tulppaani tippi - kuuloasi.fi\" \/>\n<meta property=\"og:description\" content=\"Laadukas sovite ReSound-kuulokojeisiin ReSound SureFit 3 Tulppaani tippi (tuotekoodi: 21432300)\u00a0on ReSoundin kehitt\u00e4m\u00e4, tiiviimpi kuulokojeen sovite, joka tarjoaa t\u00e4ydellisen tasapainon mukavuuden ja \u00e4\u00e4nenlaadun v\u00e4lill\u00e4. T\u00e4m\u00e4 tippisovite kuuluu ReSoundin uuteen\u00a0SureFit 3 -sarjaan, ja se sopii uusimpiin\u00a0ReSound-kuulokojeisiin, kuten\u00a0LiNX\u00b2, ENYA, LiNX 3D, LiNX Quattro, Key\u00a0ja\u00a0ONE\u00a0-malleihin. Tulppaani tippisovite kiinnittyy helposti kuulokojeen p\u00e4\u00e4h\u00e4n napsauttamalla, ja se on valmistettu pehme\u00e4st\u00e4, ihoyst\u00e4v\u00e4llisest\u00e4 materiaalista, joka mukautuu korvak\u00e4yt\u00e4v\u00e4n mukaan tarjoten erinomaisen istuvuuden.\" \/>\n<meta property=\"og:url\" content=\"https:\/\/kuuloasi.fi\/en\/product\/resound-surefit-3-tulppaani-tippi\/\" \/>\n<meta property=\"og:site_name\" content=\"kuuloasi.fi\" \/>\n<meta property=\"article:modified_time\" content=\"2026-03-31T13:25:00+00:00\" \/>\n<meta property=\"og:image\" content=\"https:\/\/kuuloasi.fi\/wp-content\/uploads\/2025\/12\/resound-surefit3-tippi-tulppaani-6ee62983_orig.jpg\" \/>\n\t<meta property=\"og:image:width\" content=\"1000\" \/>\n\t<meta property=\"og:image:height\" content=\"1000\" \/>\n\t<meta property=\"og:image:type\" content=\"image\/jpeg\" \/>\n<meta name=\"twitter:card\" content=\"summary_large_image\" \/>\n<meta name=\"twitter:label1\" content=\"Estimated reading time\" \/>\n\t<meta name=\"twitter:data1\" content=\"2 minutes\" \/>\n<script type=\"application\/ld+json\" class=\"yoast-schema-graph\">{\"@context\":\"https:\\\/\\\/schema.org\",\"@graph\":[{\"@type\":\"WebPage\",\"@id\":\"https:\\\/\\\/kuuloasi.fi\\\/tuote\\\/resound-surefit-3-tulppaani-tippi\\\/\",\"url\":\"https:\\\/\\\/kuuloasi.fi\\\/tuote\\\/resound-surefit-3-tulppaani-tippi\\\/\",\"name\":\"ReSound SureFit 3 tulppaani tippi - kuuloasi.fi\",\"isPartOf\":{\"@id\":\"https:\\\/\\\/kuuloasi.fi\\\/#website\"},\"primaryImageOfPage\":{\"@id\":\"https:\\\/\\\/kuuloasi.fi\\\/tuote\\\/resound-surefit-3-tulppaani-tippi\\\/#primaryimage\"},\"image\":{\"@id\":\"https:\\\/\\\/kuuloasi.fi\\\/tuote\\\/resound-surefit-3-tulppaani-tippi\\\/#primaryimage\"},\"thumbnailUrl\":\"https:\\\/\\\/kuuloasi.fi\\\/wp-content\\\/uploads\\\/2025\\\/12\\\/resound-surefit3-tippi-tulppaani-6ee62983_orig.jpg\",\"datePublished\":\"2025-12-03T12:05:41+00:00\",\"dateModified\":\"2026-03-31T13:25:00+00:00\",\"breadcrumb\":{\"@id\":\"https:\\\/\\\/kuuloasi.fi\\\/tuote\\\/resound-surefit-3-tulppaani-tippi\\\/#breadcrumb\"},\"inLanguage\":\"en-GB\",\"potentialAction\":[{\"@type\":\"ReadAction\",\"target\":[\"https:\\\/\\\/kuuloasi.fi\\\/tuote\\\/resound-surefit-3-tulppaani-tippi\\\/\"]}]},{\"@type\":\"ImageObject\",\"inLanguage\":\"en-GB\",\"@id\":\"https:\\\/\\\/kuuloasi.fi\\\/tuote\\\/resound-surefit-3-tulppaani-tippi\\\/#primaryimage\",\"url\":\"https:\\\/\\\/kuuloasi.fi\\\/wp-content\\\/uploads\\\/2025\\\/12\\\/resound-surefit3-tippi-tulppaani-6ee62983_orig.jpg\",\"contentUrl\":\"https:\\\/\\\/kuuloasi.fi\\\/wp-content\\\/uploads\\\/2025\\\/12\\\/resound-surefit3-tippi-tulppaani-6ee62983_orig.jpg\",\"width\":1000,\"height\":1000},{\"@type\":\"BreadcrumbList\",\"@id\":\"https:\\\/\\\/kuuloasi.fi\\\/tuote\\\/resound-surefit-3-tulppaani-tippi\\\/#breadcrumb\",\"itemListElement\":[{\"@type\":\"ListItem\",\"position\":1,\"name\":\"Etusivu\",\"item\":\"https:\\\/\\\/kuuloasi.fi\\\/\"},{\"@type\":\"ListItem\",\"position\":2,\"name\":\"Kauppa\",\"item\":\"https:\\\/\\\/kuuloasi.fi\\\/kauppa\\\/\"},{\"@type\":\"ListItem\",\"position\":3,\"name\":\"ReSound SureFit 3 tulppaani tippi\"}]},{\"@type\":\"WebSite\",\"@id\":\"https:\\\/\\\/kuuloasi.fi\\\/#website\",\"url\":\"https:\\\/\\\/kuuloasi.fi\\\/\",\"name\":\"kuuloasi.fi\",\"description\":\"\",\"potentialAction\":[{\"@type\":\"SearchAction\",\"target\":{\"@type\":\"EntryPoint\",\"urlTemplate\":\"https:\\\/\\\/kuuloasi.fi\\\/?s={search_term_string}\"},\"query-input\":{\"@type\":\"PropertyValueSpecification\",\"valueRequired\":true,\"valueName\":\"search_term_string\"}}],\"inLanguage\":\"en-GB\"}]}<\/script>\n<!-- \/ Yoast SEO plugin. -->","yoast_head_json":{"title":"ReSound SureFit 3 tulppaani tippi - kuuloasi.fi","robots":{"index":"index","follow":"follow","max-snippet":"max-snippet:-1","max-image-preview":"max-image-preview:large","max-video-preview":"max-video-preview:-1"},"canonical":"https:\/\/kuuloasi.fi\/en\/product\/resound-surefit-3-tulppaani-tippi\/","og_locale":"en_GB","og_type":"article","og_title":"ReSound SureFit 3 tulppaani tippi - kuuloasi.fi","og_description":"Laadukas sovite ReSound-kuulokojeisiin ReSound SureFit 3 Tulppaani tippi (tuotekoodi: 21432300)\u00a0on ReSoundin kehitt\u00e4m\u00e4, tiiviimpi kuulokojeen sovite, joka tarjoaa t\u00e4ydellisen tasapainon mukavuuden ja \u00e4\u00e4nenlaadun v\u00e4lill\u00e4. T\u00e4m\u00e4 tippisovite kuuluu ReSoundin uuteen\u00a0SureFit 3 -sarjaan, ja se sopii uusimpiin\u00a0ReSound-kuulokojeisiin, kuten\u00a0LiNX\u00b2, ENYA, LiNX 3D, LiNX Quattro, Key\u00a0ja\u00a0ONE\u00a0-malleihin. Tulppaani tippisovite kiinnittyy helposti kuulokojeen p\u00e4\u00e4h\u00e4n napsauttamalla, ja se on valmistettu pehme\u00e4st\u00e4, ihoyst\u00e4v\u00e4llisest\u00e4 materiaalista, joka mukautuu korvak\u00e4yt\u00e4v\u00e4n mukaan tarjoten erinomaisen istuvuuden.","og_url":"https:\/\/kuuloasi.fi\/en\/product\/resound-surefit-3-tulppaani-tippi\/","og_site_name":"kuuloasi.fi","article_modified_time":"2026-03-31T13:25:00+00:00","og_image":[{"width":1000,"height":1000,"url":"https:\/\/kuuloasi.fi\/wp-content\/uploads\/2025\/12\/resound-surefit3-tippi-tulppaani-6ee62983_orig.jpg","type":"image\/jpeg"}],"twitter_card":"summary_large_image","twitter_misc":{"Estimated reading time":"2 minutes"},"schema":{"@context":"https:\/\/schema.org","@graph":[{"@type":"WebPage","@id":"https:\/\/kuuloasi.fi\/tuote\/resound-surefit-3-tulppaani-tippi\/","url":"https:\/\/kuuloasi.fi\/tuote\/resound-surefit-3-tulppaani-tippi\/","name":"ReSound SureFit 3 tulppaani tippi - kuuloasi.fi","isPartOf":{"@id":"https:\/\/kuuloasi.fi\/#website"},"primaryImageOfPage":{"@id":"https:\/\/kuuloasi.fi\/tuote\/resound-surefit-3-tulppaani-tippi\/#primaryimage"},"image":{"@id":"https:\/\/kuuloasi.fi\/tuote\/resound-surefit-3-tulppaani-tippi\/#primaryimage"},"thumbnailUrl":"https:\/\/kuuloasi.fi\/wp-content\/uploads\/2025\/12\/resound-surefit3-tippi-tulppaani-6ee62983_orig.jpg","datePublished":"2025-12-03T12:05:41+00:00","dateModified":"2026-03-31T13:25:00+00:00","breadcrumb":{"@id":"https:\/\/kuuloasi.fi\/tuote\/resound-surefit-3-tulppaani-tippi\/#breadcrumb"},"inLanguage":"en-GB","potentialAction":[{"@type":"ReadAction","target":["https:\/\/kuuloasi.fi\/tuote\/resound-surefit-3-tulppaani-tippi\/"]}]},{"@type":"ImageObject","inLanguage":"en-GB","@id":"https:\/\/kuuloasi.fi\/tuote\/resound-surefit-3-tulppaani-tippi\/#primaryimage","url":"https:\/\/kuuloasi.fi\/wp-content\/uploads\/2025\/12\/resound-surefit3-tippi-tulppaani-6ee62983_orig.jpg","contentUrl":"https:\/\/kuuloasi.fi\/wp-content\/uploads\/2025\/12\/resound-surefit3-tippi-tulppaani-6ee62983_orig.jpg","width":1000,"height":1000},{"@type":"BreadcrumbList","@id":"https:\/\/kuuloasi.fi\/tuote\/resound-surefit-3-tulppaani-tippi\/#breadcrumb","itemListElement":[{"@type":"ListItem","position":1,"name":"Etusivu","item":"https:\/\/kuuloasi.fi\/"},{"@type":"ListItem","position":2,"name":"Kauppa","item":"https:\/\/kuuloasi.fi\/kauppa\/"},{"@type":"ListItem","position":3,"name":"ReSound SureFit 3 tulppaani tippi"}]},{"@type":"WebSite","@id":"https:\/\/kuuloasi.fi\/#website","url":"https:\/\/kuuloasi.fi\/","name":"hearing.co.uk","description":"","potentialAction":[{"@type":"SearchAction","target":{"@type":"EntryPoint","urlTemplate":"https:\/\/kuuloasi.fi\/?s={search_term_string}"},"query-input":{"@type":"PropertyValueSpecification","valueRequired":true,"valueName":"search_term_string"}}],"inLanguage":"en-GB"}]}},"_links":{"self":[{"href":"https:\/\/kuuloasi.fi\/en\/wp-json\/wp\/v2\/product\/526","targetHints":{"allow":["GET"]}}],"collection":[{"href":"https:\/\/kuuloasi.fi\/en\/wp-json\/wp\/v2\/product"}],"about":[{"href":"https:\/\/kuuloasi.fi\/en\/wp-json\/wp\/v2\/types\/product"}],"replies":[{"embeddable":true,"href":"https:\/\/kuuloasi.fi\/en\/wp-json\/wp\/v2\/comments?post=526"}],"wp:featuredmedia":[{"embeddable":true,"href":"https:\/\/kuuloasi.fi\/en\/wp-json\/wp\/v2\/media\/530"}],"wp:attachment":[{"href":"https:\/\/kuuloasi.fi\/en\/wp-json\/wp\/v2\/media?parent=526"}],"wp:term":[{"taxonomy":"product_brand","embeddable":true,"href":"https:\/\/kuuloasi.fi\/en\/wp-json\/wp\/v2\/product_brand?post=526"},{"taxonomy":"product_cat","embeddable":true,"href":"https:\/\/kuuloasi.fi\/en\/wp-json\/wp\/v2\/product_cat?post=526"},{"taxonomy":"product_tag","embeddable":true,"href":"https:\/\/kuuloasi.fi\/en\/wp-json\/wp\/v2\/product_tag?post=526"}],"curies":[{"name":"wp","href":"https:\/\/api.w.org\/{rel}","templated":true}]}}