{"id":301,"date":"2025-11-24T13:55:17","date_gmt":"2025-11-24T13:55:17","guid":{"rendered":"https:\/\/kuuloasi.fi\/?post_type=product&#038;p=301"},"modified":"2026-04-10T11:55:49","modified_gmt":"2026-04-10T11:55:49","slug":"duracell-kuulokojeparisto","status":"publish","type":"product","link":"https:\/\/kuuloasi.fi\/en\/product\/duracell-kuulokojeparisto\/","title":{"rendered":"Duracell headphone battery"},"content":{"rendered":"<p><iframe title=\"Hearing aid battery replacement\" width=\"800\" height=\"450\" src=\"https:\/\/www.youtube.com\/embed\/N60iiXmX9ds?feature=oembed\" frameborder=\"0\" allow=\"accelerometer; autoplay; clipboard-write; encrypted-media; gyroscope; picture-in-picture; web-share\" referrerpolicy=\"strict-origin-when-cross-origin\" allowfullscreen><\/iframe><\/p>\n<p><strong>Lifetime and Reliability<\/strong><\/p>\n<p>Duracell hearing aid batteries have a life of approximately 7-12 days, but this may vary depending on individual factors such as hearing aid settings and the amount of use. With regular use, you'll learn to find a replacement schedule that works for you, so your hearing aid always performs optimally. Unopened, Duracell batteries will last up to 3-4 years, so you can rely on their quality even during longer storage periods.<\/p>\n<p><strong>Choose the Right Size Easily<\/strong><\/p>\n<p>Duracell headphone batteries are available in four sizes: 10, 13, 312 and 675. The size is clearly marked on the lid of the pack with numbers, and the batteries are also colour coded for easy identification:<img decoding=\"async\" src=\"https:\/\/www.kuuloasi.fi\/WebRoot\/vilkasfi03\/Shops\/2017112003\/MediaGallery\/Duracell1.png\" alt=\"Duracell1\" data-pagespeed-url-hash=\"1181214642\" \/><\/p>\n<div>\n<ul>\n<li><strong>10 - Yellow<\/strong><\/li>\n<li><strong>13 - Orange<\/strong><\/li>\n<li><strong>312 - Brown<\/strong><\/li>\n<li><strong>675 - Blue<\/strong><\/li>\n<\/ul>\n<p>You can conveniently select the right size of batteries from the drop-down menu to ensure your hearing aid gets just the right amount of power.<\/p>\n<p><strong>Practical Packaging<\/strong><\/p>\n<p>Duracell headphone batteries are sold in a handy 6-piece plastic case designed to make it easy to change the batteries. The packaging allows you to keep the batteries neatly organised and replace them quickly and easily whenever needed.<\/p>\n<p><strong>Order Duracell Hearing Aid Batteries from our Online Store Today!<\/strong><\/p>\n<p>Keep your hearing aids working at peak performance with Duracell hearing aid batteries. Choose the right size, order with ease and make sure you hear the sounds of the world loud and clear every day!<\/p>\n<\/div>","protected":false},"excerpt":{"rendered":"<p>Duracell hearing aid batteries provide reliable, long-lasting power for all hearing aids, regardless of brand. These high-quality batteries are designed to ensure that your hearing aids work flawlessly and provide the best possible sound quality for everyday use.<\/p>\n<p><strong>5\u20ac discount when you order 4 packages at once! <a href=\"https:\/\/kuuloasi.fi\/en\/product\/duracell-kuulokojeparisto-4-pakettia\/\">See here<\/a><\/strong><\/p>","protected":false},"featured_media":293,"comment_status":"open","ping_status":"closed","template":"","meta":{"_acf_changed":false},"product_brand":[],"product_cat":[21,16],"product_tag":[35,28],"class_list":{"0":"post-301","1":"product","2":"type-product","3":"status-publish","4":"has-post-thumbnail","6":"product_cat-paristot","7":"product_cat-yleinen","8":"product_tag-duracell","9":"product_tag-paristo","11":"first","12":"instock","13":"taxable","14":"shipping-taxable","15":"purchasable","16":"product-type-variable"},"acf":[],"yoast_head":"<!-- This site is optimized with the Yoast SEO plugin v27.4 - https:\/\/yoast.com\/product\/yoast-seo-wordpress\/ -->\n<title>Duracell kuulokojeparisto - kuuloasi.fi<\/title>\n<meta name=\"robots\" content=\"index, follow, max-snippet:-1, max-image-preview:large, max-video-preview:-1\" \/>\n<link rel=\"canonical\" href=\"https:\/\/kuuloasi.fi\/en\/product\/duracell-kuulokojeparisto\/\" \/>\n<meta property=\"og:locale\" content=\"en_GB\" \/>\n<meta property=\"og:type\" content=\"article\" \/>\n<meta property=\"og:title\" content=\"Duracell kuulokojeparisto - kuuloasi.fi\" \/>\n<meta property=\"og:description\" content=\"Duracell kuulokojeparistot tarjoavat luotettavaa ja pitk\u00e4kestoista tehoa kaikkiin kuulokojeisiin, merkist\u00e4 riippumatta. N\u00e4m\u00e4 laadukkaat paristot on suunniteltu varmistamaan, ett\u00e4 kuulokojeesi toimii moitteettomasti ja tarjoaa parhaan mahdollisen \u00e4\u00e4nenlaadun p\u00e4ivitt\u00e4isess\u00e4 k\u00e4yt\u00f6ss\u00e4  5\u20ac alennus kun tilaat 4 pakettia kerralla! Katso t\u00e4st\u00e4\" \/>\n<meta property=\"og:url\" content=\"https:\/\/kuuloasi.fi\/en\/product\/duracell-kuulokojeparisto\/\" \/>\n<meta property=\"og:site_name\" content=\"kuuloasi.fi\" \/>\n<meta property=\"article:modified_time\" content=\"2026-04-10T11:55:49+00:00\" \/>\n<meta property=\"og:image\" content=\"https:\/\/kuuloasi.fi\/wp-content\/uploads\/2025\/11\/Duracell-kuulokojeparisto-4.jpg\" \/>\n\t<meta property=\"og:image:width\" content=\"800\" \/>\n\t<meta property=\"og:image:height\" content=\"800\" \/>\n\t<meta property=\"og:image:type\" content=\"image\/jpeg\" \/>\n<meta name=\"twitter:card\" content=\"summary_large_image\" \/>\n<meta name=\"twitter:label1\" content=\"Estimated reading time\" \/>\n\t<meta name=\"twitter:data1\" content=\"1 minute\" \/>\n<script type=\"application\/ld+json\" class=\"yoast-schema-graph\">{\"@context\":\"https:\\\/\\\/schema.org\",\"@graph\":[{\"@type\":\"WebPage\",\"@id\":\"https:\\\/\\\/kuuloasi.fi\\\/tuote\\\/duracell-kuulokojeparisto\\\/\",\"url\":\"https:\\\/\\\/kuuloasi.fi\\\/tuote\\\/duracell-kuulokojeparisto\\\/\",\"name\":\"Duracell kuulokojeparisto - kuuloasi.fi\",\"isPartOf\":{\"@id\":\"https:\\\/\\\/kuuloasi.fi\\\/#website\"},\"primaryImageOfPage\":{\"@id\":\"https:\\\/\\\/kuuloasi.fi\\\/tuote\\\/duracell-kuulokojeparisto\\\/#primaryimage\"},\"image\":{\"@id\":\"https:\\\/\\\/kuuloasi.fi\\\/tuote\\\/duracell-kuulokojeparisto\\\/#primaryimage\"},\"thumbnailUrl\":\"https:\\\/\\\/kuuloasi.fi\\\/wp-content\\\/uploads\\\/2025\\\/11\\\/Duracell-kuulokojeparisto-4.jpg\",\"datePublished\":\"2025-11-24T13:55:17+00:00\",\"dateModified\":\"2026-04-10T11:55:49+00:00\",\"breadcrumb\":{\"@id\":\"https:\\\/\\\/kuuloasi.fi\\\/tuote\\\/duracell-kuulokojeparisto\\\/#breadcrumb\"},\"inLanguage\":\"en-GB\",\"potentialAction\":[{\"@type\":\"ReadAction\",\"target\":[\"https:\\\/\\\/kuuloasi.fi\\\/tuote\\\/duracell-kuulokojeparisto\\\/\"]}]},{\"@type\":\"ImageObject\",\"inLanguage\":\"en-GB\",\"@id\":\"https:\\\/\\\/kuuloasi.fi\\\/tuote\\\/duracell-kuulokojeparisto\\\/#primaryimage\",\"url\":\"https:\\\/\\\/kuuloasi.fi\\\/wp-content\\\/uploads\\\/2025\\\/11\\\/Duracell-kuulokojeparisto-4.jpg\",\"contentUrl\":\"https:\\\/\\\/kuuloasi.fi\\\/wp-content\\\/uploads\\\/2025\\\/11\\\/Duracell-kuulokojeparisto-4.jpg\",\"width\":800,\"height\":800},{\"@type\":\"BreadcrumbList\",\"@id\":\"https:\\\/\\\/kuuloasi.fi\\\/tuote\\\/duracell-kuulokojeparisto\\\/#breadcrumb\",\"itemListElement\":[{\"@type\":\"ListItem\",\"position\":1,\"name\":\"Etusivu\",\"item\":\"https:\\\/\\\/kuuloasi.fi\\\/\"},{\"@type\":\"ListItem\",\"position\":2,\"name\":\"Kauppa\",\"item\":\"https:\\\/\\\/kuuloasi.fi\\\/kauppa\\\/\"},{\"@type\":\"ListItem\",\"position\":3,\"name\":\"Duracell kuulokojeparisto\"}]},{\"@type\":\"WebSite\",\"@id\":\"https:\\\/\\\/kuuloasi.fi\\\/#website\",\"url\":\"https:\\\/\\\/kuuloasi.fi\\\/\",\"name\":\"kuuloasi.fi\",\"description\":\"\",\"potentialAction\":[{\"@type\":\"SearchAction\",\"target\":{\"@type\":\"EntryPoint\",\"urlTemplate\":\"https:\\\/\\\/kuuloasi.fi\\\/?s={search_term_string}\"},\"query-input\":{\"@type\":\"PropertyValueSpecification\",\"valueRequired\":true,\"valueName\":\"search_term_string\"}}],\"inLanguage\":\"en-GB\"}]}<\/script>\n<!-- \/ Yoast SEO plugin. -->","yoast_head_json":{"title":"Duracell kuulokojeparisto - kuuloasi.fi","robots":{"index":"index","follow":"follow","max-snippet":"max-snippet:-1","max-image-preview":"max-image-preview:large","max-video-preview":"max-video-preview:-1"},"canonical":"https:\/\/kuuloasi.fi\/en\/product\/duracell-kuulokojeparisto\/","og_locale":"en_GB","og_type":"article","og_title":"Duracell kuulokojeparisto - kuuloasi.fi","og_description":"Duracell kuulokojeparistot tarjoavat luotettavaa ja pitk\u00e4kestoista tehoa kaikkiin kuulokojeisiin, merkist\u00e4 riippumatta. N\u00e4m\u00e4 laadukkaat paristot on suunniteltu varmistamaan, ett\u00e4 kuulokojeesi toimii moitteettomasti ja tarjoaa parhaan mahdollisen \u00e4\u00e4nenlaadun p\u00e4ivitt\u00e4isess\u00e4 k\u00e4yt\u00f6ss\u00e4  5\u20ac alennus kun tilaat 4 pakettia kerralla! Katso t\u00e4st\u00e4","og_url":"https:\/\/kuuloasi.fi\/en\/product\/duracell-kuulokojeparisto\/","og_site_name":"kuuloasi.fi","article_modified_time":"2026-04-10T11:55:49+00:00","og_image":[{"width":800,"height":800,"url":"https:\/\/kuuloasi.fi\/wp-content\/uploads\/2025\/11\/Duracell-kuulokojeparisto-4.jpg","type":"image\/jpeg"}],"twitter_card":"summary_large_image","twitter_misc":{"Estimated reading time":"1 minute"},"schema":{"@context":"https:\/\/schema.org","@graph":[{"@type":"WebPage","@id":"https:\/\/kuuloasi.fi\/tuote\/duracell-kuulokojeparisto\/","url":"https:\/\/kuuloasi.fi\/tuote\/duracell-kuulokojeparisto\/","name":"Duracell kuulokojeparisto - kuuloasi.fi","isPartOf":{"@id":"https:\/\/kuuloasi.fi\/#website"},"primaryImageOfPage":{"@id":"https:\/\/kuuloasi.fi\/tuote\/duracell-kuulokojeparisto\/#primaryimage"},"image":{"@id":"https:\/\/kuuloasi.fi\/tuote\/duracell-kuulokojeparisto\/#primaryimage"},"thumbnailUrl":"https:\/\/kuuloasi.fi\/wp-content\/uploads\/2025\/11\/Duracell-kuulokojeparisto-4.jpg","datePublished":"2025-11-24T13:55:17+00:00","dateModified":"2026-04-10T11:55:49+00:00","breadcrumb":{"@id":"https:\/\/kuuloasi.fi\/tuote\/duracell-kuulokojeparisto\/#breadcrumb"},"inLanguage":"en-GB","potentialAction":[{"@type":"ReadAction","target":["https:\/\/kuuloasi.fi\/tuote\/duracell-kuulokojeparisto\/"]}]},{"@type":"ImageObject","inLanguage":"en-GB","@id":"https:\/\/kuuloasi.fi\/tuote\/duracell-kuulokojeparisto\/#primaryimage","url":"https:\/\/kuuloasi.fi\/wp-content\/uploads\/2025\/11\/Duracell-kuulokojeparisto-4.jpg","contentUrl":"https:\/\/kuuloasi.fi\/wp-content\/uploads\/2025\/11\/Duracell-kuulokojeparisto-4.jpg","width":800,"height":800},{"@type":"BreadcrumbList","@id":"https:\/\/kuuloasi.fi\/tuote\/duracell-kuulokojeparisto\/#breadcrumb","itemListElement":[{"@type":"ListItem","position":1,"name":"Etusivu","item":"https:\/\/kuuloasi.fi\/"},{"@type":"ListItem","position":2,"name":"Kauppa","item":"https:\/\/kuuloasi.fi\/kauppa\/"},{"@type":"ListItem","position":3,"name":"Duracell kuulokojeparisto"}]},{"@type":"WebSite","@id":"https:\/\/kuuloasi.fi\/#website","url":"https:\/\/kuuloasi.fi\/","name":"hearing.co.uk","description":"","potentialAction":[{"@type":"SearchAction","target":{"@type":"EntryPoint","urlTemplate":"https:\/\/kuuloasi.fi\/?s={search_term_string}"},"query-input":{"@type":"PropertyValueSpecification","valueRequired":true,"valueName":"search_term_string"}}],"inLanguage":"en-GB"}]}},"_links":{"self":[{"href":"https:\/\/kuuloasi.fi\/en\/wp-json\/wp\/v2\/product\/301","targetHints":{"allow":["GET"]}}],"collection":[{"href":"https:\/\/kuuloasi.fi\/en\/wp-json\/wp\/v2\/product"}],"about":[{"href":"https:\/\/kuuloasi.fi\/en\/wp-json\/wp\/v2\/types\/product"}],"replies":[{"embeddable":true,"href":"https:\/\/kuuloasi.fi\/en\/wp-json\/wp\/v2\/comments?post=301"}],"wp:featuredmedia":[{"embeddable":true,"href":"https:\/\/kuuloasi.fi\/en\/wp-json\/wp\/v2\/media\/293"}],"wp:attachment":[{"href":"https:\/\/kuuloasi.fi\/en\/wp-json\/wp\/v2\/media?parent=301"}],"wp:term":[{"taxonomy":"product_brand","embeddable":true,"href":"https:\/\/kuuloasi.fi\/en\/wp-json\/wp\/v2\/product_brand?post=301"},{"taxonomy":"product_cat","embeddable":true,"href":"https:\/\/kuuloasi.fi\/en\/wp-json\/wp\/v2\/product_cat?post=301"},{"taxonomy":"product_tag","embeddable":true,"href":"https:\/\/kuuloasi.fi\/en\/wp-json\/wp\/v2\/product_tag?post=301"}],"curies":[{"name":"wp","href":"https:\/\/api.w.org\/{rel}","templated":true}]}}