{"id":199,"date":"2025-11-11T16:15:55","date_gmt":"2025-11-11T16:15:55","guid":{"rendered":"https:\/\/kuuloasi.fi\/?post_type=product&#038;p=199"},"modified":"2026-04-16T08:52:17","modified_gmt":"2026-04-16T08:52:17","slug":"rayovac-kuulokojeparistoja-10-pakettia","status":"publish","type":"product","link":"https:\/\/kuuloasi.fi\/en\/product\/rayovac-kuulokojeparistoja-10-pakettia\/","title":{"rendered":"10 packs of Rayovac hearing aid batteries"},"content":{"rendered":"<p><iframe title=\"Hearing aid battery replacement\" width=\"800\" height=\"450\" src=\"https:\/\/www.youtube.com\/embed\/N60iiXmX9ds?feature=oembed\" frameborder=\"0\" allow=\"accelerometer; autoplay; clipboard-write; encrypted-media; gyroscope; picture-in-picture; web-share\" referrerpolicy=\"strict-origin-when-cross-origin\" allowfullscreen><\/iframe><\/p>\n<p>Rayovac has recently launched its new best battery yet. The new design extends the life of the battery and ensures a smooth and accurate listening experience. The 25%'s larger sticker on the battery is ergonomically designed to make it easier to replace the hearing aid battery. The design of the battery cable has also been redesigned.<\/p>\n<p id=\"tw-target-text\" class=\"tw-data-text tw-text-large XcVN5d tw-ta\" dir=\"ltr\" data-placeholder=\"K\u00e4\u00e4nn\u00f6s\"><img decoding=\"async\" src=\"https:\/\/www.kuuloasi.fi\/WebRoot\/vilkasfi03\/Shops\/2017112003\/MediaGallery\/Extra_Features_sq-2021.png\" alt=\"kuulolaiteparisto\" data-pagespeed-url-hash=\"3831002292\" \/><\/p>\n<p class=\"tw-data-text tw-text-large XcVN5d tw-ta\" dir=\"ltr\" data-placeholder=\"K\u00e4\u00e4nn\u00f6s\">1.\u00a0<span lang=\"fi\">Active Core Plus without optimisation<\/span><\/p>\n<p class=\"tw-data-text tw-text-large XcVN5d tw-ta\" dir=\"ltr\" data-placeholder=\"K\u00e4\u00e4nn\u00f6s\"><span lang=\"fi\">2.\u00a0<\/span><span lang=\"fi\">Updated packaging<\/span><\/p>\n<p dir=\"ltr\">3. Optimised size specification<\/p>\n<p dir=\"ltr\">4. Updated larger sticker<\/p>\n<p dir=\"ltr\">5. Improved stickers<\/p>\n<p><strong>Hearing aid battery sizes<\/strong><\/p>\n<p>Rayovac hearing aid batteries come in four different sizes. You can find the right size for you by looking at the current battery in your hearing aid, which has a colour strip on the back that tells you the size of the battery you need or the battery pack. Listed here are the battery sizes for hearing aids and the corresponding colour codes. Hearing aid batteries have a colour strip on the top of the battery indicating the size.<\/p>\n<p><img decoding=\"async\" title=\"hearing aid batteries\" src=\"https:\/\/www.kuuloasi.fi\/WebRoot\/vilkasfi03\/Shops\/2017112003\/MediaGallery\/size-tabs.png\" alt=\"kuulolaiteparisto\" data-pagespeed-url-hash=\"3728090305\" \/><\/p>\n<p><strong>Battery life<\/strong><\/p>\n<p>The duration of hearing aid batteries is very individual, influenced by many factors. In summary, the duration is influenced by the amount of use, the environment in which the battery is used, the size of the battery and the technology of the device. The life of a single battery is around 7-12 days, depending of course on the above variables. Let's explore them a bit more.<\/p>\n<ul>\n<li><strong>Using a hearing aid<\/strong>A: The more the hearing aid is used during the day, the more it uses battery power. Of course, it is advisable to use the hearing aid as much as possible to allow the ear to get used to the sound amplified by the hearing aid.<\/li>\n<\/ul>\n<p>&nbsp;<\/p>\n<ul>\n<li><strong>User environment<\/strong>\u00a0is something that rarely comes to mind when talking about battery consumption in hearing aids. But a noisy environment demands more from a hearing aid, especially if the hearing aid has an automatic noise or noise cancelling feature. Also, if the listening environment is really quiet and the hearing aid has to be turned up to maximum volume, the battery will wear out faster.<\/li>\n<\/ul>\n<p>&nbsp;<\/p>\n<ul>\n<li><strong>Battery size<\/strong>: There are four different sizes of batteries with different capacities. The physical size of the hearing aid also affects the size of the battery, so the smaller the hearing aid, the smaller the battery.<\/li>\n<\/ul>\n<p>&nbsp;<\/p>\n<ul>\n<li><strong>Hearing aid technology<\/strong>: The amplification of the hearing aid also has a major impact on battery consumption. The more amplification a hearing aid has, the more it consumes battery power.<\/li>\n<li>A wide range of accessories can be connected to hearing aids. All these add to the battery consumption of the hearing aid (e.g. telephone, remote controls, etc.)<\/li>\n<\/ul>\n<p>&nbsp;<\/p>\n<p><strong>Tips to make your hearing aid battery last as long as possible.<\/strong><\/p>\n<ul>\n<li>Always open the hearing aid battery case when you are not using the hearing aid.<\/li>\n<li>Allow the battery to charge for a few minutes after removing the sticker before inserting it into the hearing aid.<\/li>\n<li>Always store the batteries at room temperature and only remove the sticker from the batteries when you are about to insert them into the hearing aid. Unopened, the batteries will last approximately 2-4 years<\/li>\n<\/ul>\n<p>&nbsp;<\/p>\n<p>If you have any questions about hearing aid batteries, we are happy to help. You can ask us a question by phone or email, or by using the chatbot in our online shop, which can be found at the bottom right of the page. We are happy to help!<\/p>","protected":false},"excerpt":{"rendered":"<p>High quality and durable Rayovac hearing aid batteries fit all brands of hearing aids. Rayovac is one of the most popular and widely used hearing aid batteries in the world. Now you can also get them in this so-called family pack with a total of 60 batteries.<\/p>","protected":false},"featured_media":205,"comment_status":"open","ping_status":"closed","template":"","meta":{"_acf_changed":false},"product_brand":[],"product_cat":[21,26,16],"product_tag":[28,27],"class_list":{"0":"post-199","1":"product","2":"type-product","3":"status-publish","4":"has-post-thumbnail","6":"product_cat-paristot","7":"product_cat-tarjouksessa","8":"product_cat-yleinen","9":"product_tag-paristo","10":"product_tag-rayovac","12":"first","13":"instock","14":"sale","15":"taxable","16":"shipping-taxable","17":"purchasable","18":"product-type-variable"},"acf":[],"yoast_head":"<!-- This site is optimized with the Yoast SEO plugin v27.4 - https:\/\/yoast.com\/product\/yoast-seo-wordpress\/ -->\n<title>Rayovac kuulokojeparistoja 10 pakettia - kuuloasi.fi<\/title>\n<meta name=\"robots\" content=\"index, follow, max-snippet:-1, max-image-preview:large, max-video-preview:-1\" \/>\n<link rel=\"canonical\" href=\"https:\/\/kuuloasi.fi\/en\/product\/rayovac-kuulokojeparistoja-10-pakettia\/\" \/>\n<meta property=\"og:locale\" content=\"en_GB\" \/>\n<meta property=\"og:type\" content=\"article\" \/>\n<meta property=\"og:title\" content=\"Rayovac kuulokojeparistoja 10 pakettia - kuuloasi.fi\" \/>\n<meta property=\"og:description\" content=\"Eritt\u00e4in laadukkaat ja kest\u00e4v\u00e4t Rayovac\u00a0kuulokojeparistot\u00a0sopivat kaiken merkkisiin kuulokojeisiin.\u00a0Rayovac\u00a0on yksi maailman suosituimmista ja k\u00e4ytetyimmist\u00e4\u00a0kuulokojeparistoista. Nyt saat niit\u00e4 my\u00f6s t\u00e4ss\u00e4 niin sanotussa perhepaketissa jossa on yhteens\u00e4 60 paristoa.\" \/>\n<meta property=\"og:url\" content=\"https:\/\/kuuloasi.fi\/en\/product\/rayovac-kuulokojeparistoja-10-pakettia\/\" \/>\n<meta property=\"og:site_name\" content=\"kuuloasi.fi\" \/>\n<meta property=\"article:modified_time\" content=\"2026-04-16T08:52:17+00:00\" \/>\n<meta property=\"og:image\" content=\"https:\/\/kuuloasi.fi\/wp-content\/uploads\/2025\/11\/Rayovac_kuulolaiteparisto_312_10kpl.png\" \/>\n\t<meta property=\"og:image:width\" content=\"699\" \/>\n\t<meta property=\"og:image:height\" content=\"1000\" \/>\n\t<meta property=\"og:image:type\" content=\"image\/png\" \/>\n<meta name=\"twitter:card\" content=\"summary_large_image\" \/>\n<meta name=\"twitter:label1\" content=\"Estimated reading time\" \/>\n\t<meta name=\"twitter:data1\" content=\"2 minutes\" \/>\n<script type=\"application\/ld+json\" class=\"yoast-schema-graph\">{\"@context\":\"https:\\\/\\\/schema.org\",\"@graph\":[{\"@type\":\"WebPage\",\"@id\":\"https:\\\/\\\/kuuloasi.fi\\\/tuote\\\/rayovac-kuulokojeparistoja-10-pakettia\\\/\",\"url\":\"https:\\\/\\\/kuuloasi.fi\\\/tuote\\\/rayovac-kuulokojeparistoja-10-pakettia\\\/\",\"name\":\"Rayovac kuulokojeparistoja 10 pakettia - kuuloasi.fi\",\"isPartOf\":{\"@id\":\"https:\\\/\\\/kuuloasi.fi\\\/#website\"},\"primaryImageOfPage\":{\"@id\":\"https:\\\/\\\/kuuloasi.fi\\\/tuote\\\/rayovac-kuulokojeparistoja-10-pakettia\\\/#primaryimage\"},\"image\":{\"@id\":\"https:\\\/\\\/kuuloasi.fi\\\/tuote\\\/rayovac-kuulokojeparistoja-10-pakettia\\\/#primaryimage\"},\"thumbnailUrl\":\"https:\\\/\\\/kuuloasi.fi\\\/wp-content\\\/uploads\\\/2025\\\/11\\\/Rayovac_kuulolaiteparisto_312_10kpl.png\",\"datePublished\":\"2025-11-11T16:15:55+00:00\",\"dateModified\":\"2026-04-16T08:52:17+00:00\",\"breadcrumb\":{\"@id\":\"https:\\\/\\\/kuuloasi.fi\\\/tuote\\\/rayovac-kuulokojeparistoja-10-pakettia\\\/#breadcrumb\"},\"inLanguage\":\"en-GB\",\"potentialAction\":[{\"@type\":\"ReadAction\",\"target\":[\"https:\\\/\\\/kuuloasi.fi\\\/tuote\\\/rayovac-kuulokojeparistoja-10-pakettia\\\/\"]}]},{\"@type\":\"ImageObject\",\"inLanguage\":\"en-GB\",\"@id\":\"https:\\\/\\\/kuuloasi.fi\\\/tuote\\\/rayovac-kuulokojeparistoja-10-pakettia\\\/#primaryimage\",\"url\":\"https:\\\/\\\/kuuloasi.fi\\\/wp-content\\\/uploads\\\/2025\\\/11\\\/Rayovac_kuulolaiteparisto_312_10kpl.png\",\"contentUrl\":\"https:\\\/\\\/kuuloasi.fi\\\/wp-content\\\/uploads\\\/2025\\\/11\\\/Rayovac_kuulolaiteparisto_312_10kpl.png\",\"width\":699,\"height\":1000},{\"@type\":\"BreadcrumbList\",\"@id\":\"https:\\\/\\\/kuuloasi.fi\\\/tuote\\\/rayovac-kuulokojeparistoja-10-pakettia\\\/#breadcrumb\",\"itemListElement\":[{\"@type\":\"ListItem\",\"position\":1,\"name\":\"Etusivu\",\"item\":\"https:\\\/\\\/kuuloasi.fi\\\/\"},{\"@type\":\"ListItem\",\"position\":2,\"name\":\"Kauppa\",\"item\":\"https:\\\/\\\/kuuloasi.fi\\\/kauppa\\\/\"},{\"@type\":\"ListItem\",\"position\":3,\"name\":\"Rayovac kuulokojeparistoja 10 pakettia\"}]},{\"@type\":\"WebSite\",\"@id\":\"https:\\\/\\\/kuuloasi.fi\\\/#website\",\"url\":\"https:\\\/\\\/kuuloasi.fi\\\/\",\"name\":\"kuuloasi.fi\",\"description\":\"\",\"potentialAction\":[{\"@type\":\"SearchAction\",\"target\":{\"@type\":\"EntryPoint\",\"urlTemplate\":\"https:\\\/\\\/kuuloasi.fi\\\/?s={search_term_string}\"},\"query-input\":{\"@type\":\"PropertyValueSpecification\",\"valueRequired\":true,\"valueName\":\"search_term_string\"}}],\"inLanguage\":\"en-GB\"}]}<\/script>\n<!-- \/ Yoast SEO plugin. -->","yoast_head_json":{"title":"Rayovac kuulokojeparistoja 10 pakettia - kuuloasi.fi","robots":{"index":"index","follow":"follow","max-snippet":"max-snippet:-1","max-image-preview":"max-image-preview:large","max-video-preview":"max-video-preview:-1"},"canonical":"https:\/\/kuuloasi.fi\/en\/product\/rayovac-kuulokojeparistoja-10-pakettia\/","og_locale":"en_GB","og_type":"article","og_title":"Rayovac kuulokojeparistoja 10 pakettia - kuuloasi.fi","og_description":"Eritt\u00e4in laadukkaat ja kest\u00e4v\u00e4t Rayovac\u00a0kuulokojeparistot\u00a0sopivat kaiken merkkisiin kuulokojeisiin.\u00a0Rayovac\u00a0on yksi maailman suosituimmista ja k\u00e4ytetyimmist\u00e4\u00a0kuulokojeparistoista. Nyt saat niit\u00e4 my\u00f6s t\u00e4ss\u00e4 niin sanotussa perhepaketissa jossa on yhteens\u00e4 60 paristoa.","og_url":"https:\/\/kuuloasi.fi\/en\/product\/rayovac-kuulokojeparistoja-10-pakettia\/","og_site_name":"kuuloasi.fi","article_modified_time":"2026-04-16T08:52:17+00:00","og_image":[{"width":699,"height":1000,"url":"https:\/\/kuuloasi.fi\/wp-content\/uploads\/2025\/11\/Rayovac_kuulolaiteparisto_312_10kpl.png","type":"image\/png"}],"twitter_card":"summary_large_image","twitter_misc":{"Estimated reading time":"2 minutes"},"schema":{"@context":"https:\/\/schema.org","@graph":[{"@type":"WebPage","@id":"https:\/\/kuuloasi.fi\/tuote\/rayovac-kuulokojeparistoja-10-pakettia\/","url":"https:\/\/kuuloasi.fi\/tuote\/rayovac-kuulokojeparistoja-10-pakettia\/","name":"Rayovac kuulokojeparistoja 10 pakettia - kuuloasi.fi","isPartOf":{"@id":"https:\/\/kuuloasi.fi\/#website"},"primaryImageOfPage":{"@id":"https:\/\/kuuloasi.fi\/tuote\/rayovac-kuulokojeparistoja-10-pakettia\/#primaryimage"},"image":{"@id":"https:\/\/kuuloasi.fi\/tuote\/rayovac-kuulokojeparistoja-10-pakettia\/#primaryimage"},"thumbnailUrl":"https:\/\/kuuloasi.fi\/wp-content\/uploads\/2025\/11\/Rayovac_kuulolaiteparisto_312_10kpl.png","datePublished":"2025-11-11T16:15:55+00:00","dateModified":"2026-04-16T08:52:17+00:00","breadcrumb":{"@id":"https:\/\/kuuloasi.fi\/tuote\/rayovac-kuulokojeparistoja-10-pakettia\/#breadcrumb"},"inLanguage":"en-GB","potentialAction":[{"@type":"ReadAction","target":["https:\/\/kuuloasi.fi\/tuote\/rayovac-kuulokojeparistoja-10-pakettia\/"]}]},{"@type":"ImageObject","inLanguage":"en-GB","@id":"https:\/\/kuuloasi.fi\/tuote\/rayovac-kuulokojeparistoja-10-pakettia\/#primaryimage","url":"https:\/\/kuuloasi.fi\/wp-content\/uploads\/2025\/11\/Rayovac_kuulolaiteparisto_312_10kpl.png","contentUrl":"https:\/\/kuuloasi.fi\/wp-content\/uploads\/2025\/11\/Rayovac_kuulolaiteparisto_312_10kpl.png","width":699,"height":1000},{"@type":"BreadcrumbList","@id":"https:\/\/kuuloasi.fi\/tuote\/rayovac-kuulokojeparistoja-10-pakettia\/#breadcrumb","itemListElement":[{"@type":"ListItem","position":1,"name":"Etusivu","item":"https:\/\/kuuloasi.fi\/"},{"@type":"ListItem","position":2,"name":"Kauppa","item":"https:\/\/kuuloasi.fi\/kauppa\/"},{"@type":"ListItem","position":3,"name":"Rayovac kuulokojeparistoja 10 pakettia"}]},{"@type":"WebSite","@id":"https:\/\/kuuloasi.fi\/#website","url":"https:\/\/kuuloasi.fi\/","name":"hearing.co.uk","description":"","potentialAction":[{"@type":"SearchAction","target":{"@type":"EntryPoint","urlTemplate":"https:\/\/kuuloasi.fi\/?s={search_term_string}"},"query-input":{"@type":"PropertyValueSpecification","valueRequired":true,"valueName":"search_term_string"}}],"inLanguage":"en-GB"}]}},"_links":{"self":[{"href":"https:\/\/kuuloasi.fi\/en\/wp-json\/wp\/v2\/product\/199","targetHints":{"allow":["GET"]}}],"collection":[{"href":"https:\/\/kuuloasi.fi\/en\/wp-json\/wp\/v2\/product"}],"about":[{"href":"https:\/\/kuuloasi.fi\/en\/wp-json\/wp\/v2\/types\/product"}],"replies":[{"embeddable":true,"href":"https:\/\/kuuloasi.fi\/en\/wp-json\/wp\/v2\/comments?post=199"}],"wp:featuredmedia":[{"embeddable":true,"href":"https:\/\/kuuloasi.fi\/en\/wp-json\/wp\/v2\/media\/205"}],"wp:attachment":[{"href":"https:\/\/kuuloasi.fi\/en\/wp-json\/wp\/v2\/media?parent=199"}],"wp:term":[{"taxonomy":"product_brand","embeddable":true,"href":"https:\/\/kuuloasi.fi\/en\/wp-json\/wp\/v2\/product_brand?post=199"},{"taxonomy":"product_cat","embeddable":true,"href":"https:\/\/kuuloasi.fi\/en\/wp-json\/wp\/v2\/product_cat?post=199"},{"taxonomy":"product_tag","embeddable":true,"href":"https:\/\/kuuloasi.fi\/en\/wp-json\/wp\/v2\/product_tag?post=199"}],"curies":[{"name":"wp","href":"https:\/\/api.w.org\/{rel}","templated":true}]}}