{"id":1856,"date":"2026-02-26T11:43:53","date_gmt":"2026-02-26T11:43:53","guid":{"rendered":"https:\/\/kuuloasi.fi\/tuote\/lahjakortti\/"},"modified":"2026-03-02T10:05:58","modified_gmt":"2026-03-02T10:05:58","slug":"lahjakortti","status":"publish","type":"product","link":"https:\/\/kuuloasi.fi\/en\/product\/lahjakortti\/","title":{"rendered":"Gift voucher"},"content":{"rendered":"","protected":false},"excerpt":{"rendered":"<p data-start=\"27\" data-end=\"183\">The Hearing Aid Gift Card is an easy and thoughtful way to support the smooth hearing of a loved one.<\/p>\n<p data-start=\"185\" data-end=\"387\">With a gift card, you can buy exactly what you need: batteries, filters, cleaning products or other hearing aids. The recipient chooses for himself, without guesswork or the wrong model.<\/p>\n<h3 data-start=\"389\" data-end=\"411\">Why a gift card?<\/h3>\n<ul data-start=\"413\" data-end=\"551\">\n<li data-start=\"413\" data-end=\"456\">\n<p data-start=\"415\" data-end=\"456\">Practical and certainly necessary<\/p>\n<\/li>\n<li data-start=\"457\" data-end=\"506\">\n<p data-start=\"459\" data-end=\"506\">Suitable for hearing aid users of all ages<\/p>\n<\/li>\n<li data-start=\"507\" data-end=\"551\">\n<p data-start=\"509\" data-end=\"551\">Works for all e-commerce products<\/p>\n<\/li>\n<\/ul>\n<p data-start=\"553\" data-end=\"671\">The gift voucher is delivered electronically and can be easily used in our online shop when the need arises.<\/p>\n<p data-start=\"673\" data-end=\"707\" data-is-last-node=\"\" data-is-only-node=\"\">A small gift that makes everyday life easier.<\/p>","protected":false},"featured_media":1868,"comment_status":"open","ping_status":"closed","template":"","meta":{"_acf_changed":false},"product_brand":[],"product_cat":[168],"product_tag":[],"class_list":{"0":"post-1856","1":"product","2":"type-product","3":"status-publish","4":"has-post-thumbnail","6":"product_cat-lahjakortit","8":"first","9":"instock","10":"taxable","11":"shipping-taxable","12":"purchasable","13":"product-type-pw-gift-card","14":"has-default-attributes"},"acf":[],"yoast_head":"<!-- This site is optimized with the Yoast SEO plugin v27.4 - https:\/\/yoast.com\/product\/yoast-seo-wordpress\/ -->\n<title>Lahjakortti - kuuloasi.fi<\/title>\n<meta name=\"robots\" content=\"index, follow, max-snippet:-1, max-image-preview:large, max-video-preview:-1\" \/>\n<link rel=\"canonical\" href=\"https:\/\/kuuloasi.fi\/en\/product\/lahjakortti\/\" \/>\n<meta property=\"og:locale\" content=\"en_GB\" \/>\n<meta property=\"og:type\" content=\"article\" \/>\n<meta property=\"og:title\" content=\"Lahjakortti - kuuloasi.fi\" \/>\n<meta property=\"og:description\" content=\"Kuuloasin lahjakortti on helppo ja huomaavainen tapa tukea l\u00e4heisen sujuvaa kuulemista. Lahjakortilla voi hankkia juuri ne tarvikkeet, joita oikeasti tarvitaan: paristot, suodattimet, puhdistustuotteet tai muut kuulotarvikkeet. Saaja valitsee itse, ilman arvailua tai v\u00e4\u00e4r\u00e4\u00e4 mallia.  Miksi lahjakortti?    K\u00e4yt\u00e4nn\u00f6llinen ja varmasti tarpeellinen    Sopii kaikenik\u00e4isille kuulokojeen k\u00e4ytt\u00e4jille    Toimii kaikkiin verkkokaupan tuotteisiin   Lahjakortti toimitetaan s\u00e4hk\u00f6isesti ja sen voi k\u00e4ytt\u00e4\u00e4 helposti verkkokaupassamme silloin, kun tarve on ajankohtainen. Pieni lahja, joka helpottaa arkea.\" \/>\n<meta property=\"og:url\" content=\"https:\/\/kuuloasi.fi\/en\/product\/lahjakortti\/\" \/>\n<meta property=\"og:site_name\" content=\"kuuloasi.fi\" \/>\n<meta property=\"article:modified_time\" content=\"2026-03-02T10:05:58+00:00\" \/>\n<meta property=\"og:image\" content=\"https:\/\/kuuloasi.fi\/wp-content\/uploads\/2026\/02\/Kuuloasi-lahjakortti.png\" \/>\n\t<meta property=\"og:image:width\" content=\"1200\" \/>\n\t<meta property=\"og:image:height\" content=\"900\" \/>\n\t<meta property=\"og:image:type\" content=\"image\/png\" \/>\n<meta name=\"twitter:card\" content=\"summary_large_image\" \/>\n<meta name=\"twitter:label1\" content=\"Estimated reading time\" \/>\n\t<meta name=\"twitter:data1\" content=\"1 minute\" \/>\n<script type=\"application\/ld+json\" class=\"yoast-schema-graph\">{\"@context\":\"https:\\\/\\\/schema.org\",\"@graph\":[{\"@type\":\"WebPage\",\"@id\":\"https:\\\/\\\/kuuloasi.fi\\\/tuote\\\/lahjakortti\\\/\",\"url\":\"https:\\\/\\\/kuuloasi.fi\\\/tuote\\\/lahjakortti\\\/\",\"name\":\"Lahjakortti - kuuloasi.fi\",\"isPartOf\":{\"@id\":\"https:\\\/\\\/kuuloasi.fi\\\/#website\"},\"primaryImageOfPage\":{\"@id\":\"https:\\\/\\\/kuuloasi.fi\\\/tuote\\\/lahjakortti\\\/#primaryimage\"},\"image\":{\"@id\":\"https:\\\/\\\/kuuloasi.fi\\\/tuote\\\/lahjakortti\\\/#primaryimage\"},\"thumbnailUrl\":\"https:\\\/\\\/kuuloasi.fi\\\/wp-content\\\/uploads\\\/2026\\\/02\\\/Kuuloasi-lahjakortti.png\",\"datePublished\":\"2026-02-26T11:43:53+00:00\",\"dateModified\":\"2026-03-02T10:05:58+00:00\",\"breadcrumb\":{\"@id\":\"https:\\\/\\\/kuuloasi.fi\\\/tuote\\\/lahjakortti\\\/#breadcrumb\"},\"inLanguage\":\"en-GB\",\"potentialAction\":[{\"@type\":\"ReadAction\",\"target\":[\"https:\\\/\\\/kuuloasi.fi\\\/tuote\\\/lahjakortti\\\/\"]}]},{\"@type\":\"ImageObject\",\"inLanguage\":\"en-GB\",\"@id\":\"https:\\\/\\\/kuuloasi.fi\\\/tuote\\\/lahjakortti\\\/#primaryimage\",\"url\":\"https:\\\/\\\/kuuloasi.fi\\\/wp-content\\\/uploads\\\/2026\\\/02\\\/Kuuloasi-lahjakortti.png\",\"contentUrl\":\"https:\\\/\\\/kuuloasi.fi\\\/wp-content\\\/uploads\\\/2026\\\/02\\\/Kuuloasi-lahjakortti.png\",\"width\":1200,\"height\":900,\"caption\":\"Kuuloasi lahjakortti\"},{\"@type\":\"BreadcrumbList\",\"@id\":\"https:\\\/\\\/kuuloasi.fi\\\/tuote\\\/lahjakortti\\\/#breadcrumb\",\"itemListElement\":[{\"@type\":\"ListItem\",\"position\":1,\"name\":\"Etusivu\",\"item\":\"https:\\\/\\\/kuuloasi.fi\\\/\"},{\"@type\":\"ListItem\",\"position\":2,\"name\":\"Kauppa\",\"item\":\"https:\\\/\\\/kuuloasi.fi\\\/kauppa\\\/\"},{\"@type\":\"ListItem\",\"position\":3,\"name\":\"Lahjakortti\"}]},{\"@type\":\"WebSite\",\"@id\":\"https:\\\/\\\/kuuloasi.fi\\\/#website\",\"url\":\"https:\\\/\\\/kuuloasi.fi\\\/\",\"name\":\"kuuloasi.fi\",\"description\":\"\",\"potentialAction\":[{\"@type\":\"SearchAction\",\"target\":{\"@type\":\"EntryPoint\",\"urlTemplate\":\"https:\\\/\\\/kuuloasi.fi\\\/?s={search_term_string}\"},\"query-input\":{\"@type\":\"PropertyValueSpecification\",\"valueRequired\":true,\"valueName\":\"search_term_string\"}}],\"inLanguage\":\"en-GB\"}]}<\/script>\n<!-- \/ Yoast SEO plugin. -->","yoast_head_json":{"title":"Lahjakortti - kuuloasi.fi","robots":{"index":"index","follow":"follow","max-snippet":"max-snippet:-1","max-image-preview":"max-image-preview:large","max-video-preview":"max-video-preview:-1"},"canonical":"https:\/\/kuuloasi.fi\/en\/product\/lahjakortti\/","og_locale":"en_GB","og_type":"article","og_title":"Lahjakortti - kuuloasi.fi","og_description":"Kuuloasin lahjakortti on helppo ja huomaavainen tapa tukea l\u00e4heisen sujuvaa kuulemista. Lahjakortilla voi hankkia juuri ne tarvikkeet, joita oikeasti tarvitaan: paristot, suodattimet, puhdistustuotteet tai muut kuulotarvikkeet. Saaja valitsee itse, ilman arvailua tai v\u00e4\u00e4r\u00e4\u00e4 mallia.  Miksi lahjakortti?    K\u00e4yt\u00e4nn\u00f6llinen ja varmasti tarpeellinen    Sopii kaikenik\u00e4isille kuulokojeen k\u00e4ytt\u00e4jille    Toimii kaikkiin verkkokaupan tuotteisiin   Lahjakortti toimitetaan s\u00e4hk\u00f6isesti ja sen voi k\u00e4ytt\u00e4\u00e4 helposti verkkokaupassamme silloin, kun tarve on ajankohtainen. Pieni lahja, joka helpottaa arkea.","og_url":"https:\/\/kuuloasi.fi\/en\/product\/lahjakortti\/","og_site_name":"kuuloasi.fi","article_modified_time":"2026-03-02T10:05:58+00:00","og_image":[{"width":1200,"height":900,"url":"https:\/\/kuuloasi.fi\/wp-content\/uploads\/2026\/02\/Kuuloasi-lahjakortti.png","type":"image\/png"}],"twitter_card":"summary_large_image","twitter_misc":{"Estimated reading time":"1 minute"},"schema":{"@context":"https:\/\/schema.org","@graph":[{"@type":"WebPage","@id":"https:\/\/kuuloasi.fi\/tuote\/lahjakortti\/","url":"https:\/\/kuuloasi.fi\/tuote\/lahjakortti\/","name":"Lahjakortti - kuuloasi.fi","isPartOf":{"@id":"https:\/\/kuuloasi.fi\/#website"},"primaryImageOfPage":{"@id":"https:\/\/kuuloasi.fi\/tuote\/lahjakortti\/#primaryimage"},"image":{"@id":"https:\/\/kuuloasi.fi\/tuote\/lahjakortti\/#primaryimage"},"thumbnailUrl":"https:\/\/kuuloasi.fi\/wp-content\/uploads\/2026\/02\/Kuuloasi-lahjakortti.png","datePublished":"2026-02-26T11:43:53+00:00","dateModified":"2026-03-02T10:05:58+00:00","breadcrumb":{"@id":"https:\/\/kuuloasi.fi\/tuote\/lahjakortti\/#breadcrumb"},"inLanguage":"en-GB","potentialAction":[{"@type":"ReadAction","target":["https:\/\/kuuloasi.fi\/tuote\/lahjakortti\/"]}]},{"@type":"ImageObject","inLanguage":"en-GB","@id":"https:\/\/kuuloasi.fi\/tuote\/lahjakortti\/#primaryimage","url":"https:\/\/kuuloasi.fi\/wp-content\/uploads\/2026\/02\/Kuuloasi-lahjakortti.png","contentUrl":"https:\/\/kuuloasi.fi\/wp-content\/uploads\/2026\/02\/Kuuloasi-lahjakortti.png","width":1200,"height":900,"caption":"Kuuloasi lahjakortti"},{"@type":"BreadcrumbList","@id":"https:\/\/kuuloasi.fi\/tuote\/lahjakortti\/#breadcrumb","itemListElement":[{"@type":"ListItem","position":1,"name":"Etusivu","item":"https:\/\/kuuloasi.fi\/"},{"@type":"ListItem","position":2,"name":"Kauppa","item":"https:\/\/kuuloasi.fi\/kauppa\/"},{"@type":"ListItem","position":3,"name":"Lahjakortti"}]},{"@type":"WebSite","@id":"https:\/\/kuuloasi.fi\/#website","url":"https:\/\/kuuloasi.fi\/","name":"hearing.co.uk","description":"","potentialAction":[{"@type":"SearchAction","target":{"@type":"EntryPoint","urlTemplate":"https:\/\/kuuloasi.fi\/?s={search_term_string}"},"query-input":{"@type":"PropertyValueSpecification","valueRequired":true,"valueName":"search_term_string"}}],"inLanguage":"en-GB"}]}},"_links":{"self":[{"href":"https:\/\/kuuloasi.fi\/en\/wp-json\/wp\/v2\/product\/1856","targetHints":{"allow":["GET"]}}],"collection":[{"href":"https:\/\/kuuloasi.fi\/en\/wp-json\/wp\/v2\/product"}],"about":[{"href":"https:\/\/kuuloasi.fi\/en\/wp-json\/wp\/v2\/types\/product"}],"replies":[{"embeddable":true,"href":"https:\/\/kuuloasi.fi\/en\/wp-json\/wp\/v2\/comments?post=1856"}],"wp:featuredmedia":[{"embeddable":true,"href":"https:\/\/kuuloasi.fi\/en\/wp-json\/wp\/v2\/media\/1868"}],"wp:attachment":[{"href":"https:\/\/kuuloasi.fi\/en\/wp-json\/wp\/v2\/media?parent=1856"}],"wp:term":[{"taxonomy":"product_brand","embeddable":true,"href":"https:\/\/kuuloasi.fi\/en\/wp-json\/wp\/v2\/product_brand?post=1856"},{"taxonomy":"product_cat","embeddable":true,"href":"https:\/\/kuuloasi.fi\/en\/wp-json\/wp\/v2\/product_cat?post=1856"},{"taxonomy":"product_tag","embeddable":true,"href":"https:\/\/kuuloasi.fi\/en\/wp-json\/wp\/v2\/product_tag?post=1856"}],"curies":[{"name":"wp","href":"https:\/\/api.w.org\/{rel}","templated":true}]}}