{"id":1544,"date":"2026-03-11T06:26:02","date_gmt":"2026-03-11T06:26:02","guid":{"rendered":"https:\/\/kuuloasi.fi\/?post_type=product&#038;p=1544"},"modified":"2026-03-11T06:27:39","modified_gmt":"2026-03-11T06:27:39","slug":"4-pakettia-prowax-minifit-vahasuojia","status":"publish","type":"product","link":"https:\/\/kuuloasi.fi\/en\/product\/4-pakettia-prowax-minifit-vahasuojia\/","title":{"rendered":"4 packs of Prowax minifit wax protectors"},"content":{"rendered":"<p><iframe title=\"Prowax wax protector replacement for hearing aids\" width=\"800\" height=\"450\" src=\"https:\/\/www.youtube.com\/embed\/WHBGzkKjkc4?feature=oembed\" frameborder=\"0\" allow=\"accelerometer; autoplay; clipboard-write; encrypted-media; gyroscope; picture-in-picture; web-share\" referrerpolicy=\"strict-origin-when-cross-origin\" allowfullscreen><\/iframe><\/p>\n<h2 data-start=\"728\" data-end=\"752\">Product features<\/h2>\n<p data-start=\"754\" data-end=\"1122\">Prevents earwax and dirt from entering the sensitive parts of the hearing aid.<br data-start=\"813\" data-end=\"816\" \/>Improves sound quality and extends the life of your hearing aid.<br data-start=\"872\" data-end=\"875\" \/>Reduces the need for maintenance and unnecessary service visits.<br data-start=\"924\" data-end=\"927\" \/>Suitable for RIC, RIE, RITE and ear canal devices.<br data-start=\"983\" data-end=\"986\" \/>Quick and easy to replace yourself without a service visit.<br data-start=\"1035\" data-end=\"1038\" \/>A handy replacement tool: a new wax guard at one end and an empty branch for removing the old one.<\/p>\n<h2 data-start=\"1124\" data-end=\"1141\">Compatibility<\/h2>\n<p data-start=\"1143\" data-end=\"1304\"><span class=\"hover:entity-accent entity-underline inline cursor-pointer align-baseline\"><span class=\"whitespace-normal\">Oticon<\/span><\/span> hearing aids (miniFit ProWax system)<br data-start=\"1222\" data-end=\"1225\" \/><span class=\"hover:entity-accent entity-underline inline cursor-pointer align-baseline\"><span class=\"whitespace-normal\">Bernafon<\/span><\/span> hearing aids (miniFit ProWax system)<\/p>\n<p data-start=\"1306\" data-end=\"1426\">Before ordering, please check your hearing aid user manual or the place of purchase to ensure that you have miniFit ProWax wax protectors.<\/p>\n<p data-start=\"1697\" data-end=\"1849\">The date shown on the packaging indicates the date of manufacture. Wax protectors can be used for several years as long as they are stored in their own sealed packaging.<\/p>\n<h2 data-start=\"1851\" data-end=\"1884\">Why should the wax guard be replaced?<\/h2>\n<p data-start=\"1886\" data-end=\"2071\">The ear canal naturally secretes earwax, which over time can clog the hearing aid. This can cause sound to become weaker, distorted or mute the hearing aid altogether.<\/p>\n<p data-start=\"2073\" data-end=\"2206\">A blocked wax seal is the most common hearing aid malfunction, but it is easily preventable by regularly replacing the wax seal yourself.<\/p>\n<h2 data-start=\"2208\" data-end=\"2250\">How to replace the ProWax miniFit wax guard<\/h2>\n<p data-start=\"2252\" data-end=\"2555\">Remove one replacement tool from the packaging.<br data-start=\"2291\" data-end=\"2294\" \/>The tool has two branches: an empty branch for removing the old wax guard and a new wax guard at the other end.<br data-start=\"2399\" data-end=\"2402\" \/>Press the empty branch into the old wax guard and pull it out.<br data-start=\"2456\" data-end=\"2459\" \/>Press the new wax guard into place with the second branch.<br data-start=\"2509\" data-end=\"2512\" \/>Remove the tool and discard it after use.<\/p>\n<p data-start=\"2557\" data-end=\"2634\">Always throw away used tools so they don't get mixed up with new ones.<\/p>\n<h2 data-start=\"2636\" data-end=\"2677\">How often should the wax guard be replaced?<\/h2>\n<p data-start=\"2679\" data-end=\"2822\">The recommendation is at least once a month.<br data-start=\"2720\" data-end=\"2723\" \/>More often, if you accumulate a lot of earwax.<br data-start=\"2765\" data-end=\"2768\" \/>Replace immediately if the sound becomes weaker, distorted or disappears.<\/p>\n<p data-start=\"2824\" data-end=\"2951\">You do not need to clean the wax guard, but you can gently brush off any loose film on the surface, for example with a cleaning brush.<\/p>\n<h2 data-start=\"2953\" data-end=\"2972\">The package contains<\/h2>\n<p data-start=\"2974\" data-end=\"3084\">4 \u00d7 ProWax miniFit wax protection discs<br data-start=\"3009\" data-end=\"3012\" \/>6 \u00d7 disposable replacement tools \/ wafer<br data-start=\"3055\" data-end=\"3058\" \/>A total of 24 wax filters<\/p>\n<h2 data-start=\"3086\" data-end=\"3099\">Summary<\/h2>\n<p data-start=\"3101\" data-end=\"3438\">Oticon ProWax miniFit wax protectors are a reliable and easy-to-use solution for protecting your hearing aids from earwax. Regular replacement improves sound quality, reduces maintenance and keeps your hearing aid in good working order for a long time. This 4-pack offers an affordable and hassle-free way to keep your hearing aids in good working order.<\/p>","protected":false},"excerpt":{"rendered":"<p data-start=\"329\" data-end=\"567\"><strong data-start=\"329\" data-end=\"380\">ProWax miniFit wax protectors pack of 4<\/strong> is an easy-to-use and cost-effective solution for protecting your hearing aids from earwax. The kit contains <strong data-start=\"486\" data-end=\"508\">4 wax discs<\/strong>, with a total of <strong data-start=\"529\" data-end=\"566\">24 disposable wax filters<\/strong>.<\/p>\n<p data-start=\"569\" data-end=\"681\">This multi-pack provides a clear <strong data-start=\"602\" data-end=\"615\">settiedun<\/strong> - the equivalent number of wax fenders would cost <strong data-start=\"653\" data-end=\"680\">purchased separately 40 \u20ac<\/strong>.<\/p>\n<p data-start=\"683\" data-end=\"843\">Wax protectors are suitable for both <strong data-start=\"707\" data-end=\"760\">for in-the-ear hearing aids (RIC, RIE, RITE)<\/strong> to <strong data-start=\"766\" data-end=\"791\">for ear canal devices<\/strong>, which use <strong data-start=\"810\" data-end=\"828\">miniFit ProWax<\/strong> -system<\/p>","protected":false},"featured_media":1546,"comment_status":"closed","ping_status":"closed","template":"","meta":{"_acf_changed":false},"product_brand":[],"product_cat":[70,26,22,16],"product_tag":[159,89,90,162,160,158,157,164,163,79,161,165],"class_list":{"0":"post-1544","1":"product","2":"type-product","3":"status-publish","4":"has-post-thumbnail","6":"product_cat-oticon","7":"product_cat-tarjouksessa","8":"product_cat-varaosat","9":"product_cat-yleinen","10":"product_tag-bernafon","11":"product_tag-minifit","12":"product_tag-oticon","13":"product_tag-pieni","14":"product_tag-pieni-valkoinen","15":"product_tag-prowax","16":"product_tag-prowax-minifit","17":"product_tag-vaha","18":"product_tag-vahasuodatin","19":"product_tag-vahasuoja","20":"product_tag-valkoinen","21":"product_tag-waxguard","23":"first","24":"instock","25":"sale","26":"taxable","27":"shipping-taxable","28":"purchasable","29":"product-type-simple"},"acf":[],"yoast_head":"<!-- This site is optimized with the Yoast SEO plugin v27.3 - https:\/\/yoast.com\/product\/yoast-seo-wordpress\/ -->\n<title>4 pakettia Prowax minifit vahasuojia - kuuloasi.fi<\/title>\n<meta name=\"description\" content=\"ProWax miniFit vahasuojat 4 kpl pakkaus. Yhteens\u00e4 24 suodatinta Oticon- ja Bernafon-kuulokojeisiin. Est\u00e4\u00e4 tukkeutumisen ja parantaa \u00e4\u00e4nt\u00e4.\" \/>\n<meta name=\"robots\" content=\"index, follow, max-snippet:-1, max-image-preview:large, max-video-preview:-1\" \/>\n<link rel=\"canonical\" href=\"https:\/\/kuuloasi.fi\/en\/product\/4-pakettia-prowax-minifit-vahasuojia\/\" \/>\n<meta property=\"og:locale\" content=\"en_GB\" \/>\n<meta property=\"og:type\" content=\"article\" \/>\n<meta property=\"og:title\" content=\"4 pakettia Prowax minifit vahasuojia - kuuloasi.fi\" \/>\n<meta property=\"og:description\" content=\"ProWax miniFit vahasuojat 4 kpl pakkaus. Yhteens\u00e4 24 suodatinta Oticon- ja Bernafon-kuulokojeisiin. Est\u00e4\u00e4 tukkeutumisen ja parantaa \u00e4\u00e4nt\u00e4.\" \/>\n<meta property=\"og:url\" content=\"https:\/\/kuuloasi.fi\/en\/product\/4-pakettia-prowax-minifit-vahasuojia\/\" \/>\n<meta property=\"og:site_name\" content=\"kuuloasi.fi\" \/>\n<meta property=\"article:modified_time\" content=\"2026-03-11T06:27:39+00:00\" \/>\n<meta property=\"og:image\" content=\"https:\/\/kuuloasi.fi\/wp-content\/uploads\/2026\/02\/1-12.jpg\" \/>\n\t<meta property=\"og:image:width\" content=\"1601\" \/>\n\t<meta property=\"og:image:height\" content=\"1601\" \/>\n\t<meta property=\"og:image:type\" content=\"image\/jpeg\" \/>\n<meta name=\"twitter:card\" content=\"summary_large_image\" \/>\n<meta name=\"twitter:label1\" content=\"Estimated reading time\" \/>\n\t<meta name=\"twitter:data1\" content=\"2 minutes\" \/>\n<script type=\"application\/ld+json\" class=\"yoast-schema-graph\">{\"@context\":\"https:\\\/\\\/schema.org\",\"@graph\":[{\"@type\":\"WebPage\",\"@id\":\"https:\\\/\\\/kuuloasi.fi\\\/tuote\\\/4-pakettia-prowax-minifit-vahasuojia\\\/\",\"url\":\"https:\\\/\\\/kuuloasi.fi\\\/tuote\\\/4-pakettia-prowax-minifit-vahasuojia\\\/\",\"name\":\"4 pakettia Prowax minifit vahasuojia - kuuloasi.fi\",\"isPartOf\":{\"@id\":\"https:\\\/\\\/kuuloasi.fi\\\/#website\"},\"primaryImageOfPage\":{\"@id\":\"https:\\\/\\\/kuuloasi.fi\\\/tuote\\\/4-pakettia-prowax-minifit-vahasuojia\\\/#primaryimage\"},\"image\":{\"@id\":\"https:\\\/\\\/kuuloasi.fi\\\/tuote\\\/4-pakettia-prowax-minifit-vahasuojia\\\/#primaryimage\"},\"thumbnailUrl\":\"https:\\\/\\\/kuuloasi.fi\\\/wp-content\\\/uploads\\\/2026\\\/02\\\/1-12.jpg\",\"datePublished\":\"2026-03-11T06:26:02+00:00\",\"dateModified\":\"2026-03-11T06:27:39+00:00\",\"description\":\"ProWax miniFit vahasuojat 4 kpl pakkaus. Yhteens\u00e4 24 suodatinta Oticon- ja Bernafon-kuulokojeisiin. Est\u00e4\u00e4 tukkeutumisen ja parantaa \u00e4\u00e4nt\u00e4.\",\"breadcrumb\":{\"@id\":\"https:\\\/\\\/kuuloasi.fi\\\/tuote\\\/4-pakettia-prowax-minifit-vahasuojia\\\/#breadcrumb\"},\"inLanguage\":\"en-GB\",\"potentialAction\":[{\"@type\":\"ReadAction\",\"target\":[\"https:\\\/\\\/kuuloasi.fi\\\/tuote\\\/4-pakettia-prowax-minifit-vahasuojia\\\/\"]}]},{\"@type\":\"ImageObject\",\"inLanguage\":\"en-GB\",\"@id\":\"https:\\\/\\\/kuuloasi.fi\\\/tuote\\\/4-pakettia-prowax-minifit-vahasuojia\\\/#primaryimage\",\"url\":\"https:\\\/\\\/kuuloasi.fi\\\/wp-content\\\/uploads\\\/2026\\\/02\\\/1-12.jpg\",\"contentUrl\":\"https:\\\/\\\/kuuloasi.fi\\\/wp-content\\\/uploads\\\/2026\\\/02\\\/1-12.jpg\",\"width\":1601,\"height\":1601},{\"@type\":\"BreadcrumbList\",\"@id\":\"https:\\\/\\\/kuuloasi.fi\\\/tuote\\\/4-pakettia-prowax-minifit-vahasuojia\\\/#breadcrumb\",\"itemListElement\":[{\"@type\":\"ListItem\",\"position\":1,\"name\":\"Etusivu\",\"item\":\"https:\\\/\\\/kuuloasi.fi\\\/\"},{\"@type\":\"ListItem\",\"position\":2,\"name\":\"Kauppa\",\"item\":\"https:\\\/\\\/kuuloasi.fi\\\/kauppa\\\/\"},{\"@type\":\"ListItem\",\"position\":3,\"name\":\"4 pakettia Prowax minifit vahasuojia\"}]},{\"@type\":\"WebSite\",\"@id\":\"https:\\\/\\\/kuuloasi.fi\\\/#website\",\"url\":\"https:\\\/\\\/kuuloasi.fi\\\/\",\"name\":\"kuuloasi.fi\",\"description\":\"\",\"potentialAction\":[{\"@type\":\"SearchAction\",\"target\":{\"@type\":\"EntryPoint\",\"urlTemplate\":\"https:\\\/\\\/kuuloasi.fi\\\/?s={search_term_string}\"},\"query-input\":{\"@type\":\"PropertyValueSpecification\",\"valueRequired\":true,\"valueName\":\"search_term_string\"}}],\"inLanguage\":\"en-GB\"}]}<\/script>\n<!-- \/ Yoast SEO plugin. -->","yoast_head_json":{"title":"4 pakettia Prowax minifit vahasuojia - kuuloasi.fi","description":"ProWax miniFit vahasuojat 4 kpl pakkaus. Yhteens\u00e4 24 suodatinta Oticon- ja Bernafon-kuulokojeisiin. Est\u00e4\u00e4 tukkeutumisen ja parantaa \u00e4\u00e4nt\u00e4.","robots":{"index":"index","follow":"follow","max-snippet":"max-snippet:-1","max-image-preview":"max-image-preview:large","max-video-preview":"max-video-preview:-1"},"canonical":"https:\/\/kuuloasi.fi\/en\/product\/4-pakettia-prowax-minifit-vahasuojia\/","og_locale":"en_GB","og_type":"article","og_title":"4 pakettia Prowax minifit vahasuojia - kuuloasi.fi","og_description":"ProWax miniFit vahasuojat 4 kpl pakkaus. Yhteens\u00e4 24 suodatinta Oticon- ja Bernafon-kuulokojeisiin. Est\u00e4\u00e4 tukkeutumisen ja parantaa \u00e4\u00e4nt\u00e4.","og_url":"https:\/\/kuuloasi.fi\/en\/product\/4-pakettia-prowax-minifit-vahasuojia\/","og_site_name":"kuuloasi.fi","article_modified_time":"2026-03-11T06:27:39+00:00","og_image":[{"width":1601,"height":1601,"url":"https:\/\/kuuloasi.fi\/wp-content\/uploads\/2026\/02\/1-12.jpg","type":"image\/jpeg"}],"twitter_card":"summary_large_image","twitter_misc":{"Estimated reading time":"2 minutes"},"schema":{"@context":"https:\/\/schema.org","@graph":[{"@type":"WebPage","@id":"https:\/\/kuuloasi.fi\/tuote\/4-pakettia-prowax-minifit-vahasuojia\/","url":"https:\/\/kuuloasi.fi\/tuote\/4-pakettia-prowax-minifit-vahasuojia\/","name":"4 pakettia Prowax minifit vahasuojia - kuuloasi.fi","isPartOf":{"@id":"https:\/\/kuuloasi.fi\/#website"},"primaryImageOfPage":{"@id":"https:\/\/kuuloasi.fi\/tuote\/4-pakettia-prowax-minifit-vahasuojia\/#primaryimage"},"image":{"@id":"https:\/\/kuuloasi.fi\/tuote\/4-pakettia-prowax-minifit-vahasuojia\/#primaryimage"},"thumbnailUrl":"https:\/\/kuuloasi.fi\/wp-content\/uploads\/2026\/02\/1-12.jpg","datePublished":"2026-03-11T06:26:02+00:00","dateModified":"2026-03-11T06:27:39+00:00","description":"ProWax miniFit vahasuojat 4 kpl pakkaus. Yhteens\u00e4 24 suodatinta Oticon- ja Bernafon-kuulokojeisiin. Est\u00e4\u00e4 tukkeutumisen ja parantaa \u00e4\u00e4nt\u00e4.","breadcrumb":{"@id":"https:\/\/kuuloasi.fi\/tuote\/4-pakettia-prowax-minifit-vahasuojia\/#breadcrumb"},"inLanguage":"en-GB","potentialAction":[{"@type":"ReadAction","target":["https:\/\/kuuloasi.fi\/tuote\/4-pakettia-prowax-minifit-vahasuojia\/"]}]},{"@type":"ImageObject","inLanguage":"en-GB","@id":"https:\/\/kuuloasi.fi\/tuote\/4-pakettia-prowax-minifit-vahasuojia\/#primaryimage","url":"https:\/\/kuuloasi.fi\/wp-content\/uploads\/2026\/02\/1-12.jpg","contentUrl":"https:\/\/kuuloasi.fi\/wp-content\/uploads\/2026\/02\/1-12.jpg","width":1601,"height":1601},{"@type":"BreadcrumbList","@id":"https:\/\/kuuloasi.fi\/tuote\/4-pakettia-prowax-minifit-vahasuojia\/#breadcrumb","itemListElement":[{"@type":"ListItem","position":1,"name":"Etusivu","item":"https:\/\/kuuloasi.fi\/"},{"@type":"ListItem","position":2,"name":"Kauppa","item":"https:\/\/kuuloasi.fi\/kauppa\/"},{"@type":"ListItem","position":3,"name":"4 pakettia Prowax minifit vahasuojia"}]},{"@type":"WebSite","@id":"https:\/\/kuuloasi.fi\/#website","url":"https:\/\/kuuloasi.fi\/","name":"hearing.co.uk","description":"","potentialAction":[{"@type":"SearchAction","target":{"@type":"EntryPoint","urlTemplate":"https:\/\/kuuloasi.fi\/?s={search_term_string}"},"query-input":{"@type":"PropertyValueSpecification","valueRequired":true,"valueName":"search_term_string"}}],"inLanguage":"en-GB"}]}},"_links":{"self":[{"href":"https:\/\/kuuloasi.fi\/en\/wp-json\/wp\/v2\/product\/1544","targetHints":{"allow":["GET"]}}],"collection":[{"href":"https:\/\/kuuloasi.fi\/en\/wp-json\/wp\/v2\/product"}],"about":[{"href":"https:\/\/kuuloasi.fi\/en\/wp-json\/wp\/v2\/types\/product"}],"replies":[{"embeddable":true,"href":"https:\/\/kuuloasi.fi\/en\/wp-json\/wp\/v2\/comments?post=1544"}],"wp:featuredmedia":[{"embeddable":true,"href":"https:\/\/kuuloasi.fi\/en\/wp-json\/wp\/v2\/media\/1546"}],"wp:attachment":[{"href":"https:\/\/kuuloasi.fi\/en\/wp-json\/wp\/v2\/media?parent=1544"}],"wp:term":[{"taxonomy":"product_brand","embeddable":true,"href":"https:\/\/kuuloasi.fi\/en\/wp-json\/wp\/v2\/product_brand?post=1544"},{"taxonomy":"product_cat","embeddable":true,"href":"https:\/\/kuuloasi.fi\/en\/wp-json\/wp\/v2\/product_cat?post=1544"},{"taxonomy":"product_tag","embeddable":true,"href":"https:\/\/kuuloasi.fi\/en\/wp-json\/wp\/v2\/product_tag?post=1544"}],"curies":[{"name":"wp","href":"https:\/\/api.w.org\/{rel}","templated":true}]}}