{"id":914,"date":"2026-01-12T09:51:17","date_gmt":"2026-01-12T09:51:17","guid":{"rendered":"https:\/\/kuuloasi.fi\/?page_id=914"},"modified":"2026-01-21T19:46:06","modified_gmt":"2026-01-21T19:46:06","slug":"yhteystiedot","status":"publish","type":"page","link":"https:\/\/kuuloasi.fi\/en\/yhteystiedot\/","title":{"rendered":"Contact"},"content":{"rendered":"<div data-elementor-type=\"wp-page\" data-elementor-id=\"914\" class=\"elementor elementor-914\" data-elementor-post-type=\"page\">\n\t\t\t\t<div data-particle_enable=\"false\" data-particle-mobile-disabled=\"false\" class=\"elementor-element elementor-element-bad67c9 e-con-full e-flex e-con e-parent\" data-id=\"bad67c9\" data-element_type=\"container\" data-e-type=\"container\">\n\t\t\t\t<div class=\"elementor-element elementor-element-d36d217 elementor-widget elementor-widget-heading\" data-id=\"d36d217\" data-element_type=\"widget\" data-e-type=\"widget\" data-widget_type=\"heading.default\">\n\t\t\t\t\t<h2 class=\"elementor-heading-title elementor-size-default\">Contact<\/h2>\t\t\t\t<\/div>\n\t\t<div data-particle_enable=\"false\" data-particle-mobile-disabled=\"false\" class=\"elementor-element elementor-element-5b7f442 e-con-full e-flex e-con e-child\" data-id=\"5b7f442\" data-element_type=\"container\" data-e-type=\"container\" data-settings=\"{&quot;background_background&quot;:&quot;classic&quot;}\">\n\t\t\t\t<div class=\"elementor-element elementor-element-84c4032 elementor-align-start elementor-widget__width-initial elementor-icon-list--layout-traditional elementor-list-item-link-full_width elementor-widget elementor-widget-icon-list\" data-id=\"84c4032\" data-element_type=\"widget\" data-e-type=\"widget\" data-widget_type=\"icon-list.default\">\n\t\t\t\t\t\t\t<ul class=\"elementor-icon-list-items\">\n\t\t\t\t\t\t\t<li class=\"elementor-icon-list-item\">\n\t\t\t\t\t\t\t\t\t\t<span class=\"elementor-icon-list-text\">Listen to your online store<\/span>\n\t\t\t\t\t\t\t\t\t<\/li>\n\t\t\t\t\t\t\t\t<li class=\"elementor-icon-list-item\">\n\t\t\t\t\t\t\t\t\t\t<span class=\"elementor-icon-list-text\">Harakantie 18 A<\/span>\n\t\t\t\t\t\t\t\t\t<\/li>\n\t\t\t\t\t\t\t\t<li class=\"elementor-icon-list-item\">\n\t\t\t\t\t\t\t\t\t\t<span class=\"elementor-icon-list-text\">02650 Espoo<\/span>\n\t\t\t\t\t\t\t\t\t<\/li>\n\t\t\t\t\t\t\t\t<li class=\"elementor-icon-list-item\">\n\t\t\t\t\t\t\t\t\t\t<span class=\"elementor-icon-list-text\">tel: 0503577727<\/span>\n\t\t\t\t\t\t\t\t\t<\/li>\n\t\t\t\t\t\t\t\t<li class=\"elementor-icon-list-item\">\n\t\t\t\t\t\t\t\t\t\t<span class=\"elementor-icon-list-text\">email: info@kuuloasi.fi<\/span>\n\t\t\t\t\t\t\t\t\t<\/li>\n\t\t\t\t\t\t<\/ul>\n\t\t\t\t\t\t<\/div>\n\t\t\t\t<div class=\"elementor-element elementor-element-31733ca elementor-widget__width-initial elementor-widget elementor-widget-text-editor\" data-id=\"31733ca\" data-element_type=\"widget\" data-e-type=\"widget\" data-widget_type=\"text-editor.default\">\n\t\t\t\t\t\t\t\t\t<div class=\"BannerTextContent\"><div class=\"ImprintText\"><p><b>Tax identification number<\/b><br \/>VAT number: FI28681928<\/p><p><b>Bank details<\/b><br \/>Bank name: Danske Bank<br \/>IBAN: FI<br \/>BIC:\u00a0<strong>DABAFIHH<\/strong><br \/>Account holder: Reas Oy<\/p><\/div><\/div>\t\t\t\t\t\t\t\t<\/div>\n\t\t\t\t<div class=\"elementor-element elementor-element-89f6b4e elementor-widget__width-initial elementor-widget elementor-widget-image\" data-id=\"89f6b4e\" data-element_type=\"widget\" data-e-type=\"widget\" data-widget_type=\"image.default\">\n\t\t\t\t\t\t\t\t\t\t\t\t\t\t\t<img decoding=\"async\" width=\"200\" height=\"148\" src=\"https:\/\/kuuloasi.fi\/wp-content\/uploads\/2025\/10\/Image-1-e1772474854155.jpg\" class=\"attachment-large size-large wp-image-51\" alt=\"\" srcset=\"https:\/\/kuuloasi.fi\/wp-content\/uploads\/2025\/10\/Image-1-e1772474854155.jpg 200w, https:\/\/kuuloasi.fi\/wp-content\/uploads\/2025\/10\/Image-1-e1772474854155-16x12.jpg 16w\" sizes=\"(max-width: 200px) 100vw, 200px\" \/>\t\t\t\t\t\t\t\t\t\t\t\t\t\t\t<\/div>\n\t\t\t\t<\/div>\n\t\t\t\t<\/div>\n\t\t\t\t<\/div>","protected":false},"excerpt":{"rendered":"<p>Yhteystiedot Kuuloasi verkkokauppa Harakantie 18 A 02650 Espoo puh: 0503577727 s\u00e4hk\u00f6posti: info@kuuloasi.fi VerotunnisteALV-tunnus: FI28681928 PankkiyhteystiedotPankin nimi: Danske BankIBAN: FIBIC:\u00a0DABAFIHHTilinhaltija: Reas Oy<\/p>","protected":false},"author":2,"featured_media":0,"parent":0,"menu_order":0,"comment_status":"closed","ping_status":"closed","template":"","meta":{"_acf_changed":false,"footnotes":""},"class_list":["post-914","page","type-page","status-publish","hentry"],"acf":[],"yoast_head":"<!-- This site is optimized with the Yoast SEO plugin v27.4 - https:\/\/yoast.com\/product\/yoast-seo-wordpress\/ -->\n<title>Ota yhteytt\u00e4 - Kuuloasi.fi<\/title>\n<meta name=\"description\" content=\"Tarvitsetko apua kuulokojeen tarvikkeiden tilauksessa? Voit soittaa meille tai l\u00e4hett\u00e4\u00e4 s\u00e4hk\u00f6postia - me autamme!\" \/>\n<meta name=\"robots\" content=\"index, follow, max-snippet:-1, max-image-preview:large, max-video-preview:-1\" \/>\n<link rel=\"canonical\" href=\"https:\/\/kuuloasi.fi\/en\/yhteystiedot\/\" \/>\n<meta property=\"og:locale\" content=\"en_GB\" \/>\n<meta property=\"og:type\" content=\"article\" \/>\n<meta property=\"og:title\" content=\"Ota yhteytt\u00e4 - Kuuloasi.fi\" \/>\n<meta property=\"og:description\" content=\"Tarvitsetko apua kuulokojeen tarvikkeiden tilauksessa? Voit soittaa meille tai l\u00e4hett\u00e4\u00e4 s\u00e4hk\u00f6postia - me autamme!\" \/>\n<meta property=\"og:url\" content=\"https:\/\/kuuloasi.fi\/en\/yhteystiedot\/\" \/>\n<meta property=\"og:site_name\" content=\"kuuloasi.fi\" \/>\n<meta property=\"article:modified_time\" content=\"2026-01-21T19:46:06+00:00\" \/>\n<meta property=\"og:image\" content=\"https:\/\/kuuloasi.fi\/wp-content\/uploads\/2025\/10\/Image-1.jpg\" \/>\n<meta name=\"twitter:card\" content=\"summary_large_image\" \/>\n<meta name=\"twitter:label1\" content=\"Estimated reading time\" \/>\n\t<meta name=\"twitter:data1\" content=\"1 minute\" \/>\n<script type=\"application\/ld+json\" class=\"yoast-schema-graph\">{\"@context\":\"https:\\\/\\\/schema.org\",\"@graph\":[{\"@type\":\"WebPage\",\"@id\":\"https:\\\/\\\/kuuloasi.fi\\\/yhteystiedot\\\/\",\"url\":\"https:\\\/\\\/kuuloasi.fi\\\/yhteystiedot\\\/\",\"name\":\"Ota yhteytt\u00e4 - Kuuloasi.fi\",\"isPartOf\":{\"@id\":\"https:\\\/\\\/kuuloasi.fi\\\/#website\"},\"primaryImageOfPage\":{\"@id\":\"https:\\\/\\\/kuuloasi.fi\\\/yhteystiedot\\\/#primaryimage\"},\"image\":{\"@id\":\"https:\\\/\\\/kuuloasi.fi\\\/yhteystiedot\\\/#primaryimage\"},\"thumbnailUrl\":\"https:\\\/\\\/kuuloasi.fi\\\/wp-content\\\/uploads\\\/2025\\\/10\\\/Image-1.jpg\",\"datePublished\":\"2026-01-12T09:51:17+00:00\",\"dateModified\":\"2026-01-21T19:46:06+00:00\",\"description\":\"Tarvitsetko apua kuulokojeen tarvikkeiden tilauksessa? Voit soittaa meille tai l\u00e4hett\u00e4\u00e4 s\u00e4hk\u00f6postia - me autamme!\",\"breadcrumb\":{\"@id\":\"https:\\\/\\\/kuuloasi.fi\\\/yhteystiedot\\\/#breadcrumb\"},\"inLanguage\":\"en-GB\",\"potentialAction\":[{\"@type\":\"ReadAction\",\"target\":[\"https:\\\/\\\/kuuloasi.fi\\\/yhteystiedot\\\/\"]}]},{\"@type\":\"ImageObject\",\"inLanguage\":\"en-GB\",\"@id\":\"https:\\\/\\\/kuuloasi.fi\\\/yhteystiedot\\\/#primaryimage\",\"url\":\"https:\\\/\\\/kuuloasi.fi\\\/wp-content\\\/uploads\\\/2025\\\/10\\\/Image-1.jpg\",\"contentUrl\":\"https:\\\/\\\/kuuloasi.fi\\\/wp-content\\\/uploads\\\/2025\\\/10\\\/Image-1.jpg\"},{\"@type\":\"BreadcrumbList\",\"@id\":\"https:\\\/\\\/kuuloasi.fi\\\/yhteystiedot\\\/#breadcrumb\",\"itemListElement\":[{\"@type\":\"ListItem\",\"position\":1,\"name\":\"Etusivu\",\"item\":\"https:\\\/\\\/kuuloasi.fi\\\/\"},{\"@type\":\"ListItem\",\"position\":2,\"name\":\"Yhteystiedot\"}]},{\"@type\":\"WebSite\",\"@id\":\"https:\\\/\\\/kuuloasi.fi\\\/#website\",\"url\":\"https:\\\/\\\/kuuloasi.fi\\\/\",\"name\":\"kuuloasi.fi\",\"description\":\"\",\"potentialAction\":[{\"@type\":\"SearchAction\",\"target\":{\"@type\":\"EntryPoint\",\"urlTemplate\":\"https:\\\/\\\/kuuloasi.fi\\\/?s={search_term_string}\"},\"query-input\":{\"@type\":\"PropertyValueSpecification\",\"valueRequired\":true,\"valueName\":\"search_term_string\"}}],\"inLanguage\":\"en-GB\"}]}<\/script>\n<!-- \/ Yoast SEO plugin. -->","yoast_head_json":{"title":"Ota yhteytt\u00e4 - Kuuloasi.fi","description":"Tarvitsetko apua kuulokojeen tarvikkeiden tilauksessa? Voit soittaa meille tai l\u00e4hett\u00e4\u00e4 s\u00e4hk\u00f6postia - me autamme!","robots":{"index":"index","follow":"follow","max-snippet":"max-snippet:-1","max-image-preview":"max-image-preview:large","max-video-preview":"max-video-preview:-1"},"canonical":"https:\/\/kuuloasi.fi\/en\/yhteystiedot\/","og_locale":"en_GB","og_type":"article","og_title":"Ota yhteytt\u00e4 - Kuuloasi.fi","og_description":"Tarvitsetko apua kuulokojeen tarvikkeiden tilauksessa? Voit soittaa meille tai l\u00e4hett\u00e4\u00e4 s\u00e4hk\u00f6postia - me autamme!","og_url":"https:\/\/kuuloasi.fi\/en\/yhteystiedot\/","og_site_name":"kuuloasi.fi","article_modified_time":"2026-01-21T19:46:06+00:00","og_image":[{"url":"https:\/\/kuuloasi.fi\/wp-content\/uploads\/2025\/10\/Image-1.jpg","type":"","width":"","height":""}],"twitter_card":"summary_large_image","twitter_misc":{"Estimated reading time":"1 minute"},"schema":{"@context":"https:\/\/schema.org","@graph":[{"@type":"WebPage","@id":"https:\/\/kuuloasi.fi\/yhteystiedot\/","url":"https:\/\/kuuloasi.fi\/yhteystiedot\/","name":"Ota yhteytt\u00e4 - Kuuloasi.fi","isPartOf":{"@id":"https:\/\/kuuloasi.fi\/#website"},"primaryImageOfPage":{"@id":"https:\/\/kuuloasi.fi\/yhteystiedot\/#primaryimage"},"image":{"@id":"https:\/\/kuuloasi.fi\/yhteystiedot\/#primaryimage"},"thumbnailUrl":"https:\/\/kuuloasi.fi\/wp-content\/uploads\/2025\/10\/Image-1.jpg","datePublished":"2026-01-12T09:51:17+00:00","dateModified":"2026-01-21T19:46:06+00:00","description":"Tarvitsetko apua kuulokojeen tarvikkeiden tilauksessa? Voit soittaa meille tai l\u00e4hett\u00e4\u00e4 s\u00e4hk\u00f6postia - me autamme!","breadcrumb":{"@id":"https:\/\/kuuloasi.fi\/yhteystiedot\/#breadcrumb"},"inLanguage":"en-GB","potentialAction":[{"@type":"ReadAction","target":["https:\/\/kuuloasi.fi\/yhteystiedot\/"]}]},{"@type":"ImageObject","inLanguage":"en-GB","@id":"https:\/\/kuuloasi.fi\/yhteystiedot\/#primaryimage","url":"https:\/\/kuuloasi.fi\/wp-content\/uploads\/2025\/10\/Image-1.jpg","contentUrl":"https:\/\/kuuloasi.fi\/wp-content\/uploads\/2025\/10\/Image-1.jpg"},{"@type":"BreadcrumbList","@id":"https:\/\/kuuloasi.fi\/yhteystiedot\/#breadcrumb","itemListElement":[{"@type":"ListItem","position":1,"name":"Etusivu","item":"https:\/\/kuuloasi.fi\/"},{"@type":"ListItem","position":2,"name":"Yhteystiedot"}]},{"@type":"WebSite","@id":"https:\/\/kuuloasi.fi\/#website","url":"https:\/\/kuuloasi.fi\/","name":"hearing.co.uk","description":"","potentialAction":[{"@type":"SearchAction","target":{"@type":"EntryPoint","urlTemplate":"https:\/\/kuuloasi.fi\/?s={search_term_string}"},"query-input":{"@type":"PropertyValueSpecification","valueRequired":true,"valueName":"search_term_string"}}],"inLanguage":"en-GB"}]}},"_links":{"self":[{"href":"https:\/\/kuuloasi.fi\/en\/wp-json\/wp\/v2\/pages\/914","targetHints":{"allow":["GET"]}}],"collection":[{"href":"https:\/\/kuuloasi.fi\/en\/wp-json\/wp\/v2\/pages"}],"about":[{"href":"https:\/\/kuuloasi.fi\/en\/wp-json\/wp\/v2\/types\/page"}],"author":[{"embeddable":true,"href":"https:\/\/kuuloasi.fi\/en\/wp-json\/wp\/v2\/users\/2"}],"replies":[{"embeddable":true,"href":"https:\/\/kuuloasi.fi\/en\/wp-json\/wp\/v2\/comments?post=914"}],"version-history":[{"count":7,"href":"https:\/\/kuuloasi.fi\/en\/wp-json\/wp\/v2\/pages\/914\/revisions"}],"predecessor-version":[{"id":1068,"href":"https:\/\/kuuloasi.fi\/en\/wp-json\/wp\/v2\/pages\/914\/revisions\/1068"}],"wp:attachment":[{"href":"https:\/\/kuuloasi.fi\/en\/wp-json\/wp\/v2\/media?parent=914"}],"curies":[{"name":"wp","href":"https:\/\/api.w.org\/{rel}","templated":true}]}}