{"id":876,"date":"2025-12-04T12:36:47","date_gmt":"2025-12-04T12:36:47","guid":{"rendered":"https:\/\/kuuloasi.fi\/?page_id=876"},"modified":"2026-01-21T19:44:56","modified_gmt":"2026-01-21T19:44:56","slug":"toimitusehdot","status":"publish","type":"page","link":"https:\/\/kuuloasi.fi\/en\/toimitusehdot\/","title":{"rendered":"Delivery conditions"},"content":{"rendered":"<div data-elementor-type=\"wp-page\" data-elementor-id=\"876\" class=\"elementor elementor-876\" data-elementor-post-type=\"page\">\n\t\t\t\t<div data-particle_enable=\"false\" data-particle-mobile-disabled=\"false\" class=\"elementor-element elementor-element-07e5561 e-con-full e-flex e-con e-parent\" data-id=\"07e5561\" data-element_type=\"container\" data-e-type=\"container\">\n\t\t\t\t<div class=\"elementor-element elementor-element-d95ed56 elementor-widget elementor-widget-heading\" data-id=\"d95ed56\" data-element_type=\"widget\" data-e-type=\"widget\" data-widget_type=\"heading.default\">\n\t\t\t\t\t<h1 class=\"elementor-heading-title elementor-size-default\">Delivery conditions<\/h1>\t\t\t\t<\/div>\n\t\t\t\t<\/div>\n\t\t<div data-particle_enable=\"false\" data-particle-mobile-disabled=\"false\" class=\"elementor-element elementor-element-0250b7e e-con-full e-flex e-con e-parent\" data-id=\"0250b7e\" data-element_type=\"container\" data-e-type=\"container\">\n\t\t\t\t<div class=\"elementor-element elementor-element-227d692 elementor-widget elementor-widget-heading\" data-id=\"227d692\" data-element_type=\"widget\" data-e-type=\"widget\" data-widget_type=\"heading.default\">\n\t\t\t\t\t<h2 class=\"elementor-heading-title elementor-size-default\">General information<\/h2>\t\t\t\t<\/div>\n\t\t\t\t<div class=\"elementor-element elementor-element-e769d35 elementor-widget__width-initial elementor-widget elementor-widget-text-editor\" data-id=\"e769d35\" data-element_type=\"widget\" data-e-type=\"widget\" data-widget_type=\"text-editor.default\">\n\t\t\t\t\t\t\t\t\t<p>Kuuloasi online store, business ID: 2868192-8, address: Harakantie 18; sells products to businesses and adult individuals in the EU. These terms and conditions apply to orders placed in our online shop and to similar deliveries.<\/p><p>These terms and conditions are valid from 21.12.2017. We may unilaterally change our terms of delivery from time to time, so please check our terms of delivery each time you order products from our online store.<\/p>\t\t\t\t\t\t\t\t<\/div>\n\t\t\t\t<div class=\"elementor-element elementor-element-fd1f93e elementor-widget elementor-widget-heading\" data-id=\"fd1f93e\" data-element_type=\"widget\" data-e-type=\"widget\" data-widget_type=\"heading.default\">\n\t\t\t\t\t<h2 class=\"elementor-heading-title elementor-size-default\">Products and product prices\n<\/h2>\t\t\t\t<\/div>\n\t\t\t\t<div class=\"elementor-element elementor-element-ce08336 elementor-widget__width-initial elementor-widget elementor-widget-text-editor\" data-id=\"ce08336\" data-element_type=\"widget\" data-e-type=\"widget\" data-widget_type=\"text-editor.default\">\n\t\t\t\t\t\t\t\t\t<p>The characteristics and prices of the products in the online shop are shown in the product description of each product. We reserve the right to change prices and delivery charges, so please check the prices in your shopping cart before placing an order. The prices of the products , which will be indicated in the shopping cart and in the order confirmation.<\/p>\t\t\t\t\t\t\t\t<\/div>\n\t\t\t\t<div class=\"elementor-element elementor-element-6181b64 elementor-widget elementor-widget-heading\" data-id=\"6181b64\" data-element_type=\"widget\" data-e-type=\"widget\" data-widget_type=\"heading.default\">\n\t\t\t\t\t<h2 class=\"elementor-heading-title elementor-size-default\">Delivery charges\n<\/h2>\t\t\t\t<\/div>\n\t\t\t\t<div class=\"elementor-element elementor-element-03832b8 elementor-widget__width-initial elementor-widget elementor-widget-text-editor\" data-id=\"03832b8\" data-element_type=\"widget\" data-e-type=\"widget\" data-widget_type=\"text-editor.default\">\n\t\t\t\t\t\t\t\t\t<p>Any delivery costs that may be charged for an order depend on the product itself (e.g. weight, packaging) and the delivery method chosen and are automatically added to the total amount of the order. You can see the delivery charges (if any) that will be applied to your order in your shopping cart before you accept the order.<\/p>\t\t\t\t\t\t\t\t<\/div>\n\t\t\t\t<div class=\"elementor-element elementor-element-d94ea1f elementor-widget elementor-widget-heading\" data-id=\"d94ea1f\" data-element_type=\"widget\" data-e-type=\"widget\" data-widget_type=\"heading.default\">\n\t\t\t\t\t<h2 class=\"elementor-heading-title elementor-size-default\">Ordering and contract\n<\/h2>\t\t\t\t<\/div>\n\t\t\t\t<div class=\"elementor-element elementor-element-ccd50d7 elementor-widget__width-initial elementor-widget elementor-widget-text-editor\" data-id=\"ccd50d7\" data-element_type=\"widget\" data-e-type=\"widget\" data-widget_type=\"text-editor.default\">\n\t\t\t\t\t\t\t\t\t<p>You can order products on our online shop website by adding them to your shopping cart, confirming your order and paying for the contents of your shopping cart in the payment service. When ordering from our online store, you are required to have read and agreed to our current delivery terms and conditions. You understand that your order, once accepted and confirmed by us, is binding, except to the extent that the right of withdrawal is mentioned below, and creates a contract with these terms of delivery between us.<\/p>\t\t\t\t\t\t\t\t<\/div>\n\t\t\t\t<div class=\"elementor-element elementor-element-5c9d7e1 elementor-widget elementor-widget-heading\" data-id=\"5c9d7e1\" data-element_type=\"widget\" data-e-type=\"widget\" data-widget_type=\"heading.default\">\n\t\t\t\t\t<h2 class=\"elementor-heading-title elementor-size-default\">Payment and payment methods\n<\/h2>\t\t\t\t<\/div>\n\t\t\t\t<div class=\"elementor-element elementor-element-00f1895 elementor-widget__width-initial elementor-widget elementor-widget-text-editor\" data-id=\"00f1895\" data-element_type=\"widget\" data-e-type=\"widget\" data-widget_type=\"text-editor.default\">\n\t\t\t\t\t\t\t\t\t<p>You can pay for your order using the payment methods described in the online shop and available in the shopping cart.<\/p>\t\t\t\t\t\t\t\t<\/div>\n\t\t\t\t<div class=\"elementor-element elementor-element-1a26a58 elementor-widget elementor-widget-heading\" data-id=\"1a26a58\" data-element_type=\"widget\" data-e-type=\"widget\" data-widget_type=\"heading.default\">\n\t\t\t\t\t<h2 class=\"elementor-heading-title elementor-size-default\">Order and payment confirmation\n<\/h2>\t\t\t\t<\/div>\n\t\t\t\t<div class=\"elementor-element elementor-element-32436fd elementor-widget__width-initial elementor-widget elementor-widget-text-editor\" data-id=\"32436fd\" data-element_type=\"widget\" data-e-type=\"widget\" data-widget_type=\"text-editor.default\">\n\t\t\t\t\t\t\t\t\t<p>After a successful order, an order confirmation email will be sent to your email address, so please provide your email address when you place your order. The order confirmation will also confirm the payment method used.<\/p><p>If for some unexpected reason we are unable to confirm your order, we will notify you by email as soon as possible.<\/p>\t\t\t\t\t\t\t\t<\/div>\n\t\t\t\t<div class=\"elementor-element elementor-element-e05184b elementor-widget elementor-widget-heading\" data-id=\"e05184b\" data-element_type=\"widget\" data-e-type=\"widget\" data-widget_type=\"heading.default\">\n\t\t\t\t\t<h2 class=\"elementor-heading-title elementor-size-default\">Delivery method\n<\/h2>\t\t\t\t<\/div>\n\t\t\t\t<div class=\"elementor-element elementor-element-64beb78 elementor-widget__width-initial elementor-widget elementor-widget-text-editor\" data-id=\"64beb78\" data-element_type=\"widget\" data-e-type=\"widget\" data-widget_type=\"text-editor.default\">\n\t\t\t\t\t\t\t\t\t<p>We will deliver your order using one of the delivery methods listed on our website, which you choose when placing your order.<\/p>\t\t\t\t\t\t\t\t<\/div>\n\t\t\t\t<div class=\"elementor-element elementor-element-f28f2ee elementor-widget elementor-widget-heading\" data-id=\"f28f2ee\" data-element_type=\"widget\" data-e-type=\"widget\" data-widget_type=\"heading.default\">\n\t\t\t\t\t<h2 class=\"elementor-heading-title elementor-size-default\">Delivery time<\/h2>\t\t\t\t<\/div>\n\t\t\t\t<div class=\"elementor-element elementor-element-afed78e elementor-widget__width-initial elementor-widget elementor-widget-text-editor\" data-id=\"afed78e\" data-element_type=\"widget\" data-e-type=\"widget\" data-widget_type=\"text-editor.default\">\n\t\t\t\t\t\t\t\t\t<p>Our most common delivery times to the EU are one day, depending on the order and delivery method. More specific times will be indicated in the product options.<\/p>\t\t\t\t\t\t\t\t<\/div>\n\t\t\t\t<div class=\"elementor-element elementor-element-bb36e58 elementor-widget elementor-widget-heading\" data-id=\"bb36e58\" data-element_type=\"widget\" data-e-type=\"widget\" data-widget_type=\"heading.default\">\n\t\t\t\t\t<h2 class=\"elementor-heading-title elementor-size-default\">Right of withdrawal and refund conditions\n<\/h2>\t\t\t\t<\/div>\n\t\t\t\t<div class=\"elementor-element elementor-element-51e4373 elementor-widget__width-initial elementor-widget elementor-widget-text-editor\" data-id=\"51e4373\" data-element_type=\"widget\" data-e-type=\"widget\" data-widget_type=\"text-editor.default\">\n\t\t\t\t\t\t\t\t\t<p>If you are a consumer, you have the right under the Finnish Consumer Protection Act to cancel your order by notifying us no later than 14 days after receipt of the goods or the last delivery or, in the case of regular deliveries, the first delivery.<\/p><p>\u00a0<\/p><p>Cancellation notice must be made clearly, for example by using our cancellation form, by sending us an email below or by sending us a written notice with the returned goods.<\/p><p>\u00a0<\/p><p>The right of withdrawal applies only and accordingly, the products to be returned must be in their original packaging, unused and well packed for return. If the returned product has been used in breach of the buyer's statutory duty of care, the company is entitled to claim a reduction in value up to the full price of the product plus return costs.<\/p><p>\u00a0<\/p><p>If the transaction is cancelled, the goods must be returned without delay and no later than 14 days after the cancellation notice is given to our Returns Address below. If necessary, the person returning the goods must prove that they were returned within the time limit, for example by means of a return receipt. The returning party must pay the costs of the return. These costs will not be refunded to the returning party.<\/p><p>\u00a0<\/p><p>When returning a delivered order, please include your name and contact details and your account number for a refund.<\/p><p>We will refund the money you have paid for the order without delay in accordance with consumer protection law.<\/p><p>\u00a0<\/p><p>Our return address:<br \/>Listen to your online store<br \/>Harakantie 18 A<br \/>02650 Espoo<br \/>Finland<\/p>\t\t\t\t\t\t\t\t<\/div>\n\t\t\t\t<div class=\"elementor-element elementor-element-9a8ea2c elementor-widget elementor-widget-heading\" data-id=\"9a8ea2c\" data-element_type=\"widget\" data-e-type=\"widget\" data-widget_type=\"heading.default\">\n\t\t\t\t\t<h2 class=\"elementor-heading-title elementor-size-default\">Shipment check, error and problems\n<\/h2>\t\t\t\t<\/div>\n\t\t\t\t<div class=\"elementor-element elementor-element-8284233 elementor-widget__width-initial elementor-widget elementor-widget-text-editor\" data-id=\"8284233\" data-element_type=\"widget\" data-e-type=\"widget\" data-widget_type=\"text-editor.default\">\n\t\t\t\t\t\t\t\t\t<p>Please check the delivery as soon as you receive it. If the product is lost or damaged in transit, or otherwise does not match your order or is faulty, please notify our Customer Service department as soon as possible and within 14 days at the latest, and we will agree how to rectify the fault. In consumer transactions, we comply with the mandatory consumer protection law provisions on liability for defects.<\/p>\t\t\t\t\t\t\t\t<\/div>\n\t\t\t\t<div class=\"elementor-element elementor-element-b1d3f9e elementor-widget elementor-widget-heading\" data-id=\"b1d3f9e\" data-element_type=\"widget\" data-e-type=\"widget\" data-widget_type=\"heading.default\">\n\t\t\t\t\t<h2 class=\"elementor-heading-title elementor-size-default\">Customer service\n<\/h2>\t\t\t\t<\/div>\n\t\t\t\t<div class=\"elementor-element elementor-element-39b71ee elementor-widget__width-initial elementor-widget elementor-widget-text-editor\" data-id=\"39b71ee\" data-element_type=\"widget\" data-e-type=\"widget\" data-widget_type=\"text-editor.default\">\n\t\t\t\t\t\t\t\t\t<p>Our staff will help you with any questions you may have about your order. Please contact us, either by email or telephone:<\/p><p>info@kuuloasi.fi<br \/><a>+358503577727<\/a><\/p>\t\t\t\t\t\t\t\t<\/div>\n\t\t\t\t<div class=\"elementor-element elementor-element-0f7cfe2 elementor-widget elementor-widget-heading\" data-id=\"0f7cfe2\" data-element_type=\"widget\" data-e-type=\"widget\" data-widget_type=\"heading.default\">\n\t\t\t\t\t<h2 class=\"elementor-heading-title elementor-size-default\">Limitation of liability\n<\/h2>\t\t\t\t<\/div>\n\t\t\t\t<div class=\"elementor-element elementor-element-ffa5e5e elementor-widget__width-initial elementor-widget elementor-widget-text-editor\" data-id=\"ffa5e5e\" data-element_type=\"widget\" data-e-type=\"widget\" data-widget_type=\"text-editor.default\">\n\t\t\t\t\t\t\t\t\t<p>Riku Eerikkil\u00e4 asuntosijoitus Oy is not liable for any indirect or direct damage or any other damage related to the order, delivery or product or any of the above, except to the extent that a mandatory provision of the Consumer Protection Act or other mandatory law has provided otherwise with respect to the damage in question.<\/p><p>\u00a0<\/p>\t\t\t\t\t\t\t\t<\/div>\n\t\t\t\t<div class=\"elementor-element elementor-element-f9d8ef2 elementor-widget elementor-widget-heading\" data-id=\"f9d8ef2\" data-element_type=\"widget\" data-e-type=\"widget\" data-widget_type=\"heading.default\">\n\t\t\t\t\t<h2 class=\"elementor-heading-title elementor-size-default\">Disagreements\n\n<\/h2>\t\t\t\t<\/div>\n\t\t\t\t<div class=\"elementor-element elementor-element-151705b elementor-widget__width-initial elementor-widget elementor-widget-text-editor\" data-id=\"151705b\" data-element_type=\"widget\" data-e-type=\"widget\" data-widget_type=\"text-editor.default\">\n\t\t\t\t\t\t\t\t\t<div><p>We aim to resolve any disputes regarding your order by agreement in the first instance, so please contact our Customer Service team in the first instance to settle the matter.<\/p><p>If a dispute over a commercial contract cannot be resolved by negotiation between the parties, the consumer can take the matter to the Consumer Disputes Board (<a href=\"http:\/\/www.kuluttajariita.fi\/\" data-link-type=\"external\" data-type=\"linkpicker\">www.kuluttajariita.fi<\/a>). Before taking the matter to the Consumer Disputes Board, the consumer should contact the Consumer Advisory Service of the Local Register Offices (<a href=\"http:\/\/www.kuluttajaneuvonta.fi\/\" data-link-type=\"external\" data-type=\"linkpicker\">www.kuluttajaneuvonta.fi<\/a>).<\/p><\/div>\t\t\t\t\t\t\t\t<\/div>\n\t\t\t\t<\/div>\n\t\t\t\t<\/div>","protected":false},"excerpt":{"rendered":"<p>Toimitusehdot Yleist\u00e4 Kuuloasi verkkokauppa, y-tunnus: 2868192-8, osoite: Harakantie 18;\u00a0myy tuotteita yrityksille ja t\u00e4ysi-ik\u00e4isille yksityishenkil\u00f6ille\u00a0EU-alueelle. N\u00e4m\u00e4 toimitusehdot soveltuvat tuotteiden tilaamiseen verkkokaupassamme sek\u00e4 vastaaviin toimituksiin. N\u00e4m\u00e4 toimitusehtomme ovat voimassa 21.12.2017 alkaen. Voimme muuttaa toimitusehtoja yksipuolisesti aika ajoin, joten tutustuthan toimitusehtoihimme joka kerta etuk\u00e4teen kun tilaat tuotteita verkkokaupastamme. Tuotteet ja tuotehinnat Verkkokaupan tuotteiden ominaisuudet ja hinnat on esitetty [&hellip;]<\/p>\n","protected":false},"author":2,"featured_media":0,"parent":0,"menu_order":0,"comment_status":"closed","ping_status":"closed","template":"","meta":{"_acf_changed":false,"footnotes":""},"class_list":["post-876","page","type-page","status-publish","hentry"],"acf":[],"yoast_head":"<!-- This site is optimized with the Yoast SEO plugin v27.4 - https:\/\/yoast.com\/product\/yoast-seo-wordpress\/ -->\n<title>Toimitusehdot - Kuuloasi.fi<\/title>\n<meta name=\"description\" content=\"Tutustu Kuuloasi.fi -verkkokaupan toimitusehtoihin.\" \/>\n<meta name=\"robots\" content=\"index, follow, max-snippet:-1, max-image-preview:large, max-video-preview:-1\" \/>\n<link rel=\"canonical\" href=\"https:\/\/kuuloasi.fi\/en\/toimitusehdot\/\" \/>\n<meta property=\"og:locale\" content=\"en_GB\" \/>\n<meta property=\"og:type\" content=\"article\" \/>\n<meta property=\"og:title\" content=\"Toimitusehdot - Kuuloasi.fi\" \/>\n<meta property=\"og:description\" content=\"Tutustu Kuuloasi.fi -verkkokaupan toimitusehtoihin.\" \/>\n<meta property=\"og:url\" content=\"https:\/\/kuuloasi.fi\/en\/toimitusehdot\/\" \/>\n<meta property=\"og:site_name\" content=\"kuuloasi.fi\" \/>\n<meta property=\"article:modified_time\" content=\"2026-01-21T19:44:56+00:00\" \/>\n<meta name=\"twitter:card\" content=\"summary_large_image\" \/>\n<meta name=\"twitter:label1\" content=\"Estimated reading time\" \/>\n\t<meta name=\"twitter:data1\" content=\"4 minutes\" \/>\n<script type=\"application\/ld+json\" class=\"yoast-schema-graph\">{\"@context\":\"https:\\\/\\\/schema.org\",\"@graph\":[{\"@type\":\"WebPage\",\"@id\":\"https:\\\/\\\/kuuloasi.fi\\\/toimitusehdot\\\/\",\"url\":\"https:\\\/\\\/kuuloasi.fi\\\/toimitusehdot\\\/\",\"name\":\"Toimitusehdot - Kuuloasi.fi\",\"isPartOf\":{\"@id\":\"https:\\\/\\\/kuuloasi.fi\\\/#website\"},\"datePublished\":\"2025-12-04T12:36:47+00:00\",\"dateModified\":\"2026-01-21T19:44:56+00:00\",\"description\":\"Tutustu Kuuloasi.fi -verkkokaupan toimitusehtoihin.\",\"breadcrumb\":{\"@id\":\"https:\\\/\\\/kuuloasi.fi\\\/toimitusehdot\\\/#breadcrumb\"},\"inLanguage\":\"en-GB\",\"potentialAction\":[{\"@type\":\"ReadAction\",\"target\":[\"https:\\\/\\\/kuuloasi.fi\\\/toimitusehdot\\\/\"]}]},{\"@type\":\"BreadcrumbList\",\"@id\":\"https:\\\/\\\/kuuloasi.fi\\\/toimitusehdot\\\/#breadcrumb\",\"itemListElement\":[{\"@type\":\"ListItem\",\"position\":1,\"name\":\"Etusivu\",\"item\":\"https:\\\/\\\/kuuloasi.fi\\\/\"},{\"@type\":\"ListItem\",\"position\":2,\"name\":\"Toimitusehdot\"}]},{\"@type\":\"WebSite\",\"@id\":\"https:\\\/\\\/kuuloasi.fi\\\/#website\",\"url\":\"https:\\\/\\\/kuuloasi.fi\\\/\",\"name\":\"kuuloasi.fi\",\"description\":\"\",\"potentialAction\":[{\"@type\":\"SearchAction\",\"target\":{\"@type\":\"EntryPoint\",\"urlTemplate\":\"https:\\\/\\\/kuuloasi.fi\\\/?s={search_term_string}\"},\"query-input\":{\"@type\":\"PropertyValueSpecification\",\"valueRequired\":true,\"valueName\":\"search_term_string\"}}],\"inLanguage\":\"en-GB\"}]}<\/script>\n<!-- \/ Yoast SEO plugin. -->","yoast_head_json":{"title":"Toimitusehdot - Kuuloasi.fi","description":"Tutustu Kuuloasi.fi -verkkokaupan toimitusehtoihin.","robots":{"index":"index","follow":"follow","max-snippet":"max-snippet:-1","max-image-preview":"max-image-preview:large","max-video-preview":"max-video-preview:-1"},"canonical":"https:\/\/kuuloasi.fi\/en\/toimitusehdot\/","og_locale":"en_GB","og_type":"article","og_title":"Toimitusehdot - Kuuloasi.fi","og_description":"Tutustu Kuuloasi.fi -verkkokaupan toimitusehtoihin.","og_url":"https:\/\/kuuloasi.fi\/en\/toimitusehdot\/","og_site_name":"kuuloasi.fi","article_modified_time":"2026-01-21T19:44:56+00:00","twitter_card":"summary_large_image","twitter_misc":{"Estimated reading time":"4 minutes"},"schema":{"@context":"https:\/\/schema.org","@graph":[{"@type":"WebPage","@id":"https:\/\/kuuloasi.fi\/toimitusehdot\/","url":"https:\/\/kuuloasi.fi\/toimitusehdot\/","name":"Toimitusehdot - Kuuloasi.fi","isPartOf":{"@id":"https:\/\/kuuloasi.fi\/#website"},"datePublished":"2025-12-04T12:36:47+00:00","dateModified":"2026-01-21T19:44:56+00:00","description":"Tutustu Kuuloasi.fi -verkkokaupan toimitusehtoihin.","breadcrumb":{"@id":"https:\/\/kuuloasi.fi\/toimitusehdot\/#breadcrumb"},"inLanguage":"en-GB","potentialAction":[{"@type":"ReadAction","target":["https:\/\/kuuloasi.fi\/toimitusehdot\/"]}]},{"@type":"BreadcrumbList","@id":"https:\/\/kuuloasi.fi\/toimitusehdot\/#breadcrumb","itemListElement":[{"@type":"ListItem","position":1,"name":"Etusivu","item":"https:\/\/kuuloasi.fi\/"},{"@type":"ListItem","position":2,"name":"Toimitusehdot"}]},{"@type":"WebSite","@id":"https:\/\/kuuloasi.fi\/#website","url":"https:\/\/kuuloasi.fi\/","name":"hearing.co.uk","description":"","potentialAction":[{"@type":"SearchAction","target":{"@type":"EntryPoint","urlTemplate":"https:\/\/kuuloasi.fi\/?s={search_term_string}"},"query-input":{"@type":"PropertyValueSpecification","valueRequired":true,"valueName":"search_term_string"}}],"inLanguage":"en-GB"}]}},"_links":{"self":[{"href":"https:\/\/kuuloasi.fi\/en\/wp-json\/wp\/v2\/pages\/876","targetHints":{"allow":["GET"]}}],"collection":[{"href":"https:\/\/kuuloasi.fi\/en\/wp-json\/wp\/v2\/pages"}],"about":[{"href":"https:\/\/kuuloasi.fi\/en\/wp-json\/wp\/v2\/types\/page"}],"author":[{"embeddable":true,"href":"https:\/\/kuuloasi.fi\/en\/wp-json\/wp\/v2\/users\/2"}],"replies":[{"embeddable":true,"href":"https:\/\/kuuloasi.fi\/en\/wp-json\/wp\/v2\/comments?post=876"}],"version-history":[{"count":10,"href":"https:\/\/kuuloasi.fi\/en\/wp-json\/wp\/v2\/pages\/876\/revisions"}],"predecessor-version":[{"id":1152,"href":"https:\/\/kuuloasi.fi\/en\/wp-json\/wp\/v2\/pages\/876\/revisions\/1152"}],"wp:attachment":[{"href":"https:\/\/kuuloasi.fi\/en\/wp-json\/wp\/v2\/media?parent=876"}],"curies":[{"name":"wp","href":"https:\/\/api.w.org\/{rel}","templated":true}]}}