{"id":406,"date":"2025-11-25T14:18:30","date_gmt":"2025-11-25T14:18:30","guid":{"rendered":"https:\/\/kuuloasi.fi\/?page_id=406"},"modified":"2026-01-21T19:43:13","modified_gmt":"2026-01-21T19:43:13","slug":"tietopankki","status":"publish","type":"page","link":"https:\/\/kuuloasi.fi\/en\/tietopankki\/","title":{"rendered":"Good to know"},"content":{"rendered":"<div data-elementor-type=\"wp-page\" data-elementor-id=\"406\" class=\"elementor elementor-406\" data-elementor-post-type=\"page\">\n\t\t\t\t<div data-particle_enable=\"false\" data-particle-mobile-disabled=\"false\" class=\"elementor-element elementor-element-bad67c9 e-con-full e-flex e-con e-parent\" data-id=\"bad67c9\" data-element_type=\"container\" data-e-type=\"container\">\n\t\t\t\t<div class=\"elementor-element elementor-element-d36d217 elementor-widget elementor-widget-heading\" data-id=\"d36d217\" data-element_type=\"widget\" data-e-type=\"widget\" data-widget_type=\"heading.default\">\n\t\t\t\t\t<h2 class=\"elementor-heading-title elementor-size-default\">Good to know<\/h2>\t\t\t\t<\/div>\n\t\t\t\t<div class=\"elementor-element elementor-element-31733ca elementor-widget__width-initial elementor-widget elementor-widget-text-editor\" data-id=\"31733ca\" data-element_type=\"widget\" data-e-type=\"widget\" data-widget_type=\"text-editor.default\">\n\t\t\t\t\t\t\t\t\t<div class=\"BannerTextContent\"><p>With careful and regular care of your hearing aid, even the brightest soprano and the darkest tenor will stand out! In addition to opera performances, maintaining your hearing aids will extend the life of your hearing aid and improve your listening experience. On this page you will find tips on how to care for and maintain your hearing aids.<\/p><\/div>\t\t\t\t\t\t\t\t<\/div>\n\t\t\t\t<div class=\"elementor-element elementor-element-e151dde elementor-grid-4 elementor-grid-tablet-2 elementor-grid-mobile-1 elementor-posts--thumbnail-top elementor-widget elementor-widget-posts\" data-id=\"e151dde\" data-element_type=\"widget\" data-e-type=\"widget\" data-settings=\"{&quot;classic_row_gap&quot;:{&quot;unit&quot;:&quot;px&quot;,&quot;size&quot;:20,&quot;sizes&quot;:[]},&quot;classic_columns&quot;:&quot;4&quot;,&quot;classic_columns_tablet&quot;:&quot;2&quot;,&quot;classic_columns_mobile&quot;:&quot;1&quot;,&quot;classic_row_gap_laptop&quot;:{&quot;unit&quot;:&quot;px&quot;,&quot;size&quot;:&quot;&quot;,&quot;sizes&quot;:[]},&quot;classic_row_gap_tablet&quot;:{&quot;unit&quot;:&quot;px&quot;,&quot;size&quot;:&quot;&quot;,&quot;sizes&quot;:[]},&quot;classic_row_gap_mobile&quot;:{&quot;unit&quot;:&quot;px&quot;,&quot;size&quot;:&quot;&quot;,&quot;sizes&quot;:[]}}\" data-widget_type=\"posts.classic\">\n\t\t\t\t<div class=\"elementor-widget-container\">\n\t\t\t\t\t\t\t<div class=\"elementor-posts-container elementor-posts elementor-posts--skin-classic elementor-grid\" role=\"list\">\n\t\t\t\t<article class=\"elementor-post elementor-grid-item post-1925 post type-post status-publish format-standard has-post-thumbnail hentry category-tietopankki\" role=\"listitem\">\n\t\t\t\t<a class=\"elementor-post__thumbnail__link\" href=\"https:\/\/kuuloasi.fi\/en\/2026\/03\/avainlippumerkki\/\" tabindex=\"-1\" >\n\t\t\t<div class=\"elementor-post__thumbnail\"><img fetchpriority=\"high\" decoding=\"async\" width=\"768\" height=\"745\" src=\"https:\/\/kuuloasi.fi\/wp-content\/uploads\/2026\/03\/Avainlippu-768x745.png\" class=\"attachment-medium_large size-medium_large wp-image-1930\" alt=\"\" srcset=\"https:\/\/kuuloasi.fi\/wp-content\/uploads\/2026\/03\/Avainlippu-768x745.png 768w, https:\/\/kuuloasi.fi\/wp-content\/uploads\/2026\/03\/Avainlippu-300x291.png 300w, https:\/\/kuuloasi.fi\/wp-content\/uploads\/2026\/03\/Avainlippu-1024x993.png 1024w, https:\/\/kuuloasi.fi\/wp-content\/uploads\/2026\/03\/Avainlippu-12x12.png 12w, https:\/\/kuuloasi.fi\/wp-content\/uploads\/2026\/03\/Avainlippu-512x497.png 512w, https:\/\/kuuloasi.fi\/wp-content\/uploads\/2026\/03\/Avainlippu.png 1204w\" sizes=\"(max-width: 768px) 100vw, 768px\" \/><\/div>\n\t\t<\/a>\n\t\t\t\t<div class=\"elementor-post__text\">\n\t\t\t\t<h3 class=\"elementor-post__title\">\n\t\t\t<a href=\"https:\/\/kuuloasi.fi\/en\/2026\/03\/avainlippumerkki\/\" >\n\t\t\t\tKuuloasi.fi and Key Ticket\t\t\t<\/a>\n\t\t<\/h3>\n\t\t\t\t<div class=\"elementor-post__meta-data\">\n\t\t\t\t\t<span class=\"elementor-post-date\">\n\t\t\tMarch 2, 2026\t\t<\/span>\n\t\t\t\t<\/div>\n\t\t\t\t<div class=\"elementor-post__excerpt\">\n\t\t\t<p>The key flag mark is a Finnish registered trademark of origin granted by the Association for Finnish Work (STL), which symbolises Finnish manufacturing and employment.  Key flag mark<\/p>\n\t\t<\/div>\n\t\t\t\t\t<div class=\"elementor-post__read-more-wrapper\">\n\t\t\n\t\t<a class=\"elementor-post__read-more\" href=\"https:\/\/kuuloasi.fi\/en\/2026\/03\/avainlippumerkki\/\" aria-label=\"Read more about Kuuloasi.fi ja Avainlippu\" tabindex=\"-1\" >\n\t\t\t. . . Read more\t\t<\/a>\n\n\t\t\t\t\t<\/div>\n\t\t\t\t<\/div>\n\t\t\t\t<\/article>\n\t\t\t\t<article class=\"elementor-post elementor-grid-item post-387 post type-post status-publish format-standard has-post-thumbnail hentry category-tietopankki tag-apuvalinepalvelu tag-kuulostudio tag-yhteistyokumppani\" role=\"listitem\">\n\t\t\t\t<a class=\"elementor-post__thumbnail__link\" href=\"https:\/\/kuuloasi.fi\/en\/2025\/11\/yhteistyokumppanimme\/\" tabindex=\"-1\" >\n\t\t\t<div class=\"elementor-post__thumbnail\"><img decoding=\"async\" width=\"512\" height=\"512\" src=\"https:\/\/kuuloasi.fi\/wp-content\/uploads\/2025\/10\/cropped-Kuuloasi_favicon.png\" class=\"attachment-medium_large size-medium_large wp-image-123\" alt=\"\" srcset=\"https:\/\/kuuloasi.fi\/wp-content\/uploads\/2025\/10\/cropped-Kuuloasi_favicon.png 512w, https:\/\/kuuloasi.fi\/wp-content\/uploads\/2025\/10\/cropped-Kuuloasi_favicon-300x300.png 300w, https:\/\/kuuloasi.fi\/wp-content\/uploads\/2025\/10\/cropped-Kuuloasi_favicon-150x150.png 150w, https:\/\/kuuloasi.fi\/wp-content\/uploads\/2025\/10\/cropped-Kuuloasi_favicon-100x100.png 100w, https:\/\/kuuloasi.fi\/wp-content\/uploads\/2025\/10\/cropped-Kuuloasi_favicon-270x270.png 270w, https:\/\/kuuloasi.fi\/wp-content\/uploads\/2025\/10\/cropped-Kuuloasi_favicon-192x192.png 192w, https:\/\/kuuloasi.fi\/wp-content\/uploads\/2025\/10\/cropped-Kuuloasi_favicon-180x180.png 180w, https:\/\/kuuloasi.fi\/wp-content\/uploads\/2025\/10\/cropped-Kuuloasi_favicon-32x32.png 32w\" sizes=\"(max-width: 512px) 100vw, 512px\" \/><\/div>\n\t\t<\/a>\n\t\t\t\t<div class=\"elementor-post__text\">\n\t\t\t\t<h3 class=\"elementor-post__title\">\n\t\t\t<a href=\"https:\/\/kuuloasi.fi\/en\/2025\/11\/yhteistyokumppanimme\/\" >\n\t\t\t\tOur partners\t\t\t<\/a>\n\t\t<\/h3>\n\t\t\t\t<div class=\"elementor-post__meta-data\">\n\t\t\t\t\t<span class=\"elementor-post-date\">\n\t\t\tNovember 25, 2025\t\t<\/span>\n\t\t\t\t<\/div>\n\t\t\t\t<div class=\"elementor-post__excerpt\">\n\t\t\t<p>Hearing and Assistive Technology Vantaa Silkkitehtaantie 5 C, 2nd floor, 01300 Vantaa Telelin 045 232 7570 Business ID 2235743-0 www.kuulojaapuvalinepalvelu.fi<\/p>\n\t\t<\/div>\n\t\t\t\t\t<div class=\"elementor-post__read-more-wrapper\">\n\t\t\n\t\t<a class=\"elementor-post__read-more\" href=\"https:\/\/kuuloasi.fi\/en\/2025\/11\/yhteistyokumppanimme\/\" aria-label=\"Read more about Our partners\" tabindex=\"-1\" >\n\t\t\t. . . Read more\t\t<\/a>\n\n\t\t\t\t\t<\/div>\n\t\t\t\t<\/div>\n\t\t\t\t<\/article>\n\t\t\t\t<article class=\"elementor-post elementor-grid-item post-384 post type-post status-publish format-standard has-post-thumbnail hentry category-tietopankki tag-kuulokojeen-huoltaminen tag-kuulokojeen-puhdistus tag-kuulolaitteen-huolto\" role=\"listitem\">\n\t\t\t\t<a class=\"elementor-post__thumbnail__link\" href=\"https:\/\/kuuloasi.fi\/en\/2025\/11\/vinkkeja-kuulolaitteen-puhdistukseen\/\" tabindex=\"-1\" >\n\t\t\t<div class=\"elementor-post__thumbnail\"><img decoding=\"async\" width=\"500\" height=\"500\" src=\"https:\/\/kuuloasi.fi\/wp-content\/uploads\/2025\/11\/82400_eT2-500x500_ml.jpg\" class=\"attachment-medium_large size-medium_large wp-image-385\" alt=\"\" srcset=\"https:\/\/kuuloasi.fi\/wp-content\/uploads\/2025\/11\/82400_eT2-500x500_ml.jpg 500w, https:\/\/kuuloasi.fi\/wp-content\/uploads\/2025\/11\/82400_eT2-500x500_ml-300x300.jpg 300w, https:\/\/kuuloasi.fi\/wp-content\/uploads\/2025\/11\/82400_eT2-500x500_ml-150x150.jpg 150w, https:\/\/kuuloasi.fi\/wp-content\/uploads\/2025\/11\/82400_eT2-500x500_ml-100x100.jpg 100w\" sizes=\"(max-width: 500px) 100vw, 500px\" \/><\/div>\n\t\t<\/a>\n\t\t\t\t<div class=\"elementor-post__text\">\n\t\t\t\t<h3 class=\"elementor-post__title\">\n\t\t\t<a href=\"https:\/\/kuuloasi.fi\/en\/2025\/11\/vinkkeja-kuulolaitteen-puhdistukseen\/\" >\n\t\t\t\tTips for cleaning your hearing aid\t\t\t<\/a>\n\t\t<\/h3>\n\t\t\t\t<div class=\"elementor-post__meta-data\">\n\t\t\t\t\t<span class=\"elementor-post-date\">\n\t\t\tNovember 25, 2025\t\t<\/span>\n\t\t\t\t<\/div>\n\t\t\t\t<div class=\"elementor-post__excerpt\">\n\t\t\t<p>The cleaning of hearing aids is a significant part of hearing aid maintenance and upkeep. We Hear offers a range of Cedis assistive devices for hearing aid cleaning, which<\/p>\n\t\t<\/div>\n\t\t\t\t\t<div class=\"elementor-post__read-more-wrapper\">\n\t\t\n\t\t<a class=\"elementor-post__read-more\" href=\"https:\/\/kuuloasi.fi\/en\/2025\/11\/vinkkeja-kuulolaitteen-puhdistukseen\/\" aria-label=\"Read more about Tips for cleaning your hearing aids\" tabindex=\"-1\" >\n\t\t\t. . . Read more\t\t<\/a>\n\n\t\t\t\t\t<\/div>\n\t\t\t\t<\/div>\n\t\t\t\t<\/article>\n\t\t\t\t<article class=\"elementor-post elementor-grid-item post-382 post type-post status-publish format-standard has-post-thumbnail hentry category-tietopankki tag-avoin-tippi tag-kuulokojeen-tippit tag-kuulolaitteen-huolto tag-suljettu-tippi tag-tippi\" role=\"listitem\">\n\t\t\t\t<a class=\"elementor-post__thumbnail__link\" href=\"https:\/\/kuuloasi.fi\/en\/2025\/11\/kuulolaitteiden-tipit\/\" tabindex=\"-1\" >\n\t\t\t<div class=\"elementor-post__thumbnail\"><img loading=\"lazy\" decoding=\"async\" width=\"500\" height=\"500\" src=\"https:\/\/kuuloasi.fi\/wp-content\/uploads\/2025\/11\/Marvel-m-power-500x500_ml.png\" class=\"attachment-medium_large size-medium_large wp-image-358\" alt=\"\" srcset=\"https:\/\/kuuloasi.fi\/wp-content\/uploads\/2025\/11\/Marvel-m-power-500x500_ml.png 500w, https:\/\/kuuloasi.fi\/wp-content\/uploads\/2025\/11\/Marvel-m-power-500x500_ml-300x300.png 300w, https:\/\/kuuloasi.fi\/wp-content\/uploads\/2025\/11\/Marvel-m-power-500x500_ml-150x150.png 150w, https:\/\/kuuloasi.fi\/wp-content\/uploads\/2025\/11\/Marvel-m-power-500x500_ml-100x100.png 100w\" sizes=\"(max-width: 500px) 100vw, 500px\" \/><\/div>\n\t\t<\/a>\n\t\t\t\t<div class=\"elementor-post__text\">\n\t\t\t\t<h3 class=\"elementor-post__title\">\n\t\t\t<a href=\"https:\/\/kuuloasi.fi\/en\/2025\/11\/kuulolaitteiden-tipit\/\" >\n\t\t\t\tHearing aid tips\t\t\t<\/a>\n\t\t<\/h3>\n\t\t\t\t<div class=\"elementor-post__meta-data\">\n\t\t\t\t\t<span class=\"elementor-post-date\">\n\t\t\tNovember 25, 2025\t\t<\/span>\n\t\t\t\t<\/div>\n\t\t\t\t<div class=\"elementor-post__excerpt\">\n\t\t\t<p>The hearing aid drop is a disposable earpiece that helps the hearing aid to fit comfortably in the ear. The tip is inserted either into the thin tube of the device or<\/p>\n\t\t<\/div>\n\t\t\t\t\t<div class=\"elementor-post__read-more-wrapper\">\n\t\t\n\t\t<a class=\"elementor-post__read-more\" href=\"https:\/\/kuuloasi.fi\/en\/2025\/11\/kuulolaitteiden-tipit\/\" aria-label=\"Read more about Hearing aid tips\" tabindex=\"-1\" >\n\t\t\t. . . Read more\t\t<\/a>\n\n\t\t\t\t\t<\/div>\n\t\t\t\t<\/div>\n\t\t\t\t<\/article>\n\t\t\t\t<article class=\"elementor-post elementor-grid-item post-380 post type-post status-publish format-standard has-post-thumbnail hentry category-tietopankki tag-kuulokojeen-huoltaminen tag-kuulolaitteen-huolto tag-vahasuoja\" role=\"listitem\">\n\t\t\t\t<a class=\"elementor-post__thumbnail__link\" href=\"https:\/\/kuuloasi.fi\/en\/2025\/11\/kuulolaitteiden-vahasuojat\/\" tabindex=\"-1\" >\n\t\t\t<div class=\"elementor-post__thumbnail\"><img loading=\"lazy\" decoding=\"async\" width=\"300\" height=\"300\" src=\"https:\/\/kuuloasi.fi\/wp-content\/uploads\/2025\/11\/cerustop-wax-guards.jpg\" class=\"attachment-medium_large size-medium_large wp-image-357\" alt=\"\" srcset=\"https:\/\/kuuloasi.fi\/wp-content\/uploads\/2025\/11\/cerustop-wax-guards.jpg 300w, https:\/\/kuuloasi.fi\/wp-content\/uploads\/2025\/11\/cerustop-wax-guards-150x150.jpg 150w, https:\/\/kuuloasi.fi\/wp-content\/uploads\/2025\/11\/cerustop-wax-guards-100x100.jpg 100w\" sizes=\"(max-width: 300px) 100vw, 300px\" \/><\/div>\n\t\t<\/a>\n\t\t\t\t<div class=\"elementor-post__text\">\n\t\t\t\t<h3 class=\"elementor-post__title\">\n\t\t\t<a href=\"https:\/\/kuuloasi.fi\/en\/2025\/11\/kuulolaitteiden-vahasuojat\/\" >\n\t\t\t\tWax protectors for hearing aids\t\t\t<\/a>\n\t\t<\/h3>\n\t\t\t\t<div class=\"elementor-post__meta-data\">\n\t\t\t\t\t<span class=\"elementor-post-date\">\n\t\t\tNovember 25, 2025\t\t<\/span>\n\t\t\t\t<\/div>\n\t\t\t\t<div class=\"elementor-post__excerpt\">\n\t\t\t<p>The hearing aid wax guard, as the name suggests, helps ensure that the device does not break due to wax build-up in the ear. Wax build-up in the ear is<\/p>\n\t\t<\/div>\n\t\t\t\t\t<div class=\"elementor-post__read-more-wrapper\">\n\t\t\n\t\t<a class=\"elementor-post__read-more\" href=\"https:\/\/kuuloasi.fi\/en\/2025\/11\/kuulolaitteiden-vahasuojat\/\" aria-label=\"Read more about Hearing aid wax protectors\" tabindex=\"-1\" >\n\t\t\t. . . Read more\t\t<\/a>\n\n\t\t\t\t\t<\/div>\n\t\t\t\t<\/div>\n\t\t\t\t<\/article>\n\t\t\t\t<article class=\"elementor-post elementor-grid-item post-377 post type-post status-publish format-standard has-post-thumbnail hentry category-tietopankki tag-kuulokoje tag-kuulokojeen-valiletku tag-kuulolaite tag-valiletku\" role=\"listitem\">\n\t\t\t\t<a class=\"elementor-post__thumbnail__link\" href=\"https:\/\/kuuloasi.fi\/en\/2025\/11\/kuulokojeen-valiletku\/\" tabindex=\"-1\" >\n\t\t\t<div class=\"elementor-post__thumbnail\"><img loading=\"lazy\" decoding=\"async\" width=\"228\" height=\"228\" src=\"https:\/\/kuuloasi.fi\/wp-content\/uploads\/2025\/11\/vaeliletku-228x228-1.jpg\" class=\"attachment-medium_large size-medium_large wp-image-378\" alt=\"\" srcset=\"https:\/\/kuuloasi.fi\/wp-content\/uploads\/2025\/11\/vaeliletku-228x228-1.jpg 228w, https:\/\/kuuloasi.fi\/wp-content\/uploads\/2025\/11\/vaeliletku-228x228-1-150x150.jpg 150w, https:\/\/kuuloasi.fi\/wp-content\/uploads\/2025\/11\/vaeliletku-228x228-1-100x100.jpg 100w\" sizes=\"(max-width: 228px) 100vw, 228px\" \/><\/div>\n\t\t<\/a>\n\t\t\t\t<div class=\"elementor-post__text\">\n\t\t\t\t<h3 class=\"elementor-post__title\">\n\t\t\t<a href=\"https:\/\/kuuloasi.fi\/en\/2025\/11\/kuulokojeen-valiletku\/\" >\n\t\t\t\tHearing aid intermediate tube\t\t\t<\/a>\n\t\t<\/h3>\n\t\t\t\t<div class=\"elementor-post__meta-data\">\n\t\t\t\t\t<span class=\"elementor-post-date\">\n\t\t\tNovember 25, 2025\t\t<\/span>\n\t\t\t\t<\/div>\n\t\t\t\t<div class=\"elementor-post__excerpt\">\n\t\t\t<p>Regularly changing your hearing aid's intermediate tube will keep your hearing aid clean and hygienic. We have a 40 centimetre long intermediate hose to fit all brands of hearing aids.<\/p>\n\t\t<\/div>\n\t\t\t\t\t<div class=\"elementor-post__read-more-wrapper\">\n\t\t\n\t\t<a class=\"elementor-post__read-more\" href=\"https:\/\/kuuloasi.fi\/en\/2025\/11\/kuulokojeen-valiletku\/\" aria-label=\"Read more about Kuulokojeen v\u00e4liletku\" tabindex=\"-1\" >\n\t\t\t. . . Read more\t\t<\/a>\n\n\t\t\t\t\t<\/div>\n\t\t\t\t<\/div>\n\t\t\t\t<\/article>\n\t\t\t\t<article class=\"elementor-post elementor-grid-item post-374 post type-post status-publish format-standard has-post-thumbnail hentry category-tietopankki tag-kuulokojeiden-paristot tag-kuulolaitteen-paristo tag-pariston-koko\" role=\"listitem\">\n\t\t\t\t<a class=\"elementor-post__thumbnail__link\" href=\"https:\/\/kuuloasi.fi\/en\/2025\/11\/kuulolaitteiden-paristojen-koot\/\" tabindex=\"-1\" >\n\t\t\t<div class=\"elementor-post__thumbnail\"><img loading=\"lazy\" decoding=\"async\" width=\"493\" height=\"202\" src=\"https:\/\/kuuloasi.fi\/wp-content\/uploads\/2025\/11\/Duracell1.png\" class=\"attachment-medium_large size-medium_large wp-image-375\" alt=\"\" srcset=\"https:\/\/kuuloasi.fi\/wp-content\/uploads\/2025\/11\/Duracell1.png 493w, https:\/\/kuuloasi.fi\/wp-content\/uploads\/2025\/11\/Duracell1-300x123.png 300w\" sizes=\"(max-width: 493px) 100vw, 493px\" \/><\/div>\n\t\t<\/a>\n\t\t\t\t<div class=\"elementor-post__text\">\n\t\t\t\t<h3 class=\"elementor-post__title\">\n\t\t\t<a href=\"https:\/\/kuuloasi.fi\/en\/2025\/11\/kuulolaitteiden-paristojen-koot\/\" >\n\t\t\t\tHearing aid battery sizes\t\t\t<\/a>\n\t\t<\/h3>\n\t\t\t\t<div class=\"elementor-post__meta-data\">\n\t\t\t\t\t<span class=\"elementor-post-date\">\n\t\t\tNovember 25, 2025\t\t<\/span>\n\t\t\t\t<\/div>\n\t\t\t\t<div class=\"elementor-post__excerpt\">\n\t\t\t<p>There are four different sizes of hearing aid batteries. You can find the right size for you by looking at the current battery in your hearing aid, which has<\/p>\n\t\t<\/div>\n\t\t\t\t\t<div class=\"elementor-post__read-more-wrapper\">\n\t\t\n\t\t<a class=\"elementor-post__read-more\" href=\"https:\/\/kuuloasi.fi\/en\/2025\/11\/kuulolaitteiden-paristojen-koot\/\" aria-label=\"Read more about Kuulolaitteiden paristojen koot\" tabindex=\"-1\" >\n\t\t\t. . . Read more\t\t<\/a>\n\n\t\t\t\t\t<\/div>\n\t\t\t\t<\/div>\n\t\t\t\t<\/article>\n\t\t\t\t<article class=\"elementor-post elementor-grid-item post-372 post type-post status-publish format-standard has-post-thumbnail hentry category-tietopankki tag-kuulokojeiden-paristot tag-kuulolaitteen-patterit tag-paristot tag-patterit\" role=\"listitem\">\n\t\t\t\t<a class=\"elementor-post__thumbnail__link\" href=\"https:\/\/kuuloasi.fi\/en\/2025\/11\/kuulokojeiden-paristot\/\" tabindex=\"-1\" >\n\t\t\t<div class=\"elementor-post__thumbnail\"><img loading=\"lazy\" decoding=\"async\" width=\"768\" height=\"768\" src=\"https:\/\/kuuloasi.fi\/wp-content\/uploads\/2025\/11\/Duracell-kuulokojeparisto-768x768.jpg\" class=\"attachment-medium_large size-medium_large wp-image-292\" alt=\"Kuulokojeen paristot\" srcset=\"https:\/\/kuuloasi.fi\/wp-content\/uploads\/2025\/11\/Duracell-kuulokojeparisto-768x768.jpg 768w, https:\/\/kuuloasi.fi\/wp-content\/uploads\/2025\/11\/Duracell-kuulokojeparisto-300x300.jpg 300w, https:\/\/kuuloasi.fi\/wp-content\/uploads\/2025\/11\/Duracell-kuulokojeparisto-150x150.jpg 150w, https:\/\/kuuloasi.fi\/wp-content\/uploads\/2025\/11\/Duracell-kuulokojeparisto-512x512.jpg 512w, https:\/\/kuuloasi.fi\/wp-content\/uploads\/2025\/11\/Duracell-kuulokojeparisto-100x100.jpg 100w, https:\/\/kuuloasi.fi\/wp-content\/uploads\/2025\/11\/Duracell-kuulokojeparisto.jpg 800w\" sizes=\"(max-width: 768px) 100vw, 768px\" \/><\/div>\n\t\t<\/a>\n\t\t\t\t<div class=\"elementor-post__text\">\n\t\t\t\t<h3 class=\"elementor-post__title\">\n\t\t\t<a href=\"https:\/\/kuuloasi.fi\/en\/2025\/11\/kuulokojeiden-paristot\/\" >\n\t\t\t\tHearing aid batteries\t\t\t<\/a>\n\t\t<\/h3>\n\t\t\t\t<div class=\"elementor-post__meta-data\">\n\t\t\t\t\t<span class=\"elementor-post-date\">\n\t\t\tNovember 25, 2025\t\t<\/span>\n\t\t\t\t<\/div>\n\t\t\t\t<div class=\"elementor-post__excerpt\">\n\t\t\t<p>Below this section you will find advice and tips on how to use hearing aid batteries. The range includes hearing aid batteries from two high-quality and reliable brands;<\/p>\n\t\t<\/div>\n\t\t\t\t\t<div class=\"elementor-post__read-more-wrapper\">\n\t\t\n\t\t<a class=\"elementor-post__read-more\" href=\"https:\/\/kuuloasi.fi\/en\/2025\/11\/kuulokojeiden-paristot\/\" aria-label=\"Read more about Kuulokojeiden paristot\" tabindex=\"-1\" >\n\t\t\t. . . Read more\t\t<\/a>\n\n\t\t\t\t\t<\/div>\n\t\t\t\t<\/div>\n\t\t\t\t<\/article>\n\t\t\t\t<\/div>\n\t\t\n\t\t\t\t\t\t<\/div>\n\t\t\t\t<\/div>\n\t\t\t\t<\/div>\n\t\t\t\t<\/div>","protected":false},"excerpt":{"rendered":"<p>Tietopankki Kuulolaitteen huolellisen ja s\u00e4\u00e4nn\u00f6llisen hoitamisen avulla erottuu kirkkainkin sopraano ja tumminkin tenori! Oopperanautintojen lis\u00e4ksi kuulolaitteen huoltaminen pident\u00e4\u00e4 laitteen k\u00e4ytt\u00f6ik\u00e4\u00e4 ja parantaa laitteen k\u00e4ytt\u00f6kokemusta. T\u00e4lle sivulle on ker\u00e4tty vinkkej\u00e4 kuulolaitteen hoitoon ja yll\u00e4pitoon liittyen.<\/p>","protected":false},"author":2,"featured_media":0,"parent":0,"menu_order":0,"comment_status":"closed","ping_status":"closed","template":"","meta":{"_acf_changed":false,"footnotes":""},"class_list":["post-406","page","type-page","status-publish","hentry"],"acf":[],"yoast_head":"<!-- This site is optimized with the Yoast SEO plugin v27.4 - https:\/\/yoast.com\/product\/yoast-seo-wordpress\/ -->\n<title>Tutustu kuulokojeen tarvikkeisiin tietopankissa - Kuuloasi.fi<\/title>\n<meta name=\"description\" content=\"T\u00e4lt\u00e4 sivulta l\u00f6yd\u00e4t ohjevideoita ja muita oppaita kuulokojeen varaosien k\u00e4ytt\u00f6\u00f6n sek\u00e4 laitteen huoltoon.\" \/>\n<meta name=\"robots\" content=\"index, follow, max-snippet:-1, max-image-preview:large, max-video-preview:-1\" \/>\n<link rel=\"canonical\" href=\"https:\/\/kuuloasi.fi\/en\/tietopankki\/\" \/>\n<meta property=\"og:locale\" content=\"en_GB\" \/>\n<meta property=\"og:type\" content=\"article\" \/>\n<meta property=\"og:title\" content=\"Tutustu kuulokojeen tarvikkeisiin tietopankissa - Kuuloasi.fi\" \/>\n<meta property=\"og:description\" content=\"T\u00e4lt\u00e4 sivulta l\u00f6yd\u00e4t ohjevideoita ja muita oppaita kuulokojeen varaosien k\u00e4ytt\u00f6\u00f6n sek\u00e4 laitteen huoltoon.\" \/>\n<meta property=\"og:url\" content=\"https:\/\/kuuloasi.fi\/en\/tietopankki\/\" \/>\n<meta property=\"og:site_name\" content=\"kuuloasi.fi\" \/>\n<meta property=\"article:modified_time\" content=\"2026-01-21T19:43:13+00:00\" \/>\n<meta name=\"twitter:card\" content=\"summary_large_image\" \/>\n<meta name=\"twitter:label1\" content=\"Estimated reading time\" \/>\n\t<meta name=\"twitter:data1\" content=\"1 minute\" \/>\n<script type=\"application\/ld+json\" class=\"yoast-schema-graph\">{\"@context\":\"https:\\\/\\\/schema.org\",\"@graph\":[{\"@type\":\"WebPage\",\"@id\":\"https:\\\/\\\/kuuloasi.fi\\\/tietopankki\\\/\",\"url\":\"https:\\\/\\\/kuuloasi.fi\\\/tietopankki\\\/\",\"name\":\"Tutustu kuulokojeen tarvikkeisiin tietopankissa - Kuuloasi.fi\",\"isPartOf\":{\"@id\":\"https:\\\/\\\/kuuloasi.fi\\\/#website\"},\"datePublished\":\"2025-11-25T14:18:30+00:00\",\"dateModified\":\"2026-01-21T19:43:13+00:00\",\"description\":\"T\u00e4lt\u00e4 sivulta l\u00f6yd\u00e4t ohjevideoita ja muita oppaita kuulokojeen varaosien k\u00e4ytt\u00f6\u00f6n sek\u00e4 laitteen huoltoon.\",\"breadcrumb\":{\"@id\":\"https:\\\/\\\/kuuloasi.fi\\\/tietopankki\\\/#breadcrumb\"},\"inLanguage\":\"en-GB\",\"potentialAction\":[{\"@type\":\"ReadAction\",\"target\":[\"https:\\\/\\\/kuuloasi.fi\\\/tietopankki\\\/\"]}]},{\"@type\":\"BreadcrumbList\",\"@id\":\"https:\\\/\\\/kuuloasi.fi\\\/tietopankki\\\/#breadcrumb\",\"itemListElement\":[{\"@type\":\"ListItem\",\"position\":1,\"name\":\"Etusivu\",\"item\":\"https:\\\/\\\/kuuloasi.fi\\\/\"},{\"@type\":\"ListItem\",\"position\":2,\"name\":\"Tietopankki\"}]},{\"@type\":\"WebSite\",\"@id\":\"https:\\\/\\\/kuuloasi.fi\\\/#website\",\"url\":\"https:\\\/\\\/kuuloasi.fi\\\/\",\"name\":\"kuuloasi.fi\",\"description\":\"\",\"potentialAction\":[{\"@type\":\"SearchAction\",\"target\":{\"@type\":\"EntryPoint\",\"urlTemplate\":\"https:\\\/\\\/kuuloasi.fi\\\/?s={search_term_string}\"},\"query-input\":{\"@type\":\"PropertyValueSpecification\",\"valueRequired\":true,\"valueName\":\"search_term_string\"}}],\"inLanguage\":\"en-GB\"}]}<\/script>\n<!-- \/ Yoast SEO plugin. -->","yoast_head_json":{"title":"Tutustu kuulokojeen tarvikkeisiin tietopankissa - Kuuloasi.fi","description":"T\u00e4lt\u00e4 sivulta l\u00f6yd\u00e4t ohjevideoita ja muita oppaita kuulokojeen varaosien k\u00e4ytt\u00f6\u00f6n sek\u00e4 laitteen huoltoon.","robots":{"index":"index","follow":"follow","max-snippet":"max-snippet:-1","max-image-preview":"max-image-preview:large","max-video-preview":"max-video-preview:-1"},"canonical":"https:\/\/kuuloasi.fi\/en\/tietopankki\/","og_locale":"en_GB","og_type":"article","og_title":"Tutustu kuulokojeen tarvikkeisiin tietopankissa - Kuuloasi.fi","og_description":"T\u00e4lt\u00e4 sivulta l\u00f6yd\u00e4t ohjevideoita ja muita oppaita kuulokojeen varaosien k\u00e4ytt\u00f6\u00f6n sek\u00e4 laitteen huoltoon.","og_url":"https:\/\/kuuloasi.fi\/en\/tietopankki\/","og_site_name":"kuuloasi.fi","article_modified_time":"2026-01-21T19:43:13+00:00","twitter_card":"summary_large_image","twitter_misc":{"Estimated reading time":"1 minute"},"schema":{"@context":"https:\/\/schema.org","@graph":[{"@type":"WebPage","@id":"https:\/\/kuuloasi.fi\/tietopankki\/","url":"https:\/\/kuuloasi.fi\/tietopankki\/","name":"Tutustu kuulokojeen tarvikkeisiin tietopankissa - Kuuloasi.fi","isPartOf":{"@id":"https:\/\/kuuloasi.fi\/#website"},"datePublished":"2025-11-25T14:18:30+00:00","dateModified":"2026-01-21T19:43:13+00:00","description":"T\u00e4lt\u00e4 sivulta l\u00f6yd\u00e4t ohjevideoita ja muita oppaita kuulokojeen varaosien k\u00e4ytt\u00f6\u00f6n sek\u00e4 laitteen huoltoon.","breadcrumb":{"@id":"https:\/\/kuuloasi.fi\/tietopankki\/#breadcrumb"},"inLanguage":"en-GB","potentialAction":[{"@type":"ReadAction","target":["https:\/\/kuuloasi.fi\/tietopankki\/"]}]},{"@type":"BreadcrumbList","@id":"https:\/\/kuuloasi.fi\/tietopankki\/#breadcrumb","itemListElement":[{"@type":"ListItem","position":1,"name":"Etusivu","item":"https:\/\/kuuloasi.fi\/"},{"@type":"ListItem","position":2,"name":"Tietopankki"}]},{"@type":"WebSite","@id":"https:\/\/kuuloasi.fi\/#website","url":"https:\/\/kuuloasi.fi\/","name":"hearing.co.uk","description":"","potentialAction":[{"@type":"SearchAction","target":{"@type":"EntryPoint","urlTemplate":"https:\/\/kuuloasi.fi\/?s={search_term_string}"},"query-input":{"@type":"PropertyValueSpecification","valueRequired":true,"valueName":"search_term_string"}}],"inLanguage":"en-GB"}]}},"_links":{"self":[{"href":"https:\/\/kuuloasi.fi\/en\/wp-json\/wp\/v2\/pages\/406","targetHints":{"allow":["GET"]}}],"collection":[{"href":"https:\/\/kuuloasi.fi\/en\/wp-json\/wp\/v2\/pages"}],"about":[{"href":"https:\/\/kuuloasi.fi\/en\/wp-json\/wp\/v2\/types\/page"}],"author":[{"embeddable":true,"href":"https:\/\/kuuloasi.fi\/en\/wp-json\/wp\/v2\/users\/2"}],"replies":[{"embeddable":true,"href":"https:\/\/kuuloasi.fi\/en\/wp-json\/wp\/v2\/comments?post=406"}],"version-history":[{"count":20,"href":"https:\/\/kuuloasi.fi\/en\/wp-json\/wp\/v2\/pages\/406\/revisions"}],"predecessor-version":[{"id":1065,"href":"https:\/\/kuuloasi.fi\/en\/wp-json\/wp\/v2\/pages\/406\/revisions\/1065"}],"wp:attachment":[{"href":"https:\/\/kuuloasi.fi\/en\/wp-json\/wp\/v2\/media?parent=406"}],"curies":[{"name":"wp","href":"https:\/\/api.w.org\/{rel}","templated":true}]}}