{"id":1154,"date":"2026-01-15T21:56:26","date_gmt":"2026-01-15T21:56:26","guid":{"rendered":"https:\/\/kuuloasi.fi\/?page_id=1154"},"modified":"2026-01-15T22:00:19","modified_gmt":"2026-01-15T22:00:19","slug":"evasteet","status":"publish","type":"page","link":"https:\/\/kuuloasi.fi\/en\/evasteet\/","title":{"rendered":"Cookies"},"content":{"rendered":"<div data-elementor-type=\"wp-page\" data-elementor-id=\"1154\" class=\"elementor elementor-1154\" data-elementor-post-type=\"page\">\n\t\t\t\t<div data-particle_enable=\"false\" data-particle-mobile-disabled=\"false\" class=\"elementor-element elementor-element-4430dd0 e-con-full e-flex e-con e-parent\" data-id=\"4430dd0\" data-element_type=\"container\" data-e-type=\"container\">\n\t\t\t\t<div class=\"elementor-element elementor-element-aca3599 elementor-widget elementor-widget-heading\" data-id=\"aca3599\" data-element_type=\"widget\" data-e-type=\"widget\" data-widget_type=\"heading.default\">\n\t\t\t\t\t<h1 class=\"elementor-heading-title elementor-size-default\">Cookie policy<\/h1>\t\t\t\t<\/div>\n\t\t\t\t<\/div>\n\t\t<div data-particle_enable=\"false\" data-particle-mobile-disabled=\"false\" class=\"elementor-element elementor-element-85497c6 e-con-full e-flex e-con e-parent\" data-id=\"85497c6\" data-element_type=\"container\" data-e-type=\"container\">\n\t\t\t\t<div class=\"elementor-element elementor-element-8ab4648 elementor-widget__width-initial elementor-widget elementor-widget-text-editor\" data-id=\"8ab4648\" data-element_type=\"widget\" data-e-type=\"widget\" data-widget_type=\"text-editor.default\">\n\t\t\t\t\t\t\t\t\t<p>Last updated: 15.1.2026<\/p><p>Welcome to our online store! We use cookies to improve your user experience, analyse website traffic and target advertising. This Cookie Policy explains how and why we use cookies.<\/p><p>\u00a0<\/p><p><strong>What are cookies?<\/strong><\/p><p>Cookies are small text files that a website stores on your computer or mobile device when you visit the website. They allow the website to remember your activity and settings (such as login, language, font size and other screen settings) for a period of time, so you don't have to reset them when you return to the site or browse from page to page.<\/p><p>\u00a0<\/p><p><strong>How do we use cookies?<\/strong><\/p><p>The online store you are listening to uses cookies for the following purposes:<\/p><ul><li><strong>Necessary cookies<\/strong>: These cookies are necessary for the basic functionality of the website and are always enabled.<\/li><li><strong>Performance and analytics cookies<\/strong>: These cookies collect information about how you use the website, such as which pages you visit most. We use this information to improve the site.<\/li><li><strong>Functional cookies<\/strong>: These allow the website to remember the choices you make (such as your username, language or region) and provide enhanced, more personalised features.<\/li><li><strong>Advertising and targeting cookies<\/strong>: These cookies collect information about your browsing habits in order to show you tailored advertising.<\/li><\/ul><p>\u00a0<\/p><p><strong>What cookies do we use?<\/strong><\/p><p>We use Google cookies on our website.<\/p><p>We use Google Analytics, Google's analytics tool, to help us understand how visitors use our site and thereby improve our site. Google analytics uses cookies to collect and analyse this information.\u00a0\u00a0<\/p><p>\u00a0<\/p><p><strong>Manage your cookie preferences<\/strong><\/p><p>You are free to manage and\/or delete cookies. You can delete all cookies stored on your computer and set most browsers to block them. Please note that if you do this, you may have to manually adjust some settings each time you visit the site, and some services and features may not work.<\/p><p>You can directly manage your own cookie settings using the CookieBot icon in the bottom left-hand corner of our website and set your preferred cookies.<\/p><p>\u00a0<\/p><p><strong>Contact<\/strong><\/p><p>If you have any questions about our cookie policy, please contact us at: info@kuuloasi.fi<\/p><p>\u00a0<\/p><p><strong>Cookie information:<\/strong><\/p>\t\t\t\t\t\t\t\t<\/div>\n\t\t\t\t<\/div>\n\t\t\t\t<\/div>","protected":false},"excerpt":{"rendered":"<p>Ev\u00e4stek\u00e4yt\u00e4nt\u00f6 Viimeksi p\u00e4ivitetty: 15.1.2026 Tervetuloa Kuuloasi verkkokauppaan! K\u00e4yt\u00e4mme ev\u00e4steit\u00e4 parantaaksemme k\u00e4ytt\u00f6kokemustasi, analysoidaksemme verkkosivuston liikennett\u00e4 ja kohdentaaksemme mainontaa. T\u00e4m\u00e4 ev\u00e4stek\u00e4yt\u00e4nt\u00f6 selitt\u00e4\u00e4, miten ja miksi k\u00e4yt\u00e4mme ev\u00e4steit\u00e4. \u00a0 Mit\u00e4 ev\u00e4steet ovat? Ev\u00e4steet ovat pieni\u00e4 tekstitiedostoja, jotka verkkosivusto tallentaa tietokoneellesi tai mobiililaitteellesi, kun vierailet sivustolla. Ne mahdollistavat verkkosivuston muistamaan toimintasi ja asetuksesi (kuten kirjautumisen, kielen, fonttikoon ja muita [&hellip;]<\/p>\n","protected":false},"author":2,"featured_media":0,"parent":0,"menu_order":0,"comment_status":"closed","ping_status":"closed","template":"","meta":{"_acf_changed":false,"footnotes":""},"class_list":["post-1154","page","type-page","status-publish","hentry"],"acf":[],"yoast_head":"<!-- This site is optimized with the Yoast SEO plugin v27.4 - https:\/\/yoast.com\/product\/yoast-seo-wordpress\/ -->\n<title>Ev\u00e4steet - kuuloasi.fi<\/title>\n<meta name=\"robots\" content=\"index, follow, max-snippet:-1, max-image-preview:large, max-video-preview:-1\" \/>\n<link rel=\"canonical\" href=\"https:\/\/kuuloasi.fi\/en\/evasteet\/\" \/>\n<meta property=\"og:locale\" content=\"en_GB\" \/>\n<meta property=\"og:type\" content=\"article\" \/>\n<meta property=\"og:title\" content=\"Ev\u00e4steet - kuuloasi.fi\" \/>\n<meta property=\"og:description\" content=\"Ev\u00e4stek\u00e4yt\u00e4nt\u00f6 Viimeksi p\u00e4ivitetty: 15.1.2026 Tervetuloa Kuuloasi verkkokauppaan! K\u00e4yt\u00e4mme ev\u00e4steit\u00e4 parantaaksemme k\u00e4ytt\u00f6kokemustasi, analysoidaksemme verkkosivuston liikennett\u00e4 ja kohdentaaksemme mainontaa. T\u00e4m\u00e4 ev\u00e4stek\u00e4yt\u00e4nt\u00f6 selitt\u00e4\u00e4, miten ja miksi k\u00e4yt\u00e4mme ev\u00e4steit\u00e4. \u00a0 Mit\u00e4 ev\u00e4steet ovat? Ev\u00e4steet ovat pieni\u00e4 tekstitiedostoja, jotka verkkosivusto tallentaa tietokoneellesi tai mobiililaitteellesi, kun vierailet sivustolla. Ne mahdollistavat verkkosivuston muistamaan toimintasi ja asetuksesi (kuten kirjautumisen, kielen, fonttikoon ja muita [&hellip;]\" \/>\n<meta property=\"og:url\" content=\"https:\/\/kuuloasi.fi\/en\/evasteet\/\" \/>\n<meta property=\"og:site_name\" content=\"kuuloasi.fi\" \/>\n<meta property=\"article:modified_time\" content=\"2026-01-15T22:00:19+00:00\" \/>\n<meta name=\"twitter:card\" content=\"summary_large_image\" \/>\n<meta name=\"twitter:label1\" content=\"Estimated reading time\" \/>\n\t<meta name=\"twitter:data1\" content=\"2 minutes\" \/>\n<script type=\"application\/ld+json\" class=\"yoast-schema-graph\">{\"@context\":\"https:\\\/\\\/schema.org\",\"@graph\":[{\"@type\":\"WebPage\",\"@id\":\"https:\\\/\\\/kuuloasi.fi\\\/evasteet\\\/\",\"url\":\"https:\\\/\\\/kuuloasi.fi\\\/evasteet\\\/\",\"name\":\"Ev\u00e4steet - kuuloasi.fi\",\"isPartOf\":{\"@id\":\"https:\\\/\\\/kuuloasi.fi\\\/#website\"},\"datePublished\":\"2026-01-15T21:56:26+00:00\",\"dateModified\":\"2026-01-15T22:00:19+00:00\",\"breadcrumb\":{\"@id\":\"https:\\\/\\\/kuuloasi.fi\\\/evasteet\\\/#breadcrumb\"},\"inLanguage\":\"en-GB\",\"potentialAction\":[{\"@type\":\"ReadAction\",\"target\":[\"https:\\\/\\\/kuuloasi.fi\\\/evasteet\\\/\"]}]},{\"@type\":\"BreadcrumbList\",\"@id\":\"https:\\\/\\\/kuuloasi.fi\\\/evasteet\\\/#breadcrumb\",\"itemListElement\":[{\"@type\":\"ListItem\",\"position\":1,\"name\":\"Etusivu\",\"item\":\"https:\\\/\\\/kuuloasi.fi\\\/\"},{\"@type\":\"ListItem\",\"position\":2,\"name\":\"Ev\u00e4steet\"}]},{\"@type\":\"WebSite\",\"@id\":\"https:\\\/\\\/kuuloasi.fi\\\/#website\",\"url\":\"https:\\\/\\\/kuuloasi.fi\\\/\",\"name\":\"kuuloasi.fi\",\"description\":\"\",\"potentialAction\":[{\"@type\":\"SearchAction\",\"target\":{\"@type\":\"EntryPoint\",\"urlTemplate\":\"https:\\\/\\\/kuuloasi.fi\\\/?s={search_term_string}\"},\"query-input\":{\"@type\":\"PropertyValueSpecification\",\"valueRequired\":true,\"valueName\":\"search_term_string\"}}],\"inLanguage\":\"en-GB\"}]}<\/script>\n<!-- \/ Yoast SEO plugin. -->","yoast_head_json":{"title":"Ev\u00e4steet - kuuloasi.fi","robots":{"index":"index","follow":"follow","max-snippet":"max-snippet:-1","max-image-preview":"max-image-preview:large","max-video-preview":"max-video-preview:-1"},"canonical":"https:\/\/kuuloasi.fi\/en\/evasteet\/","og_locale":"en_GB","og_type":"article","og_title":"Ev\u00e4steet - kuuloasi.fi","og_description":"Ev\u00e4stek\u00e4yt\u00e4nt\u00f6 Viimeksi p\u00e4ivitetty: 15.1.2026 Tervetuloa Kuuloasi verkkokauppaan! K\u00e4yt\u00e4mme ev\u00e4steit\u00e4 parantaaksemme k\u00e4ytt\u00f6kokemustasi, analysoidaksemme verkkosivuston liikennett\u00e4 ja kohdentaaksemme mainontaa. T\u00e4m\u00e4 ev\u00e4stek\u00e4yt\u00e4nt\u00f6 selitt\u00e4\u00e4, miten ja miksi k\u00e4yt\u00e4mme ev\u00e4steit\u00e4. \u00a0 Mit\u00e4 ev\u00e4steet ovat? Ev\u00e4steet ovat pieni\u00e4 tekstitiedostoja, jotka verkkosivusto tallentaa tietokoneellesi tai mobiililaitteellesi, kun vierailet sivustolla. Ne mahdollistavat verkkosivuston muistamaan toimintasi ja asetuksesi (kuten kirjautumisen, kielen, fonttikoon ja muita [&hellip;]","og_url":"https:\/\/kuuloasi.fi\/en\/evasteet\/","og_site_name":"kuuloasi.fi","article_modified_time":"2026-01-15T22:00:19+00:00","twitter_card":"summary_large_image","twitter_misc":{"Estimated reading time":"2 minutes"},"schema":{"@context":"https:\/\/schema.org","@graph":[{"@type":"WebPage","@id":"https:\/\/kuuloasi.fi\/evasteet\/","url":"https:\/\/kuuloasi.fi\/evasteet\/","name":"Ev\u00e4steet - kuuloasi.fi","isPartOf":{"@id":"https:\/\/kuuloasi.fi\/#website"},"datePublished":"2026-01-15T21:56:26+00:00","dateModified":"2026-01-15T22:00:19+00:00","breadcrumb":{"@id":"https:\/\/kuuloasi.fi\/evasteet\/#breadcrumb"},"inLanguage":"en-GB","potentialAction":[{"@type":"ReadAction","target":["https:\/\/kuuloasi.fi\/evasteet\/"]}]},{"@type":"BreadcrumbList","@id":"https:\/\/kuuloasi.fi\/evasteet\/#breadcrumb","itemListElement":[{"@type":"ListItem","position":1,"name":"Etusivu","item":"https:\/\/kuuloasi.fi\/"},{"@type":"ListItem","position":2,"name":"Ev\u00e4steet"}]},{"@type":"WebSite","@id":"https:\/\/kuuloasi.fi\/#website","url":"https:\/\/kuuloasi.fi\/","name":"hearing.co.uk","description":"","potentialAction":[{"@type":"SearchAction","target":{"@type":"EntryPoint","urlTemplate":"https:\/\/kuuloasi.fi\/?s={search_term_string}"},"query-input":{"@type":"PropertyValueSpecification","valueRequired":true,"valueName":"search_term_string"}}],"inLanguage":"en-GB"}]}},"_links":{"self":[{"href":"https:\/\/kuuloasi.fi\/en\/wp-json\/wp\/v2\/pages\/1154","targetHints":{"allow":["GET"]}}],"collection":[{"href":"https:\/\/kuuloasi.fi\/en\/wp-json\/wp\/v2\/pages"}],"about":[{"href":"https:\/\/kuuloasi.fi\/en\/wp-json\/wp\/v2\/types\/page"}],"author":[{"embeddable":true,"href":"https:\/\/kuuloasi.fi\/en\/wp-json\/wp\/v2\/users\/2"}],"replies":[{"embeddable":true,"href":"https:\/\/kuuloasi.fi\/en\/wp-json\/wp\/v2\/comments?post=1154"}],"version-history":[{"count":7,"href":"https:\/\/kuuloasi.fi\/en\/wp-json\/wp\/v2\/pages\/1154\/revisions"}],"predecessor-version":[{"id":1161,"href":"https:\/\/kuuloasi.fi\/en\/wp-json\/wp\/v2\/pages\/1154\/revisions\/1161"}],"wp:attachment":[{"href":"https:\/\/kuuloasi.fi\/en\/wp-json\/wp\/v2\/media?parent=1154"}],"curies":[{"name":"wp","href":"https:\/\/api.w.org\/{rel}","templated":true}]}}