{"id":1141,"date":"2026-01-15T21:50:32","date_gmt":"2026-01-15T21:50:32","guid":{"rendered":"https:\/\/kuuloasi.fi\/?page_id=1141"},"modified":"2026-01-15T21:54:46","modified_gmt":"2026-01-15T21:54:46","slug":"tietosuoja-ja-rekisteriseloste","status":"publish","type":"page","link":"https:\/\/kuuloasi.fi\/en\/tietosuoja-ja-rekisteriseloste\/","title":{"rendered":"Data protection and register description"},"content":{"rendered":"<div data-elementor-type=\"wp-page\" data-elementor-id=\"1141\" class=\"elementor elementor-1141\" data-elementor-post-type=\"page\">\n\t\t\t\t<div data-particle_enable=\"false\" data-particle-mobile-disabled=\"false\" class=\"elementor-element elementor-element-c0ea800 e-con-full e-flex e-con e-parent\" data-id=\"c0ea800\" data-element_type=\"container\" data-e-type=\"container\">\n\t\t\t\t<div class=\"elementor-element elementor-element-ae5cb64 elementor-widget elementor-widget-heading\" data-id=\"ae5cb64\" data-element_type=\"widget\" data-e-type=\"widget\" data-widget_type=\"heading.default\">\n\t\t\t\t\t<h1 class=\"elementor-heading-title elementor-size-default\">Data protection and register description<\/h1>\t\t\t\t<\/div>\n\t\t\t\t<\/div>\n\t\t<div data-particle_enable=\"false\" data-particle-mobile-disabled=\"false\" class=\"elementor-element elementor-element-a9f9aa0 e-con-full e-flex e-con e-parent\" data-id=\"a9f9aa0\" data-element_type=\"container\" data-e-type=\"container\">\n\t\t\t\t<div class=\"elementor-element elementor-element-6122f1a elementor-widget__width-initial elementor-widget elementor-widget-text-editor\" data-id=\"6122f1a\" data-element_type=\"widget\" data-e-type=\"widget\" data-widget_type=\"text-editor.default\">\n\t\t\t\t\t\t\t\t\t<p><strong>Data controller:<\/strong><br \/>Riku Eerikkil\u00e4 Housing Investment Oy<br \/>Kunnaantie 7 B 9, 01370 Vantaa<br \/>FI28681928<br \/>+358 458750588<br \/>riku.e@outlook.com<\/p><p>\u00a0<\/p><p>Contact person for matters concerning the register:<br \/>Riku Eerikkil\u00e4<br \/>Kunnaantie 7 B 9, 01370 Vantaa<br \/>+358 458750588<br \/>riku.e@outlook.com<\/p><p>\u00a0<\/p><p><strong>Name of the register:<\/strong><br \/>Riku Eerikkil\u00e4 asuntosijoitus Oy e-commerce customer register.<\/p><p>\u00a0<\/p><p><strong>Purpose of the processing of personal data:<\/strong><br \/>Personal data is processed to maintain and manage customer relationships with our e-commerce customers, such as contact and direct marketing as required by the customer relationship. Customers have the right to object to the use of their personal data for direct marketing.<\/p><p>\u00a0<\/p><p><strong>Data content of the register:<\/strong><br \/>The following information is stored in the register: the customer's first and last name, customer number, address, telephone number, gender, email, website address, language, information on marketing authorisations and prohibitions, information on customer purchases, deliveries and discounts, as well as any user IDs and passwords.<\/p><p>\u00a0<\/p><p><strong>Regular sources of information:<\/strong><br \/>From the customer himself\/herself for orders placed in the online store, through return and other forms, by telephone, email or similar means.<\/p><p>\u00a0<\/p><p><strong>Regular disclosures of data:<\/strong><br \/>The data is used only for the management of customer relations and is not regularly disclosed to any third party. However, data may be disclosed in connection with activities related to the technical management of the online shop (e.g. management of the server or the e-commerce platform), for the delivery of orders, for the collection of outstanding invoices, and to public authorities if they so require and if permitted by law.<\/p><p>\u00a0<\/p><p><strong>Transferring data outside the EU or the European Economic Area<\/strong><br \/>The data will not be transferred outside the EU or the European Economic Area.<\/p><p>\u00a0<\/p><p><strong>Data storage and destruction<\/strong><br \/>The information in the customer register is kept for the duration of the customer relationship. However, order, billing and payment data are kept in the same way as other accounting records. Data that becomes obsolete is securely destroyed.<\/p><p>\u00a0<\/p><p><strong>Use of cookies<\/strong><br \/>We may use cookies to track visitor traffic and improve the quality of the service, which are stored on your computer. The cookies have a limited lifetime and do not cause any damage to the user's computer.<\/p><p>\u00a0<\/p><p><strong>Principles for the protection of the register<\/strong><br \/>The customer register is treated confidentially. The register is adequately protected from external firewalls and other technical protection measures. The register is kept only in electronic form and occasional paper copies are immediately and properly destroyed.<\/p><p>The register is used only by persons whose functions include its use and who are bound by confidentiality. Each user of the register has a personal username and password.<\/p><p><br \/><strong>Right of access<\/strong><br \/>Under the Personal Data Act, everyone has the right to check what information about them has been stored in a personal register. A request for inspection must be sent in a document signed by hand or certified in an equivalent manner or presented in person at our office. Requests should be sent to the contact person mentioned above, who will also respond to any requests for further information.<\/p><p><br \/><strong>Updating data<\/strong><br \/>The customer can update their name and address information in their e-commerce profile. In addition, the customer can contact our contact person mentioned above to update their information.<\/p><p><br \/><strong>Other rights related to the processing of personal data<\/strong><br \/>You have the right to object to the processing of your data for marketing purposes. The request to restrict the processing of data should be made by e-mail to the contact person of the Registry.<\/p>\t\t\t\t\t\t\t\t<\/div>\n\t\t\t\t<\/div>\n\t\t\t\t<\/div>","protected":false},"excerpt":{"rendered":"<p>Tietosuoja- ja rekisteriseloste Rekisterinpit\u00e4j\u00e4:Riku Eerikkil\u00e4 asuntosijoitus OyKunnaantie 7 B 9, 01370 VantaaFI28681928+358 458750588riku.e@outlook.com \u00a0 Yhteyshenkil\u00f6 rekisteri\u00e4 koskevissa asioissa:Riku Eerikkil\u00e4Kunnaantie 7 B 9, 01370 Vantaa+358 458750588riku.e@outlook.com \u00a0 Rekisterin nimi:Riku Eerikkil\u00e4 asuntosijoitus Oy verkkokaupan asiakasrekisteri. \u00a0 Henkil\u00f6tietojen k\u00e4sittelyn tarkoitus:Henkil\u00f6tietoja k\u00e4sitell\u00e4\u00e4n verkkokaupan asiakkaidemme asiakassuhteiden yll\u00e4pit\u00e4miseen ja hoitoon kuten asiakassuhteen edellytt\u00e4miin yhteydenottoihin ja suoramarkkinointiin. Asiakkaalla on oikeus kielt\u00e4\u00e4 itse\u00e4\u00e4n [&hellip;]<\/p>\n","protected":false},"author":2,"featured_media":0,"parent":0,"menu_order":0,"comment_status":"closed","ping_status":"closed","template":"","meta":{"_acf_changed":false,"footnotes":""},"class_list":["post-1141","page","type-page","status-publish","hentry"],"acf":[],"yoast_head":"<!-- This site is optimized with the Yoast SEO plugin v27.4 - https:\/\/yoast.com\/product\/yoast-seo-wordpress\/ -->\n<title>Tietosuoja- ja rekisteriseloste - kuuloasi.fi<\/title>\n<meta name=\"robots\" content=\"index, follow, max-snippet:-1, max-image-preview:large, max-video-preview:-1\" \/>\n<link rel=\"canonical\" href=\"https:\/\/kuuloasi.fi\/en\/tietosuoja-ja-rekisteriseloste\/\" \/>\n<meta property=\"og:locale\" content=\"en_GB\" \/>\n<meta property=\"og:type\" content=\"article\" \/>\n<meta property=\"og:title\" content=\"Tietosuoja- ja rekisteriseloste - kuuloasi.fi\" \/>\n<meta property=\"og:description\" content=\"Tietosuoja- ja rekisteriseloste Rekisterinpit\u00e4j\u00e4:Riku Eerikkil\u00e4 asuntosijoitus OyKunnaantie 7 B 9, 01370 VantaaFI28681928+358 458750588riku.e@outlook.com \u00a0 Yhteyshenkil\u00f6 rekisteri\u00e4 koskevissa asioissa:Riku Eerikkil\u00e4Kunnaantie 7 B 9, 01370 Vantaa+358 458750588riku.e@outlook.com \u00a0 Rekisterin nimi:Riku Eerikkil\u00e4 asuntosijoitus Oy verkkokaupan asiakasrekisteri. \u00a0 Henkil\u00f6tietojen k\u00e4sittelyn tarkoitus:Henkil\u00f6tietoja k\u00e4sitell\u00e4\u00e4n verkkokaupan asiakkaidemme asiakassuhteiden yll\u00e4pit\u00e4miseen ja hoitoon kuten asiakassuhteen edellytt\u00e4miin yhteydenottoihin ja suoramarkkinointiin. Asiakkaalla on oikeus kielt\u00e4\u00e4 itse\u00e4\u00e4n [&hellip;]\" \/>\n<meta property=\"og:url\" content=\"https:\/\/kuuloasi.fi\/en\/tietosuoja-ja-rekisteriseloste\/\" \/>\n<meta property=\"og:site_name\" content=\"kuuloasi.fi\" \/>\n<meta property=\"article:modified_time\" content=\"2026-01-15T21:54:46+00:00\" \/>\n<meta name=\"twitter:card\" content=\"summary_large_image\" \/>\n<meta name=\"twitter:label1\" content=\"Estimated reading time\" \/>\n\t<meta name=\"twitter:data1\" content=\"3 minutes\" \/>\n<script type=\"application\/ld+json\" class=\"yoast-schema-graph\">{\"@context\":\"https:\\\/\\\/schema.org\",\"@graph\":[{\"@type\":\"WebPage\",\"@id\":\"https:\\\/\\\/kuuloasi.fi\\\/tietosuoja-ja-rekisteriseloste\\\/\",\"url\":\"https:\\\/\\\/kuuloasi.fi\\\/tietosuoja-ja-rekisteriseloste\\\/\",\"name\":\"Tietosuoja- ja rekisteriseloste - kuuloasi.fi\",\"isPartOf\":{\"@id\":\"https:\\\/\\\/kuuloasi.fi\\\/#website\"},\"datePublished\":\"2026-01-15T21:50:32+00:00\",\"dateModified\":\"2026-01-15T21:54:46+00:00\",\"breadcrumb\":{\"@id\":\"https:\\\/\\\/kuuloasi.fi\\\/tietosuoja-ja-rekisteriseloste\\\/#breadcrumb\"},\"inLanguage\":\"en-GB\",\"potentialAction\":[{\"@type\":\"ReadAction\",\"target\":[\"https:\\\/\\\/kuuloasi.fi\\\/tietosuoja-ja-rekisteriseloste\\\/\"]}]},{\"@type\":\"BreadcrumbList\",\"@id\":\"https:\\\/\\\/kuuloasi.fi\\\/tietosuoja-ja-rekisteriseloste\\\/#breadcrumb\",\"itemListElement\":[{\"@type\":\"ListItem\",\"position\":1,\"name\":\"Etusivu\",\"item\":\"https:\\\/\\\/kuuloasi.fi\\\/\"},{\"@type\":\"ListItem\",\"position\":2,\"name\":\"Tietosuoja- ja rekisteriseloste\"}]},{\"@type\":\"WebSite\",\"@id\":\"https:\\\/\\\/kuuloasi.fi\\\/#website\",\"url\":\"https:\\\/\\\/kuuloasi.fi\\\/\",\"name\":\"kuuloasi.fi\",\"description\":\"\",\"potentialAction\":[{\"@type\":\"SearchAction\",\"target\":{\"@type\":\"EntryPoint\",\"urlTemplate\":\"https:\\\/\\\/kuuloasi.fi\\\/?s={search_term_string}\"},\"query-input\":{\"@type\":\"PropertyValueSpecification\",\"valueRequired\":true,\"valueName\":\"search_term_string\"}}],\"inLanguage\":\"en-GB\"}]}<\/script>\n<!-- \/ Yoast SEO plugin. -->","yoast_head_json":{"title":"Tietosuoja- ja rekisteriseloste - kuuloasi.fi","robots":{"index":"index","follow":"follow","max-snippet":"max-snippet:-1","max-image-preview":"max-image-preview:large","max-video-preview":"max-video-preview:-1"},"canonical":"https:\/\/kuuloasi.fi\/en\/tietosuoja-ja-rekisteriseloste\/","og_locale":"en_GB","og_type":"article","og_title":"Tietosuoja- ja rekisteriseloste - kuuloasi.fi","og_description":"Tietosuoja- ja rekisteriseloste Rekisterinpit\u00e4j\u00e4:Riku Eerikkil\u00e4 asuntosijoitus OyKunnaantie 7 B 9, 01370 VantaaFI28681928+358 458750588riku.e@outlook.com \u00a0 Yhteyshenkil\u00f6 rekisteri\u00e4 koskevissa asioissa:Riku Eerikkil\u00e4Kunnaantie 7 B 9, 01370 Vantaa+358 458750588riku.e@outlook.com \u00a0 Rekisterin nimi:Riku Eerikkil\u00e4 asuntosijoitus Oy verkkokaupan asiakasrekisteri. \u00a0 Henkil\u00f6tietojen k\u00e4sittelyn tarkoitus:Henkil\u00f6tietoja k\u00e4sitell\u00e4\u00e4n verkkokaupan asiakkaidemme asiakassuhteiden yll\u00e4pit\u00e4miseen ja hoitoon kuten asiakassuhteen edellytt\u00e4miin yhteydenottoihin ja suoramarkkinointiin. Asiakkaalla on oikeus kielt\u00e4\u00e4 itse\u00e4\u00e4n [&hellip;]","og_url":"https:\/\/kuuloasi.fi\/en\/tietosuoja-ja-rekisteriseloste\/","og_site_name":"kuuloasi.fi","article_modified_time":"2026-01-15T21:54:46+00:00","twitter_card":"summary_large_image","twitter_misc":{"Estimated reading time":"3 minutes"},"schema":{"@context":"https:\/\/schema.org","@graph":[{"@type":"WebPage","@id":"https:\/\/kuuloasi.fi\/tietosuoja-ja-rekisteriseloste\/","url":"https:\/\/kuuloasi.fi\/tietosuoja-ja-rekisteriseloste\/","name":"Tietosuoja- ja rekisteriseloste - kuuloasi.fi","isPartOf":{"@id":"https:\/\/kuuloasi.fi\/#website"},"datePublished":"2026-01-15T21:50:32+00:00","dateModified":"2026-01-15T21:54:46+00:00","breadcrumb":{"@id":"https:\/\/kuuloasi.fi\/tietosuoja-ja-rekisteriseloste\/#breadcrumb"},"inLanguage":"en-GB","potentialAction":[{"@type":"ReadAction","target":["https:\/\/kuuloasi.fi\/tietosuoja-ja-rekisteriseloste\/"]}]},{"@type":"BreadcrumbList","@id":"https:\/\/kuuloasi.fi\/tietosuoja-ja-rekisteriseloste\/#breadcrumb","itemListElement":[{"@type":"ListItem","position":1,"name":"Etusivu","item":"https:\/\/kuuloasi.fi\/"},{"@type":"ListItem","position":2,"name":"Tietosuoja- ja rekisteriseloste"}]},{"@type":"WebSite","@id":"https:\/\/kuuloasi.fi\/#website","url":"https:\/\/kuuloasi.fi\/","name":"hearing.co.uk","description":"","potentialAction":[{"@type":"SearchAction","target":{"@type":"EntryPoint","urlTemplate":"https:\/\/kuuloasi.fi\/?s={search_term_string}"},"query-input":{"@type":"PropertyValueSpecification","valueRequired":true,"valueName":"search_term_string"}}],"inLanguage":"en-GB"}]}},"_links":{"self":[{"href":"https:\/\/kuuloasi.fi\/en\/wp-json\/wp\/v2\/pages\/1141","targetHints":{"allow":["GET"]}}],"collection":[{"href":"https:\/\/kuuloasi.fi\/en\/wp-json\/wp\/v2\/pages"}],"about":[{"href":"https:\/\/kuuloasi.fi\/en\/wp-json\/wp\/v2\/types\/page"}],"author":[{"embeddable":true,"href":"https:\/\/kuuloasi.fi\/en\/wp-json\/wp\/v2\/users\/2"}],"replies":[{"embeddable":true,"href":"https:\/\/kuuloasi.fi\/en\/wp-json\/wp\/v2\/comments?post=1141"}],"version-history":[{"count":4,"href":"https:\/\/kuuloasi.fi\/en\/wp-json\/wp\/v2\/pages\/1141\/revisions"}],"predecessor-version":[{"id":1146,"href":"https:\/\/kuuloasi.fi\/en\/wp-json\/wp\/v2\/pages\/1141\/revisions\/1146"}],"wp:attachment":[{"href":"https:\/\/kuuloasi.fi\/en\/wp-json\/wp\/v2\/media?parent=1141"}],"curies":[{"name":"wp","href":"https:\/\/api.w.org\/{rel}","templated":true}]}}